{"id":24321,"date":"2014-12-12T17:08:10","date_gmt":"2014-12-12T19:08:10","guid":{"rendered":"http:\/\/homolog.saopaulo.sp.leg.br\/?page_id=24321"},"modified":"2017-03-14T18:34:21","modified_gmt":"2017-03-14T21:34:21","slug":"numero-8-junho-julho2014","status":"publish","type":"page","link":"https:\/\/homolog.saopaulo.sp.leg.br\/apartes-anteriores\/revista-apartes\/numero-8-junho-julho2014\/","title":{"rendered":"N\u00famero 08 &#8211; jun-jul\/2014"},"content":{"rendered":"<div class=\"revista-apartes-display\">\r\n\t\t<div class=\"apartes-header\">\r\n\t\t\t<img decoding=\"async\" class=\"cover\" src=\"http:\/\/homolog.saopaulo.sp.leg.br\/apartes-anteriores\/wp-content\/uploads\/sites\/9\/2017\/03\/revista_apartes_n8.jpg\" alt=\"Capa da Revista Apartes\" \/>\r\n\t\t\t<a class=\"issuu-link\" href=\"http:\/\/issuu.com\/cmsp-cci\/docs\/revista_apartes_n8_jun-jul14\" target=\"_blank\">Vers\u00e3o integral naveg\u00e1vel<\/a><br>\r\n\t\t\t<a class=\"pdf-link\" href=\"http:\/\/homolog.saopaulo.sp.leg.br\/apartes-anteriores\/wp-content\/uploads\/sites\/9\/2017\/03\/revista_APARTES_N8_JUN-JUL14_pagdupla.pdf\" target=\"_blank\">Vers\u00e3o integral para download<\/a><br><br>\r\n\t\t\tFale conosco:<br>\r\n\t\t\t<a class=\"mail-link\" href=\"mailto:apartes@saopaulo.sp.leg.br\">apartes@saopaulo.sp.leg.br<\/a><br>\r\n\t\t\t<!--<a class=\"subscribe-link\" href=\"\/apartes\/?p=15\">Receba a revista em casa.<\/a>-->\r\n\t\t<\/div>\r\n\t\t<div class=\"apartes-content\">\r\n\t\t\t<img decoding=\"async\" class=\"logo\" src=\"http:\/\/homolog.saopaulo.sp.leg.br\/apartes\/wp-content\/uploads\/sites\/9\/2017\/06\/apartes_logo.jpg\" alt=\"logotipo_revista_apartes\" \/>\r\n\t\t\t<h3 class=\"edition\">junho-julho\/2014<\/h3><\/p>\n<ul>\n<li><a href=\"http:\/\/homolog.saopaulo.sp.leg.br\/apartes-anteriores\/wp-content\/uploads\/sites\/9\/2017\/03\/revista_apartes_JUN-JUL14_1_capa.pdf\" target=\"_blank\">Capa<\/a><\/li>\n<li><a href=\"http:\/\/homolog.saopaulo.sp.leg.br\/apartes-anteriores\/wp-content\/uploads\/sites\/9\/2017\/03\/revista_apartes_JUN-JUL14_2_expediente.pdf\" target=\"_blank\">Expediente<\/a><\/li>\n<li><a href=\"http:\/\/homolog.saopaulo.sp.leg.br\/apartes-anteriores\/revista-apartes\/numero-8-junho-julho2014\/no08-palavra-do-presidente\/\">Palavra do Presidente<\/a> (<a href=\"http:\/\/homolog.saopaulo.sp.leg.br\/apartes-anteriores\/wp-content\/uploads\/sites\/9\/2017\/03\/revista_apartes_JUN-JUL14_3.pdf\" target=\"_blank\">vers\u00e3o PDF<\/a>)<\/li>\n<li><a href=\"http:\/\/homolog.saopaulo.sp.leg.br\/apartes-anteriores\/wp-content\/uploads\/sites\/9\/2017\/03\/revista_apartes_JUN-JUL14_4a5.pdf\" target=\"_blank\">Sum\u00e1rio<\/a><\/li>\n<li><a href=\"http:\/\/homolog.saopaulo.sp.leg.br\/apartes-anteriores\/revista-apartes\/numero-8-junho-julho2014\/no08-notas\/\">Notas<\/a> (<a href=\"http:\/\/homolog.saopaulo.sp.leg.br\/apartes-anteriores\/wp-content\/uploads\/sites\/9\/2017\/03\/revista_apartes_JUN-JUL14_6a7.pdf\" target=\"_blank\">vers\u00e3o PDF<\/a>)<\/li>\n<\/ul>\n<ul>\n<li><strong>Debate<\/strong><br \/>\n<a href=\"http:\/\/homolog.saopaulo.sp.leg.br\/apartes-anteriores\/revista-apartes\/numero-8-junho-julho2014\/em-prol-da-terceira-idade\/\">Em prol da terceira idade<\/a> (<a href=\"http:\/\/homolog.saopaulo.sp.leg.br\/apartes-anteriores\/wp-content\/uploads\/sites\/9\/2017\/03\/revista_apartes_JUN-JUL14_8a9.pdf\" target=\"_blank\">vers\u00e3o PDF<\/a>)<\/li>\n<li><strong>Tecnologia<\/strong><br \/>\n<a href=\"http:\/\/homolog.saopaulo.sp.leg.br\/apartes-anteriores\/revista-apartes\/numero-8-junho-julho2014\/hackers-em-maratona\/\">Hackers em maratona<\/a> (<a href=\"http:\/\/homolog.saopaulo.sp.leg.br\/apartes-anteriores\/wp-content\/uploads\/sites\/9\/2017\/03\/revista_apartes_JUN-JUL14_10a12.pdf\" target=\"_blank\">vers\u00e3o PDF<\/a>)<\/li>\n<li><strong>Urbanismo<\/strong><br \/>\n<a href=\"http:\/\/homolog.saopaulo.sp.leg.br\/apartes-anteriores\/revista-apartes\/numero-8-junho-julho2014\/passagem-para-o-sossego\/\">Passagem para o sossego<\/a> (<a href=\"http:\/\/homolog.saopaulo.sp.leg.br\/apartes-anteriores\/wp-content\/uploads\/sites\/9\/2017\/03\/revista_apartes_JUN-JUL14_13a17.pdf\" target=\"_blank\">vers\u00e3o PDF<\/a>)<\/li>\n<li><strong>Res\u00edduos s\u00f3lidos<\/strong><br \/>\n<a href=\"http:\/\/homolog.saopaulo.sp.leg.br\/apartes-anteriores\/revista-apartes\/numero-8-junho-julho2014\/riqueza-que-vem-do-entulho\/\">Riqueza que vem do entulho<\/a> (<a href=\"http:\/\/homolog.saopaulo.sp.leg.br\/apartes-anteriores\/wp-content\/uploads\/sites\/9\/2017\/03\/revista_apartes_JUN-JUL14_18a25.pdf\" target=\"_blank\">vers\u00e3o PDF<\/a>)<\/li>\n<li><strong>Perfil &gt; J\u00e2nio Quadros<\/strong><br \/>\n<a href=\"http:\/\/homolog.saopaulo.sp.leg.br\/apartes-anteriores\/revista-apartes\/numero-8-junho-julho2014\/no08-perfil-janio-quadros\/\">O vereador que virou presidente<\/a> (<a href=\"http:\/\/homolog.saopaulo.sp.leg.br\/apartes-anteriores\/wp-content\/uploads\/sites\/9\/2017\/03\/revista_apartes_JUN-JUL14_26a31.pdf\" target=\"_blank\">vers\u00e3o PDF<\/a>)<\/li>\n<li><strong>Esporte<\/strong><br \/>\n<a href=\"http:\/\/homolog.saopaulo.sp.leg.br\/apartes-anteriores\/revista-apartes\/numero-8-junho-julho2014\/em-busca-do-ouro\/\">Em busca do ouro<\/a> (<a href=\"http:\/\/homolog.saopaulo.sp.leg.br\/apartes-anteriores\/wp-content\/uploads\/sites\/9\/2017\/03\/revista_apartes_JUN-JUL14_32a37.pdf\" target=\"_blank\">vers\u00e3o PDF<\/a>)<\/li>\n<li><strong>Premia\u00e7\u00e3o<\/strong><br \/>\n<a href=\"http:\/\/homolog.saopaulo.sp.leg.br\/apartes-anteriores\/revista-apartes\/numero-8-junho-julho2014\/homenagem-a-seguranca-publica\/\">Homenagem \u00e0 seguran\u00e7a p\u00fablica<\/a> (<a href=\"http:\/\/homolog.saopaulo.sp.leg.br\/apartes-anteriores\/wp-content\/uploads\/sites\/9\/2017\/03\/revista_apartes_JUN-JUL14_38a39.pdf\" target=\"_blank\">vers\u00e3o PDF<\/a>)<\/li>\n<li><strong>Evento<\/strong><br \/>\n<a href=\"http:\/\/homolog.saopaulo.sp.leg.br\/apartes-anteriores\/revista-apartes\/numero-8-junho-julho2014\/palmas-para-a-cidadania\/\">Palmas para a cidadania<\/a> (<a href=\"http:\/\/homolog.saopaulo.sp.leg.br\/apartes-anteriores\/wp-content\/uploads\/sites\/9\/2017\/03\/revista_apartes_JUN-JUL14_40a43.pdf\" target=\"_blank\">vers\u00e3o PDF<\/a>)<\/li>\n<\/ul>\n<ul>\n<li><a href=\"http:\/\/homolog.saopaulo.sp.leg.br\/apartes-anteriores\/wp-content\/uploads\/sites\/9\/2017\/03\/revista_apartes_JUN-JUL14_contracapa.pdf\" target=\"_blank\">Contracapa<\/a><\/li>\n<\/ul>\n<p>\r\n\t\t<\/div><\/div>\n","protected":false},"excerpt":{"rendered":"","protected":false},"author":109,"featured_media":0,"parent":106,"menu_order":-8,"comment_status":"open","ping_status":"open","template":"","meta":{"footnotes":""},"class_list":["post-24321","page","type-page","status-publish","hentry"],"meta_all":{"_wp_page_template":["default"],"_cmsp_page_download-files":["a:1:{i:0;a:1:{s:4:\"type\";s:3:\"pdf\";}}"],"_edit_last":["109"],"_edit_lock":["1489527540:109"],"_yoast_wpseo_content_score":["90"]},"meta_all_2":{"_wp_page_template":["default"],"_cmsp_page_download-files":["a:1:{i:0;a:1:{s:4:\"type\";s:3:\"pdf\";}}"],"_edit_last":["109"],"_edit_lock":["1489527540:109"],"_yoast_wpseo_content_score":["90"]},"yoast_head":"<!-- This site is optimized with the Yoast SEO plugin v27.4 - https:\/\/yoast.com\/product\/yoast-seo-wordpress\/ -->\r\n<title>N\u00famero 08 - jun-jul\/2014 - Revista Apartes (edi\u00e7\u00f5es anteriores)<\/title>\r\n<meta name=\"robots\" content=\"noindex, follow, max-snippet:-1, max-image-preview:large, max-video-preview:-1\" \/>\r\n<meta property=\"og:locale\" content=\"pt_BR\" \/>\r\n<meta property=\"og:type\" content=\"article\" \/>\r\n<meta property=\"og:title\" content=\"N\u00famero 08 - jun-jul\/2014 - Revista Apartes (edi\u00e7\u00f5es anteriores)\" \/>\r\n<meta property=\"og:url\" content=\"https:\/\/www.saopaulo.sp.leg.br\/apartes-anteriores\/revista-apartes\/numero-8-junho-julho2014\/\" \/>\r\n<meta property=\"og:site_name\" content=\"Revista Apartes (edi\u00e7\u00f5es anteriores)\" \/>\r\n<meta property=\"article:publisher\" content=\"https:\/\/www.facebook.com\/RevistaApartes\/\" \/>\r\n<meta property=\"article:modified_time\" content=\"2017-03-14T21:34:21+00:00\" \/>\r\n<meta name=\"twitter:card\" content=\"summary_large_image\" \/>\r\n<meta name=\"twitter:site\" content=\"@revistaapartes\" \/>\r\n<meta name=\"twitter:label1\" content=\"Est. tempo de leitura\" \/>\n\t<meta name=\"twitter:data1\" content=\"1 minuto\" \/>\r\n<script type=\"application\/ld+json\" class=\"yoast-schema-graph\">{\"@context\":\"https:\\\/\\\/schema.org\",\"@graph\":[{\"@type\":\"WebPage\",\"@id\":\"https:\\\/\\\/www.saopaulo.sp.leg.br\\\/apartes-anteriores\\\/revista-apartes\\\/numero-8-junho-julho2014\\\/\",\"url\":\"https:\\\/\\\/www.saopaulo.sp.leg.br\\\/apartes-anteriores\\\/revista-apartes\\\/numero-8-junho-julho2014\\\/\",\"name\":\"N\u00famero 08 - jun-jul\\\/2014 - Revista Apartes (edi\u00e7\u00f5es anteriores)\",\"isPartOf\":{\"@id\":\"https:\\\/\\\/homolog.saopaulo.sp.leg.br\\\/apartes-anteriores\\\/#website\"},\"datePublished\":\"2014-12-12T19:08:10+00:00\",\"dateModified\":\"2017-03-14T21:34:21+00:00\",\"breadcrumb\":{\"@id\":\"https:\\\/\\\/www.saopaulo.sp.leg.br\\\/apartes-anteriores\\\/revista-apartes\\\/numero-8-junho-julho2014\\\/#breadcrumb\"},\"inLanguage\":\"pt-BR\",\"potentialAction\":[{\"@type\":\"ReadAction\",\"target\":[\"https:\\\/\\\/www.saopaulo.sp.leg.br\\\/apartes-anteriores\\\/revista-apartes\\\/numero-8-junho-julho2014\\\/\"]}]},{\"@type\":\"BreadcrumbList\",\"@id\":\"https:\\\/\\\/www.saopaulo.sp.leg.br\\\/apartes-anteriores\\\/revista-apartes\\\/numero-8-junho-julho2014\\\/#breadcrumb\",\"itemListElement\":[{\"@type\":\"ListItem\",\"position\":1,\"name\":\"Home\",\"item\":\"https:\\\/\\\/www.saopaulo.sp.leg.br\\\/apartes-anteriores\\\/\"},{\"@type\":\"ListItem\",\"position\":2,\"name\":\"Revista Apartes\",\"item\":\"https:\\\/\\\/www.saopaulo.sp.leg.br\\\/apartes-anteriores\\\/\"},{\"@type\":\"ListItem\",\"position\":3,\"name\":\"N\u00famero 08 &#8211; jun-jul\\\/2014\"}]},{\"@type\":\"WebSite\",\"@id\":\"https:\\\/\\\/homolog.saopaulo.sp.leg.br\\\/apartes-anteriores\\\/#website\",\"url\":\"https:\\\/\\\/homolog.saopaulo.sp.leg.br\\\/apartes-anteriores\\\/\",\"name\":\"Revista Apartes (edi\u00e7\u00f5es anteriores)\",\"description\":\"Revista Apartes (edi\u00e7\u00f5es anteriores)\",\"potentialAction\":[{\"@type\":\"SearchAction\",\"target\":{\"@type\":\"EntryPoint\",\"urlTemplate\":\"https:\\\/\\\/homolog.saopaulo.sp.leg.br\\\/apartes-anteriores\\\/?s={search_term_string}\"},\"query-input\":{\"@type\":\"PropertyValueSpecification\",\"valueRequired\":true,\"valueName\":\"search_term_string\"}}],\"inLanguage\":\"pt-BR\"}]}<\/script>\r\n<!-- \/ Yoast SEO plugin. -->","yoast_head_json":{"title":"N\u00famero 08 - jun-jul\/2014 - Revista Apartes (edi\u00e7\u00f5es anteriores)","robots":{"index":"noindex","follow":"follow","max-snippet":"max-snippet:-1","max-image-preview":"max-image-preview:large","max-video-preview":"max-video-preview:-1"},"og_locale":"pt_BR","og_type":"article","og_title":"N\u00famero 08 - jun-jul\/2014 - Revista Apartes (edi\u00e7\u00f5es anteriores)","og_url":"https:\/\/www.saopaulo.sp.leg.br\/apartes-anteriores\/revista-apartes\/numero-8-junho-julho2014\/","og_site_name":"Revista Apartes (edi\u00e7\u00f5es anteriores)","article_publisher":"https:\/\/www.facebook.com\/RevistaApartes\/","article_modified_time":"2017-03-14T21:34:21+00:00","twitter_card":"summary_large_image","twitter_site":"@revistaapartes","twitter_misc":{"Est. tempo de leitura":"1 minuto"},"schema":{"@context":"https:\/\/schema.org","@graph":[{"@type":"WebPage","@id":"https:\/\/www.saopaulo.sp.leg.br\/apartes-anteriores\/revista-apartes\/numero-8-junho-julho2014\/","url":"https:\/\/www.saopaulo.sp.leg.br\/apartes-anteriores\/revista-apartes\/numero-8-junho-julho2014\/","name":"N\u00famero 08 - jun-jul\/2014 - Revista Apartes (edi\u00e7\u00f5es anteriores)","isPartOf":{"@id":"https:\/\/homolog.saopaulo.sp.leg.br\/apartes-anteriores\/#website"},"datePublished":"2014-12-12T19:08:10+00:00","dateModified":"2017-03-14T21:34:21+00:00","breadcrumb":{"@id":"https:\/\/www.saopaulo.sp.leg.br\/apartes-anteriores\/revista-apartes\/numero-8-junho-julho2014\/#breadcrumb"},"inLanguage":"pt-BR","potentialAction":[{"@type":"ReadAction","target":["https:\/\/www.saopaulo.sp.leg.br\/apartes-anteriores\/revista-apartes\/numero-8-junho-julho2014\/"]}]},{"@type":"BreadcrumbList","@id":"https:\/\/www.saopaulo.sp.leg.br\/apartes-anteriores\/revista-apartes\/numero-8-junho-julho2014\/#breadcrumb","itemListElement":[{"@type":"ListItem","position":1,"name":"Home","item":"https:\/\/www.saopaulo.sp.leg.br\/apartes-anteriores\/"},{"@type":"ListItem","position":2,"name":"Revista Apartes","item":"https:\/\/www.saopaulo.sp.leg.br\/apartes-anteriores\/"},{"@type":"ListItem","position":3,"name":"N\u00famero 08 &#8211; jun-jul\/2014"}]},{"@type":"WebSite","@id":"https:\/\/homolog.saopaulo.sp.leg.br\/apartes-anteriores\/#website","url":"https:\/\/homolog.saopaulo.sp.leg.br\/apartes-anteriores\/","name":"Revista Apartes (edi\u00e7\u00f5es anteriores)","description":"Revista Apartes (edi\u00e7\u00f5es anteriores)","potentialAction":[{"@type":"SearchAction","target":{"@type":"EntryPoint","urlTemplate":"https:\/\/homolog.saopaulo.sp.leg.br\/apartes-anteriores\/?s={search_term_string}"},"query-input":{"@type":"PropertyValueSpecification","valueRequired":true,"valueName":"search_term_string"}}],"inLanguage":"pt-BR"}]}},"_links":{"self":[{"href":"https:\/\/homolog.saopaulo.sp.leg.br\/apartes-anteriores\/wp-json\/wp\/v2\/pages\/24321","targetHints":{"allow":["GET"]}}],"collection":[{"href":"https:\/\/homolog.saopaulo.sp.leg.br\/apartes-anteriores\/wp-json\/wp\/v2\/pages"}],"about":[{"href":"https:\/\/homolog.saopaulo.sp.leg.br\/apartes-anteriores\/wp-json\/wp\/v2\/types\/page"}],"author":[{"embeddable":true,"href":"https:\/\/homolog.saopaulo.sp.leg.br\/apartes-anteriores\/wp-json\/wp\/v2\/users\/109"}],"replies":[{"embeddable":true,"href":"https:\/\/homolog.saopaulo.sp.leg.br\/apartes-anteriores\/wp-json\/wp\/v2\/comments?post=24321"}],"version-history":[{"count":5,"href":"https:\/\/homolog.saopaulo.sp.leg.br\/apartes-anteriores\/wp-json\/wp\/v2\/pages\/24321\/revisions"}],"predecessor-version":[{"id":39326,"href":"https:\/\/homolog.saopaulo.sp.leg.br\/apartes-anteriores\/wp-json\/wp\/v2\/pages\/24321\/revisions\/39326"}],"up":[{"embeddable":true,"href":"https:\/\/homolog.saopaulo.sp.leg.br\/apartes-anteriores\/wp-json\/wp\/v2\/pages\/106"}],"wp:attachment":[{"href":"https:\/\/homolog.saopaulo.sp.leg.br\/apartes-anteriores\/wp-json\/wp\/v2\/media?parent=24321"}],"curies":[{"name":"wp","href":"https:\/\/api.w.org\/{rel}","templated":true}]}}