{"id":24332,"date":"2014-12-12T17:08:17","date_gmt":"2014-12-12T19:08:17","guid":{"rendered":"http:\/\/homolog.saopaulo.sp.leg.br\/?page_id=24332"},"modified":"2019-06-26T17:05:29","modified_gmt":"2019-06-26T20:05:29","slug":"numero-4-dezembro2013","status":"publish","type":"page","link":"https:\/\/homolog.saopaulo.sp.leg.br\/apartes-anteriores\/revista-apartes\/numero-4-dezembro2013\/","title":{"rendered":"N\u00famero 04 &#8211; dez\/2013"},"content":{"rendered":"<div class=\"revista-apartes-display\">\r\n\t\t<div class=\"apartes-header\">\r\n\t\t\t<img decoding=\"async\" class=\"cover\" src=\"http:\/\/homolog.saopaulo.sp.leg.br\/apartes-anteriores\/wp-content\/uploads\/sites\/9\/2017\/03\/revista_apartes_n4.jpg\" alt=\"Capa da Revista Apartes\" \/>\r\n\t\t\t<a class=\"issuu-link\" href=\"http:\/\/issuu.com\/cmsp-cci\/docs\/revista_apartes_dezembro13_completa\" target=\"_blank\">Vers\u00e3o integral naveg\u00e1vel<\/a><br>\r\n\t\t\t<a class=\"pdf-link\" href=\"http:\/\/homolog.saopaulo.sp.leg.br\/apartes-anteriores\/wp-content\/uploads\/sites\/9\/2017\/03\/revista_apartes_dezembro13_completa_pagdupla.pdf\" target=\"_blank\">Vers\u00e3o integral para download<\/a><br><br>\r\n\t\t\tFale conosco:<br>\r\n\t\t\t<a class=\"mail-link\" href=\"mailto:apartes@saopaulo.sp.leg.br\">apartes@saopaulo.sp.leg.br<\/a><br>\r\n\t\t\t<!--<a class=\"subscribe-link\" href=\"\/apartes\/?p=15\">Receba a revista em casa.<\/a>-->\r\n\t\t<\/div>\r\n\t\t<div class=\"apartes-content\">\r\n\t\t\t<img decoding=\"async\" class=\"logo\" src=\"http:\/\/homolog.saopaulo.sp.leg.br\/apartes\/wp-content\/uploads\/sites\/9\/2017\/06\/apartes_logo.jpg\" alt=\"logotipo_revista_apartes\" \/>\r\n\t\t\t<h3 class=\"edition\">dezembro\/2013<\/h3><\/p>\n<ul>\n<li><a href=\"http:\/\/homolog.saopaulo.sp.leg.br\/apartes-anteriores\/wp-content\/uploads\/sites\/9\/2017\/03\/revista_apartes_dezembro13_1_capa.pdf\" target=\"_blank\" rel=\"noopener noreferrer\">Capa<\/a><\/li>\n<li><a href=\"http:\/\/homolog.saopaulo.sp.leg.br\/apartes-anteriores\/wp-content\/uploads\/sites\/9\/2017\/03\/revista_apartes_dezembro13_2_expediente.pdf\" target=\"_blank\" rel=\"noopener noreferrer\">Expediente<\/a><\/li>\n<li><a href=\"http:\/\/homolog.saopaulo.sp.leg.br\/apartes-anteriores\/no04-palavra-do-presidente\">Palavra do Presidente<\/a> (<a title=\"Apartes - n\u00famero 04 - Palavra do Presidente\" href=\"http:\/\/homolog.saopaulo.sp.leg.br\/apartes-anteriores\/wp-content\/uploads\/sites\/9\/2017\/03\/revista_apartes_dezembro13_3.pdf\" target=\"_blank\" rel=\"noopener noreferrer\">vers\u00e3o PDF<\/a>)<\/li>\n<li><a href=\"http:\/\/homolog.saopaulo.sp.leg.br\/apartes-anteriores\/wp-content\/uploads\/sites\/9\/2017\/03\/revista_apartes_dezembro13_4a5.pdf\" target=\"_blank\" rel=\"noopener noreferrer\">Sum\u00e1rio<\/a><\/li>\n<li><a href=\"http:\/\/homolog.saopaulo.sp.leg.br\/apartes-anteriores\/no04-notas\">Notas<\/a> (<a title=\"Apartes - n\u00famero 04 - Notas\" href=\"http:\/\/homolog.saopaulo.sp.leg.br\/apartes-anteriores\/wp-content\/uploads\/sites\/9\/2017\/03\/revista_apartes_dezembro13_6a7.pdf\" target=\"_blank\" rel=\"noopener noreferrer\">vers\u00e3o PDF<\/a>)<\/li>\n<\/ul>\n<ul>\n<li><strong>Cultura<\/strong><br \/>\n<a href=\"http:\/\/homolog.saopaulo.sp.leg.br\/apartes-anteriores\/revista-apartes\/numero-4-dezembro2013\/no04-sao-paulo-nas-telas\">S\u00e3o Paulo nas telas<\/a> (<a title=\"Apartes - n\u00famero 04 - S\u00e3o Paulo nas telas\" href=\"http:\/\/homolog.saopaulo.sp.leg.br\/apartes-anteriores\/wp-content\/uploads\/sites\/9\/2017\/03\/revista_apartes_dezembro13_8a11.pdf\" target=\"_blank\" rel=\"noopener noreferrer\">vers\u00e3o PDF<\/a>)<\/li>\n<li><strong>Barulho<\/strong><br \/>\n<a href=\"http:\/\/homolog.saopaulo.sp.leg.br\/apartes-anteriores\/no04-sem-pancadao-mas-com-opcao\">Sem pancad\u00e3o, mas com op\u00e7\u00e3o<\/a> (<a title=\"Apartes - n\u00famero 04 - Sem pancad\u00e3o, mas com op\u00e7\u00e3o\" href=\"http:\/\/homolog.saopaulo.sp.leg.br\/apartes-anteriores\/wp-content\/uploads\/sites\/9\/2017\/03\/revista_apartes_dezembro13_12a15.pdf\" target=\"_blank\" rel=\"noopener noreferrer\">vers\u00e3o PDF<\/a>)<\/li>\n<li><strong>Sa\u00fade<\/strong><br \/>\n<a href=\"http:\/\/homolog.saopaulo.sp.leg.br\/apartes-anteriores\/no04-nascimentos-mais-gentis\">Nascimentos mais gentis<\/a> (<a title=\"Apartes - n\u00famero 04 - Nascimentos mais gentis\" href=\"http:\/\/homolog.saopaulo.sp.leg.br\/apartes-anteriores\/wp-content\/uploads\/sites\/9\/2017\/03\/revista_apartes_dezembro13_16a23.pdf\" target=\"_blank\" rel=\"noopener noreferrer\">vers\u00e3o PDF<\/a>)<\/li>\n<li><strong>Educa\u00e7\u00e3o<\/strong><br \/>\n<a href=\"http:\/\/homolog.saopaulo.sp.leg.br\/apartes-anteriores\/revista-apartes\/numero-4-dezembro2013\/no04-para-nao-desperdicar-talentos\">Para n\u00e3o desperdi\u00e7ar talentos<\/a> (<a title=\"Apartes - n\u00famero 04 - Para n\u00e3o desperdi\u00e7ar talentos\" href=\"http:\/\/homolog.saopaulo.sp.leg.br\/apartes-anteriores\/wp-content\/uploads\/sites\/9\/2017\/03\/revista_apartes_dezembro13_24a28.pdf\" target=\"_blank\" rel=\"noopener noreferrer\">vers\u00e3o PDF<\/a>)<\/li>\n<li><strong>Regulamenta\u00e7\u00e3o<\/strong><br \/>\n<a href=\"http:\/\/homolog.saopaulo.sp.leg.br\/apartes-anteriores\/no04-menos-burocracia-para-o-comercio-e-a-industria\">Menos burocracia para o com\u00e9rcio e a ind\u00fastria<\/a> (<a title=\"Apartes - n\u00famero 04 - Menos burocracia para o com\u00e9rcio e a ind\u00fastria\" href=\"http:\/\/homolog.saopaulo.sp.leg.br\/apartes-anteriores\/wp-content\/uploads\/sites\/9\/2017\/03\/revista_apartes_dezembro13_29a31.pdf\" target=\"_blank\" rel=\"noopener noreferrer\">vers\u00e3o PDF<\/a>)<\/li>\n<li><strong>Hist\u00f3ria<\/strong><br \/>\n<a href=\"http:\/\/homolog.saopaulo.sp.leg.br\/apartes-anteriores\/revista-apartes\/numero-4-dezembro2013\/no04-nomes-de-guerra\">Nomes de guerra<\/a> (<a title=\"Apartes - n\u00famero 04 - Nomes de guerra\" href=\"http:\/\/homolog.saopaulo.sp.leg.br\/apartes-anteriores\/wp-content\/uploads\/sites\/9\/2017\/03\/revista_apartes_dezembro13_32a36.pdf\" target=\"_blank\" rel=\"noopener noreferrer\">vers\u00e3o PDF<\/a>)<br \/>\n<span style=\"color: #0000ff\"> <a style=\"color: #0000ff\" href=\"http:\/\/homolog.saopaulo.sp.leg.br\/apartes\/nomes-de-guerra\/\" target=\"_blank\" rel=\"noopener noreferrer\">Leia a nova vers\u00e3o<\/a><\/span><\/li>\n<li><strong>Plano Diretor<\/strong><br \/>\n<a href=\"http:\/\/homolog.saopaulo.sp.leg.br\/apartes-anteriores\/no04-a-voz-da-cidade\">A voz da cidade<\/a> (<a title=\"Apartes - n\u00famero 04 - A voz da cidade\" href=\"http:\/\/homolog.saopaulo.sp.leg.br\/apartes-anteriores\/wp-content\/uploads\/sites\/9\/2017\/03\/revista_apartes_dezembro13_37a39.pdf\" target=\"_blank\" rel=\"noopener noreferrer\">vers\u00e3o PDF<\/a>)<\/li>\n<li><strong>Evento<\/strong><br \/>\n<a href=\"http:\/\/homolog.saopaulo.sp.leg.br\/apartes-anteriores\/revista-apartes\/numero-4-dezembro2013\/no04-projetos-simbolicos-intencoes-verdadeiras\">Projetos simb\u00f3licos, inten\u00e7\u00f5es verdadeiras<\/a> (<a title=\"Apartes - n\u00famero 04 - Projetos simb\u00f3licos, inten\u00e7\u00f5es verdadeiras\" href=\"http:\/\/homolog.saopaulo.sp.leg.br\/apartes-anteriores\/wp-content\/uploads\/sites\/9\/2017\/03\/revista_apartes_dezembro13_40a41.pdf\" target=\"_blank\" rel=\"noopener noreferrer\">vers\u00e3o PDF<\/a>)<\/li>\n<li><strong>Com\u00e9rcio<\/strong><br \/>\n<a href=\"http:\/\/homolog.saopaulo.sp.leg.br\/apartes-anteriores\/revista-apartes\/numero-4-dezembro2013\/no04-banca-de-jornal-bebida-eletronicos\">Banca de jornal, bebida, eletr\u00f4nicos&#8230;<\/a> (<a title=\"Apartes - n\u00famero 04 - Banca de jornal, bebida, eletr\u00f4nicos...\" href=\"http:\/\/homolog.saopaulo.sp.leg.br\/apartes-anteriores\/wp-content\/uploads\/sites\/9\/2017\/03\/revista_apartes_dezembro13_42a43.pdf\" target=\"_blank\" rel=\"noopener noreferrer\">vers\u00e3o PDF<\/a>)<\/li>\n<\/ul>\n<ul>\n<li><a href=\"http:\/\/homolog.saopaulo.sp.leg.br\/apartes-anteriores\/wp-content\/uploads\/sites\/9\/2017\/03\/revista_apartes_dezembro13_44_contracapa.pdf\" target=\"_blank\" rel=\"noopener noreferrer\">Contracapa<\/a><\/li>\n<\/ul>\n<p>\r\n\t\t<\/div><\/div>\n","protected":false},"excerpt":{"rendered":"","protected":false},"author":109,"featured_media":0,"parent":106,"menu_order":-4,"comment_status":"open","ping_status":"open","template":"","meta":{"footnotes":""},"class_list":["post-24332","page","type-page","status-publish","hentry"],"meta_all":{"_wp_page_template":["default"],"_cmsp_page_download-files":["a:1:{i:0;a:1:{s:4:\"type\";s:3:\"pdf\";}}"],"_edit_last":["109"],"_edit_lock":["1561579403:109"],"_yoast_wpseo_content_score":["60"]},"meta_all_2":{"_wp_page_template":["default"],"_cmsp_page_download-files":["a:1:{i:0;a:1:{s:4:\"type\";s:3:\"pdf\";}}"],"_edit_last":["109"],"_edit_lock":["1561579403:109"],"_yoast_wpseo_content_score":["60"]},"yoast_head":"<!-- This site is optimized with the Yoast SEO plugin v27.4 - https:\/\/yoast.com\/product\/yoast-seo-wordpress\/ -->\r\n<title>N\u00famero 04 - dez\/2013 - Revista Apartes (edi\u00e7\u00f5es anteriores)<\/title>\r\n<meta name=\"robots\" content=\"noindex, follow, max-snippet:-1, max-image-preview:large, max-video-preview:-1\" \/>\r\n<meta property=\"og:locale\" content=\"pt_BR\" \/>\r\n<meta property=\"og:type\" content=\"article\" \/>\r\n<meta property=\"og:title\" content=\"N\u00famero 04 - dez\/2013 - Revista Apartes (edi\u00e7\u00f5es anteriores)\" \/>\r\n<meta property=\"og:url\" content=\"https:\/\/www.saopaulo.sp.leg.br\/apartes-anteriores\/revista-apartes\/numero-4-dezembro2013\/\" \/>\r\n<meta property=\"og:site_name\" content=\"Revista Apartes (edi\u00e7\u00f5es anteriores)\" \/>\r\n<meta property=\"article:publisher\" content=\"https:\/\/www.facebook.com\/RevistaApartes\/\" \/>\r\n<meta property=\"article:modified_time\" content=\"2019-06-26T20:05:29+00:00\" \/>\r\n<meta name=\"twitter:card\" content=\"summary_large_image\" \/>\r\n<meta name=\"twitter:site\" content=\"@revistaapartes\" \/>\r\n<meta name=\"twitter:label1\" content=\"Est. tempo de leitura\" \/>\n\t<meta name=\"twitter:data1\" content=\"1 minuto\" \/>\r\n<script type=\"application\/ld+json\" class=\"yoast-schema-graph\">{\"@context\":\"https:\\\/\\\/schema.org\",\"@graph\":[{\"@type\":\"WebPage\",\"@id\":\"https:\\\/\\\/www.saopaulo.sp.leg.br\\\/apartes-anteriores\\\/revista-apartes\\\/numero-4-dezembro2013\\\/\",\"url\":\"https:\\\/\\\/www.saopaulo.sp.leg.br\\\/apartes-anteriores\\\/revista-apartes\\\/numero-4-dezembro2013\\\/\",\"name\":\"N\u00famero 04 - dez\\\/2013 - Revista Apartes (edi\u00e7\u00f5es anteriores)\",\"isPartOf\":{\"@id\":\"https:\\\/\\\/homolog.saopaulo.sp.leg.br\\\/apartes-anteriores\\\/#website\"},\"datePublished\":\"2014-12-12T19:08:17+00:00\",\"dateModified\":\"2019-06-26T20:05:29+00:00\",\"breadcrumb\":{\"@id\":\"https:\\\/\\\/www.saopaulo.sp.leg.br\\\/apartes-anteriores\\\/revista-apartes\\\/numero-4-dezembro2013\\\/#breadcrumb\"},\"inLanguage\":\"pt-BR\",\"potentialAction\":[{\"@type\":\"ReadAction\",\"target\":[\"https:\\\/\\\/www.saopaulo.sp.leg.br\\\/apartes-anteriores\\\/revista-apartes\\\/numero-4-dezembro2013\\\/\"]}]},{\"@type\":\"BreadcrumbList\",\"@id\":\"https:\\\/\\\/www.saopaulo.sp.leg.br\\\/apartes-anteriores\\\/revista-apartes\\\/numero-4-dezembro2013\\\/#breadcrumb\",\"itemListElement\":[{\"@type\":\"ListItem\",\"position\":1,\"name\":\"Home\",\"item\":\"https:\\\/\\\/www.saopaulo.sp.leg.br\\\/apartes-anteriores\\\/\"},{\"@type\":\"ListItem\",\"position\":2,\"name\":\"Revista Apartes\",\"item\":\"https:\\\/\\\/www.saopaulo.sp.leg.br\\\/apartes-anteriores\\\/\"},{\"@type\":\"ListItem\",\"position\":3,\"name\":\"N\u00famero 04 &#8211; dez\\\/2013\"}]},{\"@type\":\"WebSite\",\"@id\":\"https:\\\/\\\/homolog.saopaulo.sp.leg.br\\\/apartes-anteriores\\\/#website\",\"url\":\"https:\\\/\\\/homolog.saopaulo.sp.leg.br\\\/apartes-anteriores\\\/\",\"name\":\"Revista Apartes (edi\u00e7\u00f5es anteriores)\",\"description\":\"Revista Apartes (edi\u00e7\u00f5es anteriores)\",\"potentialAction\":[{\"@type\":\"SearchAction\",\"target\":{\"@type\":\"EntryPoint\",\"urlTemplate\":\"https:\\\/\\\/homolog.saopaulo.sp.leg.br\\\/apartes-anteriores\\\/?s={search_term_string}\"},\"query-input\":{\"@type\":\"PropertyValueSpecification\",\"valueRequired\":true,\"valueName\":\"search_term_string\"}}],\"inLanguage\":\"pt-BR\"}]}<\/script>\r\n<!-- \/ Yoast SEO plugin. -->","yoast_head_json":{"title":"N\u00famero 04 - dez\/2013 - Revista Apartes (edi\u00e7\u00f5es anteriores)","robots":{"index":"noindex","follow":"follow","max-snippet":"max-snippet:-1","max-image-preview":"max-image-preview:large","max-video-preview":"max-video-preview:-1"},"og_locale":"pt_BR","og_type":"article","og_title":"N\u00famero 04 - dez\/2013 - Revista Apartes (edi\u00e7\u00f5es anteriores)","og_url":"https:\/\/www.saopaulo.sp.leg.br\/apartes-anteriores\/revista-apartes\/numero-4-dezembro2013\/","og_site_name":"Revista Apartes (edi\u00e7\u00f5es anteriores)","article_publisher":"https:\/\/www.facebook.com\/RevistaApartes\/","article_modified_time":"2019-06-26T20:05:29+00:00","twitter_card":"summary_large_image","twitter_site":"@revistaapartes","twitter_misc":{"Est. tempo de leitura":"1 minuto"},"schema":{"@context":"https:\/\/schema.org","@graph":[{"@type":"WebPage","@id":"https:\/\/www.saopaulo.sp.leg.br\/apartes-anteriores\/revista-apartes\/numero-4-dezembro2013\/","url":"https:\/\/www.saopaulo.sp.leg.br\/apartes-anteriores\/revista-apartes\/numero-4-dezembro2013\/","name":"N\u00famero 04 - dez\/2013 - Revista Apartes (edi\u00e7\u00f5es anteriores)","isPartOf":{"@id":"https:\/\/homolog.saopaulo.sp.leg.br\/apartes-anteriores\/#website"},"datePublished":"2014-12-12T19:08:17+00:00","dateModified":"2019-06-26T20:05:29+00:00","breadcrumb":{"@id":"https:\/\/www.saopaulo.sp.leg.br\/apartes-anteriores\/revista-apartes\/numero-4-dezembro2013\/#breadcrumb"},"inLanguage":"pt-BR","potentialAction":[{"@type":"ReadAction","target":["https:\/\/www.saopaulo.sp.leg.br\/apartes-anteriores\/revista-apartes\/numero-4-dezembro2013\/"]}]},{"@type":"BreadcrumbList","@id":"https:\/\/www.saopaulo.sp.leg.br\/apartes-anteriores\/revista-apartes\/numero-4-dezembro2013\/#breadcrumb","itemListElement":[{"@type":"ListItem","position":1,"name":"Home","item":"https:\/\/www.saopaulo.sp.leg.br\/apartes-anteriores\/"},{"@type":"ListItem","position":2,"name":"Revista Apartes","item":"https:\/\/www.saopaulo.sp.leg.br\/apartes-anteriores\/"},{"@type":"ListItem","position":3,"name":"N\u00famero 04 &#8211; dez\/2013"}]},{"@type":"WebSite","@id":"https:\/\/homolog.saopaulo.sp.leg.br\/apartes-anteriores\/#website","url":"https:\/\/homolog.saopaulo.sp.leg.br\/apartes-anteriores\/","name":"Revista Apartes (edi\u00e7\u00f5es anteriores)","description":"Revista Apartes (edi\u00e7\u00f5es anteriores)","potentialAction":[{"@type":"SearchAction","target":{"@type":"EntryPoint","urlTemplate":"https:\/\/homolog.saopaulo.sp.leg.br\/apartes-anteriores\/?s={search_term_string}"},"query-input":{"@type":"PropertyValueSpecification","valueRequired":true,"valueName":"search_term_string"}}],"inLanguage":"pt-BR"}]}},"_links":{"self":[{"href":"https:\/\/homolog.saopaulo.sp.leg.br\/apartes-anteriores\/wp-json\/wp\/v2\/pages\/24332","targetHints":{"allow":["GET"]}}],"collection":[{"href":"https:\/\/homolog.saopaulo.sp.leg.br\/apartes-anteriores\/wp-json\/wp\/v2\/pages"}],"about":[{"href":"https:\/\/homolog.saopaulo.sp.leg.br\/apartes-anteriores\/wp-json\/wp\/v2\/types\/page"}],"author":[{"embeddable":true,"href":"https:\/\/homolog.saopaulo.sp.leg.br\/apartes-anteriores\/wp-json\/wp\/v2\/users\/109"}],"replies":[{"embeddable":true,"href":"https:\/\/homolog.saopaulo.sp.leg.br\/apartes-anteriores\/wp-json\/wp\/v2\/comments?post=24332"}],"version-history":[{"count":5,"href":"https:\/\/homolog.saopaulo.sp.leg.br\/apartes-anteriores\/wp-json\/wp\/v2\/pages\/24332\/revisions"}],"predecessor-version":[{"id":42015,"href":"https:\/\/homolog.saopaulo.sp.leg.br\/apartes-anteriores\/wp-json\/wp\/v2\/pages\/24332\/revisions\/42015"}],"up":[{"embeddable":true,"href":"https:\/\/homolog.saopaulo.sp.leg.br\/apartes-anteriores\/wp-json\/wp\/v2\/pages\/106"}],"wp:attachment":[{"href":"https:\/\/homolog.saopaulo.sp.leg.br\/apartes-anteriores\/wp-json\/wp\/v2\/media?parent=24332"}],"curies":[{"name":"wp","href":"https:\/\/api.w.org\/{rel}","templated":true}]}}