{"id":24338,"date":"2014-12-12T17:08:18","date_gmt":"2014-12-12T19:08:18","guid":{"rendered":"http:\/\/homolog.saopaulo.sp.leg.br\/?page_id=24338"},"modified":"2017-03-14T17:39:56","modified_gmt":"2017-03-14T20:39:56","slug":"numero-3-novembro2013","status":"publish","type":"page","link":"https:\/\/homolog.saopaulo.sp.leg.br\/apartes-anteriores\/revista-apartes\/numero-3-novembro2013\/","title":{"rendered":"N\u00famero 03 &#8211; nov\/2013"},"content":{"rendered":"<div class=\"revista-apartes-display\">\r\n\t\t<div class=\"apartes-header\">\r\n\t\t\t<img decoding=\"async\" class=\"cover\" src=\"http:\/\/homolog.saopaulo.sp.leg.br\/apartes-anteriores\/wp-content\/uploads\/sites\/9\/2017\/03\/revista_apartes_n3.jpg\" alt=\"Capa da Revista Apartes\" \/>\r\n\t\t\t<a class=\"issuu-link\" href=\"http:\/\/issuu.com\/cmsp-cci\/docs\/revista_apartes_novembro13_completa\" target=\"_blank\">Vers\u00e3o integral naveg\u00e1vel<\/a><br>\r\n\t\t\t<a class=\"pdf-link\" href=\"http:\/\/homolog.saopaulo.sp.leg.br\/apartes-anteriores\/wp-content\/uploads\/sites\/9\/2017\/03\/revista_apartes_novembro13_completa_pagdupla.pdf\" target=\"_blank\">Vers\u00e3o integral para download<\/a><br><br>\r\n\t\t\tFale conosco:<br>\r\n\t\t\t<a class=\"mail-link\" href=\"mailto:apartes@saopaulo.sp.leg.br\">apartes@saopaulo.sp.leg.br<\/a><br>\r\n\t\t\t<!--<a class=\"subscribe-link\" href=\"\/apartes\/?p=15\">Receba a revista em casa.<\/a>-->\r\n\t\t<\/div>\r\n\t\t<div class=\"apartes-content\">\r\n\t\t\t<img decoding=\"async\" class=\"logo\" src=\"http:\/\/homolog.saopaulo.sp.leg.br\/apartes\/wp-content\/uploads\/sites\/9\/2017\/06\/apartes_logo.jpg\" alt=\"logotipo_revista_apartes\" \/>\r\n\t\t\t<h3 class=\"edition\">novembro\/2013<\/h3><\/p>\n<ul>\n<li><a href=\"http:\/\/homolog.saopaulo.sp.leg.br\/apartes-anteriores\/wp-content\/uploads\/sites\/9\/2017\/03\/revista_apartes_novembro13_1_capa.pdf\" target=\"_blank\">Capa<\/a><\/li>\n<li><a href=\"http:\/\/homolog.saopaulo.sp.leg.br\/apartes-anteriores\/wp-content\/uploads\/sites\/9\/2017\/03\/revista_apartes_novembro13_2_expediente.pdf\" target=\"_blank\">Expediente<\/a><\/li>\n<li><a href=\"http:\/\/homolog.saopaulo.sp.leg.br\/apartes-anteriores\/revista-apartes\/numero-3-novembro2013\/no03-palavra-do-presidente\">Palavra do Presidente<\/a> (<a title=\"Apartes - n\u00famero 03 - Palavra do Presidente\" href=\"http:\/\/homolog.saopaulo.sp.leg.br\/apartes-anteriores\/wp-content\/uploads\/sites\/9\/2017\/03\/revista_apartes_novembro13_3.pdf\" target=\"_blank\">vers\u00e3o PDF<\/a>)<\/li>\n<li><a href=\"http:\/\/homolog.saopaulo.sp.leg.br\/apartes-anteriores\/wp-content\/uploads\/sites\/9\/2017\/03\/revista_apartes_novembro13_4a5.pdf\" target=\"_blank\">Sum\u00e1rio<\/a><\/li>\n<li><a href=\"http:\/\/homolog.saopaulo.sp.leg.br\/apartes-anteriores\/revista-apartes\/numero-3-novembro2013\/no03-notas\">Notas<\/a> (<a title=\"Apartes - n\u00famero 03 - Notas\" href=\"http:\/\/homolog.saopaulo.sp.leg.br\/apartes-anteriores\/wp-content\/uploads\/sites\/9\/2017\/03\/revista_apartes_novembro13_6a7.pdf\" target=\"_blank\">vers\u00e3o PDF<\/a>)<\/li>\n<\/ul>\n<ul>\n<li><strong>Projeto<\/strong><br \/>\n<a href=\"http:\/\/homolog.saopaulo.sp.leg.br\/apartes-anteriores\/revista-apartes\/numero-3-novembro2013\/no03-gastronomia-nas-ruas\">Gastronomia nas ruas<\/a> (<a title=\"Apartes - n\u00famero 03 - Gastronomia nas ruas\" href=\"http:\/\/homolog.saopaulo.sp.leg.br\/apartes-anteriores\/wp-content\/uploads\/sites\/9\/2017\/03\/revista_apartes_novembro13_8a11.pdf\" target=\"_blank\">vers\u00e3o PDF<\/a>)<\/li>\n<li><strong>Plano Diretor<\/strong><br \/>\n<a href=\"http:\/\/homolog.saopaulo.sp.leg.br\/apartes-anteriores\/no03-hora-de-ouvir\">Hora de ouvir<\/a> (<a title=\"Apartes - n\u00famero 03 - Hora de ouvir\" href=\"http:\/\/homolog.saopaulo.sp.leg.br\/apartes-anteriores\/wp-content\/uploads\/sites\/9\/2017\/03\/revista_apartes_novembro13_12a14.pdf\" target=\"_blank\">vers\u00e3o PDF<\/a>)<\/li>\n<li><strong>Campanha<\/strong><br \/>\n<a href=\"http:\/\/homolog.saopaulo.sp.leg.br\/apartes-anteriores\/no03-luz-pela-prevencao-do-cancer-de-mama\">Luz pela preven\u00e7\u00e3o do c\u00e2ncer de mama<\/a> (<a title=\"Apartes - n\u00famero 03 - Luz pela preven\u00e7\u00e3o do c\u00e2ncer de mama\" href=\"http:\/\/homolog.saopaulo.sp.leg.br\/apartes-anteriores\/wp-content\/uploads\/sites\/9\/2017\/03\/revista_apartes_novembro13_15.pdf\" target=\"_blank\">vers\u00e3o PDF<\/a>)<\/li>\n<\/ul>\n<ul>\n<li><strong>Finan\u00e7as<\/strong><br \/>\n<a href=\"http:\/\/homolog.saopaulo.sp.leg.br\/apartes-anteriores\/revista-apartes\/numero-3-novembro2013\/no03-camara-vota-orcamento-da-cidade\">C\u00e2mara vota Or\u00e7amento da cidade<\/a> (<a title=\"Apartes - n\u00famero 03 - C\u00e2mara vota Or\u00e7amento da cidade\" href=\"http:\/\/homolog.saopaulo.sp.leg.br\/apartes-anteriores\/wp-content\/uploads\/sites\/9\/2017\/03\/revista_apartes_novembro13_16a19.pdf\" target=\"_blank\">vers\u00e3o PDF<\/a>)<\/li>\n<li><strong>Especial<\/strong><br \/>\n<a href=\"http:\/\/homolog.saopaulo.sp.leg.br\/apartes-anteriores\/revista-apartes\/numero-3-novembro2013\/no03-uma-correcao-na-historia\" target=\"_blank\">Uma corre\u00e7\u00e3o na hist\u00f3ria<\/a> (<a title=\"Apartes - n\u00famero 03 - C\u00e2mara vota Or\u00e7amento da cidade\" href=\"http:\/\/homolog.saopaulo.sp.leg.br\/apartes-anteriores\/wp-content\/uploads\/sites\/9\/2017\/03\/revista_apartes_novembro13_20a35.pdf\" target=\"_blank\">vers\u00e3o PDF<\/a>)<\/li>\n<li><strong>Premia\u00e7\u00e3o<\/strong><br \/>\n<a href=\"http:\/\/homolog.saopaulo.sp.leg.br\/apartes-anteriores\/no03-apartes-recebe-o-premio-herzog\">Apartes recebe o Pr\u00eamio Herzog<\/a> (<a title=\"Apartes - n\u00famero 03 - Apartes recebe o Pr\u00eamio Herzog\" href=\"http:\/\/homolog.saopaulo.sp.leg.br\/apartes-anteriores\/wp-content\/uploads\/sites\/9\/2017\/03\/revista_apartes_novembro13_36a39.pdf\" target=\"_blank\">vers\u00e3o PDF<\/a>)<\/li>\n<li><strong>Falecimento<\/strong><br \/>\n<a href=\"http:\/\/homolog.saopaulo.sp.leg.br\/apartes-anteriores\/revista-apartes\/numero-3-novembro2013\/no03-o-adeus-de-colasuonno\">O adeus de Colasuonno<\/a> (<a title=\"Apartes - n\u00famero 03 - O adeus de Colasuonno\" href=\"http:\/\/homolog.saopaulo.sp.leg.br\/apartes-anteriores\/wp-content\/uploads\/sites\/9\/2017\/03\/revista_apartes_novembro13_40a41.pdf\" target=\"_blank\">vers\u00e3o PDF<\/a>)<\/li>\n<li><strong>Evento<\/strong><br \/>\n<a href=\"http:\/\/homolog.saopaulo.sp.leg.br\/apartes-anteriores\/no03-em-pauta-o-trabalho-dos-jornalistas\">Em pauta, o trabalho dos jornalistas<\/a> (<a title=\"Apartes - n\u00famero 03 - Em pauta, o trabalho dos jornalistas\" href=\"http:\/\/homolog.saopaulo.sp.leg.br\/apartes-anteriores\/wp-content\/uploads\/sites\/9\/2017\/03\/revista_apartes_novembro13_42a43.pdf\" target=\"_blank\">vers\u00e3o PDF<\/a>)<\/li>\n<\/ul>\n<ul>\n<li><a href=\"http:\/\/homolog.saopaulo.sp.leg.br\/apartes-anteriores\/wp-content\/uploads\/sites\/9\/2017\/03\/revista_apartes_novembro13_44_contracapa.pdf\" target=\"_blank\">Contracapa<\/a><\/li>\n<\/ul>\n<p>\r\n\t\t<\/div><\/div>\n","protected":false},"excerpt":{"rendered":"","protected":false},"author":109,"featured_media":0,"parent":106,"menu_order":-3,"comment_status":"open","ping_status":"open","template":"","meta":{"footnotes":""},"class_list":["post-24338","page","type-page","status-publish","hentry"],"meta_all":{"_wp_page_template":["default"],"_cmsp_page_download-files":["a:1:{i:0;a:1:{s:4:\"type\";s:3:\"pdf\";}}"],"_edit_last":["109"],"_edit_lock":["1489524293:109"],"_yoast_wpseo_content_score":["90"]},"meta_all_2":{"_wp_page_template":["default"],"_cmsp_page_download-files":["a:1:{i:0;a:1:{s:4:\"type\";s:3:\"pdf\";}}"],"_edit_last":["109"],"_edit_lock":["1489524293:109"],"_yoast_wpseo_content_score":["90"]},"yoast_head":"<!-- This site is optimized with the Yoast SEO plugin v27.4 - https:\/\/yoast.com\/product\/yoast-seo-wordpress\/ -->\r\n<title>N\u00famero 03 - nov\/2013 - Revista Apartes (edi\u00e7\u00f5es anteriores)<\/title>\r\n<meta name=\"robots\" content=\"noindex, follow, max-snippet:-1, max-image-preview:large, max-video-preview:-1\" \/>\r\n<meta property=\"og:locale\" content=\"pt_BR\" \/>\r\n<meta property=\"og:type\" content=\"article\" \/>\r\n<meta property=\"og:title\" content=\"N\u00famero 03 - nov\/2013 - Revista Apartes (edi\u00e7\u00f5es anteriores)\" \/>\r\n<meta property=\"og:url\" content=\"https:\/\/www.saopaulo.sp.leg.br\/apartes-anteriores\/revista-apartes\/numero-3-novembro2013\/\" \/>\r\n<meta property=\"og:site_name\" content=\"Revista Apartes (edi\u00e7\u00f5es anteriores)\" \/>\r\n<meta property=\"article:publisher\" content=\"https:\/\/www.facebook.com\/RevistaApartes\/\" \/>\r\n<meta property=\"article:modified_time\" content=\"2017-03-14T20:39:56+00:00\" \/>\r\n<meta name=\"twitter:card\" content=\"summary_large_image\" \/>\r\n<meta name=\"twitter:site\" content=\"@revistaapartes\" \/>\r\n<meta name=\"twitter:label1\" content=\"Est. tempo de leitura\" \/>\n\t<meta name=\"twitter:data1\" content=\"1 minuto\" \/>\r\n<script type=\"application\/ld+json\" class=\"yoast-schema-graph\">{\"@context\":\"https:\\\/\\\/schema.org\",\"@graph\":[{\"@type\":\"WebPage\",\"@id\":\"https:\\\/\\\/www.saopaulo.sp.leg.br\\\/apartes-anteriores\\\/revista-apartes\\\/numero-3-novembro2013\\\/\",\"url\":\"https:\\\/\\\/www.saopaulo.sp.leg.br\\\/apartes-anteriores\\\/revista-apartes\\\/numero-3-novembro2013\\\/\",\"name\":\"N\u00famero 03 - nov\\\/2013 - Revista Apartes (edi\u00e7\u00f5es anteriores)\",\"isPartOf\":{\"@id\":\"https:\\\/\\\/homolog.saopaulo.sp.leg.br\\\/apartes-anteriores\\\/#website\"},\"datePublished\":\"2014-12-12T19:08:18+00:00\",\"dateModified\":\"2017-03-14T20:39:56+00:00\",\"breadcrumb\":{\"@id\":\"https:\\\/\\\/www.saopaulo.sp.leg.br\\\/apartes-anteriores\\\/revista-apartes\\\/numero-3-novembro2013\\\/#breadcrumb\"},\"inLanguage\":\"pt-BR\",\"potentialAction\":[{\"@type\":\"ReadAction\",\"target\":[\"https:\\\/\\\/www.saopaulo.sp.leg.br\\\/apartes-anteriores\\\/revista-apartes\\\/numero-3-novembro2013\\\/\"]}]},{\"@type\":\"BreadcrumbList\",\"@id\":\"https:\\\/\\\/www.saopaulo.sp.leg.br\\\/apartes-anteriores\\\/revista-apartes\\\/numero-3-novembro2013\\\/#breadcrumb\",\"itemListElement\":[{\"@type\":\"ListItem\",\"position\":1,\"name\":\"Home\",\"item\":\"https:\\\/\\\/www.saopaulo.sp.leg.br\\\/apartes-anteriores\\\/\"},{\"@type\":\"ListItem\",\"position\":2,\"name\":\"Revista Apartes\",\"item\":\"https:\\\/\\\/www.saopaulo.sp.leg.br\\\/apartes-anteriores\\\/\"},{\"@type\":\"ListItem\",\"position\":3,\"name\":\"N\u00famero 03 &#8211; nov\\\/2013\"}]},{\"@type\":\"WebSite\",\"@id\":\"https:\\\/\\\/homolog.saopaulo.sp.leg.br\\\/apartes-anteriores\\\/#website\",\"url\":\"https:\\\/\\\/homolog.saopaulo.sp.leg.br\\\/apartes-anteriores\\\/\",\"name\":\"Revista Apartes (edi\u00e7\u00f5es anteriores)\",\"description\":\"Revista Apartes (edi\u00e7\u00f5es anteriores)\",\"potentialAction\":[{\"@type\":\"SearchAction\",\"target\":{\"@type\":\"EntryPoint\",\"urlTemplate\":\"https:\\\/\\\/homolog.saopaulo.sp.leg.br\\\/apartes-anteriores\\\/?s={search_term_string}\"},\"query-input\":{\"@type\":\"PropertyValueSpecification\",\"valueRequired\":true,\"valueName\":\"search_term_string\"}}],\"inLanguage\":\"pt-BR\"}]}<\/script>\r\n<!-- \/ Yoast SEO plugin. -->","yoast_head_json":{"title":"N\u00famero 03 - nov\/2013 - Revista Apartes (edi\u00e7\u00f5es anteriores)","robots":{"index":"noindex","follow":"follow","max-snippet":"max-snippet:-1","max-image-preview":"max-image-preview:large","max-video-preview":"max-video-preview:-1"},"og_locale":"pt_BR","og_type":"article","og_title":"N\u00famero 03 - nov\/2013 - Revista Apartes (edi\u00e7\u00f5es anteriores)","og_url":"https:\/\/www.saopaulo.sp.leg.br\/apartes-anteriores\/revista-apartes\/numero-3-novembro2013\/","og_site_name":"Revista Apartes (edi\u00e7\u00f5es anteriores)","article_publisher":"https:\/\/www.facebook.com\/RevistaApartes\/","article_modified_time":"2017-03-14T20:39:56+00:00","twitter_card":"summary_large_image","twitter_site":"@revistaapartes","twitter_misc":{"Est. tempo de leitura":"1 minuto"},"schema":{"@context":"https:\/\/schema.org","@graph":[{"@type":"WebPage","@id":"https:\/\/www.saopaulo.sp.leg.br\/apartes-anteriores\/revista-apartes\/numero-3-novembro2013\/","url":"https:\/\/www.saopaulo.sp.leg.br\/apartes-anteriores\/revista-apartes\/numero-3-novembro2013\/","name":"N\u00famero 03 - nov\/2013 - Revista Apartes (edi\u00e7\u00f5es anteriores)","isPartOf":{"@id":"https:\/\/homolog.saopaulo.sp.leg.br\/apartes-anteriores\/#website"},"datePublished":"2014-12-12T19:08:18+00:00","dateModified":"2017-03-14T20:39:56+00:00","breadcrumb":{"@id":"https:\/\/www.saopaulo.sp.leg.br\/apartes-anteriores\/revista-apartes\/numero-3-novembro2013\/#breadcrumb"},"inLanguage":"pt-BR","potentialAction":[{"@type":"ReadAction","target":["https:\/\/www.saopaulo.sp.leg.br\/apartes-anteriores\/revista-apartes\/numero-3-novembro2013\/"]}]},{"@type":"BreadcrumbList","@id":"https:\/\/www.saopaulo.sp.leg.br\/apartes-anteriores\/revista-apartes\/numero-3-novembro2013\/#breadcrumb","itemListElement":[{"@type":"ListItem","position":1,"name":"Home","item":"https:\/\/www.saopaulo.sp.leg.br\/apartes-anteriores\/"},{"@type":"ListItem","position":2,"name":"Revista Apartes","item":"https:\/\/www.saopaulo.sp.leg.br\/apartes-anteriores\/"},{"@type":"ListItem","position":3,"name":"N\u00famero 03 &#8211; nov\/2013"}]},{"@type":"WebSite","@id":"https:\/\/homolog.saopaulo.sp.leg.br\/apartes-anteriores\/#website","url":"https:\/\/homolog.saopaulo.sp.leg.br\/apartes-anteriores\/","name":"Revista Apartes (edi\u00e7\u00f5es anteriores)","description":"Revista Apartes (edi\u00e7\u00f5es anteriores)","potentialAction":[{"@type":"SearchAction","target":{"@type":"EntryPoint","urlTemplate":"https:\/\/homolog.saopaulo.sp.leg.br\/apartes-anteriores\/?s={search_term_string}"},"query-input":{"@type":"PropertyValueSpecification","valueRequired":true,"valueName":"search_term_string"}}],"inLanguage":"pt-BR"}]}},"_links":{"self":[{"href":"https:\/\/homolog.saopaulo.sp.leg.br\/apartes-anteriores\/wp-json\/wp\/v2\/pages\/24338","targetHints":{"allow":["GET"]}}],"collection":[{"href":"https:\/\/homolog.saopaulo.sp.leg.br\/apartes-anteriores\/wp-json\/wp\/v2\/pages"}],"about":[{"href":"https:\/\/homolog.saopaulo.sp.leg.br\/apartes-anteriores\/wp-json\/wp\/v2\/types\/page"}],"author":[{"embeddable":true,"href":"https:\/\/homolog.saopaulo.sp.leg.br\/apartes-anteriores\/wp-json\/wp\/v2\/users\/109"}],"replies":[{"embeddable":true,"href":"https:\/\/homolog.saopaulo.sp.leg.br\/apartes-anteriores\/wp-json\/wp\/v2\/comments?post=24338"}],"version-history":[{"count":5,"href":"https:\/\/homolog.saopaulo.sp.leg.br\/apartes-anteriores\/wp-json\/wp\/v2\/pages\/24338\/revisions"}],"predecessor-version":[{"id":39167,"href":"https:\/\/homolog.saopaulo.sp.leg.br\/apartes-anteriores\/wp-json\/wp\/v2\/pages\/24338\/revisions\/39167"}],"up":[{"embeddable":true,"href":"https:\/\/homolog.saopaulo.sp.leg.br\/apartes-anteriores\/wp-json\/wp\/v2\/pages\/106"}],"wp:attachment":[{"href":"https:\/\/homolog.saopaulo.sp.leg.br\/apartes-anteriores\/wp-json\/wp\/v2\/media?parent=24338"}],"curies":[{"name":"wp","href":"https:\/\/api.w.org\/{rel}","templated":true}]}}