{"id":24343,"date":"2014-12-12T17:08:22","date_gmt":"2014-12-12T19:08:22","guid":{"rendered":"http:\/\/homolog.saopaulo.sp.leg.br\/?page_id=24343"},"modified":"2017-03-14T13:44:13","modified_gmt":"2017-03-14T16:44:13","slug":"numero-1-janeiro-junho2013","status":"publish","type":"page","link":"https:\/\/homolog.saopaulo.sp.leg.br\/apartes-anteriores\/revista-apartes\/numero-1-janeiro-junho2013\/","title":{"rendered":"N\u00famero 01 &#8211; jan-jun\/2013"},"content":{"rendered":"<div class=\"revista-apartes-display\">\r\n\t\t<div class=\"apartes-header\">\r\n\t\t\t<img decoding=\"async\" class=\"cover\" src=\"http:\/\/homolog.saopaulo.sp.leg.br\/apartes-anteriores\/wp-content\/uploads\/sites\/9\/2017\/03\/revista_apartes_email.png\" alt=\"Capa da Revista Apartes\" \/>\r\n\t\t\t<a class=\"issuu-link\" href=\"http:\/\/issuu.com\/cmsp-cci\/docs\/revista_apartes_n1\" target=\"_blank\">Vers\u00e3o integral naveg\u00e1vel<\/a><br>\r\n\t\t\t<a class=\"pdf-link\" href=\"http:\/\/homolog.saopaulo.sp.leg.br\/apartes-anteriores\/wp-content\/uploads\/sites\/9\/2017\/03\/revista_apartes_n1.pdf\" target=\"_blank\">Vers\u00e3o integral para download<\/a><br><br>\r\n\t\t\tFale conosco:<br>\r\n\t\t\t<a class=\"mail-link\" href=\"mailto:apartes@saopaulo.sp.leg.br\">apartes@saopaulo.sp.leg.br<\/a><br>\r\n\t\t\t<!--<a class=\"subscribe-link\" href=\"\/apartes\/?p=15\">Receba a revista em casa.<\/a>-->\r\n\t\t<\/div>\r\n\t\t<div class=\"apartes-content\">\r\n\t\t\t<img decoding=\"async\" class=\"logo\" src=\"http:\/\/homolog.saopaulo.sp.leg.br\/apartes\/wp-content\/uploads\/sites\/9\/2017\/06\/apartes_logo.jpg\" alt=\"logotipo_revista_apartes\" \/>\r\n\t\t\t<h3 class=\"edition\">janeiro\/junho 2013<\/h3><\/p>\n<ul>\n<li><a href=\"http:\/\/homolog.saopaulo.sp.leg.br\/apartes-anteriores\/wp-content\/uploads\/sites\/9\/2017\/03\/apartes_1_1_capa.pdf\" target=\"_blank\">Capa<\/a><\/li>\n<li><a href=\"http:\/\/homolog.saopaulo.sp.leg.br\/apartes-anteriores\/wp-content\/uploads\/sites\/9\/2017\/03\/apartes_1_2_expediente.pdf\" target=\"_blank\">Expediente<\/a><\/li>\n<li><a href=\"http:\/\/homolog.saopaulo.sp.leg.br\/apartes-anteriores\/revista-apartes\/numero-1-janeiro-junho2013\/no01-palavra-do-presidente\">Palavra do Presidente<\/a> (<a title=\"Apartes - n\u00famero 01 - Palavra do Presidente\" href=\"http:\/\/homolog.saopaulo.sp.leg.br\/apartes-anteriores\/wp-content\/uploads\/sites\/9\/2017\/03\/apartes_1_3_palavra_do_presidente.pdf\" target=\"_blank\">vers\u00e3o PDF<\/a>)<\/li>\n<li><a href=\"http:\/\/homolog.saopaulo.sp.leg.br\/apartes-anteriores\/revista-apartes\/numero-1-janeiro-junho2013\/no01-apresentacao\">Apresenta\u00e7\u00e3o<\/a> (<a title=\"Apartes - n\u00famero 01 - Apresenta\u00e7\u00e3o\" href=\"http:\/\/homolog.saopaulo.sp.leg.br\/apartes-anteriores\/revista-apartes\/numero-1-janeiro-junho2013\/no01-apresentacao\" target=\"_blank\">vers\u00e3o PDF<\/a>)<\/li>\n<li><a href=\"http:\/\/homolog.saopaulo.sp.leg.br\/apartes-anteriores\/revista-apartes\/numero-1-janeiro-junho2013\/no01-notas\/\">Notas<\/a> (<a title=\"Apartes - n\u00famero 01 - Notas\" href=\"http:\/\/homolog.saopaulo.sp.leg.br\/apartes-anteriores\/wp-content\/uploads\/sites\/9\/2017\/03\/apartes_1_6_notas.pdf\" target=\"_blank\">vers\u00e3o PDF<\/a>)<\/li>\n<li><a href=\"http:\/\/homolog.saopaulo.sp.leg.br\/apartes-anteriores\/revista-apartes\/numero-1-janeiro-junho2013\/no01-sao-paulo-em-historias\">S\u00e3o Paulo em hist\u00f3rias<\/a> (<a title=\"Apartes - n\u00famero 01 - S\u00e3o Paulo em hist\u00f3rias\" href=\"http:\/\/homolog.saopaulo.sp.leg.br\/apartes-anteriores\/wp-content\/uploads\/sites\/9\/2017\/03\/apartes_1_7_sp_em_historias.pdf\" target=\"_blank\">vers\u00e3o PDF<\/a>)<\/li>\n<\/ul>\n<ul>\n<li><strong>Entrevista<\/strong><br \/>\n<a href=\"http:\/\/homolog.saopaulo.sp.leg.br\/apartes-anteriores\/revista-apartes\/numero-1-janeiro-junho2013\/no01-entrevista\">Rui Tavares Maluf<\/a> (<a title=\"Apartes - n\u00famero 01 - S\u00e3o Paulo em hist\u00f3rias\" href=\"http:\/\/homolog.saopaulo.sp.leg.br\/apartes-anteriores\/wp-content\/uploads\/sites\/9\/2017\/03\/apartes_1_8a15_entrevista_rui_tavares_maluf.pdf\" target=\"_blank\">vers\u00e3o PDF<\/a>)<\/li>\n<li><strong>Patrim\u00f4nio cultural<\/strong><br \/>\n<a href=\"http:\/\/homolog.saopaulo.sp.leg.br\/apartes-anteriores\/revista-apartes\/numero-1-janeiro-junho2013\/no01-cuidando_do_intangivel\">Cuidando do intang\u00edvel <\/a> (<a title=\"Apartes - n\u00famero 01 - Cuidando do intang\u00edvel\" href=\"http:\/\/homolog.saopaulo.sp.leg.br\/apartes-anteriores\/wp-content\/uploads\/sites\/9\/2017\/03\/apartes_1_16a25_reportagem_patrimonio_imaterial.pdf\" target=\"_blank\">vers\u00e3o PDF<\/a>)<\/li>\n<li><strong>Participa\u00e7\u00e3o<\/strong><br \/>\n<a href=\"http:\/\/homolog.saopaulo.sp.leg.br\/apartes-anteriores\/revista-apartes\/numero-1-janeiro-junho2013\/no01-o-lobby-e-injusticado-no-brasil\">O lobby \u00e9 injusti\u00e7ado no Brasil?<\/a> (<a title=\"Apartes - n\u00famero 01 - O lobby \u00e9 injusti\u00e7ado no Brasil?\" href=\"http:\/\/homolog.saopaulo.sp.leg.br\/apartes-anteriores\/wp-content\/uploads\/sites\/9\/2017\/03\/apartes_1_26a35_reportagem_lobby.pdf\" target=\"_blank\">vers\u00e3o PDF<\/a>)<\/li>\n<li><strong>Direitos humanos<\/strong><br \/>\n<a href=\"http:\/\/homolog.saopaulo.sp.leg.br\/apartes-anteriores\/revista-apartes\/numero-1-janeiro-junho2013\/no01-em-busca-da-verdade\">Em busca da verdade<\/a> (<a title=\"Apartes - n\u00famero 01 - Em busca da verdade\" href=\"http:\/\/homolog.saopaulo.sp.leg.br\/apartes-anteriores\/wp-content\/uploads\/sites\/9\/2017\/03\/apartes_1_36a49_reportagem_comissao_da_verdade.pdf\" target=\"_blank\">vers\u00e3o PDF<\/a>)<\/li>\n<li><strong>Desarquivando<\/strong><a href=\"http:\/\/homolog.saopaulo.sp.leg.br\/apartes-anteriores\/revista-apartes\/numero-1-janeiro-junho2013\/no01-termo-de-juramento-de-barata-ribeiro\">Termo de juramento de Barata Ribeiro<\/a> (<a title=\"Apartes - n\u00famero 01 - Termo de juramento de Barata Ribeiro\" href=\"http:\/\/homolog.saopaulo.sp.leg.br\/apartes-anteriores\/wp-content\/uploads\/sites\/9\/2017\/03\/apartes_1_50a51_desarquivando_livro_termo_de_posse.pdf\" target=\"_blank\">vers\u00e3o PDF<\/a>)<\/li>\n<li><strong>Animais de rua<\/strong><br \/>\n<a href=\"http:\/\/homolog.saopaulo.sp.leg.br\/apartes-anteriores\/revista-apartes\/numero-1-janeiro-junho2013\/no01-sem-dono-sem-documento\">Sem dono, sem documento<\/a> (<a title=\"Apartes - n\u00famero 01 - Sem dono, sem documento\" href=\"http:\/\/homolog.saopaulo.sp.leg.br\/apartes-anteriores\/wp-content\/uploads\/sites\/9\/2017\/03\/apartes_1_52a65_reportagem_animais_de_rua.pdf\" target=\"_blank\">vers\u00e3o PDF<\/a>)<\/li>\n<li><strong>Mobilidade<\/strong><br \/>\n<a href=\"http:\/\/homolog.saopaulo.sp.leg.br\/apartes-anteriores\/revista-apartes\/numero-1-janeiro-junho2013\/no01-vida-nos-corredores\">Vida nos corredores<\/a> (<a title=\"Apartes - n\u00famero 01 - Vida nos corredores\" href=\"http:\/\/homolog.saopaulo.sp.leg.br\/apartes-anteriores\/wp-content\/uploads\/sites\/9\/2017\/03\/apartes_1_66a75_reportagem_motoboys_em_sp.pdf\" target=\"_blank\">vers\u00e3o PDF<\/a>)<\/li>\n<li><strong>Perfil<\/strong><br \/>\n<a href=\"http:\/\/homolog.saopaulo.sp.leg.br\/apartes-anteriores\/revista-apartes\/numero-1-janeiro-junho2013\/n-01-no-tempo-do-murillo\" target=\"_blank\">No tempo do Murillo<\/a> (<a title=\"Apartes - n\u00famero 01 - No tempo do Murillo\" href=\"http:\/\/homolog.saopaulo.sp.leg.br\/apartes-anteriores\/wp-content\/uploads\/sites\/9\/2017\/03\/apartes_1_76a89_reportagem_perfil_murillo_antunes.pdf\" target=\"_blank\">vers\u00e3o PDF<\/a>)<\/li>\n<li><strong>Hist\u00f3ria<\/strong><br \/>\n<a href=\"http:\/\/homolog.saopaulo.sp.leg.br\/apartes-anteriores\/revista-apartes\/numero-1-janeiro-junho2013\/n-01-uma-legislatura-para-recomecar\">Uma Legislatura para recome\u00e7ar<\/a> (<a title=\"Apartes - n\u00famero 01 - Uma Legislatura para recome\u00e7ar\" href=\"http:\/\/homolog.saopaulo.sp.leg.br\/apartes-anteriores\/wp-content\/uploads\/sites\/9\/2017\/03\/apartes_1_90a99_reportagem_1a_legislatura.pdf\" target=\"_blank\">vers\u00e3o PDF<\/a>)<\/li>\n<\/ul>\n<p><strong><br \/>\nDestaques<\/strong><\/p>\n<ul>\n<ul>\n<li><a href=\"http:\/\/homolog.saopaulo.sp.leg.br\/apartes-anteriores\/revista-apartes\/numero-1-janeiro-junho2013\/n-01-parlamento-jovem-desperta-vocacao-politica\">Parlamento Jovem desperta voca\u00e7\u00e3o pol\u00edtica<\/a> (<a title=\"Apartes - n\u00famero 01 - Parlamento Jovem desperta voca\u00e7\u00e3o pol\u00edtica\" href=\"http:\/\/homolog.saopaulo.sp.leg.br\/apartes-anteriores\/wp-content\/uploads\/sites\/9\/2017\/03\/apartes_1_100a102_destaque_parlamento_jovem.pdf\" target=\"_blank\">vers\u00e3o PDF<\/a>)<\/li>\n<li><a href=\"http:\/\/homolog.saopaulo.sp.leg.br\/apartes-anteriores\/revista-apartes\/numero-1-janeiro-junho2013\/no01-tv-camara-sao-paulo-em-sinal-digital\" target=\"_blank\">TV C\u00e2mara S\u00e3o Paulo em sinal digital<\/a> (<a title=\"Apartes - n\u00famero 01 - TV C\u00e2mara S\u00e3o Paulo em sinal digital\" href=\"http:\/\/homolog.saopaulo.sp.leg.br\/apartes-anteriores\/wp-content\/uploads\/sites\/9\/2017\/03\/apartes_1_103_destaque_tv_camara_digital.pdf\" target=\"_blank\">vers\u00e3o PDF<\/a>)<\/li>\n<li><a href=\"http:\/\/homolog.saopaulo.sp.leg.br\/apartes-anteriores\/revista-apartes\/numero-1-janeiro-junho2013\/no-01-publicacoes-levam-producao-da-casa-ao-cidadao\">Publica\u00e7\u00f5es levam produ\u00e7\u00e3o da Casa ao cidad\u00e3o<\/a> (<a title=\"Apartes - n\u00famero 01 - Publica\u00e7\u00f5es levam produ\u00e7\u00e3o da Casa ao cidad\u00e3o\" href=\"http:\/\/homolog.saopaulo.sp.leg.br\/apartes-anteriores\/wp-content\/uploads\/sites\/9\/2017\/03\/apartes_1_104a105_destaque_publicacoes.pdf\" target=\"_blank\">vers\u00e3o PDF<\/a>)<\/li>\n<li><a href=\"http:\/\/homolog.saopaulo.sp.leg.br\/apartes-anteriores\/revista-apartes\/numero-1-janeiro-junho2013\/no-01-trofeu-homenageia-a-gastronomia-paulistana\">Trof\u00e9u homenageia a gastronomia paulistana<\/a> (<a title=\"Apartes - n\u00famero 01 - Trof\u00e9u homenageia a gastronomia paulistana\" href=\"http:\/\/homolog.saopaulo.sp.leg.br\/apartes-anteriores\/wp-content\/uploads\/sites\/9\/2017\/03\/apartes_1_106a109_destaque_trofeu_gastronomia.pdf\" target=\"_blank\">vers\u00e3o PDF<\/a>)<\/li>\n<\/ul>\n<ul>\n<li><a href=\"http:\/\/homolog.saopaulo.sp.leg.br\/apartes-anteriores\/revista-apartes\/numero-1-janeiro-junho2013\/no-01-memoria-do-legislativo-paulistano\">Mem\u00f3ria do Legislativo Paulistano<\/a> (<a title=\"Apartes - n\u00famero 01 - Mem\u00f3ria do Legislativo Paulistano\" href=\"http:\/\/homolog.saopaulo.sp.leg.br\/apartes-anteriores\/wp-content\/uploads\/sites\/9\/2017\/03\/apartes_1_110_memoria_do_legislativo_paulistano.pdf\" target=\"_blank\">vers\u00e3o PDF<\/a>)<\/li>\n<li><a href=\"http:\/\/homolog.saopaulo.sp.leg.br\/apartes-anteriores\/wp-content\/uploads\/sites\/9\/2017\/03\/apartes_1_111_olhar_fotografico.pdf\" target=\"_blank\">Olhar fotogr\u00e1fico<\/a><\/li>\n<\/ul>\n<\/ul>\n<p>\r\n\t\t<\/div><\/div>\n","protected":false},"excerpt":{"rendered":"","protected":false},"author":109,"featured_media":0,"parent":106,"menu_order":-1,"comment_status":"open","ping_status":"open","template":"","meta":{"footnotes":""},"class_list":["post-24343","page","type-page","status-publish","hentry"],"meta_all":{"_wp_page_template":["default"],"_cmsp_page_download-files":["a:1:{i:0;a:1:{s:4:\"type\";s:3:\"pdf\";}}"],"_edit_last":["109"],"_edit_lock":["1489509853:109"],"_yoast_wpseo_content_score":["90"],"_oembed_e9d9047e44705402573e5c3f87c7c849":["<blockquote data-secret=\"qnYJWGMJvV\" class=\"wp-embedded-content\"><a href=\"http:\/\/homolog.saopaulo.sp.leg.br\/apartes-anteriores\/revista-apartes\/numero-1-janeiro-junho2013\/no01-palavra-do-presidente\/\">N\u00ba01 &#8211; Palavra do Presidente<\/a><\/blockquote><iframe class=\"wp-embedded-content\" sandbox=\"allow-scripts\" security=\"restricted\" style=\"position: absolute; clip: rect(1px, 1px, 1px, 1px);\" src=\"http:\/\/homolog.saopaulo.sp.leg.br\/apartes-anteriores\/revista-apartes\/numero-1-janeiro-junho2013\/no01-palavra-do-presidente\/embed\/#?secret=qnYJWGMJvV\" data-secret=\"qnYJWGMJvV\" width=\"600\" height=\"338\" title=\"&#8220;N\u00ba01 &#8211; Palavra do Presidente&#8221; &#8212; Revista Apartes\" frameborder=\"0\" marginwidth=\"0\" marginheight=\"0\" scrolling=\"no\"><\/iframe>"],"_oembed_time_e9d9047e44705402573e5c3f87c7c849":["1478888535"]},"meta_all_2":{"_wp_page_template":["default"],"_cmsp_page_download-files":["a:1:{i:0;a:1:{s:4:\"type\";s:3:\"pdf\";}}"],"_edit_last":["109"],"_edit_lock":["1489509853:109"],"_yoast_wpseo_content_score":["90"],"_oembed_e9d9047e44705402573e5c3f87c7c849":["<blockquote data-secret=\"qnYJWGMJvV\" class=\"wp-embedded-content\"><a href=\"http:\/\/homolog.saopaulo.sp.leg.br\/apartes-anteriores\/revista-apartes\/numero-1-janeiro-junho2013\/no01-palavra-do-presidente\/\">N\u00ba01 &#8211; Palavra do Presidente<\/a><\/blockquote><iframe class=\"wp-embedded-content\" sandbox=\"allow-scripts\" security=\"restricted\" style=\"position: absolute; clip: rect(1px, 1px, 1px, 1px);\" src=\"http:\/\/homolog.saopaulo.sp.leg.br\/apartes-anteriores\/revista-apartes\/numero-1-janeiro-junho2013\/no01-palavra-do-presidente\/embed\/#?secret=qnYJWGMJvV\" data-secret=\"qnYJWGMJvV\" width=\"600\" height=\"338\" title=\"&#8220;N\u00ba01 &#8211; Palavra do Presidente&#8221; &#8212; Revista Apartes\" frameborder=\"0\" marginwidth=\"0\" marginheight=\"0\" scrolling=\"no\"><\/iframe>"],"_oembed_time_e9d9047e44705402573e5c3f87c7c849":["1478888535"]},"yoast_head":"<!-- This site is optimized with the Yoast SEO plugin v27.4 - https:\/\/yoast.com\/product\/yoast-seo-wordpress\/ -->\r\n<title>N\u00famero 01 - jan-jun\/2013 - Revista Apartes (edi\u00e7\u00f5es anteriores)<\/title>\r\n<meta name=\"robots\" content=\"noindex, follow, max-snippet:-1, max-image-preview:large, max-video-preview:-1\" \/>\r\n<meta property=\"og:locale\" content=\"pt_BR\" \/>\r\n<meta property=\"og:type\" content=\"article\" \/>\r\n<meta property=\"og:title\" content=\"N\u00famero 01 - jan-jun\/2013 - Revista Apartes (edi\u00e7\u00f5es anteriores)\" \/>\r\n<meta property=\"og:url\" content=\"https:\/\/www.saopaulo.sp.leg.br\/apartes-anteriores\/revista-apartes\/numero-1-janeiro-junho2013\/\" \/>\r\n<meta property=\"og:site_name\" content=\"Revista Apartes (edi\u00e7\u00f5es anteriores)\" \/>\r\n<meta property=\"article:publisher\" content=\"https:\/\/www.facebook.com\/RevistaApartes\/\" \/>\r\n<meta property=\"article:modified_time\" content=\"2017-03-14T16:44:13+00:00\" \/>\r\n<meta name=\"twitter:card\" content=\"summary_large_image\" \/>\r\n<meta name=\"twitter:site\" content=\"@revistaapartes\" \/>\r\n<meta name=\"twitter:label1\" content=\"Est. tempo de leitura\" \/>\n\t<meta name=\"twitter:data1\" content=\"1 minuto\" \/>\r\n<script type=\"application\/ld+json\" class=\"yoast-schema-graph\">{\"@context\":\"https:\\\/\\\/schema.org\",\"@graph\":[{\"@type\":\"WebPage\",\"@id\":\"https:\\\/\\\/www.saopaulo.sp.leg.br\\\/apartes-anteriores\\\/revista-apartes\\\/numero-1-janeiro-junho2013\\\/\",\"url\":\"https:\\\/\\\/www.saopaulo.sp.leg.br\\\/apartes-anteriores\\\/revista-apartes\\\/numero-1-janeiro-junho2013\\\/\",\"name\":\"N\u00famero 01 - jan-jun\\\/2013 - Revista Apartes (edi\u00e7\u00f5es anteriores)\",\"isPartOf\":{\"@id\":\"https:\\\/\\\/homolog.saopaulo.sp.leg.br\\\/apartes-anteriores\\\/#website\"},\"datePublished\":\"2014-12-12T19:08:22+00:00\",\"dateModified\":\"2017-03-14T16:44:13+00:00\",\"breadcrumb\":{\"@id\":\"https:\\\/\\\/www.saopaulo.sp.leg.br\\\/apartes-anteriores\\\/revista-apartes\\\/numero-1-janeiro-junho2013\\\/#breadcrumb\"},\"inLanguage\":\"pt-BR\",\"potentialAction\":[{\"@type\":\"ReadAction\",\"target\":[\"https:\\\/\\\/www.saopaulo.sp.leg.br\\\/apartes-anteriores\\\/revista-apartes\\\/numero-1-janeiro-junho2013\\\/\"]}]},{\"@type\":\"BreadcrumbList\",\"@id\":\"https:\\\/\\\/www.saopaulo.sp.leg.br\\\/apartes-anteriores\\\/revista-apartes\\\/numero-1-janeiro-junho2013\\\/#breadcrumb\",\"itemListElement\":[{\"@type\":\"ListItem\",\"position\":1,\"name\":\"Home\",\"item\":\"https:\\\/\\\/www.saopaulo.sp.leg.br\\\/apartes-anteriores\\\/\"},{\"@type\":\"ListItem\",\"position\":2,\"name\":\"Revista Apartes\",\"item\":\"https:\\\/\\\/www.saopaulo.sp.leg.br\\\/apartes-anteriores\\\/\"},{\"@type\":\"ListItem\",\"position\":3,\"name\":\"N\u00famero 01 &#8211; jan-jun\\\/2013\"}]},{\"@type\":\"WebSite\",\"@id\":\"https:\\\/\\\/homolog.saopaulo.sp.leg.br\\\/apartes-anteriores\\\/#website\",\"url\":\"https:\\\/\\\/homolog.saopaulo.sp.leg.br\\\/apartes-anteriores\\\/\",\"name\":\"Revista Apartes (edi\u00e7\u00f5es anteriores)\",\"description\":\"Revista Apartes (edi\u00e7\u00f5es anteriores)\",\"potentialAction\":[{\"@type\":\"SearchAction\",\"target\":{\"@type\":\"EntryPoint\",\"urlTemplate\":\"https:\\\/\\\/homolog.saopaulo.sp.leg.br\\\/apartes-anteriores\\\/?s={search_term_string}\"},\"query-input\":{\"@type\":\"PropertyValueSpecification\",\"valueRequired\":true,\"valueName\":\"search_term_string\"}}],\"inLanguage\":\"pt-BR\"}]}<\/script>\r\n<!-- \/ Yoast SEO plugin. -->","yoast_head_json":{"title":"N\u00famero 01 - jan-jun\/2013 - Revista Apartes (edi\u00e7\u00f5es anteriores)","robots":{"index":"noindex","follow":"follow","max-snippet":"max-snippet:-1","max-image-preview":"max-image-preview:large","max-video-preview":"max-video-preview:-1"},"og_locale":"pt_BR","og_type":"article","og_title":"N\u00famero 01 - jan-jun\/2013 - Revista Apartes (edi\u00e7\u00f5es anteriores)","og_url":"https:\/\/www.saopaulo.sp.leg.br\/apartes-anteriores\/revista-apartes\/numero-1-janeiro-junho2013\/","og_site_name":"Revista Apartes (edi\u00e7\u00f5es anteriores)","article_publisher":"https:\/\/www.facebook.com\/RevistaApartes\/","article_modified_time":"2017-03-14T16:44:13+00:00","twitter_card":"summary_large_image","twitter_site":"@revistaapartes","twitter_misc":{"Est. tempo de leitura":"1 minuto"},"schema":{"@context":"https:\/\/schema.org","@graph":[{"@type":"WebPage","@id":"https:\/\/www.saopaulo.sp.leg.br\/apartes-anteriores\/revista-apartes\/numero-1-janeiro-junho2013\/","url":"https:\/\/www.saopaulo.sp.leg.br\/apartes-anteriores\/revista-apartes\/numero-1-janeiro-junho2013\/","name":"N\u00famero 01 - jan-jun\/2013 - Revista Apartes (edi\u00e7\u00f5es anteriores)","isPartOf":{"@id":"https:\/\/homolog.saopaulo.sp.leg.br\/apartes-anteriores\/#website"},"datePublished":"2014-12-12T19:08:22+00:00","dateModified":"2017-03-14T16:44:13+00:00","breadcrumb":{"@id":"https:\/\/www.saopaulo.sp.leg.br\/apartes-anteriores\/revista-apartes\/numero-1-janeiro-junho2013\/#breadcrumb"},"inLanguage":"pt-BR","potentialAction":[{"@type":"ReadAction","target":["https:\/\/www.saopaulo.sp.leg.br\/apartes-anteriores\/revista-apartes\/numero-1-janeiro-junho2013\/"]}]},{"@type":"BreadcrumbList","@id":"https:\/\/www.saopaulo.sp.leg.br\/apartes-anteriores\/revista-apartes\/numero-1-janeiro-junho2013\/#breadcrumb","itemListElement":[{"@type":"ListItem","position":1,"name":"Home","item":"https:\/\/www.saopaulo.sp.leg.br\/apartes-anteriores\/"},{"@type":"ListItem","position":2,"name":"Revista Apartes","item":"https:\/\/www.saopaulo.sp.leg.br\/apartes-anteriores\/"},{"@type":"ListItem","position":3,"name":"N\u00famero 01 &#8211; jan-jun\/2013"}]},{"@type":"WebSite","@id":"https:\/\/homolog.saopaulo.sp.leg.br\/apartes-anteriores\/#website","url":"https:\/\/homolog.saopaulo.sp.leg.br\/apartes-anteriores\/","name":"Revista Apartes (edi\u00e7\u00f5es anteriores)","description":"Revista Apartes (edi\u00e7\u00f5es anteriores)","potentialAction":[{"@type":"SearchAction","target":{"@type":"EntryPoint","urlTemplate":"https:\/\/homolog.saopaulo.sp.leg.br\/apartes-anteriores\/?s={search_term_string}"},"query-input":{"@type":"PropertyValueSpecification","valueRequired":true,"valueName":"search_term_string"}}],"inLanguage":"pt-BR"}]}},"_links":{"self":[{"href":"https:\/\/homolog.saopaulo.sp.leg.br\/apartes-anteriores\/wp-json\/wp\/v2\/pages\/24343","targetHints":{"allow":["GET"]}}],"collection":[{"href":"https:\/\/homolog.saopaulo.sp.leg.br\/apartes-anteriores\/wp-json\/wp\/v2\/pages"}],"about":[{"href":"https:\/\/homolog.saopaulo.sp.leg.br\/apartes-anteriores\/wp-json\/wp\/v2\/types\/page"}],"author":[{"embeddable":true,"href":"https:\/\/homolog.saopaulo.sp.leg.br\/apartes-anteriores\/wp-json\/wp\/v2\/users\/109"}],"replies":[{"embeddable":true,"href":"https:\/\/homolog.saopaulo.sp.leg.br\/apartes-anteriores\/wp-json\/wp\/v2\/comments?post=24343"}],"version-history":[{"count":5,"href":"https:\/\/homolog.saopaulo.sp.leg.br\/apartes-anteriores\/wp-json\/wp\/v2\/pages\/24343\/revisions"}],"predecessor-version":[{"id":39085,"href":"https:\/\/homolog.saopaulo.sp.leg.br\/apartes-anteriores\/wp-json\/wp\/v2\/pages\/24343\/revisions\/39085"}],"up":[{"embeddable":true,"href":"https:\/\/homolog.saopaulo.sp.leg.br\/apartes-anteriores\/wp-json\/wp\/v2\/pages\/106"}],"wp:attachment":[{"href":"https:\/\/homolog.saopaulo.sp.leg.br\/apartes-anteriores\/wp-json\/wp\/v2\/media?parent=24343"}],"curies":[{"name":"wp","href":"https:\/\/api.w.org\/{rel}","templated":true}]}}