{"id":28386,"date":"2015-04-29T17:29:45","date_gmt":"2015-04-29T20:29:45","guid":{"rendered":"http:\/\/homolog.saopaulo.sp.leg.br\/?page_id=28386"},"modified":"2015-08-19T21:07:40","modified_gmt":"2015-08-19T21:07:40","slug":"apartes-13-palavra-do-presidente","status":"publish","type":"page","link":"https:\/\/homolog.saopaulo.sp.leg.br\/apartes-anteriores\/revista-apartes\/numero-13-mar-abr2015\/apartes-13-palavra-do-presidente\/","title":{"rendered":"N\u00ba13 &#8211; Palavra do Presidente"},"content":{"rendered":"<div style=\"float: right;margin-left: 1.5em\">\n<div style=\"float: right;padding: 5px;background-color: #eee !important\">\n<p><img loading=\"lazy\" decoding=\"async\" class=\"alignnone size-thumbnail wp-image-28387\" src=\"http:\/\/homolog.saopaulo.sp.leg.br\/wp-content\/uploads\/2015\/04\/apartes_N13_a1-150x150.jpg\" alt=\"Vereador Antonio Donato\" width=\"150\" height=\"150\" \/><\/p>\n<p style=\"font-size: 0.8em;line-height: 1.1em;text-align: center;margin: -1.5em 0px 7px 0px;color: #333;!important;background-color: transparent !important\" align=\"center\">Vereador Antonio Donato<br \/>\nPresidente da CMSP<\/p>\n<\/div>\n<p style=\"font-size: 0.5em;line-height: 1.1em;text-align: right;margin: 4px 0px 7px;color: #333;!important;background-color: transparent !important\" align=\"center\">Assessoria vereador<br \/>\nAntonio Donato<\/p>\n<\/div>\n<h1 class=\"p1\"><span style=\"color: #800000\"><strong>Palavra do Presidente<\/strong><\/span><\/h1>\n<p class=\"p1\">Ser vereador em uma cidade com as dimens\u00f5es e a import\u00e2ncia de S\u00e3o Paulo implica lidar com quest\u00f5es que, muitas vezes, parecem fugir ao raio de a\u00e7\u00e3o poss\u00edvel para um parlamentar municipal. Alguns temas t\u00eam liga\u00e7\u00e3o direta com a atua\u00e7\u00e3o dos governos estadual e federal, mas nem por isso a C\u00e2mara Municipal de S\u00e3o Paulo (CMSP) ignora tais problemas. Pelo contr\u00e1rio, debru\u00e7a-se sobre eles e procura propostas para colaborar com a solu\u00e7\u00e3o.<\/p>\n<p class=\"p1\">A reportagem de capa desta edi\u00e7\u00e3o, <i>Terra, respeito e outros direitos<\/i>, trata da quest\u00e3o dos ind\u00edgenas que vivem no Munic\u00edpio de S\u00e3o Paulo. A compet\u00eancia para legislar sobre o tema, conforme determina o artigo 22 da Constitui\u00e7\u00e3o Federal, \u00e9 privativa da Uni\u00e3o. Mesmo assim, uma importante iniciativa da CMSP criou em 2010 o Conselho Municipal dos Povos Ind\u00edgenas (Compisp), ferramenta que tem conseguido organizar os \u00edndios da capital para que possam lutar pelos seus direitos. Dentre eles, especialmente terra, bem que foi sendo arrancado dos nativos desde a coloniza\u00e7\u00e3o do Pa\u00eds.<\/p>\n<p class=\"p1\">Neste n\u00famero, tamb\u00e9m tratamos das propostas adotadas pelo Parlamento paulistano para amenizar a grave crise h\u00eddrica pela qual temos passado nos \u00faltimos meses. O assunto refere-se diretamente ao governo do Estado, que controla a Sabesp, mas os vereadores t\u00eam feito grande esfor\u00e7o para apresentar e aprovar leis que ajudem a minimizar o problema. Al\u00e9m disso, no pr\u00f3prio Pal\u00e1cio Anchieta, sede da CMSP, adotamos todas as medidas para diminuir o uso de \u00e1gua na manuten\u00e7\u00e3o e limpeza do pr\u00e9dio. Essas iniciativas est\u00e3o na reportagem <i>Para n\u00e3o secar as fontes<\/i>.<\/p>\n<p class=\"p1\">Tamb\u00e9m nesta edi\u00e7\u00e3o, falamos sobre a quest\u00e3o da falta de \u00e1rvores na cidade de S\u00e3o Paulo e do tratamento equivocado que as remanescentes recebem, ocasionando quedas e outros problemas. Podemos dizer, inclusive, que essa pouca quantidade de verde \u00e9 respons\u00e1vel pela falta de chuva, j\u00e1 que as \u00e1rvores s\u00e3o \u201cf\u00e1bricas naturais\u201d. Saiba mais sobre as a\u00e7\u00f5es relativas ao tema, propostas pelos vereadores, em <i>O verde da selva de pedra<\/i>.<\/p>\n<p class=\"p1\">J\u00e1 se tornou tradi\u00e7\u00e3o e uma das marcas da <b>Apartes<\/b> a elabora\u00e7\u00e3o de perfis de ex-vereadores hist\u00f3ricos. Desta vez, em <i>Nas trilhas da arte e da pol\u00edtica<\/i> contamos um pouco sobre a trajet\u00f3ria de Dulce Salles Cunha Braga, que esteve por tr\u00eas mandatos na CMSP e entrou para a hist\u00f3ria como a primeira senadora pelo Estado de S\u00e3o Paulo.<\/p>\n<p class=\"p1\">Por fim, este n\u00famero traz reportagens sobre o C\u00e2mara no Seu Bairro, que come\u00e7ou em mar\u00e7o e at\u00e9 o fim do ano far\u00e1 uma sess\u00e3o em cada regi\u00e3o das Subprefeituras paulistanas;<span class=\"Apple-converted-space\">\u00a0 <\/span>sobre a Lei de Zoneamento, outra grande miss\u00e3o deste ano para os vereadores; e a respeito do Pr\u00eamio Sabotage, que teve sua primeira edi\u00e7\u00e3o em 2015 e homenageou figuras importantes do hip hop de S\u00e3o Paulo.<\/p>\n","protected":false},"excerpt":{"rendered":"<p>Vereador Antonio Donato Presidente da CMSP Assessoria vereador Antonio Donato Palavra do Presidente Ser vereador em uma cidade com as dimens\u00f5es e a import\u00e2ncia de S\u00e3o Paulo implica lidar com quest\u00f5es que, muitas vezes, parecem fugir ao raio de a\u00e7\u00e3o poss\u00edvel para um parlamentar municipal. Alguns temas t\u00eam liga\u00e7\u00e3o direta com a atua\u00e7\u00e3o dos governos [&hellip;]<\/p>\n","protected":false},"author":109,"featured_media":0,"parent":27794,"menu_order":1,"comment_status":"open","ping_status":"open","template":"","meta":{"footnotes":""},"class_list":["post-28386","page","type-page","status-publish","hentry"],"meta_all":{"_wp_page_template":["default"],"_cmsp_page_download-files":["a:1:{i:0;a:1:{s:4:\"type\";s:3:\"pdf\";}}"],"_yoast_wpseo_title":["Palavra do Presidente - Revista Apartes"],"_yoast_wpseo_bctitle":["Palavra do Presidente"],"_edit_last":["109"],"_edit_lock":["1441387437:109"]},"meta_all_2":{"_wp_page_template":["default"],"_cmsp_page_download-files":["a:1:{i:0;a:1:{s:4:\"type\";s:3:\"pdf\";}}"],"_yoast_wpseo_title":["Palavra do Presidente - Revista Apartes"],"_yoast_wpseo_bctitle":["Palavra do Presidente"],"_edit_last":["109"],"_edit_lock":["1441387437:109"]},"yoast_head":"<!-- This site is optimized with the Yoast SEO plugin v27.4 - https:\/\/yoast.com\/product\/yoast-seo-wordpress\/ -->\r\n<title>Palavra do Presidente - Revista Apartes<\/title>\r\n<meta name=\"robots\" content=\"noindex, follow, max-snippet:-1, max-image-preview:large, max-video-preview:-1\" \/>\r\n<meta property=\"og:locale\" content=\"pt_BR\" \/>\r\n<meta property=\"og:type\" content=\"article\" \/>\r\n<meta property=\"og:title\" content=\"Palavra do Presidente - Revista Apartes\" \/>\r\n<meta property=\"og:description\" content=\"Vereador Antonio Donato Presidente da CMSP Assessoria vereador Antonio Donato Palavra do Presidente Ser vereador em uma cidade com as dimens\u00f5es e a import\u00e2ncia de S\u00e3o Paulo implica lidar com quest\u00f5es que, muitas vezes, parecem fugir ao raio de a\u00e7\u00e3o poss\u00edvel para um parlamentar municipal. Alguns temas t\u00eam liga\u00e7\u00e3o direta com a atua\u00e7\u00e3o dos governos [&hellip;]\" \/>\r\n<meta property=\"og:url\" content=\"https:\/\/www.saopaulo.sp.leg.br\/apartes-anteriores\/revista-apartes\/numero-13-mar-abr2015\/apartes-13-palavra-do-presidente\/\" \/>\r\n<meta property=\"og:site_name\" content=\"Revista Apartes (edi\u00e7\u00f5es anteriores)\" \/>\r\n<meta property=\"article:publisher\" content=\"https:\/\/www.facebook.com\/RevistaApartes\/\" \/>\r\n<meta property=\"article:modified_time\" content=\"2015-08-19T21:07:40+00:00\" \/>\r\n<meta property=\"og:image\" content=\"http:\/\/www.saopaulo.sp.leg.br\/wp-content\/uploads\/2015\/04\/apartes_N13_a1-150x150.jpg\" \/>\r\n<meta name=\"twitter:card\" content=\"summary_large_image\" \/>\r\n<meta name=\"twitter:site\" content=\"@revistaapartes\" \/>\r\n<meta name=\"twitter:label1\" content=\"Est. tempo de leitura\" \/>\n\t<meta name=\"twitter:data1\" content=\"3 minutos\" \/>\r\n<script type=\"application\/ld+json\" class=\"yoast-schema-graph\">{\"@context\":\"https:\\\/\\\/schema.org\",\"@graph\":[{\"@type\":\"WebPage\",\"@id\":\"https:\\\/\\\/www.saopaulo.sp.leg.br\\\/apartes-anteriores\\\/revista-apartes\\\/numero-13-mar-abr2015\\\/apartes-13-palavra-do-presidente\\\/\",\"url\":\"https:\\\/\\\/www.saopaulo.sp.leg.br\\\/apartes-anteriores\\\/revista-apartes\\\/numero-13-mar-abr2015\\\/apartes-13-palavra-do-presidente\\\/\",\"name\":\"Palavra do Presidente - Revista Apartes\",\"isPartOf\":{\"@id\":\"https:\\\/\\\/homolog.saopaulo.sp.leg.br\\\/apartes-anteriores\\\/#website\"},\"primaryImageOfPage\":{\"@id\":\"https:\\\/\\\/www.saopaulo.sp.leg.br\\\/apartes-anteriores\\\/revista-apartes\\\/numero-13-mar-abr2015\\\/apartes-13-palavra-do-presidente\\\/#primaryimage\"},\"image\":{\"@id\":\"https:\\\/\\\/www.saopaulo.sp.leg.br\\\/apartes-anteriores\\\/revista-apartes\\\/numero-13-mar-abr2015\\\/apartes-13-palavra-do-presidente\\\/#primaryimage\"},\"thumbnailUrl\":\"http:\\\/\\\/homolog.saopaulo.sp.leg.br\\\/wp-content\\\/uploads\\\/2015\\\/04\\\/apartes_N13_a1-150x150.jpg\",\"datePublished\":\"2015-04-29T20:29:45+00:00\",\"dateModified\":\"2015-08-19T21:07:40+00:00\",\"breadcrumb\":{\"@id\":\"https:\\\/\\\/www.saopaulo.sp.leg.br\\\/apartes-anteriores\\\/revista-apartes\\\/numero-13-mar-abr2015\\\/apartes-13-palavra-do-presidente\\\/#breadcrumb\"},\"inLanguage\":\"pt-BR\",\"potentialAction\":[{\"@type\":\"ReadAction\",\"target\":[\"https:\\\/\\\/www.saopaulo.sp.leg.br\\\/apartes-anteriores\\\/revista-apartes\\\/numero-13-mar-abr2015\\\/apartes-13-palavra-do-presidente\\\/\"]}]},{\"@type\":\"ImageObject\",\"inLanguage\":\"pt-BR\",\"@id\":\"https:\\\/\\\/www.saopaulo.sp.leg.br\\\/apartes-anteriores\\\/revista-apartes\\\/numero-13-mar-abr2015\\\/apartes-13-palavra-do-presidente\\\/#primaryimage\",\"url\":\"http:\\\/\\\/homolog.saopaulo.sp.leg.br\\\/wp-content\\\/uploads\\\/2015\\\/04\\\/apartes_N13_a1-150x150.jpg\",\"contentUrl\":\"http:\\\/\\\/homolog.saopaulo.sp.leg.br\\\/wp-content\\\/uploads\\\/2015\\\/04\\\/apartes_N13_a1-150x150.jpg\"},{\"@type\":\"BreadcrumbList\",\"@id\":\"https:\\\/\\\/www.saopaulo.sp.leg.br\\\/apartes-anteriores\\\/revista-apartes\\\/numero-13-mar-abr2015\\\/apartes-13-palavra-do-presidente\\\/#breadcrumb\",\"itemListElement\":[{\"@type\":\"ListItem\",\"position\":1,\"name\":\"Home\",\"item\":\"https:\\\/\\\/www.saopaulo.sp.leg.br\\\/apartes-anteriores\\\/\"},{\"@type\":\"ListItem\",\"position\":2,\"name\":\"Revista Apartes\",\"item\":\"https:\\\/\\\/www.saopaulo.sp.leg.br\\\/apartes-anteriores\\\/\"},{\"@type\":\"ListItem\",\"position\":3,\"name\":\"N\u00famero 13 &#8211; mar-abr\\\/2015\",\"item\":\"https:\\\/\\\/www.saopaulo.sp.leg.br\\\/apartes-anteriores\\\/revista-apartes\\\/numero-13-mar-abr2015\\\/\"},{\"@type\":\"ListItem\",\"position\":4,\"name\":\"Palavra do Presidente\"}]},{\"@type\":\"WebSite\",\"@id\":\"https:\\\/\\\/homolog.saopaulo.sp.leg.br\\\/apartes-anteriores\\\/#website\",\"url\":\"https:\\\/\\\/homolog.saopaulo.sp.leg.br\\\/apartes-anteriores\\\/\",\"name\":\"Revista Apartes (edi\u00e7\u00f5es anteriores)\",\"description\":\"Revista Apartes (edi\u00e7\u00f5es anteriores)\",\"potentialAction\":[{\"@type\":\"SearchAction\",\"target\":{\"@type\":\"EntryPoint\",\"urlTemplate\":\"https:\\\/\\\/homolog.saopaulo.sp.leg.br\\\/apartes-anteriores\\\/?s={search_term_string}\"},\"query-input\":{\"@type\":\"PropertyValueSpecification\",\"valueRequired\":true,\"valueName\":\"search_term_string\"}}],\"inLanguage\":\"pt-BR\"}]}<\/script>\r\n<!-- \/ Yoast SEO plugin. -->","yoast_head_json":{"title":"Palavra do Presidente - Revista Apartes","robots":{"index":"noindex","follow":"follow","max-snippet":"max-snippet:-1","max-image-preview":"max-image-preview:large","max-video-preview":"max-video-preview:-1"},"og_locale":"pt_BR","og_type":"article","og_title":"Palavra do Presidente - Revista Apartes","og_description":"Vereador Antonio Donato Presidente da CMSP Assessoria vereador Antonio Donato Palavra do Presidente Ser vereador em uma cidade com as dimens\u00f5es e a import\u00e2ncia de S\u00e3o Paulo implica lidar com quest\u00f5es que, muitas vezes, parecem fugir ao raio de a\u00e7\u00e3o poss\u00edvel para um parlamentar municipal. Alguns temas t\u00eam liga\u00e7\u00e3o direta com a atua\u00e7\u00e3o dos governos [&hellip;]","og_url":"https:\/\/www.saopaulo.sp.leg.br\/apartes-anteriores\/revista-apartes\/numero-13-mar-abr2015\/apartes-13-palavra-do-presidente\/","og_site_name":"Revista Apartes (edi\u00e7\u00f5es anteriores)","article_publisher":"https:\/\/www.facebook.com\/RevistaApartes\/","article_modified_time":"2015-08-19T21:07:40+00:00","og_image":[{"url":"http:\/\/www.saopaulo.sp.leg.br\/wp-content\/uploads\/2015\/04\/apartes_N13_a1-150x150.jpg","type":"","width":"","height":""}],"twitter_card":"summary_large_image","twitter_site":"@revistaapartes","twitter_misc":{"Est. tempo de leitura":"3 minutos"},"schema":{"@context":"https:\/\/schema.org","@graph":[{"@type":"WebPage","@id":"https:\/\/www.saopaulo.sp.leg.br\/apartes-anteriores\/revista-apartes\/numero-13-mar-abr2015\/apartes-13-palavra-do-presidente\/","url":"https:\/\/www.saopaulo.sp.leg.br\/apartes-anteriores\/revista-apartes\/numero-13-mar-abr2015\/apartes-13-palavra-do-presidente\/","name":"Palavra do Presidente - Revista Apartes","isPartOf":{"@id":"https:\/\/homolog.saopaulo.sp.leg.br\/apartes-anteriores\/#website"},"primaryImageOfPage":{"@id":"https:\/\/www.saopaulo.sp.leg.br\/apartes-anteriores\/revista-apartes\/numero-13-mar-abr2015\/apartes-13-palavra-do-presidente\/#primaryimage"},"image":{"@id":"https:\/\/www.saopaulo.sp.leg.br\/apartes-anteriores\/revista-apartes\/numero-13-mar-abr2015\/apartes-13-palavra-do-presidente\/#primaryimage"},"thumbnailUrl":"http:\/\/homolog.saopaulo.sp.leg.br\/wp-content\/uploads\/2015\/04\/apartes_N13_a1-150x150.jpg","datePublished":"2015-04-29T20:29:45+00:00","dateModified":"2015-08-19T21:07:40+00:00","breadcrumb":{"@id":"https:\/\/www.saopaulo.sp.leg.br\/apartes-anteriores\/revista-apartes\/numero-13-mar-abr2015\/apartes-13-palavra-do-presidente\/#breadcrumb"},"inLanguage":"pt-BR","potentialAction":[{"@type":"ReadAction","target":["https:\/\/www.saopaulo.sp.leg.br\/apartes-anteriores\/revista-apartes\/numero-13-mar-abr2015\/apartes-13-palavra-do-presidente\/"]}]},{"@type":"ImageObject","inLanguage":"pt-BR","@id":"https:\/\/www.saopaulo.sp.leg.br\/apartes-anteriores\/revista-apartes\/numero-13-mar-abr2015\/apartes-13-palavra-do-presidente\/#primaryimage","url":"http:\/\/homolog.saopaulo.sp.leg.br\/wp-content\/uploads\/2015\/04\/apartes_N13_a1-150x150.jpg","contentUrl":"http:\/\/homolog.saopaulo.sp.leg.br\/wp-content\/uploads\/2015\/04\/apartes_N13_a1-150x150.jpg"},{"@type":"BreadcrumbList","@id":"https:\/\/www.saopaulo.sp.leg.br\/apartes-anteriores\/revista-apartes\/numero-13-mar-abr2015\/apartes-13-palavra-do-presidente\/#breadcrumb","itemListElement":[{"@type":"ListItem","position":1,"name":"Home","item":"https:\/\/www.saopaulo.sp.leg.br\/apartes-anteriores\/"},{"@type":"ListItem","position":2,"name":"Revista Apartes","item":"https:\/\/www.saopaulo.sp.leg.br\/apartes-anteriores\/"},{"@type":"ListItem","position":3,"name":"N\u00famero 13 &#8211; mar-abr\/2015","item":"https:\/\/www.saopaulo.sp.leg.br\/apartes-anteriores\/revista-apartes\/numero-13-mar-abr2015\/"},{"@type":"ListItem","position":4,"name":"Palavra do Presidente"}]},{"@type":"WebSite","@id":"https:\/\/homolog.saopaulo.sp.leg.br\/apartes-anteriores\/#website","url":"https:\/\/homolog.saopaulo.sp.leg.br\/apartes-anteriores\/","name":"Revista Apartes (edi\u00e7\u00f5es anteriores)","description":"Revista Apartes (edi\u00e7\u00f5es anteriores)","potentialAction":[{"@type":"SearchAction","target":{"@type":"EntryPoint","urlTemplate":"https:\/\/homolog.saopaulo.sp.leg.br\/apartes-anteriores\/?s={search_term_string}"},"query-input":{"@type":"PropertyValueSpecification","valueRequired":true,"valueName":"search_term_string"}}],"inLanguage":"pt-BR"}]}},"_links":{"self":[{"href":"https:\/\/homolog.saopaulo.sp.leg.br\/apartes-anteriores\/wp-json\/wp\/v2\/pages\/28386","targetHints":{"allow":["GET"]}}],"collection":[{"href":"https:\/\/homolog.saopaulo.sp.leg.br\/apartes-anteriores\/wp-json\/wp\/v2\/pages"}],"about":[{"href":"https:\/\/homolog.saopaulo.sp.leg.br\/apartes-anteriores\/wp-json\/wp\/v2\/types\/page"}],"author":[{"embeddable":true,"href":"https:\/\/homolog.saopaulo.sp.leg.br\/apartes-anteriores\/wp-json\/wp\/v2\/users\/109"}],"replies":[{"embeddable":true,"href":"https:\/\/homolog.saopaulo.sp.leg.br\/apartes-anteriores\/wp-json\/wp\/v2\/comments?post=28386"}],"version-history":[{"count":2,"href":"https:\/\/homolog.saopaulo.sp.leg.br\/apartes-anteriores\/wp-json\/wp\/v2\/pages\/28386\/revisions"}],"predecessor-version":[{"id":33973,"href":"https:\/\/homolog.saopaulo.sp.leg.br\/apartes-anteriores\/wp-json\/wp\/v2\/pages\/28386\/revisions\/33973"}],"up":[{"embeddable":true,"href":"https:\/\/homolog.saopaulo.sp.leg.br\/apartes-anteriores\/wp-json\/wp\/v2\/pages\/27794"}],"wp:attachment":[{"href":"https:\/\/homolog.saopaulo.sp.leg.br\/apartes-anteriores\/wp-json\/wp\/v2\/media?parent=28386"}],"curies":[{"name":"wp","href":"https:\/\/api.w.org\/{rel}","templated":true}]}}