{"id":28441,"date":"2015-04-29T20:03:44","date_gmt":"2015-04-29T23:03:44","guid":{"rendered":"http:\/\/homolog.saopaulo.sp.leg.br\/?page_id=28441"},"modified":"2015-08-19T21:04:19","modified_gmt":"2015-08-19T21:04:19","slug":"apartes-13-notas","status":"publish","type":"page","link":"https:\/\/homolog.saopaulo.sp.leg.br\/apartes-anteriores\/revista-apartes\/numero-13-mar-abr2015\/apartes-13-notas\/","title":{"rendered":"N\u00ba13 &#8211; Notas"},"content":{"rendered":"<h1 class=\"p1\"><span style=\"color: #800000\"><strong>Notas<\/strong><\/span><\/h1>\n<h2 class=\"p1\"><span class=\"s1\"><b>Dia Internacional da Mulher<\/b><\/span><\/h2>\n<p class=\"p2\"><span class=\"s2\">A CMSP realizou, em 12 de mar\u00e7o, Sess\u00e3o Solene para comemorar o Dia Internacional da Mulher, celebrado em 8 de mar\u00e7o. Na ocasi\u00e3o, foram homenageadas as vereadoras Edir Sales (PSD), Juliana Cardoso (PT), Noemi Nonato (PROS), Patr\u00edcia Bezerra (PSDB) e Sandra Tadeu (DEM), que receberam um ramalhete de flores.<\/span><\/p>\n<p class=\"p2\"><span class=\"s1\">A cabo PM Simone Pereira de Oliveira, a guarda metropolitana Patr\u00edcia Elaine Monteiro e a funcion\u00e1ria da CMSP Solange Rainone dos Santos foram escolhidas pela Mesa Diretora para receberem uma placa comemorativa em nome de todas as mulheres que trabalham na C\u00e2mara.<\/span><\/p>\n<p class=\"p2\"><span class=\"s3\">Tamb\u00e9m foram homenageadas 16 mulheres que atuam em prol da sociedade, escolhidas pelos 16 partidos com representa\u00e7\u00e3o na C\u00e2mara.<\/span><\/p>\n<p class=\"p2\"><span class=\"s3\">\u201cEsta solenidade \u00e9 uma forma da nossa Casa de Leis valorizar o p\u00fablico feminino e mostrar que o seu trabalho tem uma grande \u00eanfase na defesa e na garantia dos seus direitos\u201d, afirmou Edir Sales, primeira-vice-presidente da Mesa Diretora, que presidiu a Sess\u00e3o Solene.<\/span><\/p>\n<div style=\"float: left;margin-top: 0.5em;margin-bottom: 1.5em\">\n<div style=\"float: left;padding: 5px;background-color: #eee !important\">\n<p><a href=\"http:\/\/homolog.saopaulo.sp.leg.br\/wp-content\/uploads\/2015\/04\/apartes_N13_a2.jpg\"><img loading=\"lazy\" decoding=\"async\" class=\"alignnone size-cmsp-fullwidth wp-image-28442\" src=\"http:\/\/homolog.saopaulo.sp.leg.br\/wp-content\/uploads\/2015\/04\/apartes_N13_a2-640x421.jpg\" alt=\"Foto de vereadoras da C\u00e2mara\" width=\"640\" height=\"421\" \/><\/a><\/p>\n<p style=\"font-size: 0.8em;line-height: 1.1em;text-align: center;margin: -1.5em 0px 7px 0px;color: #333;!important;background-color: transparent !important\" align=\"center\">Vereadoras s\u00e3o homenageadas<\/p>\n<\/div>\n<p style=\"font-size: 0.5em;line-height: 1.1em;text-align: right;margin: 4px 0px 7px;color: #333;!important;background-color: transparent !important\" align=\"center\">Equipe de Eventos\/CMSP<\/p>\n<\/div>\n<h2 class=\"p1\"><span class=\"s1\"><b>V\u00edtimas de acidente s\u00e3o homenageadas com o Pr\u00eamio Heleieth Saffioti<\/b><\/span><\/h2>\n<p class=\"p2\">As militantes feministas Ros\u00e2ngela Rigo e Lurdinha Rodrigues receberam, postumamente, o Pr\u00eamio Heleieth Saffioti, em cerim\u00f4nia no Sal\u00e3o Nobre do Pal\u00e1cio Anchieta, em 26 de mar\u00e7o. Ambas integravam a equipe da Secretaria de Pol\u00edticas para as Mulheres da Presid\u00eancia da Rep\u00fablica e faleceram ap\u00f3s um acidente de carro, em 14 de fevereiro.<\/p>\n<p class=\"p2\">\u201cElas t\u00eam uma grande hist\u00f3ria, na quest\u00e3o de mulheres negras, ind\u00edgenas e LGBT. Tiveram uma organiza\u00e7\u00e3o muito forte, de mobiliza\u00e7\u00e3o e forma\u00e7\u00e3o de muitas mulheres\u201d, declarou a vereadora Juliana Cardoso (PT), autora da proposta que criou a premia\u00e7\u00e3o.<\/p>\n<p class=\"p2\">O Pr\u00eamio Heleieth Saffioti \u00e9 concedido a mulheres ou entidades que tenham se destacado em a\u00e7\u00f5es de combate \u00e0 discrimina\u00e7\u00e3o social, sexual ou racial e na defesa dos direitos das mulheres no Munic\u00edpio de S\u00e3o Paulo. Heleieth foi uma soci\u00f3loga e militante feminista falecida em 2010, pioneira na Am\u00e9rica Latina nos estudos de g\u00eanero no universo acad\u00eamico.<\/p>\n<h2 class=\"p1\"><span class=\"s1\"><b>CPI vai investigar planos de sa\u00fade<\/b><\/span><\/h2>\n<p class=\"p2\"><span class=\"s1\">A Comiss\u00e3o Parlamentar de Inqu\u00e9rito (CPI) dos Planos de Sa\u00fade foi instalada na C\u00e2mara Municipal de S\u00e3o Paulo, com a miss\u00e3o de apurar os servi\u00e7os prestados pelas empresas de conv\u00eanio m\u00e9dico na cidade. Segundo a presidente da CPI, vereadora Patr\u00edcia Bezerra (PSDB), os parlamentares querem ouvir os usu\u00e1rios sobre o mau atendimento na sa\u00fade. \u201cA gente quer dar voz ao usu\u00e1rio\u201d, afirmou a parlamentar \u00e0 Web R\u00e1dio C\u00e2mara.<\/span><\/p>\n<p class=\"p2\"><span class=\"s4\">O relator da Comiss\u00e3o, Gilberto Natalini (PV), afirmou que a Comiss\u00e3o pretende ouvir m\u00e9dicos, profissionais da sa\u00fade e entidades de defesa do consumidor, al\u00e9m de donos de conv\u00eanio, para buscar um caminho que melhore o atendimento privado \u00e0 popula\u00e7\u00e3o de S\u00e3o Paulo.<\/span><\/p>\n<h2 class=\"p1\"><span class=\"s5\"><b>Novos vereadores<\/b><\/span><\/h2>\n<p class=\"p2\"><span class=\"s1\">Neste ano, nove novos vereadores assumiram seus mandatos na C\u00e2mara Municipal de S\u00e3o Paulo (CMSP). Pediram licen\u00e7a do Parlamento municipal os vereadores Jean Madeira (PRB), para assumir a Secretaria Estadual de Esportes, Lazer e Juventude; Antonio Carlos Rodrigues (PR), que se tornou ministro dos Transportes; e Nabil Bonduki (PT), nomeado secret\u00e1rio municipal da Cultura. Floriano Pesaro (PSDB), foi eleito deputado federal e licenciou-se para ser secret\u00e1rio estadual de Desenvolvimento Social, enquanto Goulart (PSD) assumiu mandato na C\u00e2mara Federal.<\/span><\/p>\n<p class=\"p2\"><span class=\"s4\">Em 15 de mar\u00e7o, cinco vereadores deixaram a C\u00e2mara para assumir mandatos na Assembleia Legislativa: Coronel Camilo (PSD), que havia assumido no lugar de Pesaro, Coronel Telhada (PSDB), Jos\u00e9 Am\u00e9rico (PT), Marta Costa (PSD) e Roberto Tripoli (PV).<\/span><\/p>\n<p class=\"p2\">Entraram na C\u00e2mara Municipal Valdecir Cabrabom (PTB), Adolfo Quintas (PSDB), Wadih Mutran (PP), Alessandro Guedes (PT), Anibal de Freitas (PSDB), Jonas Camisa Nova (DEM), Quito Formiga (PR), Salom\u00e3o Pereira (PSDB) e Marcos Beliz\u00e1rio (PV). A lista completa de vereadores est\u00e1 em <i>homolog.saopaulo.sp.leg.br<\/i>.<\/p>\n<h2 class=\"p4\"><span class=\"s3\"><b>Luzes chamam a aten\u00e7\u00e3o para a epilepsia<\/b><\/span><\/h2>\n<p class=\"p2\"><span class=\"s4\">O Pal\u00e1cio Anchieta, sede da CMSP, ficou iluminado por luzes roxas em apoio \u00e0s pessoas com epilepsia. A a\u00e7\u00e3o foi parte da campanha para promover a conscientiza\u00e7\u00e3o e inclus\u00e3o social das pessoas que sofrem com o problema e ocorre na semana em que foi celebrado o Dia Roxo, 26 de mar\u00e7o.<\/span><\/p>\n<p class=\"p2\"><span class=\"s1\">Al\u00e9m da ilumina\u00e7\u00e3o especial, a C\u00e2mara foi sede do 1\u00ba Encontro Municipal sobre Epilepsia, que discutiu a conquista de direitos e o fim da exclus\u00e3o social. A iniciativa foi do vereador Gilberto Natalini (PV).<\/span><\/p>\n<div style=\"float: left;margin-top: 0.5em;margin-bottom: 1.5em\">\n<div style=\"float: left;padding: 5px;background-color: #eee !important\">\n<p><a href=\"http:\/\/homolog.saopaulo.sp.leg.br\/wp-content\/uploads\/2015\/04\/apartes_N13_a3.jpg\"><img loading=\"lazy\" decoding=\"async\" class=\"alignnone size-cmsp-fullwidth wp-image-28443\" src=\"http:\/\/homolog.saopaulo.sp.leg.br\/wp-content\/uploads\/2015\/04\/apartes_N13_a3-640x414.jpg\" alt=\"Pal\u00e1cio Anchieta com ilumina\u00e7\u00e3o roxa\" width=\"640\" height=\"414\" \/><\/a><\/p>\n<p style=\"font-size: 0.8em;line-height: 1.1em;text-align: center;margin: -1.5em 0px 7px 0px;color: #333;!important;background-color: transparent !important\" align=\"center\">Pal\u00e1cio Anchieta recebe ilumina\u00e7\u00e3o roxa em apoio \u00e0s pessoas com a doen\u00e7a<\/p>\n<\/div>\n<p style=\"font-size: 0.5em;line-height: 1.1em;text-align: right;margin: 4px 0px 7px;color: #333;!important;background-color: transparent !important\" align=\"center\">Equipe de Eventos\/CMSP<\/p>\n<\/div>\n<h2 class=\"p1\"><b>Bombeiros recebem homenagem<\/b><\/h2>\n<p class=\"p2\"><span class=\"s4\">Cinco bombeiros que se destacaram por ato de hero\u00edsmo receberam o Pr\u00eamio Coronel H\u00e9lio Barbosa Caldas, uma homenagem da CMSP aos profissionais do Corpo de Bombeiros. Na edi\u00e7\u00e3o deste ano, receberam a Salva de Prata o capit\u00e3o Rodrigo Otavio Barelli, o primeiro-tenente C\u00e9sar Tadeu Ribeiro Florindo, o cabo Eduardo Roberto de Lima, o cabo Herm\u00ednio Reigada J\u00fanior e o soldado Levi Prisco.<\/span><\/p>\n<p class=\"p2\"><span class=\"s2\">Na Sess\u00e3o Solene de 9 de mar\u00e7o, a cabo Marlene da Concei\u00e7\u00e3o Silva, que desde 2012 desempenha a fun\u00e7\u00e3o de bombeiro no Pal\u00e1cio Anchieta, sede da CMSP, tamb\u00e9m foi homenageada. \u201c\u00c9 muito importante essa valoriza\u00e7\u00e3o da mulher, em especial na corpora\u00e7\u00e3o, porque n\u00f3s somos minoria e eu me sinto muito honrada em represent\u00e1-las\u201d, comentou Marlene.<\/span><\/p>\n<p class=\"p2\"><span class=\"s1\">O vereador Ricardo Nunes (PMDB) presidiu a sess\u00e3o solene e ressaltou o respeito que os cidad\u00e3os demostram pelos bombeiros. <\/span><\/p>\n<p class=\"p2\">O coronel H\u00e9lio Barbosa Caldas, que batiza o pr\u00eamio, destacou-se nas opera\u00e7\u00f5es de resgate das v\u00edtimas dos maiores inc\u00eandios na cidade. No Joelma, em 1\u00ba de fevereiro de 1974, ele desceu para o terra\u00e7o do pr\u00e9dio preso em uma corda de 12 metros pendurada a um helic\u00f3ptero. Dois anos antes, ele foi o primeiro a chegar ao telhado do Andraus para organizar o salvamento.<\/p>\n<table border=\"0\" cellspacing=\"0\" cellpadding=\"0\">\n<tbody>\n<tr>\n<td align=\"center\" width=\"50%\">\n<h5>Comente sobre essa mat\u00e9ria:<\/h5>\n<p><a style=\"font-family: 'Helvetica Neue', 'Helvetica', Helvetica, Arial, sans-serif;color: #fff;font-size: 12px;text-decoration: none;font-weight: bold;text-align: center;background-color: #3b5998 !important;margin: 0 0 10px;padding: 3px 7px\" title=\"Facebook da revista Apartes\" href=\"https:\/\/www.facebook.com\/RevistaApartes\" target=\"_blank\">Facebook<\/a> <a style=\"font-family: 'Helvetica Neue', 'Helvetica', Helvetica, Arial, sans-serif;color: #fff;font-size: 12px;text-decoration: none;font-weight: bold;text-align: center;background-color: #1daced !important;margin: 0 0 10px;padding: 3px 7px\" title=\"Twitter da revista Apartes\" href=\"https:\/\/twitter.com\/RevistaApartes\" target=\"_blank\">Twitter<\/a><\/td>\n<td align=\"center\" width=\"50%\">\n<h5>Envie cr\u00edticas ou sugest\u00f5es:<\/h5>\n<p>Email: <strong><a href=\"mailto:apartes@saopaulo.sp.leg.br\">apartes@saopaulo.sp.leg.br<\/a><\/strong><\/td>\n<\/tr>\n<\/tbody>\n<\/table>\n","protected":false},"excerpt":{"rendered":"<p>Notas Dia Internacional da Mulher A CMSP realizou, em 12 de mar\u00e7o, Sess\u00e3o Solene para comemorar o Dia Internacional da Mulher, celebrado em 8 de mar\u00e7o. Na ocasi\u00e3o, foram homenageadas as vereadoras Edir Sales (PSD), Juliana Cardoso (PT), Noemi Nonato (PROS), Patr\u00edcia Bezerra (PSDB) e Sandra Tadeu (DEM), que receberam um ramalhete de flores. A [&hellip;]<\/p>\n","protected":false},"author":109,"featured_media":0,"parent":27794,"menu_order":2,"comment_status":"open","ping_status":"closed","template":"","meta":{"footnotes":""},"class_list":["post-28441","page","type-page","status-publish","hentry"],"meta_all":{"_wp_page_template":["default"],"_cmsp_page_download-files":["a:1:{i:0;a:1:{s:4:\"type\";s:3:\"pdf\";}}"],"_yoast_wpseo_title":["Notas - Revista Apartes"],"_yoast_wpseo_bctitle":["Notas"],"_edit_last":["109"],"_edit_lock":["1440018320:109"]},"meta_all_2":{"_wp_page_template":["default"],"_cmsp_page_download-files":["a:1:{i:0;a:1:{s:4:\"type\";s:3:\"pdf\";}}"],"_yoast_wpseo_title":["Notas - Revista Apartes"],"_yoast_wpseo_bctitle":["Notas"],"_edit_last":["109"],"_edit_lock":["1440018320:109"]},"yoast_head":"<!-- This site is optimized with the Yoast SEO plugin v27.4 - https:\/\/yoast.com\/product\/yoast-seo-wordpress\/ -->\r\n<title>Notas - Revista Apartes<\/title>\r\n<meta name=\"robots\" content=\"noindex, follow, max-snippet:-1, max-image-preview:large, max-video-preview:-1\" \/>\r\n<meta property=\"og:locale\" content=\"pt_BR\" \/>\r\n<meta property=\"og:type\" content=\"article\" \/>\r\n<meta property=\"og:title\" content=\"Notas - Revista Apartes\" \/>\r\n<meta property=\"og:description\" content=\"Notas Dia Internacional da Mulher A CMSP realizou, em 12 de mar\u00e7o, Sess\u00e3o Solene para comemorar o Dia Internacional da Mulher, celebrado em 8 de mar\u00e7o. Na ocasi\u00e3o, foram homenageadas as vereadoras Edir Sales (PSD), Juliana Cardoso (PT), Noemi Nonato (PROS), Patr\u00edcia Bezerra (PSDB) e Sandra Tadeu (DEM), que receberam um ramalhete de flores. A [&hellip;]\" \/>\r\n<meta property=\"og:url\" content=\"https:\/\/www.saopaulo.sp.leg.br\/apartes-anteriores\/revista-apartes\/numero-13-mar-abr2015\/apartes-13-notas\/\" \/>\r\n<meta property=\"og:site_name\" content=\"Revista Apartes (edi\u00e7\u00f5es anteriores)\" \/>\r\n<meta property=\"article:publisher\" content=\"https:\/\/www.facebook.com\/RevistaApartes\/\" \/>\r\n<meta property=\"article:modified_time\" content=\"2015-08-19T21:04:19+00:00\" \/>\r\n<meta property=\"og:image\" content=\"http:\/\/www.saopaulo.sp.leg.br\/wp-content\/uploads\/2015\/04\/apartes_N13_a2-640x421.jpg\" \/>\r\n<meta name=\"twitter:card\" content=\"summary_large_image\" \/>\r\n<meta name=\"twitter:site\" content=\"@revistaapartes\" \/>\r\n<meta name=\"twitter:label1\" content=\"Est. tempo de leitura\" \/>\n\t<meta name=\"twitter:data1\" content=\"5 minutos\" \/>\r\n<script type=\"application\/ld+json\" class=\"yoast-schema-graph\">{\"@context\":\"https:\\\/\\\/schema.org\",\"@graph\":[{\"@type\":\"WebPage\",\"@id\":\"https:\\\/\\\/www.saopaulo.sp.leg.br\\\/apartes-anteriores\\\/revista-apartes\\\/numero-13-mar-abr2015\\\/apartes-13-notas\\\/\",\"url\":\"https:\\\/\\\/www.saopaulo.sp.leg.br\\\/apartes-anteriores\\\/revista-apartes\\\/numero-13-mar-abr2015\\\/apartes-13-notas\\\/\",\"name\":\"Notas - Revista Apartes\",\"isPartOf\":{\"@id\":\"https:\\\/\\\/homolog.saopaulo.sp.leg.br\\\/apartes-anteriores\\\/#website\"},\"primaryImageOfPage\":{\"@id\":\"https:\\\/\\\/www.saopaulo.sp.leg.br\\\/apartes-anteriores\\\/revista-apartes\\\/numero-13-mar-abr2015\\\/apartes-13-notas\\\/#primaryimage\"},\"image\":{\"@id\":\"https:\\\/\\\/www.saopaulo.sp.leg.br\\\/apartes-anteriores\\\/revista-apartes\\\/numero-13-mar-abr2015\\\/apartes-13-notas\\\/#primaryimage\"},\"thumbnailUrl\":\"http:\\\/\\\/homolog.saopaulo.sp.leg.br\\\/wp-content\\\/uploads\\\/2015\\\/04\\\/apartes_N13_a2-640x421.jpg\",\"datePublished\":\"2015-04-29T23:03:44+00:00\",\"dateModified\":\"2015-08-19T21:04:19+00:00\",\"breadcrumb\":{\"@id\":\"https:\\\/\\\/www.saopaulo.sp.leg.br\\\/apartes-anteriores\\\/revista-apartes\\\/numero-13-mar-abr2015\\\/apartes-13-notas\\\/#breadcrumb\"},\"inLanguage\":\"pt-BR\",\"potentialAction\":[{\"@type\":\"ReadAction\",\"target\":[\"https:\\\/\\\/www.saopaulo.sp.leg.br\\\/apartes-anteriores\\\/revista-apartes\\\/numero-13-mar-abr2015\\\/apartes-13-notas\\\/\"]}]},{\"@type\":\"ImageObject\",\"inLanguage\":\"pt-BR\",\"@id\":\"https:\\\/\\\/www.saopaulo.sp.leg.br\\\/apartes-anteriores\\\/revista-apartes\\\/numero-13-mar-abr2015\\\/apartes-13-notas\\\/#primaryimage\",\"url\":\"http:\\\/\\\/homolog.saopaulo.sp.leg.br\\\/wp-content\\\/uploads\\\/2015\\\/04\\\/apartes_N13_a2-640x421.jpg\",\"contentUrl\":\"http:\\\/\\\/homolog.saopaulo.sp.leg.br\\\/wp-content\\\/uploads\\\/2015\\\/04\\\/apartes_N13_a2-640x421.jpg\"},{\"@type\":\"BreadcrumbList\",\"@id\":\"https:\\\/\\\/www.saopaulo.sp.leg.br\\\/apartes-anteriores\\\/revista-apartes\\\/numero-13-mar-abr2015\\\/apartes-13-notas\\\/#breadcrumb\",\"itemListElement\":[{\"@type\":\"ListItem\",\"position\":1,\"name\":\"Home\",\"item\":\"https:\\\/\\\/www.saopaulo.sp.leg.br\\\/apartes-anteriores\\\/\"},{\"@type\":\"ListItem\",\"position\":2,\"name\":\"Revista Apartes\",\"item\":\"https:\\\/\\\/www.saopaulo.sp.leg.br\\\/apartes-anteriores\\\/\"},{\"@type\":\"ListItem\",\"position\":3,\"name\":\"N\u00famero 13 &#8211; mar-abr\\\/2015\",\"item\":\"https:\\\/\\\/www.saopaulo.sp.leg.br\\\/apartes-anteriores\\\/revista-apartes\\\/numero-13-mar-abr2015\\\/\"},{\"@type\":\"ListItem\",\"position\":4,\"name\":\"Notas\"}]},{\"@type\":\"WebSite\",\"@id\":\"https:\\\/\\\/homolog.saopaulo.sp.leg.br\\\/apartes-anteriores\\\/#website\",\"url\":\"https:\\\/\\\/homolog.saopaulo.sp.leg.br\\\/apartes-anteriores\\\/\",\"name\":\"Revista Apartes (edi\u00e7\u00f5es anteriores)\",\"description\":\"Revista Apartes (edi\u00e7\u00f5es anteriores)\",\"potentialAction\":[{\"@type\":\"SearchAction\",\"target\":{\"@type\":\"EntryPoint\",\"urlTemplate\":\"https:\\\/\\\/homolog.saopaulo.sp.leg.br\\\/apartes-anteriores\\\/?s={search_term_string}\"},\"query-input\":{\"@type\":\"PropertyValueSpecification\",\"valueRequired\":true,\"valueName\":\"search_term_string\"}}],\"inLanguage\":\"pt-BR\"}]}<\/script>\r\n<!-- \/ Yoast SEO plugin. -->","yoast_head_json":{"title":"Notas - Revista Apartes","robots":{"index":"noindex","follow":"follow","max-snippet":"max-snippet:-1","max-image-preview":"max-image-preview:large","max-video-preview":"max-video-preview:-1"},"og_locale":"pt_BR","og_type":"article","og_title":"Notas - Revista Apartes","og_description":"Notas Dia Internacional da Mulher A CMSP realizou, em 12 de mar\u00e7o, Sess\u00e3o Solene para comemorar o Dia Internacional da Mulher, celebrado em 8 de mar\u00e7o. Na ocasi\u00e3o, foram homenageadas as vereadoras Edir Sales (PSD), Juliana Cardoso (PT), Noemi Nonato (PROS), Patr\u00edcia Bezerra (PSDB) e Sandra Tadeu (DEM), que receberam um ramalhete de flores. A [&hellip;]","og_url":"https:\/\/www.saopaulo.sp.leg.br\/apartes-anteriores\/revista-apartes\/numero-13-mar-abr2015\/apartes-13-notas\/","og_site_name":"Revista Apartes (edi\u00e7\u00f5es anteriores)","article_publisher":"https:\/\/www.facebook.com\/RevistaApartes\/","article_modified_time":"2015-08-19T21:04:19+00:00","og_image":[{"url":"http:\/\/www.saopaulo.sp.leg.br\/wp-content\/uploads\/2015\/04\/apartes_N13_a2-640x421.jpg","type":"","width":"","height":""}],"twitter_card":"summary_large_image","twitter_site":"@revistaapartes","twitter_misc":{"Est. tempo de leitura":"5 minutos"},"schema":{"@context":"https:\/\/schema.org","@graph":[{"@type":"WebPage","@id":"https:\/\/www.saopaulo.sp.leg.br\/apartes-anteriores\/revista-apartes\/numero-13-mar-abr2015\/apartes-13-notas\/","url":"https:\/\/www.saopaulo.sp.leg.br\/apartes-anteriores\/revista-apartes\/numero-13-mar-abr2015\/apartes-13-notas\/","name":"Notas - Revista Apartes","isPartOf":{"@id":"https:\/\/homolog.saopaulo.sp.leg.br\/apartes-anteriores\/#website"},"primaryImageOfPage":{"@id":"https:\/\/www.saopaulo.sp.leg.br\/apartes-anteriores\/revista-apartes\/numero-13-mar-abr2015\/apartes-13-notas\/#primaryimage"},"image":{"@id":"https:\/\/www.saopaulo.sp.leg.br\/apartes-anteriores\/revista-apartes\/numero-13-mar-abr2015\/apartes-13-notas\/#primaryimage"},"thumbnailUrl":"http:\/\/homolog.saopaulo.sp.leg.br\/wp-content\/uploads\/2015\/04\/apartes_N13_a2-640x421.jpg","datePublished":"2015-04-29T23:03:44+00:00","dateModified":"2015-08-19T21:04:19+00:00","breadcrumb":{"@id":"https:\/\/www.saopaulo.sp.leg.br\/apartes-anteriores\/revista-apartes\/numero-13-mar-abr2015\/apartes-13-notas\/#breadcrumb"},"inLanguage":"pt-BR","potentialAction":[{"@type":"ReadAction","target":["https:\/\/www.saopaulo.sp.leg.br\/apartes-anteriores\/revista-apartes\/numero-13-mar-abr2015\/apartes-13-notas\/"]}]},{"@type":"ImageObject","inLanguage":"pt-BR","@id":"https:\/\/www.saopaulo.sp.leg.br\/apartes-anteriores\/revista-apartes\/numero-13-mar-abr2015\/apartes-13-notas\/#primaryimage","url":"http:\/\/homolog.saopaulo.sp.leg.br\/wp-content\/uploads\/2015\/04\/apartes_N13_a2-640x421.jpg","contentUrl":"http:\/\/homolog.saopaulo.sp.leg.br\/wp-content\/uploads\/2015\/04\/apartes_N13_a2-640x421.jpg"},{"@type":"BreadcrumbList","@id":"https:\/\/www.saopaulo.sp.leg.br\/apartes-anteriores\/revista-apartes\/numero-13-mar-abr2015\/apartes-13-notas\/#breadcrumb","itemListElement":[{"@type":"ListItem","position":1,"name":"Home","item":"https:\/\/www.saopaulo.sp.leg.br\/apartes-anteriores\/"},{"@type":"ListItem","position":2,"name":"Revista Apartes","item":"https:\/\/www.saopaulo.sp.leg.br\/apartes-anteriores\/"},{"@type":"ListItem","position":3,"name":"N\u00famero 13 &#8211; mar-abr\/2015","item":"https:\/\/www.saopaulo.sp.leg.br\/apartes-anteriores\/revista-apartes\/numero-13-mar-abr2015\/"},{"@type":"ListItem","position":4,"name":"Notas"}]},{"@type":"WebSite","@id":"https:\/\/homolog.saopaulo.sp.leg.br\/apartes-anteriores\/#website","url":"https:\/\/homolog.saopaulo.sp.leg.br\/apartes-anteriores\/","name":"Revista Apartes (edi\u00e7\u00f5es anteriores)","description":"Revista Apartes (edi\u00e7\u00f5es anteriores)","potentialAction":[{"@type":"SearchAction","target":{"@type":"EntryPoint","urlTemplate":"https:\/\/homolog.saopaulo.sp.leg.br\/apartes-anteriores\/?s={search_term_string}"},"query-input":{"@type":"PropertyValueSpecification","valueRequired":true,"valueName":"search_term_string"}}],"inLanguage":"pt-BR"}]}},"_links":{"self":[{"href":"https:\/\/homolog.saopaulo.sp.leg.br\/apartes-anteriores\/wp-json\/wp\/v2\/pages\/28441","targetHints":{"allow":["GET"]}}],"collection":[{"href":"https:\/\/homolog.saopaulo.sp.leg.br\/apartes-anteriores\/wp-json\/wp\/v2\/pages"}],"about":[{"href":"https:\/\/homolog.saopaulo.sp.leg.br\/apartes-anteriores\/wp-json\/wp\/v2\/types\/page"}],"author":[{"embeddable":true,"href":"https:\/\/homolog.saopaulo.sp.leg.br\/apartes-anteriores\/wp-json\/wp\/v2\/users\/109"}],"replies":[{"embeddable":true,"href":"https:\/\/homolog.saopaulo.sp.leg.br\/apartes-anteriores\/wp-json\/wp\/v2\/comments?post=28441"}],"version-history":[{"count":2,"href":"https:\/\/homolog.saopaulo.sp.leg.br\/apartes-anteriores\/wp-json\/wp\/v2\/pages\/28441\/revisions"}],"predecessor-version":[{"id":33972,"href":"https:\/\/homolog.saopaulo.sp.leg.br\/apartes-anteriores\/wp-json\/wp\/v2\/pages\/28441\/revisions\/33972"}],"up":[{"embeddable":true,"href":"https:\/\/homolog.saopaulo.sp.leg.br\/apartes-anteriores\/wp-json\/wp\/v2\/pages\/27794"}],"wp:attachment":[{"href":"https:\/\/homolog.saopaulo.sp.leg.br\/apartes-anteriores\/wp-json\/wp\/v2\/media?parent=28441"}],"curies":[{"name":"wp","href":"https:\/\/api.w.org\/{rel}","templated":true}]}}