{"id":30898,"date":"2015-06-11T14:37:52","date_gmt":"2015-06-11T17:37:52","guid":{"rendered":"http:\/\/homolog.saopaulo.sp.leg.br\/?page_id=30898"},"modified":"2016-12-01T14:53:26","modified_gmt":"2016-12-01T16:53:26","slug":"festa-da-rima","status":"publish","type":"page","link":"https:\/\/homolog.saopaulo.sp.leg.br\/apartes-anteriores\/revista-apartes\/numero-13-mar-abr2015\/festa-da-rima\/","title":{"rendered":"N\u00ba13 \u2013 Premia\u00e7\u00e3o"},"content":{"rendered":"<h1 class=\"p1\"><span class=\"s1\" style=\"color: #800000\"><b>Festa da rima<\/b><\/span><\/h1>\n<h2 class=\"p2\">Primeira edi\u00e7\u00e3o do Pr\u00eamio Sabotage celebrou talentos do hip hop e lembrou a viol\u00eancia na periferia<\/h2>\n<p class=\"p2\"><b>Fausto Salvadori Filho<\/b> | <a href=\"mailto:fausto@saopaulo.sp.leg.br\">fausto@saopaulo.sp.leg.br<\/a><\/p>\n<p><!-- imagem TOTAL - com legenda - CENTRALIZADA --><\/p>\n<div style=\"width: 100%;margin-right: 1.5em;margin-bottom: 1.5em\">\n<div style=\"padding: 5px;background-color: #eee !important\">\n<p><a href=\"http:\/\/homolog.saopaulo.sp.leg.br\/wp-content\/uploads\/2015\/05\/apartes_N13_a29.jpg\"><img loading=\"lazy\" decoding=\"async\" class=\"alignnone wp-image-28813\" src=\"http:\/\/homolog.saopaulo.sp.leg.br\/wp-content\/uploads\/2015\/05\/apartes_N13_a29.jpg\" alt=\"\" width=\"640\" height=\"484\" \/><\/a><\/p>\n<p style=\"font-size: 0.8em;line-height: 1.1em;text-align: center;margin: -1.5em 0px 7px 0px;color: #333;!important;background-color: transparent !important\" align=\"center\">VENCEDORES \u2014 Cris, Lauane e Daiane (filhas de DJ Lah), Carlostep, Bonga e Tamires (filha de Sabotage)<\/p>\n<\/div>\n<p style=\"font-size: 0.5em;line-height: 1.1em;text-align: right;margin: 4px 0px 7px 0px;background-color: transparent !important\">Mozart Gomes\/CMSP<\/p>\n<\/div>\n<p><!-- imagem TOTAL - com legenda - CENTRALIZADA --><\/p>\n<p class=\"p4\">\u201cO mesmo Estado que \u00e0s vezes premia tamb\u00e9m mata\u201d, afirmou o grafiteiro e arte-educador Donizete de Souza Lima, o Bonga, ao receber o Pr\u00eamio Sabotage, no Sal\u00e3o Nobre do Pal\u00e1cio Anchieta, sede da C\u00e2mara Municipal de S\u00e3o Paulo (CMSP), na noite de 20 de mar\u00e7o. Com mais de 20 anos de carreira e trabalhos apresentados em pa\u00edses como Chile, Canad\u00e1, Fran\u00e7a e It\u00e1lia, o artista dedicou o pr\u00eamio aos \u201cmilhares de moleques mortos\u201d nas periferias e aos pain\u00e9is de grafite apagados pelo poder p\u00fablico.<\/p>\n<p><!-- imagem GRANDE - com legenda - LADO DIREITO --><\/p>\n<div style=\"float: right;width: 360px;margin-left: 1.5em\">\n<div style=\"float: right;padding: 5px;background-color: #fff !important\">\n<p><a href=\"http:\/\/homolog.saopaulo.sp.leg.br\/wp-content\/uploads\/2015\/05\/apartes_N13_b21.jpg\"><img loading=\"lazy\" decoding=\"async\" class=\"alignnone wp-image-28835\" src=\"http:\/\/homolog.saopaulo.sp.leg.br\/wp-content\/uploads\/2015\/05\/apartes_N13_b21.jpg\" alt=\"\" width=\"350\" height=\"741\" \/><\/a><\/p>\n<\/div>\n<\/div>\n<p><!-- imagem GRANDE - com legenda - LADO DIREITO --><\/p>\n<p class=\"p4\">Foi essa a pegada da primeira edi\u00e7\u00e3o do Pr\u00eamio Sabotage, concedido pela Comiss\u00e3o Extraordin\u00e1ria Permanente dos Direitos da Crian\u00e7a, do Adolescente e da Juventude da CMSP para homenagear os talentos do hip hop. Do come\u00e7o ao fim do evento, a celebra\u00e7\u00e3o dividiu espa\u00e7o com a cr\u00edtica social. \u201cEstamos aqui para denunciar o genoc\u00eddio da popula\u00e7\u00e3o preta perif\u00e9rica. Sabotage representa isso\u201d, disse o rapper Andr\u00e9 Luiz dos Santos, o Pirata, ap\u00f3s receber a presid\u00eancia do evento das m\u00e3os da vereadora Juliana Cardoso (PT) \u2013 o outro vereador presente foi Netinho de Paula (PCdoB).<\/p>\n<p class=\"p4\">O pr\u00eamio levou dez anos para sair do papel. O projeto de resolu\u00e7\u00e3o (PR) que criou a premia\u00e7\u00e3o foi apresentado em 2005, pela ent\u00e3o vereadora Soninha, dois anos ap\u00f3s a morte de Mauro Mateus dos Santos, o Sabotage (saiba mais no box). Os vereadores aprovaram o PR em 2008, dando origem ao Pr\u00eamio. A ideia foi posta em pr\u00e1tica no ano passado, com um requerimento enviado \u00e0 C\u00e2mara pelo F\u00f3rum Hip Hop, que visa promover o di\u00e1logo entre os jovens do movimento e as representa\u00e7\u00f5es da administra\u00e7\u00e3o p\u00fablica municipal.<\/p>\n<p class=\"p4\">As categorias contempladas na premia\u00e7\u00e3o (melhor DJ, MC, grafiteiro e b-boy) homenageiam os quatro elementos que formam a cultura hip hop: gente que toca, canta, desenha e dan\u00e7a, respectivamente. Cada vencedor recebeu uma Salva de Prata confeccionada pela CMSP.<\/p>\n<p class=\"p4\"><span class=\"s2\">No evento, Sabotage foi representado pela filha, Tamires Rocha Mateus dos Santos, 20 anos, que hoje canta rap ao lado do irm\u00e3o Wanderson, o Sabotinha, no grupo Fam\u00edlia Sabotage. \u201cMeu pai lutava pelo hip hop e pela periferia. Eu e minha fam\u00edlia ficamos muito felizes com esse pr\u00eamio\u201d, elogiou Tamires. Outras homenageadas no lugar do pai assassinado foram Daiane, 15 anos, e Lauane Cavalcante de Souza Grimas, 17. Elas s\u00e3o filhas de La\u00e9rcio Grimas, o DJ Lah, uma das sete pessoas mortas em uma chacina ocorrida em 2013, no Jardim Rosana, zona sul de S\u00e3o Paulo. \u201c\u00c9 bom ver que continuam a reconhecer o trabalho do nosso pai e lembrar a injusti\u00e7a que foi cometida contra ele\u201d, disse Daiane.<\/span><\/p>\n<p class=\"p4\">Ao pegar o microfone, a vencedora da categoria MC, Cristiana Aparecida de Souza (Cris), 38 anos, do grupo SNJ, preferiu cantar. \u201cEu n\u00e3o sou boa de falar, mas a gente rima\u201d, disse, antes de emendar com o rap <i>Se tu luta, tu conquistas<\/i>. De lutas e conquistas ela entende: com 23 anos de trajet\u00f3ria, Cris agora se prepara para lan\u00e7ar o primeiro trabalho solo. \u201cQuando comecei, o hip hop era muito fechado para as mulheres. Melhorou muito, mas ainda tem muitas barreiras a serem derrubadas\u201d, afirmou \u00e0 <b>Apartes<\/b>.<\/p>\n<p class=\"p4\"><span class=\"s2\">\u201cO pr\u00eamio \u00e9 lindo, maravilhoso, mas a realidade \u00e9 nua e crua: a gente est\u00e1 l\u00e1 sofrendo\u201d, disse Carlos Roberto da Silva, 35 anos, b-boy do grupo Sil\u00eancio Crewativo, que utiliza a dan\u00e7a e o grafite como ferramentas educativas. \u201cTentamos modificar a realidade da nossa comunidade\u201d, disse. \u201cO hip hop n\u00e3o \u00e9 s\u00f3 o mike (microfone), a picape ou o buti (t\u00eanis). S\u00e3o as pessoas. Ontem a casa da menina do nosso grupo alagou. Eu sa\u00ed do trampo e corri para l\u00e1 ajudar. Isso \u00e9 hip hop\u201d, completou.<\/span><\/p>\n<p class=\"p4\"><span class=\"s3\">Na noite de estreia, o Pr\u00eamio Sabotage terminou com um coquetel no Restaurante-Escola e um show de hip hop no Audit\u00f3rio Externo Freitas Nobre. Mesmo felizes com as homenagens e a festa, os participantes n\u00e3o se esqueceram dos problemas que continuavam a esperar do lado de fora. Bonga comentou: \u201cTem muita gente que vai sair daqui e tomar geral ou sofrer alguma forma de preconceito\u201d.<\/span><\/p>\n<table class=\"t1\" cellspacing=\"0\" cellpadding=\"0\" bgcolor=\"#D9DDCC\">\n<tbody>\n<tr>\n<td class=\"td1\" valign=\"middle\">\n<h2><span style=\"color: #800000\"><b>A grande esperan\u00e7a do rap<\/b><\/span><\/h2>\n<p><!-- imagem GRANDE - com legenda - LADO ESQUERDO--><\/p>\n<div style=\"float: left;width: 360px;margin-right: 1.5em;margin-bottom: 1.5em\">\n<div style=\"float: left;padding: 5px;background-color: #fff !important\">\n<p><a href=\"http:\/\/homolog.saopaulo.sp.leg.br\/wp-content\/uploads\/2015\/05\/apartes_N13_b22.png\"><img loading=\"lazy\" decoding=\"async\" class=\"alignnone wp-image-28836\" src=\"http:\/\/homolog.saopaulo.sp.leg.br\/wp-content\/uploads\/2015\/05\/apartes_N13_b22.png\" alt=\"\" width=\"350\" height=\"283\" \/><\/a><\/p>\n<p style=\"font-size: 0.8em;line-height: 1.1em;text-align: center;margin: -1.5em 0px 7px 0px;color: #333;!important;background-color: transparent !important\" align=\"center\">\u00cdDOLO \u2014 Mauro Mateus dos Santos, o Sabotage<\/p>\n<\/div>\n<p style=\"font-size: 0.5em;line-height: 1.1em;text-align: right;margin: 4px 0px 7px 0px;background-color: transparent !important\">Cezar Schaeffer<\/p>\n<\/div>\n<p><!-- imagem GRANDE - com legenda - LADO ESQUERDO--><\/p>\n<p class=\"p4\"><span class=\"s3\">\u201cMauro Mateus dos Santos &#8211; o Sabotage &#8211; era, talvez, a grande esperan\u00e7a do g\u00eanero musical brasileiro que mais esperan\u00e7a traz aos jovens de nossas periferias: o rap, ou, latu sensu, a cultura do hip hop. Era o mais admirado, o mais querido, o mais respeitado &#8211; inclusive pelos m\u00edticos Racionais MC\u2019s, que o apoiaram no in\u00edcio de carreira\u201d, afirmou a ent\u00e3o vereadora Soninha, na justificativa do projeto de resolu\u00e7\u00e3o que originou o Pr\u00eamio Sabotage, em 2005.<\/span><\/p>\n<p class=\"p4\"><span class=\"s2\">Abandonado pelo pai antes do nascimento, Mauro foi criado pela m\u00e3e, que trabalhava como faxineira e vivia na Favela do Can\u00e3o, na zona sul de S\u00e3o Paulo, \u201cnum ambiente onde seus tios e parentes muitas vezes o embalaram no sono e trocavam suas fraldas com rev\u00f3lver na cintura\u201d, como descreve Toni C. na biografia de Sabotage, <i>Um bom lugar<\/i>. Mauro come\u00e7ou a trabalhar como \u201colheiro\u201d do tr\u00e1fico de drogas aos oito anos e, na juventude, continuou a avan\u00e7ar na hierarquia do crime. Mas nunca desistiu do sonho de ser m\u00fasico.<\/span><\/p>\n<p class=\"p4\">O talento de Sabotage chamou a aten\u00e7\u00e3o de rappers como Rappin\u2019 Hood e os integrantes do grupo RZO, que o ajudaram a trocar o crime pela carreira musical. Sua trajet\u00f3ria foi t\u00e3o r\u00e1pida quanto o ritmo das rimas que pipocavam da sua boca. Em dois anos, lan\u00e7ou um \u00e1lbum que marcou a hist\u00f3ria do hip hop nacional, <i>O rap \u00e9 compromisso<\/i>, participou de dois filmes de sucesso, <i>O Invasor<\/i> e <i>Carandiru<\/i>, e gravou com bandas como Charlie Brown Jr. e Sepultura.<\/p>\n<p class=\"p4\"><span class=\"s2\">Mesmo tendo largado o tr\u00e1fico, as velhas quest\u00f5es do mundo do crime voltaram para persegui-lo. \u201cSe eu fizer sucesso, a inveja dos caras n\u00e3o vai me deixar viver em paz\u201d, disse uma vez para o amigo Rappin\u2019 Hood. Em 24 de janeiro de 2003, foi morto com quatro tiros. Tinha 29 anos. Em 2010, Sirley Menezes da Silva, acusado pelo crime, foi condenado a 14 anos de pris\u00e3o. Sobre o m\u00fasico que d\u00e1 nome ao pr\u00eamio da CMSP, afirma Toni C: \u201cSabotage personifica numa s\u00f3 pessoa as mais profundas mazelas sociais de nosso Brasil\u201d.<\/span><\/p>\n<\/td>\n<\/tr>\n<\/tbody>\n<\/table>\n<h2 class=\"p6\"><span style=\"color: #800000\"><b>Saiba mais<\/b><\/span><\/h2>\n<p class=\"p4\"><b>Livro<br \/>\n<\/b><span class=\"s2\"><i>Sabotage &#8211; Um bom lugar: biografia oficial de Mauro Mateus dos Santos<\/i>. Toni C. LiteraRUA, 2013.<\/span><\/p>\n<p class=\"p4\"><b>Filmes<br \/>\n<\/b><i>Sabotage N\u00f3s<\/i>. Dire\u00e7\u00e3o de Guilherme Xavier Ribeiro. 2013.<br \/>\n<i>Sabotage: o Maestro do Can\u00e3o<\/i>. Dire\u00e7\u00e3o de Ivan 13P. 2015.<\/p>\n<p><!-- COMENTE SOBRE ESSA MATERIA --><\/p>\n<table border=\"0\" cellspacing=\"0\" cellpadding=\"0\">\n<tbody>\n<tr>\n<td align=\"center\" width=\"50%\">\n<h5>Comente sobre essa mat\u00e9ria:<\/h5>\n<p><a style=\"font-family: 'Helvetica Neue', 'Helvetica', Helvetica, Arial, sans-serif;color: #fff;font-size: 12px;text-decoration: none;font-weight: bold;text-align: center;background-color: #3b5998 !important;margin: 0 0 10px;padding: 3px 7px\" title=\"Facebook da revista Apartes\" href=\"https:\/\/www.facebook.com\/RevistaApartes\" target=\"_blank\">Facebook<\/a> <a style=\"font-family: 'Helvetica Neue', 'Helvetica', Helvetica, Arial, sans-serif;color: #fff;font-size: 12px;text-decoration: none;font-weight: bold;text-align: center;background-color: #1daced !important;margin: 0 0 10px;padding: 3px 7px\" title=\"Twitter da revista Apartes\" href=\"https:\/\/twitter.com\/RevistaApartes\" target=\"_blank\">Twitter<\/a><\/td>\n<td align=\"center\" width=\"50%\">\n<h5>Envie cr\u00edticas ou sugest\u00f5es:<\/h5>\n<p>Email: <strong><a href=\"mailto:apartes@saopaulo.sp.leg.br\">apartes@saopaulo.sp.leg.br<\/a><\/strong><\/td>\n<\/tr>\n<\/tbody>\n<\/table>\n<p><!-- COMENTE SOBRE ESSA MATERIA --><\/p>\n","protected":false},"excerpt":{"rendered":"<p>Festa da rima Primeira edi\u00e7\u00e3o do Pr\u00eamio Sabotage celebrou talentos do hip hop e lembrou a viol\u00eancia na periferia Fausto Salvadori Filho | fausto@saopaulo.sp.leg.br VENCEDORES \u2014 Cris, Lauane e Daiane (filhas de DJ Lah), Carlostep, Bonga e Tamires (filha de Sabotage) Mozart Gomes\/CMSP \u201cO mesmo Estado que \u00e0s vezes premia tamb\u00e9m mata\u201d, afirmou o grafiteiro [&hellip;]<\/p>\n","protected":false},"author":109,"featured_media":0,"parent":27794,"menu_order":9,"comment_status":"open","ping_status":"open","template":"","meta":{"footnotes":""},"class_list":["post-30898","page","type-page","status-publish","hentry"],"meta_all":{"_wp_page_template":["default"],"_yoast_wpseo_title":["Festa da rima - Revista Apartes"],"_yoast_wpseo_bctitle":["Festa da rima"],"_cmsp_page_download-files":["a:1:{i:0;a:1:{s:4:\"type\";s:3:\"pdf\";}}"],"_edit_last":["109"],"_edit_lock":["1480611103:109"],"_yoast_wpseo_opengraph-title":["Primeira edi\u00e7\u00e3o do Pr\u00eamio Sabotage celebrou talentos do hip hop e lembrou a viol\u00eancia na periferia"],"_yoast_wpseo_opengraph-description":["Primeira edi\u00e7\u00e3o do Pr\u00eamio Sabotage celebrou talentos do hip hop e lembrou a viol\u00eancia na periferia"],"_yoast_wpseo_twitter-title":["Primeira edi\u00e7\u00e3o do Pr\u00eamio Sabotage celebrou talentos do hip hop e lembrou a viol\u00eancia na periferia"],"_yoast_wpseo_twitter-description":["Primeira edi\u00e7\u00e3o do Pr\u00eamio Sabotage celebrou talentos do hip hop e lembrou a viol\u00eancia na periferia"],"_yoast_wpseo_content_score":["30"]},"meta_all_2":{"_wp_page_template":["default"],"_yoast_wpseo_title":["Festa da rima - Revista Apartes"],"_yoast_wpseo_bctitle":["Festa da rima"],"_cmsp_page_download-files":["a:1:{i:0;a:1:{s:4:\"type\";s:3:\"pdf\";}}"],"_edit_last":["109"],"_edit_lock":["1480611103:109"],"_yoast_wpseo_opengraph-title":["Primeira edi\u00e7\u00e3o do Pr\u00eamio Sabotage celebrou talentos do hip hop e lembrou a viol\u00eancia na periferia"],"_yoast_wpseo_opengraph-description":["Primeira edi\u00e7\u00e3o do Pr\u00eamio Sabotage celebrou talentos do hip hop e lembrou a viol\u00eancia na periferia"],"_yoast_wpseo_twitter-title":["Primeira edi\u00e7\u00e3o do Pr\u00eamio Sabotage celebrou talentos do hip hop e lembrou a viol\u00eancia na periferia"],"_yoast_wpseo_twitter-description":["Primeira edi\u00e7\u00e3o do Pr\u00eamio Sabotage celebrou talentos do hip hop e lembrou a viol\u00eancia na periferia"],"_yoast_wpseo_content_score":["30"]},"yoast_head":"<!-- This site is optimized with the Yoast SEO plugin v27.4 - https:\/\/yoast.com\/product\/yoast-seo-wordpress\/ -->\r\n<title>Festa da rima - Revista Apartes<\/title>\r\n<meta name=\"robots\" content=\"noindex, follow, max-snippet:-1, max-image-preview:large, max-video-preview:-1\" \/>\r\n<meta property=\"og:locale\" content=\"pt_BR\" \/>\r\n<meta property=\"og:type\" content=\"article\" \/>\r\n<meta property=\"og:title\" content=\"Primeira edi\u00e7\u00e3o do Pr\u00eamio Sabotage celebrou talentos do hip hop e lembrou a viol\u00eancia na periferia\" \/>\r\n<meta property=\"og:description\" content=\"Primeira edi\u00e7\u00e3o do Pr\u00eamio Sabotage celebrou talentos do hip hop e lembrou a viol\u00eancia na periferia\" \/>\r\n<meta property=\"og:url\" content=\"https:\/\/www.saopaulo.sp.leg.br\/apartes-anteriores\/revista-apartes\/numero-13-mar-abr2015\/festa-da-rima\/\" \/>\r\n<meta property=\"og:site_name\" content=\"Revista Apartes (edi\u00e7\u00f5es anteriores)\" \/>\r\n<meta property=\"article:publisher\" content=\"https:\/\/www.facebook.com\/RevistaApartes\/\" \/>\r\n<meta property=\"article:modified_time\" content=\"2016-12-01T16:53:26+00:00\" \/>\r\n<meta property=\"og:image\" content=\"http:\/\/www.saopaulo.sp.leg.br\/wp-content\/uploads\/2015\/05\/apartes_N13_a29.jpg\" \/>\r\n<meta name=\"twitter:card\" content=\"summary_large_image\" \/>\r\n<meta name=\"twitter:title\" content=\"Primeira edi\u00e7\u00e3o do Pr\u00eamio Sabotage celebrou talentos do hip hop e lembrou a viol\u00eancia na periferia\" \/>\r\n<meta name=\"twitter:description\" content=\"Primeira edi\u00e7\u00e3o do Pr\u00eamio Sabotage celebrou talentos do hip hop e lembrou a viol\u00eancia na periferia\" \/>\r\n<meta name=\"twitter:site\" content=\"@revistaapartes\" \/>\r\n<meta name=\"twitter:label1\" content=\"Est. tempo de leitura\" \/>\n\t<meta name=\"twitter:data1\" content=\"6 minutos\" \/>\r\n<script type=\"application\/ld+json\" class=\"yoast-schema-graph\">{\"@context\":\"https:\\\/\\\/schema.org\",\"@graph\":[{\"@type\":\"WebPage\",\"@id\":\"https:\\\/\\\/www.saopaulo.sp.leg.br\\\/apartes-anteriores\\\/revista-apartes\\\/numero-13-mar-abr2015\\\/festa-da-rima\\\/\",\"url\":\"https:\\\/\\\/www.saopaulo.sp.leg.br\\\/apartes-anteriores\\\/revista-apartes\\\/numero-13-mar-abr2015\\\/festa-da-rima\\\/\",\"name\":\"Festa da rima - Revista Apartes\",\"isPartOf\":{\"@id\":\"https:\\\/\\\/homolog.saopaulo.sp.leg.br\\\/apartes-anteriores\\\/#website\"},\"primaryImageOfPage\":{\"@id\":\"https:\\\/\\\/www.saopaulo.sp.leg.br\\\/apartes-anteriores\\\/revista-apartes\\\/numero-13-mar-abr2015\\\/festa-da-rima\\\/#primaryimage\"},\"image\":{\"@id\":\"https:\\\/\\\/www.saopaulo.sp.leg.br\\\/apartes-anteriores\\\/revista-apartes\\\/numero-13-mar-abr2015\\\/festa-da-rima\\\/#primaryimage\"},\"thumbnailUrl\":\"http:\\\/\\\/homolog.saopaulo.sp.leg.br\\\/wp-content\\\/uploads\\\/2015\\\/05\\\/apartes_N13_a29.jpg\",\"datePublished\":\"2015-06-11T17:37:52+00:00\",\"dateModified\":\"2016-12-01T16:53:26+00:00\",\"breadcrumb\":{\"@id\":\"https:\\\/\\\/www.saopaulo.sp.leg.br\\\/apartes-anteriores\\\/revista-apartes\\\/numero-13-mar-abr2015\\\/festa-da-rima\\\/#breadcrumb\"},\"inLanguage\":\"pt-BR\",\"potentialAction\":[{\"@type\":\"ReadAction\",\"target\":[\"https:\\\/\\\/www.saopaulo.sp.leg.br\\\/apartes-anteriores\\\/revista-apartes\\\/numero-13-mar-abr2015\\\/festa-da-rima\\\/\"]}]},{\"@type\":\"ImageObject\",\"inLanguage\":\"pt-BR\",\"@id\":\"https:\\\/\\\/www.saopaulo.sp.leg.br\\\/apartes-anteriores\\\/revista-apartes\\\/numero-13-mar-abr2015\\\/festa-da-rima\\\/#primaryimage\",\"url\":\"http:\\\/\\\/homolog.saopaulo.sp.leg.br\\\/wp-content\\\/uploads\\\/2015\\\/05\\\/apartes_N13_a29.jpg\",\"contentUrl\":\"http:\\\/\\\/homolog.saopaulo.sp.leg.br\\\/wp-content\\\/uploads\\\/2015\\\/05\\\/apartes_N13_a29.jpg\"},{\"@type\":\"BreadcrumbList\",\"@id\":\"https:\\\/\\\/www.saopaulo.sp.leg.br\\\/apartes-anteriores\\\/revista-apartes\\\/numero-13-mar-abr2015\\\/festa-da-rima\\\/#breadcrumb\",\"itemListElement\":[{\"@type\":\"ListItem\",\"position\":1,\"name\":\"Home\",\"item\":\"https:\\\/\\\/www.saopaulo.sp.leg.br\\\/apartes-anteriores\\\/\"},{\"@type\":\"ListItem\",\"position\":2,\"name\":\"Revista Apartes\",\"item\":\"https:\\\/\\\/www.saopaulo.sp.leg.br\\\/apartes-anteriores\\\/\"},{\"@type\":\"ListItem\",\"position\":3,\"name\":\"N\u00famero 13 &#8211; mar-abr\\\/2015\",\"item\":\"https:\\\/\\\/www.saopaulo.sp.leg.br\\\/apartes-anteriores\\\/revista-apartes\\\/numero-13-mar-abr2015\\\/\"},{\"@type\":\"ListItem\",\"position\":4,\"name\":\"Festa da rima\"}]},{\"@type\":\"WebSite\",\"@id\":\"https:\\\/\\\/homolog.saopaulo.sp.leg.br\\\/apartes-anteriores\\\/#website\",\"url\":\"https:\\\/\\\/homolog.saopaulo.sp.leg.br\\\/apartes-anteriores\\\/\",\"name\":\"Revista Apartes (edi\u00e7\u00f5es anteriores)\",\"description\":\"Revista Apartes (edi\u00e7\u00f5es anteriores)\",\"potentialAction\":[{\"@type\":\"SearchAction\",\"target\":{\"@type\":\"EntryPoint\",\"urlTemplate\":\"https:\\\/\\\/homolog.saopaulo.sp.leg.br\\\/apartes-anteriores\\\/?s={search_term_string}\"},\"query-input\":{\"@type\":\"PropertyValueSpecification\",\"valueRequired\":true,\"valueName\":\"search_term_string\"}}],\"inLanguage\":\"pt-BR\"}]}<\/script>\r\n<!-- \/ Yoast SEO plugin. -->","yoast_head_json":{"title":"Festa da rima - Revista Apartes","robots":{"index":"noindex","follow":"follow","max-snippet":"max-snippet:-1","max-image-preview":"max-image-preview:large","max-video-preview":"max-video-preview:-1"},"og_locale":"pt_BR","og_type":"article","og_title":"Primeira edi\u00e7\u00e3o do Pr\u00eamio Sabotage celebrou talentos do hip hop e lembrou a viol\u00eancia na periferia","og_description":"Primeira edi\u00e7\u00e3o do Pr\u00eamio Sabotage celebrou talentos do hip hop e lembrou a viol\u00eancia na periferia","og_url":"https:\/\/www.saopaulo.sp.leg.br\/apartes-anteriores\/revista-apartes\/numero-13-mar-abr2015\/festa-da-rima\/","og_site_name":"Revista Apartes (edi\u00e7\u00f5es anteriores)","article_publisher":"https:\/\/www.facebook.com\/RevistaApartes\/","article_modified_time":"2016-12-01T16:53:26+00:00","og_image":[{"url":"http:\/\/www.saopaulo.sp.leg.br\/wp-content\/uploads\/2015\/05\/apartes_N13_a29.jpg","type":"","width":"","height":""}],"twitter_card":"summary_large_image","twitter_title":"Primeira edi\u00e7\u00e3o do Pr\u00eamio Sabotage celebrou talentos do hip hop e lembrou a viol\u00eancia na periferia","twitter_description":"Primeira edi\u00e7\u00e3o do Pr\u00eamio Sabotage celebrou talentos do hip hop e lembrou a viol\u00eancia na periferia","twitter_site":"@revistaapartes","twitter_misc":{"Est. tempo de leitura":"6 minutos"},"schema":{"@context":"https:\/\/schema.org","@graph":[{"@type":"WebPage","@id":"https:\/\/www.saopaulo.sp.leg.br\/apartes-anteriores\/revista-apartes\/numero-13-mar-abr2015\/festa-da-rima\/","url":"https:\/\/www.saopaulo.sp.leg.br\/apartes-anteriores\/revista-apartes\/numero-13-mar-abr2015\/festa-da-rima\/","name":"Festa da rima - Revista Apartes","isPartOf":{"@id":"https:\/\/homolog.saopaulo.sp.leg.br\/apartes-anteriores\/#website"},"primaryImageOfPage":{"@id":"https:\/\/www.saopaulo.sp.leg.br\/apartes-anteriores\/revista-apartes\/numero-13-mar-abr2015\/festa-da-rima\/#primaryimage"},"image":{"@id":"https:\/\/www.saopaulo.sp.leg.br\/apartes-anteriores\/revista-apartes\/numero-13-mar-abr2015\/festa-da-rima\/#primaryimage"},"thumbnailUrl":"http:\/\/homolog.saopaulo.sp.leg.br\/wp-content\/uploads\/2015\/05\/apartes_N13_a29.jpg","datePublished":"2015-06-11T17:37:52+00:00","dateModified":"2016-12-01T16:53:26+00:00","breadcrumb":{"@id":"https:\/\/www.saopaulo.sp.leg.br\/apartes-anteriores\/revista-apartes\/numero-13-mar-abr2015\/festa-da-rima\/#breadcrumb"},"inLanguage":"pt-BR","potentialAction":[{"@type":"ReadAction","target":["https:\/\/www.saopaulo.sp.leg.br\/apartes-anteriores\/revista-apartes\/numero-13-mar-abr2015\/festa-da-rima\/"]}]},{"@type":"ImageObject","inLanguage":"pt-BR","@id":"https:\/\/www.saopaulo.sp.leg.br\/apartes-anteriores\/revista-apartes\/numero-13-mar-abr2015\/festa-da-rima\/#primaryimage","url":"http:\/\/homolog.saopaulo.sp.leg.br\/wp-content\/uploads\/2015\/05\/apartes_N13_a29.jpg","contentUrl":"http:\/\/homolog.saopaulo.sp.leg.br\/wp-content\/uploads\/2015\/05\/apartes_N13_a29.jpg"},{"@type":"BreadcrumbList","@id":"https:\/\/www.saopaulo.sp.leg.br\/apartes-anteriores\/revista-apartes\/numero-13-mar-abr2015\/festa-da-rima\/#breadcrumb","itemListElement":[{"@type":"ListItem","position":1,"name":"Home","item":"https:\/\/www.saopaulo.sp.leg.br\/apartes-anteriores\/"},{"@type":"ListItem","position":2,"name":"Revista Apartes","item":"https:\/\/www.saopaulo.sp.leg.br\/apartes-anteriores\/"},{"@type":"ListItem","position":3,"name":"N\u00famero 13 &#8211; mar-abr\/2015","item":"https:\/\/www.saopaulo.sp.leg.br\/apartes-anteriores\/revista-apartes\/numero-13-mar-abr2015\/"},{"@type":"ListItem","position":4,"name":"Festa da rima"}]},{"@type":"WebSite","@id":"https:\/\/homolog.saopaulo.sp.leg.br\/apartes-anteriores\/#website","url":"https:\/\/homolog.saopaulo.sp.leg.br\/apartes-anteriores\/","name":"Revista Apartes (edi\u00e7\u00f5es anteriores)","description":"Revista Apartes (edi\u00e7\u00f5es anteriores)","potentialAction":[{"@type":"SearchAction","target":{"@type":"EntryPoint","urlTemplate":"https:\/\/homolog.saopaulo.sp.leg.br\/apartes-anteriores\/?s={search_term_string}"},"query-input":{"@type":"PropertyValueSpecification","valueRequired":true,"valueName":"search_term_string"}}],"inLanguage":"pt-BR"}]}},"_links":{"self":[{"href":"https:\/\/homolog.saopaulo.sp.leg.br\/apartes-anteriores\/wp-json\/wp\/v2\/pages\/30898","targetHints":{"allow":["GET"]}}],"collection":[{"href":"https:\/\/homolog.saopaulo.sp.leg.br\/apartes-anteriores\/wp-json\/wp\/v2\/pages"}],"about":[{"href":"https:\/\/homolog.saopaulo.sp.leg.br\/apartes-anteriores\/wp-json\/wp\/v2\/types\/page"}],"author":[{"embeddable":true,"href":"https:\/\/homolog.saopaulo.sp.leg.br\/apartes-anteriores\/wp-json\/wp\/v2\/users\/109"}],"replies":[{"embeddable":true,"href":"https:\/\/homolog.saopaulo.sp.leg.br\/apartes-anteriores\/wp-json\/wp\/v2\/comments?post=30898"}],"version-history":[{"count":3,"href":"https:\/\/homolog.saopaulo.sp.leg.br\/apartes-anteriores\/wp-json\/wp\/v2\/pages\/30898\/revisions"}],"predecessor-version":[{"id":38534,"href":"https:\/\/homolog.saopaulo.sp.leg.br\/apartes-anteriores\/wp-json\/wp\/v2\/pages\/30898\/revisions\/38534"}],"up":[{"embeddable":true,"href":"https:\/\/homolog.saopaulo.sp.leg.br\/apartes-anteriores\/wp-json\/wp\/v2\/pages\/27794"}],"wp:attachment":[{"href":"https:\/\/homolog.saopaulo.sp.leg.br\/apartes-anteriores\/wp-json\/wp\/v2\/media?parent=30898"}],"curies":[{"name":"wp","href":"https:\/\/api.w.org\/{rel}","templated":true}]}}