{"id":31475,"date":"2015-06-22T19:36:30","date_gmt":"2015-06-22T22:36:30","guid":{"rendered":"http:\/\/homolog.saopaulo.sp.leg.br\/?page_id=31475"},"modified":"2015-08-19T20:46:39","modified_gmt":"2015-08-19T20:46:39","slug":"apartes-14-palavra-do-presidente","status":"publish","type":"page","link":"https:\/\/homolog.saopaulo.sp.leg.br\/apartes-anteriores\/revista-apartes\/numero-14-mai2015\/apartes-14-palavra-do-presidente\/","title":{"rendered":"N\u00ba14 &#8211; Palavra do Presidente"},"content":{"rendered":"<p><!-- imagem PEQUENA - com legenda - LADO DIREITO --><\/p>\n<div style=\"float: right;width: 160px;margin-left: 1.5em;margin-bottom: 1.5em\">\n<div style=\"float: right;padding: 5px;background-color: #eee !important\">\n<p><a href=\"http:\/\/homolog.saopaulo.sp.leg.br\/wp-content\/uploads\/2015\/06\/apartes_N14_a1.jpg\"><img loading=\"lazy\" decoding=\"async\" class=\"alignnone wp-image-31477 size-thumbnail\" src=\"http:\/\/homolog.saopaulo.sp.leg.br\/wp-content\/uploads\/2015\/06\/apartes_N14_a1-150x150.jpg\" alt=\"\" width=\"150\" height=\"150\" \/><\/a><\/p>\n<p style=\"font-size: 0.8em;line-height: 1.1em;text-align: center;margin: -1.5em 0px 7px 0px;color: #333;!important;background-color: transparent !important\" align=\"center\">Vereador Antonio Donato<br \/>\nPresidente da CMSP<\/p>\n<\/div>\n<p style=\"font-size: 0.5em;line-height: 1.1em;text-align: right;margin: 4px 0px 7px 0px;background-color: transparent !important\">Assessoria vereador<br \/>\nAntonio Donato<\/p>\n<\/div>\n<p><!-- imagem PEQUENA - com legenda - LADO DIREITO --><\/p>\n<h1 class=\"p1\"><span style=\"color: #800000\"><strong>Palavra do Presidente<\/strong><\/span><\/h1>\n<p class=\"p1\">Quando a Mesa Diretora da C\u00e2mara Municipal de S\u00e3o Paulo (CMSP) decidiu colocar em pr\u00e1tica o programa C\u00e2mara no seu Bairro, os vereadores sabiam que os resultados desses encontros semanais com os paulistanos, em todas as Subprefeituras do Munic\u00edpio, seriam muito ricos e que contribuiriam imensamente para o planejamento e iniciativas para a cidade de S\u00e3o Paulo.<\/p>\n<p class=\"p1\">Mas o que vem ocorrendo supera as nossas expectativas. A popula\u00e7\u00e3o tem feito do C\u00e2mara no seu Bairro o seu espa\u00e7o, o seu momento de falar diretamente para os vereadores sobre as necessidades de cada regi\u00e3o. Entre essas pessoas, um grupo muito especial tem chamado a nossa aten\u00e7\u00e3o: estudantes, de todas as idades, que aproveitam a oportunidade para aprender, ensinar e reivindicar. Nesta edi\u00e7\u00e3o, contamos um pouco sobre alguns desses estudantes e como eles t\u00eam contribu\u00eddo com esse projeto t\u00e3o importante, na reportagem <i>Aula de hoje: pol\u00edtica<\/i>.<\/p>\n<p class=\"p1\"><span class=\"s1\">As propostas envolvendo jovens e escola tamb\u00e9m est\u00e3o presentes neste n\u00famero em outras duas mat\u00e9rias. A primeira, <i>A idade do crime<\/i>, trata do debate sobre maioridade penal, tema que vem sendo discutido nacionalmente e est\u00e1 em pauta nesta Casa. A segunda, <i>Mais sabor e sa\u00fade no prato<\/i>, aborda a introdu\u00e7\u00e3o de alimentos org\u00e2nicos na merenda escolar da rede municipal de S\u00e3o Paulo. Com uma lei aprovada pelos vereadores, pretendemos propiciar aos estudantes uma alimenta\u00e7\u00e3o muito mais saud\u00e1vel, livre de agrot\u00f3xicos.<\/span><\/p>\n<p class=\"p1\">Al\u00e9m da proposta para disponibilizar merenda livre do chamado veneno agr\u00edcola, h\u00e1 tamb\u00e9m um grande esfor\u00e7o dos vereadores para identificar e propor solu\u00e7\u00f5es para regi\u00f5es da capital que sofrem com a contamina\u00e7\u00e3o do solo, um grave efeito colateral do desenvolvimento urbano. A Comiss\u00e3o Parlamentar de Inqu\u00e9rito (CPI) que investigou o assunto encerrou-se em fevereiro e as conclus\u00f5es e propostas podem ser conferidas na reportagem <i>O pre\u00e7o da industrializa\u00e7\u00e3o<\/i>.<\/p>\n<p class=\"p1\">Em uma edi\u00e7\u00e3o com tanto espa\u00e7o dedicado a quest\u00f5es sobre os jovens, o perfil conta a hist\u00f3ria de um \u201cgaroto\u201d de 88 anos, cuja mem\u00f3ria causa inveja a muito moleque. Falamos do ex-vereador \u00cdtalo Fittipaldi, que nos presenteia com deliciosos epis\u00f3dios da pol\u00edtica paulistana. Finalmente, esta edi\u00e7\u00e3o traz reportagem sobre lei rec\u00e9m-aprovada na CMSP que permite que bichos de estima\u00e7\u00e3o sejam transportados em \u00f4nibus municipais, facilitando a vida de muitos propriet\u00e1rios, cuidadores e protetores. Conhe\u00e7a as regras para utilizar a novidade na reportagem <i>Passageiros de estima\u00e7\u00e3o<\/i>.<\/p>\n","protected":false},"excerpt":{"rendered":"<p>Vereador Antonio Donato Presidente da CMSP Assessoria vereador Antonio Donato Palavra do Presidente Quando a Mesa Diretora da C\u00e2mara Municipal de S\u00e3o Paulo (CMSP) decidiu colocar em pr\u00e1tica o programa C\u00e2mara no seu Bairro, os vereadores sabiam que os resultados desses encontros semanais com os paulistanos, em todas as Subprefeituras do Munic\u00edpio, seriam muito ricos [&hellip;]<\/p>\n","protected":false},"author":109,"featured_media":0,"parent":115,"menu_order":1,"comment_status":"open","ping_status":"open","template":"","meta":{"footnotes":""},"class_list":["post-31475","page","type-page","status-publish","hentry"],"meta_all":{"_wp_page_template":["default"],"_yoast_wpseo_title":["Palavra do Presidente - Revista Apartes"],"_yoast_wpseo_bctitle":["Palavra do Presidente"],"_cmsp_page_download-files":["a:1:{i:0;a:1:{s:4:\"type\";s:3:\"pdf\";}}"],"_edit_last":["109"],"_edit_lock":["1442352367:109"]},"meta_all_2":{"_wp_page_template":["default"],"_yoast_wpseo_title":["Palavra do Presidente - Revista Apartes"],"_yoast_wpseo_bctitle":["Palavra do Presidente"],"_cmsp_page_download-files":["a:1:{i:0;a:1:{s:4:\"type\";s:3:\"pdf\";}}"],"_edit_last":["109"],"_edit_lock":["1442352367:109"]},"yoast_head":"<!-- This site is optimized with the Yoast SEO plugin v27.4 - https:\/\/yoast.com\/product\/yoast-seo-wordpress\/ -->\r\n<title>Palavra do Presidente - Revista Apartes<\/title>\r\n<meta name=\"robots\" content=\"noindex, follow, max-snippet:-1, max-image-preview:large, max-video-preview:-1\" \/>\r\n<meta property=\"og:locale\" content=\"pt_BR\" \/>\r\n<meta property=\"og:type\" content=\"article\" \/>\r\n<meta property=\"og:title\" content=\"Palavra do Presidente - Revista Apartes\" \/>\r\n<meta property=\"og:description\" content=\"Vereador Antonio Donato Presidente da CMSP Assessoria vereador Antonio Donato Palavra do Presidente Quando a Mesa Diretora da C\u00e2mara Municipal de S\u00e3o Paulo (CMSP) decidiu colocar em pr\u00e1tica o programa C\u00e2mara no seu Bairro, os vereadores sabiam que os resultados desses encontros semanais com os paulistanos, em todas as Subprefeituras do Munic\u00edpio, seriam muito ricos [&hellip;]\" \/>\r\n<meta property=\"og:url\" content=\"https:\/\/www.saopaulo.sp.leg.br\/apartes-anteriores\/revista-apartes\/numero-14-mai2015\/apartes-14-palavra-do-presidente\/\" \/>\r\n<meta property=\"og:site_name\" content=\"Revista Apartes (edi\u00e7\u00f5es anteriores)\" \/>\r\n<meta property=\"article:publisher\" content=\"https:\/\/www.facebook.com\/RevistaApartes\/\" \/>\r\n<meta property=\"article:modified_time\" content=\"2015-08-19T20:46:39+00:00\" \/>\r\n<meta property=\"og:image\" content=\"http:\/\/www.saopaulo.sp.leg.br\/wp-content\/uploads\/2015\/06\/apartes_N14_a1-150x150.jpg\" \/>\r\n<meta name=\"twitter:card\" content=\"summary_large_image\" \/>\r\n<meta name=\"twitter:site\" content=\"@revistaapartes\" \/>\r\n<meta name=\"twitter:label1\" content=\"Est. tempo de leitura\" \/>\n\t<meta name=\"twitter:data1\" content=\"2 minutos\" \/>\r\n<script type=\"application\/ld+json\" class=\"yoast-schema-graph\">{\"@context\":\"https:\\\/\\\/schema.org\",\"@graph\":[{\"@type\":\"WebPage\",\"@id\":\"https:\\\/\\\/www.saopaulo.sp.leg.br\\\/apartes-anteriores\\\/revista-apartes\\\/numero-14-mai2015\\\/apartes-14-palavra-do-presidente\\\/\",\"url\":\"https:\\\/\\\/www.saopaulo.sp.leg.br\\\/apartes-anteriores\\\/revista-apartes\\\/numero-14-mai2015\\\/apartes-14-palavra-do-presidente\\\/\",\"name\":\"Palavra do Presidente - Revista Apartes\",\"isPartOf\":{\"@id\":\"https:\\\/\\\/homolog.saopaulo.sp.leg.br\\\/apartes-anteriores\\\/#website\"},\"primaryImageOfPage\":{\"@id\":\"https:\\\/\\\/www.saopaulo.sp.leg.br\\\/apartes-anteriores\\\/revista-apartes\\\/numero-14-mai2015\\\/apartes-14-palavra-do-presidente\\\/#primaryimage\"},\"image\":{\"@id\":\"https:\\\/\\\/www.saopaulo.sp.leg.br\\\/apartes-anteriores\\\/revista-apartes\\\/numero-14-mai2015\\\/apartes-14-palavra-do-presidente\\\/#primaryimage\"},\"thumbnailUrl\":\"http:\\\/\\\/homolog.saopaulo.sp.leg.br\\\/wp-content\\\/uploads\\\/2015\\\/06\\\/apartes_N14_a1-150x150.jpg\",\"datePublished\":\"2015-06-22T22:36:30+00:00\",\"dateModified\":\"2015-08-19T20:46:39+00:00\",\"breadcrumb\":{\"@id\":\"https:\\\/\\\/www.saopaulo.sp.leg.br\\\/apartes-anteriores\\\/revista-apartes\\\/numero-14-mai2015\\\/apartes-14-palavra-do-presidente\\\/#breadcrumb\"},\"inLanguage\":\"pt-BR\",\"potentialAction\":[{\"@type\":\"ReadAction\",\"target\":[\"https:\\\/\\\/www.saopaulo.sp.leg.br\\\/apartes-anteriores\\\/revista-apartes\\\/numero-14-mai2015\\\/apartes-14-palavra-do-presidente\\\/\"]}]},{\"@type\":\"ImageObject\",\"inLanguage\":\"pt-BR\",\"@id\":\"https:\\\/\\\/www.saopaulo.sp.leg.br\\\/apartes-anteriores\\\/revista-apartes\\\/numero-14-mai2015\\\/apartes-14-palavra-do-presidente\\\/#primaryimage\",\"url\":\"http:\\\/\\\/homolog.saopaulo.sp.leg.br\\\/wp-content\\\/uploads\\\/2015\\\/06\\\/apartes_N14_a1-150x150.jpg\",\"contentUrl\":\"http:\\\/\\\/homolog.saopaulo.sp.leg.br\\\/wp-content\\\/uploads\\\/2015\\\/06\\\/apartes_N14_a1-150x150.jpg\"},{\"@type\":\"BreadcrumbList\",\"@id\":\"https:\\\/\\\/www.saopaulo.sp.leg.br\\\/apartes-anteriores\\\/revista-apartes\\\/numero-14-mai2015\\\/apartes-14-palavra-do-presidente\\\/#breadcrumb\",\"itemListElement\":[{\"@type\":\"ListItem\",\"position\":1,\"name\":\"Home\",\"item\":\"https:\\\/\\\/www.saopaulo.sp.leg.br\\\/apartes-anteriores\\\/\"},{\"@type\":\"ListItem\",\"position\":2,\"name\":\"Revista Apartes\",\"item\":\"https:\\\/\\\/www.saopaulo.sp.leg.br\\\/apartes-anteriores\\\/\"},{\"@type\":\"ListItem\",\"position\":3,\"name\":\"N\u00famero 14 &#8211; mai\\\/2015\",\"item\":\"https:\\\/\\\/www.saopaulo.sp.leg.br\\\/apartes-anteriores\\\/revista-apartes\\\/numero-14-mai2015\\\/\"},{\"@type\":\"ListItem\",\"position\":4,\"name\":\"Palavra do Presidente\"}]},{\"@type\":\"WebSite\",\"@id\":\"https:\\\/\\\/homolog.saopaulo.sp.leg.br\\\/apartes-anteriores\\\/#website\",\"url\":\"https:\\\/\\\/homolog.saopaulo.sp.leg.br\\\/apartes-anteriores\\\/\",\"name\":\"Revista Apartes (edi\u00e7\u00f5es anteriores)\",\"description\":\"Revista Apartes (edi\u00e7\u00f5es anteriores)\",\"potentialAction\":[{\"@type\":\"SearchAction\",\"target\":{\"@type\":\"EntryPoint\",\"urlTemplate\":\"https:\\\/\\\/homolog.saopaulo.sp.leg.br\\\/apartes-anteriores\\\/?s={search_term_string}\"},\"query-input\":{\"@type\":\"PropertyValueSpecification\",\"valueRequired\":true,\"valueName\":\"search_term_string\"}}],\"inLanguage\":\"pt-BR\"}]}<\/script>\r\n<!-- \/ Yoast SEO plugin. -->","yoast_head_json":{"title":"Palavra do Presidente - Revista Apartes","robots":{"index":"noindex","follow":"follow","max-snippet":"max-snippet:-1","max-image-preview":"max-image-preview:large","max-video-preview":"max-video-preview:-1"},"og_locale":"pt_BR","og_type":"article","og_title":"Palavra do Presidente - Revista Apartes","og_description":"Vereador Antonio Donato Presidente da CMSP Assessoria vereador Antonio Donato Palavra do Presidente Quando a Mesa Diretora da C\u00e2mara Municipal de S\u00e3o Paulo (CMSP) decidiu colocar em pr\u00e1tica o programa C\u00e2mara no seu Bairro, os vereadores sabiam que os resultados desses encontros semanais com os paulistanos, em todas as Subprefeituras do Munic\u00edpio, seriam muito ricos [&hellip;]","og_url":"https:\/\/www.saopaulo.sp.leg.br\/apartes-anteriores\/revista-apartes\/numero-14-mai2015\/apartes-14-palavra-do-presidente\/","og_site_name":"Revista Apartes (edi\u00e7\u00f5es anteriores)","article_publisher":"https:\/\/www.facebook.com\/RevistaApartes\/","article_modified_time":"2015-08-19T20:46:39+00:00","og_image":[{"url":"http:\/\/www.saopaulo.sp.leg.br\/wp-content\/uploads\/2015\/06\/apartes_N14_a1-150x150.jpg","type":"","width":"","height":""}],"twitter_card":"summary_large_image","twitter_site":"@revistaapartes","twitter_misc":{"Est. tempo de leitura":"2 minutos"},"schema":{"@context":"https:\/\/schema.org","@graph":[{"@type":"WebPage","@id":"https:\/\/www.saopaulo.sp.leg.br\/apartes-anteriores\/revista-apartes\/numero-14-mai2015\/apartes-14-palavra-do-presidente\/","url":"https:\/\/www.saopaulo.sp.leg.br\/apartes-anteriores\/revista-apartes\/numero-14-mai2015\/apartes-14-palavra-do-presidente\/","name":"Palavra do Presidente - Revista Apartes","isPartOf":{"@id":"https:\/\/homolog.saopaulo.sp.leg.br\/apartes-anteriores\/#website"},"primaryImageOfPage":{"@id":"https:\/\/www.saopaulo.sp.leg.br\/apartes-anteriores\/revista-apartes\/numero-14-mai2015\/apartes-14-palavra-do-presidente\/#primaryimage"},"image":{"@id":"https:\/\/www.saopaulo.sp.leg.br\/apartes-anteriores\/revista-apartes\/numero-14-mai2015\/apartes-14-palavra-do-presidente\/#primaryimage"},"thumbnailUrl":"http:\/\/homolog.saopaulo.sp.leg.br\/wp-content\/uploads\/2015\/06\/apartes_N14_a1-150x150.jpg","datePublished":"2015-06-22T22:36:30+00:00","dateModified":"2015-08-19T20:46:39+00:00","breadcrumb":{"@id":"https:\/\/www.saopaulo.sp.leg.br\/apartes-anteriores\/revista-apartes\/numero-14-mai2015\/apartes-14-palavra-do-presidente\/#breadcrumb"},"inLanguage":"pt-BR","potentialAction":[{"@type":"ReadAction","target":["https:\/\/www.saopaulo.sp.leg.br\/apartes-anteriores\/revista-apartes\/numero-14-mai2015\/apartes-14-palavra-do-presidente\/"]}]},{"@type":"ImageObject","inLanguage":"pt-BR","@id":"https:\/\/www.saopaulo.sp.leg.br\/apartes-anteriores\/revista-apartes\/numero-14-mai2015\/apartes-14-palavra-do-presidente\/#primaryimage","url":"http:\/\/homolog.saopaulo.sp.leg.br\/wp-content\/uploads\/2015\/06\/apartes_N14_a1-150x150.jpg","contentUrl":"http:\/\/homolog.saopaulo.sp.leg.br\/wp-content\/uploads\/2015\/06\/apartes_N14_a1-150x150.jpg"},{"@type":"BreadcrumbList","@id":"https:\/\/www.saopaulo.sp.leg.br\/apartes-anteriores\/revista-apartes\/numero-14-mai2015\/apartes-14-palavra-do-presidente\/#breadcrumb","itemListElement":[{"@type":"ListItem","position":1,"name":"Home","item":"https:\/\/www.saopaulo.sp.leg.br\/apartes-anteriores\/"},{"@type":"ListItem","position":2,"name":"Revista Apartes","item":"https:\/\/www.saopaulo.sp.leg.br\/apartes-anteriores\/"},{"@type":"ListItem","position":3,"name":"N\u00famero 14 &#8211; mai\/2015","item":"https:\/\/www.saopaulo.sp.leg.br\/apartes-anteriores\/revista-apartes\/numero-14-mai2015\/"},{"@type":"ListItem","position":4,"name":"Palavra do Presidente"}]},{"@type":"WebSite","@id":"https:\/\/homolog.saopaulo.sp.leg.br\/apartes-anteriores\/#website","url":"https:\/\/homolog.saopaulo.sp.leg.br\/apartes-anteriores\/","name":"Revista Apartes (edi\u00e7\u00f5es anteriores)","description":"Revista Apartes (edi\u00e7\u00f5es anteriores)","potentialAction":[{"@type":"SearchAction","target":{"@type":"EntryPoint","urlTemplate":"https:\/\/homolog.saopaulo.sp.leg.br\/apartes-anteriores\/?s={search_term_string}"},"query-input":{"@type":"PropertyValueSpecification","valueRequired":true,"valueName":"search_term_string"}}],"inLanguage":"pt-BR"}]}},"_links":{"self":[{"href":"https:\/\/homolog.saopaulo.sp.leg.br\/apartes-anteriores\/wp-json\/wp\/v2\/pages\/31475","targetHints":{"allow":["GET"]}}],"collection":[{"href":"https:\/\/homolog.saopaulo.sp.leg.br\/apartes-anteriores\/wp-json\/wp\/v2\/pages"}],"about":[{"href":"https:\/\/homolog.saopaulo.sp.leg.br\/apartes-anteriores\/wp-json\/wp\/v2\/types\/page"}],"author":[{"embeddable":true,"href":"https:\/\/homolog.saopaulo.sp.leg.br\/apartes-anteriores\/wp-json\/wp\/v2\/users\/109"}],"replies":[{"embeddable":true,"href":"https:\/\/homolog.saopaulo.sp.leg.br\/apartes-anteriores\/wp-json\/wp\/v2\/comments?post=31475"}],"version-history":[{"count":1,"href":"https:\/\/homolog.saopaulo.sp.leg.br\/apartes-anteriores\/wp-json\/wp\/v2\/pages\/31475\/revisions"}],"predecessor-version":[{"id":33949,"href":"https:\/\/homolog.saopaulo.sp.leg.br\/apartes-anteriores\/wp-json\/wp\/v2\/pages\/31475\/revisions\/33949"}],"up":[{"embeddable":true,"href":"https:\/\/homolog.saopaulo.sp.leg.br\/apartes-anteriores\/wp-json\/wp\/v2\/pages\/115"}],"wp:attachment":[{"href":"https:\/\/homolog.saopaulo.sp.leg.br\/apartes-anteriores\/wp-json\/wp\/v2\/media?parent=31475"}],"curies":[{"name":"wp","href":"https:\/\/api.w.org\/{rel}","templated":true}]}}