{"id":31897,"date":"2015-06-26T16:23:52","date_gmt":"2015-06-26T19:23:52","guid":{"rendered":"http:\/\/homolog.saopaulo.sp.leg.br\/?page_id=31897"},"modified":"2016-12-01T14:56:16","modified_gmt":"2016-12-01T16:56:16","slug":"italia-e-a-conta-da-reforma-politica","status":"publish","type":"page","link":"https:\/\/homolog.saopaulo.sp.leg.br\/apartes-anteriores\/revista-apartes\/numero-14-mai2015\/italia-e-a-conta-da-reforma-politica\/","title":{"rendered":"N\u00ba14 \u2013 Internacional"},"content":{"rendered":"<h1 class=\"p1\"><span class=\"s5\" style=\"color: #800000\"><b>It\u00e1lia e a conta da reforma pol\u00edtica<\/b><\/span><\/h1>\n<p><!-- imagem TOTAL - com legenda - CENTRALIZADA --><\/p>\n<div style=\"width: 100%;margin-right: 1.5em;margin-bottom: 1.5em\">\n<div style=\"padding: 5px;background-color: transparent !important\">\n<p><a href=\"http:\/\/homolog.saopaulo.sp.leg.br\/wp-content\/uploads\/2015\/06\/apartes_N14_b2.jpg\"><img loading=\"lazy\" decoding=\"async\" class=\"alignnone wp-image-31506 size-large\" src=\"http:\/\/homolog.saopaulo.sp.leg.br\/wp-content\/uploads\/2015\/06\/apartes_N14_b2-1024x953.jpg\" alt=\"\" width=\"640\" height=\"596\" \/><\/a><\/p>\n<p style=\"font-size: 0.8em;line-height: 1.1em;text-align: center;margin: -1.5em 0px 7px 0px;color: #333;!important;background-color: transparent !important\" align=\"center\">Presidenta da C\u00e2mara italiana, Laura Boldrini, (destaque) na III Jornada Brasil-It\u00e1lia (acima)<\/p>\n<\/div>\n<p style=\"font-size: 0.5em;line-height: 1.1em;text-align: right;margin: 4px 0px 7px 0px;background-color: transparent !important\">fotos: F\u00e1bio Lazzari\/CMSP<\/p>\n<\/div>\n<p><!-- imagem TOTAL - com legenda - CENTRALIZADA --><\/p>\n<p class=\"p3\"><span class=\"s4\">Assim como o Brasil, a It\u00e1lia tamb\u00e9m passa por uma reforma pol\u00edtica. O pa\u00eds europeu acaba de abolir o financiamento p\u00fablico partid\u00e1rio. \u201cAinda tenho d\u00favida de que tenha sido uma escolha correta\u201d, disse no Parlamento paulistano a presidenta da C\u00e2mara dos Deputados italiana, jornalista Laura Boldrini. \u201cQuando algu\u00e9m cobre o custo, sempre manda a conta; o financiamento privado de partidos nunca \u00e9 filantr\u00f3pico\u201d, avaliou. <\/span><\/p>\n<p class=\"p3\">A deputada esteve dia 29 de maio, na CMSP, na III Jornada Brasil-It\u00e1lia, sobre cidades sustent\u00e1veis e seguran\u00e7a alimentar, ao lado de Andrea Matarazzo (PSDB), vereador paulistano e ex-embaixador do Brasil na It\u00e1lia, do presidente da C\u00e2mara Municipal, Antonio Donato (PT), e de outras autoridades brasileiras e italianas.<\/p>\n<p class=\"p3\">Laura Boldrini convidou Donato a visitar Roma no primeiro encontro parlamentar It\u00e1lia-Am\u00e9rica Latina, em 4 e 5 de outubro. Depois, as delega\u00e7\u00f5es italianas e latino-americanas ir\u00e3o \u00e0 Expo Mil\u00e3o 2015, onde representantes de 140 pa\u00edses debatem, de 1\u00ba de maio a 31 de outubro, a capacidade mundial de alimentar as pessoas. \u201cA nutri\u00e7\u00e3o \u00e9 um grande desafio para o mundo inteiro e o Brasil certamente \u00e9 o primeiro da fila nesse \u00e2mbito\u201d, destaca Laura.<\/p>\n<p><!-- COMENTE SOBRE ESSA MATERIA --><\/p>\n<table border=\"0\" cellspacing=\"0\" cellpadding=\"0\">\n<tbody>\n<tr>\n<td align=\"center\" width=\"50%\">\n<h5>Comente sobre essa mat\u00e9ria:<\/h5>\n<p><a style=\"font-family: 'Helvetica Neue', 'Helvetica', Helvetica, Arial, sans-serif;color: #fff;font-size: 12px;text-decoration: none;font-weight: bold;text-align: center;background-color: #3b5998 !important;margin: 0 0 10px;padding: 3px 7px\" title=\"Facebook da revista Apartes\" href=\"https:\/\/www.facebook.com\/RevistaApartes\" target=\"_blank\">Facebook<\/a> <a style=\"font-family: 'Helvetica Neue', 'Helvetica', Helvetica, Arial, sans-serif;color: #fff;font-size: 12px;text-decoration: none;font-weight: bold;text-align: center;background-color: #1daced !important;margin: 0 0 10px;padding: 3px 7px\" title=\"Twitter da revista Apartes\" href=\"https:\/\/twitter.com\/RevistaApartes\" target=\"_blank\">Twitter<\/a><\/td>\n<td align=\"center\" width=\"50%\">\n<h5>Envie cr\u00edticas ou sugest\u00f5es:<\/h5>\n<p>Email: <strong><a href=\"mailto:apartes@saopaulo.sp.leg.br\">apartes@saopaulo.sp.leg.br<\/a><\/strong><\/td>\n<\/tr>\n<\/tbody>\n<\/table>\n<p><!-- COMENTE SOBRE ESSA MATERIA --><\/p>\n","protected":false},"excerpt":{"rendered":"<p>It\u00e1lia e a conta da reforma pol\u00edtica Presidenta da C\u00e2mara italiana, Laura Boldrini, (destaque) na III Jornada Brasil-It\u00e1lia (acima) fotos: F\u00e1bio Lazzari\/CMSP Assim como o Brasil, a It\u00e1lia tamb\u00e9m passa por uma reforma pol\u00edtica. O pa\u00eds europeu acaba de abolir o financiamento p\u00fablico partid\u00e1rio. \u201cAinda tenho d\u00favida de que tenha sido uma escolha correta\u201d, disse [&hellip;]<\/p>\n","protected":false},"author":109,"featured_media":0,"parent":115,"menu_order":3,"comment_status":"open","ping_status":"open","template":"","meta":{"footnotes":""},"class_list":["post-31897","page","type-page","status-publish","hentry"],"meta_all":{"_wp_page_template":["default"],"_yoast_wpseo_title":["It\u00e1lia e a conta da reforma pol\u00edtica - Revista Apartes"],"_yoast_wpseo_bctitle":["It\u00e1lia e a conta da reforma pol\u00edtica"],"_cmsp_page_download-files":["a:1:{i:0;a:1:{s:4:\"type\";s:3:\"pdf\";}}"],"_edit_last":["109"],"_edit_lock":["1480611249:109"],"_yoast_wpseo_opengraph-title":["It\u00e1lia e a conta da reforma pol\u00edtica"],"_yoast_wpseo_opengraph-description":["It\u00e1lia e a conta da reforma pol\u00edtica"],"_yoast_wpseo_twitter-title":["It\u00e1lia e a conta da reforma pol\u00edtica"],"_yoast_wpseo_twitter-description":["It\u00e1lia e a conta da reforma pol\u00edtica"],"_yoast_wpseo_content_score":["90"]},"meta_all_2":{"_wp_page_template":["default"],"_yoast_wpseo_title":["It\u00e1lia e a conta da reforma pol\u00edtica - Revista Apartes"],"_yoast_wpseo_bctitle":["It\u00e1lia e a conta da reforma pol\u00edtica"],"_cmsp_page_download-files":["a:1:{i:0;a:1:{s:4:\"type\";s:3:\"pdf\";}}"],"_edit_last":["109"],"_edit_lock":["1480611249:109"],"_yoast_wpseo_opengraph-title":["It\u00e1lia e a conta da reforma pol\u00edtica"],"_yoast_wpseo_opengraph-description":["It\u00e1lia e a conta da reforma pol\u00edtica"],"_yoast_wpseo_twitter-title":["It\u00e1lia e a conta da reforma pol\u00edtica"],"_yoast_wpseo_twitter-description":["It\u00e1lia e a conta da reforma pol\u00edtica"],"_yoast_wpseo_content_score":["90"]},"yoast_head":"<!-- This site is optimized with the Yoast SEO plugin v27.4 - https:\/\/yoast.com\/product\/yoast-seo-wordpress\/ -->\r\n<title>It\u00e1lia e a conta da reforma pol\u00edtica - Revista Apartes<\/title>\r\n<meta name=\"robots\" content=\"noindex, follow, max-snippet:-1, max-image-preview:large, max-video-preview:-1\" \/>\r\n<meta property=\"og:locale\" content=\"pt_BR\" \/>\r\n<meta property=\"og:type\" content=\"article\" \/>\r\n<meta property=\"og:title\" content=\"It\u00e1lia e a conta da reforma pol\u00edtica\" \/>\r\n<meta property=\"og:description\" content=\"It\u00e1lia e a conta da reforma pol\u00edtica\" \/>\r\n<meta property=\"og:url\" content=\"https:\/\/www.saopaulo.sp.leg.br\/apartes-anteriores\/revista-apartes\/numero-14-mai2015\/italia-e-a-conta-da-reforma-politica\/\" \/>\r\n<meta property=\"og:site_name\" content=\"Revista Apartes (edi\u00e7\u00f5es anteriores)\" \/>\r\n<meta property=\"article:publisher\" content=\"https:\/\/www.facebook.com\/RevistaApartes\/\" \/>\r\n<meta property=\"article:modified_time\" content=\"2016-12-01T16:56:16+00:00\" \/>\r\n<meta property=\"og:image\" content=\"http:\/\/www.saopaulo.sp.leg.br\/wp-content\/uploads\/2015\/06\/apartes_N14_b2-1024x953.jpg\" \/>\r\n<meta name=\"twitter:card\" content=\"summary_large_image\" \/>\r\n<meta name=\"twitter:title\" content=\"It\u00e1lia e a conta da reforma pol\u00edtica\" \/>\r\n<meta name=\"twitter:description\" content=\"It\u00e1lia e a conta da reforma pol\u00edtica\" \/>\r\n<meta name=\"twitter:site\" content=\"@revistaapartes\" \/>\r\n<meta name=\"twitter:label1\" content=\"Est. tempo de leitura\" \/>\n\t<meta name=\"twitter:data1\" content=\"1 minuto\" \/>\r\n<script type=\"application\/ld+json\" class=\"yoast-schema-graph\">{\"@context\":\"https:\\\/\\\/schema.org\",\"@graph\":[{\"@type\":\"WebPage\",\"@id\":\"https:\\\/\\\/www.saopaulo.sp.leg.br\\\/apartes-anteriores\\\/revista-apartes\\\/numero-14-mai2015\\\/italia-e-a-conta-da-reforma-politica\\\/\",\"url\":\"https:\\\/\\\/www.saopaulo.sp.leg.br\\\/apartes-anteriores\\\/revista-apartes\\\/numero-14-mai2015\\\/italia-e-a-conta-da-reforma-politica\\\/\",\"name\":\"It\u00e1lia e a conta da reforma pol\u00edtica - Revista Apartes\",\"isPartOf\":{\"@id\":\"https:\\\/\\\/homolog.saopaulo.sp.leg.br\\\/apartes-anteriores\\\/#website\"},\"primaryImageOfPage\":{\"@id\":\"https:\\\/\\\/www.saopaulo.sp.leg.br\\\/apartes-anteriores\\\/revista-apartes\\\/numero-14-mai2015\\\/italia-e-a-conta-da-reforma-politica\\\/#primaryimage\"},\"image\":{\"@id\":\"https:\\\/\\\/www.saopaulo.sp.leg.br\\\/apartes-anteriores\\\/revista-apartes\\\/numero-14-mai2015\\\/italia-e-a-conta-da-reforma-politica\\\/#primaryimage\"},\"thumbnailUrl\":\"http:\\\/\\\/homolog.saopaulo.sp.leg.br\\\/wp-content\\\/uploads\\\/2015\\\/06\\\/apartes_N14_b2-1024x953.jpg\",\"datePublished\":\"2015-06-26T19:23:52+00:00\",\"dateModified\":\"2016-12-01T16:56:16+00:00\",\"breadcrumb\":{\"@id\":\"https:\\\/\\\/www.saopaulo.sp.leg.br\\\/apartes-anteriores\\\/revista-apartes\\\/numero-14-mai2015\\\/italia-e-a-conta-da-reforma-politica\\\/#breadcrumb\"},\"inLanguage\":\"pt-BR\",\"potentialAction\":[{\"@type\":\"ReadAction\",\"target\":[\"https:\\\/\\\/www.saopaulo.sp.leg.br\\\/apartes-anteriores\\\/revista-apartes\\\/numero-14-mai2015\\\/italia-e-a-conta-da-reforma-politica\\\/\"]}]},{\"@type\":\"ImageObject\",\"inLanguage\":\"pt-BR\",\"@id\":\"https:\\\/\\\/www.saopaulo.sp.leg.br\\\/apartes-anteriores\\\/revista-apartes\\\/numero-14-mai2015\\\/italia-e-a-conta-da-reforma-politica\\\/#primaryimage\",\"url\":\"http:\\\/\\\/homolog.saopaulo.sp.leg.br\\\/wp-content\\\/uploads\\\/2015\\\/06\\\/apartes_N14_b2-1024x953.jpg\",\"contentUrl\":\"http:\\\/\\\/homolog.saopaulo.sp.leg.br\\\/wp-content\\\/uploads\\\/2015\\\/06\\\/apartes_N14_b2-1024x953.jpg\"},{\"@type\":\"BreadcrumbList\",\"@id\":\"https:\\\/\\\/www.saopaulo.sp.leg.br\\\/apartes-anteriores\\\/revista-apartes\\\/numero-14-mai2015\\\/italia-e-a-conta-da-reforma-politica\\\/#breadcrumb\",\"itemListElement\":[{\"@type\":\"ListItem\",\"position\":1,\"name\":\"Home\",\"item\":\"https:\\\/\\\/www.saopaulo.sp.leg.br\\\/apartes-anteriores\\\/\"},{\"@type\":\"ListItem\",\"position\":2,\"name\":\"Revista Apartes\",\"item\":\"https:\\\/\\\/www.saopaulo.sp.leg.br\\\/apartes-anteriores\\\/\"},{\"@type\":\"ListItem\",\"position\":3,\"name\":\"N\u00famero 14 &#8211; mai\\\/2015\",\"item\":\"https:\\\/\\\/www.saopaulo.sp.leg.br\\\/apartes-anteriores\\\/revista-apartes\\\/numero-14-mai2015\\\/\"},{\"@type\":\"ListItem\",\"position\":4,\"name\":\"It\u00e1lia e a conta da reforma pol\u00edtica\"}]},{\"@type\":\"WebSite\",\"@id\":\"https:\\\/\\\/homolog.saopaulo.sp.leg.br\\\/apartes-anteriores\\\/#website\",\"url\":\"https:\\\/\\\/homolog.saopaulo.sp.leg.br\\\/apartes-anteriores\\\/\",\"name\":\"Revista Apartes (edi\u00e7\u00f5es anteriores)\",\"description\":\"Revista Apartes (edi\u00e7\u00f5es anteriores)\",\"potentialAction\":[{\"@type\":\"SearchAction\",\"target\":{\"@type\":\"EntryPoint\",\"urlTemplate\":\"https:\\\/\\\/homolog.saopaulo.sp.leg.br\\\/apartes-anteriores\\\/?s={search_term_string}\"},\"query-input\":{\"@type\":\"PropertyValueSpecification\",\"valueRequired\":true,\"valueName\":\"search_term_string\"}}],\"inLanguage\":\"pt-BR\"}]}<\/script>\r\n<!-- \/ Yoast SEO plugin. -->","yoast_head_json":{"title":"It\u00e1lia e a conta da reforma pol\u00edtica - Revista Apartes","robots":{"index":"noindex","follow":"follow","max-snippet":"max-snippet:-1","max-image-preview":"max-image-preview:large","max-video-preview":"max-video-preview:-1"},"og_locale":"pt_BR","og_type":"article","og_title":"It\u00e1lia e a conta da reforma pol\u00edtica","og_description":"It\u00e1lia e a conta da reforma pol\u00edtica","og_url":"https:\/\/www.saopaulo.sp.leg.br\/apartes-anteriores\/revista-apartes\/numero-14-mai2015\/italia-e-a-conta-da-reforma-politica\/","og_site_name":"Revista Apartes (edi\u00e7\u00f5es anteriores)","article_publisher":"https:\/\/www.facebook.com\/RevistaApartes\/","article_modified_time":"2016-12-01T16:56:16+00:00","og_image":[{"url":"http:\/\/www.saopaulo.sp.leg.br\/wp-content\/uploads\/2015\/06\/apartes_N14_b2-1024x953.jpg","type":"","width":"","height":""}],"twitter_card":"summary_large_image","twitter_title":"It\u00e1lia e a conta da reforma pol\u00edtica","twitter_description":"It\u00e1lia e a conta da reforma pol\u00edtica","twitter_site":"@revistaapartes","twitter_misc":{"Est. tempo de leitura":"1 minuto"},"schema":{"@context":"https:\/\/schema.org","@graph":[{"@type":"WebPage","@id":"https:\/\/www.saopaulo.sp.leg.br\/apartes-anteriores\/revista-apartes\/numero-14-mai2015\/italia-e-a-conta-da-reforma-politica\/","url":"https:\/\/www.saopaulo.sp.leg.br\/apartes-anteriores\/revista-apartes\/numero-14-mai2015\/italia-e-a-conta-da-reforma-politica\/","name":"It\u00e1lia e a conta da reforma pol\u00edtica - Revista Apartes","isPartOf":{"@id":"https:\/\/homolog.saopaulo.sp.leg.br\/apartes-anteriores\/#website"},"primaryImageOfPage":{"@id":"https:\/\/www.saopaulo.sp.leg.br\/apartes-anteriores\/revista-apartes\/numero-14-mai2015\/italia-e-a-conta-da-reforma-politica\/#primaryimage"},"image":{"@id":"https:\/\/www.saopaulo.sp.leg.br\/apartes-anteriores\/revista-apartes\/numero-14-mai2015\/italia-e-a-conta-da-reforma-politica\/#primaryimage"},"thumbnailUrl":"http:\/\/homolog.saopaulo.sp.leg.br\/wp-content\/uploads\/2015\/06\/apartes_N14_b2-1024x953.jpg","datePublished":"2015-06-26T19:23:52+00:00","dateModified":"2016-12-01T16:56:16+00:00","breadcrumb":{"@id":"https:\/\/www.saopaulo.sp.leg.br\/apartes-anteriores\/revista-apartes\/numero-14-mai2015\/italia-e-a-conta-da-reforma-politica\/#breadcrumb"},"inLanguage":"pt-BR","potentialAction":[{"@type":"ReadAction","target":["https:\/\/www.saopaulo.sp.leg.br\/apartes-anteriores\/revista-apartes\/numero-14-mai2015\/italia-e-a-conta-da-reforma-politica\/"]}]},{"@type":"ImageObject","inLanguage":"pt-BR","@id":"https:\/\/www.saopaulo.sp.leg.br\/apartes-anteriores\/revista-apartes\/numero-14-mai2015\/italia-e-a-conta-da-reforma-politica\/#primaryimage","url":"http:\/\/homolog.saopaulo.sp.leg.br\/wp-content\/uploads\/2015\/06\/apartes_N14_b2-1024x953.jpg","contentUrl":"http:\/\/homolog.saopaulo.sp.leg.br\/wp-content\/uploads\/2015\/06\/apartes_N14_b2-1024x953.jpg"},{"@type":"BreadcrumbList","@id":"https:\/\/www.saopaulo.sp.leg.br\/apartes-anteriores\/revista-apartes\/numero-14-mai2015\/italia-e-a-conta-da-reforma-politica\/#breadcrumb","itemListElement":[{"@type":"ListItem","position":1,"name":"Home","item":"https:\/\/www.saopaulo.sp.leg.br\/apartes-anteriores\/"},{"@type":"ListItem","position":2,"name":"Revista Apartes","item":"https:\/\/www.saopaulo.sp.leg.br\/apartes-anteriores\/"},{"@type":"ListItem","position":3,"name":"N\u00famero 14 &#8211; mai\/2015","item":"https:\/\/www.saopaulo.sp.leg.br\/apartes-anteriores\/revista-apartes\/numero-14-mai2015\/"},{"@type":"ListItem","position":4,"name":"It\u00e1lia e a conta da reforma pol\u00edtica"}]},{"@type":"WebSite","@id":"https:\/\/homolog.saopaulo.sp.leg.br\/apartes-anteriores\/#website","url":"https:\/\/homolog.saopaulo.sp.leg.br\/apartes-anteriores\/","name":"Revista Apartes (edi\u00e7\u00f5es anteriores)","description":"Revista Apartes (edi\u00e7\u00f5es anteriores)","potentialAction":[{"@type":"SearchAction","target":{"@type":"EntryPoint","urlTemplate":"https:\/\/homolog.saopaulo.sp.leg.br\/apartes-anteriores\/?s={search_term_string}"},"query-input":{"@type":"PropertyValueSpecification","valueRequired":true,"valueName":"search_term_string"}}],"inLanguage":"pt-BR"}]}},"_links":{"self":[{"href":"https:\/\/homolog.saopaulo.sp.leg.br\/apartes-anteriores\/wp-json\/wp\/v2\/pages\/31897","targetHints":{"allow":["GET"]}}],"collection":[{"href":"https:\/\/homolog.saopaulo.sp.leg.br\/apartes-anteriores\/wp-json\/wp\/v2\/pages"}],"about":[{"href":"https:\/\/homolog.saopaulo.sp.leg.br\/apartes-anteriores\/wp-json\/wp\/v2\/types\/page"}],"author":[{"embeddable":true,"href":"https:\/\/homolog.saopaulo.sp.leg.br\/apartes-anteriores\/wp-json\/wp\/v2\/users\/109"}],"replies":[{"embeddable":true,"href":"https:\/\/homolog.saopaulo.sp.leg.br\/apartes-anteriores\/wp-json\/wp\/v2\/comments?post=31897"}],"version-history":[{"count":1,"href":"https:\/\/homolog.saopaulo.sp.leg.br\/apartes-anteriores\/wp-json\/wp\/v2\/pages\/31897\/revisions"}],"predecessor-version":[{"id":33951,"href":"https:\/\/homolog.saopaulo.sp.leg.br\/apartes-anteriores\/wp-json\/wp\/v2\/pages\/31897\/revisions\/33951"}],"up":[{"embeddable":true,"href":"https:\/\/homolog.saopaulo.sp.leg.br\/apartes-anteriores\/wp-json\/wp\/v2\/pages\/115"}],"wp:attachment":[{"href":"https:\/\/homolog.saopaulo.sp.leg.br\/apartes-anteriores\/wp-json\/wp\/v2\/media?parent=31897"}],"curies":[{"name":"wp","href":"https:\/\/api.w.org\/{rel}","templated":true}]}}