{"id":32162,"date":"2015-07-01T16:32:43","date_gmt":"2015-07-01T19:32:43","guid":{"rendered":"http:\/\/homolog.saopaulo.sp.leg.br\/?page_id=32162"},"modified":"2015-08-19T21:09:24","modified_gmt":"2015-08-19T21:09:24","slug":"apartes-12-palavra-do-presidente","status":"publish","type":"page","link":"https:\/\/homolog.saopaulo.sp.leg.br\/apartes-anteriores\/revista-apartes\/numero-12-jan-fev2015\/apartes-12-palavra-do-presidente\/","title":{"rendered":"N\u00ba12 \u2013 Palavra do Presidente"},"content":{"rendered":"<div style=\"float: right;margin-left: 1.5em\">\n<div style=\"float: right;padding: 5px;background-color: #eee !important\">\n<p><img loading=\"lazy\" decoding=\"async\" class=\"alignnone size-thumbnail wp-image-28387\" src=\"http:\/\/homolog.saopaulo.sp.leg.br\/wp-content\/uploads\/2015\/04\/apartes_N13_a1-150x150.jpg\" alt=\"Vereador Antonio Donato\" width=\"150\" height=\"150\" \/><\/p>\n<p style=\"font-size: 0.8em;line-height: 1.1em;text-align: center;margin: -1.5em 0px 7px 0px;color: #333;!important;background-color: transparent !important\" align=\"center\">Vereador Antonio Donato<br \/>\nPresidente da CMSP<\/p>\n<\/div>\n<p style=\"font-size: 0.5em;line-height: 1.1em;text-align: right;margin: 4px 0px 7px;color: #333;!important;background-color: transparent !important\" align=\"center\">Assessoria vereador<br \/>\nAntonio Donato<\/p>\n<\/div>\n<h1 class=\"p1\"><span style=\"color: #800000\"><strong>Palavra do Presidente<\/strong><\/span><\/h1>\n<p class=\"justified\">Esta \u00e9 a primeira edi\u00e7\u00e3o da <strong>Apartes<\/strong> depois da posse da nova Mesa Diretora, da qual fui eleito presidente. Acompanho o trabalho da revista desde seu in\u00edcio e acredito em sua for\u00e7a como instrumento de comunica\u00e7\u00e3o p\u00fablica, que estreita a rela\u00e7\u00e3o entre a C\u00e2mara Municipal de S\u00e3o Paulo (CMSP) e os cidad\u00e3os, especialmente os paulistanos.<\/p>\n<p class=\"justified\">Uma das minhas primeiras propostas quando assumi a Presid\u00eancia foi a realiza\u00e7\u00e3o de Sess\u00f5es Plen\u00e1rias em cada uma das 32 Subprefeituras em que o Munic\u00edpio est\u00e1 dividido, justamente para aprofundar o contato da Casa com a popula\u00e7\u00e3o. Nesse contexto, a <strong>Apartes<\/strong> tem o importante papel de ser mais uma possibilidade de levar as quest\u00f5es do Parlamento paulistano para serem discutidas com a sociedade.<\/p>\n<p class=\"justified\">Uma dessas quest\u00f5es, que afeta a vida de todos, \u00e9 a qualidade do transporte p\u00fablico municipal. Nesta edi\u00e7\u00e3o, na reportagem <em>Tecnologia em tr\u00e2nsito<\/em>, abordamos projetos da Prefeitura e dos vereadores cujo objetivo \u00e9 proporcionar \u00f4nibus mais confort\u00e1veis, eficientes e seguros.<\/p>\n<p class=\"justified\">Outro tema de interesse da cidade \u00e9 a eterna &#8220;luta&#8221; pela conquista do precioso espa\u00e7o, retratada em <em>A for\u00e7a da grana e as coisas belas<\/em>. De um lado, as empresas do ramo imobili\u00e1rio; de outro, os teatros de rua, principalmente na regi\u00e3o central, que voltou a se valorizar nos \u00faltimos anos, fazendo com que esses locais de cultura corram o risco de serem transformados em apartamentos ou escrit\u00f3rios.<\/p>\n<p class=\"justified\">Dos palcos teatrais para os futebol\u00edsticos, em <em>A era das novas arenas<\/em> mostramos os planos do Executivo para o futuro do mais charmoso est\u00e1dio paulistano, o Pacaembu. Recentemente, a Prefeitura tornou p\u00fablica a inten\u00e7\u00e3o de moderniz\u00e1-lo, para que possa abrigar jogos e eventos culturais. Essa discuss\u00e3o ser\u00e1 feita em conjunto com a CMSP e, no final, esperamos proporcionar aos paulistanos mais um belo espa\u00e7o de divers\u00e3o.<\/p>\n<p class=\"justified\">Ainda nesta edi\u00e7\u00e3o, a revista traz o perfil hist\u00f3rico de Washington Lu\u00eds, ex-presidente do Brasil que no come\u00e7o de sua carreira pol\u00edtica foi eleito vereador em S\u00e3o Paulo, mas nunca exerceu o mandato. Saiba o motivo em <em>Rei da fuzarca e dos votos<\/em>. E por falar em hist\u00f3ria, contamos tamb\u00e9m um pouco sobre o Arquivo Hist\u00f3rico de S\u00e3o Paulo e o Arquivo da CMSP, que guardam os registros do Munic\u00edpio desde 1562.<\/p>\n<p class=\"justified\">Ao aceitar t\u00e3o importante miss\u00e3o de presidir a maior C\u00e2mara Municipal da Am\u00e9rica Latina, sabia que n\u00e3o faltaria muito trabalho. A crise h\u00eddrica \u00e9 um exemplo. Al\u00e9m de adotarmos medidas para reduzir o consumo de \u00e1gua no pr\u00e9dio da C\u00e2mara, aprovamos projetos que dialogam com essa preocupa\u00e7\u00e3o da cidade. Brevemente, os vereadores tamb\u00e9m v\u00e3o se debru\u00e7ar sobre a reformula\u00e7\u00e3o da Lei de Zoneamento, quest\u00e3o fundamental para o futuro da capital. Contamos com a popula\u00e7\u00e3o paulistana para nos ajudar, participando de tais debates. E nos comprometemos a fazer o m\u00e1ximo esfor\u00e7o para facilitar o di\u00e1logo entre vereadores e cidad\u00e3os: seja por meio das Sess\u00f5es Plen\u00e1rias nas Subprefeituras, seja por meio de uma comunica\u00e7\u00e3o institucional mais efetiva, na qual essa revista tem papel fundamental.<\/p>\n<p>&nbsp;<\/p>\n<p>&nbsp;<\/p>\n","protected":false},"excerpt":{"rendered":"<p>Vereador Antonio Donato Presidente da CMSP Assessoria vereador Antonio Donato Palavra do Presidente Esta \u00e9 a primeira edi\u00e7\u00e3o da Apartes depois da posse da nova Mesa Diretora, da qual fui eleito presidente. Acompanho o trabalho da revista desde seu in\u00edcio e acredito em sua for\u00e7a como instrumento de comunica\u00e7\u00e3o p\u00fablica, que estreita a rela\u00e7\u00e3o entre [&hellip;]<\/p>\n","protected":false},"author":109,"featured_media":0,"parent":27833,"menu_order":0,"comment_status":"open","ping_status":"open","template":"","meta":{"footnotes":""},"class_list":["post-32162","page","type-page","status-publish","hentry"],"meta_all":{"_wp_page_template":["default"],"_yoast_wpseo_title":["Palavra do Presidente"],"_yoast_wpseo_bctitle":["Palavra do Presidente"],"_cmsp_feature-page_title":["N\u00ba12 - Palavra do Presidente"],"_cmsp_page_download-files":["a:1:{i:0;a:1:{s:4:\"type\";s:3:\"pdf\";}}"],"_edit_last":["109"],"_edit_lock":["1440018434:109"]},"meta_all_2":{"_wp_page_template":["default"],"_yoast_wpseo_title":["Palavra do Presidente"],"_yoast_wpseo_bctitle":["Palavra do Presidente"],"_cmsp_feature-page_title":["N\u00ba12 - Palavra do Presidente"],"_cmsp_page_download-files":["a:1:{i:0;a:1:{s:4:\"type\";s:3:\"pdf\";}}"],"_edit_last":["109"],"_edit_lock":["1440018434:109"]},"yoast_head":"<!-- This site is optimized with the Yoast SEO plugin v27.4 - https:\/\/yoast.com\/product\/yoast-seo-wordpress\/ -->\r\n<title>Palavra do Presidente<\/title>\r\n<meta name=\"robots\" content=\"noindex, follow, max-snippet:-1, max-image-preview:large, max-video-preview:-1\" \/>\r\n<meta property=\"og:locale\" content=\"pt_BR\" \/>\r\n<meta property=\"og:type\" content=\"article\" \/>\r\n<meta property=\"og:title\" content=\"Palavra do Presidente\" \/>\r\n<meta property=\"og:description\" content=\"Vereador Antonio Donato Presidente da CMSP Assessoria vereador Antonio Donato Palavra do Presidente Esta \u00e9 a primeira edi\u00e7\u00e3o da Apartes depois da posse da nova Mesa Diretora, da qual fui eleito presidente. Acompanho o trabalho da revista desde seu in\u00edcio e acredito em sua for\u00e7a como instrumento de comunica\u00e7\u00e3o p\u00fablica, que estreita a rela\u00e7\u00e3o entre [&hellip;]\" \/>\r\n<meta property=\"og:url\" content=\"https:\/\/www.saopaulo.sp.leg.br\/apartes-anteriores\/revista-apartes\/numero-12-jan-fev2015\/apartes-12-palavra-do-presidente\/\" \/>\r\n<meta property=\"og:site_name\" content=\"Revista Apartes (edi\u00e7\u00f5es anteriores)\" \/>\r\n<meta property=\"article:publisher\" content=\"https:\/\/www.facebook.com\/RevistaApartes\/\" \/>\r\n<meta property=\"article:modified_time\" content=\"2015-08-19T21:09:24+00:00\" \/>\r\n<meta property=\"og:image\" content=\"http:\/\/www.saopaulo.sp.leg.br\/wp-content\/uploads\/2015\/04\/apartes_N13_a1-150x150.jpg\" \/>\r\n<meta name=\"twitter:card\" content=\"summary_large_image\" \/>\r\n<meta name=\"twitter:site\" content=\"@revistaapartes\" \/>\r\n<meta name=\"twitter:label1\" content=\"Est. tempo de leitura\" \/>\n\t<meta name=\"twitter:data1\" content=\"3 minutos\" \/>\r\n<script type=\"application\/ld+json\" class=\"yoast-schema-graph\">{\"@context\":\"https:\\\/\\\/schema.org\",\"@graph\":[{\"@type\":\"WebPage\",\"@id\":\"https:\\\/\\\/www.saopaulo.sp.leg.br\\\/apartes-anteriores\\\/revista-apartes\\\/numero-12-jan-fev2015\\\/apartes-12-palavra-do-presidente\\\/\",\"url\":\"https:\\\/\\\/www.saopaulo.sp.leg.br\\\/apartes-anteriores\\\/revista-apartes\\\/numero-12-jan-fev2015\\\/apartes-12-palavra-do-presidente\\\/\",\"name\":\"Palavra do Presidente\",\"isPartOf\":{\"@id\":\"https:\\\/\\\/homolog.saopaulo.sp.leg.br\\\/apartes-anteriores\\\/#website\"},\"primaryImageOfPage\":{\"@id\":\"https:\\\/\\\/www.saopaulo.sp.leg.br\\\/apartes-anteriores\\\/revista-apartes\\\/numero-12-jan-fev2015\\\/apartes-12-palavra-do-presidente\\\/#primaryimage\"},\"image\":{\"@id\":\"https:\\\/\\\/www.saopaulo.sp.leg.br\\\/apartes-anteriores\\\/revista-apartes\\\/numero-12-jan-fev2015\\\/apartes-12-palavra-do-presidente\\\/#primaryimage\"},\"thumbnailUrl\":\"http:\\\/\\\/homolog.saopaulo.sp.leg.br\\\/wp-content\\\/uploads\\\/2015\\\/04\\\/apartes_N13_a1-150x150.jpg\",\"datePublished\":\"2015-07-01T19:32:43+00:00\",\"dateModified\":\"2015-08-19T21:09:24+00:00\",\"breadcrumb\":{\"@id\":\"https:\\\/\\\/www.saopaulo.sp.leg.br\\\/apartes-anteriores\\\/revista-apartes\\\/numero-12-jan-fev2015\\\/apartes-12-palavra-do-presidente\\\/#breadcrumb\"},\"inLanguage\":\"pt-BR\",\"potentialAction\":[{\"@type\":\"ReadAction\",\"target\":[\"https:\\\/\\\/www.saopaulo.sp.leg.br\\\/apartes-anteriores\\\/revista-apartes\\\/numero-12-jan-fev2015\\\/apartes-12-palavra-do-presidente\\\/\"]}]},{\"@type\":\"ImageObject\",\"inLanguage\":\"pt-BR\",\"@id\":\"https:\\\/\\\/www.saopaulo.sp.leg.br\\\/apartes-anteriores\\\/revista-apartes\\\/numero-12-jan-fev2015\\\/apartes-12-palavra-do-presidente\\\/#primaryimage\",\"url\":\"http:\\\/\\\/homolog.saopaulo.sp.leg.br\\\/wp-content\\\/uploads\\\/2015\\\/04\\\/apartes_N13_a1-150x150.jpg\",\"contentUrl\":\"http:\\\/\\\/homolog.saopaulo.sp.leg.br\\\/wp-content\\\/uploads\\\/2015\\\/04\\\/apartes_N13_a1-150x150.jpg\"},{\"@type\":\"BreadcrumbList\",\"@id\":\"https:\\\/\\\/www.saopaulo.sp.leg.br\\\/apartes-anteriores\\\/revista-apartes\\\/numero-12-jan-fev2015\\\/apartes-12-palavra-do-presidente\\\/#breadcrumb\",\"itemListElement\":[{\"@type\":\"ListItem\",\"position\":1,\"name\":\"Home\",\"item\":\"https:\\\/\\\/www.saopaulo.sp.leg.br\\\/apartes-anteriores\\\/\"},{\"@type\":\"ListItem\",\"position\":2,\"name\":\"Revista Apartes\",\"item\":\"https:\\\/\\\/www.saopaulo.sp.leg.br\\\/apartes-anteriores\\\/\"},{\"@type\":\"ListItem\",\"position\":3,\"name\":\"N\u00famero 12 &#8211; jan-fev\\\/2015\",\"item\":\"https:\\\/\\\/www.saopaulo.sp.leg.br\\\/apartes-anteriores\\\/revista-apartes\\\/numero-12-jan-fev2015\\\/\"},{\"@type\":\"ListItem\",\"position\":4,\"name\":\"Palavra do Presidente\"}]},{\"@type\":\"WebSite\",\"@id\":\"https:\\\/\\\/homolog.saopaulo.sp.leg.br\\\/apartes-anteriores\\\/#website\",\"url\":\"https:\\\/\\\/homolog.saopaulo.sp.leg.br\\\/apartes-anteriores\\\/\",\"name\":\"Revista Apartes (edi\u00e7\u00f5es anteriores)\",\"description\":\"Revista Apartes (edi\u00e7\u00f5es anteriores)\",\"potentialAction\":[{\"@type\":\"SearchAction\",\"target\":{\"@type\":\"EntryPoint\",\"urlTemplate\":\"https:\\\/\\\/homolog.saopaulo.sp.leg.br\\\/apartes-anteriores\\\/?s={search_term_string}\"},\"query-input\":{\"@type\":\"PropertyValueSpecification\",\"valueRequired\":true,\"valueName\":\"search_term_string\"}}],\"inLanguage\":\"pt-BR\"}]}<\/script>\r\n<!-- \/ Yoast SEO plugin. -->","yoast_head_json":{"title":"Palavra do Presidente","robots":{"index":"noindex","follow":"follow","max-snippet":"max-snippet:-1","max-image-preview":"max-image-preview:large","max-video-preview":"max-video-preview:-1"},"og_locale":"pt_BR","og_type":"article","og_title":"Palavra do Presidente","og_description":"Vereador Antonio Donato Presidente da CMSP Assessoria vereador Antonio Donato Palavra do Presidente Esta \u00e9 a primeira edi\u00e7\u00e3o da Apartes depois da posse da nova Mesa Diretora, da qual fui eleito presidente. Acompanho o trabalho da revista desde seu in\u00edcio e acredito em sua for\u00e7a como instrumento de comunica\u00e7\u00e3o p\u00fablica, que estreita a rela\u00e7\u00e3o entre [&hellip;]","og_url":"https:\/\/www.saopaulo.sp.leg.br\/apartes-anteriores\/revista-apartes\/numero-12-jan-fev2015\/apartes-12-palavra-do-presidente\/","og_site_name":"Revista Apartes (edi\u00e7\u00f5es anteriores)","article_publisher":"https:\/\/www.facebook.com\/RevistaApartes\/","article_modified_time":"2015-08-19T21:09:24+00:00","og_image":[{"url":"http:\/\/www.saopaulo.sp.leg.br\/wp-content\/uploads\/2015\/04\/apartes_N13_a1-150x150.jpg","type":"","width":"","height":""}],"twitter_card":"summary_large_image","twitter_site":"@revistaapartes","twitter_misc":{"Est. tempo de leitura":"3 minutos"},"schema":{"@context":"https:\/\/schema.org","@graph":[{"@type":"WebPage","@id":"https:\/\/www.saopaulo.sp.leg.br\/apartes-anteriores\/revista-apartes\/numero-12-jan-fev2015\/apartes-12-palavra-do-presidente\/","url":"https:\/\/www.saopaulo.sp.leg.br\/apartes-anteriores\/revista-apartes\/numero-12-jan-fev2015\/apartes-12-palavra-do-presidente\/","name":"Palavra do Presidente","isPartOf":{"@id":"https:\/\/homolog.saopaulo.sp.leg.br\/apartes-anteriores\/#website"},"primaryImageOfPage":{"@id":"https:\/\/www.saopaulo.sp.leg.br\/apartes-anteriores\/revista-apartes\/numero-12-jan-fev2015\/apartes-12-palavra-do-presidente\/#primaryimage"},"image":{"@id":"https:\/\/www.saopaulo.sp.leg.br\/apartes-anteriores\/revista-apartes\/numero-12-jan-fev2015\/apartes-12-palavra-do-presidente\/#primaryimage"},"thumbnailUrl":"http:\/\/homolog.saopaulo.sp.leg.br\/wp-content\/uploads\/2015\/04\/apartes_N13_a1-150x150.jpg","datePublished":"2015-07-01T19:32:43+00:00","dateModified":"2015-08-19T21:09:24+00:00","breadcrumb":{"@id":"https:\/\/www.saopaulo.sp.leg.br\/apartes-anteriores\/revista-apartes\/numero-12-jan-fev2015\/apartes-12-palavra-do-presidente\/#breadcrumb"},"inLanguage":"pt-BR","potentialAction":[{"@type":"ReadAction","target":["https:\/\/www.saopaulo.sp.leg.br\/apartes-anteriores\/revista-apartes\/numero-12-jan-fev2015\/apartes-12-palavra-do-presidente\/"]}]},{"@type":"ImageObject","inLanguage":"pt-BR","@id":"https:\/\/www.saopaulo.sp.leg.br\/apartes-anteriores\/revista-apartes\/numero-12-jan-fev2015\/apartes-12-palavra-do-presidente\/#primaryimage","url":"http:\/\/homolog.saopaulo.sp.leg.br\/wp-content\/uploads\/2015\/04\/apartes_N13_a1-150x150.jpg","contentUrl":"http:\/\/homolog.saopaulo.sp.leg.br\/wp-content\/uploads\/2015\/04\/apartes_N13_a1-150x150.jpg"},{"@type":"BreadcrumbList","@id":"https:\/\/www.saopaulo.sp.leg.br\/apartes-anteriores\/revista-apartes\/numero-12-jan-fev2015\/apartes-12-palavra-do-presidente\/#breadcrumb","itemListElement":[{"@type":"ListItem","position":1,"name":"Home","item":"https:\/\/www.saopaulo.sp.leg.br\/apartes-anteriores\/"},{"@type":"ListItem","position":2,"name":"Revista Apartes","item":"https:\/\/www.saopaulo.sp.leg.br\/apartes-anteriores\/"},{"@type":"ListItem","position":3,"name":"N\u00famero 12 &#8211; jan-fev\/2015","item":"https:\/\/www.saopaulo.sp.leg.br\/apartes-anteriores\/revista-apartes\/numero-12-jan-fev2015\/"},{"@type":"ListItem","position":4,"name":"Palavra do Presidente"}]},{"@type":"WebSite","@id":"https:\/\/homolog.saopaulo.sp.leg.br\/apartes-anteriores\/#website","url":"https:\/\/homolog.saopaulo.sp.leg.br\/apartes-anteriores\/","name":"Revista Apartes (edi\u00e7\u00f5es anteriores)","description":"Revista Apartes (edi\u00e7\u00f5es anteriores)","potentialAction":[{"@type":"SearchAction","target":{"@type":"EntryPoint","urlTemplate":"https:\/\/homolog.saopaulo.sp.leg.br\/apartes-anteriores\/?s={search_term_string}"},"query-input":{"@type":"PropertyValueSpecification","valueRequired":true,"valueName":"search_term_string"}}],"inLanguage":"pt-BR"}]}},"_links":{"self":[{"href":"https:\/\/homolog.saopaulo.sp.leg.br\/apartes-anteriores\/wp-json\/wp\/v2\/pages\/32162","targetHints":{"allow":["GET"]}}],"collection":[{"href":"https:\/\/homolog.saopaulo.sp.leg.br\/apartes-anteriores\/wp-json\/wp\/v2\/pages"}],"about":[{"href":"https:\/\/homolog.saopaulo.sp.leg.br\/apartes-anteriores\/wp-json\/wp\/v2\/types\/page"}],"author":[{"embeddable":true,"href":"https:\/\/homolog.saopaulo.sp.leg.br\/apartes-anteriores\/wp-json\/wp\/v2\/users\/109"}],"replies":[{"embeddable":true,"href":"https:\/\/homolog.saopaulo.sp.leg.br\/apartes-anteriores\/wp-json\/wp\/v2\/comments?post=32162"}],"version-history":[{"count":1,"href":"https:\/\/homolog.saopaulo.sp.leg.br\/apartes-anteriores\/wp-json\/wp\/v2\/pages\/32162\/revisions"}],"predecessor-version":[{"id":33980,"href":"https:\/\/homolog.saopaulo.sp.leg.br\/apartes-anteriores\/wp-json\/wp\/v2\/pages\/32162\/revisions\/33980"}],"up":[{"embeddable":true,"href":"https:\/\/homolog.saopaulo.sp.leg.br\/apartes-anteriores\/wp-json\/wp\/v2\/pages\/27833"}],"wp:attachment":[{"href":"https:\/\/homolog.saopaulo.sp.leg.br\/apartes-anteriores\/wp-json\/wp\/v2\/media?parent=32162"}],"curies":[{"name":"wp","href":"https:\/\/api.w.org\/{rel}","templated":true}]}}