{"id":32171,"date":"2015-07-01T18:49:45","date_gmt":"2015-07-01T21:49:45","guid":{"rendered":"http:\/\/homolog.saopaulo.sp.leg.br\/?page_id=32171"},"modified":"2016-12-01T14:14:01","modified_gmt":"2016-12-01T16:14:01","slug":"registros-da-capital","status":"publish","type":"page","link":"https:\/\/homolog.saopaulo.sp.leg.br\/apartes-anteriores\/revista-apartes\/numero-12-jan-fev2015\/registros-da-capital\/","title":{"rendered":"N\u00ba12 \u2013 Documenta\u00e7\u00e3o"},"content":{"rendered":"<h1><strong><span style=\"color: #800000\">Registros da capital<\/span><\/strong><\/h1>\n<h2>O Arquivo Hist\u00f3rico de S\u00e3o Paulo e o da CMSP preservam\u00a0documentos que datam desde 1562<\/h2>\n<p><strong>Rodrigo Garcia<\/strong> | <a href=\"mailto:rodrigogarcia@saopaulo.sp.leg.br\">rodrigogarcia@saopaulo.sp.leg.br<\/a><\/p>\n<div style=\"width: 100%;margin-right: 1.5em;margin-bottom: 1.5em\">\n<div style=\"padding: 5px;background-color: #eee !important\">\n<p><a href=\"http:\/\/homolog.saopaulo.sp.leg.br\/wp-content\/uploads\/2015\/07\/apartes_N12_4.jpg\"><img loading=\"lazy\" decoding=\"async\" class=\"alignnone wp-image-32173\" src=\"http:\/\/homolog.saopaulo.sp.leg.br\/wp-content\/uploads\/2015\/07\/apartes_N12_4.jpg\" alt=\"apartes_N12_4\" width=\"700\" height=\"561\" \/><\/a><\/p>\n<p style=\"font-size: 0.8em;line-height: 1.1em;text-align: center;margin: -1.5em 0px 7px 0px;color: #333;!important;background-color: transparent !important\" align=\"center\">MONUMENTAL &#8211; Sede do Arquivo Hist\u00f3rico de S\u00e3o Paulo, projetada pelo arquiteto Ramos de Azevedo<\/p>\n<\/div>\n<p style=\"font-size: 0.5em;line-height: 1.1em;text-align: right;margin: 4px 0px 7px 0px;background-color: transparent !important\">Ricardo Rocha\/CMSP<\/p>\n<\/div>\n<div style=\"float: right;width: 210px;margin-left: 1.5em;margin-bottom: 1.5em\">\n<div style=\"float: right;padding: 5px;background-color: transparent !important\">\n<p><a href=\"http:\/\/homolog.saopaulo.sp.leg.br\/wp-content\/uploads\/2015\/07\/apartes_N12_5.jpg\"><img loading=\"lazy\" decoding=\"async\" class=\"alignnone wp-image-32175\" src=\"http:\/\/homolog.saopaulo.sp.leg.br\/wp-content\/uploads\/2015\/07\/apartes_N12_5.jpg\" alt=\"apartes_N12_5\" width=\"237\" height=\"300\" \/><\/a><\/p>\n<p style=\"font-size: 0.8em;line-height: 1.1em;text-align: center;margin: -1.5em 0px 7px 0px;color: #333;!important;background-color: transparent !important\" align=\"center\">REGISTROS &#8211; &#8220;Arquivo \u00e9 onde a mem\u00f3ria institucional est\u00e1 preservada&#8221;, diz Karla Maestrini, do AHSP<\/p>\n<\/div>\n<p style=\"font-size: 0.5em;line-height: 1.1em;text-align: right;margin: 4px 0px 7px 0px;background-color: transparent !important\">Ricardo Rocha\/CMSP<\/p>\n<\/div>\n<p><strong>Longe de ser um amontoado de pap\u00e9is velhos<\/strong> e empoeirados, o Arquivo Hist\u00f3rico de S\u00e3o Paulo (AHSP) e o Arquivo Geral da C\u00e2mara Municipal de S\u00e3o Paulo (CMSP) mant\u00eam, de forma organizada e acess\u00edvel, documentos elaborados pelo Parlamento paulistano que permitem saber como era S\u00e3o Paulo e por que se tornou essa metr\u00f3pole.<\/p>\n<p>&#8220;O arquivo \u00e9 o local onde a mem\u00f3ria institucional est\u00e1 preservada, onde se guardam documentos que s\u00e3o a express\u00e3o material das a\u00e7\u00f5es executadas pelo Poder P\u00fablico&#8221;, define a coordenadora de Atendimento ao Usu\u00e1rio do AHSP, Karla Maestrini. &#8220;Essas informa\u00e7\u00f5es podem ajudar o cidad\u00e3o e a administra\u00e7\u00e3o p\u00fablica&#8221;, completa a historiadora e arquivista.<\/p>\n<p>Funcionando em um pr\u00e9dio inaugurado em 1920, projetado pelo arquiteto Ramos de Azevedo para abrigar parte da Escola Polit\u00e9cnica, o AHSP conta em seu acervo com atas, mapas, plantas cartogr\u00e1ficas, fotos, v\u00eddeos e livros referentes ao Munic\u00edpio. Um dos destaques s\u00e3o as atas da C\u00e2mara Municipal de 1562 a 1903. A CMSP foi fundada em 1560, mas os documentos referentes aos dois primeiros anos n\u00e3o foram preservados.<\/p>\n<div style=\"float: left;width: 210px;margin-right: 1.5em;margin-bottom: 1.5em\">\n<div style=\"float: left;padding: 5px;background-color: #eee !important\">\n<p><a href=\"http:\/\/homolog.saopaulo.sp.leg.br\/wp-content\/uploads\/2015\/07\/apartes_N12_6g.jpg\" target=\"_blank\"><img loading=\"lazy\" decoding=\"async\" class=\"alignnone wp-image-32180\" src=\"http:\/\/homolog.saopaulo.sp.leg.br\/wp-content\/uploads\/2015\/07\/apartes_N12_6g-206x300.jpg\" alt=\"apartes_N12_6g\" width=\"200\" height=\"291\" \/><\/a><\/p>\n<p style=\"font-size: 0.8em;line-height: 1.1em;text-align: center;margin: -0.5em 0px 7px 0px;color: #333;!important;background-color: transparent !important\" align=\"center\">ACERVO \u2013 Termo de posse do prefeito Faria Lima, em 1965, est\u00e1 arquivado na CMSP<\/p>\n<\/div>\n<p style=\"font-size: 0.5em;line-height: 1.1em;text-align: right;margin: 4px 0px 7px 0px;background-color: transparent !important\">Marcelo Ximenez\/CMSP<\/p>\n<\/div>\n<p>O AHSP guarda tamb\u00e9m as atas da C\u00e2mara Municipal de Santo Andr\u00e9 da Borda do Campo, a primeira vila fundada no Planalto de Piratininga, em 1553. Por quest\u00f5es de seguran\u00e7a, em 1560 os moradores da vila se mudaram para S\u00e3o Paulo, na \u00e9poca apenas um aldeamento de jesu\u00edtas. Com a transfer\u00eancia, a atual maior capital brasileira passou a ser uma vila e a ter C\u00e2mara Municipal.<\/p>\n<p><strong>PAP\u00c9IS HIST\u00d3RICOS<\/strong><\/p>\n<p>Grande parte dos documentos dos s\u00e9culos 20 e 21 sobre a CMSP pode ser encontrada no Arquivo Geral da Casa, localizado no Pal\u00e1cio Anchieta, sede do Parlamento mu-nicipal. &#8220;Esses pap\u00e9is servem de prova das atividades realizadas aqui na C\u00e2mara e, com o passar dos anos, tornam-se um suporte da mem\u00f3ria da institui\u00e7\u00e3o&#8221;, explica o historiador Ubirajara de Farias Prestes Filho, supervisor da unidade. Segundo ele, esses registros &#8220;adquirem um grande valor cultural para o Munic\u00edpio&#8221;.<\/p>\n<p>O Arquivo Geral da CMSP guarda cerca de 340 mil documentos, com destaque a projetos dos vereadores. Parte deles, a partir de 1948, est\u00e1 digitalizada e pode ser acessada pelo portal <em>homolog.saopaulo.sp.leg.br,<\/em> na se\u00e7\u00e3o <a href=\"http:\/\/homolog.saopaulo.sp.leg.br\/biblioteca\/processos-digitalizados\/\" target=\"_blank\">Transpar\u00eancia &gt; Dados abertos &gt; Dados disponibilizados em formato aberto &gt; Processos digitalizados<\/a>. &#8220;A unidade recebe todos os documentos produzidos pela C\u00e2mara e cuida do gerenciamento deles&#8221;, explica Prestes Filho.<\/p>\n<div style=\"float: right;width: 210px;margin-left: 1.5em;margin-bottom: 1.5em\">\n<div style=\"float: right;padding: 0px;background-color: transparent !important\"><a href=\"http:\/\/homolog.saopaulo.sp.leg.br\/wp-content\/uploads\/2015\/07\/apartes_N12_7.jpg\"><img loading=\"lazy\" decoding=\"async\" class=\"alignnone wp-image-32182\" src=\"http:\/\/homolog.saopaulo.sp.leg.br\/wp-content\/uploads\/2015\/07\/apartes_N12_7-224x300.jpg\" alt=\"apartes_N12_7\" width=\"200\" height=\"268\" \/><\/a><\/div>\n<p style=\"font-size: 0.5em;line-height: 1.1em;text-align: right;margin: -1.5em 0px 7px 0px;background-color: transparent !important\">Marcelo Ximenez\/CMSP<\/p>\n<\/div>\n<p>O historiador conta que o Arquivo da C\u00e2mara existe desde o s\u00e9culo 16, quando surgiu a necessidade de guardar os documentos produzidos pelos vereadores. &#8220;H\u00e1 registros de que os documentos eram postos em um ba\u00fa, que j\u00e1 era um arquivo.&#8221;<\/p>\n<p>Entre os destaques do acervo da CMSP, Prestes Filho cita alguns requerimentos populares. Um deles \u00e9 um abaixo-assinado entregue por comerciantes da regi\u00e3o central paulistana, em 1898. O documento solicitava \u00e0 C\u00e2mara provid\u00eancias para impedir que mascates turcos e italianos vendessem produtos aos domingos e dias santos, &#8220;fazendo, por essa forma, cessar t\u00e3o revoltantes iniquidades, quer em benef\u00edcios dos suplicantes, quer em benef\u00edcio dos pr\u00f3prios cofres dessa excelent\u00edssima C\u00e2mara ou da sociedade&#8221;. Na \u00e9poca, segundo a lei, as lojas tinham de fechar nessas datas.<\/p>\n<p><!-- imagem TOTAL - com legenda - CENTRALIZADA --><\/p>\n<div style=\"width: 100%;margin-right: 1.5em;margin-bottom: 1.5em\">\n<div style=\"padding: 5px;background-color: #eee !important\">\n<p><a href=\"http:\/\/homolog.saopaulo.sp.leg.br\/wp-content\/uploads\/2015\/07\/apartes_N12_8.jpg\"><img loading=\"lazy\" decoding=\"async\" class=\"alignnone wp-image-32204\" src=\"http:\/\/homolog.saopaulo.sp.leg.br\/wp-content\/uploads\/2015\/07\/apartes_N12_8-640x502.jpg\" alt=\"apartes_N12_8\" width=\"640\" height=\"502\" \/><\/a><\/p>\n<p style=\"font-size: 0.8em;line-height: 1.1em;text-align: center;margin: -1.5em 0px 7px 0px;color: #333;!important;background-color: transparent !important\" align=\"center\">REL\u00cdQUIAS &#8211; As primeiras atas preservadas da CMSP, de 1562, est\u00e3o no Arquivo Hist\u00f3rico de S\u00e3o Paulo<\/p>\n<\/div>\n<p style=\"font-size: 0.5em;line-height: 1.1em;text-align: right;margin: 4px 0px 7px 0px;background-color: transparent !important\">Ricardo Rocha\/CMSP<\/p>\n<\/div>\n<p><!-- imagem TOTAL - com legenda - CENTRALIZADA --><\/p>\n<p><strong>REGRAS<\/strong><\/p>\n<p>A C\u00e2mara Municipal instituiu, em 1990, a Comiss\u00e3o de Avalia\u00e7\u00e3o de Documentos (CAD), formada por funcion\u00e1rios de v\u00e1rios setores da Casa, para atuar na redu\u00e7\u00e3o da massa documental acumulada no Arquivo, sem preju\u00edzo da conserva\u00e7\u00e3o das informa\u00e7\u00f5es; determinar o ciclo de vida \u00fatil dos documentos, identificando o que pode ser eliminado em curto, m\u00e9dio e longo prazos; e identificar os documentos a serem preservados em car\u00e1ter permanente, entre outras metas. &#8220;O objetivo da CAD \u00e9 determinar o que deve ser preservado e o que pode ser eliminado, al\u00e9m de quais documentos s\u00e3o sigilosos&#8221;, diz Prestes Filho.<\/p>\n<p>Um dos resultados do trabalho da comiss\u00e3o foi que a CMSP passou a seguir uma tabela de temporalidade documental, instrumento que estabelece os prazos de guarda e os par\u00e2metros para destina\u00e7\u00e3o dos documentos produzidos e recebidos. A CAD determina, por exemplo, quanto tempo um documento deve permanecer na unidade administrativa ao final de sua tramita\u00e7\u00e3o e se deve ser eliminado ou arquivado. Atualmente, a C\u00e2mara \u00e9 o \u00fanico Parlamento municipal do Estado de S\u00e3o Paulo a ter uma tabela aprovada.<\/p>\n<p>O Arquivo Geral da CMSP tamb\u00e9m faz parte de um grupo, organizado pelo Arquivo P\u00fablico do Estado de S\u00e3o Paulo, para orientar os munic\u00edpios sobre como devem guardar seus documentos. &#8220;Atualmente, a sociedade est\u00e1 mais consciente sobre a import\u00e2ncia dos arquivos e h\u00e1 leis que garantem sua preserva\u00e7\u00e3o&#8221;, comemora o historiador.<\/p>\n<div style=\"width: 100%;margin-right: 1.5em;margin-bottom: 1.5em\">\n<div style=\"padding: 5px;background-color: #eee !important\">\n<p><a href=\"http:\/\/homolog.saopaulo.sp.leg.br\/wp-content\/uploads\/2015\/07\/apartes_N12_9.jpg\"><img loading=\"lazy\" decoding=\"async\" class=\"alignnone wp-image-32210 size-full\" src=\"http:\/\/homolog.saopaulo.sp.leg.br\/wp-content\/uploads\/2015\/07\/apartes_N12_9.jpg\" alt=\"apartes_N12_9\" width=\"1000\" height=\"931\" \/><\/a><\/p>\n<p style=\"font-size: 0.8em;line-height: 1.1em;text-align: center;margin: -1.5em 0px 7px 0px;color: #333;!important;background-color: transparent !important\" align=\"center\">Clique na imagem para ampliar<\/p>\n<\/div>\n<p style=\"font-size: 0.5em;line-height: 1.1em;text-align: right;margin: 4px 0px 7px 0px;background-color: transparent !important\">\n<\/div>\n<div>\n<h2><strong><span style=\"color: #800000\">Saiba mais<\/span><\/strong><\/h2>\n<p><strong>Arquivo Hist\u00f3rico de S\u00e3o Paulo<\/strong><br \/>\nPra\u00e7a Coronel Fernando Prestes, 152 &#8211; Luz. Fone: 3396-6025<br \/>\nFuncionamento: de segunda a s\u00e1bado, das 9h \u00e0s 17h<br \/>\n<a href=\"http:\/\/www.arquivohistorico.sp.gov.br\" target=\"_blank\">www.arquivohistorico.sp.gov.br<\/a><\/p>\n<p><strong>Arquivo Geral da CMSP<\/strong><br \/>\nInforma\u00e7\u00f5es: <a href=\"mailto:sgp33@saopaulo.sp.leg.br\">sgp33@saopaulo.sp.leg.br<br \/>\n<\/a><a href=\"http:\/\/homolog.saopaulo.sp.leg.br\" target=\"_blank\">homolog.saopaulo.sp.leg.br<\/a><\/p>\n<\/div>\n<p><!-- COMENTE SOBRE ESSA MATERIA --><\/p>\n<table border=\"0\" cellspacing=\"0\" cellpadding=\"0\">\n<tbody>\n<tr>\n<td align=\"center\" width=\"50%\">\n<h5>Comente sobre essa mat\u00e9ria:<\/h5>\n<p><a style=\"font-family: 'Helvetica Neue', 'Helvetica', Helvetica, Arial, sans-serif;color: #fff;font-size: 12px;text-decoration: none;font-weight: bold;text-align: center;background-color: #3b5998 !important;margin: 0 0 10px;padding: 3px 7px\" title=\"Facebook da revista Apartes\" href=\"https:\/\/www.facebook.com\/RevistaApartes\" target=\"_blank\">Facebook<\/a> <a style=\"font-family: 'Helvetica Neue', 'Helvetica', Helvetica, Arial, sans-serif;color: #fff;font-size: 12px;text-decoration: none;font-weight: bold;text-align: center;background-color: #1daced !important;margin: 0 0 10px;padding: 3px 7px\" title=\"Twitter da revista Apartes\" href=\"https:\/\/twitter.com\/RevistaApartes\" target=\"_blank\">Twitter<\/a><\/td>\n<td align=\"center\" width=\"50%\">\n<h5>Envie cr\u00edticas ou sugest\u00f5es:<\/h5>\n<p>Email: <strong><a href=\"mailto:apartes@saopaulo.sp.leg.br\">apartes@saopaulo.sp.leg.br<\/a><\/strong><\/td>\n<\/tr>\n<\/tbody>\n<\/table>\n<p><!-- COMENTE SOBRE ESSA MATERIA --><\/p>\n","protected":false},"excerpt":{"rendered":"<p>Registros da capital O Arquivo Hist\u00f3rico de S\u00e3o Paulo e o da CMSP preservam\u00a0documentos que datam desde 1562 Rodrigo Garcia | rodrigogarcia@saopaulo.sp.leg.br MONUMENTAL &#8211; Sede do Arquivo Hist\u00f3rico de S\u00e3o Paulo, projetada pelo arquiteto Ramos de Azevedo Ricardo Rocha\/CMSP REGISTROS &#8211; &#8220;Arquivo \u00e9 onde a mem\u00f3ria institucional est\u00e1 preservada&#8221;, diz Karla Maestrini, do AHSP Ricardo [&hellip;]<\/p>\n","protected":false},"author":109,"featured_media":0,"parent":27833,"menu_order":2,"comment_status":"open","ping_status":"open","template":"","meta":{"footnotes":""},"class_list":["post-32171","page","type-page","status-publish","hentry"],"meta_all":{"_wp_page_template":["default"],"_cmsp_page_download-files":["a:1:{i:0;a:1:{s:4:\"type\";s:3:\"pdf\";}}"],"_yoast_wpseo_title":["Registros da capital"],"_yoast_wpseo_bctitle":["Registros da capital"],"_cmsp_feature-page_title":["N\u00b0 12 - DOCUMENTA\u00c7\u00c3O"],"_edit_last":["109"],"_edit_lock":["1480608709:109"],"_yoast_wpseo_opengraph-title":["Registros da capital"],"_yoast_wpseo_opengraph-description":["O Arquivo Hist\u00f3rico de S\u00e3o Paulo e o da CMSP preservam documentos que datam desde 1562"],"_yoast_wpseo_twitter-title":["Registros da capital"],"_yoast_wpseo_twitter-description":["O Arquivo Hist\u00f3rico de S\u00e3o Paulo e o da CMSP preservam documentos que datam desde 1562"],"_yoast_wpseo_content_score":["60"]},"meta_all_2":{"_wp_page_template":["default"],"_cmsp_page_download-files":["a:1:{i:0;a:1:{s:4:\"type\";s:3:\"pdf\";}}"],"_yoast_wpseo_title":["Registros da capital"],"_yoast_wpseo_bctitle":["Registros da capital"],"_cmsp_feature-page_title":["N\u00b0 12 - DOCUMENTA\u00c7\u00c3O"],"_edit_last":["109"],"_edit_lock":["1480608709:109"],"_yoast_wpseo_opengraph-title":["Registros da capital"],"_yoast_wpseo_opengraph-description":["O Arquivo Hist\u00f3rico de S\u00e3o Paulo e o da CMSP preservam documentos que datam desde 1562"],"_yoast_wpseo_twitter-title":["Registros da capital"],"_yoast_wpseo_twitter-description":["O Arquivo Hist\u00f3rico de S\u00e3o Paulo e o da CMSP preservam documentos que datam desde 1562"],"_yoast_wpseo_content_score":["60"]},"yoast_head":"<!-- This site is optimized with the Yoast SEO plugin v27.4 - https:\/\/yoast.com\/product\/yoast-seo-wordpress\/ -->\r\n<title>Registros da capital<\/title>\r\n<meta name=\"robots\" content=\"noindex, follow, max-snippet:-1, max-image-preview:large, max-video-preview:-1\" \/>\r\n<meta property=\"og:locale\" content=\"pt_BR\" \/>\r\n<meta property=\"og:type\" content=\"article\" \/>\r\n<meta property=\"og:title\" content=\"Registros da capital\" \/>\r\n<meta property=\"og:description\" content=\"O Arquivo Hist\u00f3rico de S\u00e3o Paulo e o da CMSP preservam documentos que datam desde 1562\" \/>\r\n<meta property=\"og:url\" content=\"https:\/\/www.saopaulo.sp.leg.br\/apartes-anteriores\/revista-apartes\/numero-12-jan-fev2015\/registros-da-capital\/\" \/>\r\n<meta property=\"og:site_name\" content=\"Revista Apartes (edi\u00e7\u00f5es anteriores)\" \/>\r\n<meta property=\"article:publisher\" content=\"https:\/\/www.facebook.com\/RevistaApartes\/\" \/>\r\n<meta property=\"article:modified_time\" content=\"2016-12-01T16:14:01+00:00\" \/>\r\n<meta property=\"og:image\" content=\"http:\/\/www.saopaulo.sp.leg.br\/wp-content\/uploads\/2015\/07\/apartes_N12_4.jpg\" \/>\r\n<meta name=\"twitter:card\" content=\"summary_large_image\" \/>\r\n<meta name=\"twitter:title\" content=\"Registros da capital\" \/>\r\n<meta name=\"twitter:description\" content=\"O Arquivo Hist\u00f3rico de S\u00e3o Paulo e o da CMSP preservam documentos que datam desde 1562\" \/>\r\n<meta name=\"twitter:site\" content=\"@revistaapartes\" \/>\r\n<meta name=\"twitter:label1\" content=\"Est. tempo de leitura\" \/>\n\t<meta name=\"twitter:data1\" content=\"5 minutos\" \/>\r\n<script type=\"application\/ld+json\" class=\"yoast-schema-graph\">{\"@context\":\"https:\\\/\\\/schema.org\",\"@graph\":[{\"@type\":\"WebPage\",\"@id\":\"https:\\\/\\\/www.saopaulo.sp.leg.br\\\/apartes-anteriores\\\/revista-apartes\\\/numero-12-jan-fev2015\\\/registros-da-capital\\\/\",\"url\":\"https:\\\/\\\/www.saopaulo.sp.leg.br\\\/apartes-anteriores\\\/revista-apartes\\\/numero-12-jan-fev2015\\\/registros-da-capital\\\/\",\"name\":\"Registros da capital\",\"isPartOf\":{\"@id\":\"https:\\\/\\\/homolog.saopaulo.sp.leg.br\\\/apartes-anteriores\\\/#website\"},\"primaryImageOfPage\":{\"@id\":\"https:\\\/\\\/www.saopaulo.sp.leg.br\\\/apartes-anteriores\\\/revista-apartes\\\/numero-12-jan-fev2015\\\/registros-da-capital\\\/#primaryimage\"},\"image\":{\"@id\":\"https:\\\/\\\/www.saopaulo.sp.leg.br\\\/apartes-anteriores\\\/revista-apartes\\\/numero-12-jan-fev2015\\\/registros-da-capital\\\/#primaryimage\"},\"thumbnailUrl\":\"http:\\\/\\\/homolog.saopaulo.sp.leg.br\\\/wp-content\\\/uploads\\\/2015\\\/07\\\/apartes_N12_4.jpg\",\"datePublished\":\"2015-07-01T21:49:45+00:00\",\"dateModified\":\"2016-12-01T16:14:01+00:00\",\"breadcrumb\":{\"@id\":\"https:\\\/\\\/www.saopaulo.sp.leg.br\\\/apartes-anteriores\\\/revista-apartes\\\/numero-12-jan-fev2015\\\/registros-da-capital\\\/#breadcrumb\"},\"inLanguage\":\"pt-BR\",\"potentialAction\":[{\"@type\":\"ReadAction\",\"target\":[\"https:\\\/\\\/www.saopaulo.sp.leg.br\\\/apartes-anteriores\\\/revista-apartes\\\/numero-12-jan-fev2015\\\/registros-da-capital\\\/\"]}]},{\"@type\":\"ImageObject\",\"inLanguage\":\"pt-BR\",\"@id\":\"https:\\\/\\\/www.saopaulo.sp.leg.br\\\/apartes-anteriores\\\/revista-apartes\\\/numero-12-jan-fev2015\\\/registros-da-capital\\\/#primaryimage\",\"url\":\"http:\\\/\\\/homolog.saopaulo.sp.leg.br\\\/wp-content\\\/uploads\\\/2015\\\/07\\\/apartes_N12_4.jpg\",\"contentUrl\":\"http:\\\/\\\/homolog.saopaulo.sp.leg.br\\\/wp-content\\\/uploads\\\/2015\\\/07\\\/apartes_N12_4.jpg\"},{\"@type\":\"BreadcrumbList\",\"@id\":\"https:\\\/\\\/www.saopaulo.sp.leg.br\\\/apartes-anteriores\\\/revista-apartes\\\/numero-12-jan-fev2015\\\/registros-da-capital\\\/#breadcrumb\",\"itemListElement\":[{\"@type\":\"ListItem\",\"position\":1,\"name\":\"Home\",\"item\":\"https:\\\/\\\/www.saopaulo.sp.leg.br\\\/apartes-anteriores\\\/\"},{\"@type\":\"ListItem\",\"position\":2,\"name\":\"Revista Apartes\",\"item\":\"https:\\\/\\\/www.saopaulo.sp.leg.br\\\/apartes-anteriores\\\/\"},{\"@type\":\"ListItem\",\"position\":3,\"name\":\"N\u00famero 12 &#8211; jan-fev\\\/2015\",\"item\":\"https:\\\/\\\/www.saopaulo.sp.leg.br\\\/apartes-anteriores\\\/revista-apartes\\\/numero-12-jan-fev2015\\\/\"},{\"@type\":\"ListItem\",\"position\":4,\"name\":\"Registros da capital\"}]},{\"@type\":\"WebSite\",\"@id\":\"https:\\\/\\\/homolog.saopaulo.sp.leg.br\\\/apartes-anteriores\\\/#website\",\"url\":\"https:\\\/\\\/homolog.saopaulo.sp.leg.br\\\/apartes-anteriores\\\/\",\"name\":\"Revista Apartes (edi\u00e7\u00f5es anteriores)\",\"description\":\"Revista Apartes (edi\u00e7\u00f5es anteriores)\",\"potentialAction\":[{\"@type\":\"SearchAction\",\"target\":{\"@type\":\"EntryPoint\",\"urlTemplate\":\"https:\\\/\\\/homolog.saopaulo.sp.leg.br\\\/apartes-anteriores\\\/?s={search_term_string}\"},\"query-input\":{\"@type\":\"PropertyValueSpecification\",\"valueRequired\":true,\"valueName\":\"search_term_string\"}}],\"inLanguage\":\"pt-BR\"}]}<\/script>\r\n<!-- \/ Yoast SEO plugin. -->","yoast_head_json":{"title":"Registros da capital","robots":{"index":"noindex","follow":"follow","max-snippet":"max-snippet:-1","max-image-preview":"max-image-preview:large","max-video-preview":"max-video-preview:-1"},"og_locale":"pt_BR","og_type":"article","og_title":"Registros da capital","og_description":"O Arquivo Hist\u00f3rico de S\u00e3o Paulo e o da CMSP preservam documentos que datam desde 1562","og_url":"https:\/\/www.saopaulo.sp.leg.br\/apartes-anteriores\/revista-apartes\/numero-12-jan-fev2015\/registros-da-capital\/","og_site_name":"Revista Apartes (edi\u00e7\u00f5es anteriores)","article_publisher":"https:\/\/www.facebook.com\/RevistaApartes\/","article_modified_time":"2016-12-01T16:14:01+00:00","og_image":[{"url":"http:\/\/www.saopaulo.sp.leg.br\/wp-content\/uploads\/2015\/07\/apartes_N12_4.jpg","type":"","width":"","height":""}],"twitter_card":"summary_large_image","twitter_title":"Registros da capital","twitter_description":"O Arquivo Hist\u00f3rico de S\u00e3o Paulo e o da CMSP preservam documentos que datam desde 1562","twitter_site":"@revistaapartes","twitter_misc":{"Est. tempo de leitura":"5 minutos"},"schema":{"@context":"https:\/\/schema.org","@graph":[{"@type":"WebPage","@id":"https:\/\/www.saopaulo.sp.leg.br\/apartes-anteriores\/revista-apartes\/numero-12-jan-fev2015\/registros-da-capital\/","url":"https:\/\/www.saopaulo.sp.leg.br\/apartes-anteriores\/revista-apartes\/numero-12-jan-fev2015\/registros-da-capital\/","name":"Registros da capital","isPartOf":{"@id":"https:\/\/homolog.saopaulo.sp.leg.br\/apartes-anteriores\/#website"},"primaryImageOfPage":{"@id":"https:\/\/www.saopaulo.sp.leg.br\/apartes-anteriores\/revista-apartes\/numero-12-jan-fev2015\/registros-da-capital\/#primaryimage"},"image":{"@id":"https:\/\/www.saopaulo.sp.leg.br\/apartes-anteriores\/revista-apartes\/numero-12-jan-fev2015\/registros-da-capital\/#primaryimage"},"thumbnailUrl":"http:\/\/homolog.saopaulo.sp.leg.br\/wp-content\/uploads\/2015\/07\/apartes_N12_4.jpg","datePublished":"2015-07-01T21:49:45+00:00","dateModified":"2016-12-01T16:14:01+00:00","breadcrumb":{"@id":"https:\/\/www.saopaulo.sp.leg.br\/apartes-anteriores\/revista-apartes\/numero-12-jan-fev2015\/registros-da-capital\/#breadcrumb"},"inLanguage":"pt-BR","potentialAction":[{"@type":"ReadAction","target":["https:\/\/www.saopaulo.sp.leg.br\/apartes-anteriores\/revista-apartes\/numero-12-jan-fev2015\/registros-da-capital\/"]}]},{"@type":"ImageObject","inLanguage":"pt-BR","@id":"https:\/\/www.saopaulo.sp.leg.br\/apartes-anteriores\/revista-apartes\/numero-12-jan-fev2015\/registros-da-capital\/#primaryimage","url":"http:\/\/homolog.saopaulo.sp.leg.br\/wp-content\/uploads\/2015\/07\/apartes_N12_4.jpg","contentUrl":"http:\/\/homolog.saopaulo.sp.leg.br\/wp-content\/uploads\/2015\/07\/apartes_N12_4.jpg"},{"@type":"BreadcrumbList","@id":"https:\/\/www.saopaulo.sp.leg.br\/apartes-anteriores\/revista-apartes\/numero-12-jan-fev2015\/registros-da-capital\/#breadcrumb","itemListElement":[{"@type":"ListItem","position":1,"name":"Home","item":"https:\/\/www.saopaulo.sp.leg.br\/apartes-anteriores\/"},{"@type":"ListItem","position":2,"name":"Revista Apartes","item":"https:\/\/www.saopaulo.sp.leg.br\/apartes-anteriores\/"},{"@type":"ListItem","position":3,"name":"N\u00famero 12 &#8211; jan-fev\/2015","item":"https:\/\/www.saopaulo.sp.leg.br\/apartes-anteriores\/revista-apartes\/numero-12-jan-fev2015\/"},{"@type":"ListItem","position":4,"name":"Registros da capital"}]},{"@type":"WebSite","@id":"https:\/\/homolog.saopaulo.sp.leg.br\/apartes-anteriores\/#website","url":"https:\/\/homolog.saopaulo.sp.leg.br\/apartes-anteriores\/","name":"Revista Apartes (edi\u00e7\u00f5es anteriores)","description":"Revista Apartes (edi\u00e7\u00f5es anteriores)","potentialAction":[{"@type":"SearchAction","target":{"@type":"EntryPoint","urlTemplate":"https:\/\/homolog.saopaulo.sp.leg.br\/apartes-anteriores\/?s={search_term_string}"},"query-input":{"@type":"PropertyValueSpecification","valueRequired":true,"valueName":"search_term_string"}}],"inLanguage":"pt-BR"}]}},"_links":{"self":[{"href":"https:\/\/homolog.saopaulo.sp.leg.br\/apartes-anteriores\/wp-json\/wp\/v2\/pages\/32171","targetHints":{"allow":["GET"]}}],"collection":[{"href":"https:\/\/homolog.saopaulo.sp.leg.br\/apartes-anteriores\/wp-json\/wp\/v2\/pages"}],"about":[{"href":"https:\/\/homolog.saopaulo.sp.leg.br\/apartes-anteriores\/wp-json\/wp\/v2\/types\/page"}],"author":[{"embeddable":true,"href":"https:\/\/homolog.saopaulo.sp.leg.br\/apartes-anteriores\/wp-json\/wp\/v2\/users\/109"}],"replies":[{"embeddable":true,"href":"https:\/\/homolog.saopaulo.sp.leg.br\/apartes-anteriores\/wp-json\/wp\/v2\/comments?post=32171"}],"version-history":[{"count":1,"href":"https:\/\/homolog.saopaulo.sp.leg.br\/apartes-anteriores\/wp-json\/wp\/v2\/pages\/32171\/revisions"}],"predecessor-version":[{"id":33977,"href":"https:\/\/homolog.saopaulo.sp.leg.br\/apartes-anteriores\/wp-json\/wp\/v2\/pages\/32171\/revisions\/33977"}],"up":[{"embeddable":true,"href":"https:\/\/homolog.saopaulo.sp.leg.br\/apartes-anteriores\/wp-json\/wp\/v2\/pages\/27833"}],"wp:attachment":[{"href":"https:\/\/homolog.saopaulo.sp.leg.br\/apartes-anteriores\/wp-json\/wp\/v2\/media?parent=32171"}],"curies":[{"name":"wp","href":"https:\/\/api.w.org\/{rel}","templated":true}]}}