{"id":32216,"date":"2015-07-01T19:29:48","date_gmt":"2015-07-01T22:29:48","guid":{"rendered":"http:\/\/homolog.saopaulo.sp.leg.br\/?page_id=32216"},"modified":"2015-08-19T21:09:22","modified_gmt":"2015-08-19T21:09:22","slug":"apartes-12-notas","status":"publish","type":"page","link":"https:\/\/homolog.saopaulo.sp.leg.br\/apartes-anteriores\/revista-apartes\/numero-12-jan-fev2015\/apartes-12-notas\/","title":{"rendered":"N\u00ba12 \u2013 Notas"},"content":{"rendered":"<h1 class=\"p1\"><span style=\"color: #800000\"><strong>Notas<\/strong><\/span><\/h1>\n<h4>Nova Mesa Diretora<\/h4>\n<p><!-- imagem TOTAL - com legenda - CENTRALIZADA --><\/p>\n<div style=\"width: 100%;margin-right: 1.5em;margin-bottom: 1.5em\">\n<div style=\"padding: 5px;background-color: #eee !important\">\n<p><a href=\"http:\/\/homolog.saopaulo.sp.leg.br\/wp-content\/uploads\/2015\/07\/apartes_N12_2.jpg\"><img loading=\"lazy\" decoding=\"async\" class=\"alignnone size-full wp-image-32217\" src=\"http:\/\/homolog.saopaulo.sp.leg.br\/wp-content\/uploads\/2015\/07\/apartes_N12_2.jpg\" alt=\"apartes_N12_2\" width=\"700\" height=\"466\" \/><\/a><\/p>\n<p style=\"font-size: 0.8em;line-height: 1.1em;text-align: center;margin: -1.5em 0px 7px 0px;color: #333;!important;background-color: transparent !important\" align=\"center\">Antonio Donato assina o termo de posse como presidente da CMSP<\/p>\n<\/div>\n<p style=\"font-size: 0.5em;line-height: 1.1em;text-align: right;margin: 4px 0px 7px 0px;background-color: transparent !important\">Marcelo Ximenez\/CMSP<\/p>\n<\/div>\n<p><!-- imagem TOTAL - com legenda - CENTRALIZADA --><\/p>\n<p>Os vereadores da C\u00e2mara Municipal de S\u00e3o Paulo (CMSP) elegeram, em 15 de dezembro, a Mesa Diretora para 2015. O presidente \u00e9 Antonio Donato (PT), a primeira vice-presidenta \u00e9 Edir Sales (PSD) e o segundo vice-presidente \u00e9 Toninho Paiva (PR).<\/p>\n<p>A primeira secretaria ficou com Aur\u00e9lio Nomura (PSDB) e a segunda secretaria com Paulo Frange (PTB). Nas supl\u00eancias, est\u00e3o Noemi Nonato (PROS) e Eduardo Tuma (PSDB). A Corregedoria da Casa ser\u00e1 comandada pelo vereador Dalton Silvano (PV).<\/p>\n<h4>Comiss\u00e3o sugere fim do contrato do 156<\/h4>\n<p>Em 18 de dezembro, a comiss\u00e3o da CMSP para investigar o contrato da Prefeitura com a empresa Call Tecnologia, prestadora do servi\u00e7o 156, aprovou relat\u00f3rio final no qual sugere que o Munic\u00edpio rompa o v\u00ednculo de forma unilateral.<\/p>\n<p>A conclus\u00e3o \u00e9 que a empresa descumpriu diversas cl\u00e1usulas contratuais. Por exemplo, funciona em im\u00f3veis sem alvar\u00e1 e n\u00e3o disponibilizou um site para o servi\u00e7o 156. O documento cita um relat\u00f3rio feito pela Controladoria Geral do Munic\u00edpio (CGM) que aponta, tamb\u00e9m, diversas falhas no processo de licita\u00e7\u00e3o.<\/p>\n<p>&#8220;Tanto o aspecto financeiro quanto a execu\u00e7\u00e3o do servi\u00e7o s\u00e3o falhos&#8221;, afirma o relator da comiss\u00e3o, vereador Eduardo Tuma (PSDB). O relat\u00f3rio foi encaminhado ao Minist\u00e9rio P\u00fablico e ao Tribunal de Contas do Munic\u00edpio.<\/p>\n<p><em>Com informa\u00e7\u00f5es do portal da C\u00e2mara<\/em><\/p>\n<h4>Portal tem novidades<\/h4>\n<p>Desde dezembro, o portal da C\u00e2mara tem novo layout e funcionalidades. O principal objetivo \u00e9 aproximar o Legislativo paulistano da popula\u00e7\u00e3o. Entre as mudan\u00e7as, est\u00e1 a possibilidade de comentar os artigos e enviar contribui\u00e7\u00f5es por meio do Banco de Ideias.<\/p>\n<p>Para facilitar o uso, foram criadas tr\u00eas p\u00e1ginas principais de navega\u00e7\u00e3o: Vereadores, C\u00e2mara e Participe. A transpar\u00eancia tamb\u00e9m ganha import\u00e2ncia, com uma \u00e1rea pr\u00f3pria. Confira o novo portal em <a href=\"http:\/\/homolog.saopaulo.sp.leg.br\">homolog.saopaulo.sp.leg.br<\/a>.<\/p>\n<h4>C\u00e2mara far\u00e1 sess\u00f5es nos bairros<\/h4>\n<p>Uma das principais iniciativas da nova Mesa Diretora da CMSP \u00e9 o projeto C\u00e2mara nos Bairros, com a realiza\u00e7\u00e3o de sess\u00f5es nas regi\u00f5es das 32 Subprefeituras paulistanas. &#8220;A ideia \u00e9 aproximar a C\u00e2mara dos cidad\u00e3os. O vereador est\u00e1 no dia a dia do bairro, mas a C\u00e2mara, como institui\u00e7\u00e3o, n\u00e3o&#8221;, explica o presidente Antonio Donato (PT). Segundo ele, as sess\u00f5es ser\u00e3o importantes para &#8220;discutir os principais problemas e encaminh\u00e1-los \u00e0 C\u00e2mara ou aos \u00f3rg\u00e3os competentes, para transform\u00e1-los em iniciativas de lei ou de fiscaliza\u00e7\u00e3o&#8221;.<\/p>\n<p>A primeira sess\u00e3o ocorre em 7 de mar\u00e7o, no CEU Campo Limpo (Avenida Carlos Lacerda, 678 \u2013 Pirajussara). Depois, est\u00e3o previstas edi\u00e7\u00f5es em S\u00e3o Miguel Paulista (14\/3), Pirituba (21\/3) e Ja\u00e7an\u00e3\/Trememb\u00e9 (28\/3). Confira o calend\u00e1rio completo, hor\u00e1rios e locais no <a href=\"http:\/\/homolog.saopaulo.sp.leg.br\">homolog.saopaulo.sp.leg.br<\/a>.<\/p>\n<p><em>Com informa\u00e7\u00f5es do portal da C\u00e2mara<\/em><\/p>\n<h4>Economia de \u00e1gua pauta vereadores<\/h4>\n<p>Com a crise h\u00eddrica atual, a CMSP tomou uma s\u00e9rie de medidas contra o desperd\u00edcio: aprova\u00e7\u00e3o de projetos de lei (PLs), redu\u00e7\u00e3o do consumo no Pal\u00e1cio Anchieta (sede da C\u00e2mara) e elabora\u00e7\u00e3o de campanha.<\/p>\n<p>Em 4 de fevereiro, os vereadores aprovaram, em primeira vota\u00e7\u00e3o, nove PLs. O 529\/2014, proposto por Roberto Tr\u00edpoli (PV), Nelo Rodolfo (PMDB), Jos\u00e9 Police Neto (PSD), M\u00e1rio Covas Neto (PSDB), La\u00e9rcio Benko (PHS), Nabil Bonduki (PT), Paulo Frange (PTB) e Ari Friedenbach (PROS), prev\u00ea multa de at\u00e9 R$ 1 mil para quem lavar cal\u00e7adas e\/ou ve\u00edculos com \u00e1gua tratada da rede de municipal, valor que ser\u00e1 dobrado a cada reincid\u00eancia.<\/p>\n<p>O PL 323\/2010, de Dalton Silvano (PV), cria o programa de reuso de \u00e1gua em postos de gasolina e lava-r\u00e1pidos e estabelece multa. O texto prev\u00ea que os estabelecimentos instalem equipamentos para recupera\u00e7\u00e3o e reutiliza\u00e7\u00e3o da \u00e1gua. O propriet\u00e1rio que descumprir ser\u00e1 multado em R$ 1 mil e, se houver reincid\u00eancia, perder\u00e1 a licen\u00e7a.<\/p>\n<p>O PL 44\/2014, de La\u00e9rcio Benko (PHS), obriga o reaproveitamento da \u00e1gua pluvial nas escolas p\u00fablicas municipais e conscientiza\u00e7\u00e3o de alunos e funcion\u00e1rios acerca da economia de \u00e1gua. O PL 39\/2011, de Adilson Amadeu (PTB), institui o programa &#8220;IPTU Verde&#8221;, com incentivos e descontos no imposto para im\u00f3veis que adotarem medidas de economia de recursos. O PL 267\/2014, de Conte Lopes (PTB), acrescenta item no C\u00f3digo de Obras e Edifica\u00e7\u00f5es do Munic\u00edpio, sobre a utiliza\u00e7\u00e3o de instala\u00e7\u00f5es sanit\u00e1rias mais econ\u00f4micas.<\/p>\n<p>O PL 737\/2013, de Natalini (PV), Jos\u00e9 Police Neto (PSD), Goulart (PSD), M\u00e1rio Covas Neto (PSDB) e Toninho Vespoli (PSOL), reserva a casos excepcionais o uso de \u00e1gua pot\u00e1vel na limpeza de cal\u00e7adas e ve\u00edculos. O PL 381\/2014, de Noemi Nonato (PROS), acrescenta itens ao C\u00f3digo de Obras para determinar, entre outras mudan\u00e7as, que novos pr\u00e9dios tenham reservat\u00f3rios de \u00e1gua de reuso, para aplica\u00e7\u00f5es urbanas quando poss\u00edvel.<\/p>\n<p>O PL 362\/2011, de Sandra Tadeu (Democratas), acrescenta itens ao C\u00f3digo de Obras e estabelece que, para ter o Habite-se, os condom\u00ednios verticais residenciais, comerciais ou de uso misto devem ter reservat\u00f3rios para capta\u00e7\u00e3o de \u00e1gua pluvial, para usar quando poss\u00edvel. Por fim, o PL 50\/2008, de Aur\u00e9lio Miguel (PR), cria o Programa Municipal de Combate ao Aquecimento Global e \u00e0s Mudan\u00e7as Clim\u00e1ticas e torna obrigat\u00f3rio o uso de sistemas e procedimentos energ\u00e9ticos eficientes em im\u00f3veis.<\/p>\n<p>Al\u00e9m de aprovar os PLs, a CMSP adotou medidas, determinadas pelo presidente Antonio Donato (PT), para economizar at\u00e9 20% de \u00e1gua no Pal\u00e1cio Anchieta. Dentre elas, as pias e torneiras dos banheiros passaram por manuten\u00e7\u00e3o e tiveram a vaz\u00e3o da \u00e1gua reduzida. A lavagem das escadas e dos pisos foi cortada e a limpeza dos corredores, pisos e escadas passou a ser feita com o m\u00ednimo de \u00e1gua. A CMSP tamb\u00e9m elaborou um folheto com orienta\u00e7\u00f5es para se economizar. O material \u00e9 distribu\u00eddo na sede do Legislativo e pode ser baixado em <a href=\"http:\/\/homolog.saopaulo.sp.leg.br\">homolog.saopaulo.sp.leg.br<\/a>.<\/p>\n<p><em>Com informa\u00e7\u00f5es do portal da C\u00e2mara<\/em><\/p>\n<h4>Trabalhos sobre gastronomia paulistana recebem pr\u00eamio<\/h4>\n<p><!-- imagem PEQUENA - com legenda - LADO DIREITO --><\/p>\n<div style=\"float: right;width: 215px;margin-left: 1.5em;margin-bottom: 1.5em\">\n<div style=\"float: right;padding: 5px;background-color: #eee !important\">\n<p><a href=\"http:\/\/homolog.saopaulo.sp.leg.br\/wp-content\/uploads\/2015\/07\/apartes_N12_3.jpg\"><img loading=\"lazy\" decoding=\"async\" class=\"alignnone size-full wp-image-32220\" src=\"http:\/\/homolog.saopaulo.sp.leg.br\/wp-content\/uploads\/2015\/07\/apartes_N12_3.jpg\" alt=\"apartes_N12_3\" width=\"225\" height=\"300\" \/><\/a><\/p>\n<p style=\"font-size: 0.8em;line-height: 1.1em;text-align: center;margin: -1.5em 0px 7px 0px;color: #333;!important;background-color: transparent !important\" align=\"center\">Virado \u00e0 paulista, a foto vencedora<\/p>\n<\/div>\n<p style=\"font-size: 0.5em;line-height: 1.1em;text-align: right;margin: 4px 0px 7px 0px;background-color: transparent !important\">Rafael Hupsel\/Revista Menu<\/p>\n<\/div>\n<p><!-- imagem PEQUENA - com legenda - LADO DIREITO --><\/p>\n<p>Em 28 de novembro, a CMSP premiou trabalhos acad\u00eamicos e reportagens jornal\u00edsticas sobre a gastronomia paulistana. Ao todo, dez categorias foram contempladas com o Trof\u00e9u S\u00e3o Paulo: Capital Mundial da Gastronomia 2014. Confira os vencedores:<br \/>\n<strong>Fotografia:<\/strong> Virado \u00e0 paulista (Rafael Hupsel, Revista Menu)<br \/>\n<strong>Melhor guia:<\/strong> Em dia guia delivery (Paulo C\u00e9sar Cardoso, PacPrommos Comunica\u00e7\u00e3o)<br \/>\n<strong>Reportagem de revista:<\/strong> Saudosa padoca (Daniel Spilotros, Revista Espresso)<br \/>\n<strong>Reportagem de r\u00e1dio:<\/strong> Churrasco na Copa (Maria Teresa Cruz e Felipe F\u00e9lix, Bandnews)<br \/>\n<strong>Reportagem de TV:<\/strong> A queijaria (Equipe Hoje Tem, TV Gazeta)<br \/>\n<strong>Reportagem de internet:<\/strong> Balaio de ideia e sabores (Mailson da Silva e Rosenildo Ferreira, Papo Reto)<br \/>\n<strong>Reportagem de v\u00eddeo para internet:<\/strong> Festival Disco Xepa (Wagner Rodrigo e Mayara Penina, VilaMundo)<br \/>\n<strong>Programa de TV:<\/strong> Sabores de S\u00e3o Paulo \u2013 Chaf\u00e9 (Chef TV)<br \/>\n<strong>Revista:<\/strong> Revista Expresso, ed. 44 (Caf\u00e9 Editora)<br \/>\n<strong>Trabalho acad\u00eamico:<\/strong> Comida de rua, um guia de baixa gastronomia em S\u00e3o Paulo (Bianca Paulino Chaer; orientadora: Helena Jacob; Faculdade C\u00e1sper L\u00edbero<\/p>\n<p><!-- COMENTE SOBRE ESSA MATERIA --><\/p>\n<table border=\"0\" cellspacing=\"0\" cellpadding=\"0\">\n<tbody>\n<tr>\n<td align=\"center\" width=\"50%\">\n<h5>Comente sobre essa mat\u00e9ria:<\/h5>\n<p><a style=\"font-family: 'Helvetica Neue', 'Helvetica', Helvetica, Arial, sans-serif;color: #fff;font-size: 12px;text-decoration: none;font-weight: bold;text-align: center;background-color: #3b5998 !important;margin: 0 0 10px;padding: 3px 7px\" title=\"Facebook da revista Apartes\" href=\"https:\/\/www.facebook.com\/RevistaApartes\" target=\"_blank\">Facebook<\/a> <a style=\"font-family: 'Helvetica Neue', 'Helvetica', Helvetica, Arial, sans-serif;color: #fff;font-size: 12px;text-decoration: none;font-weight: bold;text-align: center;background-color: #1daced !important;margin: 0 0 10px;padding: 3px 7px\" title=\"Twitter da revista Apartes\" href=\"https:\/\/twitter.com\/RevistaApartes\" target=\"_blank\">Twitter<\/a><\/td>\n<td align=\"center\" width=\"50%\">\n<h5>Envie cr\u00edticas ou sugest\u00f5es:<\/h5>\n<p>Email: <strong><a href=\"mailto:apartes@saopaulo.sp.leg.br\">apartes@saopaulo.sp.leg.br<\/a><\/strong><\/td>\n<\/tr>\n<\/tbody>\n<\/table>\n<p><!-- COMENTE SOBRE ESSA MATERIA --><\/p>\n","protected":false},"excerpt":{"rendered":"<p>Notas Nova Mesa Diretora Antonio Donato assina o termo de posse como presidente da CMSP Marcelo Ximenez\/CMSP Os vereadores da C\u00e2mara Municipal de S\u00e3o Paulo (CMSP) elegeram, em 15 de dezembro, a Mesa Diretora para 2015. O presidente \u00e9 Antonio Donato (PT), a primeira vice-presidenta \u00e9 Edir Sales (PSD) e o segundo vice-presidente \u00e9 Toninho [&hellip;]<\/p>\n","protected":false},"author":109,"featured_media":0,"parent":27833,"menu_order":1,"comment_status":"open","ping_status":"open","template":"","meta":{"footnotes":""},"class_list":["post-32216","page","type-page","status-publish","hentry"],"meta_all":{"_wp_page_template":["default"],"_cmsp_page_download-files":["a:1:{i:0;a:1:{s:4:\"type\";s:3:\"pdf\";}}"],"_cmsp_feature-page_title":["N\u00ba12 \u2013 NOTAS"],"_yoast_wpseo_title":["N\u00ba12 \u2013 NOTAS"],"_yoast_wpseo_bctitle":["Notas"],"_edit_last":["109"],"_edit_lock":["1440018432:109"]},"meta_all_2":{"_wp_page_template":["default"],"_cmsp_page_download-files":["a:1:{i:0;a:1:{s:4:\"type\";s:3:\"pdf\";}}"],"_cmsp_feature-page_title":["N\u00ba12 \u2013 NOTAS"],"_yoast_wpseo_title":["N\u00ba12 \u2013 NOTAS"],"_yoast_wpseo_bctitle":["Notas"],"_edit_last":["109"],"_edit_lock":["1440018432:109"]},"yoast_head":"<!-- This site is optimized with the Yoast SEO plugin v27.4 - https:\/\/yoast.com\/product\/yoast-seo-wordpress\/ -->\r\n<title>N\u00ba12 \u2013 NOTAS<\/title>\r\n<meta name=\"robots\" content=\"noindex, follow, max-snippet:-1, max-image-preview:large, max-video-preview:-1\" \/>\r\n<meta property=\"og:locale\" content=\"pt_BR\" \/>\r\n<meta property=\"og:type\" content=\"article\" \/>\r\n<meta property=\"og:title\" content=\"N\u00ba12 \u2013 NOTAS\" \/>\r\n<meta property=\"og:description\" content=\"Notas Nova Mesa Diretora Antonio Donato assina o termo de posse como presidente da CMSP Marcelo Ximenez\/CMSP Os vereadores da C\u00e2mara Municipal de S\u00e3o Paulo (CMSP) elegeram, em 15 de dezembro, a Mesa Diretora para 2015. O presidente \u00e9 Antonio Donato (PT), a primeira vice-presidenta \u00e9 Edir Sales (PSD) e o segundo vice-presidente \u00e9 Toninho [&hellip;]\" \/>\r\n<meta property=\"og:url\" content=\"https:\/\/www.saopaulo.sp.leg.br\/apartes-anteriores\/revista-apartes\/numero-12-jan-fev2015\/apartes-12-notas\/\" \/>\r\n<meta property=\"og:site_name\" content=\"Revista Apartes (edi\u00e7\u00f5es anteriores)\" \/>\r\n<meta property=\"article:publisher\" content=\"https:\/\/www.facebook.com\/RevistaApartes\/\" \/>\r\n<meta property=\"article:modified_time\" content=\"2015-08-19T21:09:22+00:00\" \/>\r\n<meta property=\"og:image\" content=\"http:\/\/www.saopaulo.sp.leg.br\/wp-content\/uploads\/2015\/07\/apartes_N12_2.jpg\" \/>\r\n<meta name=\"twitter:card\" content=\"summary_large_image\" \/>\r\n<meta name=\"twitter:site\" content=\"@revistaapartes\" \/>\r\n<meta name=\"twitter:label1\" content=\"Est. tempo de leitura\" \/>\n\t<meta name=\"twitter:data1\" content=\"6 minutos\" \/>\r\n<script type=\"application\/ld+json\" class=\"yoast-schema-graph\">{\"@context\":\"https:\\\/\\\/schema.org\",\"@graph\":[{\"@type\":\"WebPage\",\"@id\":\"https:\\\/\\\/www.saopaulo.sp.leg.br\\\/apartes-anteriores\\\/revista-apartes\\\/numero-12-jan-fev2015\\\/apartes-12-notas\\\/\",\"url\":\"https:\\\/\\\/www.saopaulo.sp.leg.br\\\/apartes-anteriores\\\/revista-apartes\\\/numero-12-jan-fev2015\\\/apartes-12-notas\\\/\",\"name\":\"N\u00ba12 \u2013 NOTAS\",\"isPartOf\":{\"@id\":\"https:\\\/\\\/homolog.saopaulo.sp.leg.br\\\/apartes-anteriores\\\/#website\"},\"primaryImageOfPage\":{\"@id\":\"https:\\\/\\\/www.saopaulo.sp.leg.br\\\/apartes-anteriores\\\/revista-apartes\\\/numero-12-jan-fev2015\\\/apartes-12-notas\\\/#primaryimage\"},\"image\":{\"@id\":\"https:\\\/\\\/www.saopaulo.sp.leg.br\\\/apartes-anteriores\\\/revista-apartes\\\/numero-12-jan-fev2015\\\/apartes-12-notas\\\/#primaryimage\"},\"thumbnailUrl\":\"http:\\\/\\\/homolog.saopaulo.sp.leg.br\\\/wp-content\\\/uploads\\\/2015\\\/07\\\/apartes_N12_2.jpg\",\"datePublished\":\"2015-07-01T22:29:48+00:00\",\"dateModified\":\"2015-08-19T21:09:22+00:00\",\"breadcrumb\":{\"@id\":\"https:\\\/\\\/www.saopaulo.sp.leg.br\\\/apartes-anteriores\\\/revista-apartes\\\/numero-12-jan-fev2015\\\/apartes-12-notas\\\/#breadcrumb\"},\"inLanguage\":\"pt-BR\",\"potentialAction\":[{\"@type\":\"ReadAction\",\"target\":[\"https:\\\/\\\/www.saopaulo.sp.leg.br\\\/apartes-anteriores\\\/revista-apartes\\\/numero-12-jan-fev2015\\\/apartes-12-notas\\\/\"]}]},{\"@type\":\"ImageObject\",\"inLanguage\":\"pt-BR\",\"@id\":\"https:\\\/\\\/www.saopaulo.sp.leg.br\\\/apartes-anteriores\\\/revista-apartes\\\/numero-12-jan-fev2015\\\/apartes-12-notas\\\/#primaryimage\",\"url\":\"http:\\\/\\\/homolog.saopaulo.sp.leg.br\\\/wp-content\\\/uploads\\\/2015\\\/07\\\/apartes_N12_2.jpg\",\"contentUrl\":\"http:\\\/\\\/homolog.saopaulo.sp.leg.br\\\/wp-content\\\/uploads\\\/2015\\\/07\\\/apartes_N12_2.jpg\"},{\"@type\":\"BreadcrumbList\",\"@id\":\"https:\\\/\\\/www.saopaulo.sp.leg.br\\\/apartes-anteriores\\\/revista-apartes\\\/numero-12-jan-fev2015\\\/apartes-12-notas\\\/#breadcrumb\",\"itemListElement\":[{\"@type\":\"ListItem\",\"position\":1,\"name\":\"Home\",\"item\":\"https:\\\/\\\/www.saopaulo.sp.leg.br\\\/apartes-anteriores\\\/\"},{\"@type\":\"ListItem\",\"position\":2,\"name\":\"Revista Apartes\",\"item\":\"https:\\\/\\\/www.saopaulo.sp.leg.br\\\/apartes-anteriores\\\/\"},{\"@type\":\"ListItem\",\"position\":3,\"name\":\"N\u00famero 12 &#8211; jan-fev\\\/2015\",\"item\":\"https:\\\/\\\/www.saopaulo.sp.leg.br\\\/apartes-anteriores\\\/revista-apartes\\\/numero-12-jan-fev2015\\\/\"},{\"@type\":\"ListItem\",\"position\":4,\"name\":\"Notas\"}]},{\"@type\":\"WebSite\",\"@id\":\"https:\\\/\\\/homolog.saopaulo.sp.leg.br\\\/apartes-anteriores\\\/#website\",\"url\":\"https:\\\/\\\/homolog.saopaulo.sp.leg.br\\\/apartes-anteriores\\\/\",\"name\":\"Revista Apartes (edi\u00e7\u00f5es anteriores)\",\"description\":\"Revista Apartes (edi\u00e7\u00f5es anteriores)\",\"potentialAction\":[{\"@type\":\"SearchAction\",\"target\":{\"@type\":\"EntryPoint\",\"urlTemplate\":\"https:\\\/\\\/homolog.saopaulo.sp.leg.br\\\/apartes-anteriores\\\/?s={search_term_string}\"},\"query-input\":{\"@type\":\"PropertyValueSpecification\",\"valueRequired\":true,\"valueName\":\"search_term_string\"}}],\"inLanguage\":\"pt-BR\"}]}<\/script>\r\n<!-- \/ Yoast SEO plugin. -->","yoast_head_json":{"title":"N\u00ba12 \u2013 NOTAS","robots":{"index":"noindex","follow":"follow","max-snippet":"max-snippet:-1","max-image-preview":"max-image-preview:large","max-video-preview":"max-video-preview:-1"},"og_locale":"pt_BR","og_type":"article","og_title":"N\u00ba12 \u2013 NOTAS","og_description":"Notas Nova Mesa Diretora Antonio Donato assina o termo de posse como presidente da CMSP Marcelo Ximenez\/CMSP Os vereadores da C\u00e2mara Municipal de S\u00e3o Paulo (CMSP) elegeram, em 15 de dezembro, a Mesa Diretora para 2015. O presidente \u00e9 Antonio Donato (PT), a primeira vice-presidenta \u00e9 Edir Sales (PSD) e o segundo vice-presidente \u00e9 Toninho [&hellip;]","og_url":"https:\/\/www.saopaulo.sp.leg.br\/apartes-anteriores\/revista-apartes\/numero-12-jan-fev2015\/apartes-12-notas\/","og_site_name":"Revista Apartes (edi\u00e7\u00f5es anteriores)","article_publisher":"https:\/\/www.facebook.com\/RevistaApartes\/","article_modified_time":"2015-08-19T21:09:22+00:00","og_image":[{"url":"http:\/\/www.saopaulo.sp.leg.br\/wp-content\/uploads\/2015\/07\/apartes_N12_2.jpg","type":"","width":"","height":""}],"twitter_card":"summary_large_image","twitter_site":"@revistaapartes","twitter_misc":{"Est. tempo de leitura":"6 minutos"},"schema":{"@context":"https:\/\/schema.org","@graph":[{"@type":"WebPage","@id":"https:\/\/www.saopaulo.sp.leg.br\/apartes-anteriores\/revista-apartes\/numero-12-jan-fev2015\/apartes-12-notas\/","url":"https:\/\/www.saopaulo.sp.leg.br\/apartes-anteriores\/revista-apartes\/numero-12-jan-fev2015\/apartes-12-notas\/","name":"N\u00ba12 \u2013 NOTAS","isPartOf":{"@id":"https:\/\/homolog.saopaulo.sp.leg.br\/apartes-anteriores\/#website"},"primaryImageOfPage":{"@id":"https:\/\/www.saopaulo.sp.leg.br\/apartes-anteriores\/revista-apartes\/numero-12-jan-fev2015\/apartes-12-notas\/#primaryimage"},"image":{"@id":"https:\/\/www.saopaulo.sp.leg.br\/apartes-anteriores\/revista-apartes\/numero-12-jan-fev2015\/apartes-12-notas\/#primaryimage"},"thumbnailUrl":"http:\/\/homolog.saopaulo.sp.leg.br\/wp-content\/uploads\/2015\/07\/apartes_N12_2.jpg","datePublished":"2015-07-01T22:29:48+00:00","dateModified":"2015-08-19T21:09:22+00:00","breadcrumb":{"@id":"https:\/\/www.saopaulo.sp.leg.br\/apartes-anteriores\/revista-apartes\/numero-12-jan-fev2015\/apartes-12-notas\/#breadcrumb"},"inLanguage":"pt-BR","potentialAction":[{"@type":"ReadAction","target":["https:\/\/www.saopaulo.sp.leg.br\/apartes-anteriores\/revista-apartes\/numero-12-jan-fev2015\/apartes-12-notas\/"]}]},{"@type":"ImageObject","inLanguage":"pt-BR","@id":"https:\/\/www.saopaulo.sp.leg.br\/apartes-anteriores\/revista-apartes\/numero-12-jan-fev2015\/apartes-12-notas\/#primaryimage","url":"http:\/\/homolog.saopaulo.sp.leg.br\/wp-content\/uploads\/2015\/07\/apartes_N12_2.jpg","contentUrl":"http:\/\/homolog.saopaulo.sp.leg.br\/wp-content\/uploads\/2015\/07\/apartes_N12_2.jpg"},{"@type":"BreadcrumbList","@id":"https:\/\/www.saopaulo.sp.leg.br\/apartes-anteriores\/revista-apartes\/numero-12-jan-fev2015\/apartes-12-notas\/#breadcrumb","itemListElement":[{"@type":"ListItem","position":1,"name":"Home","item":"https:\/\/www.saopaulo.sp.leg.br\/apartes-anteriores\/"},{"@type":"ListItem","position":2,"name":"Revista Apartes","item":"https:\/\/www.saopaulo.sp.leg.br\/apartes-anteriores\/"},{"@type":"ListItem","position":3,"name":"N\u00famero 12 &#8211; jan-fev\/2015","item":"https:\/\/www.saopaulo.sp.leg.br\/apartes-anteriores\/revista-apartes\/numero-12-jan-fev2015\/"},{"@type":"ListItem","position":4,"name":"Notas"}]},{"@type":"WebSite","@id":"https:\/\/homolog.saopaulo.sp.leg.br\/apartes-anteriores\/#website","url":"https:\/\/homolog.saopaulo.sp.leg.br\/apartes-anteriores\/","name":"Revista Apartes (edi\u00e7\u00f5es anteriores)","description":"Revista Apartes (edi\u00e7\u00f5es anteriores)","potentialAction":[{"@type":"SearchAction","target":{"@type":"EntryPoint","urlTemplate":"https:\/\/homolog.saopaulo.sp.leg.br\/apartes-anteriores\/?s={search_term_string}"},"query-input":{"@type":"PropertyValueSpecification","valueRequired":true,"valueName":"search_term_string"}}],"inLanguage":"pt-BR"}]}},"_links":{"self":[{"href":"https:\/\/homolog.saopaulo.sp.leg.br\/apartes-anteriores\/wp-json\/wp\/v2\/pages\/32216","targetHints":{"allow":["GET"]}}],"collection":[{"href":"https:\/\/homolog.saopaulo.sp.leg.br\/apartes-anteriores\/wp-json\/wp\/v2\/pages"}],"about":[{"href":"https:\/\/homolog.saopaulo.sp.leg.br\/apartes-anteriores\/wp-json\/wp\/v2\/types\/page"}],"author":[{"embeddable":true,"href":"https:\/\/homolog.saopaulo.sp.leg.br\/apartes-anteriores\/wp-json\/wp\/v2\/users\/109"}],"replies":[{"embeddable":true,"href":"https:\/\/homolog.saopaulo.sp.leg.br\/apartes-anteriores\/wp-json\/wp\/v2\/comments?post=32216"}],"version-history":[{"count":1,"href":"https:\/\/homolog.saopaulo.sp.leg.br\/apartes-anteriores\/wp-json\/wp\/v2\/pages\/32216\/revisions"}],"predecessor-version":[{"id":33979,"href":"https:\/\/homolog.saopaulo.sp.leg.br\/apartes-anteriores\/wp-json\/wp\/v2\/pages\/32216\/revisions\/33979"}],"up":[{"embeddable":true,"href":"https:\/\/homolog.saopaulo.sp.leg.br\/apartes-anteriores\/wp-json\/wp\/v2\/pages\/27833"}],"wp:attachment":[{"href":"https:\/\/homolog.saopaulo.sp.leg.br\/apartes-anteriores\/wp-json\/wp\/v2\/media?parent=32216"}],"curies":[{"name":"wp","href":"https:\/\/api.w.org\/{rel}","templated":true}]}}