{"id":33659,"date":"2015-08-11T14:46:05","date_gmt":"2015-08-11T17:46:05","guid":{"rendered":"http:\/\/homolog.saopaulo.sp.leg.br\/?page_id=33659"},"modified":"2021-10-06T14:37:37","modified_gmt":"2021-10-06T17:37:37","slug":"no09-notas","status":"publish","type":"page","link":"https:\/\/homolog.saopaulo.sp.leg.br\/apartes-anteriores\/revista-apartes\/numero-9-agosto2014\/no09-notas\/","title":{"rendered":"N\u00ba09 \u2013 Notas"},"content":{"rendered":"<h1><strong><span style=\"color: #800000\">Notas<\/span><\/strong><\/h1>\n<h2><strong>C\u00e2mara instala CPI da Sabesp<\/strong><\/h2>\n<p><!-- imagem TOTAL - com legenda - CENTRALIZADA --><\/p>\n<div style=\"width: 608px;margin-right: 1.5em;margin-bottom: 1.5em\">\n<div style=\"padding: 5px;background-color: #eee !important\">\n<p><a href=\"http:\/\/homolog.saopaulo.sp.leg.br\/wp-content\/uploads\/2015\/08\/imagem1.jpg\"><img loading=\"lazy\" decoding=\"async\" class=\"alignnone size-full wp-image-33671\" src=\"http:\/\/homolog.saopaulo.sp.leg.br\/wp-content\/uploads\/2015\/08\/imagem1.jpg\" alt=\"imagem1\" width=\"598\" height=\"494\" \/><\/a><\/p>\n<p style=\"font-size: 0.8em;line-height: 1.1em;text-align: center;margin: -1.5em 0px 7px 0px;color: #333;!important;background-color: transparent !important\" align=\"center\">Contratos entre Prefeitura e a Companhia de Saneamento B\u00e1sico do Estado de S\u00e3o Paulo ser\u00e3o investigados<\/p>\n<\/div>\n<p style=\"font-size: 0.5em;line-height: 1.1em;text-align: right;margin: 4px 0px 7px 0px;background-color: transparent !important\">Edson Lopes Jr.\/A2 Fotografia<\/p>\n<\/div>\n<p><!-- imagem TOTAL - com legenda - CENTRALIZADA --><\/p>\n<p>A C\u00e2mara Municipal de S\u00e3o Paulo (CMSP) instalou, em 6 de agosto, a Comiss\u00e3o Parlamentar de Inqu\u00e9rito (CPI) da Companhia de Saneamento B\u00e1sico do Estado de S\u00e3o Paulo (Sabesp), que investigar\u00e1 os contratos da autarquia com a Prefeitura de S\u00e3o Paulo. Os trabalhos durar\u00e3o 120 dias.<\/p>\n<p>\u201cPretendemos investigar o atual contrato de presta\u00e7\u00e3o de servi\u00e7os entre a Sabesp e o governo de S\u00e3o Paulo porque entendemos que ele n\u00e3o est\u00e1 sendo cumprido\u201d, comentou o vereador La\u00e9rcio Benko (PHS), presidente da CPI e autor do requerimento que prop\u00f4s a comiss\u00e3o.<\/p>\n<p>O vereador Andrea Matarazzo (PSDB) disse que a cria\u00e7\u00e3o da CPI n\u00e3o tem fundamento, j\u00e1 que os contratos da Sabesp s\u00e3o p\u00fablicos. \u201cEsta CPI \u00e9 um barulho pol\u00edtico, h\u00e1 um interesse eleitoral por tr\u00e1s\u201d, declarou.<\/p>\n<p>Com informa\u00e7\u00f5es do portal <a href=\"https:\/\/homolog.saopaulo.sp.leg.br\/blog\/camara-aprova-abertura-da-cpi-da-sabesp\/\">homolog.saopaulo.sp.leg.br<\/a><\/p>\n<h2><strong>Apartes \u00e9 tema de trabalho acad\u00eamico<\/strong><\/h2>\n<p>A revista Apartes foi tema da monografia Democracia, comunica\u00e7\u00e3o e participa\u00e7\u00e3o, elaborada pelo jornalista Wildnei Teodoro e apresentada como trabalho de conclus\u00e3o do curso de p\u00f3s-gradua\u00e7\u00e3o lato sensu em assessoria parlamentar e capacita\u00e7\u00e3o pol\u00edtica, da Funda\u00e7\u00e3o Escola de Sociologia e Pol\u00edtica de S\u00e3o Paulo (Fesp).<\/p>\n<p>O trabalho, segundo Teodoro, aborda a crise da democracia representativa e avalia a comunica\u00e7\u00e3o pol\u00edtica predominante nos dias atuais. O autor buscou, ent\u00e3o, um ve\u00edculo que atendesse \u201c\u00e0s exig\u00eancias de uma democracia mais participativa e inclusiva, com melhor di\u00e1logo entre representantes e representados\u201d.<\/p>\n<p>Ainda de acordo com Teodoro, a Apartes \u00e9 um ve\u00edculo que contribui para a rela\u00e7\u00e3o entre cidad\u00e3os e governantes. \u201cSeu discurso horizontal, sua abordagem informacional n\u00e3o ideol\u00f3gica de temas pol\u00edticos do Legislativo paulistano, suas pautas pr\u00f3ximas do dia a dia dos cidad\u00e3os, sua disposi\u00e7\u00e3o ao di\u00e1logo s\u00e3o pontos que condizem com uma comunica\u00e7\u00e3o pol\u00edtica respons\u00e1vel, incentivadora da participa\u00e7\u00e3o e identificada com a prioriza\u00e7\u00e3o do interesse p\u00fablico\u201d, finaliza. Em breve, a monografia estar\u00e1 dispon\u00edvel na biblioteca da Funda\u00e7\u00e3o.<\/p>\n<h2><strong>Site da C\u00e2mara recebe sugest\u00f5es para o PME<\/strong><\/h2>\n<p><!--TESTE--><\/p>\n<div style=\"float: right;width: 417px;margin-left: 1.5em;margin-bottom: 1.5em\">\n<div style=\"float: right;padding: 0px;background-color: transparent !important\"><a href=\"http:\/\/homolog.saopaulo.sp.leg.br\/wp-content\/uploads\/2015\/08\/imagem4.jpg\"><img loading=\"lazy\" decoding=\"async\" class=\"alignnone  wp-image-33673\" src=\"http:\/\/homolog.saopaulo.sp.leg.br\/wp-content\/uploads\/2015\/08\/imagem4.jpg\" alt=\"imagem4\" width=\"407\" height=\"273\" \/><\/a><\/div>\n<\/div>\n<p><!--TESTE--><\/p>\n<p>Est\u00e1 no ar o site especial com informa\u00e7\u00f5es sobre o Plano Municipal de Educa\u00e7\u00e3o (PME), atualmente em tramita\u00e7\u00e3o na C\u00e2mara Municipal de S\u00e3o Paulo. As p\u00e1ginas, acess\u00edveis em <a href=\"http:\/\/homolog.saopaulo.sp.leg.br\/wp-content\/uploads\/dce\/pme\/\">http:\/\/homolog.saopaulo.sp.leg.br\/wp-content\/uploads\/dce\/pme\/<\/a>, cont\u00eam informa\u00e7\u00f5es sobre a formula\u00e7\u00e3o da lei e a agenda das audi\u00eancias p\u00fablicas marcadas para debater o projeto.<\/p>\n<p>O Plano, que tra\u00e7a as metas e estrat\u00e9gias para a rede municipal de ensino nos pr\u00f3ximos dez anos, est\u00e1 sob an\u00e1lise da Comiss\u00e3o de Educa\u00e7\u00e3o, Cultura e Esporte da CMSP. O relator do PME \u00e9 o vereador Toninho Vespoli (PSOL).<\/p>\n<h2><strong>Reconhecimento a delegados aposentados<\/strong><\/h2>\n<table border=\"0\" cellspacing=\"0\" cellpadding=\"0\">\n<tbody>\n<tr>\n<td valign=\"top\"><!-- imagem MEDIA - com legenda - LADO ESQUERDO --><\/p>\n<div style=\"float: left;width: 310px;margin-right: 1.5em;margin-bottom: 1.5em\">\n<div style=\"float: left;padding: 5px;background-color: #eee !important\">\n<p><a href=\"http:\/\/homolog.saopaulo.sp.leg.br\/wp-content\/uploads\/2015\/08\/imagem3.jpg\"><img loading=\"lazy\" decoding=\"async\" class=\"alignnone wp-image-33677\" src=\"http:\/\/homolog.saopaulo.sp.leg.br\/wp-content\/uploads\/2015\/08\/imagem3.jpg\" alt=\"imagem3\" width=\"300\" height=\"228\" \/><\/a><\/p>\n<p style=\"font-size: 0.8em;line-height: 1.1em;text-align: center;margin: -1.5em 0px 7px 0px;color: #333;!important;background-color: transparent !important\" align=\"center\">Homenageados recebem l\u00e1urea de prata em Sess\u00e3o Solene<\/p>\n<\/div>\n<p style=\"font-size: 0.5em;line-height: 1.1em;text-align: right;margin: 4px 0px 7px 0px;background-color: transparent !important\">Marcelo Ximenez\/CMSP<\/p>\n<\/div>\n<p><!-- imagem MEDIA - com legenda - LADO ESQUERDO --><\/td>\n<td valign=\"top\"><!-- imagem MEDIA - com legenda - LADO DIREITO --><\/p>\n<div style=\"float: right;width: 310px;margin-left: 1.5em;margin-bottom: 1.5em\">\n<div style=\"float: right;padding: 5px;background-color: transparent !important\"><a href=\"http:\/\/homolog.saopaulo.sp.leg.br\/wp-content\/uploads\/2015\/08\/info1.jpg\"><img loading=\"lazy\" decoding=\"async\" class=\"alignnone wp-image-33676\" src=\"http:\/\/homolog.saopaulo.sp.leg.br\/wp-content\/uploads\/2015\/08\/info1.jpg\" alt=\"info1\" width=\"300\" height=\"300\" \/><\/a><\/div>\n<\/div>\n<p><!-- imagem MEDIA - com legenda - LADO DIREITO --><\/td>\n<\/tr>\n<\/tbody>\n<\/table>\n<p>No dia 18 de agosto, ocorreu a sess\u00e3o solene em homenagem aos delegados de Pol\u00edcia Civil aposentados, evento institu\u00eddo pela Resolu\u00e7\u00e3o 2\/2005, do vereador licenciado Celso Jatene (PTB). Em 2014, 25 ex-delegados receberam a l\u00e1urea de prata por \u201crelevantes servi\u00e7os prestados \u00e0 Pol\u00edcia Civil do Estado de S\u00e3o Paulo\u201d.<\/p>\n<p>Os nomes dos contemplados s\u00e3o definidos pela Delegacia Geral de Pol\u00edcia, pela Associa\u00e7\u00e3o dos Delegados de Pol\u00edcia do Estado de S\u00e3o Paulo e pelo Sindicato dos Delegados de Pol\u00edcia do Estado de S\u00e3o Paulo.<\/p>\n<h2><strong>Comiss\u00e3o que investiga \u00e1reas contaminadas \u00e9 prorrogada<\/strong><\/h2>\n<p><!-- imagem GRANDE - com legenda - LADO ESQUERDO --><\/p>\n<div style=\"float: left;width: 346px;margin-right: 1.5em;margin-bottom: 1.5em\">\n<div style=\"float: left;padding: 5px;background-color: #eee !important\">\n<p><a href=\"http:\/\/homolog.saopaulo.sp.leg.br\/wp-content\/uploads\/2015\/08\/imagem2.jpg\"><img loading=\"lazy\" decoding=\"async\" class=\"alignnone  wp-image-33683\" src=\"http:\/\/homolog.saopaulo.sp.leg.br\/wp-content\/uploads\/2015\/08\/imagem2.jpg\" alt=\"imagem2\" width=\"336\" height=\"279\" \/><\/a><\/p>\n<p style=\"font-size: 0.8em;line-height: 1.1em;text-align: center;margin: -1.5em 0px 7px 0px;color: #333;!important;background-color: transparent !important\" align=\"center\">Reitor da USP, Marco Antonio Zago nega risco para alunos do Campus Leste<\/p>\n<\/div>\n<p style=\"font-size: 0.5em;line-height: 1.1em;text-align: right;margin: 4px 0px 7px 0px;background-color: transparent !important\">F\u00e1bio Lazzari\/CMSP<\/p>\n<\/div>\n<p><!-- imagem GRANDE - com legenda - LADO ESQUERDO --><\/p>\n<p>Os vereadores prorrogaram, por 120 dias, a CPI que investiga den\u00fancias sobre \u00e1reas contaminadas na cidade de S\u00e3o Paulo. Com isso, a comiss\u00e3o ficar\u00e1 em atividade at\u00e9 janeiro. O relator da CPI, vereador Aur\u00e9lio Nomura (PSDB), explicou os motivos que levaram \u00e0 prorroga\u00e7\u00e3o. \u201cV\u00e1rios fatores contribu\u00edram para retardar os trabalhos da CPI, por exemplo, a Copa do Mundo e o debate do Plano Diretor Estrat\u00e9gico\u201d, argumentou. Instalada em abril, inicialmente a comiss\u00e3o encerraria as investiga\u00e7\u00f5es em 5 de setembro.<\/p>\n<p>No dia 12 de agosto, os vereadores ouviram o reitor da Universidade de S\u00e3o Paulo (USP), Marco Antonio Zago, sobre a exist\u00eancia de terras que estariam contaminadas no Campus Leste. Segundo ele, n\u00e3o h\u00e1 provas suficientes a respeito disso. Zago declarou tamb\u00e9m que n\u00e3o h\u00e1 risco para os 4.700 estudantes da unidade.<\/p>\n<p><!-- COMENTE SOBRE ESSA MATERIA --><\/p>\n<table border=\"0\" cellspacing=\"0\" cellpadding=\"0\">\n<tbody>\n<tr>\n<td align=\"center\" width=\"50%\">\n<h5>Comente sobre essa mat\u00e9ria:<\/h5>\n<p><a style=\"font-family: 'Helvetica Neue', 'Helvetica', Helvetica, Arial, sans-serif;color: #fff;font-size: 12px;text-decoration: none;font-weight: bold;text-align: center;background-color: #3b5998 !important;margin: 0 0 10px;padding: 3px 7px\" title=\"Facebook da revista Apartes\" href=\"https:\/\/www.facebook.com\/RevistaApartes\" target=\"_blank\" rel=\"noopener\">Facebook<\/a> <a style=\"font-family: 'Helvetica Neue', 'Helvetica', Helvetica, Arial, sans-serif;color: #fff;font-size: 12px;text-decoration: none;font-weight: bold;text-align: center;background-color: #1daced !important;margin: 0 0 10px;padding: 3px 7px\" title=\"Twitter da revista Apartes\" href=\"https:\/\/twitter.com\/RevistaApartes\" target=\"_blank\" rel=\"noopener\">Twitter<\/a><\/td>\n<td align=\"center\" width=\"50%\">\n<h5>Envie cr\u00edticas ou sugest\u00f5es:<\/h5>\n<p>Email: <strong><a href=\"mailto:apartes@saopaulo.sp.leg.br\">apartes@saopaulo.sp.leg.br<\/a><\/strong><\/td>\n<\/tr>\n<\/tbody>\n<\/table>\n<p><!-- COMENTE SOBRE ESSA MATERIA --><\/p>\n","protected":false},"excerpt":{"rendered":"<p>Notas C\u00e2mara instala CPI da Sabesp Contratos entre Prefeitura e a Companhia de Saneamento B\u00e1sico do Estado de S\u00e3o Paulo ser\u00e3o investigados Edson Lopes Jr.\/A2 Fotografia A C\u00e2mara Municipal de S\u00e3o Paulo (CMSP) instalou, em 6 de agosto, a Comiss\u00e3o Parlamentar de Inqu\u00e9rito (CPI) da Companhia de Saneamento B\u00e1sico do Estado de S\u00e3o Paulo (Sabesp), [&hellip;]<\/p>\n","protected":false},"author":109,"featured_media":0,"parent":24314,"menu_order":1,"comment_status":"open","ping_status":"open","template":"","meta":{"footnotes":""},"class_list":["post-33659","page","type-page","status-publish","hentry"],"meta_all":{"_wp_page_template":["default"],"_cmsp_page_download-files":["a:1:{i:0;a:1:{s:4:\"type\";s:3:\"pdf\";}}"],"_yoast_wpseo_title":["N\u00ba09 \u2013 Notas"],"_yoast_wpseo_bctitle":["N\u00ba09 \u2013 Notas"],"_cmsp_feature-page_title":["N\u00ba09 \u2013 Notas"],"_edit_lock":["1444409003:109"],"_edit_last":["109"]},"meta_all_2":{"_wp_page_template":["default"],"_cmsp_page_download-files":["a:1:{i:0;a:1:{s:4:\"type\";s:3:\"pdf\";}}"],"_yoast_wpseo_title":["N\u00ba09 \u2013 Notas"],"_yoast_wpseo_bctitle":["N\u00ba09 \u2013 Notas"],"_cmsp_feature-page_title":["N\u00ba09 \u2013 Notas"],"_edit_lock":["1444409003:109"],"_edit_last":["109"]},"yoast_head":"<!-- This site is optimized with the Yoast SEO plugin v27.4 - https:\/\/yoast.com\/product\/yoast-seo-wordpress\/ -->\r\n<title>N\u00ba09 \u2013 Notas<\/title>\r\n<meta name=\"robots\" content=\"noindex, follow, max-snippet:-1, max-image-preview:large, max-video-preview:-1\" \/>\r\n<meta property=\"og:locale\" content=\"pt_BR\" \/>\r\n<meta property=\"og:type\" content=\"article\" \/>\r\n<meta property=\"og:title\" content=\"N\u00ba09 \u2013 Notas\" \/>\r\n<meta property=\"og:description\" content=\"Notas C\u00e2mara instala CPI da Sabesp Contratos entre Prefeitura e a Companhia de Saneamento B\u00e1sico do Estado de S\u00e3o Paulo ser\u00e3o investigados Edson Lopes Jr.\/A2 Fotografia A C\u00e2mara Municipal de S\u00e3o Paulo (CMSP) instalou, em 6 de agosto, a Comiss\u00e3o Parlamentar de Inqu\u00e9rito (CPI) da Companhia de Saneamento B\u00e1sico do Estado de S\u00e3o Paulo (Sabesp), [&hellip;]\" \/>\r\n<meta property=\"og:url\" content=\"https:\/\/www.saopaulo.sp.leg.br\/apartes-anteriores\/revista-apartes\/numero-9-agosto2014\/no09-notas\/\" \/>\r\n<meta property=\"og:site_name\" content=\"Revista Apartes (edi\u00e7\u00f5es anteriores)\" \/>\r\n<meta property=\"article:publisher\" content=\"https:\/\/www.facebook.com\/RevistaApartes\/\" \/>\r\n<meta property=\"article:modified_time\" content=\"2021-10-06T17:37:37+00:00\" \/>\r\n<meta property=\"og:image\" content=\"http:\/\/www.saopaulo.sp.leg.br\/wp-content\/uploads\/2015\/08\/imagem1.jpg\" \/>\r\n<meta name=\"twitter:card\" content=\"summary_large_image\" \/>\r\n<meta name=\"twitter:site\" content=\"@revistaapartes\" \/>\r\n<meta name=\"twitter:label1\" content=\"Est. tempo de leitura\" \/>\n\t<meta name=\"twitter:data1\" content=\"4 minutos\" \/>\r\n<script type=\"application\/ld+json\" class=\"yoast-schema-graph\">{\"@context\":\"https:\\\/\\\/schema.org\",\"@graph\":[{\"@type\":\"WebPage\",\"@id\":\"https:\\\/\\\/www.saopaulo.sp.leg.br\\\/apartes-anteriores\\\/revista-apartes\\\/numero-9-agosto2014\\\/no09-notas\\\/\",\"url\":\"https:\\\/\\\/www.saopaulo.sp.leg.br\\\/apartes-anteriores\\\/revista-apartes\\\/numero-9-agosto2014\\\/no09-notas\\\/\",\"name\":\"N\u00ba09 \u2013 Notas\",\"isPartOf\":{\"@id\":\"https:\\\/\\\/homolog.saopaulo.sp.leg.br\\\/apartes-anteriores\\\/#website\"},\"primaryImageOfPage\":{\"@id\":\"https:\\\/\\\/www.saopaulo.sp.leg.br\\\/apartes-anteriores\\\/revista-apartes\\\/numero-9-agosto2014\\\/no09-notas\\\/#primaryimage\"},\"image\":{\"@id\":\"https:\\\/\\\/www.saopaulo.sp.leg.br\\\/apartes-anteriores\\\/revista-apartes\\\/numero-9-agosto2014\\\/no09-notas\\\/#primaryimage\"},\"thumbnailUrl\":\"http:\\\/\\\/homolog.saopaulo.sp.leg.br\\\/wp-content\\\/uploads\\\/2015\\\/08\\\/imagem1.jpg\",\"datePublished\":\"2015-08-11T17:46:05+00:00\",\"dateModified\":\"2021-10-06T17:37:37+00:00\",\"breadcrumb\":{\"@id\":\"https:\\\/\\\/www.saopaulo.sp.leg.br\\\/apartes-anteriores\\\/revista-apartes\\\/numero-9-agosto2014\\\/no09-notas\\\/#breadcrumb\"},\"inLanguage\":\"pt-BR\",\"potentialAction\":[{\"@type\":\"ReadAction\",\"target\":[\"https:\\\/\\\/www.saopaulo.sp.leg.br\\\/apartes-anteriores\\\/revista-apartes\\\/numero-9-agosto2014\\\/no09-notas\\\/\"]}]},{\"@type\":\"ImageObject\",\"inLanguage\":\"pt-BR\",\"@id\":\"https:\\\/\\\/www.saopaulo.sp.leg.br\\\/apartes-anteriores\\\/revista-apartes\\\/numero-9-agosto2014\\\/no09-notas\\\/#primaryimage\",\"url\":\"http:\\\/\\\/homolog.saopaulo.sp.leg.br\\\/wp-content\\\/uploads\\\/2015\\\/08\\\/imagem1.jpg\",\"contentUrl\":\"http:\\\/\\\/homolog.saopaulo.sp.leg.br\\\/wp-content\\\/uploads\\\/2015\\\/08\\\/imagem1.jpg\"},{\"@type\":\"BreadcrumbList\",\"@id\":\"https:\\\/\\\/www.saopaulo.sp.leg.br\\\/apartes-anteriores\\\/revista-apartes\\\/numero-9-agosto2014\\\/no09-notas\\\/#breadcrumb\",\"itemListElement\":[{\"@type\":\"ListItem\",\"position\":1,\"name\":\"Home\",\"item\":\"https:\\\/\\\/www.saopaulo.sp.leg.br\\\/apartes-anteriores\\\/\"},{\"@type\":\"ListItem\",\"position\":2,\"name\":\"Revista Apartes\",\"item\":\"https:\\\/\\\/www.saopaulo.sp.leg.br\\\/apartes-anteriores\\\/\"},{\"@type\":\"ListItem\",\"position\":3,\"name\":\"N\u00famero 09 &#8211; ago\\\/2014\",\"item\":\"https:\\\/\\\/www.saopaulo.sp.leg.br\\\/apartes-anteriores\\\/revista-apartes\\\/numero-9-agosto2014\\\/\"},{\"@type\":\"ListItem\",\"position\":4,\"name\":\"N\u00ba09 \u2013 Notas\"}]},{\"@type\":\"WebSite\",\"@id\":\"https:\\\/\\\/homolog.saopaulo.sp.leg.br\\\/apartes-anteriores\\\/#website\",\"url\":\"https:\\\/\\\/homolog.saopaulo.sp.leg.br\\\/apartes-anteriores\\\/\",\"name\":\"Revista Apartes (edi\u00e7\u00f5es anteriores)\",\"description\":\"Revista Apartes (edi\u00e7\u00f5es anteriores)\",\"potentialAction\":[{\"@type\":\"SearchAction\",\"target\":{\"@type\":\"EntryPoint\",\"urlTemplate\":\"https:\\\/\\\/homolog.saopaulo.sp.leg.br\\\/apartes-anteriores\\\/?s={search_term_string}\"},\"query-input\":{\"@type\":\"PropertyValueSpecification\",\"valueRequired\":true,\"valueName\":\"search_term_string\"}}],\"inLanguage\":\"pt-BR\"}]}<\/script>\r\n<!-- \/ Yoast SEO plugin. -->","yoast_head_json":{"title":"N\u00ba09 \u2013 Notas","robots":{"index":"noindex","follow":"follow","max-snippet":"max-snippet:-1","max-image-preview":"max-image-preview:large","max-video-preview":"max-video-preview:-1"},"og_locale":"pt_BR","og_type":"article","og_title":"N\u00ba09 \u2013 Notas","og_description":"Notas C\u00e2mara instala CPI da Sabesp Contratos entre Prefeitura e a Companhia de Saneamento B\u00e1sico do Estado de S\u00e3o Paulo ser\u00e3o investigados Edson Lopes Jr.\/A2 Fotografia A C\u00e2mara Municipal de S\u00e3o Paulo (CMSP) instalou, em 6 de agosto, a Comiss\u00e3o Parlamentar de Inqu\u00e9rito (CPI) da Companhia de Saneamento B\u00e1sico do Estado de S\u00e3o Paulo (Sabesp), [&hellip;]","og_url":"https:\/\/www.saopaulo.sp.leg.br\/apartes-anteriores\/revista-apartes\/numero-9-agosto2014\/no09-notas\/","og_site_name":"Revista Apartes (edi\u00e7\u00f5es anteriores)","article_publisher":"https:\/\/www.facebook.com\/RevistaApartes\/","article_modified_time":"2021-10-06T17:37:37+00:00","og_image":[{"url":"http:\/\/www.saopaulo.sp.leg.br\/wp-content\/uploads\/2015\/08\/imagem1.jpg","type":"","width":"","height":""}],"twitter_card":"summary_large_image","twitter_site":"@revistaapartes","twitter_misc":{"Est. tempo de leitura":"4 minutos"},"schema":{"@context":"https:\/\/schema.org","@graph":[{"@type":"WebPage","@id":"https:\/\/www.saopaulo.sp.leg.br\/apartes-anteriores\/revista-apartes\/numero-9-agosto2014\/no09-notas\/","url":"https:\/\/www.saopaulo.sp.leg.br\/apartes-anteriores\/revista-apartes\/numero-9-agosto2014\/no09-notas\/","name":"N\u00ba09 \u2013 Notas","isPartOf":{"@id":"https:\/\/homolog.saopaulo.sp.leg.br\/apartes-anteriores\/#website"},"primaryImageOfPage":{"@id":"https:\/\/www.saopaulo.sp.leg.br\/apartes-anteriores\/revista-apartes\/numero-9-agosto2014\/no09-notas\/#primaryimage"},"image":{"@id":"https:\/\/www.saopaulo.sp.leg.br\/apartes-anteriores\/revista-apartes\/numero-9-agosto2014\/no09-notas\/#primaryimage"},"thumbnailUrl":"http:\/\/homolog.saopaulo.sp.leg.br\/wp-content\/uploads\/2015\/08\/imagem1.jpg","datePublished":"2015-08-11T17:46:05+00:00","dateModified":"2021-10-06T17:37:37+00:00","breadcrumb":{"@id":"https:\/\/www.saopaulo.sp.leg.br\/apartes-anteriores\/revista-apartes\/numero-9-agosto2014\/no09-notas\/#breadcrumb"},"inLanguage":"pt-BR","potentialAction":[{"@type":"ReadAction","target":["https:\/\/www.saopaulo.sp.leg.br\/apartes-anteriores\/revista-apartes\/numero-9-agosto2014\/no09-notas\/"]}]},{"@type":"ImageObject","inLanguage":"pt-BR","@id":"https:\/\/www.saopaulo.sp.leg.br\/apartes-anteriores\/revista-apartes\/numero-9-agosto2014\/no09-notas\/#primaryimage","url":"http:\/\/homolog.saopaulo.sp.leg.br\/wp-content\/uploads\/2015\/08\/imagem1.jpg","contentUrl":"http:\/\/homolog.saopaulo.sp.leg.br\/wp-content\/uploads\/2015\/08\/imagem1.jpg"},{"@type":"BreadcrumbList","@id":"https:\/\/www.saopaulo.sp.leg.br\/apartes-anteriores\/revista-apartes\/numero-9-agosto2014\/no09-notas\/#breadcrumb","itemListElement":[{"@type":"ListItem","position":1,"name":"Home","item":"https:\/\/www.saopaulo.sp.leg.br\/apartes-anteriores\/"},{"@type":"ListItem","position":2,"name":"Revista Apartes","item":"https:\/\/www.saopaulo.sp.leg.br\/apartes-anteriores\/"},{"@type":"ListItem","position":3,"name":"N\u00famero 09 &#8211; ago\/2014","item":"https:\/\/www.saopaulo.sp.leg.br\/apartes-anteriores\/revista-apartes\/numero-9-agosto2014\/"},{"@type":"ListItem","position":4,"name":"N\u00ba09 \u2013 Notas"}]},{"@type":"WebSite","@id":"https:\/\/homolog.saopaulo.sp.leg.br\/apartes-anteriores\/#website","url":"https:\/\/homolog.saopaulo.sp.leg.br\/apartes-anteriores\/","name":"Revista Apartes (edi\u00e7\u00f5es anteriores)","description":"Revista Apartes (edi\u00e7\u00f5es anteriores)","potentialAction":[{"@type":"SearchAction","target":{"@type":"EntryPoint","urlTemplate":"https:\/\/homolog.saopaulo.sp.leg.br\/apartes-anteriores\/?s={search_term_string}"},"query-input":{"@type":"PropertyValueSpecification","valueRequired":true,"valueName":"search_term_string"}}],"inLanguage":"pt-BR"}]}},"_links":{"self":[{"href":"https:\/\/homolog.saopaulo.sp.leg.br\/apartes-anteriores\/wp-json\/wp\/v2\/pages\/33659","targetHints":{"allow":["GET"]}}],"collection":[{"href":"https:\/\/homolog.saopaulo.sp.leg.br\/apartes-anteriores\/wp-json\/wp\/v2\/pages"}],"about":[{"href":"https:\/\/homolog.saopaulo.sp.leg.br\/apartes-anteriores\/wp-json\/wp\/v2\/types\/page"}],"author":[{"embeddable":true,"href":"https:\/\/homolog.saopaulo.sp.leg.br\/apartes-anteriores\/wp-json\/wp\/v2\/users\/109"}],"replies":[{"embeddable":true,"href":"https:\/\/homolog.saopaulo.sp.leg.br\/apartes-anteriores\/wp-json\/wp\/v2\/comments?post=33659"}],"version-history":[{"count":2,"href":"https:\/\/homolog.saopaulo.sp.leg.br\/apartes-anteriores\/wp-json\/wp\/v2\/pages\/33659\/revisions"}],"predecessor-version":[{"id":42116,"href":"https:\/\/homolog.saopaulo.sp.leg.br\/apartes-anteriores\/wp-json\/wp\/v2\/pages\/33659\/revisions\/42116"}],"up":[{"embeddable":true,"href":"https:\/\/homolog.saopaulo.sp.leg.br\/apartes-anteriores\/wp-json\/wp\/v2\/pages\/24314"}],"wp:attachment":[{"href":"https:\/\/homolog.saopaulo.sp.leg.br\/apartes-anteriores\/wp-json\/wp\/v2\/media?parent=33659"}],"curies":[{"name":"wp","href":"https:\/\/api.w.org\/{rel}","templated":true}]}}