{"id":33815,"date":"2015-08-17T13:02:53","date_gmt":"2015-08-17T13:02:53","guid":{"rendered":"http:\/\/homolog.saopaulo.sp.leg.br\/apartes-anteriores\/?page_id=33815"},"modified":"2016-12-01T14:55:04","modified_gmt":"2016-12-01T16:55:04","slug":"turquia-e-brasil-semelhancas","status":"publish","type":"page","link":"https:\/\/homolog.saopaulo.sp.leg.br\/apartes-anteriores\/revista-apartes\/numero-14-mai2015\/turquia-e-brasil-semelhancas\/","title":{"rendered":"N\u00ba14 &#8211; Internacional"},"content":{"rendered":"<h1 class=\"p1\"><span class=\"s1\" style=\"color: #800000\"><b>Turquia e Brasil: semelhan\u00e7as<\/b><\/span><\/h1>\n<p><!-- imagem TOTAL - com legenda - CENTRALIZADA --><\/p>\n<div style=\"width: 100%;margin-right: 1.5em;margin-bottom: 1.5em\">\n<div style=\"padding: 5px;background-color: #eee !important\">\n<p><a href=\"http:\/\/homolog.saopaulo.sp.leg.br\/wp-content\/uploads\/2015\/06\/apartes_N14_a2.jpg\"><img loading=\"lazy\" decoding=\"async\" class=\"alignnone wp-image-31478 size-large\" src=\"http:\/\/homolog.saopaulo.sp.leg.br\/wp-content\/uploads\/2015\/06\/apartes_N14_a2-1024x698.jpg\" alt=\"\" width=\"640\" height=\"436\" \/><\/a><\/p>\n<p style=\"font-size: 0.8em;line-height: 1.1em;text-align: center;margin: -1.5em 0px 7px 0px;color: #333;!important;background-color: transparent !important\" align=\"center\">Especialistas brasileiros e turcos no semin\u00e1rio<\/p>\n<\/div>\n<p style=\"font-size: 0.5em;line-height: 1.1em;text-align: right;margin: 4px 0px 7px 0px;background-color: transparent !important\">Mozart Gomes\/CMSP<\/p>\n<\/div>\n<p><!-- imagem TOTAL - com legenda - CENTRALIZADA --><\/p>\n<p class=\"p3\">Brasil e Turquia s\u00e3o grandes na\u00e7\u00f5es, com hist\u00f3rias recentes parecidas e um acordo costurado em 2010 para a interrup\u00e7\u00e3o do enriquecimento de ur\u00e2nio pelo Ir\u00e3 \u2013 abordagem pac\u00edfica hoje copiada pelas grandes pot\u00eancias para resolver o tema, segundo o ex-embaixador Rubens Ricupero, palestrante no primeiro semin\u00e1rio internacional do Centro Cultural Brasil-Turquia (CCBT), na C\u00e2mara Municipal de S\u00e3o Paulo (CMSP), em 28 de maio. O evento integrou as celebra\u00e7\u00f5es do Dia da Turquia, institu\u00eddo em 29 de maio por lei da C\u00e2mara, em mem\u00f3ria \u00e0 tomada de Constantinopla e outras cidades pelo Estado Otomano, que deu origem \u00e0 Turquia.<\/p>\n<p class=\"p3\"><span class=\"s2\">\u201cOs dois pa\u00edses viveram juntos a industrializa\u00e7\u00e3o e a escalada de infla\u00e7\u00e3o, al\u00e9m de terem tido um governante construtor de economia liberal\u201d, disse no evento Guilherme Casar\u00f5es, professor de Rela\u00e7\u00f5es Internacionais da Funda\u00e7\u00e3o Getulio Vargas (FGV). O acad\u00eamico, no entanto, acredita que hoje o Brasil segue o caminho democr\u00e1tico, diferentemente da Turquia. A opini\u00e3o foi consenso entre os demais palestrantes.<\/span><\/p>\n<p class=\"p3\">Ihsan Yilmaz, presidente do centro de estudos Instituto Istambul, <span class=\"s3\">criticou a aproxima\u00e7\u00e3o da Turquia \u00e0 China e \u00e0 R\u00fassia, \u201cem vez de unir-se \u00e0 Uni\u00e3o Europeia pr\u00f3-Direitos Humanos\u201d. O semin\u00e1rio foi mediado por Peter Demant, especialista no mundo isl\u00e2mico e livre-docente pela Universidade de S\u00e3o Paulo (USP), e contou tamb\u00e9m com o expositor Mustafa G\u00f6ktepe, presidente do CCBT.<\/span><\/p>\n<h2 class=\"p1\"><span class=\"s5\"><b>Elos premiados<\/b><\/span><\/h2>\n<p class=\"p3\"><span class=\"s3\">Os profissionais not\u00e1veis por aproximar Brasil e Turquia receberam, em 28 de maio, o I Pr\u00eamio Centro Cultural Brasil-Turquia (CCBT). Os homenageados foram a escritora Gloria Perez, autora da telenovela de tem\u00e1tica turca <i>Salve Jorge<\/i>; o ex-jogador de futebol Alex de Souza, \u00eddolo do time turco Fenerbah\u00e7e; o reitor Marco Antonio Zago, da Universidade de S\u00e3o Paulo (USP), pelas parcerias com universidades da Turquia; e Danilo Santos de Miranda, diretor do Sesc no Estado de S\u00e3o Paulo, que tem promovido manifesta\u00e7\u00f5es culturais turcas. Na mesa, estavam, entre outras autoridades, o presidente da C\u00e2mara, Antonio Donato (PT), e os ex-vereadores Oliveira, autor da lei que criou o Dia Municipal da Turquia, e Jos\u00e9 Am\u00e9rico, hoje deputado estadual.<\/span><\/p>\n<p><!-- imagem TOTAL - com legenda - CENTRALIZADA --><\/p>\n<div style=\"width: 100%;margin-right: 1.5em;margin-bottom: 1.5em\">\n<div style=\"padding: 5px;background-color: transparent !important\">\n<p><a href=\"http:\/\/homolog.saopaulo.sp.leg.br\/wp-content\/uploads\/2015\/06\/apartes_N14_b1.jpg\"><img loading=\"lazy\" decoding=\"async\" class=\"alignnone wp-image-31505 size-large\" src=\"http:\/\/homolog.saopaulo.sp.leg.br\/wp-content\/uploads\/2015\/06\/apartes_N14_b1-1024x459.jpg\" alt=\"\" width=\"640\" height=\"287\" \/><\/a><\/p>\n<p style=\"font-size: 0.8em;line-height: 1.1em;text-align: center;margin: -1.5em 0px 7px 0px;color: #333;!important;background-color: transparent !important\" align=\"center\">Homenageados com seus trof\u00e9us<\/p>\n<\/div>\n<p style=\"font-size: 0.5em;line-height: 1.1em;text-align: right;margin: 4px 0px 7px 0px;background-color: transparent !important\">Andr\u00e9 Bueno\/CMSP<\/p>\n<\/div>\n<p><!-- imagem TOTAL - com legenda - CENTRALIZADA --><\/p>\n<p><!-- COMENTE SOBRE ESSA MATERIA --><\/p>\n<table border=\"0\" cellspacing=\"0\" cellpadding=\"0\">\n<tbody>\n<tr>\n<td align=\"center\" width=\"50%\">\n<h5>Comente sobre essa mat\u00e9ria:<\/h5>\n<p><a style=\"font-family: 'Helvetica Neue', 'Helvetica', Helvetica, Arial, sans-serif;color: #fff;font-size: 12px;text-decoration: none;font-weight: bold;text-align: center;background-color: #3b5998 !important;margin: 0 0 10px;padding: 3px 7px\" title=\"Facebook da revista Apartes\" href=\"https:\/\/www.facebook.com\/RevistaApartes\" target=\"_blank\">Facebook<\/a> <a style=\"font-family: 'Helvetica Neue', 'Helvetica', Helvetica, Arial, sans-serif;color: #fff;font-size: 12px;text-decoration: none;font-weight: bold;text-align: center;background-color: #1daced !important;margin: 0 0 10px;padding: 3px 7px\" title=\"Twitter da revista Apartes\" href=\"https:\/\/twitter.com\/RevistaApartes\" target=\"_blank\">Twitter<\/a><\/td>\n<td align=\"center\" width=\"50%\">\n<h5>Envie cr\u00edticas ou sugest\u00f5es:<\/h5>\n<p>Email: <strong><a href=\"mailto:apartes@saopaulo.sp.leg.br\">apartes@saopaulo.sp.leg.br<\/a><\/strong><\/td>\n<\/tr>\n<\/tbody>\n<\/table>\n<p><!-- COMENTE SOBRE ESSA MATERIA --><\/p>\n","protected":false},"excerpt":{"rendered":"<p>Turquia e Brasil: semelhan\u00e7as Especialistas brasileiros e turcos no semin\u00e1rio Mozart Gomes\/CMSP Brasil e Turquia s\u00e3o grandes na\u00e7\u00f5es, com hist\u00f3rias recentes parecidas e um acordo costurado em 2010 para a interrup\u00e7\u00e3o do enriquecimento de ur\u00e2nio pelo Ir\u00e3 \u2013 abordagem pac\u00edfica hoje copiada pelas grandes pot\u00eancias para resolver o tema, segundo o ex-embaixador Rubens Ricupero, palestrante [&hellip;]<\/p>\n","protected":false},"author":169,"featured_media":0,"parent":115,"menu_order":0,"comment_status":"open","ping_status":"open","template":"","meta":{"footnotes":""},"class_list":["post-33815","page","type-page","status-publish","hentry"],"meta_all":{"_edit_lock":["1480611193:109"],"_edit_last":["109"],"_wp_page_template":["default"],"_cmsp_page_download-files":["a:1:{i:0;a:1:{s:4:\"type\";s:3:\"pdf\";}}"],"_yoast_wpseo_opengraph-title":["Turquia e Brasil: semelhan\u00e7as"],"_yoast_wpseo_opengraph-description":["Turquia e Brasil: semelhan\u00e7as"],"_yoast_wpseo_twitter-title":["Turquia e Brasil: semelhan\u00e7as"],"_yoast_wpseo_twitter-description":["Turquia e Brasil: semelhan\u00e7as"],"_yoast_wpseo_content_score":["90"]},"meta_all_2":{"_edit_lock":["1480611193:109"],"_edit_last":["109"],"_wp_page_template":["default"],"_cmsp_page_download-files":["a:1:{i:0;a:1:{s:4:\"type\";s:3:\"pdf\";}}"],"_yoast_wpseo_opengraph-title":["Turquia e Brasil: semelhan\u00e7as"],"_yoast_wpseo_opengraph-description":["Turquia e Brasil: semelhan\u00e7as"],"_yoast_wpseo_twitter-title":["Turquia e Brasil: semelhan\u00e7as"],"_yoast_wpseo_twitter-description":["Turquia e Brasil: semelhan\u00e7as"],"_yoast_wpseo_content_score":["90"]},"yoast_head":"<!-- This site is optimized with the Yoast SEO plugin v27.4 - https:\/\/yoast.com\/product\/yoast-seo-wordpress\/ -->\r\n<title>N\u00ba14 - Internacional - Revista Apartes (edi\u00e7\u00f5es anteriores)<\/title>\r\n<meta name=\"robots\" content=\"noindex, follow, max-snippet:-1, max-image-preview:large, max-video-preview:-1\" \/>\r\n<meta property=\"og:locale\" content=\"pt_BR\" \/>\r\n<meta property=\"og:type\" content=\"article\" \/>\r\n<meta property=\"og:title\" content=\"Turquia e Brasil: semelhan\u00e7as\" \/>\r\n<meta property=\"og:description\" content=\"Turquia e Brasil: semelhan\u00e7as\" \/>\r\n<meta property=\"og:url\" content=\"https:\/\/www.saopaulo.sp.leg.br\/apartes-anteriores\/revista-apartes\/numero-14-mai2015\/turquia-e-brasil-semelhancas\/\" \/>\r\n<meta property=\"og:site_name\" content=\"Revista Apartes (edi\u00e7\u00f5es anteriores)\" \/>\r\n<meta property=\"article:publisher\" content=\"https:\/\/www.facebook.com\/RevistaApartes\/\" \/>\r\n<meta property=\"article:modified_time\" content=\"2016-12-01T16:55:04+00:00\" \/>\r\n<meta property=\"og:image\" content=\"http:\/\/www.saopaulo.sp.leg.br\/wp-content\/uploads\/2015\/06\/apartes_N14_a2-1024x698.jpg\" \/>\r\n<meta name=\"twitter:card\" content=\"summary_large_image\" \/>\r\n<meta name=\"twitter:title\" content=\"Turquia e Brasil: semelhan\u00e7as\" \/>\r\n<meta name=\"twitter:description\" content=\"Turquia e Brasil: semelhan\u00e7as\" \/>\r\n<meta name=\"twitter:site\" content=\"@revistaapartes\" \/>\r\n<meta name=\"twitter:label1\" content=\"Est. tempo de leitura\" \/>\n\t<meta name=\"twitter:data1\" content=\"2 minutos\" \/>\r\n<script type=\"application\/ld+json\" class=\"yoast-schema-graph\">{\"@context\":\"https:\\\/\\\/schema.org\",\"@graph\":[{\"@type\":\"WebPage\",\"@id\":\"https:\\\/\\\/www.saopaulo.sp.leg.br\\\/apartes-anteriores\\\/revista-apartes\\\/numero-14-mai2015\\\/turquia-e-brasil-semelhancas\\\/\",\"url\":\"https:\\\/\\\/www.saopaulo.sp.leg.br\\\/apartes-anteriores\\\/revista-apartes\\\/numero-14-mai2015\\\/turquia-e-brasil-semelhancas\\\/\",\"name\":\"N\u00ba14 - Internacional - Revista Apartes (edi\u00e7\u00f5es anteriores)\",\"isPartOf\":{\"@id\":\"https:\\\/\\\/homolog.saopaulo.sp.leg.br\\\/apartes-anteriores\\\/#website\"},\"primaryImageOfPage\":{\"@id\":\"https:\\\/\\\/www.saopaulo.sp.leg.br\\\/apartes-anteriores\\\/revista-apartes\\\/numero-14-mai2015\\\/turquia-e-brasil-semelhancas\\\/#primaryimage\"},\"image\":{\"@id\":\"https:\\\/\\\/www.saopaulo.sp.leg.br\\\/apartes-anteriores\\\/revista-apartes\\\/numero-14-mai2015\\\/turquia-e-brasil-semelhancas\\\/#primaryimage\"},\"thumbnailUrl\":\"http:\\\/\\\/homolog.saopaulo.sp.leg.br\\\/wp-content\\\/uploads\\\/2015\\\/06\\\/apartes_N14_a2-1024x698.jpg\",\"datePublished\":\"2015-08-17T13:02:53+00:00\",\"dateModified\":\"2016-12-01T16:55:04+00:00\",\"breadcrumb\":{\"@id\":\"https:\\\/\\\/www.saopaulo.sp.leg.br\\\/apartes-anteriores\\\/revista-apartes\\\/numero-14-mai2015\\\/turquia-e-brasil-semelhancas\\\/#breadcrumb\"},\"inLanguage\":\"pt-BR\",\"potentialAction\":[{\"@type\":\"ReadAction\",\"target\":[\"https:\\\/\\\/www.saopaulo.sp.leg.br\\\/apartes-anteriores\\\/revista-apartes\\\/numero-14-mai2015\\\/turquia-e-brasil-semelhancas\\\/\"]}]},{\"@type\":\"ImageObject\",\"inLanguage\":\"pt-BR\",\"@id\":\"https:\\\/\\\/www.saopaulo.sp.leg.br\\\/apartes-anteriores\\\/revista-apartes\\\/numero-14-mai2015\\\/turquia-e-brasil-semelhancas\\\/#primaryimage\",\"url\":\"http:\\\/\\\/homolog.saopaulo.sp.leg.br\\\/wp-content\\\/uploads\\\/2015\\\/06\\\/apartes_N14_a2-1024x698.jpg\",\"contentUrl\":\"http:\\\/\\\/homolog.saopaulo.sp.leg.br\\\/wp-content\\\/uploads\\\/2015\\\/06\\\/apartes_N14_a2-1024x698.jpg\"},{\"@type\":\"BreadcrumbList\",\"@id\":\"https:\\\/\\\/www.saopaulo.sp.leg.br\\\/apartes-anteriores\\\/revista-apartes\\\/numero-14-mai2015\\\/turquia-e-brasil-semelhancas\\\/#breadcrumb\",\"itemListElement\":[{\"@type\":\"ListItem\",\"position\":1,\"name\":\"Home\",\"item\":\"https:\\\/\\\/www.saopaulo.sp.leg.br\\\/apartes-anteriores\\\/\"},{\"@type\":\"ListItem\",\"position\":2,\"name\":\"Revista Apartes\",\"item\":\"https:\\\/\\\/www.saopaulo.sp.leg.br\\\/apartes-anteriores\\\/\"},{\"@type\":\"ListItem\",\"position\":3,\"name\":\"N\u00famero 14 &#8211; mai\\\/2015\",\"item\":\"https:\\\/\\\/www.saopaulo.sp.leg.br\\\/apartes-anteriores\\\/revista-apartes\\\/numero-14-mai2015\\\/\"},{\"@type\":\"ListItem\",\"position\":4,\"name\":\"N\u00ba14 &#8211; Internacional\"}]},{\"@type\":\"WebSite\",\"@id\":\"https:\\\/\\\/homolog.saopaulo.sp.leg.br\\\/apartes-anteriores\\\/#website\",\"url\":\"https:\\\/\\\/homolog.saopaulo.sp.leg.br\\\/apartes-anteriores\\\/\",\"name\":\"Revista Apartes (edi\u00e7\u00f5es anteriores)\",\"description\":\"Revista Apartes (edi\u00e7\u00f5es anteriores)\",\"potentialAction\":[{\"@type\":\"SearchAction\",\"target\":{\"@type\":\"EntryPoint\",\"urlTemplate\":\"https:\\\/\\\/homolog.saopaulo.sp.leg.br\\\/apartes-anteriores\\\/?s={search_term_string}\"},\"query-input\":{\"@type\":\"PropertyValueSpecification\",\"valueRequired\":true,\"valueName\":\"search_term_string\"}}],\"inLanguage\":\"pt-BR\"}]}<\/script>\r\n<!-- \/ Yoast SEO plugin. -->","yoast_head_json":{"title":"N\u00ba14 - Internacional - Revista Apartes (edi\u00e7\u00f5es anteriores)","robots":{"index":"noindex","follow":"follow","max-snippet":"max-snippet:-1","max-image-preview":"max-image-preview:large","max-video-preview":"max-video-preview:-1"},"og_locale":"pt_BR","og_type":"article","og_title":"Turquia e Brasil: semelhan\u00e7as","og_description":"Turquia e Brasil: semelhan\u00e7as","og_url":"https:\/\/www.saopaulo.sp.leg.br\/apartes-anteriores\/revista-apartes\/numero-14-mai2015\/turquia-e-brasil-semelhancas\/","og_site_name":"Revista Apartes (edi\u00e7\u00f5es anteriores)","article_publisher":"https:\/\/www.facebook.com\/RevistaApartes\/","article_modified_time":"2016-12-01T16:55:04+00:00","og_image":[{"url":"http:\/\/www.saopaulo.sp.leg.br\/wp-content\/uploads\/2015\/06\/apartes_N14_a2-1024x698.jpg","type":"","width":"","height":""}],"twitter_card":"summary_large_image","twitter_title":"Turquia e Brasil: semelhan\u00e7as","twitter_description":"Turquia e Brasil: semelhan\u00e7as","twitter_site":"@revistaapartes","twitter_misc":{"Est. tempo de leitura":"2 minutos"},"schema":{"@context":"https:\/\/schema.org","@graph":[{"@type":"WebPage","@id":"https:\/\/www.saopaulo.sp.leg.br\/apartes-anteriores\/revista-apartes\/numero-14-mai2015\/turquia-e-brasil-semelhancas\/","url":"https:\/\/www.saopaulo.sp.leg.br\/apartes-anteriores\/revista-apartes\/numero-14-mai2015\/turquia-e-brasil-semelhancas\/","name":"N\u00ba14 - Internacional - Revista Apartes (edi\u00e7\u00f5es anteriores)","isPartOf":{"@id":"https:\/\/homolog.saopaulo.sp.leg.br\/apartes-anteriores\/#website"},"primaryImageOfPage":{"@id":"https:\/\/www.saopaulo.sp.leg.br\/apartes-anteriores\/revista-apartes\/numero-14-mai2015\/turquia-e-brasil-semelhancas\/#primaryimage"},"image":{"@id":"https:\/\/www.saopaulo.sp.leg.br\/apartes-anteriores\/revista-apartes\/numero-14-mai2015\/turquia-e-brasil-semelhancas\/#primaryimage"},"thumbnailUrl":"http:\/\/homolog.saopaulo.sp.leg.br\/wp-content\/uploads\/2015\/06\/apartes_N14_a2-1024x698.jpg","datePublished":"2015-08-17T13:02:53+00:00","dateModified":"2016-12-01T16:55:04+00:00","breadcrumb":{"@id":"https:\/\/www.saopaulo.sp.leg.br\/apartes-anteriores\/revista-apartes\/numero-14-mai2015\/turquia-e-brasil-semelhancas\/#breadcrumb"},"inLanguage":"pt-BR","potentialAction":[{"@type":"ReadAction","target":["https:\/\/www.saopaulo.sp.leg.br\/apartes-anteriores\/revista-apartes\/numero-14-mai2015\/turquia-e-brasil-semelhancas\/"]}]},{"@type":"ImageObject","inLanguage":"pt-BR","@id":"https:\/\/www.saopaulo.sp.leg.br\/apartes-anteriores\/revista-apartes\/numero-14-mai2015\/turquia-e-brasil-semelhancas\/#primaryimage","url":"http:\/\/homolog.saopaulo.sp.leg.br\/wp-content\/uploads\/2015\/06\/apartes_N14_a2-1024x698.jpg","contentUrl":"http:\/\/homolog.saopaulo.sp.leg.br\/wp-content\/uploads\/2015\/06\/apartes_N14_a2-1024x698.jpg"},{"@type":"BreadcrumbList","@id":"https:\/\/www.saopaulo.sp.leg.br\/apartes-anteriores\/revista-apartes\/numero-14-mai2015\/turquia-e-brasil-semelhancas\/#breadcrumb","itemListElement":[{"@type":"ListItem","position":1,"name":"Home","item":"https:\/\/www.saopaulo.sp.leg.br\/apartes-anteriores\/"},{"@type":"ListItem","position":2,"name":"Revista Apartes","item":"https:\/\/www.saopaulo.sp.leg.br\/apartes-anteriores\/"},{"@type":"ListItem","position":3,"name":"N\u00famero 14 &#8211; mai\/2015","item":"https:\/\/www.saopaulo.sp.leg.br\/apartes-anteriores\/revista-apartes\/numero-14-mai2015\/"},{"@type":"ListItem","position":4,"name":"N\u00ba14 &#8211; Internacional"}]},{"@type":"WebSite","@id":"https:\/\/homolog.saopaulo.sp.leg.br\/apartes-anteriores\/#website","url":"https:\/\/homolog.saopaulo.sp.leg.br\/apartes-anteriores\/","name":"Revista Apartes (edi\u00e7\u00f5es anteriores)","description":"Revista Apartes (edi\u00e7\u00f5es anteriores)","potentialAction":[{"@type":"SearchAction","target":{"@type":"EntryPoint","urlTemplate":"https:\/\/homolog.saopaulo.sp.leg.br\/apartes-anteriores\/?s={search_term_string}"},"query-input":{"@type":"PropertyValueSpecification","valueRequired":true,"valueName":"search_term_string"}}],"inLanguage":"pt-BR"}]}},"_links":{"self":[{"href":"https:\/\/homolog.saopaulo.sp.leg.br\/apartes-anteriores\/wp-json\/wp\/v2\/pages\/33815","targetHints":{"allow":["GET"]}}],"collection":[{"href":"https:\/\/homolog.saopaulo.sp.leg.br\/apartes-anteriores\/wp-json\/wp\/v2\/pages"}],"about":[{"href":"https:\/\/homolog.saopaulo.sp.leg.br\/apartes-anteriores\/wp-json\/wp\/v2\/types\/page"}],"author":[{"embeddable":true,"href":"https:\/\/homolog.saopaulo.sp.leg.br\/apartes-anteriores\/wp-json\/wp\/v2\/users\/169"}],"replies":[{"embeddable":true,"href":"https:\/\/homolog.saopaulo.sp.leg.br\/apartes-anteriores\/wp-json\/wp\/v2\/comments?post=33815"}],"version-history":[{"count":2,"href":"https:\/\/homolog.saopaulo.sp.leg.br\/apartes-anteriores\/wp-json\/wp\/v2\/pages\/33815\/revisions"}],"predecessor-version":[{"id":33950,"href":"https:\/\/homolog.saopaulo.sp.leg.br\/apartes-anteriores\/wp-json\/wp\/v2\/pages\/33815\/revisions\/33950"}],"up":[{"embeddable":true,"href":"https:\/\/homolog.saopaulo.sp.leg.br\/apartes-anteriores\/wp-json\/wp\/v2\/pages\/115"}],"wp:attachment":[{"href":"https:\/\/homolog.saopaulo.sp.leg.br\/apartes-anteriores\/wp-json\/wp\/v2\/media?parent=33815"}],"curies":[{"name":"wp","href":"https:\/\/api.w.org\/{rel}","templated":true}]}}