{"id":33890,"date":"2015-08-17T18:59:53","date_gmt":"2015-08-17T18:59:53","guid":{"rendered":"http:\/\/homolog.saopaulo.sp.leg.br\/apartes-anteriores\/?page_id=33890"},"modified":"2015-08-18T22:23:50","modified_gmt":"2015-08-18T22:23:50","slug":"apartes-15-palavra-do-presidente","status":"publish","type":"page","link":"https:\/\/homolog.saopaulo.sp.leg.br\/apartes-anteriores\/revista-apartes\/numero-15\/apartes-15-palavra-do-presidente\/","title":{"rendered":"N\u00ba15 &#8211; Palavra do Presidente"},"content":{"rendered":"<div style=\"float: right;width: 160px;margin-left: 1.5em;margin-bottom: 1.5em\">\n<div style=\"float: right;padding: 5px;background-color: #eee !important\">\n<p><a href=\"http:\/\/homolog.saopaulo.sp.leg.br\/apartes-anteriores\/wp-content\/uploads\/sites\/9\/2015\/08\/teste-150x150.jpg\"><img loading=\"lazy\" decoding=\"async\" class=\"alignnone wp-image-33893 size-full\" src=\"http:\/\/homolog.saopaulo.sp.leg.br\/apartes-anteriores\/wp-content\/uploads\/sites\/9\/2015\/08\/teste-150x150.jpg\" alt=\"teste-150x150\" width=\"150\" height=\"150\" \/><\/a><\/p>\n<p style=\"font-size: 0.8em;line-height: 1.1em;text-align: center;margin: -1.5em 0px 7px 0px;color: #333;!important;background-color: transparent !important\" align=\"center\">Vereador Antonio Donato<br \/>\nPresidente da CMSP<\/p>\n<\/div>\n<p style=\"font-size: 0.5em;line-height: 1.1em;text-align: right;margin: 4px 0px 7px 0px;background-color: transparent !important\">Assessoria vereador<br \/>\nAntonio Donato<\/p>\n<\/div>\n<h1 class=\"p1\"><span style=\"color: #800000\"><strong>Palavra do Presidente<\/strong><\/span><\/h1>\n<p class=\"p1\">Muitas vezes, para se atingir um objetivo o caminho a percorrer nem sempre \u00e9 o mais \u00f3bvio e tradicional. Nesta edi\u00e7\u00e3o, a revista <b>Apartes<\/b> traz na capa a reportagem <i>Os maiores espet\u00e1culos da Terra<\/i>, sobre proposta nascida e aprovada na C\u00e2mara Municipal de S\u00e3o Paulo (CMSP), que recentemente tornou-se lei e cria na capital o Programa Circo Popular. O objetivo \u00e9 levar, a jovens paulistanos, cultura, novas perspectivas, entretenimento, benef\u00edcios f\u00edsicos e intelectuais.<\/p>\n<p class=\"p1\">Para cumprir uma de suas miss\u00f5es, proporcionar educa\u00e7\u00e3o e lazer aos cidad\u00e3os, a CMSP buscou uma forma alternativa, incentivando essa arte milenar, de extrema import\u00e2ncia e riqueza cultural, que ao longo do tempo ficou esquecida, mas que agora, novamente, come\u00e7a a despertar o interesse de muita gente.<\/p>\n<p class=\"p1\">Outra das miss\u00f5es dos vereadores desta Casa \u00e9 fiscalizar. Nesse aspecto, um dos grandes trabalhos desenvolvidos nos \u00faltimos meses foi o da Comiss\u00e3o Parlamentar de Inqu\u00e9rito (CPI) da Sabesp, que buscou elucidar o problema da falta d\u2019\u00e1gua enfrentado pela cidade. Ap\u00f3s noves meses de dilig\u00eancias e audi\u00eancias, os vereadores elaboraram 55 propostas para tentar amenizar a crise. Confira na mat\u00e9ria <i>\u00c1guas turbulentas<\/i>.<\/p>\n<p class=\"p1\">Tamb\u00e9m nesta edi\u00e7\u00e3o, a <b>Apartes<\/b> traz a reportagem <i>No teu seio, mais amores<\/i>, que ilustra bem a import\u00e2ncia de os vereadores estarem atentos \u00e0s grandes quest\u00f5es discutidas na cidade de S\u00e3o Paulo, para ajudarem a garantir os direitos de quem vive aqui. Em 2013, uma m\u00e3e foi proibida de amamentar sua filha em um espa\u00e7o p\u00fablico, sem que houvesse uma justificativa para tal nega\u00e7\u00e3o. Parlamentares, movidos pelo clamor popular, mobilizaram-se e criaram uma lei para que nenhuma m\u00e3e tenha de passar novamente por esse constrangimento. Na mat\u00e9ria, aproveitamos para orientar quem deseja colaborar com os bancos de leite municipais, hoje presentes em muitas maternidades municipais gra\u00e7as a outra lei da C\u00e2mara.<\/p>\n<p class=\"p1\">Em outras duas reportagens, a revista trata sobre urbanismo. Na primeira, conta um pouco da hist\u00f3ria do grande arquiteto e engenheiro Francisco Ramos de Azevedo, um dos maiores nomes (sen\u00e3o o maior) da \u00e1rea no Brasil e, especialmente, na cidade de S\u00e3o Paulo. Com sua genialidade e apoiado por uma equipe competente, Ramos ergueu alguns dos principais \u00edcones paulistanos: Theatro Municipal, Pal\u00e1cio da Justi\u00e7a e Mercad\u00e3o Municipal, entre muitos outros. Na segunda reportagem, apresentamos aos leitores os detalhes sobre a Lei de Zoneamento, principal discuss\u00e3o do segundo semestre na Casa, e explicamos o passo a passo para que cada morador possa contribuir com sua elabora\u00e7\u00e3o e, por consequ\u00eancia, ajudar a construir a cidade que todos queremos.<\/p>\n","protected":false},"excerpt":{"rendered":"<p>Vereador Antonio Donato Presidente da CMSP Assessoria vereador Antonio Donato Palavra do Presidente Muitas vezes, para se atingir um objetivo o caminho a percorrer nem sempre \u00e9 o mais \u00f3bvio e tradicional. Nesta edi\u00e7\u00e3o, a revista Apartes traz na capa a reportagem Os maiores espet\u00e1culos da Terra, sobre proposta nascida e aprovada na C\u00e2mara Municipal [&hellip;]<\/p>\n","protected":false},"author":109,"featured_media":0,"parent":33835,"menu_order":1,"comment_status":"open","ping_status":"open","template":"","meta":{"footnotes":""},"class_list":["post-33890","page","type-page","status-publish","hentry"],"meta_all":{"_edit_lock":["1444329061:109"],"_edit_last":["109"],"_wp_page_template":["default"],"_cmsp_page_download-files":["a:1:{i:0;a:1:{s:4:\"type\";s:3:\"pdf\";}}"],"_yoast_wpseo_opengraph-title":["Palavra do Presidente - Revista Apartes - edi\u00e7\u00e3o 15"],"_yoast_wpseo_twitter-title":["Palavra do Presidente - Revista Apartes - edi\u00e7\u00e3o 15"],"_yoast_wpseo_title":["Palavra do Presidente - Revista Apartes"],"_yoast_wpseo_bctitle":["Palavra do Presidente"]},"meta_all_2":{"_edit_lock":["1444329061:109"],"_edit_last":["109"],"_wp_page_template":["default"],"_cmsp_page_download-files":["a:1:{i:0;a:1:{s:4:\"type\";s:3:\"pdf\";}}"],"_yoast_wpseo_opengraph-title":["Palavra do Presidente - Revista Apartes - edi\u00e7\u00e3o 15"],"_yoast_wpseo_twitter-title":["Palavra do Presidente - Revista Apartes - edi\u00e7\u00e3o 15"],"_yoast_wpseo_title":["Palavra do Presidente - Revista Apartes"],"_yoast_wpseo_bctitle":["Palavra do Presidente"]},"yoast_head":"<!-- This site is optimized with the Yoast SEO plugin v27.4 - https:\/\/yoast.com\/product\/yoast-seo-wordpress\/ -->\r\n<title>Palavra do Presidente - Revista Apartes<\/title>\r\n<meta name=\"robots\" content=\"noindex, follow, max-snippet:-1, max-image-preview:large, max-video-preview:-1\" \/>\r\n<meta property=\"og:locale\" content=\"pt_BR\" \/>\r\n<meta property=\"og:type\" content=\"article\" \/>\r\n<meta property=\"og:title\" content=\"Palavra do Presidente - Revista Apartes - edi\u00e7\u00e3o 15\" \/>\r\n<meta property=\"og:description\" content=\"Vereador Antonio Donato Presidente da CMSP Assessoria vereador Antonio Donato Palavra do Presidente Muitas vezes, para se atingir um objetivo o caminho a percorrer nem sempre \u00e9 o mais \u00f3bvio e tradicional. Nesta edi\u00e7\u00e3o, a revista Apartes traz na capa a reportagem Os maiores espet\u00e1culos da Terra, sobre proposta nascida e aprovada na C\u00e2mara Municipal [&hellip;]\" \/>\r\n<meta property=\"og:url\" content=\"https:\/\/www.saopaulo.sp.leg.br\/apartes-anteriores\/revista-apartes\/numero-15\/apartes-15-palavra-do-presidente\/\" \/>\r\n<meta property=\"og:site_name\" content=\"Revista Apartes (edi\u00e7\u00f5es anteriores)\" \/>\r\n<meta property=\"article:publisher\" content=\"https:\/\/www.facebook.com\/RevistaApartes\/\" \/>\r\n<meta property=\"article:modified_time\" content=\"2015-08-18T22:23:50+00:00\" \/>\r\n<meta property=\"og:image\" content=\"http:\/\/www.saopaulo.sp.leg.br\/apartes-anteriores\/wp-content\/uploads\/sites\/9\/2015\/08\/teste-150x150.jpg\" \/>\r\n<meta name=\"twitter:card\" content=\"summary_large_image\" \/>\r\n<meta name=\"twitter:title\" content=\"Palavra do Presidente - Revista Apartes - edi\u00e7\u00e3o 15\" \/>\r\n<meta name=\"twitter:site\" content=\"@revistaapartes\" \/>\r\n<meta name=\"twitter:label1\" content=\"Est. tempo de leitura\" \/>\n\t<meta name=\"twitter:data1\" content=\"2 minutos\" \/>\r\n<script type=\"application\/ld+json\" class=\"yoast-schema-graph\">{\"@context\":\"https:\\\/\\\/schema.org\",\"@graph\":[{\"@type\":\"WebPage\",\"@id\":\"https:\\\/\\\/www.saopaulo.sp.leg.br\\\/apartes-anteriores\\\/revista-apartes\\\/numero-15\\\/apartes-15-palavra-do-presidente\\\/\",\"url\":\"https:\\\/\\\/www.saopaulo.sp.leg.br\\\/apartes-anteriores\\\/revista-apartes\\\/numero-15\\\/apartes-15-palavra-do-presidente\\\/\",\"name\":\"Palavra do Presidente - Revista Apartes\",\"isPartOf\":{\"@id\":\"https:\\\/\\\/homolog.saopaulo.sp.leg.br\\\/apartes-anteriores\\\/#website\"},\"primaryImageOfPage\":{\"@id\":\"https:\\\/\\\/www.saopaulo.sp.leg.br\\\/apartes-anteriores\\\/revista-apartes\\\/numero-15\\\/apartes-15-palavra-do-presidente\\\/#primaryimage\"},\"image\":{\"@id\":\"https:\\\/\\\/www.saopaulo.sp.leg.br\\\/apartes-anteriores\\\/revista-apartes\\\/numero-15\\\/apartes-15-palavra-do-presidente\\\/#primaryimage\"},\"thumbnailUrl\":\"http:\\\/\\\/homolog.saopaulo.sp.leg.br\\\/apartes-anteriores\\\/wp-content\\\/uploads\\\/sites\\\/9\\\/2015\\\/08\\\/teste-150x150.jpg\",\"datePublished\":\"2015-08-17T18:59:53+00:00\",\"dateModified\":\"2015-08-18T22:23:50+00:00\",\"breadcrumb\":{\"@id\":\"https:\\\/\\\/www.saopaulo.sp.leg.br\\\/apartes-anteriores\\\/revista-apartes\\\/numero-15\\\/apartes-15-palavra-do-presidente\\\/#breadcrumb\"},\"inLanguage\":\"pt-BR\",\"potentialAction\":[{\"@type\":\"ReadAction\",\"target\":[\"https:\\\/\\\/www.saopaulo.sp.leg.br\\\/apartes-anteriores\\\/revista-apartes\\\/numero-15\\\/apartes-15-palavra-do-presidente\\\/\"]}]},{\"@type\":\"ImageObject\",\"inLanguage\":\"pt-BR\",\"@id\":\"https:\\\/\\\/www.saopaulo.sp.leg.br\\\/apartes-anteriores\\\/revista-apartes\\\/numero-15\\\/apartes-15-palavra-do-presidente\\\/#primaryimage\",\"url\":\"http:\\\/\\\/homolog.saopaulo.sp.leg.br\\\/apartes-anteriores\\\/wp-content\\\/uploads\\\/sites\\\/9\\\/2015\\\/08\\\/teste-150x150.jpg\",\"contentUrl\":\"http:\\\/\\\/homolog.saopaulo.sp.leg.br\\\/apartes-anteriores\\\/wp-content\\\/uploads\\\/sites\\\/9\\\/2015\\\/08\\\/teste-150x150.jpg\"},{\"@type\":\"BreadcrumbList\",\"@id\":\"https:\\\/\\\/www.saopaulo.sp.leg.br\\\/apartes-anteriores\\\/revista-apartes\\\/numero-15\\\/apartes-15-palavra-do-presidente\\\/#breadcrumb\",\"itemListElement\":[{\"@type\":\"ListItem\",\"position\":1,\"name\":\"Home\",\"item\":\"https:\\\/\\\/www.saopaulo.sp.leg.br\\\/apartes-anteriores\\\/\"},{\"@type\":\"ListItem\",\"position\":2,\"name\":\"Revista Apartes\",\"item\":\"https:\\\/\\\/www.saopaulo.sp.leg.br\\\/apartes-anteriores\\\/\"},{\"@type\":\"ListItem\",\"position\":3,\"name\":\"N\u00famero 15 &#8211; jun-jul\\\/2015\",\"item\":\"https:\\\/\\\/www.saopaulo.sp.leg.br\\\/apartes-anteriores\\\/revista-apartes\\\/numero-15\\\/\"},{\"@type\":\"ListItem\",\"position\":4,\"name\":\"Palavra do Presidente\"}]},{\"@type\":\"WebSite\",\"@id\":\"https:\\\/\\\/homolog.saopaulo.sp.leg.br\\\/apartes-anteriores\\\/#website\",\"url\":\"https:\\\/\\\/homolog.saopaulo.sp.leg.br\\\/apartes-anteriores\\\/\",\"name\":\"Revista Apartes (edi\u00e7\u00f5es anteriores)\",\"description\":\"Revista Apartes (edi\u00e7\u00f5es anteriores)\",\"potentialAction\":[{\"@type\":\"SearchAction\",\"target\":{\"@type\":\"EntryPoint\",\"urlTemplate\":\"https:\\\/\\\/homolog.saopaulo.sp.leg.br\\\/apartes-anteriores\\\/?s={search_term_string}\"},\"query-input\":{\"@type\":\"PropertyValueSpecification\",\"valueRequired\":true,\"valueName\":\"search_term_string\"}}],\"inLanguage\":\"pt-BR\"}]}<\/script>\r\n<!-- \/ Yoast SEO plugin. -->","yoast_head_json":{"title":"Palavra do Presidente - Revista Apartes","robots":{"index":"noindex","follow":"follow","max-snippet":"max-snippet:-1","max-image-preview":"max-image-preview:large","max-video-preview":"max-video-preview:-1"},"og_locale":"pt_BR","og_type":"article","og_title":"Palavra do Presidente - Revista Apartes - edi\u00e7\u00e3o 15","og_description":"Vereador Antonio Donato Presidente da CMSP Assessoria vereador Antonio Donato Palavra do Presidente Muitas vezes, para se atingir um objetivo o caminho a percorrer nem sempre \u00e9 o mais \u00f3bvio e tradicional. Nesta edi\u00e7\u00e3o, a revista Apartes traz na capa a reportagem Os maiores espet\u00e1culos da Terra, sobre proposta nascida e aprovada na C\u00e2mara Municipal [&hellip;]","og_url":"https:\/\/www.saopaulo.sp.leg.br\/apartes-anteriores\/revista-apartes\/numero-15\/apartes-15-palavra-do-presidente\/","og_site_name":"Revista Apartes (edi\u00e7\u00f5es anteriores)","article_publisher":"https:\/\/www.facebook.com\/RevistaApartes\/","article_modified_time":"2015-08-18T22:23:50+00:00","og_image":[{"url":"http:\/\/www.saopaulo.sp.leg.br\/apartes-anteriores\/wp-content\/uploads\/sites\/9\/2015\/08\/teste-150x150.jpg","type":"","width":"","height":""}],"twitter_card":"summary_large_image","twitter_title":"Palavra do Presidente - Revista Apartes - edi\u00e7\u00e3o 15","twitter_site":"@revistaapartes","twitter_misc":{"Est. tempo de leitura":"2 minutos"},"schema":{"@context":"https:\/\/schema.org","@graph":[{"@type":"WebPage","@id":"https:\/\/www.saopaulo.sp.leg.br\/apartes-anteriores\/revista-apartes\/numero-15\/apartes-15-palavra-do-presidente\/","url":"https:\/\/www.saopaulo.sp.leg.br\/apartes-anteriores\/revista-apartes\/numero-15\/apartes-15-palavra-do-presidente\/","name":"Palavra do Presidente - Revista Apartes","isPartOf":{"@id":"https:\/\/homolog.saopaulo.sp.leg.br\/apartes-anteriores\/#website"},"primaryImageOfPage":{"@id":"https:\/\/www.saopaulo.sp.leg.br\/apartes-anteriores\/revista-apartes\/numero-15\/apartes-15-palavra-do-presidente\/#primaryimage"},"image":{"@id":"https:\/\/www.saopaulo.sp.leg.br\/apartes-anteriores\/revista-apartes\/numero-15\/apartes-15-palavra-do-presidente\/#primaryimage"},"thumbnailUrl":"http:\/\/homolog.saopaulo.sp.leg.br\/apartes-anteriores\/wp-content\/uploads\/sites\/9\/2015\/08\/teste-150x150.jpg","datePublished":"2015-08-17T18:59:53+00:00","dateModified":"2015-08-18T22:23:50+00:00","breadcrumb":{"@id":"https:\/\/www.saopaulo.sp.leg.br\/apartes-anteriores\/revista-apartes\/numero-15\/apartes-15-palavra-do-presidente\/#breadcrumb"},"inLanguage":"pt-BR","potentialAction":[{"@type":"ReadAction","target":["https:\/\/www.saopaulo.sp.leg.br\/apartes-anteriores\/revista-apartes\/numero-15\/apartes-15-palavra-do-presidente\/"]}]},{"@type":"ImageObject","inLanguage":"pt-BR","@id":"https:\/\/www.saopaulo.sp.leg.br\/apartes-anteriores\/revista-apartes\/numero-15\/apartes-15-palavra-do-presidente\/#primaryimage","url":"http:\/\/homolog.saopaulo.sp.leg.br\/apartes-anteriores\/wp-content\/uploads\/sites\/9\/2015\/08\/teste-150x150.jpg","contentUrl":"http:\/\/homolog.saopaulo.sp.leg.br\/apartes-anteriores\/wp-content\/uploads\/sites\/9\/2015\/08\/teste-150x150.jpg"},{"@type":"BreadcrumbList","@id":"https:\/\/www.saopaulo.sp.leg.br\/apartes-anteriores\/revista-apartes\/numero-15\/apartes-15-palavra-do-presidente\/#breadcrumb","itemListElement":[{"@type":"ListItem","position":1,"name":"Home","item":"https:\/\/www.saopaulo.sp.leg.br\/apartes-anteriores\/"},{"@type":"ListItem","position":2,"name":"Revista Apartes","item":"https:\/\/www.saopaulo.sp.leg.br\/apartes-anteriores\/"},{"@type":"ListItem","position":3,"name":"N\u00famero 15 &#8211; jun-jul\/2015","item":"https:\/\/www.saopaulo.sp.leg.br\/apartes-anteriores\/revista-apartes\/numero-15\/"},{"@type":"ListItem","position":4,"name":"Palavra do Presidente"}]},{"@type":"WebSite","@id":"https:\/\/homolog.saopaulo.sp.leg.br\/apartes-anteriores\/#website","url":"https:\/\/homolog.saopaulo.sp.leg.br\/apartes-anteriores\/","name":"Revista Apartes (edi\u00e7\u00f5es anteriores)","description":"Revista Apartes (edi\u00e7\u00f5es anteriores)","potentialAction":[{"@type":"SearchAction","target":{"@type":"EntryPoint","urlTemplate":"https:\/\/homolog.saopaulo.sp.leg.br\/apartes-anteriores\/?s={search_term_string}"},"query-input":{"@type":"PropertyValueSpecification","valueRequired":true,"valueName":"search_term_string"}}],"inLanguage":"pt-BR"}]}},"_links":{"self":[{"href":"https:\/\/homolog.saopaulo.sp.leg.br\/apartes-anteriores\/wp-json\/wp\/v2\/pages\/33890","targetHints":{"allow":["GET"]}}],"collection":[{"href":"https:\/\/homolog.saopaulo.sp.leg.br\/apartes-anteriores\/wp-json\/wp\/v2\/pages"}],"about":[{"href":"https:\/\/homolog.saopaulo.sp.leg.br\/apartes-anteriores\/wp-json\/wp\/v2\/types\/page"}],"author":[{"embeddable":true,"href":"https:\/\/homolog.saopaulo.sp.leg.br\/apartes-anteriores\/wp-json\/wp\/v2\/users\/109"}],"replies":[{"embeddable":true,"href":"https:\/\/homolog.saopaulo.sp.leg.br\/apartes-anteriores\/wp-json\/wp\/v2\/comments?post=33890"}],"version-history":[{"count":5,"href":"https:\/\/homolog.saopaulo.sp.leg.br\/apartes-anteriores\/wp-json\/wp\/v2\/pages\/33890\/revisions"}],"predecessor-version":[{"id":33917,"href":"https:\/\/homolog.saopaulo.sp.leg.br\/apartes-anteriores\/wp-json\/wp\/v2\/pages\/33890\/revisions\/33917"}],"up":[{"embeddable":true,"href":"https:\/\/homolog.saopaulo.sp.leg.br\/apartes-anteriores\/wp-json\/wp\/v2\/pages\/33835"}],"wp:attachment":[{"href":"https:\/\/homolog.saopaulo.sp.leg.br\/apartes-anteriores\/wp-json\/wp\/v2\/media?parent=33890"}],"curies":[{"name":"wp","href":"https:\/\/api.w.org\/{rel}","templated":true}]}}