{"id":33898,"date":"2015-08-18T20:46:40","date_gmt":"2015-08-18T20:46:40","guid":{"rendered":"http:\/\/homolog.saopaulo.sp.leg.br\/apartes-anteriores\/?page_id=33898"},"modified":"2015-08-19T18:29:52","modified_gmt":"2015-08-19T18:29:52","slug":"apartes-15-notas","status":"publish","type":"page","link":"https:\/\/homolog.saopaulo.sp.leg.br\/apartes-anteriores\/revista-apartes\/numero-15\/apartes-15-notas\/","title":{"rendered":"N\u00ba15 &#8211; Notas"},"content":{"rendered":"<h1 class=\"p1\"><strong><span style=\"color: #800000\">Notas<\/span><\/strong><\/h1>\n<h2 class=\"p1\"><span class=\"s1\"><b>Taxistas e motoristas de vans fazem manifesta\u00e7\u00f5es em frente \u00e0 CMSP<\/b><\/span><\/h2>\n<p class=\"p2\"><span class=\"s2\">Centenas de taxistas pararam seus carros em tr\u00eas faixas do Viaduto Jacare\u00ed, em frente \u00e0 sede da C\u00e2mara Municipal de S\u00e3o Paulo (CMSP), e entraram no Pal\u00e1cio Anchieta para apoiar o Projeto de Lei 349\/2014, apresentado pelo vereador Adilson Amadeu (PTB), proibindo o uso de carros particulares cadastrados em aplicativos para o transporte pago de pessoas. O mais conhecido desses aplicativos \u00e9 o Uber.<\/span><\/p>\n<p class=\"p2\"><span class=\"s3\">Eles acompanharam a Sess\u00e3o Plen\u00e1ria do dia 30 de junho e sa\u00edram comemorando: o projeto foi aprovado em primeira vota\u00e7\u00e3o.<\/span><\/p>\n<p class=\"p2\"><span class=\"s2\">No dia seguinte, dezenas de motoristas de vans escolares tamb\u00e9m realizaram um protesto em frente \u00e0 C\u00e2mara contra a Resolu\u00e7\u00e3o 533, que os obriga a usar cadeirinhas para crian\u00e7as de at\u00e9 sete anos e meio. Ap\u00f3s realizarem uma carreata pelas ruas das zonas oeste e central, estacionaram seus carros em frente ao Pal\u00e1cio Anchieta e discursaram criticando a decis\u00e3o do Conselho Nacional de Tr\u00e2nsito (Contran).<\/span><\/p>\n<div style=\"width: 100%;margin-right: 1.5em;margin-bottom: 1.5em\">\n<div style=\"padding: 5px;background-color: #eee !important\">\n<p><a href=\"http:\/\/homolog.saopaulo.sp.leg.br\/apartes-anteriores\/wp-content\/uploads\/sites\/9\/2015\/08\/apartes_N15_10.jpg\"><img loading=\"lazy\" decoding=\"async\" class=\"alignnone size-large wp-image-33845\" src=\"http:\/\/homolog.saopaulo.sp.leg.br\/apartes-anteriores\/wp-content\/uploads\/sites\/9\/2015\/08\/apartes_N15_10-1024x601.jpg\" alt=\"apartes_N15_10\" width=\"640\" height=\"376\" srcset=\"https:\/\/homolog.saopaulo.sp.leg.br\/apartes-anteriores\/wp-content\/uploads\/sites\/9\/2015\/08\/apartes_N15_10-1024x601.jpg 1024w, https:\/\/homolog.saopaulo.sp.leg.br\/apartes-anteriores\/wp-content\/uploads\/sites\/9\/2015\/08\/apartes_N15_10-300x176.jpg 300w, https:\/\/homolog.saopaulo.sp.leg.br\/apartes-anteriores\/wp-content\/uploads\/sites\/9\/2015\/08\/apartes_N15_10.jpg 1715w\" sizes=\"auto, (max-width: 640px) 100vw, 640px\" \/><\/a><\/p>\n<p style=\"font-size: 0.8em;line-height: 1.1em;text-align: center;margin: -1.5em 0px 7px 0px;color: #333;!important;background-color: transparent !important\" align=\"center\">T\u00e1xis parados em protesto contra o Uber<\/p>\n<\/div>\n<p style=\"font-size: 0.5em;line-height: 1.1em;text-align: right;margin: 4px 0px 7px 0px;background-color: transparent !important\">Gute Garbelotto\/CMSP<\/p>\n<\/div>\n<h2 class=\"p1\"><span class=\"s1\"><b>Educa\u00e7\u00e3o e cultura s\u00e3o premiadas pela C\u00e2mara<\/b><\/span><\/h2>\n<p class=\"p2\"><span class=\"s3\">A Oficina Kinoforum de Realiza\u00e7\u00e3o Audiovisual, que produz filmes sobre a cultura da periferia de S\u00e3o Paulo, e o Instituto Escola do Povo, que procura erradicar o analfabetismo em Parais\u00f3polis (zona sul da cidade), foram os vencedores da edi\u00e7\u00e3o de 2015 do Pr\u00eamio Milton Santos. A sess\u00e3o solene de entrega das Salvas de Prata foi realizada em 24 de junho.<\/span><\/p>\n<p class=\"p2\"><span class=\"s2\">O pr\u00eamio homenageia pessoas e entidades que contribuem para o desenvolvimento social da cidade. A solenidade foi presidida pelo vereador Toninho Vespoli (PSOL). \u201c\u00c9 importante lembrar a figura de Milton Santos, que discutiu globaliza\u00e7\u00e3o al\u00e9m do aspecto econ\u00f4mico, mas tamb\u00e9m nos \u00e2mbitos social e humano, em que as pessoas pudessem partilhar quest\u00f5es culturais\u201d, disse Vespoli.<\/span><\/p>\n<h2 class=\"p1\"><span class=\"s1\"><b>Reencontro com Dulce<\/b><\/span><\/h2>\n<p class=\"p2\"><span class=\"s2\">Em 1962, o ent\u00e3o auxiliar de engenheiro Jo\u00e3o de Oliveira Leme, de 20 anos, resolveu alfabetizar os funcion\u00e1rios da constru\u00e7\u00e3o onde trabalhava. Soube que Dulce Salles, \u00e0 \u00e9poca vereadora em S\u00e3o Paulo, doava material did\u00e1tico. \u201cFui \u00e0 C\u00e2mara, fiz uma boa amizade com Dulce, e sempre ia buscar os livros com ela\u201d. Jo\u00e3o mudou-se de S\u00e3o Paulo e nunca mais teve not\u00edcia da amiga. At\u00e9 receber a <b>Apartes<\/b> com o perfil da ex-parlamentar. \u201cMorri de saudade. A revista me trouxe uma not\u00edcia maravilhosa sobre uma pessoa n\u00e3o menos maravilhosa\u201d, conta Jo\u00e3o, em e-mail enviado \u00e0 reda\u00e7\u00e3o da revista.<\/span><\/p>\n<p class=\"p2\"><span class=\"s3\">Para ler o perfil de Dulce Salles, acesse a reportagem <i><a href=\"http:\/\/homolog.saopaulo.sp.leg.br\/apartes-anteriores\/revista-apartes\/numero-13-mar-abr2015\/nas-trilhas-da-arte-e-da-politica\/\">Nas trilhas da arte e da pol\u00edtica<\/a><\/i>, da edi\u00e7\u00e3o 13.<\/span><\/p>\n<h2 class=\"p1\"><span class=\"s1\"><b>A\u00e7\u00f5es sociais recebem o Pr\u00eamio Chico Xavier<\/b><\/span><\/h2>\n<p class=\"p2\"><span class=\"s3\">Associa\u00e7\u00f5es e personalidades foram homenageadas com o Pr\u00eamio Chico Xavier de Reconhecimento Humanit\u00e1rio 2015. As indica\u00e7\u00f5es s\u00e3o feitas por vereadores e analisadas por uma comiss\u00e3o julgadora, composta por membros de cinco Comiss\u00f5es da C\u00e2mara Municipal. Os crit\u00e9rios s\u00e3o: presen\u00e7a de solu\u00e7\u00f5es inovadoras e criativas, est\u00edmulo \u00e0 eleva\u00e7\u00e3o do esp\u00edrito humano, efeito multiplicador e resultados alcan\u00e7ados na melhoria de vida.<\/span><\/p>\n<p class=\"p2\"><span class=\"s3\">\u201c\u00c9 uma honra para n\u00f3s esta lembran\u00e7a; Chico foi um homem que se mostrou ao mundo atrav\u00e9s do seu exemplo de solidariedade e amor ao pr\u00f3ximo\u201d, disse Julieta Souza, presidenta da Federa\u00e7\u00e3o Esp\u00edrita do Estado de S\u00e3o Paulo, uma das premiadas. Neste ano ocorreu a segunda edi\u00e7\u00e3o do pr\u00eamio, em uma sess\u00e3o solene realizada em 30 de junho na CMSP.<\/span><\/p>\n<table cellpadding=\"0\" bgcolor=\"#eeeeee\">\n<tbody>\n<tr>\n<td valign=\"middle\">\n<h3><span class=\"s1\" style=\"color: #800000\"><b>OS PREMIADOS:<\/b><\/span><\/h3>\n<ul>\n<li>Associa\u00e7\u00e3o Cultural Nossa Senhora das Gra\u00e7as<\/li>\n<li>Associa\u00e7\u00e3o Democrata dos Sem Terra<\/li>\n<li>Associa\u00e7\u00e3o Educacional e Assistencial Casa do Zezinho<\/li>\n<li>Associa\u00e7\u00e3o dos Moradores do Parque Vit\u00f3ria<\/li>\n<li>Associa\u00e7\u00e3o Mutir\u00e3o do Pobre<\/li>\n<li>Associa\u00e7\u00e3o de Pais e Amigos dos Excepcionais de S\u00e3o Paulo &#8211; Apae<\/li>\n<li>Associa\u00e7\u00e3o Popular de Sa\u00fade<\/li>\n<li>Associa\u00e7\u00e3o Santa Zita<\/li>\n<li>Caminhando N\u00facleo de Educa\u00e7\u00e3o e A\u00e7\u00e3o Social<\/li>\n<li>Eduardo Blanco Cardoso<\/li>\n<li>Federa\u00e7\u00e3o Esp\u00edrita do Estado de S\u00e3o Paulo &#8211; Feesp<\/li>\n<li>Grupo de Apoio ao Adolescente e \u00e0 Crian\u00e7a com C\u00e2ncer<\/li>\n<li>Institui\u00e7\u00e3o Beneficente Nosso Lar &#8211; IBNL<\/li>\n<li>Instituto Mara Gabrilli<\/li>\n<li>Lumen &#8211; Associa\u00e7\u00e3o de Assist\u00eancia ao Deficiente Neuro-Motor e\/ou Mental<\/li>\n<li>Maria Izabel Mazzucati<\/li>\n<li>Rede Social do Centro<\/li>\n<li>Templo de Umbanda Casa da F\u00e9<\/li>\n<\/ul>\n<\/td>\n<\/tr>\n<\/tbody>\n<\/table>\n<p class=\"p1\"><b style=\"font-size: 1.75em;line-height: 1.4em\">Sobrevivente de Hiroshima torna-se cidad\u00e3o paulistano<\/b><\/p>\n<div style=\"float: right;width: 310px;margin-left: 1.5em;margin-bottom: 1.5em\">\n<div style=\"float: right;padding: 5px;background-color: #eee !important\">\n<p><a href=\"http:\/\/homolog.saopaulo.sp.leg.br\/apartes-anteriores\/wp-content\/uploads\/sites\/9\/2015\/08\/apartes_N15_11.jpg\"><img loading=\"lazy\" decoding=\"async\" class=\"alignnone size-medium wp-image-33846\" src=\"http:\/\/homolog.saopaulo.sp.leg.br\/apartes-anteriores\/wp-content\/uploads\/sites\/9\/2015\/08\/apartes_N15_11-300x239.jpg\" alt=\"apartes_N15_11\" width=\"300\" height=\"239\" srcset=\"https:\/\/homolog.saopaulo.sp.leg.br\/apartes-anteriores\/wp-content\/uploads\/sites\/9\/2015\/08\/apartes_N15_11-300x239.jpg 300w, https:\/\/homolog.saopaulo.sp.leg.br\/apartes-anteriores\/wp-content\/uploads\/sites\/9\/2015\/08\/apartes_N15_11.jpg 997w\" sizes=\"auto, (max-width: 300px) 100vw, 300px\" \/><\/a><\/p>\n<p style=\"font-size: 0.8em;line-height: 1.1em;text-align: center;margin: -1.5em 0px 7px 0px;color: #333;!important;background-color: transparent !important\" align=\"center\">Takashi Morita \u00e9 homenageado na C\u00e2mara<\/p>\n<\/div>\n<p style=\"font-size: 0.5em;line-height: 1.1em;text-align: right;margin: 4px 0px 7px 0px;background-color: transparent !important\">Andr\u00e9 Bueno\/CMSP<\/p>\n<\/div>\n<p class=\"p2\"><span class=\"s3\">Takashi Morita \u00e9 sobrevivente do ataque at\u00f4mico em Hiroshima, no Jap\u00e3o, em 1945. Atualmente, ele preside a Associa\u00e7\u00e3o Hibakusha Brasil pela Paz e recebeu o T\u00edtulo de Cidad\u00e3o Paulistano, concedido pela CMSP, em junho.<\/span><\/p>\n<p class=\"p2\"><span class=\"s2\">Morita, de 91 anos, destaca-se gra\u00e7as a seu trabalho com outras v\u00edtimas do ataque que moram em S\u00e3o Paulo. \u201cEstou muito contente, me considero um paulista de cora\u00e7\u00e3o\u201d, disse ao receber a homenagem.<\/span><\/p>\n<p class=\"p2\">Durante a Sess\u00e3o Solene, em 26 de junho, a filha de Morita, Yasuko Saito, afirmou que seu pai \u201csempre diz que precisa contar sua hist\u00f3ria aos jovens, para que a humanidade n\u00e3o repita os mesmos erros\u201d. O evento contou com a presen\u00e7a do secret\u00e1rio municipal de Direitos Humanos, Eduardo Suplicy, e do c\u00f4nsul-geral do Jap\u00e3o, Takahiro Nakamae.<\/p>\n<p><!-- COMENTE SOBRE ESSA MATERIA --><\/p>\n<table border=\"0\" cellspacing=\"0\" cellpadding=\"0\">\n<tbody>\n<tr>\n<td align=\"center\" width=\"50%\">\n<h5>Comente sobre essa mat\u00e9ria:<\/h5>\n<p><a style=\"color: #fff;font-size: 12px;text-decoration: none;font-weight: bold;text-align: center;background-color: #3b5998 !important;margin: 0 0 10px;padding: 3px 7px\" title=\"Facebook da revista Apartes\" href=\"https:\/\/www.facebook.com\/RevistaApartes\" target=\"_blank\">Facebook<\/a> <a style=\"color: #fff;font-size: 12px;text-decoration: none;font-weight: bold;text-align: center;background-color: #1daced !important;margin: 0 0 10px;padding: 3px 7px\" title=\"Twitter da revista Apartes\" href=\"https:\/\/twitter.com\/RevistaApartes\" target=\"_blank\">Twitter<\/a><\/td>\n<td align=\"center\" width=\"50%\">\n<h5>Envie cr\u00edticas ou sugest\u00f5es:<\/h5>\n<p>Email: <strong><a href=\"mailto:apartes@saopaulo.sp.leg.br\">apartes@saopaulo.sp.leg.br<\/a><\/strong><\/td>\n<\/tr>\n<\/tbody>\n<\/table>\n<p><!-- COMENTE SOBRE ESSA MATERIA --><\/p>\n","protected":false},"excerpt":{"rendered":"<p>Notas Taxistas e motoristas de vans fazem manifesta\u00e7\u00f5es em frente \u00e0 CMSP Centenas de taxistas pararam seus carros em tr\u00eas faixas do Viaduto Jacare\u00ed, em frente \u00e0 sede da C\u00e2mara Municipal de S\u00e3o Paulo (CMSP), e entraram no Pal\u00e1cio Anchieta para apoiar o Projeto de Lei 349\/2014, apresentado pelo vereador Adilson Amadeu (PTB), proibindo o [&hellip;]<\/p>\n","protected":false},"author":109,"featured_media":0,"parent":33835,"menu_order":2,"comment_status":"open","ping_status":"open","template":"","meta":{"footnotes":""},"class_list":["post-33898","page","type-page","status-publish","hentry"],"meta_all":{"_edit_lock":["1444338430:109"],"_edit_last":["109"],"_wp_page_template":["default"],"_yoast_wpseo_opengraph-title":["Notas - Revista Apartes - edi\u00e7\u00e3o 15"],"_yoast_wpseo_twitter-title":["Notas - Revista Apartes - edi\u00e7\u00e3o 15"],"_yoast_wpseo_title":["Notas - Revista Apartes"],"_yoast_wpseo_bctitle":["Notas"],"_cmsp_page_download-files":["a:1:{i:0;a:1:{s:4:\"type\";s:3:\"pdf\";}}"]},"meta_all_2":{"_edit_lock":["1444338430:109"],"_edit_last":["109"],"_wp_page_template":["default"],"_yoast_wpseo_opengraph-title":["Notas - Revista Apartes - edi\u00e7\u00e3o 15"],"_yoast_wpseo_twitter-title":["Notas - Revista Apartes - edi\u00e7\u00e3o 15"],"_yoast_wpseo_title":["Notas - Revista Apartes"],"_yoast_wpseo_bctitle":["Notas"],"_cmsp_page_download-files":["a:1:{i:0;a:1:{s:4:\"type\";s:3:\"pdf\";}}"]},"yoast_head":"<!-- This site is optimized with the Yoast SEO plugin v27.4 - https:\/\/yoast.com\/product\/yoast-seo-wordpress\/ -->\r\n<title>Notas - Revista Apartes<\/title>\r\n<meta name=\"robots\" content=\"noindex, follow, max-snippet:-1, max-image-preview:large, max-video-preview:-1\" \/>\r\n<meta property=\"og:locale\" content=\"pt_BR\" \/>\r\n<meta property=\"og:type\" content=\"article\" \/>\r\n<meta property=\"og:title\" content=\"Notas - Revista Apartes - edi\u00e7\u00e3o 15\" \/>\r\n<meta property=\"og:description\" content=\"Notas Taxistas e motoristas de vans fazem manifesta\u00e7\u00f5es em frente \u00e0 CMSP Centenas de taxistas pararam seus carros em tr\u00eas faixas do Viaduto Jacare\u00ed, em frente \u00e0 sede da C\u00e2mara Municipal de S\u00e3o Paulo (CMSP), e entraram no Pal\u00e1cio Anchieta para apoiar o Projeto de Lei 349\/2014, apresentado pelo vereador Adilson Amadeu (PTB), proibindo o [&hellip;]\" \/>\r\n<meta property=\"og:url\" content=\"https:\/\/www.saopaulo.sp.leg.br\/apartes-anteriores\/revista-apartes\/numero-15\/apartes-15-notas\/\" \/>\r\n<meta property=\"og:site_name\" content=\"Revista Apartes (edi\u00e7\u00f5es anteriores)\" \/>\r\n<meta property=\"article:publisher\" content=\"https:\/\/www.facebook.com\/RevistaApartes\/\" \/>\r\n<meta property=\"article:modified_time\" content=\"2015-08-19T18:29:52+00:00\" \/>\r\n<meta property=\"og:image\" content=\"http:\/\/www.saopaulo.sp.leg.br\/apartes-anteriores\/wp-content\/uploads\/sites\/9\/2015\/08\/apartes_N15_10-1024x601.jpg\" \/>\r\n<meta name=\"twitter:card\" content=\"summary_large_image\" \/>\r\n<meta name=\"twitter:title\" content=\"Notas - Revista Apartes - edi\u00e7\u00e3o 15\" \/>\r\n<meta name=\"twitter:site\" content=\"@revistaapartes\" \/>\r\n<meta name=\"twitter:label1\" content=\"Est. tempo de leitura\" \/>\n\t<meta name=\"twitter:data1\" content=\"5 minutos\" \/>\r\n<script type=\"application\/ld+json\" class=\"yoast-schema-graph\">{\"@context\":\"https:\\\/\\\/schema.org\",\"@graph\":[{\"@type\":\"WebPage\",\"@id\":\"https:\\\/\\\/www.saopaulo.sp.leg.br\\\/apartes-anteriores\\\/revista-apartes\\\/numero-15\\\/apartes-15-notas\\\/\",\"url\":\"https:\\\/\\\/www.saopaulo.sp.leg.br\\\/apartes-anteriores\\\/revista-apartes\\\/numero-15\\\/apartes-15-notas\\\/\",\"name\":\"Notas - Revista Apartes\",\"isPartOf\":{\"@id\":\"https:\\\/\\\/homolog.saopaulo.sp.leg.br\\\/apartes-anteriores\\\/#website\"},\"primaryImageOfPage\":{\"@id\":\"https:\\\/\\\/www.saopaulo.sp.leg.br\\\/apartes-anteriores\\\/revista-apartes\\\/numero-15\\\/apartes-15-notas\\\/#primaryimage\"},\"image\":{\"@id\":\"https:\\\/\\\/www.saopaulo.sp.leg.br\\\/apartes-anteriores\\\/revista-apartes\\\/numero-15\\\/apartes-15-notas\\\/#primaryimage\"},\"thumbnailUrl\":\"http:\\\/\\\/homolog.saopaulo.sp.leg.br\\\/apartes-anteriores\\\/wp-content\\\/uploads\\\/sites\\\/9\\\/2015\\\/08\\\/apartes_N15_10-1024x601.jpg\",\"datePublished\":\"2015-08-18T20:46:40+00:00\",\"dateModified\":\"2015-08-19T18:29:52+00:00\",\"breadcrumb\":{\"@id\":\"https:\\\/\\\/www.saopaulo.sp.leg.br\\\/apartes-anteriores\\\/revista-apartes\\\/numero-15\\\/apartes-15-notas\\\/#breadcrumb\"},\"inLanguage\":\"pt-BR\",\"potentialAction\":[{\"@type\":\"ReadAction\",\"target\":[\"https:\\\/\\\/www.saopaulo.sp.leg.br\\\/apartes-anteriores\\\/revista-apartes\\\/numero-15\\\/apartes-15-notas\\\/\"]}]},{\"@type\":\"ImageObject\",\"inLanguage\":\"pt-BR\",\"@id\":\"https:\\\/\\\/www.saopaulo.sp.leg.br\\\/apartes-anteriores\\\/revista-apartes\\\/numero-15\\\/apartes-15-notas\\\/#primaryimage\",\"url\":\"https:\\\/\\\/homolog.saopaulo.sp.leg.br\\\/apartes-anteriores\\\/wp-content\\\/uploads\\\/sites\\\/9\\\/2015\\\/08\\\/apartes_N15_10.jpg\",\"contentUrl\":\"https:\\\/\\\/homolog.saopaulo.sp.leg.br\\\/apartes-anteriores\\\/wp-content\\\/uploads\\\/sites\\\/9\\\/2015\\\/08\\\/apartes_N15_10.jpg\",\"width\":1715,\"height\":1006},{\"@type\":\"BreadcrumbList\",\"@id\":\"https:\\\/\\\/www.saopaulo.sp.leg.br\\\/apartes-anteriores\\\/revista-apartes\\\/numero-15\\\/apartes-15-notas\\\/#breadcrumb\",\"itemListElement\":[{\"@type\":\"ListItem\",\"position\":1,\"name\":\"Home\",\"item\":\"https:\\\/\\\/www.saopaulo.sp.leg.br\\\/apartes-anteriores\\\/\"},{\"@type\":\"ListItem\",\"position\":2,\"name\":\"Revista Apartes\",\"item\":\"https:\\\/\\\/www.saopaulo.sp.leg.br\\\/apartes-anteriores\\\/\"},{\"@type\":\"ListItem\",\"position\":3,\"name\":\"N\u00famero 15 &#8211; jun-jul\\\/2015\",\"item\":\"https:\\\/\\\/www.saopaulo.sp.leg.br\\\/apartes-anteriores\\\/revista-apartes\\\/numero-15\\\/\"},{\"@type\":\"ListItem\",\"position\":4,\"name\":\"Notas\"}]},{\"@type\":\"WebSite\",\"@id\":\"https:\\\/\\\/homolog.saopaulo.sp.leg.br\\\/apartes-anteriores\\\/#website\",\"url\":\"https:\\\/\\\/homolog.saopaulo.sp.leg.br\\\/apartes-anteriores\\\/\",\"name\":\"Revista Apartes (edi\u00e7\u00f5es anteriores)\",\"description\":\"Revista Apartes (edi\u00e7\u00f5es anteriores)\",\"potentialAction\":[{\"@type\":\"SearchAction\",\"target\":{\"@type\":\"EntryPoint\",\"urlTemplate\":\"https:\\\/\\\/homolog.saopaulo.sp.leg.br\\\/apartes-anteriores\\\/?s={search_term_string}\"},\"query-input\":{\"@type\":\"PropertyValueSpecification\",\"valueRequired\":true,\"valueName\":\"search_term_string\"}}],\"inLanguage\":\"pt-BR\"}]}<\/script>\r\n<!-- \/ Yoast SEO plugin. -->","yoast_head_json":{"title":"Notas - Revista Apartes","robots":{"index":"noindex","follow":"follow","max-snippet":"max-snippet:-1","max-image-preview":"max-image-preview:large","max-video-preview":"max-video-preview:-1"},"og_locale":"pt_BR","og_type":"article","og_title":"Notas - Revista Apartes - edi\u00e7\u00e3o 15","og_description":"Notas Taxistas e motoristas de vans fazem manifesta\u00e7\u00f5es em frente \u00e0 CMSP Centenas de taxistas pararam seus carros em tr\u00eas faixas do Viaduto Jacare\u00ed, em frente \u00e0 sede da C\u00e2mara Municipal de S\u00e3o Paulo (CMSP), e entraram no Pal\u00e1cio Anchieta para apoiar o Projeto de Lei 349\/2014, apresentado pelo vereador Adilson Amadeu (PTB), proibindo o [&hellip;]","og_url":"https:\/\/www.saopaulo.sp.leg.br\/apartes-anteriores\/revista-apartes\/numero-15\/apartes-15-notas\/","og_site_name":"Revista Apartes (edi\u00e7\u00f5es anteriores)","article_publisher":"https:\/\/www.facebook.com\/RevistaApartes\/","article_modified_time":"2015-08-19T18:29:52+00:00","og_image":[{"url":"http:\/\/www.saopaulo.sp.leg.br\/apartes-anteriores\/wp-content\/uploads\/sites\/9\/2015\/08\/apartes_N15_10-1024x601.jpg","type":"","width":"","height":""}],"twitter_card":"summary_large_image","twitter_title":"Notas - Revista Apartes - edi\u00e7\u00e3o 15","twitter_site":"@revistaapartes","twitter_misc":{"Est. tempo de leitura":"5 minutos"},"schema":{"@context":"https:\/\/schema.org","@graph":[{"@type":"WebPage","@id":"https:\/\/www.saopaulo.sp.leg.br\/apartes-anteriores\/revista-apartes\/numero-15\/apartes-15-notas\/","url":"https:\/\/www.saopaulo.sp.leg.br\/apartes-anteriores\/revista-apartes\/numero-15\/apartes-15-notas\/","name":"Notas - Revista Apartes","isPartOf":{"@id":"https:\/\/homolog.saopaulo.sp.leg.br\/apartes-anteriores\/#website"},"primaryImageOfPage":{"@id":"https:\/\/www.saopaulo.sp.leg.br\/apartes-anteriores\/revista-apartes\/numero-15\/apartes-15-notas\/#primaryimage"},"image":{"@id":"https:\/\/www.saopaulo.sp.leg.br\/apartes-anteriores\/revista-apartes\/numero-15\/apartes-15-notas\/#primaryimage"},"thumbnailUrl":"http:\/\/homolog.saopaulo.sp.leg.br\/apartes-anteriores\/wp-content\/uploads\/sites\/9\/2015\/08\/apartes_N15_10-1024x601.jpg","datePublished":"2015-08-18T20:46:40+00:00","dateModified":"2015-08-19T18:29:52+00:00","breadcrumb":{"@id":"https:\/\/www.saopaulo.sp.leg.br\/apartes-anteriores\/revista-apartes\/numero-15\/apartes-15-notas\/#breadcrumb"},"inLanguage":"pt-BR","potentialAction":[{"@type":"ReadAction","target":["https:\/\/www.saopaulo.sp.leg.br\/apartes-anteriores\/revista-apartes\/numero-15\/apartes-15-notas\/"]}]},{"@type":"ImageObject","inLanguage":"pt-BR","@id":"https:\/\/www.saopaulo.sp.leg.br\/apartes-anteriores\/revista-apartes\/numero-15\/apartes-15-notas\/#primaryimage","url":"https:\/\/homolog.saopaulo.sp.leg.br\/apartes-anteriores\/wp-content\/uploads\/sites\/9\/2015\/08\/apartes_N15_10.jpg","contentUrl":"https:\/\/homolog.saopaulo.sp.leg.br\/apartes-anteriores\/wp-content\/uploads\/sites\/9\/2015\/08\/apartes_N15_10.jpg","width":1715,"height":1006},{"@type":"BreadcrumbList","@id":"https:\/\/www.saopaulo.sp.leg.br\/apartes-anteriores\/revista-apartes\/numero-15\/apartes-15-notas\/#breadcrumb","itemListElement":[{"@type":"ListItem","position":1,"name":"Home","item":"https:\/\/www.saopaulo.sp.leg.br\/apartes-anteriores\/"},{"@type":"ListItem","position":2,"name":"Revista Apartes","item":"https:\/\/www.saopaulo.sp.leg.br\/apartes-anteriores\/"},{"@type":"ListItem","position":3,"name":"N\u00famero 15 &#8211; jun-jul\/2015","item":"https:\/\/www.saopaulo.sp.leg.br\/apartes-anteriores\/revista-apartes\/numero-15\/"},{"@type":"ListItem","position":4,"name":"Notas"}]},{"@type":"WebSite","@id":"https:\/\/homolog.saopaulo.sp.leg.br\/apartes-anteriores\/#website","url":"https:\/\/homolog.saopaulo.sp.leg.br\/apartes-anteriores\/","name":"Revista Apartes (edi\u00e7\u00f5es anteriores)","description":"Revista Apartes (edi\u00e7\u00f5es anteriores)","potentialAction":[{"@type":"SearchAction","target":{"@type":"EntryPoint","urlTemplate":"https:\/\/homolog.saopaulo.sp.leg.br\/apartes-anteriores\/?s={search_term_string}"},"query-input":{"@type":"PropertyValueSpecification","valueRequired":true,"valueName":"search_term_string"}}],"inLanguage":"pt-BR"}]}},"_links":{"self":[{"href":"https:\/\/homolog.saopaulo.sp.leg.br\/apartes-anteriores\/wp-json\/wp\/v2\/pages\/33898","targetHints":{"allow":["GET"]}}],"collection":[{"href":"https:\/\/homolog.saopaulo.sp.leg.br\/apartes-anteriores\/wp-json\/wp\/v2\/pages"}],"about":[{"href":"https:\/\/homolog.saopaulo.sp.leg.br\/apartes-anteriores\/wp-json\/wp\/v2\/types\/page"}],"author":[{"embeddable":true,"href":"https:\/\/homolog.saopaulo.sp.leg.br\/apartes-anteriores\/wp-json\/wp\/v2\/users\/109"}],"replies":[{"embeddable":true,"href":"https:\/\/homolog.saopaulo.sp.leg.br\/apartes-anteriores\/wp-json\/wp\/v2\/comments?post=33898"}],"version-history":[{"count":5,"href":"https:\/\/homolog.saopaulo.sp.leg.br\/apartes-anteriores\/wp-json\/wp\/v2\/pages\/33898\/revisions"}],"predecessor-version":[{"id":33931,"href":"https:\/\/homolog.saopaulo.sp.leg.br\/apartes-anteriores\/wp-json\/wp\/v2\/pages\/33898\/revisions\/33931"}],"up":[{"embeddable":true,"href":"https:\/\/homolog.saopaulo.sp.leg.br\/apartes-anteriores\/wp-json\/wp\/v2\/pages\/33835"}],"wp:attachment":[{"href":"https:\/\/homolog.saopaulo.sp.leg.br\/apartes-anteriores\/wp-json\/wp\/v2\/media?parent=33898"}],"curies":[{"name":"wp","href":"https:\/\/api.w.org\/{rel}","templated":true}]}}