{"id":33901,"date":"2015-08-18T21:42:51","date_gmt":"2015-08-18T21:42:51","guid":{"rendered":"http:\/\/homolog.saopaulo.sp.leg.br\/apartes-anteriores\/?page_id=33901"},"modified":"2016-12-01T15:16:28","modified_gmt":"2016-12-01T17:16:28","slug":"experiencia-a-disposicao","status":"publish","type":"page","link":"https:\/\/homolog.saopaulo.sp.leg.br\/apartes-anteriores\/revista-apartes\/numero-15\/experiencia-a-disposicao\/","title":{"rendered":"N\u00ba15 &#8211; Avesp"},"content":{"rendered":"<h1 class=\"p1\"><span style=\"color: #800000\"><b>Experi\u00eancia \u00e0 disposi\u00e7\u00e3o<\/b><\/span><\/h1>\n<h2 class=\"p1\">Ex-vereadores de S\u00e3o Paulo re\u00fanem-se em associa\u00e7\u00e3o para colaborar com a cidade<\/h2>\n<p class=\"p1\"><b>Rodrigo Garcia<\/b> | rodrigogarcia@saopaulo.sp.leg.br<\/p>\n<div style=\"width: 100%;margin-right: 1.5em;margin-bottom: 1.5em\">\n<div style=\"padding: 5px;background-color: #eee !important\">\n<p><a href=\"http:\/\/homolog.saopaulo.sp.leg.br\/apartes-anteriores\/wp-content\/uploads\/sites\/9\/2015\/08\/apartes_N15_13.jpg\"><img loading=\"lazy\" decoding=\"async\" class=\"alignnone size-large wp-image-33848\" src=\"http:\/\/homolog.saopaulo.sp.leg.br\/apartes-anteriores\/wp-content\/uploads\/sites\/9\/2015\/08\/apartes_N15_13-1024x504.jpg\" alt=\"apartes_N15_13\" width=\"640\" height=\"315\" srcset=\"https:\/\/homolog.saopaulo.sp.leg.br\/apartes-anteriores\/wp-content\/uploads\/sites\/9\/2015\/08\/apartes_N15_13-1024x504.jpg 1024w, https:\/\/homolog.saopaulo.sp.leg.br\/apartes-anteriores\/wp-content\/uploads\/sites\/9\/2015\/08\/apartes_N15_13-300x148.jpg 300w, https:\/\/homolog.saopaulo.sp.leg.br\/apartes-anteriores\/wp-content\/uploads\/sites\/9\/2015\/08\/apartes_N15_13.jpg 1515w\" sizes=\"auto, (max-width: 640px) 100vw, 640px\" \/><\/a><\/p>\n<p style=\"font-size: 0.8em;line-height: 1.1em;text-align: center;margin: -1.5em 0px 7px 0px;color: #333;!important;background-color: transparent !important\" align=\"center\">CONTRIBUI\u00c7\u00c3O &#8211; Em encontro com Donato, ex-vereadores se oferecem para debater a cidade<\/p>\n<\/div>\n<p style=\"font-size: 0.5em;line-height: 1.1em;text-align: right;margin: 4px 0px 7px 0px;background-color: transparent !important\">Luiz Fran\u00e7a\/CMSP<\/p>\n<\/div>\n<p class=\"p1\">Nas cerim\u00f4nias oficiais da C\u00e2mara Municipal de S\u00e3o Paulo (CMSP), quando um ex-vereador est\u00e1 presente, \u00e9 apresentado como \u201co sempre vereador\u201d. Mesmo que seja um t\u00edtulo apenas simb\u00f3lico, os ex-parlamentares paulistanos ainda se sentem respons\u00e1veis pela cidade. \u201cNas ruas, as pessoas nunca me chamam de ex-vereador, mas de vereador. E fazem cobran\u00e7as\u201d, afirma Archibaldo Zancra, parlamentar no Munic\u00edpio de 1993 a 2000.<\/p>\n<div style=\"float: left;width: 210px;margin-right: 1.5em;margin-bottom: 1.5em\">\n<div style=\"float: left;padding: 5px;background-color: #eee !important\">\n<p><a href=\"http:\/\/homolog.saopaulo.sp.leg.br\/apartes-anteriores\/wp-content\/uploads\/sites\/9\/2015\/08\/apartes_N15_15.jpg\"><img loading=\"lazy\" decoding=\"async\" class=\"alignnone wp-image-33850\" src=\"http:\/\/homolog.saopaulo.sp.leg.br\/apartes-anteriores\/wp-content\/uploads\/sites\/9\/2015\/08\/apartes_N15_15-241x300.jpg\" alt=\"apartes_N15_15\" width=\"200\" height=\"249\" srcset=\"https:\/\/homolog.saopaulo.sp.leg.br\/apartes-anteriores\/wp-content\/uploads\/sites\/9\/2015\/08\/apartes_N15_15-241x300.jpg 241w, https:\/\/homolog.saopaulo.sp.leg.br\/apartes-anteriores\/wp-content\/uploads\/sites\/9\/2015\/08\/apartes_N15_15.jpg 555w\" sizes=\"auto, (max-width: 200px) 100vw, 200px\" \/><\/a><\/p>\n<p style=\"font-size: 0.8em;line-height: 1.1em;text-align: center;margin: -1.5em 0px 7px 0px;color: #333;!important;background-color: transparent !important\" align=\"center\">APRENDIZADO &#8211; Para Zancra, vice-presidente da Avesp, \u201ca C\u00e2mara \u00e9 uma universidade\u201d<\/p>\n<\/div>\n<p style=\"font-size: 0.5em;line-height: 1.1em;text-align: right;margin: 4px 0px 7px 0px;background-color: transparent !important\">\u00c2ngelo Dantas\/CMSP<\/p>\n<\/div>\n<p class=\"p3\">Para concentrar for\u00e7as, em 9 de setembro de 2009 ex-parlamentares criaram a Associa\u00e7\u00e3o dos Ex-Vereadores da Cidade de S\u00e3o Paulo (Avesp). Conforme diz o slogan do grupo, \u201c\u00e9 a reinser\u00e7\u00e3o pol\u00edtica do ex-vereador na vida da cidade\u201d. Segundo um dos fundadores e atual presidente, Almir Guimar\u00e3es, vereador de 1977 a 1996, o principal objetivo da Avesp \u00e9 servir como canal de di\u00e1logo entre a popula\u00e7\u00e3o e o Poder Legislativo. \u201cEstamos sem mandato, mas somos cobrados\u201d, conta Guimar\u00e3es na sede da Associa\u00e7\u00e3o, uma sala no t\u00e9rreo do Pal\u00e1cio Anchieta. \u201cTemos a cidade de S\u00e3o Paulo mapeada em nossas mentes, voc\u00ea n\u00e3o imagina o quanto a gente j\u00e1 andou por ela\u201d, completa.<\/p>\n<p class=\"p3\">Entretanto, Archibaldo Zancra, vice-presidente da Avesp, ressalta que os membros da associa\u00e7\u00e3o n\u00e3o passam por cima dos 55 parlamentares paulistanos. \u201cQuando vemos alguma coisa que pode ser melhorada na cidade, encaminhamos a ideia para algum vereador\u201d, explica. \u201cAl\u00e9m do Parlamento, temos muita experi\u00eancia profissional, que pode ser \u00fatil\u201d, diz Zancra, que completa: \u201cA C\u00e2mara \u00e9 uma universidade, aprendemos muito aqui\u201d.<\/p>\n<p class=\"p3\">Atualmente com cerca de 60 membros, a Avesp possui 28 vice-presid\u00eancias institucionais, respons\u00e1veis por discutir diferentes temas ligados \u00e0 cidade, como sa\u00fade, transporte e educa\u00e7\u00e3o. \u201cCada ex-vereador fica respons\u00e1vel por um tema no qual tem mais experi\u00eancia\u201d, detalha Guimar\u00e3es. O integrante mais velho \u00e9 o secret\u00e1rio, Reinaldo do Canto Pereira, de 85 anos e vereador de 1960 a 1969. O presidente diz que o n\u00famero de filiados muda bastante, pois quando um associado assume um cargo p\u00fablico afasta-se da Associa\u00e7\u00e3o. Em maio, essa situa\u00e7\u00e3o ocorreu com o vereador suplente Ushitaro Kamia (PSD), que era membro da Avesp e assumiu mandato na CMSP.<\/p>\n<div style=\"float: left;width: 410px;margin-right: 1.5em;margin-bottom: 1.5em\">\n<div style=\"float: left;padding: 5px;background-color: #eee !important\">\n<p><a href=\"http:\/\/homolog.saopaulo.sp.leg.br\/apartes-anteriores\/wp-content\/uploads\/sites\/9\/2015\/08\/apartes_N15_14.jpg\"><img loading=\"lazy\" decoding=\"async\" class=\"alignnone wp-image-33849\" src=\"http:\/\/homolog.saopaulo.sp.leg.br\/apartes-anteriores\/wp-content\/uploads\/sites\/9\/2015\/08\/apartes_N15_14-298x300.jpg\" alt=\"apartes_N15_14\" width=\"400\" height=\"402\" srcset=\"https:\/\/homolog.saopaulo.sp.leg.br\/apartes-anteriores\/wp-content\/uploads\/sites\/9\/2015\/08\/apartes_N15_14-298x300.jpg 298w, https:\/\/homolog.saopaulo.sp.leg.br\/apartes-anteriores\/wp-content\/uploads\/sites\/9\/2015\/08\/apartes_N15_14-150x150.jpg 150w, https:\/\/homolog.saopaulo.sp.leg.br\/apartes-anteriores\/wp-content\/uploads\/sites\/9\/2015\/08\/apartes_N15_14.jpg 808w\" sizes=\"auto, (max-width: 400px) 100vw, 400px\" \/><\/a><\/p>\n<p style=\"font-size: 0.8em;line-height: 1.1em;text-align: center;margin: -1.5em 0px 7px 0px;color: #333;!important;background-color: transparent !important\" align=\"center\">RESPONSABILIDADE &#8211; \u201cAinda somos cobrados pela popula\u00e7\u00e3o\u201d, diz Guimar\u00e3es, presidente da Avesp<\/p>\n<\/div>\n<p style=\"font-size: 0.5em;line-height: 1.1em;text-align: right;margin: 4px 0px 7px 0px;background-color: transparent !important\">F\u00e1bio Lazzari\/CMSP<\/p>\n<\/div>\n<p><span class=\"s1\"><b>CABELOS BRANCOS<\/b><\/span><\/p>\n<p class=\"p3\">Um dos grandes orgulhos do presidente Almir Guimar\u00e3es \u00e9 que no grupo n\u00e3o h\u00e1 pol\u00edticos condenados pela Justi\u00e7a. \u201cSomos todos ficha-limpa\u201d, diz ele, que tamb\u00e9m demonstra muita satisfa\u00e7\u00e3o ao explicar que a Associa\u00e7\u00e3o \u00e9 suprapartid\u00e1ria. O vice-presidente, Archibaldo Zancra, concorda: \u201cNossos partidos s\u00e3o diferentes, mas nosso objetivo \u00e9 o mesmo: ajudar a cidade\u201d.<\/p>\n<p class=\"p3\">Em abril, representantes da Avesp se encontraram com o presidente da CMSP, Antonio Donato (PT), e se puseram \u00e0 disposi\u00e7\u00e3o dos atuais vereadores para colaborar. \u201cOferecemos a experi\u00eancia acumulada por homens de cabelos brancos\u201d, brinca Guimar\u00e3es, que ressalta: \u201c\u00c9 uma esp\u00e9cie de consultoria, sem nenhum \u00f4nus para o Legislativo Municipal\u201d.<\/p>\n<p class=\"p3\">De acordo com Donato, a experi\u00eancia legislativa e administrativa acumulada pelos ex-vereadores n\u00e3o pode ser desperdi\u00e7ada. \u201cEla precisa ser preservada e este \u00e9 um papel relevante cumprido pela Avesp\u201d, enaltece o presidente da CMSP. \u201cO conhecimento que adquiriram no exerc\u00edcio dos mandatos pode nos auxiliar no sentido de apontar o melhor caminho para o desenvolvimento equilibrado de S\u00e3o Paulo. \u00c9 um olhar de fora de quem tem muita contribui\u00e7\u00e3o a dar\u201d, finaliza.<\/p>\n<p class=\"p1\"><b><span style=\"color: #800000\">SERVI\u00c7O<\/span><br \/>\n<\/b>Associa\u00e7\u00e3o dos Ex-Vereadores da Cidade de S\u00e3o Paulo (Avesp)<br \/>\nViaduto Jacare\u00ed, 100 &#8211; Bela Vista<br \/>\n(T\u00e9rreo do Pal\u00e1cio Anchieta)<br \/>\nFone: 3396-5063<br \/>\n<i><a href=\"mailto:avesp@associacaoexvereadores.com.br\">avesp@associacaoexvereadores.com.br<\/a><\/i><\/p>\n<p><!-- COMENTE SOBRE ESSA MATERIA --><\/p>\n<table border=\"0\" cellspacing=\"0\" cellpadding=\"0\">\n<tbody>\n<tr>\n<td align=\"center\" width=\"50%\">\n<h5>Comente sobre essa mat\u00e9ria:<\/h5>\n<p><a style=\"color: #fff;font-size: 12px;text-decoration: none;font-weight: bold;text-align: center;background-color: #3b5998 !important;margin: 0 0 10px;padding: 3px 7px\" title=\"Facebook da revista Apartes\" href=\"https:\/\/www.facebook.com\/RevistaApartes\" target=\"_blank\">Facebook<\/a> <a style=\"color: #fff;font-size: 12px;text-decoration: none;font-weight: bold;text-align: center;background-color: #1daced !important;margin: 0 0 10px;padding: 3px 7px\" title=\"Twitter da revista Apartes\" href=\"https:\/\/twitter.com\/RevistaApartes\" target=\"_blank\">Twitter<\/a><\/td>\n<td align=\"center\" width=\"50%\">\n<h5>Envie cr\u00edticas ou sugest\u00f5es:<\/h5>\n<p>Email: <strong><a href=\"mailto:apartes@saopaulo.sp.leg.br\">apartes@saopaulo.sp.leg.br<\/a><\/strong><\/td>\n<\/tr>\n<\/tbody>\n<\/table>\n<p><!-- COMENTE SOBRE ESSA MATERIA --><\/p>\n","protected":false},"excerpt":{"rendered":"<p>Experi\u00eancia \u00e0 disposi\u00e7\u00e3o Ex-vereadores de S\u00e3o Paulo re\u00fanem-se em associa\u00e7\u00e3o para colaborar com a cidade Rodrigo Garcia | rodrigogarcia@saopaulo.sp.leg.br CONTRIBUI\u00c7\u00c3O &#8211; Em encontro com Donato, ex-vereadores se oferecem para debater a cidade Luiz Fran\u00e7a\/CMSP Nas cerim\u00f4nias oficiais da C\u00e2mara Municipal de S\u00e3o Paulo (CMSP), quando um ex-vereador est\u00e1 presente, \u00e9 apresentado como \u201co sempre vereador\u201d. [&hellip;]<\/p>\n","protected":false},"author":109,"featured_media":0,"parent":33835,"menu_order":3,"comment_status":"open","ping_status":"open","template":"","meta":{"footnotes":""},"class_list":["post-33901","page","type-page","status-publish","hentry"],"meta_all":{"_edit_lock":["1480612495:109"],"_edit_last":["109"],"_wp_page_template":["default"],"_yoast_wpseo_title":["Experi\u00eancia \u00e0 disposi\u00e7\u00e3o - Revista Apartes"],"_yoast_wpseo_bctitle":["Experi\u00eancia \u00e0 disposi\u00e7\u00e3o"],"_cmsp_page_download-files":["a:1:{i:0;a:1:{s:4:\"type\";s:3:\"pdf\";}}"],"_yoast_wpseo_opengraph-title":["Experi\u00eancia \u00e0 disposi\u00e7\u00e3o"],"_yoast_wpseo_opengraph-description":["Ex-vereadores de S\u00e3o Paulo re\u00fanem-se em associa\u00e7\u00e3o para colaborar com a cidade"],"_yoast_wpseo_twitter-title":["Experi\u00eancia \u00e0 disposi\u00e7\u00e3o"],"_yoast_wpseo_twitter-description":["Ex-vereadores de S\u00e3o Paulo re\u00fanem-se em associa\u00e7\u00e3o para colaborar com a cidade"],"_yoast_wpseo_content_score":["60"]},"meta_all_2":{"_edit_lock":["1480612495:109"],"_edit_last":["109"],"_wp_page_template":["default"],"_yoast_wpseo_title":["Experi\u00eancia \u00e0 disposi\u00e7\u00e3o - Revista Apartes"],"_yoast_wpseo_bctitle":["Experi\u00eancia \u00e0 disposi\u00e7\u00e3o"],"_cmsp_page_download-files":["a:1:{i:0;a:1:{s:4:\"type\";s:3:\"pdf\";}}"],"_yoast_wpseo_opengraph-title":["Experi\u00eancia \u00e0 disposi\u00e7\u00e3o"],"_yoast_wpseo_opengraph-description":["Ex-vereadores de S\u00e3o Paulo re\u00fanem-se em associa\u00e7\u00e3o para colaborar com a cidade"],"_yoast_wpseo_twitter-title":["Experi\u00eancia \u00e0 disposi\u00e7\u00e3o"],"_yoast_wpseo_twitter-description":["Ex-vereadores de S\u00e3o Paulo re\u00fanem-se em associa\u00e7\u00e3o para colaborar com a cidade"],"_yoast_wpseo_content_score":["60"]},"yoast_head":"<!-- This site is optimized with the Yoast SEO plugin v27.4 - https:\/\/yoast.com\/product\/yoast-seo-wordpress\/ -->\r\n<title>Experi\u00eancia \u00e0 disposi\u00e7\u00e3o - Revista Apartes<\/title>\r\n<meta name=\"robots\" content=\"noindex, follow, max-snippet:-1, max-image-preview:large, max-video-preview:-1\" \/>\r\n<meta property=\"og:locale\" content=\"pt_BR\" \/>\r\n<meta property=\"og:type\" content=\"article\" \/>\r\n<meta property=\"og:title\" content=\"Experi\u00eancia \u00e0 disposi\u00e7\u00e3o\" \/>\r\n<meta property=\"og:description\" content=\"Ex-vereadores de S\u00e3o Paulo re\u00fanem-se em associa\u00e7\u00e3o para colaborar com a cidade\" \/>\r\n<meta property=\"og:url\" content=\"https:\/\/www.saopaulo.sp.leg.br\/apartes-anteriores\/revista-apartes\/numero-15\/experiencia-a-disposicao\/\" \/>\r\n<meta property=\"og:site_name\" content=\"Revista Apartes (edi\u00e7\u00f5es anteriores)\" \/>\r\n<meta property=\"article:publisher\" content=\"https:\/\/www.facebook.com\/RevistaApartes\/\" \/>\r\n<meta property=\"article:modified_time\" content=\"2016-12-01T17:16:28+00:00\" \/>\r\n<meta property=\"og:image\" content=\"http:\/\/www.saopaulo.sp.leg.br\/apartes-anteriores\/wp-content\/uploads\/sites\/9\/2015\/08\/apartes_N15_13-1024x504.jpg\" \/>\r\n<meta name=\"twitter:card\" content=\"summary_large_image\" \/>\r\n<meta name=\"twitter:title\" content=\"Experi\u00eancia \u00e0 disposi\u00e7\u00e3o\" \/>\r\n<meta name=\"twitter:description\" content=\"Ex-vereadores de S\u00e3o Paulo re\u00fanem-se em associa\u00e7\u00e3o para colaborar com a cidade\" \/>\r\n<meta name=\"twitter:site\" content=\"@revistaapartes\" \/>\r\n<meta name=\"twitter:label1\" content=\"Est. tempo de leitura\" \/>\n\t<meta name=\"twitter:data1\" content=\"3 minutos\" \/>\r\n<script type=\"application\/ld+json\" class=\"yoast-schema-graph\">{\"@context\":\"https:\\\/\\\/schema.org\",\"@graph\":[{\"@type\":\"WebPage\",\"@id\":\"https:\\\/\\\/www.saopaulo.sp.leg.br\\\/apartes-anteriores\\\/revista-apartes\\\/numero-15\\\/experiencia-a-disposicao\\\/\",\"url\":\"https:\\\/\\\/www.saopaulo.sp.leg.br\\\/apartes-anteriores\\\/revista-apartes\\\/numero-15\\\/experiencia-a-disposicao\\\/\",\"name\":\"Experi\u00eancia \u00e0 disposi\u00e7\u00e3o - Revista Apartes\",\"isPartOf\":{\"@id\":\"https:\\\/\\\/homolog.saopaulo.sp.leg.br\\\/apartes-anteriores\\\/#website\"},\"primaryImageOfPage\":{\"@id\":\"https:\\\/\\\/www.saopaulo.sp.leg.br\\\/apartes-anteriores\\\/revista-apartes\\\/numero-15\\\/experiencia-a-disposicao\\\/#primaryimage\"},\"image\":{\"@id\":\"https:\\\/\\\/www.saopaulo.sp.leg.br\\\/apartes-anteriores\\\/revista-apartes\\\/numero-15\\\/experiencia-a-disposicao\\\/#primaryimage\"},\"thumbnailUrl\":\"http:\\\/\\\/homolog.saopaulo.sp.leg.br\\\/apartes-anteriores\\\/wp-content\\\/uploads\\\/sites\\\/9\\\/2015\\\/08\\\/apartes_N15_13-1024x504.jpg\",\"datePublished\":\"2015-08-18T21:42:51+00:00\",\"dateModified\":\"2016-12-01T17:16:28+00:00\",\"breadcrumb\":{\"@id\":\"https:\\\/\\\/www.saopaulo.sp.leg.br\\\/apartes-anteriores\\\/revista-apartes\\\/numero-15\\\/experiencia-a-disposicao\\\/#breadcrumb\"},\"inLanguage\":\"pt-BR\",\"potentialAction\":[{\"@type\":\"ReadAction\",\"target\":[\"https:\\\/\\\/www.saopaulo.sp.leg.br\\\/apartes-anteriores\\\/revista-apartes\\\/numero-15\\\/experiencia-a-disposicao\\\/\"]}]},{\"@type\":\"ImageObject\",\"inLanguage\":\"pt-BR\",\"@id\":\"https:\\\/\\\/www.saopaulo.sp.leg.br\\\/apartes-anteriores\\\/revista-apartes\\\/numero-15\\\/experiencia-a-disposicao\\\/#primaryimage\",\"url\":\"https:\\\/\\\/homolog.saopaulo.sp.leg.br\\\/apartes-anteriores\\\/wp-content\\\/uploads\\\/sites\\\/9\\\/2015\\\/08\\\/apartes_N15_13.jpg\",\"contentUrl\":\"https:\\\/\\\/homolog.saopaulo.sp.leg.br\\\/apartes-anteriores\\\/wp-content\\\/uploads\\\/sites\\\/9\\\/2015\\\/08\\\/apartes_N15_13.jpg\",\"width\":1515,\"height\":746},{\"@type\":\"BreadcrumbList\",\"@id\":\"https:\\\/\\\/www.saopaulo.sp.leg.br\\\/apartes-anteriores\\\/revista-apartes\\\/numero-15\\\/experiencia-a-disposicao\\\/#breadcrumb\",\"itemListElement\":[{\"@type\":\"ListItem\",\"position\":1,\"name\":\"Home\",\"item\":\"https:\\\/\\\/www.saopaulo.sp.leg.br\\\/apartes-anteriores\\\/\"},{\"@type\":\"ListItem\",\"position\":2,\"name\":\"Revista Apartes\",\"item\":\"https:\\\/\\\/www.saopaulo.sp.leg.br\\\/apartes-anteriores\\\/\"},{\"@type\":\"ListItem\",\"position\":3,\"name\":\"N\u00famero 15 &#8211; jun-jul\\\/2015\",\"item\":\"https:\\\/\\\/www.saopaulo.sp.leg.br\\\/apartes-anteriores\\\/revista-apartes\\\/numero-15\\\/\"},{\"@type\":\"ListItem\",\"position\":4,\"name\":\"Experi\u00eancia \u00e0 disposi\u00e7\u00e3o\"}]},{\"@type\":\"WebSite\",\"@id\":\"https:\\\/\\\/homolog.saopaulo.sp.leg.br\\\/apartes-anteriores\\\/#website\",\"url\":\"https:\\\/\\\/homolog.saopaulo.sp.leg.br\\\/apartes-anteriores\\\/\",\"name\":\"Revista Apartes (edi\u00e7\u00f5es anteriores)\",\"description\":\"Revista Apartes (edi\u00e7\u00f5es anteriores)\",\"potentialAction\":[{\"@type\":\"SearchAction\",\"target\":{\"@type\":\"EntryPoint\",\"urlTemplate\":\"https:\\\/\\\/homolog.saopaulo.sp.leg.br\\\/apartes-anteriores\\\/?s={search_term_string}\"},\"query-input\":{\"@type\":\"PropertyValueSpecification\",\"valueRequired\":true,\"valueName\":\"search_term_string\"}}],\"inLanguage\":\"pt-BR\"}]}<\/script>\r\n<!-- \/ Yoast SEO plugin. -->","yoast_head_json":{"title":"Experi\u00eancia \u00e0 disposi\u00e7\u00e3o - Revista Apartes","robots":{"index":"noindex","follow":"follow","max-snippet":"max-snippet:-1","max-image-preview":"max-image-preview:large","max-video-preview":"max-video-preview:-1"},"og_locale":"pt_BR","og_type":"article","og_title":"Experi\u00eancia \u00e0 disposi\u00e7\u00e3o","og_description":"Ex-vereadores de S\u00e3o Paulo re\u00fanem-se em associa\u00e7\u00e3o para colaborar com a cidade","og_url":"https:\/\/www.saopaulo.sp.leg.br\/apartes-anteriores\/revista-apartes\/numero-15\/experiencia-a-disposicao\/","og_site_name":"Revista Apartes (edi\u00e7\u00f5es anteriores)","article_publisher":"https:\/\/www.facebook.com\/RevistaApartes\/","article_modified_time":"2016-12-01T17:16:28+00:00","og_image":[{"url":"http:\/\/www.saopaulo.sp.leg.br\/apartes-anteriores\/wp-content\/uploads\/sites\/9\/2015\/08\/apartes_N15_13-1024x504.jpg","type":"","width":"","height":""}],"twitter_card":"summary_large_image","twitter_title":"Experi\u00eancia \u00e0 disposi\u00e7\u00e3o","twitter_description":"Ex-vereadores de S\u00e3o Paulo re\u00fanem-se em associa\u00e7\u00e3o para colaborar com a cidade","twitter_site":"@revistaapartes","twitter_misc":{"Est. tempo de leitura":"3 minutos"},"schema":{"@context":"https:\/\/schema.org","@graph":[{"@type":"WebPage","@id":"https:\/\/www.saopaulo.sp.leg.br\/apartes-anteriores\/revista-apartes\/numero-15\/experiencia-a-disposicao\/","url":"https:\/\/www.saopaulo.sp.leg.br\/apartes-anteriores\/revista-apartes\/numero-15\/experiencia-a-disposicao\/","name":"Experi\u00eancia \u00e0 disposi\u00e7\u00e3o - Revista Apartes","isPartOf":{"@id":"https:\/\/homolog.saopaulo.sp.leg.br\/apartes-anteriores\/#website"},"primaryImageOfPage":{"@id":"https:\/\/www.saopaulo.sp.leg.br\/apartes-anteriores\/revista-apartes\/numero-15\/experiencia-a-disposicao\/#primaryimage"},"image":{"@id":"https:\/\/www.saopaulo.sp.leg.br\/apartes-anteriores\/revista-apartes\/numero-15\/experiencia-a-disposicao\/#primaryimage"},"thumbnailUrl":"http:\/\/homolog.saopaulo.sp.leg.br\/apartes-anteriores\/wp-content\/uploads\/sites\/9\/2015\/08\/apartes_N15_13-1024x504.jpg","datePublished":"2015-08-18T21:42:51+00:00","dateModified":"2016-12-01T17:16:28+00:00","breadcrumb":{"@id":"https:\/\/www.saopaulo.sp.leg.br\/apartes-anteriores\/revista-apartes\/numero-15\/experiencia-a-disposicao\/#breadcrumb"},"inLanguage":"pt-BR","potentialAction":[{"@type":"ReadAction","target":["https:\/\/www.saopaulo.sp.leg.br\/apartes-anteriores\/revista-apartes\/numero-15\/experiencia-a-disposicao\/"]}]},{"@type":"ImageObject","inLanguage":"pt-BR","@id":"https:\/\/www.saopaulo.sp.leg.br\/apartes-anteriores\/revista-apartes\/numero-15\/experiencia-a-disposicao\/#primaryimage","url":"https:\/\/homolog.saopaulo.sp.leg.br\/apartes-anteriores\/wp-content\/uploads\/sites\/9\/2015\/08\/apartes_N15_13.jpg","contentUrl":"https:\/\/homolog.saopaulo.sp.leg.br\/apartes-anteriores\/wp-content\/uploads\/sites\/9\/2015\/08\/apartes_N15_13.jpg","width":1515,"height":746},{"@type":"BreadcrumbList","@id":"https:\/\/www.saopaulo.sp.leg.br\/apartes-anteriores\/revista-apartes\/numero-15\/experiencia-a-disposicao\/#breadcrumb","itemListElement":[{"@type":"ListItem","position":1,"name":"Home","item":"https:\/\/www.saopaulo.sp.leg.br\/apartes-anteriores\/"},{"@type":"ListItem","position":2,"name":"Revista Apartes","item":"https:\/\/www.saopaulo.sp.leg.br\/apartes-anteriores\/"},{"@type":"ListItem","position":3,"name":"N\u00famero 15 &#8211; jun-jul\/2015","item":"https:\/\/www.saopaulo.sp.leg.br\/apartes-anteriores\/revista-apartes\/numero-15\/"},{"@type":"ListItem","position":4,"name":"Experi\u00eancia \u00e0 disposi\u00e7\u00e3o"}]},{"@type":"WebSite","@id":"https:\/\/homolog.saopaulo.sp.leg.br\/apartes-anteriores\/#website","url":"https:\/\/homolog.saopaulo.sp.leg.br\/apartes-anteriores\/","name":"Revista Apartes (edi\u00e7\u00f5es anteriores)","description":"Revista Apartes (edi\u00e7\u00f5es anteriores)","potentialAction":[{"@type":"SearchAction","target":{"@type":"EntryPoint","urlTemplate":"https:\/\/homolog.saopaulo.sp.leg.br\/apartes-anteriores\/?s={search_term_string}"},"query-input":{"@type":"PropertyValueSpecification","valueRequired":true,"valueName":"search_term_string"}}],"inLanguage":"pt-BR"}]}},"_links":{"self":[{"href":"https:\/\/homolog.saopaulo.sp.leg.br\/apartes-anteriores\/wp-json\/wp\/v2\/pages\/33901","targetHints":{"allow":["GET"]}}],"collection":[{"href":"https:\/\/homolog.saopaulo.sp.leg.br\/apartes-anteriores\/wp-json\/wp\/v2\/pages"}],"about":[{"href":"https:\/\/homolog.saopaulo.sp.leg.br\/apartes-anteriores\/wp-json\/wp\/v2\/types\/page"}],"author":[{"embeddable":true,"href":"https:\/\/homolog.saopaulo.sp.leg.br\/apartes-anteriores\/wp-json\/wp\/v2\/users\/109"}],"replies":[{"embeddable":true,"href":"https:\/\/homolog.saopaulo.sp.leg.br\/apartes-anteriores\/wp-json\/wp\/v2\/comments?post=33901"}],"version-history":[{"count":4,"href":"https:\/\/homolog.saopaulo.sp.leg.br\/apartes-anteriores\/wp-json\/wp\/v2\/pages\/33901\/revisions"}],"predecessor-version":[{"id":33939,"href":"https:\/\/homolog.saopaulo.sp.leg.br\/apartes-anteriores\/wp-json\/wp\/v2\/pages\/33901\/revisions\/33939"}],"up":[{"embeddable":true,"href":"https:\/\/homolog.saopaulo.sp.leg.br\/apartes-anteriores\/wp-json\/wp\/v2\/pages\/33835"}],"wp:attachment":[{"href":"https:\/\/homolog.saopaulo.sp.leg.br\/apartes-anteriores\/wp-json\/wp\/v2\/media?parent=33901"}],"curies":[{"name":"wp","href":"https:\/\/api.w.org\/{rel}","templated":true}]}}