{"id":34228,"date":"2015-07-01T17:33:41","date_gmt":"2015-07-01T17:33:41","guid":{"rendered":"http:\/\/homolog.saopaulo.sp.leg.br\/apartes-anteriores\/?page_id=34228"},"modified":"2015-09-08T18:51:03","modified_gmt":"2015-09-08T18:51:03","slug":"no08-palavra-do-presidente","status":"publish","type":"page","link":"https:\/\/homolog.saopaulo.sp.leg.br\/apartes-anteriores\/revista-apartes\/numero-8-junho-julho2014\/no08-palavra-do-presidente\/","title":{"rendered":"N\u00ba08 \u2013 Palavra do Presidente"},"content":{"rendered":"<div style=\"float: right;margin-left: 1.5em\">\n<div style=\"float: right;padding: 5px;background-color: #eee !important\">\n<p><a href=\"http:\/\/homolog.saopaulo.sp.leg.br\/wp-content\/uploads\/2015\/07\/apartes_N11_1.jpg\"><img loading=\"lazy\" decoding=\"async\" class=\"alignnone wp-image-32649\" src=\"http:\/\/homolog.saopaulo.sp.leg.br\/wp-content\/uploads\/2015\/07\/apartes_N11_1.jpg\" alt=\"apartes_N11_1\" width=\"150\" height=\"185\" \/><\/a><\/p>\n<p style=\"font-size: 0.8em;line-height: 1.1em;text-align: center;margin: -1.5em 0px 7px 0px;color: #333;!important;background-color: transparent !important\" align=\"center\">Vereador Jos\u00e9 Am\u00e9rico<br \/>\nPresidente da CMSP<\/p>\n<\/div>\n<p style=\"font-size: 0.5em;line-height: 1.1em;text-align: right;margin: 4px 0px 7px;color: #333;!important;background-color: transparent !important\" align=\"center\">Equipe de Eventos\/CMSP<\/p>\n<\/div>\n<h1 class=\"p1\"><span style=\"color: #800000\"><strong>Palavra do Presidente<\/strong><\/span><\/h1>\n<p>Os quase 8 milh\u00f5es de carros da frota da cidade de S\u00e3o Paulo necessitam cada vez mais de vias expressas para ir de um canto a outro. Ao mesmo tempo, muitos paulistanos s\u00e3o carentes de espa\u00e7os que permitam a fuga do estresse causado pelos congestionamentos, e pedem por lugares que proporcionem acesso \u00e0 divers\u00e3o, esporte e contato com a natureza. Esse, possivelmente, \u00e9 o principal dilema quando se discute o que fazer com o Elevado Costa e Silva, mais conhecido como Minhoc\u00e3o, que liga o centro \u00e0 regi\u00e3o oeste.<\/p>\n<p>Se de um lado alguns defendem a desativa\u00e7\u00e3o da via para passagem de ve\u00edculos e sua transforma\u00e7\u00e3o em um parque ou espa\u00e7o de lazer, do outro est\u00e3o os que t\u00eam calafrios s\u00f3 de pensar no caos que poderia se instalar com o desvio que os carros que hoje utilizam o elevado teriam de fazer para rotas alternativas.<\/p>\n<p>Some-se a isso a situa\u00e7\u00e3o dos moradores das casas e pr\u00e9dios vizinhos ao Minhoc\u00e3o, obrigados a conviver diariamente com barulho, polui\u00e7\u00e3o e outros dissabores que a via traz \u00e0 regi\u00e3o. Por todos esses fatores, um Projeto de Lei (PL) discutido na C\u00e2mara Municipal de S\u00e3o Paulo (CMSP) vem gerando muita pol\u00eamica ao estabelecer a proibi\u00e7\u00e3o gradual do tr\u00e1fego no elevado e, ap\u00f3s quatro anos, convert\u00ea-lo em um parque. O debate sobre esse PL est\u00e1 nesta edi\u00e7\u00e3o da Apartes, na reportagem Passagem para o Sossego.<\/p>\n<p>Tamb\u00e9m neste n\u00famero, a revista traz um perfil de J\u00e2nio Quadros, com \u00eanfase em sua atua\u00e7\u00e3o como vereador paulistano, de 1948 a mar\u00e7o de 1951. Sempre muito folcl\u00f3rico, ele \u00e9 uma das figuras mais controversas das que j\u00e1 passaram por este Parlamento, e antecipou aqui algumas das pr\u00e1ticas pol\u00edticas que o acompanharam por toda sua trajet\u00f3ria e o levaram, inclusive, \u00e0 Presid\u00eancia da Rep\u00fablica, em 1960. Chegava a se utilizar de lixo para a autopromo\u00e7\u00e3o. Em um dos epis\u00f3dios mais memor\u00e1veis, levou para a tribuna do Palacete Prates, antiga sede da CMSP, um abacaxi estragado para denunciar as p\u00e9ssimas condi\u00e7\u00f5es dos alimentos vendidos no com\u00e9rcio paulistano. Essas e outras hist\u00f3rias imperd\u00edveis est\u00e3o no texto O Vereador que Virou Presidente.<\/p>\n<p>Por falar em lixo, esta edi\u00e7\u00e3o traz um debate sobre iniciativas dos vereadores que pretendem estimular a diminui\u00e7\u00e3o, a reutiliza\u00e7\u00e3o e a reciclagem de res\u00edduos no Munic\u00edpio. Na pauta, as a\u00e7\u00f5es adotadas nos planos nacional e municipal sobre o tema, projetos e leis discutidos na Casa e alguns modelos de sucesso utilizados em outros pa\u00edses.<\/p>\n<p>Para fechar, uma reportagem sobre propostas dos parlamentares de incentivo a atletas, principalmente os praticantes das modalidades ol\u00edmpicas, de olho nos Jogos que ser\u00e3o realizados no Rio de Janeiro em 2016. Com o apoio p\u00fablico podemos ter, quem sabe, mais alguns campe\u00f5es nascidos ou que treinam na cidade de S\u00e3o Paulo.<\/p>\n<p>Uma \u00f3tima leitura a todos!<\/p>\n<p><!-- COMENTE SOBRE ESSA MATERIA --><\/p>\n<table border=\"0\" cellspacing=\"0\" cellpadding=\"0\">\n<tbody>\n<tr>\n<td align=\"center\" width=\"50%\">\n<h5>Comente sobre essa mat\u00e9ria:<\/h5>\n<p><a style=\"font-family: 'Helvetica Neue', 'Helvetica', Helvetica, Arial, sans-serif;color: #fff;font-size: 12px;text-decoration: none;font-weight: bold;text-align: center;background-color: #3b5998 !important;margin: 0 0 10px;padding: 3px 7px\" title=\"Facebook da revista Apartes\" href=\"https:\/\/www.facebook.com\/RevistaApartes\" target=\"_blank\">Facebook<\/a> <a style=\"font-family: 'Helvetica Neue', 'Helvetica', Helvetica, Arial, sans-serif;color: #fff;font-size: 12px;text-decoration: none;font-weight: bold;text-align: center;background-color: #1daced !important;margin: 0 0 10px;padding: 3px 7px\" title=\"Twitter da revista Apartes\" href=\"https:\/\/twitter.com\/RevistaApartes\" target=\"_blank\">Twitter<\/a><\/td>\n<td align=\"center\" width=\"50%\">\n<h5>Envie cr\u00edticas ou sugest\u00f5es:<\/h5>\n<p>Email: <strong><a href=\"mailto:apartes@saopaulo.sp.leg.br\">apartes@saopaulo.sp.leg.br<\/a><\/strong><\/td>\n<\/tr>\n<\/tbody>\n<\/table>\n<p><!-- COMENTE SOBRE ESSA MATERIA --><\/p>\n","protected":false},"excerpt":{"rendered":"<p>Vereador Jos\u00e9 Am\u00e9rico Presidente da CMSP Equipe de Eventos\/CMSP Palavra do Presidente Os quase 8 milh\u00f5es de carros da frota da cidade de S\u00e3o Paulo necessitam cada vez mais de vias expressas para ir de um canto a outro. Ao mesmo tempo, muitos paulistanos s\u00e3o carentes de espa\u00e7os que permitam a fuga do estresse causado [&hellip;]<\/p>\n","protected":false},"author":109,"featured_media":0,"parent":24321,"menu_order":0,"comment_status":"closed","ping_status":"closed","template":"","meta":{"footnotes":""},"class_list":["post-34228","page","type-page","status-publish","hentry"],"meta_all":{"_edit_lock":["1442335702:109"],"_edit_last":["109"],"_wp_page_template":["default"],"_cmsp_page_download-files":["a:1:{i:0;a:1:{s:4:\"type\";s:3:\"pdf\";}}"],"_cmsp_feature-page_title":["N\u00ba08 \u2013 Palavra do Presidente"],"_yoast_wpseo_title":["N\u00ba08 \u2013 Palavra do Presidente"],"_yoast_wpseo_bctitle":["N\u00ba08 \u2013 Palavra do Presidente"]},"meta_all_2":{"_edit_lock":["1442335702:109"],"_edit_last":["109"],"_wp_page_template":["default"],"_cmsp_page_download-files":["a:1:{i:0;a:1:{s:4:\"type\";s:3:\"pdf\";}}"],"_cmsp_feature-page_title":["N\u00ba08 \u2013 Palavra do Presidente"],"_yoast_wpseo_title":["N\u00ba08 \u2013 Palavra do Presidente"],"_yoast_wpseo_bctitle":["N\u00ba08 \u2013 Palavra do Presidente"]},"yoast_head":"<!-- This site is optimized with the Yoast SEO plugin v27.4 - https:\/\/yoast.com\/product\/yoast-seo-wordpress\/ -->\r\n<title>N\u00ba08 \u2013 Palavra do Presidente<\/title>\r\n<meta name=\"robots\" content=\"noindex, follow, max-snippet:-1, max-image-preview:large, max-video-preview:-1\" \/>\r\n<meta property=\"og:locale\" content=\"pt_BR\" \/>\r\n<meta property=\"og:type\" content=\"article\" \/>\r\n<meta property=\"og:title\" content=\"N\u00ba08 \u2013 Palavra do Presidente\" \/>\r\n<meta property=\"og:description\" content=\"Vereador Jos\u00e9 Am\u00e9rico Presidente da CMSP Equipe de Eventos\/CMSP Palavra do Presidente Os quase 8 milh\u00f5es de carros da frota da cidade de S\u00e3o Paulo necessitam cada vez mais de vias expressas para ir de um canto a outro. Ao mesmo tempo, muitos paulistanos s\u00e3o carentes de espa\u00e7os que permitam a fuga do estresse causado [&hellip;]\" \/>\r\n<meta property=\"og:url\" content=\"https:\/\/www.saopaulo.sp.leg.br\/apartes-anteriores\/revista-apartes\/numero-8-junho-julho2014\/no08-palavra-do-presidente\/\" \/>\r\n<meta property=\"og:site_name\" content=\"Revista Apartes (edi\u00e7\u00f5es anteriores)\" \/>\r\n<meta property=\"article:publisher\" content=\"https:\/\/www.facebook.com\/RevistaApartes\/\" \/>\r\n<meta property=\"article:modified_time\" content=\"2015-09-08T18:51:03+00:00\" \/>\r\n<meta property=\"og:image\" content=\"http:\/\/www.saopaulo.sp.leg.br\/wp-content\/uploads\/2015\/07\/apartes_N11_1.jpg\" \/>\r\n<meta name=\"twitter:card\" content=\"summary_large_image\" \/>\r\n<meta name=\"twitter:site\" content=\"@revistaapartes\" \/>\r\n<meta name=\"twitter:label1\" content=\"Est. tempo de leitura\" \/>\n\t<meta name=\"twitter:data1\" content=\"3 minutos\" \/>\r\n<script type=\"application\/ld+json\" class=\"yoast-schema-graph\">{\"@context\":\"https:\\\/\\\/schema.org\",\"@graph\":[{\"@type\":\"WebPage\",\"@id\":\"https:\\\/\\\/www.saopaulo.sp.leg.br\\\/apartes-anteriores\\\/revista-apartes\\\/numero-8-junho-julho2014\\\/no08-palavra-do-presidente\\\/\",\"url\":\"https:\\\/\\\/www.saopaulo.sp.leg.br\\\/apartes-anteriores\\\/revista-apartes\\\/numero-8-junho-julho2014\\\/no08-palavra-do-presidente\\\/\",\"name\":\"N\u00ba08 \u2013 Palavra do Presidente\",\"isPartOf\":{\"@id\":\"https:\\\/\\\/homolog.saopaulo.sp.leg.br\\\/apartes-anteriores\\\/#website\"},\"primaryImageOfPage\":{\"@id\":\"https:\\\/\\\/www.saopaulo.sp.leg.br\\\/apartes-anteriores\\\/revista-apartes\\\/numero-8-junho-julho2014\\\/no08-palavra-do-presidente\\\/#primaryimage\"},\"image\":{\"@id\":\"https:\\\/\\\/www.saopaulo.sp.leg.br\\\/apartes-anteriores\\\/revista-apartes\\\/numero-8-junho-julho2014\\\/no08-palavra-do-presidente\\\/#primaryimage\"},\"thumbnailUrl\":\"http:\\\/\\\/homolog.saopaulo.sp.leg.br\\\/wp-content\\\/uploads\\\/2015\\\/07\\\/apartes_N11_1.jpg\",\"datePublished\":\"2015-07-01T17:33:41+00:00\",\"dateModified\":\"2015-09-08T18:51:03+00:00\",\"breadcrumb\":{\"@id\":\"https:\\\/\\\/www.saopaulo.sp.leg.br\\\/apartes-anteriores\\\/revista-apartes\\\/numero-8-junho-julho2014\\\/no08-palavra-do-presidente\\\/#breadcrumb\"},\"inLanguage\":\"pt-BR\",\"potentialAction\":[{\"@type\":\"ReadAction\",\"target\":[\"https:\\\/\\\/www.saopaulo.sp.leg.br\\\/apartes-anteriores\\\/revista-apartes\\\/numero-8-junho-julho2014\\\/no08-palavra-do-presidente\\\/\"]}]},{\"@type\":\"ImageObject\",\"inLanguage\":\"pt-BR\",\"@id\":\"https:\\\/\\\/www.saopaulo.sp.leg.br\\\/apartes-anteriores\\\/revista-apartes\\\/numero-8-junho-julho2014\\\/no08-palavra-do-presidente\\\/#primaryimage\",\"url\":\"http:\\\/\\\/homolog.saopaulo.sp.leg.br\\\/wp-content\\\/uploads\\\/2015\\\/07\\\/apartes_N11_1.jpg\",\"contentUrl\":\"http:\\\/\\\/homolog.saopaulo.sp.leg.br\\\/wp-content\\\/uploads\\\/2015\\\/07\\\/apartes_N11_1.jpg\"},{\"@type\":\"BreadcrumbList\",\"@id\":\"https:\\\/\\\/www.saopaulo.sp.leg.br\\\/apartes-anteriores\\\/revista-apartes\\\/numero-8-junho-julho2014\\\/no08-palavra-do-presidente\\\/#breadcrumb\",\"itemListElement\":[{\"@type\":\"ListItem\",\"position\":1,\"name\":\"Home\",\"item\":\"https:\\\/\\\/www.saopaulo.sp.leg.br\\\/apartes-anteriores\\\/\"},{\"@type\":\"ListItem\",\"position\":2,\"name\":\"Revista Apartes\",\"item\":\"https:\\\/\\\/www.saopaulo.sp.leg.br\\\/apartes-anteriores\\\/\"},{\"@type\":\"ListItem\",\"position\":3,\"name\":\"N\u00famero 08 &#8211; jun-jul\\\/2014\",\"item\":\"https:\\\/\\\/www.saopaulo.sp.leg.br\\\/apartes-anteriores\\\/revista-apartes\\\/numero-8-junho-julho2014\\\/\"},{\"@type\":\"ListItem\",\"position\":4,\"name\":\"N\u00ba08 \u2013 Palavra do Presidente\"}]},{\"@type\":\"WebSite\",\"@id\":\"https:\\\/\\\/homolog.saopaulo.sp.leg.br\\\/apartes-anteriores\\\/#website\",\"url\":\"https:\\\/\\\/homolog.saopaulo.sp.leg.br\\\/apartes-anteriores\\\/\",\"name\":\"Revista Apartes (edi\u00e7\u00f5es anteriores)\",\"description\":\"Revista Apartes (edi\u00e7\u00f5es anteriores)\",\"potentialAction\":[{\"@type\":\"SearchAction\",\"target\":{\"@type\":\"EntryPoint\",\"urlTemplate\":\"https:\\\/\\\/homolog.saopaulo.sp.leg.br\\\/apartes-anteriores\\\/?s={search_term_string}\"},\"query-input\":{\"@type\":\"PropertyValueSpecification\",\"valueRequired\":true,\"valueName\":\"search_term_string\"}}],\"inLanguage\":\"pt-BR\"}]}<\/script>\r\n<!-- \/ Yoast SEO plugin. -->","yoast_head_json":{"title":"N\u00ba08 \u2013 Palavra do Presidente","robots":{"index":"noindex","follow":"follow","max-snippet":"max-snippet:-1","max-image-preview":"max-image-preview:large","max-video-preview":"max-video-preview:-1"},"og_locale":"pt_BR","og_type":"article","og_title":"N\u00ba08 \u2013 Palavra do Presidente","og_description":"Vereador Jos\u00e9 Am\u00e9rico Presidente da CMSP Equipe de Eventos\/CMSP Palavra do Presidente Os quase 8 milh\u00f5es de carros da frota da cidade de S\u00e3o Paulo necessitam cada vez mais de vias expressas para ir de um canto a outro. Ao mesmo tempo, muitos paulistanos s\u00e3o carentes de espa\u00e7os que permitam a fuga do estresse causado [&hellip;]","og_url":"https:\/\/www.saopaulo.sp.leg.br\/apartes-anteriores\/revista-apartes\/numero-8-junho-julho2014\/no08-palavra-do-presidente\/","og_site_name":"Revista Apartes (edi\u00e7\u00f5es anteriores)","article_publisher":"https:\/\/www.facebook.com\/RevistaApartes\/","article_modified_time":"2015-09-08T18:51:03+00:00","og_image":[{"url":"http:\/\/www.saopaulo.sp.leg.br\/wp-content\/uploads\/2015\/07\/apartes_N11_1.jpg","type":"","width":"","height":""}],"twitter_card":"summary_large_image","twitter_site":"@revistaapartes","twitter_misc":{"Est. tempo de leitura":"3 minutos"},"schema":{"@context":"https:\/\/schema.org","@graph":[{"@type":"WebPage","@id":"https:\/\/www.saopaulo.sp.leg.br\/apartes-anteriores\/revista-apartes\/numero-8-junho-julho2014\/no08-palavra-do-presidente\/","url":"https:\/\/www.saopaulo.sp.leg.br\/apartes-anteriores\/revista-apartes\/numero-8-junho-julho2014\/no08-palavra-do-presidente\/","name":"N\u00ba08 \u2013 Palavra do Presidente","isPartOf":{"@id":"https:\/\/homolog.saopaulo.sp.leg.br\/apartes-anteriores\/#website"},"primaryImageOfPage":{"@id":"https:\/\/www.saopaulo.sp.leg.br\/apartes-anteriores\/revista-apartes\/numero-8-junho-julho2014\/no08-palavra-do-presidente\/#primaryimage"},"image":{"@id":"https:\/\/www.saopaulo.sp.leg.br\/apartes-anteriores\/revista-apartes\/numero-8-junho-julho2014\/no08-palavra-do-presidente\/#primaryimage"},"thumbnailUrl":"http:\/\/homolog.saopaulo.sp.leg.br\/wp-content\/uploads\/2015\/07\/apartes_N11_1.jpg","datePublished":"2015-07-01T17:33:41+00:00","dateModified":"2015-09-08T18:51:03+00:00","breadcrumb":{"@id":"https:\/\/www.saopaulo.sp.leg.br\/apartes-anteriores\/revista-apartes\/numero-8-junho-julho2014\/no08-palavra-do-presidente\/#breadcrumb"},"inLanguage":"pt-BR","potentialAction":[{"@type":"ReadAction","target":["https:\/\/www.saopaulo.sp.leg.br\/apartes-anteriores\/revista-apartes\/numero-8-junho-julho2014\/no08-palavra-do-presidente\/"]}]},{"@type":"ImageObject","inLanguage":"pt-BR","@id":"https:\/\/www.saopaulo.sp.leg.br\/apartes-anteriores\/revista-apartes\/numero-8-junho-julho2014\/no08-palavra-do-presidente\/#primaryimage","url":"http:\/\/homolog.saopaulo.sp.leg.br\/wp-content\/uploads\/2015\/07\/apartes_N11_1.jpg","contentUrl":"http:\/\/homolog.saopaulo.sp.leg.br\/wp-content\/uploads\/2015\/07\/apartes_N11_1.jpg"},{"@type":"BreadcrumbList","@id":"https:\/\/www.saopaulo.sp.leg.br\/apartes-anteriores\/revista-apartes\/numero-8-junho-julho2014\/no08-palavra-do-presidente\/#breadcrumb","itemListElement":[{"@type":"ListItem","position":1,"name":"Home","item":"https:\/\/www.saopaulo.sp.leg.br\/apartes-anteriores\/"},{"@type":"ListItem","position":2,"name":"Revista Apartes","item":"https:\/\/www.saopaulo.sp.leg.br\/apartes-anteriores\/"},{"@type":"ListItem","position":3,"name":"N\u00famero 08 &#8211; jun-jul\/2014","item":"https:\/\/www.saopaulo.sp.leg.br\/apartes-anteriores\/revista-apartes\/numero-8-junho-julho2014\/"},{"@type":"ListItem","position":4,"name":"N\u00ba08 \u2013 Palavra do Presidente"}]},{"@type":"WebSite","@id":"https:\/\/homolog.saopaulo.sp.leg.br\/apartes-anteriores\/#website","url":"https:\/\/homolog.saopaulo.sp.leg.br\/apartes-anteriores\/","name":"Revista Apartes (edi\u00e7\u00f5es anteriores)","description":"Revista Apartes (edi\u00e7\u00f5es anteriores)","potentialAction":[{"@type":"SearchAction","target":{"@type":"EntryPoint","urlTemplate":"https:\/\/homolog.saopaulo.sp.leg.br\/apartes-anteriores\/?s={search_term_string}"},"query-input":{"@type":"PropertyValueSpecification","valueRequired":true,"valueName":"search_term_string"}}],"inLanguage":"pt-BR"}]}},"_links":{"self":[{"href":"https:\/\/homolog.saopaulo.sp.leg.br\/apartes-anteriores\/wp-json\/wp\/v2\/pages\/34228","targetHints":{"allow":["GET"]}}],"collection":[{"href":"https:\/\/homolog.saopaulo.sp.leg.br\/apartes-anteriores\/wp-json\/wp\/v2\/pages"}],"about":[{"href":"https:\/\/homolog.saopaulo.sp.leg.br\/apartes-anteriores\/wp-json\/wp\/v2\/types\/page"}],"author":[{"embeddable":true,"href":"https:\/\/homolog.saopaulo.sp.leg.br\/apartes-anteriores\/wp-json\/wp\/v2\/users\/109"}],"replies":[{"embeddable":true,"href":"https:\/\/homolog.saopaulo.sp.leg.br\/apartes-anteriores\/wp-json\/wp\/v2\/comments?post=34228"}],"version-history":[{"count":1,"href":"https:\/\/homolog.saopaulo.sp.leg.br\/apartes-anteriores\/wp-json\/wp\/v2\/pages\/34228\/revisions"}],"predecessor-version":[{"id":34229,"href":"https:\/\/homolog.saopaulo.sp.leg.br\/apartes-anteriores\/wp-json\/wp\/v2\/pages\/34228\/revisions\/34229"}],"up":[{"embeddable":true,"href":"https:\/\/homolog.saopaulo.sp.leg.br\/apartes-anteriores\/wp-json\/wp\/v2\/pages\/24321"}],"wp:attachment":[{"href":"https:\/\/homolog.saopaulo.sp.leg.br\/apartes-anteriores\/wp-json\/wp\/v2\/media?parent=34228"}],"curies":[{"name":"wp","href":"https:\/\/api.w.org\/{rel}","templated":true}]}}