{"id":34230,"date":"2014-07-01T17:44:59","date_gmt":"2014-07-01T17:44:59","guid":{"rendered":"http:\/\/homolog.saopaulo.sp.leg.br\/apartes-anteriores\/?page_id=34230"},"modified":"2015-09-08T20:07:40","modified_gmt":"2015-09-08T20:07:40","slug":"no08-notas","status":"publish","type":"page","link":"https:\/\/homolog.saopaulo.sp.leg.br\/apartes-anteriores\/revista-apartes\/numero-8-junho-julho2014\/no08-notas\/","title":{"rendered":"N\u00ba08 \u2013 Notas"},"content":{"rendered":"<h1><strong><span style=\"color: #800000\">Notas<\/span><\/strong><\/h1>\n<h2><strong>Cores da bandeira<\/strong><\/h2>\n<p><!-- imagem TOTAL - com legenda - CENTRALIZADA --><\/p>\n<div style=\"width: 100%;margin-right: 1.5em;margin-bottom: 1.5em\">\n<div style=\"padding: 5px;background-color: #eee !important\"><a href=\"http:\/\/homolog.saopaulo.sp.leg.br\/apartes-anteriores\/wp-content\/uploads\/sites\/9\/2015\/09\/FOTO2.jpg\"><img loading=\"lazy\" decoding=\"async\" class=\"alignnone wp-image-34265\" src=\"http:\/\/homolog.saopaulo.sp.leg.br\/apartes-anteriores\/wp-content\/uploads\/sites\/9\/2015\/09\/FOTO2.jpg\" alt=\"FOTO2\" width=\"640\" height=\"452\" srcset=\"https:\/\/homolog.saopaulo.sp.leg.br\/apartes-anteriores\/wp-content\/uploads\/sites\/9\/2015\/09\/FOTO2.jpg 692w, https:\/\/homolog.saopaulo.sp.leg.br\/apartes-anteriores\/wp-content\/uploads\/sites\/9\/2015\/09\/FOTO2-300x212.jpg 300w\" sizes=\"auto, (max-width: 640px) 100vw, 640px\" \/><\/a><\/div>\n<p style=\"font-size: 0.5em;line-height: 1.1em;text-align: right;margin: 4px 0px 7px 0px;background-color: transparent !important\">Marcelo Ximenez\/CMSP<\/p>\n<\/div>\n<p><!-- imagem TOTAL - com legenda - CENTRALIZADA --><\/p>\n<p>A cidade de S\u00e3o Paulo \u00e9 uma das sedes da Copa do Mundo de futebol e, para comemorar o evento, o Pal\u00e1cio Anchieta, sede da C\u00e2mara Municipal de S\u00e3o Paulo (CMSP), ganhou ilumina\u00e7\u00e3o em verde e amarelo.<\/p>\n<div>\n<h2><strong>Restri\u00e7\u00e3o ao uso de celular em bancos \u00e9 regulamentada<\/strong><\/h2>\n<p>O Executivo regulamentou, no dia 6 de junho, a Lei 15.429\/2011, proposta pela vereadora Sandra Tadeu (Democratas) e que restringe o uso de telefone m\u00f3vel no interior de ag\u00eancias e postos banc\u00e1rios na capital paulista. A legisla\u00e7\u00e3o visa acabar com crimes nos bancos. \u201cO objetivo \u00e9 evitar que, por liga\u00e7\u00f5es de celulares, c\u00famplices de criminosos repassem informa\u00e7\u00f5es de saques, possibilitando assaltos e sequestros rel\u00e2mpagos\u201d, justificou a parlamentar.<br \/>\nA proibi\u00e7\u00e3o, que inclui fazer ou receber liga\u00e7\u00f5es e receber mensagens de voz e de texto, estende-se \u00e0s \u00e1reas destinadas aos caixas eletr\u00f4nicos, especificamente os espa\u00e7os de movimenta\u00e7\u00e3o financeira, durante o atendimento a clientes. As ag\u00eancias que permitirem o desrespeito \u00e0 lei receber\u00e3o multa e, em caso de reincid\u00eancia, o valor \u00e9 dobrado.<\/p>\n<\/div>\n<div>\n<h2><strong>Comiss\u00e3o da Verdade da Prefeitura \u00e9 aprovada<\/strong><\/h2>\n<p>A C\u00e2mara Municipal aprovou, em 3 de junho, projeto de lei que criou a Comiss\u00e3o da Mem\u00f3ria e Verdade da Prefeitura do Munic\u00edpio de S\u00e3o Paulo (Lei 16.012\/2014). A finalidade \u00e9 investigar as viola\u00e7\u00f5es aos direitos humanos cometidas contra agentes da Prefeitura, ou por eles praticadas, durante a ditadura militar, entre os anos de 1964 e 1988.<br \/>\nA comiss\u00e3o \u00e9 ligada \u00e0 Secretaria Municipal de Direitos Humanos e ser\u00e1 formada por cinco membros indicados pelo prefeito. Os escolhidos devem ser comprometidos com a defesa da democracia e dos direitos humanos e, preferencialmente, ter prestado relevantes servi\u00e7os para o direito \u00e0 mem\u00f3ria e \u00e0 verdade sobre a ditadura no Brasil.<\/p>\n<\/div>\n<div>\n<h2><strong>C\u00e2mara vai \u00e0 Justi\u00e7a contra relat\u00f3rio da CNV<\/strong><\/h2>\n<p><!-- imagem MEDIA - com legenda - LADO DIREITO --><\/p>\n<div style=\"float: right;width: 210px;margin-left: 1.5em;margin-bottom: 1.5em\">\n<div style=\"float: right;padding: 5px;background-color: transparent !important\"><a href=\"http:\/\/homolog.saopaulo.sp.leg.br\/apartes-anteriores\/wp-content\/uploads\/sites\/9\/2015\/09\/FOTO3.jpg\"><img loading=\"lazy\" decoding=\"async\" class=\"alignnone size-full wp-image-34271\" src=\"http:\/\/homolog.saopaulo.sp.leg.br\/apartes-anteriores\/wp-content\/uploads\/sites\/9\/2015\/09\/FOTO3.jpg\" alt=\"FOTO3\" width=\"216\" height=\"272\" \/><\/a><\/div>\n<p style=\"font-size: 0.5em;line-height: 1.1em;text-align: right;margin: 4px 0px 7px 0px;background-color: transparent !important\">Portal do Pal\u00e1cio do Planalto<\/p>\n<\/div>\n<p><!-- imagem MEDIA - com legenda - LADO DIREITO --><\/p>\n<p>A CMSP entrou com mandado de seguran\u00e7a, em 25 de junho, para impedir que a Comiss\u00e3o Nacional da Verdade (CNV) publique seu relat\u00f3rio final sobre a morte do ex-presidente Juscelino Kubitschek (foto) sem levar em conta as investiga\u00e7\u00f5es conduzidas pela Comiss\u00e3o da Verdade do Legislativo paulistano.<br \/>\nEm abril, o colegiado federal divulgou, em relat\u00f3rio preliminar, que n\u00e3o existem ind\u00edcios suficientes de que JK sofreu atentado promovido pela ditadura militar. J\u00e1 as investiga\u00e7\u00f5es dos vereadores apontam que ele foi v\u00edtima de uma emboscada.<br \/>\nNa a\u00e7\u00e3o, critica-se a Comiss\u00e3o Nacional por basear suas conclus\u00f5es nas investiga\u00e7\u00f5es feitas durante a ditadura. Na \u00e9poca, a pol\u00edcia culpou o motorista de \u00f4nibus Josias Nunes de Oliveira pelo suposto acidente que matou o ex-presidente.<br \/>\nEm depoimento \u00e0 Comiss\u00e3o Municipal, Oliveira disse ter recebido uma oferta de suborno para assumir a responsabilidade. De acordo com alguns passageiros do \u00f4nibus, n\u00e3o houve choque com o autom\u00f3vel no qual estava JK.<\/p>\n<\/div>\n<div>\n<h2><strong><span style=\"color: #000000\">Minha Casa, Minha Vida<\/span><\/strong><\/h2>\n<p>Projeto de Lei aprovado em maio pelos vereadores e sancionado em 5 de junho pelo prefeito Fernando Haddad (PT) autoriza o Executivo paulistano a conceder recursos financeiros ao programa do governo federal Minha Casa Minha Vida. A nova lei municipal permite aporte financeiro de at\u00e9 R$ 20 mil por unidade habitacional.<br \/>\nA autoriza\u00e7\u00e3o dos recursos caber\u00e1 \u00e0 Secretaria de Habita\u00e7\u00e3o e a verba ser\u00e1 concedida como subs\u00eddio complementar, a fundo perdido. Segundo a justificativa do projeto apresentado pelo prefeito, a implanta\u00e7\u00e3o do programa na capital paulista tem sido refreada pelos custos crescentes da produ\u00e7\u00e3o habitacional, que extrapolam os limites unit\u00e1rios estabelecidos pelo Minha Casa, Minha Vida.<br \/>\nA meta \u00e9 que o Executivo federal doe 500 mil m\u00b2 para a constru\u00e7\u00e3o das moradias.<\/p>\n<\/div>\n<div>\n<h2><strong>Transporte hidrovi\u00e1rio em S\u00e3o Paulo<\/strong><\/h2>\n<p><!-- imagem MEDIA - com legenda - LADO ESQUERDO --><\/p>\n<div style=\"float: left;width: 316px;margin-right: 1.5em;margin-bottom: 1.5em\">\n<div style=\"float: left;padding: 5px;background-color: #eee !important\"><a href=\"http:\/\/homolog.saopaulo.sp.leg.br\/apartes-anteriores\/wp-content\/uploads\/sites\/9\/2015\/09\/FOTO3a.jpg\"><img loading=\"lazy\" decoding=\"async\" class=\"alignnone size-full wp-image-34272\" src=\"http:\/\/homolog.saopaulo.sp.leg.br\/apartes-anteriores\/wp-content\/uploads\/sites\/9\/2015\/09\/FOTO3a.jpg\" alt=\"FOTO3a\" width=\"306\" height=\"177\" srcset=\"https:\/\/homolog.saopaulo.sp.leg.br\/apartes-anteriores\/wp-content\/uploads\/sites\/9\/2015\/09\/FOTO3a.jpg 306w, https:\/\/homolog.saopaulo.sp.leg.br\/apartes-anteriores\/wp-content\/uploads\/sites\/9\/2015\/09\/FOTO3a-300x174.jpg 300w\" sizes=\"auto, (max-width: 306px) 100vw, 306px\" \/><\/a><\/p>\n<p style=\"font-size: 0.8em;line-height: 1.1em;text-align: center;margin: -1.5em 0px 7px 0px;color: #333;!important;background-color: transparent !important\" align=\"center\">Transporte por hidrovias ser\u00e1 integrado com terminais de \u00f4nibus e esta\u00e7\u00f5es de trem\/metr\u00f4<\/p>\n<\/div>\n<p style=\"font-size: 0.5em;line-height: 1.1em;text-align: right;margin: 4px 0px 7px 0px;background-color: transparent !important\">Marcos Santos\/USP Imagens<\/p>\n<\/div>\n<p><!-- imagem MEDIA - com legenda - LADO ESQUERDO --><\/p>\n<p>O prefeito Fernando Haddad (PT) sancionou em 10 de junho a Lei 16.010\/2014, que inclui o sistema hidrovi\u00e1rio na rede de transporte p\u00fablico da capital paulista. A proposta foi apresentada pelo vereador Ricardo Nunes (PMDB) e aprovada no in\u00edcio de maio pela CMSP.<br \/>\nO sistema, de acordo com a lei, ser\u00e1 implantado em \u00e1rea composta por leitos naveg\u00e1veis das represas e dos rios da cidade, de modo articulado com os terminais de \u00f4nibus e esta\u00e7\u00f5es de metr\u00f4. \u201cO projeto possui caracter\u00edsticas e objetivos que podem revolucionar o transporte coletivo e tornar S\u00e3o Paulo uma metr\u00f3pole com qualidade de vida para seus habitantes\u201d, diz Nunes.<\/p>\n<\/div>\n<div>\n<h2><strong>Projetos sobre telhados verdes<\/strong><\/h2>\n<p>Na edi\u00e7\u00e3o passada, na reportagem Pr\u00e9dios Vivos, n\u00e3o constou, na lista dos projetos em tramita\u00e7\u00e3o na CMSP sobre telhados e fachadas verdes, o Projeto de Lei 44\/2007, da vereadora Marta Costa (PSD), que visa destinar 20% do total das \u00e1reas dos terra\u00e7os ou coberturas dos edif\u00edcios p\u00fablicos municipais para \u00e1rea verde.<\/p>\n<\/div>\n<p><!-- COMENTE SOBRE ESSA MATERIA --><\/p>\n<table border=\"0\" cellspacing=\"0\" cellpadding=\"0\">\n<tbody>\n<tr>\n<td align=\"center\" width=\"50%\">\n<h5>Comente sobre essa mat\u00e9ria:<\/h5>\n<p><a style=\"font-family: 'Helvetica Neue', 'Helvetica', Helvetica, Arial, sans-serif;color: #fff;font-size: 12px;text-decoration: none;font-weight: bold;text-align: center;background-color: #3b5998 !important;margin: 0 0 10px;padding: 3px 7px\" title=\"Facebook da revista Apartes\" href=\"https:\/\/www.facebook.com\/RevistaApartes\" target=\"_blank\">Facebook<\/a> <a style=\"font-family: 'Helvetica Neue', 'Helvetica', Helvetica, Arial, sans-serif;color: #fff;font-size: 12px;text-decoration: none;font-weight: bold;text-align: center;background-color: #1daced !important;margin: 0 0 10px;padding: 3px 7px\" title=\"Twitter da revista Apartes\" href=\"https:\/\/twitter.com\/RevistaApartes\" target=\"_blank\">Twitter<\/a><\/td>\n<td align=\"center\" width=\"50%\">\n<h5>Envie cr\u00edticas ou sugest\u00f5es:<\/h5>\n<p>Email: <strong><a href=\"mailto:apartes@saopaulo.sp.leg.br\">apartes@saopaulo.sp.leg.br<\/a><\/strong><\/td>\n<\/tr>\n<\/tbody>\n<\/table>\n<p><!-- COMENTE SOBRE ESSA MATERIA --><\/p>\n","protected":false},"excerpt":{"rendered":"<p>Notas Cores da bandeira Marcelo Ximenez\/CMSP A cidade de S\u00e3o Paulo \u00e9 uma das sedes da Copa do Mundo de futebol e, para comemorar o evento, o Pal\u00e1cio Anchieta, sede da C\u00e2mara Municipal de S\u00e3o Paulo (CMSP), ganhou ilumina\u00e7\u00e3o em verde e amarelo. Restri\u00e7\u00e3o ao uso de celular em bancos \u00e9 regulamentada O Executivo regulamentou, [&hellip;]<\/p>\n","protected":false},"author":109,"featured_media":0,"parent":24321,"menu_order":1,"comment_status":"closed","ping_status":"closed","template":"","meta":{"footnotes":""},"class_list":["post-34230","page","type-page","status-publish","hentry"],"meta_all":{"_edit_lock":["1442336369:109"],"_edit_last":["109"],"_wp_page_template":["default"],"_yoast_wpseo_title":["N\u00ba08 \u2013 Notas"],"_yoast_wpseo_bctitle":["N\u00ba08 \u2013 Notas"],"_cmsp_feature-page_title":["N\u00ba08 \u2013 Notas"],"_cmsp_page_download-files":["a:1:{i:0;a:1:{s:4:\"type\";s:3:\"pdf\";}}"]},"meta_all_2":{"_edit_lock":["1442336369:109"],"_edit_last":["109"],"_wp_page_template":["default"],"_yoast_wpseo_title":["N\u00ba08 \u2013 Notas"],"_yoast_wpseo_bctitle":["N\u00ba08 \u2013 Notas"],"_cmsp_feature-page_title":["N\u00ba08 \u2013 Notas"],"_cmsp_page_download-files":["a:1:{i:0;a:1:{s:4:\"type\";s:3:\"pdf\";}}"]},"yoast_head":"<!-- This site is optimized with the Yoast SEO plugin v27.4 - https:\/\/yoast.com\/product\/yoast-seo-wordpress\/ -->\r\n<title>N\u00ba08 \u2013 Notas<\/title>\r\n<meta name=\"robots\" content=\"noindex, follow, max-snippet:-1, max-image-preview:large, max-video-preview:-1\" \/>\r\n<meta property=\"og:locale\" content=\"pt_BR\" \/>\r\n<meta property=\"og:type\" content=\"article\" \/>\r\n<meta property=\"og:title\" content=\"N\u00ba08 \u2013 Notas\" \/>\r\n<meta property=\"og:description\" content=\"Notas Cores da bandeira Marcelo Ximenez\/CMSP A cidade de S\u00e3o Paulo \u00e9 uma das sedes da Copa do Mundo de futebol e, para comemorar o evento, o Pal\u00e1cio Anchieta, sede da C\u00e2mara Municipal de S\u00e3o Paulo (CMSP), ganhou ilumina\u00e7\u00e3o em verde e amarelo. Restri\u00e7\u00e3o ao uso de celular em bancos \u00e9 regulamentada O Executivo regulamentou, [&hellip;]\" \/>\r\n<meta property=\"og:url\" content=\"https:\/\/www.saopaulo.sp.leg.br\/apartes-anteriores\/revista-apartes\/numero-8-junho-julho2014\/no08-notas\/\" \/>\r\n<meta property=\"og:site_name\" content=\"Revista Apartes (edi\u00e7\u00f5es anteriores)\" \/>\r\n<meta property=\"article:publisher\" content=\"https:\/\/www.facebook.com\/RevistaApartes\/\" \/>\r\n<meta property=\"article:modified_time\" content=\"2015-09-08T20:07:40+00:00\" \/>\r\n<meta property=\"og:image\" content=\"http:\/\/www.saopaulo.sp.leg.br\/apartes-anteriores\/wp-content\/uploads\/sites\/9\/2015\/09\/FOTO2.jpg\" \/>\r\n<meta name=\"twitter:card\" content=\"summary_large_image\" \/>\r\n<meta name=\"twitter:site\" content=\"@revistaapartes\" \/>\r\n<meta name=\"twitter:label1\" content=\"Est. tempo de leitura\" \/>\n\t<meta name=\"twitter:data1\" content=\"4 minutos\" \/>\r\n<script type=\"application\/ld+json\" class=\"yoast-schema-graph\">{\"@context\":\"https:\\\/\\\/schema.org\",\"@graph\":[{\"@type\":\"WebPage\",\"@id\":\"https:\\\/\\\/www.saopaulo.sp.leg.br\\\/apartes-anteriores\\\/revista-apartes\\\/numero-8-junho-julho2014\\\/no08-notas\\\/\",\"url\":\"https:\\\/\\\/www.saopaulo.sp.leg.br\\\/apartes-anteriores\\\/revista-apartes\\\/numero-8-junho-julho2014\\\/no08-notas\\\/\",\"name\":\"N\u00ba08 \u2013 Notas\",\"isPartOf\":{\"@id\":\"https:\\\/\\\/homolog.saopaulo.sp.leg.br\\\/apartes-anteriores\\\/#website\"},\"primaryImageOfPage\":{\"@id\":\"https:\\\/\\\/www.saopaulo.sp.leg.br\\\/apartes-anteriores\\\/revista-apartes\\\/numero-8-junho-julho2014\\\/no08-notas\\\/#primaryimage\"},\"image\":{\"@id\":\"https:\\\/\\\/www.saopaulo.sp.leg.br\\\/apartes-anteriores\\\/revista-apartes\\\/numero-8-junho-julho2014\\\/no08-notas\\\/#primaryimage\"},\"thumbnailUrl\":\"http:\\\/\\\/homolog.saopaulo.sp.leg.br\\\/apartes-anteriores\\\/wp-content\\\/uploads\\\/sites\\\/9\\\/2015\\\/09\\\/FOTO2.jpg\",\"datePublished\":\"2014-07-01T17:44:59+00:00\",\"dateModified\":\"2015-09-08T20:07:40+00:00\",\"breadcrumb\":{\"@id\":\"https:\\\/\\\/www.saopaulo.sp.leg.br\\\/apartes-anteriores\\\/revista-apartes\\\/numero-8-junho-julho2014\\\/no08-notas\\\/#breadcrumb\"},\"inLanguage\":\"pt-BR\",\"potentialAction\":[{\"@type\":\"ReadAction\",\"target\":[\"https:\\\/\\\/www.saopaulo.sp.leg.br\\\/apartes-anteriores\\\/revista-apartes\\\/numero-8-junho-julho2014\\\/no08-notas\\\/\"]}]},{\"@type\":\"ImageObject\",\"inLanguage\":\"pt-BR\",\"@id\":\"https:\\\/\\\/www.saopaulo.sp.leg.br\\\/apartes-anteriores\\\/revista-apartes\\\/numero-8-junho-julho2014\\\/no08-notas\\\/#primaryimage\",\"url\":\"https:\\\/\\\/homolog.saopaulo.sp.leg.br\\\/apartes-anteriores\\\/wp-content\\\/uploads\\\/sites\\\/9\\\/2015\\\/09\\\/FOTO2.jpg\",\"contentUrl\":\"https:\\\/\\\/homolog.saopaulo.sp.leg.br\\\/apartes-anteriores\\\/wp-content\\\/uploads\\\/sites\\\/9\\\/2015\\\/09\\\/FOTO2.jpg\",\"width\":692,\"height\":489},{\"@type\":\"BreadcrumbList\",\"@id\":\"https:\\\/\\\/www.saopaulo.sp.leg.br\\\/apartes-anteriores\\\/revista-apartes\\\/numero-8-junho-julho2014\\\/no08-notas\\\/#breadcrumb\",\"itemListElement\":[{\"@type\":\"ListItem\",\"position\":1,\"name\":\"Home\",\"item\":\"https:\\\/\\\/www.saopaulo.sp.leg.br\\\/apartes-anteriores\\\/\"},{\"@type\":\"ListItem\",\"position\":2,\"name\":\"Revista Apartes\",\"item\":\"https:\\\/\\\/www.saopaulo.sp.leg.br\\\/apartes-anteriores\\\/\"},{\"@type\":\"ListItem\",\"position\":3,\"name\":\"N\u00famero 08 &#8211; jun-jul\\\/2014\",\"item\":\"https:\\\/\\\/www.saopaulo.sp.leg.br\\\/apartes-anteriores\\\/revista-apartes\\\/numero-8-junho-julho2014\\\/\"},{\"@type\":\"ListItem\",\"position\":4,\"name\":\"N\u00ba08 \u2013 Notas\"}]},{\"@type\":\"WebSite\",\"@id\":\"https:\\\/\\\/homolog.saopaulo.sp.leg.br\\\/apartes-anteriores\\\/#website\",\"url\":\"https:\\\/\\\/homolog.saopaulo.sp.leg.br\\\/apartes-anteriores\\\/\",\"name\":\"Revista Apartes (edi\u00e7\u00f5es anteriores)\",\"description\":\"Revista Apartes (edi\u00e7\u00f5es anteriores)\",\"potentialAction\":[{\"@type\":\"SearchAction\",\"target\":{\"@type\":\"EntryPoint\",\"urlTemplate\":\"https:\\\/\\\/homolog.saopaulo.sp.leg.br\\\/apartes-anteriores\\\/?s={search_term_string}\"},\"query-input\":{\"@type\":\"PropertyValueSpecification\",\"valueRequired\":true,\"valueName\":\"search_term_string\"}}],\"inLanguage\":\"pt-BR\"}]}<\/script>\r\n<!-- \/ Yoast SEO plugin. -->","yoast_head_json":{"title":"N\u00ba08 \u2013 Notas","robots":{"index":"noindex","follow":"follow","max-snippet":"max-snippet:-1","max-image-preview":"max-image-preview:large","max-video-preview":"max-video-preview:-1"},"og_locale":"pt_BR","og_type":"article","og_title":"N\u00ba08 \u2013 Notas","og_description":"Notas Cores da bandeira Marcelo Ximenez\/CMSP A cidade de S\u00e3o Paulo \u00e9 uma das sedes da Copa do Mundo de futebol e, para comemorar o evento, o Pal\u00e1cio Anchieta, sede da C\u00e2mara Municipal de S\u00e3o Paulo (CMSP), ganhou ilumina\u00e7\u00e3o em verde e amarelo. Restri\u00e7\u00e3o ao uso de celular em bancos \u00e9 regulamentada O Executivo regulamentou, [&hellip;]","og_url":"https:\/\/www.saopaulo.sp.leg.br\/apartes-anteriores\/revista-apartes\/numero-8-junho-julho2014\/no08-notas\/","og_site_name":"Revista Apartes (edi\u00e7\u00f5es anteriores)","article_publisher":"https:\/\/www.facebook.com\/RevistaApartes\/","article_modified_time":"2015-09-08T20:07:40+00:00","og_image":[{"url":"http:\/\/www.saopaulo.sp.leg.br\/apartes-anteriores\/wp-content\/uploads\/sites\/9\/2015\/09\/FOTO2.jpg","type":"","width":"","height":""}],"twitter_card":"summary_large_image","twitter_site":"@revistaapartes","twitter_misc":{"Est. tempo de leitura":"4 minutos"},"schema":{"@context":"https:\/\/schema.org","@graph":[{"@type":"WebPage","@id":"https:\/\/www.saopaulo.sp.leg.br\/apartes-anteriores\/revista-apartes\/numero-8-junho-julho2014\/no08-notas\/","url":"https:\/\/www.saopaulo.sp.leg.br\/apartes-anteriores\/revista-apartes\/numero-8-junho-julho2014\/no08-notas\/","name":"N\u00ba08 \u2013 Notas","isPartOf":{"@id":"https:\/\/homolog.saopaulo.sp.leg.br\/apartes-anteriores\/#website"},"primaryImageOfPage":{"@id":"https:\/\/www.saopaulo.sp.leg.br\/apartes-anteriores\/revista-apartes\/numero-8-junho-julho2014\/no08-notas\/#primaryimage"},"image":{"@id":"https:\/\/www.saopaulo.sp.leg.br\/apartes-anteriores\/revista-apartes\/numero-8-junho-julho2014\/no08-notas\/#primaryimage"},"thumbnailUrl":"http:\/\/homolog.saopaulo.sp.leg.br\/apartes-anteriores\/wp-content\/uploads\/sites\/9\/2015\/09\/FOTO2.jpg","datePublished":"2014-07-01T17:44:59+00:00","dateModified":"2015-09-08T20:07:40+00:00","breadcrumb":{"@id":"https:\/\/www.saopaulo.sp.leg.br\/apartes-anteriores\/revista-apartes\/numero-8-junho-julho2014\/no08-notas\/#breadcrumb"},"inLanguage":"pt-BR","potentialAction":[{"@type":"ReadAction","target":["https:\/\/www.saopaulo.sp.leg.br\/apartes-anteriores\/revista-apartes\/numero-8-junho-julho2014\/no08-notas\/"]}]},{"@type":"ImageObject","inLanguage":"pt-BR","@id":"https:\/\/www.saopaulo.sp.leg.br\/apartes-anteriores\/revista-apartes\/numero-8-junho-julho2014\/no08-notas\/#primaryimage","url":"https:\/\/homolog.saopaulo.sp.leg.br\/apartes-anteriores\/wp-content\/uploads\/sites\/9\/2015\/09\/FOTO2.jpg","contentUrl":"https:\/\/homolog.saopaulo.sp.leg.br\/apartes-anteriores\/wp-content\/uploads\/sites\/9\/2015\/09\/FOTO2.jpg","width":692,"height":489},{"@type":"BreadcrumbList","@id":"https:\/\/www.saopaulo.sp.leg.br\/apartes-anteriores\/revista-apartes\/numero-8-junho-julho2014\/no08-notas\/#breadcrumb","itemListElement":[{"@type":"ListItem","position":1,"name":"Home","item":"https:\/\/www.saopaulo.sp.leg.br\/apartes-anteriores\/"},{"@type":"ListItem","position":2,"name":"Revista Apartes","item":"https:\/\/www.saopaulo.sp.leg.br\/apartes-anteriores\/"},{"@type":"ListItem","position":3,"name":"N\u00famero 08 &#8211; jun-jul\/2014","item":"https:\/\/www.saopaulo.sp.leg.br\/apartes-anteriores\/revista-apartes\/numero-8-junho-julho2014\/"},{"@type":"ListItem","position":4,"name":"N\u00ba08 \u2013 Notas"}]},{"@type":"WebSite","@id":"https:\/\/homolog.saopaulo.sp.leg.br\/apartes-anteriores\/#website","url":"https:\/\/homolog.saopaulo.sp.leg.br\/apartes-anteriores\/","name":"Revista Apartes (edi\u00e7\u00f5es anteriores)","description":"Revista Apartes (edi\u00e7\u00f5es anteriores)","potentialAction":[{"@type":"SearchAction","target":{"@type":"EntryPoint","urlTemplate":"https:\/\/homolog.saopaulo.sp.leg.br\/apartes-anteriores\/?s={search_term_string}"},"query-input":{"@type":"PropertyValueSpecification","valueRequired":true,"valueName":"search_term_string"}}],"inLanguage":"pt-BR"}]}},"_links":{"self":[{"href":"https:\/\/homolog.saopaulo.sp.leg.br\/apartes-anteriores\/wp-json\/wp\/v2\/pages\/34230","targetHints":{"allow":["GET"]}}],"collection":[{"href":"https:\/\/homolog.saopaulo.sp.leg.br\/apartes-anteriores\/wp-json\/wp\/v2\/pages"}],"about":[{"href":"https:\/\/homolog.saopaulo.sp.leg.br\/apartes-anteriores\/wp-json\/wp\/v2\/types\/page"}],"author":[{"embeddable":true,"href":"https:\/\/homolog.saopaulo.sp.leg.br\/apartes-anteriores\/wp-json\/wp\/v2\/users\/109"}],"replies":[{"embeddable":true,"href":"https:\/\/homolog.saopaulo.sp.leg.br\/apartes-anteriores\/wp-json\/wp\/v2\/comments?post=34230"}],"version-history":[{"count":5,"href":"https:\/\/homolog.saopaulo.sp.leg.br\/apartes-anteriores\/wp-json\/wp\/v2\/pages\/34230\/revisions"}],"predecessor-version":[{"id":34275,"href":"https:\/\/homolog.saopaulo.sp.leg.br\/apartes-anteriores\/wp-json\/wp\/v2\/pages\/34230\/revisions\/34275"}],"up":[{"embeddable":true,"href":"https:\/\/homolog.saopaulo.sp.leg.br\/apartes-anteriores\/wp-json\/wp\/v2\/pages\/24321"}],"wp:attachment":[{"href":"https:\/\/homolog.saopaulo.sp.leg.br\/apartes-anteriores\/wp-json\/wp\/v2\/media?parent=34230"}],"curies":[{"name":"wp","href":"https:\/\/api.w.org\/{rel}","templated":true}]}}