{"id":34235,"date":"2014-07-01T18:05:30","date_gmt":"2014-07-01T18:05:30","guid":{"rendered":"http:\/\/homolog.saopaulo.sp.leg.br\/apartes-anteriores\/?page_id=34235"},"modified":"2016-11-30T18:58:38","modified_gmt":"2016-11-30T20:58:38","slug":"em-prol-da-terceira-idade","status":"publish","type":"page","link":"https:\/\/homolog.saopaulo.sp.leg.br\/apartes-anteriores\/revista-apartes\/numero-8-junho-julho2014\/em-prol-da-terceira-idade\/","title":{"rendered":"N\u00ba08 \u2013 Debate"},"content":{"rendered":"<h1><strong><span style=\"color: #800000\">Em prol da terceira idade<\/span><\/strong><\/h1>\n<h2>2\u00ba F\u00f3rum Nacional e Permanente de Defesa dos Direitos dos Idosos discute pol\u00edticas p\u00fablicas<\/h2>\n<p><strong>Rodrigo Garcia<\/strong> | <a href=\"mailto:rodrigogarcia@saopaulo.sp.leg.br\">rodrigogarcia@saopaulo.sp.leg.br<\/a><\/p>\n<p><!-- imagem TOTAL - com legenda - CENTRALIZADA --><\/p>\n<div style=\"width: 100%;margin-right: 1.5em;margin-bottom: 1.5em\">\n<div style=\"padding: 5px;background-color: #eee !important\">\n<p><a href=\"http:\/\/homolog.saopaulo.sp.leg.br\/apartes-anteriores\/wp-content\/uploads\/sites\/9\/2015\/09\/FOTO4.jpg\"><img loading=\"lazy\" decoding=\"async\" class=\"alignnone wp-image-34277\" src=\"http:\/\/homolog.saopaulo.sp.leg.br\/apartes-anteriores\/wp-content\/uploads\/sites\/9\/2015\/09\/FOTO4.jpg\" alt=\"FOTO4\" width=\"640\" height=\"352\" srcset=\"https:\/\/homolog.saopaulo.sp.leg.br\/apartes-anteriores\/wp-content\/uploads\/sites\/9\/2015\/09\/FOTO4.jpg 794w, https:\/\/homolog.saopaulo.sp.leg.br\/apartes-anteriores\/wp-content\/uploads\/sites\/9\/2015\/09\/FOTO4-300x165.jpg 300w\" sizes=\"auto, (max-width: 640px) 100vw, 640px\" \/><\/a><\/p>\n<p style=\"font-size: 0.8em;line-height: 1.1em;text-align: center;margin: -1.5em 0px 7px 0px;color: #333;!important;background-color: transparent !important\" align=\"center\">PROPOSTAS &#8211; Em evento na C\u00e2mara, vereadores, especialistas e cidad\u00e3os analisaram quest\u00f5es sobre envelhecimento<\/p>\n<\/div>\n<p style=\"font-size: 0.5em;line-height: 1.1em;text-align: right;margin: 4px 0px 7px 0px;background-color: transparent !important\">F\u00e1bio Lazzari\/CMSP<\/p>\n<\/div>\n<p><!-- imagem TOTAL - com legenda - CENTRALIZADA --><\/p>\n<p>Vereadores de quatro cidades, especialistas em v\u00e1rias \u00e1reas e cidad\u00e3os com mais de 65 anos se reuniram na C\u00e2mara Municipal de S\u00e3o Paulo (CMSP) para analisar pol\u00edticas p\u00fablicas em prol da terceira idade. Os debates ocorreram em 6 de junho, durante o 2\u00ba F\u00f3rum Nacional e Permanente de Defesa dos Direitos dos Idosos. O evento, organizado pela Comiss\u00e3o do Idoso e Assist\u00eancia Social da CMSP, tem como principal objetivo trocar ideias que possam garantir a todos os brasileiros um envelhecimento digno e saud\u00e1vel. \u201cO foco \u00e9 viver mais e melhor, e para isso \u00e9 preciso uma prepara\u00e7\u00e3o do indiv\u00edduo, da sociedade e do Poder P\u00fablico\u201d, declarou o vereador Mario Covas Neto (PSDB), presidente da Comiss\u00e3o.<\/p>\n<p>Uma das propostas defendidas por Covas no encontro foi a amplia\u00e7\u00e3o do n\u00famero de centros-dia, espa\u00e7os para acolhimento, prote\u00e7\u00e3o e conviv\u00eancia de idosos semidependentes e cuja prioridade \u00e9 o atendimento a fam\u00edlias sem condi\u00e7\u00f5es de dar aten\u00e7\u00e3o e cuidar do idoso durante o dia.<\/p>\n<p><!-- imagem MEDIA - com legenda - LADO ESQUERDO --><\/p>\n<div style=\"float: left;width: 227px;margin-right: 1.5em;margin-bottom: 1.5em\">\n<div style=\"float: left;padding: 5px;background-color: #eee !important\">\n<p><a href=\"http:\/\/homolog.saopaulo.sp.leg.br\/apartes-anteriores\/wp-content\/uploads\/sites\/9\/2015\/09\/FOTO5.jpg\"><img loading=\"lazy\" decoding=\"async\" class=\"alignnone size-full wp-image-34279\" src=\"http:\/\/homolog.saopaulo.sp.leg.br\/apartes-anteriores\/wp-content\/uploads\/sites\/9\/2015\/09\/FOTO5.jpg\" alt=\"FOTO5\" width=\"217\" height=\"288\" \/><\/a><\/p>\n<p style=\"font-size: 0.8em;line-height: 1.1em;text-align: center;margin: -1.5em 0px 7px 0px;color: #333;!important;background-color: transparent !important\" align=\"center\">OBJETIVO &#8211; Para o vereador Covas Neto, meta \u00e9 \u201cviver mais e melhor\u201d<\/p>\n<\/div>\n<p style=\"font-size: 0.5em;line-height: 1.1em;text-align: right;margin: 4px 0px 7px 0px;background-color: transparent !important\">F\u00e1bio Lazzari\/CMSP<\/p>\n<\/div>\n<p><!-- imagem MEDIA - com legenda - LADO ESQUERDO --><\/p>\n<p>O presidente da Comiss\u00e3o do Idoso da C\u00e2mara de Juiz de Fora (MG), vereador Isauro Calais (PMN), informou que o grupo organizou em sua cidade a Blitz do Idoso, que fiscalizou \u00f3rg\u00e3os p\u00fablicos, bancos e supermercados a fim de verificar as condi\u00e7\u00f5es em que os idosos eram atendidos em tais locais. \u201cNotificamos todos os bancos do munic\u00edpio para que se adequassem \u00e0s necessidades da terceira idade\u201d. Segundo Calais, essa experi\u00eancia tamb\u00e9m pode dar certo em cidades maiores, como S\u00e3o Paulo, \u201cdesde que sejam feitas em regi\u00f5es espec\u00edficas\u201d.<\/p>\n<p>Participaram do f\u00f3rum, tamb\u00e9m, a vice-presidenta da Comiss\u00e3o do Idoso da CMSP, Noemi Nonato (PROS), a presidenta da Comiss\u00e3o do Idoso de Duque de Caxias (RJ), Maria de Fatima Pereira, a Fatinha (PP), e o membro da Frente Parlamentar do Idoso de Guarulhos (SP) Samuel Vasconcelos (PT).<\/p>\n<h2><strong>ESTATUTO DO IDOSO<\/strong><\/h2>\n<p>Um dos destaques do f\u00f3rum foi a palestra da promotora de Justi\u00e7a Anna Trotta Yaryd sobre os avan\u00e7os, entraves e desafios enfrentados para a aplica\u00e7\u00e3o do Estatuto do Idoso. \u201cMais do que um marco jur\u00eddico e pol\u00edtico importante, o Estatuto representa uma lei inovadora, avan\u00e7ada e protetiva a esse grupo vulner\u00e1vel e assegura a efetiva\u00e7\u00e3o do direito \u00e0 vida, sa\u00fade, alimenta\u00e7\u00e3o e educa\u00e7\u00e3o, entre outros\u201d, disse.<\/p>\n<p>Por\u00e9m, segundo Anna Yaryd, n\u00e3o \u00e9 f\u00e1cil executar a lei, principalmente pelo fato de a sociedade brasileira \u201cenvelhecer antes de se desenvolver\u201d. Ela lembrou que existe uma bagagem muito grande de injusti\u00e7as e direitos n\u00e3o respeitados, \u201cfatores que se acentuam ainda mais na terceira idade\u201d.<\/p>\n<p>A promotora chamou a aten\u00e7\u00e3o para a necessidade de o Poder P\u00fablico encarar a velhice como um fen\u00f4meno heterog\u00eaneo e n\u00e3o usar a idade cronol\u00f3gica como um regulador na cria\u00e7\u00e3o de a\u00e7\u00f5es. \u201cTemos idosos de 60, 70, 80, 90 anos e at\u00e9 mais velhos. Considerar o idoso como um \u00fanico subgrupo e n\u00e3o observar as diferen\u00e7as gera distor\u00e7\u00f5es.\u201d<\/p>\n<p>Ainda segundo ela, a terceira idade pode ser dividida em tr\u00eas momentos: idosos jovens (de 65 a 74 anos), idosos velhos (de 75 a 84) e idosos mais velhos (85 anos ou mais), com maior tend\u00eancia a enfermidades. S\u00e3o mais de 20 anos de vida condensados em um \u00fanico r\u00f3tulo. \u201cVinte anos representam um per\u00edodo maior do que inf\u00e2ncia e adolesc\u00eancia juntas. Se essas s\u00e3o encaradas como momentos t\u00e3o d\u00edspares, por que n\u00e3o fazer o mesmo com a velhice?\u201d, indagou.<\/p>\n<p>No f\u00f3rum, outras quest\u00f5es, como mobilidade dos idosos e as agress\u00f5es que sofrem, principalmente dos cuidadores, tamb\u00e9m foram debatidas.<\/p>\n<p><!-- COMENTE SOBRE ESSA MATERIA --><\/p>\n<table border=\"0\" cellspacing=\"0\" cellpadding=\"0\">\n<tbody>\n<tr>\n<td align=\"center\" width=\"50%\">\n<h5>Comente sobre essa mat\u00e9ria:<\/h5>\n<p><a style=\"font-family: 'Helvetica Neue', 'Helvetica', Helvetica, Arial, sans-serif;color: #fff;font-size: 12px;text-decoration: none;font-weight: bold;text-align: center;background-color: #3b5998 !important;margin: 0 0 10px;padding: 3px 7px\" title=\"Facebook da revista Apartes\" href=\"https:\/\/www.facebook.com\/RevistaApartes\" target=\"_blank\">Facebook<\/a> <a style=\"font-family: 'Helvetica Neue', 'Helvetica', Helvetica, Arial, sans-serif;color: #fff;font-size: 12px;text-decoration: none;font-weight: bold;text-align: center;background-color: #1daced !important;margin: 0 0 10px;padding: 3px 7px\" title=\"Twitter da revista Apartes\" href=\"https:\/\/twitter.com\/RevistaApartes\" target=\"_blank\">Twitter<\/a><\/td>\n<td align=\"center\" width=\"50%\">\n<h5>Envie cr\u00edticas ou sugest\u00f5es:<\/h5>\n<p>Email: <strong><a href=\"mailto:apartes@saopaulo.sp.leg.br\">apartes@saopaulo.sp.leg.br<\/a><\/strong><\/td>\n<\/tr>\n<\/tbody>\n<\/table>\n<p><!-- COMENTE SOBRE ESSA MATERIA --><\/p>\n","protected":false},"excerpt":{"rendered":"<p>Em prol da terceira idade 2\u00ba F\u00f3rum Nacional e Permanente de Defesa dos Direitos dos Idosos discute pol\u00edticas p\u00fablicas Rodrigo Garcia | rodrigogarcia@saopaulo.sp.leg.br PROPOSTAS &#8211; Em evento na C\u00e2mara, vereadores, especialistas e cidad\u00e3os analisaram quest\u00f5es sobre envelhecimento F\u00e1bio Lazzari\/CMSP Vereadores de quatro cidades, especialistas em v\u00e1rias \u00e1reas e cidad\u00e3os com mais de 65 anos se [&hellip;]<\/p>\n","protected":false},"author":109,"featured_media":0,"parent":24321,"menu_order":2,"comment_status":"closed","ping_status":"closed","template":"","meta":{"footnotes":""},"class_list":["post-34235","page","type-page","status-publish","hentry"],"meta_all":{"_edit_lock":["1480539387:109"],"_edit_last":["109"],"_wp_page_template":["default"],"_cmsp_page_download-files":["a:1:{i:0;a:1:{s:4:\"type\";s:3:\"pdf\";}}"],"_yoast_wpseo_title":["Em prol da terceira idade"],"_yoast_wpseo_bctitle":["Em prol da terceira idade"],"_cmsp_feature-page_title":["Em prol da terceira idade"],"_yoast_wpseo_opengraph-title":["Em prol da terceira idade"],"_yoast_wpseo_opengraph-description":["2\u00ba F\u00f3rum Nacional e Permanente de Defesa dos Direitos dos Idosos discute pol\u00edticas p\u00fablicas"],"_yoast_wpseo_twitter-title":["Em prol da terceira idade"],"_yoast_wpseo_twitter-description":["2\u00ba F\u00f3rum Nacional e Permanente de Defesa dos Direitos dos Idosos discute pol\u00edticas p\u00fablicas"],"_yoast_wpseo_content_score":["30"]},"meta_all_2":{"_edit_lock":["1480539387:109"],"_edit_last":["109"],"_wp_page_template":["default"],"_cmsp_page_download-files":["a:1:{i:0;a:1:{s:4:\"type\";s:3:\"pdf\";}}"],"_yoast_wpseo_title":["Em prol da terceira idade"],"_yoast_wpseo_bctitle":["Em prol da terceira idade"],"_cmsp_feature-page_title":["Em prol da terceira idade"],"_yoast_wpseo_opengraph-title":["Em prol da terceira idade"],"_yoast_wpseo_opengraph-description":["2\u00ba F\u00f3rum Nacional e Permanente de Defesa dos Direitos dos Idosos discute pol\u00edticas p\u00fablicas"],"_yoast_wpseo_twitter-title":["Em prol da terceira idade"],"_yoast_wpseo_twitter-description":["2\u00ba F\u00f3rum Nacional e Permanente de Defesa dos Direitos dos Idosos discute pol\u00edticas p\u00fablicas"],"_yoast_wpseo_content_score":["30"]},"yoast_head":"<!-- This site is optimized with the Yoast SEO plugin v27.4 - https:\/\/yoast.com\/product\/yoast-seo-wordpress\/ -->\r\n<title>Em prol da terceira idade<\/title>\r\n<meta name=\"robots\" content=\"noindex, follow, max-snippet:-1, max-image-preview:large, max-video-preview:-1\" \/>\r\n<meta property=\"og:locale\" content=\"pt_BR\" \/>\r\n<meta property=\"og:type\" content=\"article\" \/>\r\n<meta property=\"og:title\" content=\"Em prol da terceira idade\" \/>\r\n<meta property=\"og:description\" content=\"2\u00ba F\u00f3rum Nacional e Permanente de Defesa dos Direitos dos Idosos discute pol\u00edticas p\u00fablicas\" \/>\r\n<meta property=\"og:url\" content=\"https:\/\/www.saopaulo.sp.leg.br\/apartes-anteriores\/revista-apartes\/numero-8-junho-julho2014\/em-prol-da-terceira-idade\/\" \/>\r\n<meta property=\"og:site_name\" content=\"Revista Apartes (edi\u00e7\u00f5es anteriores)\" \/>\r\n<meta property=\"article:publisher\" content=\"https:\/\/www.facebook.com\/RevistaApartes\/\" \/>\r\n<meta property=\"article:modified_time\" content=\"2016-11-30T20:58:38+00:00\" \/>\r\n<meta property=\"og:image\" content=\"http:\/\/www.saopaulo.sp.leg.br\/apartes-anteriores\/wp-content\/uploads\/sites\/9\/2015\/09\/FOTO4.jpg\" \/>\r\n<meta name=\"twitter:card\" content=\"summary_large_image\" \/>\r\n<meta name=\"twitter:title\" content=\"Em prol da terceira idade\" \/>\r\n<meta name=\"twitter:description\" content=\"2\u00ba F\u00f3rum Nacional e Permanente de Defesa dos Direitos dos Idosos discute pol\u00edticas p\u00fablicas\" \/>\r\n<meta name=\"twitter:site\" content=\"@revistaapartes\" \/>\r\n<meta name=\"twitter:label1\" content=\"Est. tempo de leitura\" \/>\n\t<meta name=\"twitter:data1\" content=\"4 minutos\" \/>\r\n<script type=\"application\/ld+json\" class=\"yoast-schema-graph\">{\"@context\":\"https:\\\/\\\/schema.org\",\"@graph\":[{\"@type\":\"WebPage\",\"@id\":\"https:\\\/\\\/www.saopaulo.sp.leg.br\\\/apartes-anteriores\\\/revista-apartes\\\/numero-8-junho-julho2014\\\/em-prol-da-terceira-idade\\\/\",\"url\":\"https:\\\/\\\/www.saopaulo.sp.leg.br\\\/apartes-anteriores\\\/revista-apartes\\\/numero-8-junho-julho2014\\\/em-prol-da-terceira-idade\\\/\",\"name\":\"Em prol da terceira idade\",\"isPartOf\":{\"@id\":\"https:\\\/\\\/homolog.saopaulo.sp.leg.br\\\/apartes-anteriores\\\/#website\"},\"primaryImageOfPage\":{\"@id\":\"https:\\\/\\\/www.saopaulo.sp.leg.br\\\/apartes-anteriores\\\/revista-apartes\\\/numero-8-junho-julho2014\\\/em-prol-da-terceira-idade\\\/#primaryimage\"},\"image\":{\"@id\":\"https:\\\/\\\/www.saopaulo.sp.leg.br\\\/apartes-anteriores\\\/revista-apartes\\\/numero-8-junho-julho2014\\\/em-prol-da-terceira-idade\\\/#primaryimage\"},\"thumbnailUrl\":\"http:\\\/\\\/homolog.saopaulo.sp.leg.br\\\/apartes-anteriores\\\/wp-content\\\/uploads\\\/sites\\\/9\\\/2015\\\/09\\\/FOTO4.jpg\",\"datePublished\":\"2014-07-01T18:05:30+00:00\",\"dateModified\":\"2016-11-30T20:58:38+00:00\",\"breadcrumb\":{\"@id\":\"https:\\\/\\\/www.saopaulo.sp.leg.br\\\/apartes-anteriores\\\/revista-apartes\\\/numero-8-junho-julho2014\\\/em-prol-da-terceira-idade\\\/#breadcrumb\"},\"inLanguage\":\"pt-BR\",\"potentialAction\":[{\"@type\":\"ReadAction\",\"target\":[\"https:\\\/\\\/www.saopaulo.sp.leg.br\\\/apartes-anteriores\\\/revista-apartes\\\/numero-8-junho-julho2014\\\/em-prol-da-terceira-idade\\\/\"]}]},{\"@type\":\"ImageObject\",\"inLanguage\":\"pt-BR\",\"@id\":\"https:\\\/\\\/www.saopaulo.sp.leg.br\\\/apartes-anteriores\\\/revista-apartes\\\/numero-8-junho-julho2014\\\/em-prol-da-terceira-idade\\\/#primaryimage\",\"url\":\"https:\\\/\\\/homolog.saopaulo.sp.leg.br\\\/apartes-anteriores\\\/wp-content\\\/uploads\\\/sites\\\/9\\\/2015\\\/09\\\/FOTO4.jpg\",\"contentUrl\":\"https:\\\/\\\/homolog.saopaulo.sp.leg.br\\\/apartes-anteriores\\\/wp-content\\\/uploads\\\/sites\\\/9\\\/2015\\\/09\\\/FOTO4.jpg\",\"width\":794,\"height\":437},{\"@type\":\"BreadcrumbList\",\"@id\":\"https:\\\/\\\/www.saopaulo.sp.leg.br\\\/apartes-anteriores\\\/revista-apartes\\\/numero-8-junho-julho2014\\\/em-prol-da-terceira-idade\\\/#breadcrumb\",\"itemListElement\":[{\"@type\":\"ListItem\",\"position\":1,\"name\":\"Home\",\"item\":\"https:\\\/\\\/www.saopaulo.sp.leg.br\\\/apartes-anteriores\\\/\"},{\"@type\":\"ListItem\",\"position\":2,\"name\":\"Revista Apartes\",\"item\":\"https:\\\/\\\/www.saopaulo.sp.leg.br\\\/apartes-anteriores\\\/\"},{\"@type\":\"ListItem\",\"position\":3,\"name\":\"N\u00famero 08 &#8211; jun-jul\\\/2014\",\"item\":\"https:\\\/\\\/www.saopaulo.sp.leg.br\\\/apartes-anteriores\\\/revista-apartes\\\/numero-8-junho-julho2014\\\/\"},{\"@type\":\"ListItem\",\"position\":4,\"name\":\"Em prol da terceira idade\"}]},{\"@type\":\"WebSite\",\"@id\":\"https:\\\/\\\/homolog.saopaulo.sp.leg.br\\\/apartes-anteriores\\\/#website\",\"url\":\"https:\\\/\\\/homolog.saopaulo.sp.leg.br\\\/apartes-anteriores\\\/\",\"name\":\"Revista Apartes (edi\u00e7\u00f5es anteriores)\",\"description\":\"Revista Apartes (edi\u00e7\u00f5es anteriores)\",\"potentialAction\":[{\"@type\":\"SearchAction\",\"target\":{\"@type\":\"EntryPoint\",\"urlTemplate\":\"https:\\\/\\\/homolog.saopaulo.sp.leg.br\\\/apartes-anteriores\\\/?s={search_term_string}\"},\"query-input\":{\"@type\":\"PropertyValueSpecification\",\"valueRequired\":true,\"valueName\":\"search_term_string\"}}],\"inLanguage\":\"pt-BR\"}]}<\/script>\r\n<!-- \/ Yoast SEO plugin. -->","yoast_head_json":{"title":"Em prol da terceira idade","robots":{"index":"noindex","follow":"follow","max-snippet":"max-snippet:-1","max-image-preview":"max-image-preview:large","max-video-preview":"max-video-preview:-1"},"og_locale":"pt_BR","og_type":"article","og_title":"Em prol da terceira idade","og_description":"2\u00ba F\u00f3rum Nacional e Permanente de Defesa dos Direitos dos Idosos discute pol\u00edticas p\u00fablicas","og_url":"https:\/\/www.saopaulo.sp.leg.br\/apartes-anteriores\/revista-apartes\/numero-8-junho-julho2014\/em-prol-da-terceira-idade\/","og_site_name":"Revista Apartes (edi\u00e7\u00f5es anteriores)","article_publisher":"https:\/\/www.facebook.com\/RevistaApartes\/","article_modified_time":"2016-11-30T20:58:38+00:00","og_image":[{"url":"http:\/\/www.saopaulo.sp.leg.br\/apartes-anteriores\/wp-content\/uploads\/sites\/9\/2015\/09\/FOTO4.jpg","type":"","width":"","height":""}],"twitter_card":"summary_large_image","twitter_title":"Em prol da terceira idade","twitter_description":"2\u00ba F\u00f3rum Nacional e Permanente de Defesa dos Direitos dos Idosos discute pol\u00edticas p\u00fablicas","twitter_site":"@revistaapartes","twitter_misc":{"Est. tempo de leitura":"4 minutos"},"schema":{"@context":"https:\/\/schema.org","@graph":[{"@type":"WebPage","@id":"https:\/\/www.saopaulo.sp.leg.br\/apartes-anteriores\/revista-apartes\/numero-8-junho-julho2014\/em-prol-da-terceira-idade\/","url":"https:\/\/www.saopaulo.sp.leg.br\/apartes-anteriores\/revista-apartes\/numero-8-junho-julho2014\/em-prol-da-terceira-idade\/","name":"Em prol da terceira idade","isPartOf":{"@id":"https:\/\/homolog.saopaulo.sp.leg.br\/apartes-anteriores\/#website"},"primaryImageOfPage":{"@id":"https:\/\/www.saopaulo.sp.leg.br\/apartes-anteriores\/revista-apartes\/numero-8-junho-julho2014\/em-prol-da-terceira-idade\/#primaryimage"},"image":{"@id":"https:\/\/www.saopaulo.sp.leg.br\/apartes-anteriores\/revista-apartes\/numero-8-junho-julho2014\/em-prol-da-terceira-idade\/#primaryimage"},"thumbnailUrl":"http:\/\/homolog.saopaulo.sp.leg.br\/apartes-anteriores\/wp-content\/uploads\/sites\/9\/2015\/09\/FOTO4.jpg","datePublished":"2014-07-01T18:05:30+00:00","dateModified":"2016-11-30T20:58:38+00:00","breadcrumb":{"@id":"https:\/\/www.saopaulo.sp.leg.br\/apartes-anteriores\/revista-apartes\/numero-8-junho-julho2014\/em-prol-da-terceira-idade\/#breadcrumb"},"inLanguage":"pt-BR","potentialAction":[{"@type":"ReadAction","target":["https:\/\/www.saopaulo.sp.leg.br\/apartes-anteriores\/revista-apartes\/numero-8-junho-julho2014\/em-prol-da-terceira-idade\/"]}]},{"@type":"ImageObject","inLanguage":"pt-BR","@id":"https:\/\/www.saopaulo.sp.leg.br\/apartes-anteriores\/revista-apartes\/numero-8-junho-julho2014\/em-prol-da-terceira-idade\/#primaryimage","url":"https:\/\/homolog.saopaulo.sp.leg.br\/apartes-anteriores\/wp-content\/uploads\/sites\/9\/2015\/09\/FOTO4.jpg","contentUrl":"https:\/\/homolog.saopaulo.sp.leg.br\/apartes-anteriores\/wp-content\/uploads\/sites\/9\/2015\/09\/FOTO4.jpg","width":794,"height":437},{"@type":"BreadcrumbList","@id":"https:\/\/www.saopaulo.sp.leg.br\/apartes-anteriores\/revista-apartes\/numero-8-junho-julho2014\/em-prol-da-terceira-idade\/#breadcrumb","itemListElement":[{"@type":"ListItem","position":1,"name":"Home","item":"https:\/\/www.saopaulo.sp.leg.br\/apartes-anteriores\/"},{"@type":"ListItem","position":2,"name":"Revista Apartes","item":"https:\/\/www.saopaulo.sp.leg.br\/apartes-anteriores\/"},{"@type":"ListItem","position":3,"name":"N\u00famero 08 &#8211; jun-jul\/2014","item":"https:\/\/www.saopaulo.sp.leg.br\/apartes-anteriores\/revista-apartes\/numero-8-junho-julho2014\/"},{"@type":"ListItem","position":4,"name":"Em prol da terceira idade"}]},{"@type":"WebSite","@id":"https:\/\/homolog.saopaulo.sp.leg.br\/apartes-anteriores\/#website","url":"https:\/\/homolog.saopaulo.sp.leg.br\/apartes-anteriores\/","name":"Revista Apartes (edi\u00e7\u00f5es anteriores)","description":"Revista Apartes (edi\u00e7\u00f5es anteriores)","potentialAction":[{"@type":"SearchAction","target":{"@type":"EntryPoint","urlTemplate":"https:\/\/homolog.saopaulo.sp.leg.br\/apartes-anteriores\/?s={search_term_string}"},"query-input":{"@type":"PropertyValueSpecification","valueRequired":true,"valueName":"search_term_string"}}],"inLanguage":"pt-BR"}]}},"_links":{"self":[{"href":"https:\/\/homolog.saopaulo.sp.leg.br\/apartes-anteriores\/wp-json\/wp\/v2\/pages\/34235","targetHints":{"allow":["GET"]}}],"collection":[{"href":"https:\/\/homolog.saopaulo.sp.leg.br\/apartes-anteriores\/wp-json\/wp\/v2\/pages"}],"about":[{"href":"https:\/\/homolog.saopaulo.sp.leg.br\/apartes-anteriores\/wp-json\/wp\/v2\/types\/page"}],"author":[{"embeddable":true,"href":"https:\/\/homolog.saopaulo.sp.leg.br\/apartes-anteriores\/wp-json\/wp\/v2\/users\/109"}],"replies":[{"embeddable":true,"href":"https:\/\/homolog.saopaulo.sp.leg.br\/apartes-anteriores\/wp-json\/wp\/v2\/comments?post=34235"}],"version-history":[{"count":5,"href":"https:\/\/homolog.saopaulo.sp.leg.br\/apartes-anteriores\/wp-json\/wp\/v2\/pages\/34235\/revisions"}],"predecessor-version":[{"id":38521,"href":"https:\/\/homolog.saopaulo.sp.leg.br\/apartes-anteriores\/wp-json\/wp\/v2\/pages\/34235\/revisions\/38521"}],"up":[{"embeddable":true,"href":"https:\/\/homolog.saopaulo.sp.leg.br\/apartes-anteriores\/wp-json\/wp\/v2\/pages\/24321"}],"wp:attachment":[{"href":"https:\/\/homolog.saopaulo.sp.leg.br\/apartes-anteriores\/wp-json\/wp\/v2\/media?parent=34235"}],"curies":[{"name":"wp","href":"https:\/\/api.w.org\/{rel}","templated":true}]}}