{"id":34240,"date":"2014-07-01T21:21:09","date_gmt":"2014-07-01T21:21:09","guid":{"rendered":"http:\/\/homolog.saopaulo.sp.leg.br\/apartes-anteriores\/?page_id=34240"},"modified":"2016-11-30T18:59:39","modified_gmt":"2016-11-30T20:59:39","slug":"hackers-em-maratona","status":"publish","type":"page","link":"https:\/\/homolog.saopaulo.sp.leg.br\/apartes-anteriores\/revista-apartes\/numero-8-junho-julho2014\/hackers-em-maratona\/","title":{"rendered":"N\u00ba08 \u2013 Tecnologia"},"content":{"rendered":"<h1><strong><span style=\"color: #800000\">Hackers em maratona<\/span><\/strong><\/h1>\n<h2>Programadores criam tr\u00eas aplicativos para tornar mais acess\u00edveis os dados da C\u00e2mara<\/h2>\n<p><strong>Gisele Machado<\/strong> | <a href=\"mailto:gisele@saopaulo.sp.leg.br\">gisele@saopaulo.sp.leg.br<\/a><br \/>\n<strong>Colaborou Bruna Cavalini<\/strong><\/p>\n<p><!-- imagem TOTAL - com legenda - CENTRALIZADA --><\/p>\n<div style=\"width: 100%;margin-right: 1.5em;margin-bottom: 1.5em\">\n<div style=\"padding: 5px;background-color: #eee !important\">\n<p><a href=\"http:\/\/homolog.saopaulo.sp.leg.br\/apartes-anteriores\/wp-content\/uploads\/sites\/9\/2015\/09\/FOTO6.jpg\"><img loading=\"lazy\" decoding=\"async\" class=\"alignnone wp-image-34284\" src=\"http:\/\/homolog.saopaulo.sp.leg.br\/apartes-anteriores\/wp-content\/uploads\/sites\/9\/2015\/09\/FOTO6.jpg\" alt=\"FOTO6\" width=\"640\" height=\"445\" srcset=\"https:\/\/homolog.saopaulo.sp.leg.br\/apartes-anteriores\/wp-content\/uploads\/sites\/9\/2015\/09\/FOTO6.jpg 796w, https:\/\/homolog.saopaulo.sp.leg.br\/apartes-anteriores\/wp-content\/uploads\/sites\/9\/2015\/09\/FOTO6-300x208.jpg 300w\" sizes=\"auto, (max-width: 640px) 100vw, 640px\" \/><\/a><\/p>\n<p style=\"font-size: 0.8em;line-height: 1.1em;text-align: center;margin: -1.5em 0px 7px 0px;color: #333;!important;background-color: transparent !important\" align=\"center\">TRABALHO &#8211; Programador desenvolve aplicativo no Plen\u00e1rio da C\u00e2mara<\/p>\n<\/div>\n<p style=\"font-size: 0.5em;line-height: 1.1em;text-align: right;margin: 4px 0px 7px 0px;background-color: transparent !important\">Ricardo Rocha\/CMSP<\/p>\n<\/div>\n<p><!-- imagem TOTAL - com legenda - CENTRALIZADA --><\/p>\n<p>Durante 48 horas, de 6 a 8 de junho, a C\u00e2mara Municipal de S\u00e3o Paulo (CMSP) abriu as portas para sua segunda maratona hacker, chamada de Hackdays. Ao final, recebeu tr\u00eas aplicativos de uso livre que facilitar\u00e3o o acesso da sociedade aos dados do Legislativo paulistano. \u201cOs trabalhos dar\u00e3o uma interface mais din\u00e2mica, trazendo ainda mais transpar\u00eancia ao que \u00e9 feito em benef\u00edcio do cidad\u00e3o\u201d, explicou Fernando Ventura Ribeiro, coordenador do Centro de Tecnologia da Informa\u00e7\u00e3o (CTI) da CMSP.<\/p>\n<p>Um dos aplicativos, desenvolvido pelo programador Edvaldo Felisberto dos Santos, voltado para dispositivos m\u00f3veis, coletar\u00e1 as demandas dos cidad\u00e3os e enviar\u00e1 aos vereadores. Outro projeto, cedido por Peter Krauss, converter\u00e1 os arquivos produzidos na CMSP para o formato LexML, para facilitar sua inclus\u00e3o no portal www.lexml.gov.br, gerenciado pelo Senado para unificar a busca por normas dos tr\u00eas poderes nas esferas federal, estadual e municipal.<\/p>\n<p><!-- imagem TOTAL - com legenda - CENTRALIZADA --><\/p>\n<div style=\"width: 100%;margin-right: 1.5em;margin-bottom: 1.5em\">\n<div style=\"padding: 5px;background-color: #eee !important\">\n<p><a href=\"http:\/\/homolog.saopaulo.sp.leg.br\/apartes-anteriores\/wp-content\/uploads\/sites\/9\/2015\/09\/FOTO7.jpg\"><img loading=\"lazy\" decoding=\"async\" class=\"alignnone wp-image-34286\" src=\"http:\/\/homolog.saopaulo.sp.leg.br\/apartes-anteriores\/wp-content\/uploads\/sites\/9\/2015\/09\/FOTO7.jpg\" alt=\"FOTO7\" width=\"640\" height=\"290\" srcset=\"https:\/\/homolog.saopaulo.sp.leg.br\/apartes-anteriores\/wp-content\/uploads\/sites\/9\/2015\/09\/FOTO7.jpg 796w, https:\/\/homolog.saopaulo.sp.leg.br\/apartes-anteriores\/wp-content\/uploads\/sites\/9\/2015\/09\/FOTO7-300x136.jpg 300w\" sizes=\"auto, (max-width: 640px) 100vw, 640px\" \/><\/a><\/p>\n<p style=\"font-size: 0.8em;line-height: 1.1em;text-align: center;margin: -1.5em 0px 7px 0px;color: #333;!important;background-color: transparent !important\" align=\"center\">MESA &#8211; Leonardo Leite, Ricardo Young, Jos\u00e9 Am\u00e9rico, Karen Vieira e Pedro Markun na abertura da Hackdays<\/p>\n<\/div>\n<p style=\"font-size: 0.5em;line-height: 1.1em;text-align: right;margin: 4px 0px 7px 0px;background-color: transparent !important\">Ricardo Rocha\/CMSP<\/p>\n<\/div>\n<p><!-- imagem TOTAL - com legenda - CENTRALIZADA --><\/p>\n<p>A terceira cria\u00e7\u00e3o, de Pedro Markun e outros membros do grupo Transpar\u00eancia Hacker, \u00e9 um aplicativo para navegador que pesquisa, por assunto ou n\u00famero, projetos de lei que viraram leis ou ainda tramitam na C\u00e2mara Municipal. A busca traz a \u00edntegra dos textos e detalha as etapas de sua tramita\u00e7\u00e3o.<\/p>\n<p>O regulamento da maratona prev\u00ea que os programas desenvolvidos pelos inscritos ficam dispon\u00edveis para a CMSP, assim como para todos os usu\u00e1rios do portal homolog.saopaulo.sp.leg.br, por meio de um banner a ser disponibilizado na homepage por pelo menos tr\u00eas meses. A recompensa dos hackers \u00e9 o prazer de participar do processo pol\u00edtico.\u201cHackear \u00e9 interferir, transformar alguma coisa, procurar uma brecha, um gargalo para atuar, por algum objetivo ou pelo puro prazer\u201d, explicou a jornalista L\u00edvia Ascava, membro da comunidade Transpar\u00eancia Hacker, em palestra na Hackdays. Os maratonistas usaram os dados p\u00fablicos do portal da C\u00e2mara que estavam abertos, ou seja, dispon\u00edveis para todos utilizarem e redistribu\u00edrem como desejarem, sem restri\u00e7\u00e3o de licen\u00e7as, patentes ou mecanismos de controle. As informa\u00e7\u00f5es p\u00fablicas da CMSP n\u00e3o abertas puderam ser extra\u00eddas e igualmente utilizadas pelos participantes. A ideia \u00e9 que os hackers ajudem a traduzir as informa\u00e7\u00f5es legislativas para o cidad\u00e3o comum. \u201cO processo legislativo e pol\u00edtico n\u00e3o \u00e9 democr\u00e1tico porque n\u00e3o consegue comunicar como a sociedade demanda\u201d, opinou o vereador Ricardo Young (PPS) na abertura do evento. Em palestra no primeiro dia da Hackdays, L\u00edvia Ascava comentou que \u201cos dados s\u00e3o produzidos para servir s\u00f3 \u00e0 m\u00e1quina (da administra\u00e7\u00e3o p\u00fablica), e n\u00e3o para serem lidos por todo mundo\u201d.<\/p>\n<p><!-- imagem GRANDE - com legenda - LADO DIREITO --><\/p>\n<div style=\"float: right;width: 310px;margin-left: 1.5em;margin-bottom: 1.5em\">\n<div style=\"float: right;padding: 5px;background-color: #eee !important\">\n<p><a href=\"http:\/\/homolog.saopaulo.sp.leg.br\/apartes-anteriores\/wp-content\/uploads\/sites\/9\/2015\/09\/FOTO8.jpg\"><img loading=\"lazy\" decoding=\"async\" class=\"alignnone size-medium wp-image-34288\" src=\"http:\/\/homolog.saopaulo.sp.leg.br\/apartes-anteriores\/wp-content\/uploads\/sites\/9\/2015\/09\/FOTO8-300x179.jpg\" alt=\"FOTO8\" width=\"300\" height=\"179\" srcset=\"https:\/\/homolog.saopaulo.sp.leg.br\/apartes-anteriores\/wp-content\/uploads\/sites\/9\/2015\/09\/FOTO8-300x179.jpg 300w, https:\/\/homolog.saopaulo.sp.leg.br\/apartes-anteriores\/wp-content\/uploads\/sites\/9\/2015\/09\/FOTO8.jpg 544w\" sizes=\"auto, (max-width: 300px) 100vw, 300px\" \/><\/a><\/p>\n<p style=\"font-size: 0.8em;line-height: 1.1em;text-align: center;margin: -1.5em 0px 7px 0px;color: #333;!important;background-color: transparent !important\" align=\"center\">ORIENTA\u00c7\u00c3O &#8211; Karen Vieira (em p\u00e9), secret\u00e1ria-geral parlamentar, tira d\u00favidas dos hackers<\/p>\n<\/div>\n<p style=\"font-size: 0.5em;line-height: 1.1em;text-align: right;margin: 4px 0px 7px 0px;background-color: transparent !important\">Ricardo Rocha\/CMSP<\/p>\n<\/div>\n<p><!-- imagem GRANDE - com legenda - LADO DIREITO --><\/p>\n<p>Para orientar os participantes durante a maratona, a CMSP disponibilizou funcion\u00e1rios envolvidos em todo o processo de elabora\u00e7\u00e3o legislativa, al\u00e9m de barracas montadas no Plen\u00e1rio para quem fosse dormir no Pal\u00e1cio Anchieta. Nos dois primeiros dias, os hackers visitaram a Casa, ouviram palestras e participaram de debates. No terceiro, entregaram seus trabalhos.<\/p>\n<h2><strong>J\u00daRI POPULAR<\/strong><\/h2>\n<p>Os aplicativos ainda podem ser aprimorados, e qualquer cidad\u00e3o pode avali\u00e1-los no site homolog.saopaulo.sp.leg.br\/hackdays. A vota\u00e7\u00e3o pela internet corresponde a 25% da nota dos aplicativos. A classifica\u00e7\u00e3o final estar\u00e1 no portal da C\u00e2mara em julho, ap\u00f3s julgamento de representantes da CMSP, da Open Knowledge Foundation Brasil e da W3C Brasil. Essa comiss\u00e3o usar\u00e1 como crit\u00e9rios a utilidade p\u00fablica dos trabalhos, praticidade de uso, criatividade da solu\u00e7\u00e3o, qualidade da documenta\u00e7\u00e3o, mobilidade e custo de manuten\u00e7\u00e3o.<\/p>\n<p>Esta foi a segunda vez que a CMSP recebeu uma maratona hacker. A primeira ocorreu em 2012. \u201cA C\u00e2mara foi o primeiro Legislativo no mundo, que eu conhe\u00e7a, a ter um evento desse tipo, com uma galera\u201d, diz o membro da Transpar\u00eancia Hacker Pedro Markun. Para ele, os aplicativos n\u00e3o s\u00e3o o principal legado da Hackdays: \u201cA grande vantagem dos eventos nesse naipe, muito mais do que os projetos que saem, \u00e9 permitir a troca entre o servidor, o cidad\u00e3o e o pol\u00edtico, o que na minha leitura cria um tipo de politiza\u00e7\u00e3o muito importante, impactante, que \u00e9 o moleque que toma contato com a pol\u00edtica\u201d.<\/p>\n<p><!-- imagem GRANDE - com legenda - LADO ESQUERDO --><\/p>\n<div style=\"float: left;width: 100%;margin-right: 1.5em;margin-bottom: 1.5em\">\n<div style=\"float: left;padding: 5px;background-color: transparent !important\"><a href=\"http:\/\/homolog.saopaulo.sp.leg.br\/apartes-anteriores\/wp-content\/uploads\/sites\/9\/2015\/09\/INFO1.jpg\"><img loading=\"lazy\" decoding=\"async\" class=\"alignnone size-full wp-image-34291\" src=\"http:\/\/homolog.saopaulo.sp.leg.br\/apartes-anteriores\/wp-content\/uploads\/sites\/9\/2015\/09\/INFO1.jpg\" alt=\"INFO1\" width=\"513\" height=\"518\" srcset=\"https:\/\/homolog.saopaulo.sp.leg.br\/apartes-anteriores\/wp-content\/uploads\/sites\/9\/2015\/09\/INFO1.jpg 513w, https:\/\/homolog.saopaulo.sp.leg.br\/apartes-anteriores\/wp-content\/uploads\/sites\/9\/2015\/09\/INFO1-150x150.jpg 150w, https:\/\/homolog.saopaulo.sp.leg.br\/apartes-anteriores\/wp-content\/uploads\/sites\/9\/2015\/09\/INFO1-297x300.jpg 297w\" sizes=\"auto, (max-width: 513px) 100vw, 513px\" \/><\/a><\/div>\n<\/div>\n<p><!-- imagem GRANDE - com legenda - LADO ESQUERDO --><\/p>\n<p>Markun acredita que a concentra\u00e7\u00e3o dos programadores na C\u00e2mara seja um momento para experimentar, ousar, ter \u201cdel\u00edrios de grandeza\u201d. Para ele, muitos dos aplicativos apresentados precisar\u00e3o ainda de meses de trabalho em equipe para serem aprimorados. O programador citou o caso do Radar Parlamentar, segundo classificado na maratona de 2012, que continua \u201cvivo e operante\u201d ap\u00f3s ganhar funcionalidades ao longo do tempo: \u201c\u00c9 um projeto em eterno desenvolvimento\u201d. Um dos desenvolvedores do Radar, Leonardo Leite foi palestrante no evento deste ano.<\/p>\n<h2><strong><span style=\"color: #000000\">LABORAT\u00d3RIO HACKER<\/span><\/strong><\/h2>\n<p>Umas das cobran\u00e7as dos hackers \u00e9 a abertura permanente do Poder P\u00fablico. Em resposta, Antonio Lucio Rodrigues de Assiz, diretor de Comunica\u00e7\u00e3o Externa da C\u00e2mara e um dos organizadores da Hackdays, diz que a Casa caminha para a implanta\u00e7\u00e3o de um laborat\u00f3rio hacker, no qual os programadores possam desenvolver e aprimorar, continuamente, ferramentas para facilitar o acesso aos dados do Legislativo. \u201cQueremos incentivar um relacionamento continuado, de modo que os aplicativos j\u00e1 apresentados possam ter novas fases de desenvolvimento e que outros possam surgir a qualquer momento\u201d, diz Assiz. O diretor explica que falta decidir como a novidade funcionar\u00e1.<\/p>\n<p><!-- COMENTE SOBRE ESSA MATERIA --><\/p>\n<table border=\"0\" cellspacing=\"0\" cellpadding=\"0\">\n<tbody>\n<tr>\n<td align=\"center\" width=\"50%\">\n<h5>Comente sobre essa mat\u00e9ria:<\/h5>\n<p><a style=\"font-family: 'Helvetica Neue', 'Helvetica', Helvetica, Arial, sans-serif;color: #fff;font-size: 12px;text-decoration: none;font-weight: bold;text-align: center;background-color: #3b5998 !important;margin: 0 0 10px;padding: 3px 7px\" title=\"Facebook da revista Apartes\" href=\"https:\/\/www.facebook.com\/RevistaApartes\" target=\"_blank\">Facebook<\/a> <a style=\"font-family: 'Helvetica Neue', 'Helvetica', Helvetica, Arial, sans-serif;color: #fff;font-size: 12px;text-decoration: none;font-weight: bold;text-align: center;background-color: #1daced !important;margin: 0 0 10px;padding: 3px 7px\" title=\"Twitter da revista Apartes\" href=\"https:\/\/twitter.com\/RevistaApartes\" target=\"_blank\">Twitter<\/a><\/td>\n<td align=\"center\" width=\"50%\">\n<h5>Envie cr\u00edticas ou sugest\u00f5es:<\/h5>\n<p>Email: <strong><a href=\"mailto:apartes@saopaulo.sp.leg.br\">apartes@saopaulo.sp.leg.br<\/a><\/strong><\/td>\n<\/tr>\n<\/tbody>\n<\/table>\n<p><!-- COMENTE SOBRE ESSA MATERIA --><\/p>\n","protected":false},"excerpt":{"rendered":"<p>Hackers em maratona Programadores criam tr\u00eas aplicativos para tornar mais acess\u00edveis os dados da C\u00e2mara Gisele Machado | gisele@saopaulo.sp.leg.br Colaborou Bruna Cavalini TRABALHO &#8211; Programador desenvolve aplicativo no Plen\u00e1rio da C\u00e2mara Ricardo Rocha\/CMSP Durante 48 horas, de 6 a 8 de junho, a C\u00e2mara Municipal de S\u00e3o Paulo (CMSP) abriu as portas para sua segunda [&hellip;]<\/p>\n","protected":false},"author":109,"featured_media":0,"parent":24321,"menu_order":3,"comment_status":"closed","ping_status":"closed","template":"","meta":{"footnotes":""},"class_list":["post-34240","page","type-page","status-publish","hentry"],"meta_all":{"_edit_lock":["1480539447:109"],"_edit_last":["109"],"_wp_page_template":["default"],"_cmsp_page_download-files":["a:1:{i:0;a:1:{s:4:\"type\";s:3:\"pdf\";}}"],"_cmsp_feature-page_title":["Hackers em maratona"],"_yoast_wpseo_title":["Hackers em maratona"],"_yoast_wpseo_bctitle":["Hackers em maratona"],"_yoast_wpseo_opengraph-title":["Hackers em maratona"],"_yoast_wpseo_opengraph-description":["Programadores criam tr\u00eas aplicativos para tornar mais acess\u00edveis os dados da C\u00e2mara"],"_yoast_wpseo_twitter-title":["Hackers em maratona"],"_yoast_wpseo_twitter-description":["Programadores criam tr\u00eas aplicativos para tornar mais acess\u00edveis os dados da C\u00e2mara"],"_yoast_wpseo_content_score":["30"]},"meta_all_2":{"_edit_lock":["1480539447:109"],"_edit_last":["109"],"_wp_page_template":["default"],"_cmsp_page_download-files":["a:1:{i:0;a:1:{s:4:\"type\";s:3:\"pdf\";}}"],"_cmsp_feature-page_title":["Hackers em maratona"],"_yoast_wpseo_title":["Hackers em maratona"],"_yoast_wpseo_bctitle":["Hackers em maratona"],"_yoast_wpseo_opengraph-title":["Hackers em maratona"],"_yoast_wpseo_opengraph-description":["Programadores criam tr\u00eas aplicativos para tornar mais acess\u00edveis os dados da C\u00e2mara"],"_yoast_wpseo_twitter-title":["Hackers em maratona"],"_yoast_wpseo_twitter-description":["Programadores criam tr\u00eas aplicativos para tornar mais acess\u00edveis os dados da C\u00e2mara"],"_yoast_wpseo_content_score":["30"]},"yoast_head":"<!-- This site is optimized with the Yoast SEO plugin v27.4 - https:\/\/yoast.com\/product\/yoast-seo-wordpress\/ -->\r\n<title>Hackers em maratona<\/title>\r\n<meta name=\"robots\" content=\"noindex, follow, max-snippet:-1, max-image-preview:large, max-video-preview:-1\" \/>\r\n<meta property=\"og:locale\" content=\"pt_BR\" \/>\r\n<meta property=\"og:type\" content=\"article\" \/>\r\n<meta property=\"og:title\" content=\"Hackers em maratona\" \/>\r\n<meta property=\"og:description\" content=\"Programadores criam tr\u00eas aplicativos para tornar mais acess\u00edveis os dados da C\u00e2mara\" \/>\r\n<meta property=\"og:url\" content=\"https:\/\/www.saopaulo.sp.leg.br\/apartes-anteriores\/revista-apartes\/numero-8-junho-julho2014\/hackers-em-maratona\/\" \/>\r\n<meta property=\"og:site_name\" content=\"Revista Apartes (edi\u00e7\u00f5es anteriores)\" \/>\r\n<meta property=\"article:publisher\" content=\"https:\/\/www.facebook.com\/RevistaApartes\/\" \/>\r\n<meta property=\"article:modified_time\" content=\"2016-11-30T20:59:39+00:00\" \/>\r\n<meta property=\"og:image\" content=\"http:\/\/www.saopaulo.sp.leg.br\/apartes-anteriores\/wp-content\/uploads\/sites\/9\/2015\/09\/FOTO6.jpg\" \/>\r\n<meta name=\"twitter:card\" content=\"summary_large_image\" \/>\r\n<meta name=\"twitter:title\" content=\"Hackers em maratona\" \/>\r\n<meta name=\"twitter:description\" content=\"Programadores criam tr\u00eas aplicativos para tornar mais acess\u00edveis os dados da C\u00e2mara\" \/>\r\n<meta name=\"twitter:site\" content=\"@revistaapartes\" \/>\r\n<meta name=\"twitter:label1\" content=\"Est. tempo de leitura\" \/>\n\t<meta name=\"twitter:data1\" content=\"5 minutos\" \/>\r\n<script type=\"application\/ld+json\" class=\"yoast-schema-graph\">{\"@context\":\"https:\\\/\\\/schema.org\",\"@graph\":[{\"@type\":\"WebPage\",\"@id\":\"https:\\\/\\\/www.saopaulo.sp.leg.br\\\/apartes-anteriores\\\/revista-apartes\\\/numero-8-junho-julho2014\\\/hackers-em-maratona\\\/\",\"url\":\"https:\\\/\\\/www.saopaulo.sp.leg.br\\\/apartes-anteriores\\\/revista-apartes\\\/numero-8-junho-julho2014\\\/hackers-em-maratona\\\/\",\"name\":\"Hackers em maratona\",\"isPartOf\":{\"@id\":\"https:\\\/\\\/homolog.saopaulo.sp.leg.br\\\/apartes-anteriores\\\/#website\"},\"primaryImageOfPage\":{\"@id\":\"https:\\\/\\\/www.saopaulo.sp.leg.br\\\/apartes-anteriores\\\/revista-apartes\\\/numero-8-junho-julho2014\\\/hackers-em-maratona\\\/#primaryimage\"},\"image\":{\"@id\":\"https:\\\/\\\/www.saopaulo.sp.leg.br\\\/apartes-anteriores\\\/revista-apartes\\\/numero-8-junho-julho2014\\\/hackers-em-maratona\\\/#primaryimage\"},\"thumbnailUrl\":\"http:\\\/\\\/homolog.saopaulo.sp.leg.br\\\/apartes-anteriores\\\/wp-content\\\/uploads\\\/sites\\\/9\\\/2015\\\/09\\\/FOTO6.jpg\",\"datePublished\":\"2014-07-01T21:21:09+00:00\",\"dateModified\":\"2016-11-30T20:59:39+00:00\",\"breadcrumb\":{\"@id\":\"https:\\\/\\\/www.saopaulo.sp.leg.br\\\/apartes-anteriores\\\/revista-apartes\\\/numero-8-junho-julho2014\\\/hackers-em-maratona\\\/#breadcrumb\"},\"inLanguage\":\"pt-BR\",\"potentialAction\":[{\"@type\":\"ReadAction\",\"target\":[\"https:\\\/\\\/www.saopaulo.sp.leg.br\\\/apartes-anteriores\\\/revista-apartes\\\/numero-8-junho-julho2014\\\/hackers-em-maratona\\\/\"]}]},{\"@type\":\"ImageObject\",\"inLanguage\":\"pt-BR\",\"@id\":\"https:\\\/\\\/www.saopaulo.sp.leg.br\\\/apartes-anteriores\\\/revista-apartes\\\/numero-8-junho-julho2014\\\/hackers-em-maratona\\\/#primaryimage\",\"url\":\"https:\\\/\\\/homolog.saopaulo.sp.leg.br\\\/apartes-anteriores\\\/wp-content\\\/uploads\\\/sites\\\/9\\\/2015\\\/09\\\/FOTO6.jpg\",\"contentUrl\":\"https:\\\/\\\/homolog.saopaulo.sp.leg.br\\\/apartes-anteriores\\\/wp-content\\\/uploads\\\/sites\\\/9\\\/2015\\\/09\\\/FOTO6.jpg\",\"width\":796,\"height\":553},{\"@type\":\"BreadcrumbList\",\"@id\":\"https:\\\/\\\/www.saopaulo.sp.leg.br\\\/apartes-anteriores\\\/revista-apartes\\\/numero-8-junho-julho2014\\\/hackers-em-maratona\\\/#breadcrumb\",\"itemListElement\":[{\"@type\":\"ListItem\",\"position\":1,\"name\":\"Home\",\"item\":\"https:\\\/\\\/www.saopaulo.sp.leg.br\\\/apartes-anteriores\\\/\"},{\"@type\":\"ListItem\",\"position\":2,\"name\":\"Revista Apartes\",\"item\":\"https:\\\/\\\/www.saopaulo.sp.leg.br\\\/apartes-anteriores\\\/\"},{\"@type\":\"ListItem\",\"position\":3,\"name\":\"N\u00famero 08 &#8211; jun-jul\\\/2014\",\"item\":\"https:\\\/\\\/www.saopaulo.sp.leg.br\\\/apartes-anteriores\\\/revista-apartes\\\/numero-8-junho-julho2014\\\/\"},{\"@type\":\"ListItem\",\"position\":4,\"name\":\"Hackers em maratona\"}]},{\"@type\":\"WebSite\",\"@id\":\"https:\\\/\\\/homolog.saopaulo.sp.leg.br\\\/apartes-anteriores\\\/#website\",\"url\":\"https:\\\/\\\/homolog.saopaulo.sp.leg.br\\\/apartes-anteriores\\\/\",\"name\":\"Revista Apartes (edi\u00e7\u00f5es anteriores)\",\"description\":\"Revista Apartes (edi\u00e7\u00f5es anteriores)\",\"potentialAction\":[{\"@type\":\"SearchAction\",\"target\":{\"@type\":\"EntryPoint\",\"urlTemplate\":\"https:\\\/\\\/homolog.saopaulo.sp.leg.br\\\/apartes-anteriores\\\/?s={search_term_string}\"},\"query-input\":{\"@type\":\"PropertyValueSpecification\",\"valueRequired\":true,\"valueName\":\"search_term_string\"}}],\"inLanguage\":\"pt-BR\"}]}<\/script>\r\n<!-- \/ Yoast SEO plugin. -->","yoast_head_json":{"title":"Hackers em maratona","robots":{"index":"noindex","follow":"follow","max-snippet":"max-snippet:-1","max-image-preview":"max-image-preview:large","max-video-preview":"max-video-preview:-1"},"og_locale":"pt_BR","og_type":"article","og_title":"Hackers em maratona","og_description":"Programadores criam tr\u00eas aplicativos para tornar mais acess\u00edveis os dados da C\u00e2mara","og_url":"https:\/\/www.saopaulo.sp.leg.br\/apartes-anteriores\/revista-apartes\/numero-8-junho-julho2014\/hackers-em-maratona\/","og_site_name":"Revista Apartes (edi\u00e7\u00f5es anteriores)","article_publisher":"https:\/\/www.facebook.com\/RevistaApartes\/","article_modified_time":"2016-11-30T20:59:39+00:00","og_image":[{"url":"http:\/\/www.saopaulo.sp.leg.br\/apartes-anteriores\/wp-content\/uploads\/sites\/9\/2015\/09\/FOTO6.jpg","type":"","width":"","height":""}],"twitter_card":"summary_large_image","twitter_title":"Hackers em maratona","twitter_description":"Programadores criam tr\u00eas aplicativos para tornar mais acess\u00edveis os dados da C\u00e2mara","twitter_site":"@revistaapartes","twitter_misc":{"Est. tempo de leitura":"5 minutos"},"schema":{"@context":"https:\/\/schema.org","@graph":[{"@type":"WebPage","@id":"https:\/\/www.saopaulo.sp.leg.br\/apartes-anteriores\/revista-apartes\/numero-8-junho-julho2014\/hackers-em-maratona\/","url":"https:\/\/www.saopaulo.sp.leg.br\/apartes-anteriores\/revista-apartes\/numero-8-junho-julho2014\/hackers-em-maratona\/","name":"Hackers em maratona","isPartOf":{"@id":"https:\/\/homolog.saopaulo.sp.leg.br\/apartes-anteriores\/#website"},"primaryImageOfPage":{"@id":"https:\/\/www.saopaulo.sp.leg.br\/apartes-anteriores\/revista-apartes\/numero-8-junho-julho2014\/hackers-em-maratona\/#primaryimage"},"image":{"@id":"https:\/\/www.saopaulo.sp.leg.br\/apartes-anteriores\/revista-apartes\/numero-8-junho-julho2014\/hackers-em-maratona\/#primaryimage"},"thumbnailUrl":"http:\/\/homolog.saopaulo.sp.leg.br\/apartes-anteriores\/wp-content\/uploads\/sites\/9\/2015\/09\/FOTO6.jpg","datePublished":"2014-07-01T21:21:09+00:00","dateModified":"2016-11-30T20:59:39+00:00","breadcrumb":{"@id":"https:\/\/www.saopaulo.sp.leg.br\/apartes-anteriores\/revista-apartes\/numero-8-junho-julho2014\/hackers-em-maratona\/#breadcrumb"},"inLanguage":"pt-BR","potentialAction":[{"@type":"ReadAction","target":["https:\/\/www.saopaulo.sp.leg.br\/apartes-anteriores\/revista-apartes\/numero-8-junho-julho2014\/hackers-em-maratona\/"]}]},{"@type":"ImageObject","inLanguage":"pt-BR","@id":"https:\/\/www.saopaulo.sp.leg.br\/apartes-anteriores\/revista-apartes\/numero-8-junho-julho2014\/hackers-em-maratona\/#primaryimage","url":"https:\/\/homolog.saopaulo.sp.leg.br\/apartes-anteriores\/wp-content\/uploads\/sites\/9\/2015\/09\/FOTO6.jpg","contentUrl":"https:\/\/homolog.saopaulo.sp.leg.br\/apartes-anteriores\/wp-content\/uploads\/sites\/9\/2015\/09\/FOTO6.jpg","width":796,"height":553},{"@type":"BreadcrumbList","@id":"https:\/\/www.saopaulo.sp.leg.br\/apartes-anteriores\/revista-apartes\/numero-8-junho-julho2014\/hackers-em-maratona\/#breadcrumb","itemListElement":[{"@type":"ListItem","position":1,"name":"Home","item":"https:\/\/www.saopaulo.sp.leg.br\/apartes-anteriores\/"},{"@type":"ListItem","position":2,"name":"Revista Apartes","item":"https:\/\/www.saopaulo.sp.leg.br\/apartes-anteriores\/"},{"@type":"ListItem","position":3,"name":"N\u00famero 08 &#8211; jun-jul\/2014","item":"https:\/\/www.saopaulo.sp.leg.br\/apartes-anteriores\/revista-apartes\/numero-8-junho-julho2014\/"},{"@type":"ListItem","position":4,"name":"Hackers em maratona"}]},{"@type":"WebSite","@id":"https:\/\/homolog.saopaulo.sp.leg.br\/apartes-anteriores\/#website","url":"https:\/\/homolog.saopaulo.sp.leg.br\/apartes-anteriores\/","name":"Revista Apartes (edi\u00e7\u00f5es anteriores)","description":"Revista Apartes (edi\u00e7\u00f5es anteriores)","potentialAction":[{"@type":"SearchAction","target":{"@type":"EntryPoint","urlTemplate":"https:\/\/homolog.saopaulo.sp.leg.br\/apartes-anteriores\/?s={search_term_string}"},"query-input":{"@type":"PropertyValueSpecification","valueRequired":true,"valueName":"search_term_string"}}],"inLanguage":"pt-BR"}]}},"_links":{"self":[{"href":"https:\/\/homolog.saopaulo.sp.leg.br\/apartes-anteriores\/wp-json\/wp\/v2\/pages\/34240","targetHints":{"allow":["GET"]}}],"collection":[{"href":"https:\/\/homolog.saopaulo.sp.leg.br\/apartes-anteriores\/wp-json\/wp\/v2\/pages"}],"about":[{"href":"https:\/\/homolog.saopaulo.sp.leg.br\/apartes-anteriores\/wp-json\/wp\/v2\/types\/page"}],"author":[{"embeddable":true,"href":"https:\/\/homolog.saopaulo.sp.leg.br\/apartes-anteriores\/wp-json\/wp\/v2\/users\/109"}],"replies":[{"embeddable":true,"href":"https:\/\/homolog.saopaulo.sp.leg.br\/apartes-anteriores\/wp-json\/wp\/v2\/comments?post=34240"}],"version-history":[{"count":5,"href":"https:\/\/homolog.saopaulo.sp.leg.br\/apartes-anteriores\/wp-json\/wp\/v2\/pages\/34240\/revisions"}],"predecessor-version":[{"id":34294,"href":"https:\/\/homolog.saopaulo.sp.leg.br\/apartes-anteriores\/wp-json\/wp\/v2\/pages\/34240\/revisions\/34294"}],"up":[{"embeddable":true,"href":"https:\/\/homolog.saopaulo.sp.leg.br\/apartes-anteriores\/wp-json\/wp\/v2\/pages\/24321"}],"wp:attachment":[{"href":"https:\/\/homolog.saopaulo.sp.leg.br\/apartes-anteriores\/wp-json\/wp\/v2\/media?parent=34240"}],"curies":[{"name":"wp","href":"https:\/\/api.w.org\/{rel}","templated":true}]}}