{"id":34259,"date":"2015-09-08T17:04:31","date_gmt":"2015-09-08T17:04:31","guid":{"rendered":"http:\/\/homolog.saopaulo.sp.leg.br\/apartes-anteriores\/?page_id=34259"},"modified":"2016-11-30T19:03:35","modified_gmt":"2016-11-30T21:03:35","slug":"homenagem-a-seguranca-publica","status":"publish","type":"page","link":"https:\/\/homolog.saopaulo.sp.leg.br\/apartes-anteriores\/revista-apartes\/numero-8-junho-julho2014\/homenagem-a-seguranca-publica\/","title":{"rendered":"N\u00ba08 \u2013 Premia\u00e7\u00e3o"},"content":{"rendered":"<h1><strong><span style=\"color: #800000\">Homenagem \u00e0 seguran\u00e7a p\u00fablica<\/span><\/strong><\/h1>\n<h2>Seis policiais civis, militares e GCMs receberam a Medalha Tiradentes neste ano<\/h2>\n<p><strong>Gisele Machado<\/strong> | <a href=\"mailto:gisele@saopaulo.sp.leg.br\">gisele@saopaulo.sp.leg.br<\/a><\/p>\n<p><!-- imagem TOTAL - com legenda - CENTRALIZADA --><\/p>\n<div style=\"width: 100%;margin-right: 1.5em;margin-bottom: 1.5em\">\n<div style=\"padding: 5px;background-color: #eee !important\">\n<p><a href=\"http:\/\/homolog.saopaulo.sp.leg.br\/apartes-anteriores\/wp-content\/uploads\/sites\/9\/2015\/09\/FOTO34.jpg\"><img loading=\"lazy\" decoding=\"async\" class=\"alignnone size-full wp-image-34421\" src=\"http:\/\/homolog.saopaulo.sp.leg.br\/apartes-anteriores\/wp-content\/uploads\/sites\/9\/2015\/09\/FOTO34.jpg\" alt=\"FOTO34\" width=\"796\" height=\"500\" srcset=\"https:\/\/homolog.saopaulo.sp.leg.br\/apartes-anteriores\/wp-content\/uploads\/sites\/9\/2015\/09\/FOTO34.jpg 796w, https:\/\/homolog.saopaulo.sp.leg.br\/apartes-anteriores\/wp-content\/uploads\/sites\/9\/2015\/09\/FOTO34-300x188.jpg 300w\" sizes=\"auto, (max-width: 796px) 100vw, 796px\" \/><\/a><\/p>\n<p style=\"font-size: 0.8em;line-height: 1.1em;text-align: center;margin: -1.5em 0px 7px 0px;color: #333;!important;background-color: transparent !important\" align=\"center\">BEM-ESTAR &#8211; A soldado Geanny Severino, uma das homenageadas, cuida da seguran\u00e7a do Pal\u00e1cio Anchieta<\/p>\n<\/div>\n<p style=\"font-size: 0.5em;line-height: 1.1em;text-align: right;margin: 4px 0px 7px 0px;background-color: transparent !important\">Fotos: Marcelo Ximenez\/CMSP<\/p>\n<\/div>\n<p><!-- imagem TOTAL - com legenda - CENTRALIZADA --><\/p>\n<p><!-- imagem TOTAL - com legenda - CENTRALIZADA --><\/p>\n<div style=\"width: 100%;margin-right: 1.5em;margin-bottom: 1.5em\">\n<div style=\"padding: 5px;background-color: transparent !important\"><a href=\"http:\/\/homolog.saopaulo.sp.leg.br\/apartes-anteriores\/wp-content\/uploads\/sites\/9\/2015\/09\/INFO11.jpg\"><img loading=\"lazy\" decoding=\"async\" class=\"alignnone wp-image-34422\" src=\"http:\/\/homolog.saopaulo.sp.leg.br\/apartes-anteriores\/wp-content\/uploads\/sites\/9\/2015\/09\/INFO11.jpg\" alt=\"INFO11\" width=\"640\" height=\"246\" srcset=\"https:\/\/homolog.saopaulo.sp.leg.br\/apartes-anteriores\/wp-content\/uploads\/sites\/9\/2015\/09\/INFO11.jpg 779w, https:\/\/homolog.saopaulo.sp.leg.br\/apartes-anteriores\/wp-content\/uploads\/sites\/9\/2015\/09\/INFO11-300x116.jpg 300w\" sizes=\"auto, (max-width: 640px) 100vw, 640px\" \/><\/a><\/div>\n<\/div>\n<p><!-- imagem TOTAL - com legenda - CENTRALIZADA --><\/p>\n<p>No fim da noite de 20 de dezembro de 2013, o guarda civil metropolitano (GCM) Dorival Gon\u00e7alves Filho voltava para casa em trajes civis, de \u00f4nibus, com pelo menos outros 40 passageiros, quando um grupo armado anunciou um assalto. Um dos ladr\u00f5es foi em dire\u00e7\u00e3o ao policial, que deu voz de pris\u00e3o. Por terem reagido, Gon\u00e7alves Filho disparou, acertou os assaltantes e recuperou dinheiro e objetos roubados. Nenhum dos passageiros ficou ferido.<\/p>\n<p>O GCM \u00e9 um dos seis homenageados de 2014 com a Medalha Tiradentes e o Diploma de Reconhecimento, concedidos anualmente pela C\u00e2mara Municipal de S\u00e3o Paulo (CMSP) aos profissionais da seguran\u00e7a p\u00fablica que se destacaram em a\u00e7\u00f5es ben\u00e9ficas \u00e0 popula\u00e7\u00e3o paulistana. Joaquim Jos\u00e9 da Silva Xavier, l\u00edder da Inconfid\u00eancia Mineira, d\u00e1 nome \u00e0 Medalha por ser o patrono da pol\u00edcia brasileira. \u201cO pr\u00eamio \u00e9 um ato de grande relev\u00e2ncia dentro da minha profiss\u00e3o e o reconhecimento de um empenho em prol da sociedade paulistana\u201d, disse Gon\u00e7alves Filho, que leva sua primeira medalha ap\u00f3s 22 anos na GCM.<\/p>\n<p>O delegado da Pol\u00edcia Civil F\u00e1bio Nelson Fernandes, que h\u00e1 13 anos trabalha na Divis\u00e3o Antissequestro, foi indicado para receber a honraria particularmente pelo resgate de uma mulher que estava havia quatro dias em cativeiro. O sequestrador foi identificado gra\u00e7as a intercepta\u00e7\u00f5es telef\u00f4nicas e, ao ser preso, indicou o local do esconderijo. \u201cQuando nosso trabalho d\u00e1 100% certo, e isso acontece bastante, ele \u00e9 coroado com o encontro entre a pessoa que estava com o criminoso e sua fam\u00edlia, o que \u00e9 muito emocionante, muito gratificante\u201d, conta Fernandes.<\/p>\n<p>Tamb\u00e9m da Pol\u00edcia Civil, o delegado Osvaldo Nico Gon\u00e7alves ganhou a homenagem por desmantelar quadrilhas e prender pessoas que se organizavam, inclusive pela internet, para assediar mulheres no metr\u00f4 e trem. \u201cDe janeiro para c\u00e1, conseguimos baixar muito essas ocorr\u00eancias, em um trabalho grande da Pol\u00edcia Civil com o pessoal do metr\u00f4 e com o apoio das mulheres, que come\u00e7aram a denunciar\u201d, afirmou o delegado.<\/p>\n<p>Outro homenageado da noite, o coronel Reynaldo Sim\u00f5es Rossi, foi indicado pelo comando-geral da Pol\u00edcia Militar (PM) do Estado de S\u00e3o Paulo \u201cpelo brilhantismo e compet\u00eancia\u201d ao liderar policiais em servi\u00e7o durante as manifesta\u00e7\u00f5es populares de 2013 no centro de S\u00e3o Paulo. \u201cA Pol\u00edcia Militar deu um exemplo de condu\u00e7\u00e3o. Equilibrar todas as expectativas (dos atores das manifesta\u00e7\u00f5es) n\u00e3o \u00e9 tarefa f\u00e1cil\u201d, disse Rossi na premia\u00e7\u00e3o.<\/p>\n<p>A soldado Geanny Silva Severino, tamb\u00e9m da PM, recebeu a honraria por zelar, com outros colegas, pela seguran\u00e7a dos 2 mil servidores e 3 mil visitantes que transitam pela CMSP diariamente. Outro homenageado que atua na C\u00e2mara \u00e9 o inspetor da GCM Sidney Pureza do Nascimento, indicado por sua dedica\u00e7\u00e3o em 29 anos de Guarda Civil.<\/p>\n<p>A Medalha Tiradentes e o Diploma de Reconhecimento foram institu\u00eddos em 2001 pela CMSP. A sess\u00e3o solene de entrega em 2014 foi presidida pelo vereador Reis (PT), que foi policial militar e civil. \u201c\u00c9 muito significativo mostrarmos para as institui\u00e7\u00f5es a relev\u00e2ncia do trabalho realizado com amor e afinco em defesa dos interesses da sociedade e dos cidad\u00e3os\u201d, afirmou o parlamentar.<\/p>\n<p><!-- COMENTE SOBRE ESSA MATERIA --><\/p>\n<table border=\"0\" cellspacing=\"0\" cellpadding=\"0\">\n<tbody>\n<tr>\n<td align=\"center\" width=\"50%\">\n<h5>Comente sobre essa mat\u00e9ria:<\/h5>\n<p><a style=\"font-family: 'Helvetica Neue', 'Helvetica', Helvetica, Arial, sans-serif;color: #fff;font-size: 12px;text-decoration: none;font-weight: bold;text-align: center;background-color: #3b5998 !important;margin: 0 0 10px;padding: 3px 7px\" title=\"Facebook da revista Apartes\" href=\"https:\/\/www.facebook.com\/RevistaApartes\" target=\"_blank\">Facebook<\/a> <a style=\"font-family: 'Helvetica Neue', 'Helvetica', Helvetica, Arial, sans-serif;color: #fff;font-size: 12px;text-decoration: none;font-weight: bold;text-align: center;background-color: #1daced !important;margin: 0 0 10px;padding: 3px 7px\" title=\"Twitter da revista Apartes\" href=\"https:\/\/twitter.com\/RevistaApartes\" target=\"_blank\">Twitter<\/a><\/td>\n<td align=\"center\" width=\"50%\">\n<h5>Envie cr\u00edticas ou sugest\u00f5es:<\/h5>\n<p>Email: <strong><a href=\"mailto:apartes@saopaulo.sp.leg.br\">apartes@saopaulo.sp.leg.br<\/a><\/strong><\/td>\n<\/tr>\n<\/tbody>\n<\/table>\n<p><!-- COMENTE SOBRE ESSA MATERIA --><\/p>\n","protected":false},"excerpt":{"rendered":"<p>Homenagem \u00e0 seguran\u00e7a p\u00fablica Seis policiais civis, militares e GCMs receberam a Medalha Tiradentes neste ano Gisele Machado | gisele@saopaulo.sp.leg.br BEM-ESTAR &#8211; A soldado Geanny Severino, uma das homenageadas, cuida da seguran\u00e7a do Pal\u00e1cio Anchieta Fotos: Marcelo Ximenez\/CMSP No fim da noite de 20 de dezembro de 2013, o guarda civil metropolitano (GCM) Dorival Gon\u00e7alves [&hellip;]<\/p>\n","protected":false},"author":109,"featured_media":0,"parent":24321,"menu_order":8,"comment_status":"closed","ping_status":"closed","template":"","meta":{"footnotes":""},"class_list":["post-34259","page","type-page","status-publish","hentry"],"meta_all":{"_edit_lock":["1480539677:109"],"_edit_last":["109"],"_wp_page_template":["default"],"_cmsp_page_download-files":["a:1:{i:0;a:1:{s:4:\"type\";s:3:\"pdf\";}}"],"_cmsp_feature-page_title":["Homenagem \u00e0 seguran\u00e7a p\u00fablica"],"_yoast_wpseo_title":["Homenagem \u00e0 seguran\u00e7a p\u00fablica"],"_yoast_wpseo_bctitle":["Homenagem \u00e0 seguran\u00e7a p\u00fablica"],"_yoast_wpseo_opengraph-title":["Homenagem \u00e0 seguran\u00e7a p\u00fablica"],"_yoast_wpseo_opengraph-description":["Seis policiais civis, militares e GCMs receberam a Medalha Tiradentes neste ano"],"_yoast_wpseo_twitter-title":["Homenagem \u00e0 seguran\u00e7a p\u00fablica"],"_yoast_wpseo_twitter-description":["Seis policiais civis, militares e GCMs receberam a Medalha Tiradentes neste ano"],"_yoast_wpseo_content_score":["30"]},"meta_all_2":{"_edit_lock":["1480539677:109"],"_edit_last":["109"],"_wp_page_template":["default"],"_cmsp_page_download-files":["a:1:{i:0;a:1:{s:4:\"type\";s:3:\"pdf\";}}"],"_cmsp_feature-page_title":["Homenagem \u00e0 seguran\u00e7a p\u00fablica"],"_yoast_wpseo_title":["Homenagem \u00e0 seguran\u00e7a p\u00fablica"],"_yoast_wpseo_bctitle":["Homenagem \u00e0 seguran\u00e7a p\u00fablica"],"_yoast_wpseo_opengraph-title":["Homenagem \u00e0 seguran\u00e7a p\u00fablica"],"_yoast_wpseo_opengraph-description":["Seis policiais civis, militares e GCMs receberam a Medalha Tiradentes neste ano"],"_yoast_wpseo_twitter-title":["Homenagem \u00e0 seguran\u00e7a p\u00fablica"],"_yoast_wpseo_twitter-description":["Seis policiais civis, militares e GCMs receberam a Medalha Tiradentes neste ano"],"_yoast_wpseo_content_score":["30"]},"yoast_head":"<!-- This site is optimized with the Yoast SEO plugin v27.4 - https:\/\/yoast.com\/product\/yoast-seo-wordpress\/ -->\r\n<title>Homenagem \u00e0 seguran\u00e7a p\u00fablica<\/title>\r\n<meta name=\"robots\" content=\"noindex, follow, max-snippet:-1, max-image-preview:large, max-video-preview:-1\" \/>\r\n<meta property=\"og:locale\" content=\"pt_BR\" \/>\r\n<meta property=\"og:type\" content=\"article\" \/>\r\n<meta property=\"og:title\" content=\"Homenagem \u00e0 seguran\u00e7a p\u00fablica\" \/>\r\n<meta property=\"og:description\" content=\"Seis policiais civis, militares e GCMs receberam a Medalha Tiradentes neste ano\" \/>\r\n<meta property=\"og:url\" content=\"https:\/\/www.saopaulo.sp.leg.br\/apartes-anteriores\/revista-apartes\/numero-8-junho-julho2014\/homenagem-a-seguranca-publica\/\" \/>\r\n<meta property=\"og:site_name\" content=\"Revista Apartes (edi\u00e7\u00f5es anteriores)\" \/>\r\n<meta property=\"article:publisher\" content=\"https:\/\/www.facebook.com\/RevistaApartes\/\" \/>\r\n<meta property=\"article:modified_time\" content=\"2016-11-30T21:03:35+00:00\" \/>\r\n<meta property=\"og:image\" content=\"http:\/\/www.saopaulo.sp.leg.br\/apartes-anteriores\/wp-content\/uploads\/sites\/9\/2015\/09\/FOTO34.jpg\" \/>\r\n<meta name=\"twitter:card\" content=\"summary_large_image\" \/>\r\n<meta name=\"twitter:title\" content=\"Homenagem \u00e0 seguran\u00e7a p\u00fablica\" \/>\r\n<meta name=\"twitter:description\" content=\"Seis policiais civis, militares e GCMs receberam a Medalha Tiradentes neste ano\" \/>\r\n<meta name=\"twitter:site\" content=\"@revistaapartes\" \/>\r\n<meta name=\"twitter:label1\" content=\"Est. tempo de leitura\" \/>\n\t<meta name=\"twitter:data1\" content=\"3 minutos\" \/>\r\n<script type=\"application\/ld+json\" class=\"yoast-schema-graph\">{\"@context\":\"https:\\\/\\\/schema.org\",\"@graph\":[{\"@type\":\"WebPage\",\"@id\":\"https:\\\/\\\/www.saopaulo.sp.leg.br\\\/apartes-anteriores\\\/revista-apartes\\\/numero-8-junho-julho2014\\\/homenagem-a-seguranca-publica\\\/\",\"url\":\"https:\\\/\\\/www.saopaulo.sp.leg.br\\\/apartes-anteriores\\\/revista-apartes\\\/numero-8-junho-julho2014\\\/homenagem-a-seguranca-publica\\\/\",\"name\":\"Homenagem \u00e0 seguran\u00e7a p\u00fablica\",\"isPartOf\":{\"@id\":\"https:\\\/\\\/homolog.saopaulo.sp.leg.br\\\/apartes-anteriores\\\/#website\"},\"primaryImageOfPage\":{\"@id\":\"https:\\\/\\\/www.saopaulo.sp.leg.br\\\/apartes-anteriores\\\/revista-apartes\\\/numero-8-junho-julho2014\\\/homenagem-a-seguranca-publica\\\/#primaryimage\"},\"image\":{\"@id\":\"https:\\\/\\\/www.saopaulo.sp.leg.br\\\/apartes-anteriores\\\/revista-apartes\\\/numero-8-junho-julho2014\\\/homenagem-a-seguranca-publica\\\/#primaryimage\"},\"thumbnailUrl\":\"http:\\\/\\\/homolog.saopaulo.sp.leg.br\\\/apartes-anteriores\\\/wp-content\\\/uploads\\\/sites\\\/9\\\/2015\\\/09\\\/FOTO34.jpg\",\"datePublished\":\"2015-09-08T17:04:31+00:00\",\"dateModified\":\"2016-11-30T21:03:35+00:00\",\"breadcrumb\":{\"@id\":\"https:\\\/\\\/www.saopaulo.sp.leg.br\\\/apartes-anteriores\\\/revista-apartes\\\/numero-8-junho-julho2014\\\/homenagem-a-seguranca-publica\\\/#breadcrumb\"},\"inLanguage\":\"pt-BR\",\"potentialAction\":[{\"@type\":\"ReadAction\",\"target\":[\"https:\\\/\\\/www.saopaulo.sp.leg.br\\\/apartes-anteriores\\\/revista-apartes\\\/numero-8-junho-julho2014\\\/homenagem-a-seguranca-publica\\\/\"]}]},{\"@type\":\"ImageObject\",\"inLanguage\":\"pt-BR\",\"@id\":\"https:\\\/\\\/www.saopaulo.sp.leg.br\\\/apartes-anteriores\\\/revista-apartes\\\/numero-8-junho-julho2014\\\/homenagem-a-seguranca-publica\\\/#primaryimage\",\"url\":\"https:\\\/\\\/homolog.saopaulo.sp.leg.br\\\/apartes-anteriores\\\/wp-content\\\/uploads\\\/sites\\\/9\\\/2015\\\/09\\\/FOTO34.jpg\",\"contentUrl\":\"https:\\\/\\\/homolog.saopaulo.sp.leg.br\\\/apartes-anteriores\\\/wp-content\\\/uploads\\\/sites\\\/9\\\/2015\\\/09\\\/FOTO34.jpg\",\"width\":796,\"height\":500},{\"@type\":\"BreadcrumbList\",\"@id\":\"https:\\\/\\\/www.saopaulo.sp.leg.br\\\/apartes-anteriores\\\/revista-apartes\\\/numero-8-junho-julho2014\\\/homenagem-a-seguranca-publica\\\/#breadcrumb\",\"itemListElement\":[{\"@type\":\"ListItem\",\"position\":1,\"name\":\"Home\",\"item\":\"https:\\\/\\\/www.saopaulo.sp.leg.br\\\/apartes-anteriores\\\/\"},{\"@type\":\"ListItem\",\"position\":2,\"name\":\"Revista Apartes\",\"item\":\"https:\\\/\\\/www.saopaulo.sp.leg.br\\\/apartes-anteriores\\\/\"},{\"@type\":\"ListItem\",\"position\":3,\"name\":\"N\u00famero 08 &#8211; jun-jul\\\/2014\",\"item\":\"https:\\\/\\\/www.saopaulo.sp.leg.br\\\/apartes-anteriores\\\/revista-apartes\\\/numero-8-junho-julho2014\\\/\"},{\"@type\":\"ListItem\",\"position\":4,\"name\":\"Homenagem \u00e0 seguran\u00e7a p\u00fablica\"}]},{\"@type\":\"WebSite\",\"@id\":\"https:\\\/\\\/homolog.saopaulo.sp.leg.br\\\/apartes-anteriores\\\/#website\",\"url\":\"https:\\\/\\\/homolog.saopaulo.sp.leg.br\\\/apartes-anteriores\\\/\",\"name\":\"Revista Apartes (edi\u00e7\u00f5es anteriores)\",\"description\":\"Revista Apartes (edi\u00e7\u00f5es anteriores)\",\"potentialAction\":[{\"@type\":\"SearchAction\",\"target\":{\"@type\":\"EntryPoint\",\"urlTemplate\":\"https:\\\/\\\/homolog.saopaulo.sp.leg.br\\\/apartes-anteriores\\\/?s={search_term_string}\"},\"query-input\":{\"@type\":\"PropertyValueSpecification\",\"valueRequired\":true,\"valueName\":\"search_term_string\"}}],\"inLanguage\":\"pt-BR\"}]}<\/script>\r\n<!-- \/ Yoast SEO plugin. -->","yoast_head_json":{"title":"Homenagem \u00e0 seguran\u00e7a p\u00fablica","robots":{"index":"noindex","follow":"follow","max-snippet":"max-snippet:-1","max-image-preview":"max-image-preview:large","max-video-preview":"max-video-preview:-1"},"og_locale":"pt_BR","og_type":"article","og_title":"Homenagem \u00e0 seguran\u00e7a p\u00fablica","og_description":"Seis policiais civis, militares e GCMs receberam a Medalha Tiradentes neste ano","og_url":"https:\/\/www.saopaulo.sp.leg.br\/apartes-anteriores\/revista-apartes\/numero-8-junho-julho2014\/homenagem-a-seguranca-publica\/","og_site_name":"Revista Apartes (edi\u00e7\u00f5es anteriores)","article_publisher":"https:\/\/www.facebook.com\/RevistaApartes\/","article_modified_time":"2016-11-30T21:03:35+00:00","og_image":[{"url":"http:\/\/www.saopaulo.sp.leg.br\/apartes-anteriores\/wp-content\/uploads\/sites\/9\/2015\/09\/FOTO34.jpg","type":"","width":"","height":""}],"twitter_card":"summary_large_image","twitter_title":"Homenagem \u00e0 seguran\u00e7a p\u00fablica","twitter_description":"Seis policiais civis, militares e GCMs receberam a Medalha Tiradentes neste ano","twitter_site":"@revistaapartes","twitter_misc":{"Est. tempo de leitura":"3 minutos"},"schema":{"@context":"https:\/\/schema.org","@graph":[{"@type":"WebPage","@id":"https:\/\/www.saopaulo.sp.leg.br\/apartes-anteriores\/revista-apartes\/numero-8-junho-julho2014\/homenagem-a-seguranca-publica\/","url":"https:\/\/www.saopaulo.sp.leg.br\/apartes-anteriores\/revista-apartes\/numero-8-junho-julho2014\/homenagem-a-seguranca-publica\/","name":"Homenagem \u00e0 seguran\u00e7a p\u00fablica","isPartOf":{"@id":"https:\/\/homolog.saopaulo.sp.leg.br\/apartes-anteriores\/#website"},"primaryImageOfPage":{"@id":"https:\/\/www.saopaulo.sp.leg.br\/apartes-anteriores\/revista-apartes\/numero-8-junho-julho2014\/homenagem-a-seguranca-publica\/#primaryimage"},"image":{"@id":"https:\/\/www.saopaulo.sp.leg.br\/apartes-anteriores\/revista-apartes\/numero-8-junho-julho2014\/homenagem-a-seguranca-publica\/#primaryimage"},"thumbnailUrl":"http:\/\/homolog.saopaulo.sp.leg.br\/apartes-anteriores\/wp-content\/uploads\/sites\/9\/2015\/09\/FOTO34.jpg","datePublished":"2015-09-08T17:04:31+00:00","dateModified":"2016-11-30T21:03:35+00:00","breadcrumb":{"@id":"https:\/\/www.saopaulo.sp.leg.br\/apartes-anteriores\/revista-apartes\/numero-8-junho-julho2014\/homenagem-a-seguranca-publica\/#breadcrumb"},"inLanguage":"pt-BR","potentialAction":[{"@type":"ReadAction","target":["https:\/\/www.saopaulo.sp.leg.br\/apartes-anteriores\/revista-apartes\/numero-8-junho-julho2014\/homenagem-a-seguranca-publica\/"]}]},{"@type":"ImageObject","inLanguage":"pt-BR","@id":"https:\/\/www.saopaulo.sp.leg.br\/apartes-anteriores\/revista-apartes\/numero-8-junho-julho2014\/homenagem-a-seguranca-publica\/#primaryimage","url":"https:\/\/homolog.saopaulo.sp.leg.br\/apartes-anteriores\/wp-content\/uploads\/sites\/9\/2015\/09\/FOTO34.jpg","contentUrl":"https:\/\/homolog.saopaulo.sp.leg.br\/apartes-anteriores\/wp-content\/uploads\/sites\/9\/2015\/09\/FOTO34.jpg","width":796,"height":500},{"@type":"BreadcrumbList","@id":"https:\/\/www.saopaulo.sp.leg.br\/apartes-anteriores\/revista-apartes\/numero-8-junho-julho2014\/homenagem-a-seguranca-publica\/#breadcrumb","itemListElement":[{"@type":"ListItem","position":1,"name":"Home","item":"https:\/\/www.saopaulo.sp.leg.br\/apartes-anteriores\/"},{"@type":"ListItem","position":2,"name":"Revista Apartes","item":"https:\/\/www.saopaulo.sp.leg.br\/apartes-anteriores\/"},{"@type":"ListItem","position":3,"name":"N\u00famero 08 &#8211; jun-jul\/2014","item":"https:\/\/www.saopaulo.sp.leg.br\/apartes-anteriores\/revista-apartes\/numero-8-junho-julho2014\/"},{"@type":"ListItem","position":4,"name":"Homenagem \u00e0 seguran\u00e7a p\u00fablica"}]},{"@type":"WebSite","@id":"https:\/\/homolog.saopaulo.sp.leg.br\/apartes-anteriores\/#website","url":"https:\/\/homolog.saopaulo.sp.leg.br\/apartes-anteriores\/","name":"Revista Apartes (edi\u00e7\u00f5es anteriores)","description":"Revista Apartes (edi\u00e7\u00f5es anteriores)","potentialAction":[{"@type":"SearchAction","target":{"@type":"EntryPoint","urlTemplate":"https:\/\/homolog.saopaulo.sp.leg.br\/apartes-anteriores\/?s={search_term_string}"},"query-input":{"@type":"PropertyValueSpecification","valueRequired":true,"valueName":"search_term_string"}}],"inLanguage":"pt-BR"}]}},"_links":{"self":[{"href":"https:\/\/homolog.saopaulo.sp.leg.br\/apartes-anteriores\/wp-json\/wp\/v2\/pages\/34259","targetHints":{"allow":["GET"]}}],"collection":[{"href":"https:\/\/homolog.saopaulo.sp.leg.br\/apartes-anteriores\/wp-json\/wp\/v2\/pages"}],"about":[{"href":"https:\/\/homolog.saopaulo.sp.leg.br\/apartes-anteriores\/wp-json\/wp\/v2\/types\/page"}],"author":[{"embeddable":true,"href":"https:\/\/homolog.saopaulo.sp.leg.br\/apartes-anteriores\/wp-json\/wp\/v2\/users\/109"}],"replies":[{"embeddable":true,"href":"https:\/\/homolog.saopaulo.sp.leg.br\/apartes-anteriores\/wp-json\/wp\/v2\/comments?post=34259"}],"version-history":[{"count":4,"href":"https:\/\/homolog.saopaulo.sp.leg.br\/apartes-anteriores\/wp-json\/wp\/v2\/pages\/34259\/revisions"}],"predecessor-version":[{"id":34424,"href":"https:\/\/homolog.saopaulo.sp.leg.br\/apartes-anteriores\/wp-json\/wp\/v2\/pages\/34259\/revisions\/34424"}],"up":[{"embeddable":true,"href":"https:\/\/homolog.saopaulo.sp.leg.br\/apartes-anteriores\/wp-json\/wp\/v2\/pages\/24321"}],"wp:attachment":[{"href":"https:\/\/homolog.saopaulo.sp.leg.br\/apartes-anteriores\/wp-json\/wp\/v2\/media?parent=34259"}],"curies":[{"name":"wp","href":"https:\/\/api.w.org\/{rel}","templated":true}]}}