{"id":34439,"date":"2014-05-01T16:54:24","date_gmt":"2014-05-01T16:54:24","guid":{"rendered":"http:\/\/homolog.saopaulo.sp.leg.br\/apartes-anteriores\/?page_id=34439"},"modified":"2015-09-24T16:43:52","modified_gmt":"2015-09-24T16:43:52","slug":"no07-notas","status":"publish","type":"page","link":"https:\/\/homolog.saopaulo.sp.leg.br\/apartes-anteriores\/revista-apartes\/numero-7-maio2014\/no07-notas\/","title":{"rendered":"N\u00ba07 \u2013 Notas"},"content":{"rendered":"<h1><strong><span style=\"color: #800000\">Notas<\/span><\/strong><\/h1>\n<div id=\"NOTA\">\n<h2><strong>Aplicativo permite avaliar a C\u00e2mara<\/strong><\/h2>\n<p><!-- imagem GRANDE - com legenda - LADO ESQUERDO --><\/p>\n<div style=\"float: left;width: 310px;margin-right: 1.5em;margin-bottom: 1.5em\">\n<div style=\"float: left;padding: 5px;background-color: #eee !important\">\n<p><a href=\"http:\/\/homolog.saopaulo.sp.leg.br\/apartes-anteriores\/wp-content\/uploads\/sites\/9\/2015\/09\/apartes_mai14_53.jpg\"><img loading=\"lazy\" decoding=\"async\" class=\"alignnone wp-image-34467\" src=\"http:\/\/homolog.saopaulo.sp.leg.br\/apartes-anteriores\/wp-content\/uploads\/sites\/9\/2015\/09\/apartes_mai14_53.jpg\" alt=\"apartes_mai14_53\" width=\"300\" height=\"224\" srcset=\"https:\/\/homolog.saopaulo.sp.leg.br\/apartes-anteriores\/wp-content\/uploads\/sites\/9\/2015\/09\/apartes_mai14_53.jpg 1046w, https:\/\/homolog.saopaulo.sp.leg.br\/apartes-anteriores\/wp-content\/uploads\/sites\/9\/2015\/09\/apartes_mai14_53-300x224.jpg 300w, https:\/\/homolog.saopaulo.sp.leg.br\/apartes-anteriores\/wp-content\/uploads\/sites\/9\/2015\/09\/apartes_mai14_53-1024x765.jpg 1024w\" sizes=\"auto, (max-width: 300px) 100vw, 300px\" \/><\/a><\/p>\n<p style=\"font-size: 0.8em;line-height: 1.1em;text-align: center;margin: -1.5em 0px 7px 0px;color: #333;!important;background-color: transparent !important\" align=\"center\">O MyFunCity est\u00e1 dispon\u00edvel para smartphones e desktops<\/p>\n<\/div>\n<p style=\"font-size: 0.5em;line-height: 1.1em;text-align: right;margin: 4px 0px 7px 0px;background-color: transparent !important\">F\u00e1bio Lazzari\/CMSP<\/p>\n<\/div>\n<p><!-- imagem GRANDE - com legenda - LADO ESQUERDO --><\/p>\n<p>Desde abril, uma parceria entre a C\u00e2mara Municipal de S\u00e3o Paulo (CMSP) e o aplicativo MyFunCity\/UOL permite que os cidad\u00e3os fa\u00e7am avalia\u00e7\u00e3o online da atua\u00e7\u00e3o dos mandatos dos vereadores paulistanos.<br \/>\n\u201cEsse \u00e9 mais um dos esfor\u00e7os que a C\u00e2mara tem feito para chegar at\u00e9 o cidad\u00e3o\u201d, declarou o presidente da Casa, Jos\u00e9 Am\u00e9rico, ao portal da institui\u00e7\u00e3o. A opini\u00e3o de Am\u00e9rico foi refor\u00e7ada pelo presidente do MyFunCity, Mauro Motoryn: \u201cEssa parceria mostra a vis\u00e3o de dar vez e voz ao cidad\u00e3o, possibilitando uma gest\u00e3o mais eficiente\u201d.<br \/>\nAl\u00e9m de opinar sobre o trabalho do Legislativo, os usu\u00e1rios do aplicativo tamb\u00e9m podem se posicionar sobre a atua\u00e7\u00e3o do Executivo e sobre a cidade em geral, sob aspectos como transporte, sa\u00fade e educa\u00e7\u00e3o. Podem, ainda, acessar not\u00edcias e participar de debates com outros usu\u00e1rios.<br \/>\nO MyFunCity \u00e9 gratuito e est\u00e1 dispon\u00edvel para desktops (myfuncity.uol.com.br) ou smartphones com sistemas Android e iOS.<\/p>\n<\/div>\n<div>\n<h2><strong>Nova programa\u00e7\u00e3o da Web R\u00e1dio<\/strong><\/h2>\n<p>Em maio, a Web R\u00e1dio C\u00e2mara S\u00e3o Paulo completou tr\u00eas anos de opera\u00e7\u00e3o e, para celebrar, passou a transmitir 11 horas di\u00e1rias de informa\u00e7\u00e3o, das 9h \u00e0s 20h.<br \/>\nCom a mudan\u00e7a, as reportagens gravadas em podcasts (arquivos de \u00e1udio), d\u00e3o lugar a programas especiais e apresentados ao vivo (como o Web Jornal R\u00e1dio C\u00e2mara), presta\u00e7\u00e3o de servi\u00e7os, transmiss\u00e3o das sess\u00f5es plen\u00e1rias e manifesta\u00e7\u00f5es culturais e art\u00edsticas.<br \/>\nPara ouvir a Web R\u00e1dio C\u00e2mara S\u00e3o Paulo, acesse o portal homolog.saopaulo.sp.leg.br e clique no \u00edcone da r\u00e1dio.<\/p>\n<\/div>\n<div id=\"NOTA\">\n<h2><strong>Est\u00e1gio bem conceituado<\/strong><\/h2>\n<p>A CMSP ganhou, pelo segundo ano consecutivo, o pr\u00eamio \u201cAs melhores empresas para estagiar\u201d, promovido pelo Centro de Integra\u00e7\u00e3o Empresa-Escola (CIEE), em parceria com a Associa\u00e7\u00e3o Brasileira de Recursos Humanos \u2013 Seccional S\u00e3o Paulo (ABRH-SP) e a consultoria Toledo &amp; Associados.<br \/>\nA C\u00e2mara ficou em segundo lugar no ranking da categoria empresas p\u00fablicas com mais de 60 estagi\u00e1rios, atr\u00e1s da Prefeitura de Ol\u00edmpia e \u00e0 frente da Prefeitura de Palmital. No ano passado, a CMSP obteve a mesma classifica\u00e7\u00e3o na categoria.<br \/>\nO pr\u00eamio, que est\u00e1 em sua oitava edi\u00e7\u00e3o, avaliou organiza\u00e7\u00f5es do Estado de S\u00e3o Paulo com base na opini\u00e3o de cerca de 5 mil estagi\u00e1rios, contabilizadas em pesquisa feita pelo Ibope.<\/p>\n<\/div>\n<div id=\"NOTA\">\n<h2><strong>Melhorias na TV C\u00e2mara<\/strong><\/h2>\n<p><!-- imagem GRANDE - com legenda - LADO DIREITO --><\/p>\n<div style=\"float: right;width: 310px;margin-left: 1.5em;margin-bottom: 1.5em\">\n<div style=\"float: right;padding: 5px;background-color: #eee !important\">\n<p><a href=\"http:\/\/homolog.saopaulo.sp.leg.br\/apartes-anteriores\/wp-content\/uploads\/sites\/9\/2015\/09\/apartes_mai14_52.jpg\"><img loading=\"lazy\" decoding=\"async\" class=\"alignnone wp-image-34470 size-medium\" src=\"http:\/\/homolog.saopaulo.sp.leg.br\/apartes-anteriores\/wp-content\/uploads\/sites\/9\/2015\/09\/apartes_mai14_52-300x224.jpg\" alt=\"apartes_mai14_52\" width=\"300\" height=\"224\" srcset=\"https:\/\/homolog.saopaulo.sp.leg.br\/apartes-anteriores\/wp-content\/uploads\/sites\/9\/2015\/09\/apartes_mai14_52-300x224.jpg 300w, https:\/\/homolog.saopaulo.sp.leg.br\/apartes-anteriores\/wp-content\/uploads\/sites\/9\/2015\/09\/apartes_mai14_52-1024x763.jpg 1024w, https:\/\/homolog.saopaulo.sp.leg.br\/apartes-anteriores\/wp-content\/uploads\/sites\/9\/2015\/09\/apartes_mai14_52.jpg 1044w\" sizes=\"auto, (max-width: 300px) 100vw, 300px\" \/><\/a><\/p>\n<p style=\"font-size: 0.8em;line-height: 1.1em;text-align: center;margin: -1.5em 0px 7px 0px;color: #333;!important;background-color: transparent !important\" align=\"center\">Sala de maquiagem foi reformada<\/p>\n<\/div>\n<p style=\"font-size: 0.5em;line-height: 1.1em;text-align: right;margin: 4px 0px 7px 0px;background-color: transparent !important\">F\u00e1bio Lazzari\/CMSP<\/p>\n<\/div>\n<p><!-- imagem GRANDE - com legenda - LADO DIREITO --><\/p>\n<p>Com a mudan\u00e7a para o padr\u00e3o digital, a TV C\u00e2mara S\u00e3o Paulo vem fazendo investimentos para aproveitar ao m\u00e1ximo a melhoria na qualidade de imagem. Um deles \u00e9 a reforma e amplia\u00e7\u00e3o da sala de maquiagem, espa\u00e7o utilizado desde 1998 pela equipe de reportagem e pelos entrevistados nos programas da emissora, como vereadores e especialistas. A sala recebeu, ainda, um anexo para a acomoda\u00e7\u00e3o de figurinos.<\/p>\n<\/div>\n<div id=\"NOTA\">\n<h2><strong>Aprovado projeto sobre transporte hidrovi\u00e1rio municipal<\/strong><\/h2>\n<p>A C\u00e2mara Municipal aprovou em 13 de maio, em segunda vota\u00e7\u00e3o, o Projeto de Lei 54\/2013, que cria o transporte p\u00fablico hidrovi\u00e1rio na cidade de S\u00e3o Paulo. A proposta \u00e9 do vereador Ricardo Nunes (PMDB) e segue para san\u00e7\u00e3o do Executivo.<br \/>\nO projeto tem o objetivo de melhorar o deslocamento e ampliar a oferta de transporte, atendendo, em especial, \u00e0s pessoas que vivem nos bairros perif\u00e9ricos. A proposta estimula o uso dos rios e represas para transportar passageiros, fazendo integra\u00e7\u00e3o com as esta\u00e7\u00f5es do metr\u00f4 e da CPTM e com terminais de \u00f4nibus.<br \/>\nA ideia \u00e9 que as embarca\u00e7\u00f5es demorem, em m\u00e9dia, de 20 a 30 minutos para levar moradores do extremo sul de S\u00e3o Paulo a seus locais de trabalho.<\/p>\n<\/div>\n<div id=\"NOTA\">\n<h2><strong>Saudades da grande reportagem<\/strong><\/h2>\n<p><!-- imagem GRANDE - com legenda - LADO ESQUERDO --><\/p>\n<div style=\"float: left;width: 310px;margin-right: 1.5em;margin-bottom: 1.5em\">\n<div style=\"float: left;padding: 5px;background-color: #eee !important\">\n<p><a href=\"http:\/\/homolog.saopaulo.sp.leg.br\/apartes-anteriores\/wp-content\/uploads\/sites\/9\/2015\/09\/apartes_mai14_50.jpg\"><img loading=\"lazy\" decoding=\"async\" class=\"alignnone wp-image-34472 size-medium\" src=\"http:\/\/homolog.saopaulo.sp.leg.br\/apartes-anteriores\/wp-content\/uploads\/sites\/9\/2015\/09\/apartes_mai14_50-300x224.jpg\" alt=\"apartes_mai14_50\" width=\"300\" height=\"224\" srcset=\"https:\/\/homolog.saopaulo.sp.leg.br\/apartes-anteriores\/wp-content\/uploads\/sites\/9\/2015\/09\/apartes_mai14_50-300x224.jpg 300w, https:\/\/homolog.saopaulo.sp.leg.br\/apartes-anteriores\/wp-content\/uploads\/sites\/9\/2015\/09\/apartes_mai14_50-1024x764.jpg 1024w, https:\/\/homolog.saopaulo.sp.leg.br\/apartes-anteriores\/wp-content\/uploads\/sites\/9\/2015\/09\/apartes_mai14_50.jpg 1044w\" sizes=\"auto, (max-width: 300px) 100vw, 300px\" \/><\/a><\/p>\n<p style=\"font-size: 0.8em;line-height: 1.1em;text-align: center;margin: -1.5em 0px 7px 0px;color: #333;!important;background-color: transparent !important\" align=\"center\">Jo\u00e3o Batista analisou o jornalismo e o cinema<\/p>\n<\/div>\n<p style=\"font-size: 0.5em;line-height: 1.1em;text-align: right;margin: 4px 0px 7px 0px;background-color: transparent !important\">F\u00e1bio Lazzari\/CMSP<\/p>\n<\/div>\n<p><!-- imagem GRANDE - com legenda - LADO ESQUERDO --><\/p>\n<p>Em evento ocorrido na C\u00e2mara Municipal, o cineasta Jo\u00e3o Batista de Andrade, diretor do filme O Homem que Virou Suco, lamentou a qualidade do jornalismo atual. \u201cH\u00e1 muita opini\u00e3o e pouca informa\u00e7\u00e3o, sinto falta das grandes reportagens\u201d, disse ele, para uma plateia de alunos, profissionais e interessados no tema comunica\u00e7\u00e3o.<br \/>\nNa d\u00e9cada de 1970, Jo\u00e3o Batista dirigiu document\u00e1rios para o Globo Rep\u00f3rter. Ele esteve na CMSP em 14 de maio, no Ciclo de Debates em Comunica\u00e7\u00e3o, para falar sobre jornalismo e cinema. Durante a palestra, foi exibido seu filme Liberdade de Imprensa, que mostra a situa\u00e7\u00e3o da m\u00eddia brasileira nos anos 60. Em 1968, o filme foi apreendido pelo Ex\u00e9rcito no Congresso da UNE, em Ibi\u00fana, e ficou proibido durante anos.<\/p>\n<\/div>\n<h2><strong>CMSP restitui mandato de Antonio Donoso Vidal<\/strong><\/h2>\n<p><!-- imagem TOTAL - com legenda - CENTRALIZADA --><\/p>\n<div style=\"width: 100%;margin-right: 1.5em;margin-bottom: 1.5em\">\n<div style=\"padding: 5px;background-color: #eee !important\">\n<p><a href=\"http:\/\/homolog.saopaulo.sp.leg.br\/apartes-anteriores\/wp-content\/uploads\/sites\/9\/2015\/09\/apartes_mai14_51.jpg\"><img loading=\"lazy\" decoding=\"async\" class=\"alignnone wp-image-34474 size-large\" src=\"http:\/\/homolog.saopaulo.sp.leg.br\/apartes-anteriores\/wp-content\/uploads\/sites\/9\/2015\/09\/apartes_mai14_51-1024x763.jpg\" alt=\"apartes_mai14_51\" width=\"640\" height=\"477\" srcset=\"https:\/\/homolog.saopaulo.sp.leg.br\/apartes-anteriores\/wp-content\/uploads\/sites\/9\/2015\/09\/apartes_mai14_51-1024x763.jpg 1024w, https:\/\/homolog.saopaulo.sp.leg.br\/apartes-anteriores\/wp-content\/uploads\/sites\/9\/2015\/09\/apartes_mai14_51-300x223.jpg 300w, https:\/\/homolog.saopaulo.sp.leg.br\/apartes-anteriores\/wp-content\/uploads\/sites\/9\/2015\/09\/apartes_mai14_51.jpg 1046w\" sizes=\"auto, (max-width: 640px) 100vw, 640px\" \/><\/a><\/p>\n<p style=\"font-size: 0.8em;line-height: 1.1em;text-align: center;margin: -1.5em 0px 7px 0px;color: #333;!important;background-color: transparent !important\" align=\"center\">O neto (esq.) e a filha do ex-vereador Vidal (no destaque) receberam o diploma do presidente da CMSP<\/p>\n<\/div>\n<p style=\"font-size: 0.5em;line-height: 1.1em;text-align: right;margin: 4px 0px 7px 0px;background-color: transparent !important\">Mozart Gomes\/CMSP<\/p>\n<\/div>\n<p><!-- imagem TOTAL - com legenda - CENTRALIZADA --><\/p>\n<p><!-- imagem PEQUENA - com legenda - LADO ESQUERDO --><\/p>\n<div style=\"float: left;width: 335px;margin-right: 1.5em;margin-bottom: 1.5em\">\n<div style=\"float: left;padding: 5px;background-color: #eee !important\">\n<p><a href=\"http:\/\/homolog.saopaulo.sp.leg.br\/apartes-anteriores\/wp-content\/uploads\/sites\/9\/2015\/09\/apartes_mai14_49.jpg\"><img loading=\"lazy\" decoding=\"async\" class=\"alignnone size-full wp-image-34475\" src=\"http:\/\/homolog.saopaulo.sp.leg.br\/apartes-anteriores\/wp-content\/uploads\/sites\/9\/2015\/09\/apartes_mai14_49.jpg\" alt=\"apartes_mai14_49\" width=\"325\" height=\"421\" srcset=\"https:\/\/homolog.saopaulo.sp.leg.br\/apartes-anteriores\/wp-content\/uploads\/sites\/9\/2015\/09\/apartes_mai14_49.jpg 325w, https:\/\/homolog.saopaulo.sp.leg.br\/apartes-anteriores\/wp-content\/uploads\/sites\/9\/2015\/09\/apartes_mai14_49-232x300.jpg 232w\" sizes=\"auto, (max-width: 325px) 100vw, 325px\" \/><\/a><\/p>\n<p style=\"font-size: 0.8em;line-height: 1.1em;text-align: center;margin: -1.5em 0px 7px 0px;color: #333;!important;background-color: transparent !important\" align=\"center\">Acervo pessoal<\/p>\n<\/div>\n<\/div>\n<p><!-- imagem PEQUENA - com legenda - LADO ESQUERDO --><\/p>\n<p>Em 9 de maio, houve a cerim\u00f4nia de restitui\u00e7\u00e3o simb\u00f3lica do mandato de Antonio Donoso Vidal, vereador paulistano eleito em 1946 que n\u00e3o p\u00f4de exercer a atividade devido a uma decis\u00e3o do Tribunal Superior Eleitoral (TSE), que cassou o registro da candidatura de todos os concorrentes pelo Partido Social Trabalhista (PST).<br \/>\nVidal faleceu em 1987 e sua filha, Sonia Donoso de Barros, recebeu o diploma das m\u00e3os do presidente Jos\u00e9 Am\u00e9rico. O neto de Vidal, Renato de Barros, e a cunhada do ex-vereador, Em\u00edlia Donoso, tamb\u00e9m estiveram na cerim\u00f4nia que ocorreu na Sala da Presid\u00eancia.<br \/>\nNo ano passado, 42 vereadores, cassados entre 1937 e 1969 por decis\u00f5es arbitr\u00e1rias, tiveram seus mandatos devolvidos simbolicamente por iniciativa da C\u00e2mara paulistana.<\/p>\n<p><!-- COMENTE SOBRE ESSA MATERIA --><\/p>\n<table border=\"0\" cellspacing=\"0\" cellpadding=\"0\">\n<tbody>\n<tr>\n<td align=\"center\" width=\"50%\">\n<h5>Comente sobre essa mat\u00e9ria:<\/h5>\n<p><a style=\"font-family: 'Helvetica Neue', 'Helvetica', Helvetica, Arial, sans-serif;color: #fff;font-size: 12px;text-decoration: none;font-weight: bold;text-align: center;background-color: #3b5998 !important;margin: 0 0 10px;padding: 3px 7px\" title=\"Facebook da revista Apartes\" href=\"https:\/\/www.facebook.com\/RevistaApartes\" target=\"_blank\">Facebook<\/a> <a style=\"font-family: 'Helvetica Neue', 'Helvetica', Helvetica, Arial, sans-serif;color: #fff;font-size: 12px;text-decoration: none;font-weight: bold;text-align: center;background-color: #1daced !important;margin: 0 0 10px;padding: 3px 7px\" title=\"Twitter da revista Apartes\" href=\"https:\/\/twitter.com\/RevistaApartes\" target=\"_blank\">Twitter<\/a><\/td>\n<td align=\"center\" width=\"50%\">\n<h5>Envie cr\u00edticas ou sugest\u00f5es:<\/h5>\n<p>Email: <strong><a href=\"mailto:apartes@saopaulo.sp.leg.br\">apartes@saopaulo.sp.leg.br<\/a><\/strong><\/td>\n<\/tr>\n<\/tbody>\n<\/table>\n<p><!-- COMENTE SOBRE ESSA MATERIA --><\/p>\n","protected":false},"excerpt":{"rendered":"<p>Notas Aplicativo permite avaliar a C\u00e2mara O MyFunCity est\u00e1 dispon\u00edvel para smartphones e desktops F\u00e1bio Lazzari\/CMSP Desde abril, uma parceria entre a C\u00e2mara Municipal de S\u00e3o Paulo (CMSP) e o aplicativo MyFunCity\/UOL permite que os cidad\u00e3os fa\u00e7am avalia\u00e7\u00e3o online da atua\u00e7\u00e3o dos mandatos dos vereadores paulistanos. \u201cEsse \u00e9 mais um dos esfor\u00e7os que a C\u00e2mara [&hellip;]<\/p>\n","protected":false},"author":109,"featured_media":0,"parent":24324,"menu_order":1,"comment_status":"closed","ping_status":"closed","template":"","meta":{"footnotes":""},"class_list":["post-34439","page","type-page","status-publish","hentry"],"meta_all":{"_edit_lock":["1478204886:109"],"_edit_last":["109"],"_wp_page_template":["default"],"_yoast_wpseo_title":["N\u00ba07 \u2013 Notas"],"_yoast_wpseo_bctitle":["N\u00ba07 \u2013 Notas"],"_cmsp_feature-page_title":["N\u00ba07 \u2013 Notas"],"_cmsp_page_download-files":["a:1:{i:0;a:1:{s:4:\"type\";s:3:\"pdf\";}}"]},"meta_all_2":{"_edit_lock":["1478204886:109"],"_edit_last":["109"],"_wp_page_template":["default"],"_yoast_wpseo_title":["N\u00ba07 \u2013 Notas"],"_yoast_wpseo_bctitle":["N\u00ba07 \u2013 Notas"],"_cmsp_feature-page_title":["N\u00ba07 \u2013 Notas"],"_cmsp_page_download-files":["a:1:{i:0;a:1:{s:4:\"type\";s:3:\"pdf\";}}"]},"yoast_head":"<!-- This site is optimized with the Yoast SEO plugin v27.4 - https:\/\/yoast.com\/product\/yoast-seo-wordpress\/ -->\r\n<title>N\u00ba07 \u2013 Notas<\/title>\r\n<meta name=\"robots\" content=\"noindex, follow, max-snippet:-1, max-image-preview:large, max-video-preview:-1\" \/>\r\n<meta property=\"og:locale\" content=\"pt_BR\" \/>\r\n<meta property=\"og:type\" content=\"article\" \/>\r\n<meta property=\"og:title\" content=\"N\u00ba07 \u2013 Notas\" \/>\r\n<meta property=\"og:description\" content=\"Notas Aplicativo permite avaliar a C\u00e2mara O MyFunCity est\u00e1 dispon\u00edvel para smartphones e desktops F\u00e1bio Lazzari\/CMSP Desde abril, uma parceria entre a C\u00e2mara Municipal de S\u00e3o Paulo (CMSP) e o aplicativo MyFunCity\/UOL permite que os cidad\u00e3os fa\u00e7am avalia\u00e7\u00e3o online da atua\u00e7\u00e3o dos mandatos dos vereadores paulistanos. \u201cEsse \u00e9 mais um dos esfor\u00e7os que a C\u00e2mara [&hellip;]\" \/>\r\n<meta property=\"og:url\" content=\"https:\/\/www.saopaulo.sp.leg.br\/apartes-anteriores\/revista-apartes\/numero-7-maio2014\/no07-notas\/\" \/>\r\n<meta property=\"og:site_name\" content=\"Revista Apartes (edi\u00e7\u00f5es anteriores)\" \/>\r\n<meta property=\"article:publisher\" content=\"https:\/\/www.facebook.com\/RevistaApartes\/\" \/>\r\n<meta property=\"article:modified_time\" content=\"2015-09-24T16:43:52+00:00\" \/>\r\n<meta property=\"og:image\" content=\"http:\/\/www.saopaulo.sp.leg.br\/apartes-anteriores\/wp-content\/uploads\/sites\/9\/2015\/09\/apartes_mai14_53.jpg\" \/>\r\n<meta name=\"twitter:card\" content=\"summary_large_image\" \/>\r\n<meta name=\"twitter:site\" content=\"@revistaapartes\" \/>\r\n<meta name=\"twitter:label1\" content=\"Est. tempo de leitura\" \/>\n\t<meta name=\"twitter:data1\" content=\"5 minutos\" \/>\r\n<script type=\"application\/ld+json\" class=\"yoast-schema-graph\">{\"@context\":\"https:\\\/\\\/schema.org\",\"@graph\":[{\"@type\":\"WebPage\",\"@id\":\"https:\\\/\\\/www.saopaulo.sp.leg.br\\\/apartes-anteriores\\\/revista-apartes\\\/numero-7-maio2014\\\/no07-notas\\\/\",\"url\":\"https:\\\/\\\/www.saopaulo.sp.leg.br\\\/apartes-anteriores\\\/revista-apartes\\\/numero-7-maio2014\\\/no07-notas\\\/\",\"name\":\"N\u00ba07 \u2013 Notas\",\"isPartOf\":{\"@id\":\"https:\\\/\\\/homolog.saopaulo.sp.leg.br\\\/apartes-anteriores\\\/#website\"},\"primaryImageOfPage\":{\"@id\":\"https:\\\/\\\/www.saopaulo.sp.leg.br\\\/apartes-anteriores\\\/revista-apartes\\\/numero-7-maio2014\\\/no07-notas\\\/#primaryimage\"},\"image\":{\"@id\":\"https:\\\/\\\/www.saopaulo.sp.leg.br\\\/apartes-anteriores\\\/revista-apartes\\\/numero-7-maio2014\\\/no07-notas\\\/#primaryimage\"},\"thumbnailUrl\":\"http:\\\/\\\/homolog.saopaulo.sp.leg.br\\\/apartes-anteriores\\\/wp-content\\\/uploads\\\/sites\\\/9\\\/2015\\\/09\\\/apartes_mai14_53.jpg\",\"datePublished\":\"2014-05-01T16:54:24+00:00\",\"dateModified\":\"2015-09-24T16:43:52+00:00\",\"breadcrumb\":{\"@id\":\"https:\\\/\\\/www.saopaulo.sp.leg.br\\\/apartes-anteriores\\\/revista-apartes\\\/numero-7-maio2014\\\/no07-notas\\\/#breadcrumb\"},\"inLanguage\":\"pt-BR\",\"potentialAction\":[{\"@type\":\"ReadAction\",\"target\":[\"https:\\\/\\\/www.saopaulo.sp.leg.br\\\/apartes-anteriores\\\/revista-apartes\\\/numero-7-maio2014\\\/no07-notas\\\/\"]}]},{\"@type\":\"ImageObject\",\"inLanguage\":\"pt-BR\",\"@id\":\"https:\\\/\\\/www.saopaulo.sp.leg.br\\\/apartes-anteriores\\\/revista-apartes\\\/numero-7-maio2014\\\/no07-notas\\\/#primaryimage\",\"url\":\"https:\\\/\\\/homolog.saopaulo.sp.leg.br\\\/apartes-anteriores\\\/wp-content\\\/uploads\\\/sites\\\/9\\\/2015\\\/09\\\/apartes_mai14_53.jpg\",\"contentUrl\":\"https:\\\/\\\/homolog.saopaulo.sp.leg.br\\\/apartes-anteriores\\\/wp-content\\\/uploads\\\/sites\\\/9\\\/2015\\\/09\\\/apartes_mai14_53.jpg\",\"width\":1046,\"height\":781},{\"@type\":\"BreadcrumbList\",\"@id\":\"https:\\\/\\\/www.saopaulo.sp.leg.br\\\/apartes-anteriores\\\/revista-apartes\\\/numero-7-maio2014\\\/no07-notas\\\/#breadcrumb\",\"itemListElement\":[{\"@type\":\"ListItem\",\"position\":1,\"name\":\"Home\",\"item\":\"https:\\\/\\\/www.saopaulo.sp.leg.br\\\/apartes-anteriores\\\/\"},{\"@type\":\"ListItem\",\"position\":2,\"name\":\"Revista Apartes\",\"item\":\"https:\\\/\\\/www.saopaulo.sp.leg.br\\\/apartes-anteriores\\\/\"},{\"@type\":\"ListItem\",\"position\":3,\"name\":\"N\u00famero 07 &#8211; mai\\\/2014\",\"item\":\"https:\\\/\\\/www.saopaulo.sp.leg.br\\\/apartes-anteriores\\\/revista-apartes\\\/numero-7-maio2014\\\/\"},{\"@type\":\"ListItem\",\"position\":4,\"name\":\"N\u00ba07 \u2013 Notas\"}]},{\"@type\":\"WebSite\",\"@id\":\"https:\\\/\\\/homolog.saopaulo.sp.leg.br\\\/apartes-anteriores\\\/#website\",\"url\":\"https:\\\/\\\/homolog.saopaulo.sp.leg.br\\\/apartes-anteriores\\\/\",\"name\":\"Revista Apartes (edi\u00e7\u00f5es anteriores)\",\"description\":\"Revista Apartes (edi\u00e7\u00f5es anteriores)\",\"potentialAction\":[{\"@type\":\"SearchAction\",\"target\":{\"@type\":\"EntryPoint\",\"urlTemplate\":\"https:\\\/\\\/homolog.saopaulo.sp.leg.br\\\/apartes-anteriores\\\/?s={search_term_string}\"},\"query-input\":{\"@type\":\"PropertyValueSpecification\",\"valueRequired\":true,\"valueName\":\"search_term_string\"}}],\"inLanguage\":\"pt-BR\"}]}<\/script>\r\n<!-- \/ Yoast SEO plugin. -->","yoast_head_json":{"title":"N\u00ba07 \u2013 Notas","robots":{"index":"noindex","follow":"follow","max-snippet":"max-snippet:-1","max-image-preview":"max-image-preview:large","max-video-preview":"max-video-preview:-1"},"og_locale":"pt_BR","og_type":"article","og_title":"N\u00ba07 \u2013 Notas","og_description":"Notas Aplicativo permite avaliar a C\u00e2mara O MyFunCity est\u00e1 dispon\u00edvel para smartphones e desktops F\u00e1bio Lazzari\/CMSP Desde abril, uma parceria entre a C\u00e2mara Municipal de S\u00e3o Paulo (CMSP) e o aplicativo MyFunCity\/UOL permite que os cidad\u00e3os fa\u00e7am avalia\u00e7\u00e3o online da atua\u00e7\u00e3o dos mandatos dos vereadores paulistanos. \u201cEsse \u00e9 mais um dos esfor\u00e7os que a C\u00e2mara [&hellip;]","og_url":"https:\/\/www.saopaulo.sp.leg.br\/apartes-anteriores\/revista-apartes\/numero-7-maio2014\/no07-notas\/","og_site_name":"Revista Apartes (edi\u00e7\u00f5es anteriores)","article_publisher":"https:\/\/www.facebook.com\/RevistaApartes\/","article_modified_time":"2015-09-24T16:43:52+00:00","og_image":[{"url":"http:\/\/www.saopaulo.sp.leg.br\/apartes-anteriores\/wp-content\/uploads\/sites\/9\/2015\/09\/apartes_mai14_53.jpg","type":"","width":"","height":""}],"twitter_card":"summary_large_image","twitter_site":"@revistaapartes","twitter_misc":{"Est. tempo de leitura":"5 minutos"},"schema":{"@context":"https:\/\/schema.org","@graph":[{"@type":"WebPage","@id":"https:\/\/www.saopaulo.sp.leg.br\/apartes-anteriores\/revista-apartes\/numero-7-maio2014\/no07-notas\/","url":"https:\/\/www.saopaulo.sp.leg.br\/apartes-anteriores\/revista-apartes\/numero-7-maio2014\/no07-notas\/","name":"N\u00ba07 \u2013 Notas","isPartOf":{"@id":"https:\/\/homolog.saopaulo.sp.leg.br\/apartes-anteriores\/#website"},"primaryImageOfPage":{"@id":"https:\/\/www.saopaulo.sp.leg.br\/apartes-anteriores\/revista-apartes\/numero-7-maio2014\/no07-notas\/#primaryimage"},"image":{"@id":"https:\/\/www.saopaulo.sp.leg.br\/apartes-anteriores\/revista-apartes\/numero-7-maio2014\/no07-notas\/#primaryimage"},"thumbnailUrl":"http:\/\/homolog.saopaulo.sp.leg.br\/apartes-anteriores\/wp-content\/uploads\/sites\/9\/2015\/09\/apartes_mai14_53.jpg","datePublished":"2014-05-01T16:54:24+00:00","dateModified":"2015-09-24T16:43:52+00:00","breadcrumb":{"@id":"https:\/\/www.saopaulo.sp.leg.br\/apartes-anteriores\/revista-apartes\/numero-7-maio2014\/no07-notas\/#breadcrumb"},"inLanguage":"pt-BR","potentialAction":[{"@type":"ReadAction","target":["https:\/\/www.saopaulo.sp.leg.br\/apartes-anteriores\/revista-apartes\/numero-7-maio2014\/no07-notas\/"]}]},{"@type":"ImageObject","inLanguage":"pt-BR","@id":"https:\/\/www.saopaulo.sp.leg.br\/apartes-anteriores\/revista-apartes\/numero-7-maio2014\/no07-notas\/#primaryimage","url":"https:\/\/homolog.saopaulo.sp.leg.br\/apartes-anteriores\/wp-content\/uploads\/sites\/9\/2015\/09\/apartes_mai14_53.jpg","contentUrl":"https:\/\/homolog.saopaulo.sp.leg.br\/apartes-anteriores\/wp-content\/uploads\/sites\/9\/2015\/09\/apartes_mai14_53.jpg","width":1046,"height":781},{"@type":"BreadcrumbList","@id":"https:\/\/www.saopaulo.sp.leg.br\/apartes-anteriores\/revista-apartes\/numero-7-maio2014\/no07-notas\/#breadcrumb","itemListElement":[{"@type":"ListItem","position":1,"name":"Home","item":"https:\/\/www.saopaulo.sp.leg.br\/apartes-anteriores\/"},{"@type":"ListItem","position":2,"name":"Revista Apartes","item":"https:\/\/www.saopaulo.sp.leg.br\/apartes-anteriores\/"},{"@type":"ListItem","position":3,"name":"N\u00famero 07 &#8211; mai\/2014","item":"https:\/\/www.saopaulo.sp.leg.br\/apartes-anteriores\/revista-apartes\/numero-7-maio2014\/"},{"@type":"ListItem","position":4,"name":"N\u00ba07 \u2013 Notas"}]},{"@type":"WebSite","@id":"https:\/\/homolog.saopaulo.sp.leg.br\/apartes-anteriores\/#website","url":"https:\/\/homolog.saopaulo.sp.leg.br\/apartes-anteriores\/","name":"Revista Apartes (edi\u00e7\u00f5es anteriores)","description":"Revista Apartes (edi\u00e7\u00f5es anteriores)","potentialAction":[{"@type":"SearchAction","target":{"@type":"EntryPoint","urlTemplate":"https:\/\/homolog.saopaulo.sp.leg.br\/apartes-anteriores\/?s={search_term_string}"},"query-input":{"@type":"PropertyValueSpecification","valueRequired":true,"valueName":"search_term_string"}}],"inLanguage":"pt-BR"}]}},"_links":{"self":[{"href":"https:\/\/homolog.saopaulo.sp.leg.br\/apartes-anteriores\/wp-json\/wp\/v2\/pages\/34439","targetHints":{"allow":["GET"]}}],"collection":[{"href":"https:\/\/homolog.saopaulo.sp.leg.br\/apartes-anteriores\/wp-json\/wp\/v2\/pages"}],"about":[{"href":"https:\/\/homolog.saopaulo.sp.leg.br\/apartes-anteriores\/wp-json\/wp\/v2\/types\/page"}],"author":[{"embeddable":true,"href":"https:\/\/homolog.saopaulo.sp.leg.br\/apartes-anteriores\/wp-json\/wp\/v2\/users\/109"}],"replies":[{"embeddable":true,"href":"https:\/\/homolog.saopaulo.sp.leg.br\/apartes-anteriores\/wp-json\/wp\/v2\/comments?post=34439"}],"version-history":[{"count":5,"href":"https:\/\/homolog.saopaulo.sp.leg.br\/apartes-anteriores\/wp-json\/wp\/v2\/pages\/34439\/revisions"}],"predecessor-version":[{"id":34466,"href":"https:\/\/homolog.saopaulo.sp.leg.br\/apartes-anteriores\/wp-json\/wp\/v2\/pages\/34439\/revisions\/34466"}],"up":[{"embeddable":true,"href":"https:\/\/homolog.saopaulo.sp.leg.br\/apartes-anteriores\/wp-json\/wp\/v2\/pages\/24324"}],"wp:attachment":[{"href":"https:\/\/homolog.saopaulo.sp.leg.br\/apartes-anteriores\/wp-json\/wp\/v2\/media?parent=34439"}],"curies":[{"name":"wp","href":"https:\/\/api.w.org\/{rel}","templated":true}]}}