{"id":34444,"date":"2014-05-01T19:33:04","date_gmt":"2014-05-01T19:33:04","guid":{"rendered":"http:\/\/homolog.saopaulo.sp.leg.br\/apartes-anteriores\/?page_id=34444"},"modified":"2016-11-30T18:48:16","modified_gmt":"2016-11-30T20:48:16","slug":"sempre-alerta","status":"publish","type":"page","link":"https:\/\/homolog.saopaulo.sp.leg.br\/apartes-anteriores\/revista-apartes\/numero-7-maio2014\/sempre-alerta\/","title":{"rendered":"N\u00ba07 \u2013 Premia\u00e7\u00e3o"},"content":{"rendered":"<h1><strong><span style=\"color: #800000\">Sempre alerta<\/span><\/strong><\/h1>\n<h2>Pr\u00eamio Escotista M\u00e1rio Covas J\u00fanior prestigia quem faz o bem<\/h2>\n<p><strong>Rodrigo Garcia<\/strong> | <a href=\"mailto:rodrigogarcia@saopaulo.sp.leg.br\">rodrigogarcia@saopaulo.sp.leg.br<\/a><\/p>\n<p><!-- imagem TOTAL - com legenda - CENTRALIZADA --><\/p>\n<div style=\"width: 100%;margin-right: 1.5em;margin-bottom: 1.5em\">\n<div style=\"padding: 5px;background-color: #eee !important\">\n<p><a href=\"http:\/\/homolog.saopaulo.sp.leg.br\/apartes-anteriores\/wp-content\/uploads\/sites\/9\/2015\/09\/apartes_mai14_48.jpg\"><img loading=\"lazy\" decoding=\"async\" class=\"alignnone wp-image-34480 size-large\" src=\"http:\/\/homolog.saopaulo.sp.leg.br\/apartes-anteriores\/wp-content\/uploads\/sites\/9\/2015\/09\/apartes_mai14_48-1024x664.jpg\" alt=\"apartes_mai14_48\" width=\"640\" height=\"415\" srcset=\"https:\/\/homolog.saopaulo.sp.leg.br\/apartes-anteriores\/wp-content\/uploads\/sites\/9\/2015\/09\/apartes_mai14_48-1024x664.jpg 1024w, https:\/\/homolog.saopaulo.sp.leg.br\/apartes-anteriores\/wp-content\/uploads\/sites\/9\/2015\/09\/apartes_mai14_48-300x195.jpg 300w, https:\/\/homolog.saopaulo.sp.leg.br\/apartes-anteriores\/wp-content\/uploads\/sites\/9\/2015\/09\/apartes_mai14_48.jpg 1193w\" sizes=\"auto, (max-width: 640px) 100vw, 640px\" \/><\/a><\/p>\n<p style=\"font-size: 0.8em;line-height: 1.1em;text-align: center;margin: -1.5em 0px 7px 0px;color: #333;!important;background-color: transparent !important\" align=\"center\">CIVISMO &#8211; Escoteiros perfilados em respeito \u00e0s bandeiras<\/p>\n<\/div>\n<p style=\"font-size: 0.5em;line-height: 1.1em;text-align: right;margin: 4px 0px 7px 0px;background-color: transparent !important\">Ricardo Rocha\/CMSP<\/p>\n<\/div>\n<p><!-- imagem TOTAL - com legenda - CENTRALIZADA --><\/p>\n<p><!-- imagem GRANDE - com legenda - LADO ESQUERDO --><\/p>\n<div style=\"float: left;width: 310px;margin-right: 1.5em;margin-bottom: 1.5em\">\n<div style=\"float: left;padding: 5px;background-color: #eee !important\">\n<p><a href=\"http:\/\/homolog.saopaulo.sp.leg.br\/apartes-anteriores\/wp-content\/uploads\/sites\/9\/2015\/09\/apartes_mai14_46.jpg\"><img loading=\"lazy\" decoding=\"async\" class=\"alignnone wp-image-34482\" src=\"http:\/\/homolog.saopaulo.sp.leg.br\/apartes-anteriores\/wp-content\/uploads\/sites\/9\/2015\/09\/apartes_mai14_46.jpg\" alt=\"apartes_mai14_46\" width=\"300\" height=\"398\" srcset=\"https:\/\/homolog.saopaulo.sp.leg.br\/apartes-anteriores\/wp-content\/uploads\/sites\/9\/2015\/09\/apartes_mai14_46.jpg 326w, https:\/\/homolog.saopaulo.sp.leg.br\/apartes-anteriores\/wp-content\/uploads\/sites\/9\/2015\/09\/apartes_mai14_46-226x300.jpg 226w\" sizes=\"auto, (max-width: 300px) 100vw, 300px\" \/><\/a><\/p>\n<p style=\"font-size: 0.8em;line-height: 1.1em;text-align: center;margin: -1.5em 0px 7px 0px;color: #333;!important;background-color: transparent !important\" align=\"center\">MOCIDADE &#8211; Trabalhar com escoteiros rejuvenesce, garante o vereador Gilson Barreto, idealizador da premia\u00e7\u00e3o<\/p>\n<\/div>\n<p style=\"font-size: 0.5em;line-height: 1.1em;text-align: right;margin: 4px 0px 7px 0px;background-color: transparent !important\">Ricardo Rocha\/CMSP<\/p>\n<\/div>\n<p><!-- imagem GRANDE - com legenda - LADO ESQUERDO --><\/p>\n<p>Len\u00e7os coloridos, bandeiras, can\u00e7\u00f5es, palmas ritmadas, meninos e meninas uniformizados. Parecia um acampamento escoteiro em pleno Sal\u00e3o Nobre do Pal\u00e1cio Anchieta, sede da C\u00e2mara Municipal de S\u00e3o Paulo (CMSP). Mas era a sess\u00e3o solene de entrega do Pr\u00eamio Escotista M\u00e1rio Covas J\u00fanior de A\u00e7\u00e3o Volunt\u00e1ria, concedido pelo Parlamento paulistano.<\/p>\n<p><!-- imagem GRANDE - com legenda - LADO DIREITO --><\/p>\n<div style=\"float: right;width: 310px;margin-left: 1.5em;margin-bottom: 1.5em\">\n<div style=\"float: right;padding: 5px;background-color: #eee !important\">\n<p><a href=\"http:\/\/homolog.saopaulo.sp.leg.br\/apartes-anteriores\/wp-content\/uploads\/sites\/9\/2015\/09\/apartes_mai14_47.jpg\"><img loading=\"lazy\" decoding=\"async\" class=\"alignnone wp-image-34484\" src=\"http:\/\/homolog.saopaulo.sp.leg.br\/apartes-anteriores\/wp-content\/uploads\/sites\/9\/2015\/09\/apartes_mai14_47.jpg\" alt=\"apartes_mai14_47\" width=\"300\" height=\"398\" srcset=\"https:\/\/homolog.saopaulo.sp.leg.br\/apartes-anteriores\/wp-content\/uploads\/sites\/9\/2015\/09\/apartes_mai14_47.jpg 326w, https:\/\/homolog.saopaulo.sp.leg.br\/apartes-anteriores\/wp-content\/uploads\/sites\/9\/2015\/09\/apartes_mai14_47-226x300.jpg 226w\" sizes=\"auto, (max-width: 300px) 100vw, 300px\" \/><\/a><\/p>\n<p style=\"font-size: 0.8em;line-height: 1.1em;text-align: center;margin: -1.5em 0px 7px 0px;color: #333;!important;background-color: transparent !important\" align=\"center\">HOMENAGEM &#8211; O vereador Mario Covas Neto se orgulha de o pr\u00eamio ter o nome do pai<\/p>\n<\/div>\n<p style=\"font-size: 0.5em;line-height: 1.1em;text-align: right;margin: 4px 0px 7px 0px;background-color: transparent !important\">Marcelo Ximenez\/CMSP<\/p>\n<\/div>\n<p><!-- imagem GRANDE - com legenda - LADO DIREITO --><\/p>\n<p>A cria\u00e7\u00e3o da honraria, que ocorre anualmente, foi inspirada pela Lei Escoteira, que determina que seus integrantes estejam sempre alertas para ajudar o pr\u00f3ximo e pratiquem pelo menos uma boa a\u00e7\u00e3o por dia. \u201cO dever do escoteiro \u00e9 ser \u00fatil\u201d, resumia o fundador do movimento, Robert Baden-Powell. J\u00e1 o nome do pr\u00eamio vem do fato de o ex-governador M\u00e1rio Covas, tanto no comando da Prefeitura quanto no do governo do Estado de S\u00e3o Paulo, ter permitido que os escoteiros usassem espa\u00e7os p\u00fablicos, como parques, para realizar suas atividades.<\/p>\n<p>Para reconhecer t\u00e3o importante trabalho, a CMSP criou o Pr\u00eamio Escotista M\u00e1rio Covas J\u00fanior, com o objetivo de homenagear pessoas ou institui\u00e7\u00f5es que se destacam na pr\u00e1tica de a\u00e7\u00f5es volunt\u00e1rias em prol da inf\u00e2ncia e da juventude, no desenvolvimento de iniciativas para estimular a\u00e7\u00f5es de educa\u00e7\u00e3o e no incentivo ao movimento escoteiro. Os homenageados s\u00e3o indicados pela Comiss\u00e3o Municipal de Movimento Escoteiro Bandeirante (Comeb) e ratificados pela Comiss\u00e3o de Educa\u00e7\u00e3o, Cultura e Esportes da C\u00e2mara.<\/p>\n<p><!-- imagem MEDIA - com legenda - LADO ESQUERDO --><\/p>\n<div style=\"float: left;width: 310px;margin-right: 1.5em;margin-bottom: 1.5em\">\n<div style=\"float: left;padding: 5px;background-color: transparent !important\"><a href=\"http:\/\/homolog.saopaulo.sp.leg.br\/apartes-anteriores\/wp-content\/uploads\/sites\/9\/2015\/09\/apartes_mai14_45.jpg\"><img loading=\"lazy\" decoding=\"async\" class=\"alignnone size-full wp-image-34487\" src=\"http:\/\/homolog.saopaulo.sp.leg.br\/apartes-anteriores\/wp-content\/uploads\/sites\/9\/2015\/09\/apartes_mai14_45.jpg\" alt=\"apartes_mai14_45\" width=\"300\" height=\"755\" srcset=\"https:\/\/homolog.saopaulo.sp.leg.br\/apartes-anteriores\/wp-content\/uploads\/sites\/9\/2015\/09\/apartes_mai14_45.jpg 300w, https:\/\/homolog.saopaulo.sp.leg.br\/apartes-anteriores\/wp-content\/uploads\/sites\/9\/2015\/09\/apartes_mai14_45-119x300.jpg 119w\" sizes=\"auto, (max-width: 300px) 100vw, 300px\" \/><\/a><\/div>\n<\/div>\n<p><!-- imagem MEDIA - com legenda - LADO ESQUERDO --><\/p>\n<p>Segundo o vereador Gilson Barreto (PSDB), diretor da Uni\u00e3o dos Escoteiros do Brasil e autor da Resolu\u00e7\u00e3o 2\/2003, que instituiu o pr\u00eamio, a finalidade principal da homenagem \u00e9 preservar o civismo promovido pelo escotismo. \u201cAs atividades de pessoas de boa vontade contribuem para um Brasil melhor, e \u00e9 por isso que o Parlamento municipal faz quest\u00e3o de lembrar e incentivar pessoas que exercitam a responsabilidade social\u201d, afirmou.<\/p>\n<p>Neste ano, a entrega do pr\u00eamio foi realizada em 23 de abril, Dia do Escoteiro e Dia de S\u00e3o Jorge, que tamb\u00e9m \u00e9 padroeiro do movimento. Nesta edi\u00e7\u00e3o, tr\u00eas institui\u00e7\u00f5es e cinco homenageados receberam o pr\u00eamio (veja box ao lado).<\/p>\n<p>O vereador Mario Covas Neto (PSDB), filho do pol\u00edtico que d\u00e1 nome ao pr\u00eamio, compareceu \u00e0 Sess\u00e3o Solene. \u201cEssa homenagem a meu pai me enche de orgulho e de alegria\u201d, declarou. \u201cTodas essas a\u00e7\u00f5es de pessoas e entidades que t\u00eam o prop\u00f3sito de fazer o bem s\u00e3o super bem-vindas.\u201d<\/p>\n<p>Al\u00e9m de Barreto e Covas Neto, esteve na sess\u00e3o solene o vereador Coronel Telhada (PSDB), que foi lobinho (escoteiro de at\u00e9 10 anos de idade). Ele elogiou o esp\u00edrito de civismo dos escoteiros. \u201cN\u00f3s temos de amar nossa P\u00e1tria n\u00e3o s\u00f3 em dia de Copa do Mundo\u201d, afirmou.<\/p>\n<p>O coronel Jos\u00e9 Maur\u00edcio Weisshaupt Perez, comandante da Academia do Barro Branco, onde se formam os oficiais da Pol\u00edcia Militar de S\u00e3o Paulo, representou a institui\u00e7\u00e3o. Ele destacou a uni\u00e3o familiar que o movimento escoteiro propicia. \u201cHoje, quando os jovens est\u00e3o interessados em games e redes sociais, verificar a participa\u00e7\u00e3o da fam\u00edlia no movimento \u00e9 muito gratificante para n\u00f3s, que tamb\u00e9m trabalhamos na forma\u00e7\u00e3o do jovem.\u201d<\/p>\n<p>O escoteiro Rafael Aguieiras Veronezi, de 18 anos, foi premiado pelo trabalho que ele e seu grupo, o Aruak, fazem com os moradores de rua. \u201cA gente sai nas ruas entregando roupas, comida; a gente conversa, abra\u00e7a, brinca, pois a maior necessidade deles \u00e9 o apoio\u201d, explicou, com um sorriso de satisfa\u00e7\u00e3o pelo dever cumprido.<\/p>\n<p><!-- COMENTE SOBRE ESSA MATERIA --><\/p>\n<table border=\"0\" cellspacing=\"0\" cellpadding=\"0\">\n<tbody>\n<tr>\n<td align=\"center\" width=\"50%\">\n<h5>Comente sobre essa mat\u00e9ria:<\/h5>\n<p><a style=\"font-family: 'Helvetica Neue', 'Helvetica', Helvetica, Arial, sans-serif;color: #fff;font-size: 12px;text-decoration: none;font-weight: bold;text-align: center;background-color: #3b5998 !important;margin: 0 0 10px;padding: 3px 7px\" title=\"Facebook da revista Apartes\" href=\"https:\/\/www.facebook.com\/RevistaApartes\" target=\"_blank\">Facebook<\/a> <a style=\"font-family: 'Helvetica Neue', 'Helvetica', Helvetica, Arial, sans-serif;color: #fff;font-size: 12px;text-decoration: none;font-weight: bold;text-align: center;background-color: #1daced !important;margin: 0 0 10px;padding: 3px 7px\" title=\"Twitter da revista Apartes\" href=\"https:\/\/twitter.com\/RevistaApartes\" target=\"_blank\">Twitter<\/a><\/td>\n<td align=\"center\" width=\"50%\">\n<h5>Envie cr\u00edticas ou sugest\u00f5es:<\/h5>\n<p>Email: <strong><a href=\"mailto:apartes@saopaulo.sp.leg.br\">apartes@saopaulo.sp.leg.br<\/a><\/strong><\/td>\n<\/tr>\n<\/tbody>\n<\/table>\n<p><!-- COMENTE SOBRE ESSA MATERIA --><\/p>\n","protected":false},"excerpt":{"rendered":"<p>Sempre alerta Pr\u00eamio Escotista M\u00e1rio Covas J\u00fanior prestigia quem faz o bem Rodrigo Garcia | rodrigogarcia@saopaulo.sp.leg.br CIVISMO &#8211; Escoteiros perfilados em respeito \u00e0s bandeiras Ricardo Rocha\/CMSP MOCIDADE &#8211; Trabalhar com escoteiros rejuvenesce, garante o vereador Gilson Barreto, idealizador da premia\u00e7\u00e3o Ricardo Rocha\/CMSP Len\u00e7os coloridos, bandeiras, can\u00e7\u00f5es, palmas ritmadas, meninos e meninas uniformizados. Parecia um acampamento [&hellip;]<\/p>\n","protected":false},"author":109,"featured_media":0,"parent":24324,"menu_order":2,"comment_status":"closed","ping_status":"closed","template":"","meta":{"footnotes":""},"class_list":["post-34444","page","type-page","status-publish","hentry"],"meta_all":{"_edit_lock":["1480538786:109"],"_edit_last":["109"],"_wp_page_template":["default"],"_yoast_wpseo_title":["Sempre alerta"],"_yoast_wpseo_bctitle":["Sempre alerta"],"_cmsp_feature-page_title":["Sempre alerta"],"_cmsp_page_download-files":["a:1:{i:0;a:1:{s:4:\"type\";s:3:\"pdf\";}}"],"_yoast_wpseo_opengraph-title":["Sempre alerta"],"_yoast_wpseo_opengraph-description":["Pr\u00eamio Escotista M\u00e1rio Covas J\u00fanior prestigia quem faz o bem"],"_yoast_wpseo_twitter-title":["Sempre alerta"],"_yoast_wpseo_twitter-description":["Pr\u00eamio Escotista M\u00e1rio Covas J\u00fanior prestigia quem faz o bem"],"_yoast_wpseo_content_score":["30"]},"meta_all_2":{"_edit_lock":["1480538786:109"],"_edit_last":["109"],"_wp_page_template":["default"],"_yoast_wpseo_title":["Sempre alerta"],"_yoast_wpseo_bctitle":["Sempre alerta"],"_cmsp_feature-page_title":["Sempre alerta"],"_cmsp_page_download-files":["a:1:{i:0;a:1:{s:4:\"type\";s:3:\"pdf\";}}"],"_yoast_wpseo_opengraph-title":["Sempre alerta"],"_yoast_wpseo_opengraph-description":["Pr\u00eamio Escotista M\u00e1rio Covas J\u00fanior prestigia quem faz o bem"],"_yoast_wpseo_twitter-title":["Sempre alerta"],"_yoast_wpseo_twitter-description":["Pr\u00eamio Escotista M\u00e1rio Covas J\u00fanior prestigia quem faz o bem"],"_yoast_wpseo_content_score":["30"]},"yoast_head":"<!-- This site is optimized with the Yoast SEO plugin v27.4 - https:\/\/yoast.com\/product\/yoast-seo-wordpress\/ -->\r\n<title>Sempre alerta<\/title>\r\n<meta name=\"robots\" content=\"noindex, follow, max-snippet:-1, max-image-preview:large, max-video-preview:-1\" \/>\r\n<meta property=\"og:locale\" content=\"pt_BR\" \/>\r\n<meta property=\"og:type\" content=\"article\" \/>\r\n<meta property=\"og:title\" content=\"Sempre alerta\" \/>\r\n<meta property=\"og:description\" content=\"Pr\u00eamio Escotista M\u00e1rio Covas J\u00fanior prestigia quem faz o bem\" \/>\r\n<meta property=\"og:url\" content=\"https:\/\/www.saopaulo.sp.leg.br\/apartes-anteriores\/revista-apartes\/numero-7-maio2014\/sempre-alerta\/\" \/>\r\n<meta property=\"og:site_name\" content=\"Revista Apartes (edi\u00e7\u00f5es anteriores)\" \/>\r\n<meta property=\"article:publisher\" content=\"https:\/\/www.facebook.com\/RevistaApartes\/\" \/>\r\n<meta property=\"article:modified_time\" content=\"2016-11-30T20:48:16+00:00\" \/>\r\n<meta property=\"og:image\" content=\"http:\/\/www.saopaulo.sp.leg.br\/apartes-anteriores\/wp-content\/uploads\/sites\/9\/2015\/09\/apartes_mai14_48-1024x664.jpg\" \/>\r\n<meta name=\"twitter:card\" content=\"summary_large_image\" \/>\r\n<meta name=\"twitter:title\" content=\"Sempre alerta\" \/>\r\n<meta name=\"twitter:description\" content=\"Pr\u00eamio Escotista M\u00e1rio Covas J\u00fanior prestigia quem faz o bem\" \/>\r\n<meta name=\"twitter:site\" content=\"@revistaapartes\" \/>\r\n<meta name=\"twitter:label1\" content=\"Est. tempo de leitura\" \/>\n\t<meta name=\"twitter:data1\" content=\"3 minutos\" \/>\r\n<script type=\"application\/ld+json\" class=\"yoast-schema-graph\">{\"@context\":\"https:\\\/\\\/schema.org\",\"@graph\":[{\"@type\":\"WebPage\",\"@id\":\"https:\\\/\\\/www.saopaulo.sp.leg.br\\\/apartes-anteriores\\\/revista-apartes\\\/numero-7-maio2014\\\/sempre-alerta\\\/\",\"url\":\"https:\\\/\\\/www.saopaulo.sp.leg.br\\\/apartes-anteriores\\\/revista-apartes\\\/numero-7-maio2014\\\/sempre-alerta\\\/\",\"name\":\"Sempre alerta\",\"isPartOf\":{\"@id\":\"https:\\\/\\\/homolog.saopaulo.sp.leg.br\\\/apartes-anteriores\\\/#website\"},\"primaryImageOfPage\":{\"@id\":\"https:\\\/\\\/www.saopaulo.sp.leg.br\\\/apartes-anteriores\\\/revista-apartes\\\/numero-7-maio2014\\\/sempre-alerta\\\/#primaryimage\"},\"image\":{\"@id\":\"https:\\\/\\\/www.saopaulo.sp.leg.br\\\/apartes-anteriores\\\/revista-apartes\\\/numero-7-maio2014\\\/sempre-alerta\\\/#primaryimage\"},\"thumbnailUrl\":\"http:\\\/\\\/homolog.saopaulo.sp.leg.br\\\/apartes-anteriores\\\/wp-content\\\/uploads\\\/sites\\\/9\\\/2015\\\/09\\\/apartes_mai14_48-1024x664.jpg\",\"datePublished\":\"2014-05-01T19:33:04+00:00\",\"dateModified\":\"2016-11-30T20:48:16+00:00\",\"breadcrumb\":{\"@id\":\"https:\\\/\\\/www.saopaulo.sp.leg.br\\\/apartes-anteriores\\\/revista-apartes\\\/numero-7-maio2014\\\/sempre-alerta\\\/#breadcrumb\"},\"inLanguage\":\"pt-BR\",\"potentialAction\":[{\"@type\":\"ReadAction\",\"target\":[\"https:\\\/\\\/www.saopaulo.sp.leg.br\\\/apartes-anteriores\\\/revista-apartes\\\/numero-7-maio2014\\\/sempre-alerta\\\/\"]}]},{\"@type\":\"ImageObject\",\"inLanguage\":\"pt-BR\",\"@id\":\"https:\\\/\\\/www.saopaulo.sp.leg.br\\\/apartes-anteriores\\\/revista-apartes\\\/numero-7-maio2014\\\/sempre-alerta\\\/#primaryimage\",\"url\":\"https:\\\/\\\/homolog.saopaulo.sp.leg.br\\\/apartes-anteriores\\\/wp-content\\\/uploads\\\/sites\\\/9\\\/2015\\\/09\\\/apartes_mai14_48.jpg\",\"contentUrl\":\"https:\\\/\\\/homolog.saopaulo.sp.leg.br\\\/apartes-anteriores\\\/wp-content\\\/uploads\\\/sites\\\/9\\\/2015\\\/09\\\/apartes_mai14_48.jpg\",\"width\":1193,\"height\":774},{\"@type\":\"BreadcrumbList\",\"@id\":\"https:\\\/\\\/www.saopaulo.sp.leg.br\\\/apartes-anteriores\\\/revista-apartes\\\/numero-7-maio2014\\\/sempre-alerta\\\/#breadcrumb\",\"itemListElement\":[{\"@type\":\"ListItem\",\"position\":1,\"name\":\"Home\",\"item\":\"https:\\\/\\\/www.saopaulo.sp.leg.br\\\/apartes-anteriores\\\/\"},{\"@type\":\"ListItem\",\"position\":2,\"name\":\"Revista Apartes\",\"item\":\"https:\\\/\\\/www.saopaulo.sp.leg.br\\\/apartes-anteriores\\\/\"},{\"@type\":\"ListItem\",\"position\":3,\"name\":\"N\u00famero 07 &#8211; mai\\\/2014\",\"item\":\"https:\\\/\\\/www.saopaulo.sp.leg.br\\\/apartes-anteriores\\\/revista-apartes\\\/numero-7-maio2014\\\/\"},{\"@type\":\"ListItem\",\"position\":4,\"name\":\"Sempre alerta\"}]},{\"@type\":\"WebSite\",\"@id\":\"https:\\\/\\\/homolog.saopaulo.sp.leg.br\\\/apartes-anteriores\\\/#website\",\"url\":\"https:\\\/\\\/homolog.saopaulo.sp.leg.br\\\/apartes-anteriores\\\/\",\"name\":\"Revista Apartes (edi\u00e7\u00f5es anteriores)\",\"description\":\"Revista Apartes (edi\u00e7\u00f5es anteriores)\",\"potentialAction\":[{\"@type\":\"SearchAction\",\"target\":{\"@type\":\"EntryPoint\",\"urlTemplate\":\"https:\\\/\\\/homolog.saopaulo.sp.leg.br\\\/apartes-anteriores\\\/?s={search_term_string}\"},\"query-input\":{\"@type\":\"PropertyValueSpecification\",\"valueRequired\":true,\"valueName\":\"search_term_string\"}}],\"inLanguage\":\"pt-BR\"}]}<\/script>\r\n<!-- \/ Yoast SEO plugin. -->","yoast_head_json":{"title":"Sempre alerta","robots":{"index":"noindex","follow":"follow","max-snippet":"max-snippet:-1","max-image-preview":"max-image-preview:large","max-video-preview":"max-video-preview:-1"},"og_locale":"pt_BR","og_type":"article","og_title":"Sempre alerta","og_description":"Pr\u00eamio Escotista M\u00e1rio Covas J\u00fanior prestigia quem faz o bem","og_url":"https:\/\/www.saopaulo.sp.leg.br\/apartes-anteriores\/revista-apartes\/numero-7-maio2014\/sempre-alerta\/","og_site_name":"Revista Apartes (edi\u00e7\u00f5es anteriores)","article_publisher":"https:\/\/www.facebook.com\/RevistaApartes\/","article_modified_time":"2016-11-30T20:48:16+00:00","og_image":[{"url":"http:\/\/www.saopaulo.sp.leg.br\/apartes-anteriores\/wp-content\/uploads\/sites\/9\/2015\/09\/apartes_mai14_48-1024x664.jpg","type":"","width":"","height":""}],"twitter_card":"summary_large_image","twitter_title":"Sempre alerta","twitter_description":"Pr\u00eamio Escotista M\u00e1rio Covas J\u00fanior prestigia quem faz o bem","twitter_site":"@revistaapartes","twitter_misc":{"Est. tempo de leitura":"3 minutos"},"schema":{"@context":"https:\/\/schema.org","@graph":[{"@type":"WebPage","@id":"https:\/\/www.saopaulo.sp.leg.br\/apartes-anteriores\/revista-apartes\/numero-7-maio2014\/sempre-alerta\/","url":"https:\/\/www.saopaulo.sp.leg.br\/apartes-anteriores\/revista-apartes\/numero-7-maio2014\/sempre-alerta\/","name":"Sempre alerta","isPartOf":{"@id":"https:\/\/homolog.saopaulo.sp.leg.br\/apartes-anteriores\/#website"},"primaryImageOfPage":{"@id":"https:\/\/www.saopaulo.sp.leg.br\/apartes-anteriores\/revista-apartes\/numero-7-maio2014\/sempre-alerta\/#primaryimage"},"image":{"@id":"https:\/\/www.saopaulo.sp.leg.br\/apartes-anteriores\/revista-apartes\/numero-7-maio2014\/sempre-alerta\/#primaryimage"},"thumbnailUrl":"http:\/\/homolog.saopaulo.sp.leg.br\/apartes-anteriores\/wp-content\/uploads\/sites\/9\/2015\/09\/apartes_mai14_48-1024x664.jpg","datePublished":"2014-05-01T19:33:04+00:00","dateModified":"2016-11-30T20:48:16+00:00","breadcrumb":{"@id":"https:\/\/www.saopaulo.sp.leg.br\/apartes-anteriores\/revista-apartes\/numero-7-maio2014\/sempre-alerta\/#breadcrumb"},"inLanguage":"pt-BR","potentialAction":[{"@type":"ReadAction","target":["https:\/\/www.saopaulo.sp.leg.br\/apartes-anteriores\/revista-apartes\/numero-7-maio2014\/sempre-alerta\/"]}]},{"@type":"ImageObject","inLanguage":"pt-BR","@id":"https:\/\/www.saopaulo.sp.leg.br\/apartes-anteriores\/revista-apartes\/numero-7-maio2014\/sempre-alerta\/#primaryimage","url":"https:\/\/homolog.saopaulo.sp.leg.br\/apartes-anteriores\/wp-content\/uploads\/sites\/9\/2015\/09\/apartes_mai14_48.jpg","contentUrl":"https:\/\/homolog.saopaulo.sp.leg.br\/apartes-anteriores\/wp-content\/uploads\/sites\/9\/2015\/09\/apartes_mai14_48.jpg","width":1193,"height":774},{"@type":"BreadcrumbList","@id":"https:\/\/www.saopaulo.sp.leg.br\/apartes-anteriores\/revista-apartes\/numero-7-maio2014\/sempre-alerta\/#breadcrumb","itemListElement":[{"@type":"ListItem","position":1,"name":"Home","item":"https:\/\/www.saopaulo.sp.leg.br\/apartes-anteriores\/"},{"@type":"ListItem","position":2,"name":"Revista Apartes","item":"https:\/\/www.saopaulo.sp.leg.br\/apartes-anteriores\/"},{"@type":"ListItem","position":3,"name":"N\u00famero 07 &#8211; mai\/2014","item":"https:\/\/www.saopaulo.sp.leg.br\/apartes-anteriores\/revista-apartes\/numero-7-maio2014\/"},{"@type":"ListItem","position":4,"name":"Sempre alerta"}]},{"@type":"WebSite","@id":"https:\/\/homolog.saopaulo.sp.leg.br\/apartes-anteriores\/#website","url":"https:\/\/homolog.saopaulo.sp.leg.br\/apartes-anteriores\/","name":"Revista Apartes (edi\u00e7\u00f5es anteriores)","description":"Revista Apartes (edi\u00e7\u00f5es anteriores)","potentialAction":[{"@type":"SearchAction","target":{"@type":"EntryPoint","urlTemplate":"https:\/\/homolog.saopaulo.sp.leg.br\/apartes-anteriores\/?s={search_term_string}"},"query-input":{"@type":"PropertyValueSpecification","valueRequired":true,"valueName":"search_term_string"}}],"inLanguage":"pt-BR"}]}},"_links":{"self":[{"href":"https:\/\/homolog.saopaulo.sp.leg.br\/apartes-anteriores\/wp-json\/wp\/v2\/pages\/34444","targetHints":{"allow":["GET"]}}],"collection":[{"href":"https:\/\/homolog.saopaulo.sp.leg.br\/apartes-anteriores\/wp-json\/wp\/v2\/pages"}],"about":[{"href":"https:\/\/homolog.saopaulo.sp.leg.br\/apartes-anteriores\/wp-json\/wp\/v2\/types\/page"}],"author":[{"embeddable":true,"href":"https:\/\/homolog.saopaulo.sp.leg.br\/apartes-anteriores\/wp-json\/wp\/v2\/users\/109"}],"replies":[{"embeddable":true,"href":"https:\/\/homolog.saopaulo.sp.leg.br\/apartes-anteriores\/wp-json\/wp\/v2\/comments?post=34444"}],"version-history":[{"count":5,"href":"https:\/\/homolog.saopaulo.sp.leg.br\/apartes-anteriores\/wp-json\/wp\/v2\/pages\/34444\/revisions"}],"predecessor-version":[{"id":34489,"href":"https:\/\/homolog.saopaulo.sp.leg.br\/apartes-anteriores\/wp-json\/wp\/v2\/pages\/34444\/revisions\/34489"}],"up":[{"embeddable":true,"href":"https:\/\/homolog.saopaulo.sp.leg.br\/apartes-anteriores\/wp-json\/wp\/v2\/pages\/24324"}],"wp:attachment":[{"href":"https:\/\/homolog.saopaulo.sp.leg.br\/apartes-anteriores\/wp-json\/wp\/v2\/media?parent=34444"}],"curies":[{"name":"wp","href":"https:\/\/api.w.org\/{rel}","templated":true}]}}