{"id":34460,"date":"2014-05-01T21:09:20","date_gmt":"2014-05-01T21:09:20","guid":{"rendered":"http:\/\/homolog.saopaulo.sp.leg.br\/apartes-anteriores\/?page_id=34460"},"modified":"2016-11-30T18:57:20","modified_gmt":"2016-11-30T20:57:20","slug":"conspiracao-e-resistencia","status":"publish","type":"page","link":"https:\/\/homolog.saopaulo.sp.leg.br\/apartes-anteriores\/revista-apartes\/numero-7-maio2014\/no07-palavra-do-presidente\/conspiracao-e-resistencia\/","title":{"rendered":"N\u00ba07 \u2013 Entrevista"},"content":{"rendered":"<h1><strong><span style=\"color: #800000\">Conspira\u00e7\u00e3o e resist\u00eancia<\/span><\/strong><\/h1>\n<h2>Em evento na CMSP, Paulo Markun explica atua\u00e7\u00e3o da imprensa durante a ditadura e a democracia<\/h2>\n<p><strong>Rodrigo Garcia<\/strong> | <a href=\"mailto:rodrigogarcia@saopaulo.sp.leg.br\">rodrigogarcia@saopaulo.sp.leg.br<\/a><\/p>\n<p><!-- imagem TOTAL - com legenda - CENTRALIZADA --><\/p>\n<div style=\"width: 100%;margin-right: 1.5em;margin-bottom: 1.5em\">\n<div style=\"padding: 5px;background-color: #eee !important\"><a href=\"http:\/\/homolog.saopaulo.sp.leg.br\/apartes-anteriores\/wp-content\/uploads\/sites\/9\/2015\/09\/apartes_mai14_02.jpg\"><img loading=\"lazy\" decoding=\"async\" class=\"alignnone wp-image-34624\" src=\"http:\/\/homolog.saopaulo.sp.leg.br\/apartes-anteriores\/wp-content\/uploads\/sites\/9\/2015\/09\/apartes_mai14_02.jpg\" alt=\"apartes_mai14_02\" width=\"640\" height=\"482\" srcset=\"https:\/\/homolog.saopaulo.sp.leg.br\/apartes-anteriores\/wp-content\/uploads\/sites\/9\/2015\/09\/apartes_mai14_02.jpg 1193w, https:\/\/homolog.saopaulo.sp.leg.br\/apartes-anteriores\/wp-content\/uploads\/sites\/9\/2015\/09\/apartes_mai14_02-300x226.jpg 300w, https:\/\/homolog.saopaulo.sp.leg.br\/apartes-anteriores\/wp-content\/uploads\/sites\/9\/2015\/09\/apartes_mai14_02-1024x771.jpg 1024w\" sizes=\"auto, (max-width: 640px) 100vw, 640px\" \/><\/a><\/div>\n<p style=\"font-size: 0.5em;line-height: 1.1em;text-align: right;margin: 0px 0px 7px 0px;background-color: transparent !important\">Ricardo Rocha\/CMSP<\/p>\n<\/div>\n<p><!-- imagem TOTAL - com legenda - CENTRALIZADA --><\/p>\n<p>O jornalista e escritor <strong>Paulo Markun<\/strong>, ex-presidente da TV Cultura, tem uma vis\u00e3o bem cr\u00edtica do papel da imprensa nos preparativos para o golpe que derrubou o presidente Jo\u00e3o Goulart, em 31 de mar\u00e7o de 1964, e nos 21 anos de autoritarismo que se seguiram. \u201cEssa vis\u00e3o de que havia uma maci\u00e7a resist\u00eancia dos jornalistas \u00e9 um pouco cor-de-rosa\u201d, resumiu. Markun participou do Ciclo de Debates em Comunica\u00e7\u00e3o da C\u00e2mara Municipal de S\u00e3o Paulo, em 15 de abril, no qual se discutiu a rela\u00e7\u00e3o entre m\u00eddia, ditadura e democracia. Ele, que se prepara para lan\u00e7ar o livro O Brado Retumbante, tamb\u00e9m concedeu entrevista para aprofundar alguns pontos de sua an\u00e1lise.<\/p>\n<p><strong>Qual foi a participa\u00e7\u00e3o da imprensa no golpe?<\/strong><\/p>\n<p>Paulo Markun: No primeiro momento, grande parte dos ve\u00edculos apoiou o golpe. Dentre os grandes jornais da \u00e9poca, apenas a \u00daltima Hora apoiava Jango e suas reda\u00e7\u00f5es foram empasteladas em v\u00e1rios locais do Brasil. \u00c9 importante ressaltar que, logo depois, o Correio da Manh\u00e3 come\u00e7ou a se afastar do movimento, com alguns jornalistas, como Carlos Heitor Cony e Marcio Moreira Alves denunciando tortura, o que obrigou o governo a tentar justificar o injustific\u00e1vel. Esse processo vai evoluindo e outros ve\u00edculos come\u00e7am a ficar contra o regime, ainda que com certos cuidados. O Estado de S.Paulo, cujo propriet\u00e1rio (J\u00falio de Mesquita Filho) foi um dos integrantes da conspira\u00e7\u00e3o pela queda de Jango, foi um dos jornais que se posicionou contra a ditadura, principalmente depois do AI-5, pois, at\u00e9 ent\u00e3o, a imprensa tinha razo\u00e1vel liberdade e exercia a sua fun\u00e7\u00e3o.<\/p>\n<p><strong>Como os jornalistas reagiam?<\/strong><\/p>\n<p>A grande maioria n\u00e3o era a favor do golpe, mas havia os favor\u00e1veis. E uma grande parte dos profissionais n\u00e3o se opunha expressamente. Fazia seu trabalho, cumpria as ordens da censura, que chegavam \u00e0 maioria das reda\u00e7\u00f5es por telegrama ou telefonema. Muitas vezes a gente sabia das not\u00edcias por essas ordens, pois nem apurar a gente conseguia. Essa vis\u00e3o de que havia uma maci\u00e7a resist\u00eancia dos jornalistas \u00e9 um pouco cor-de-rosa.<\/p>\n<p><!-- imagem TOTAL - com legenda - CENTRALIZADA --><\/p>\n<div style=\"width: 100%;margin-right: 1.5em;margin-bottom: 1.5em\">\n<div style=\"padding: 5px;background-color: #eee !important\">\n<p><a href=\"http:\/\/homolog.saopaulo.sp.leg.br\/apartes-anteriores\/wp-content\/uploads\/sites\/9\/2015\/09\/apartes_mai14_01.jpg\"><img loading=\"lazy\" decoding=\"async\" class=\"alignnone wp-image-34626\" src=\"http:\/\/homolog.saopaulo.sp.leg.br\/apartes-anteriores\/wp-content\/uploads\/sites\/9\/2015\/09\/apartes_mai14_01.jpg\" alt=\"apartes_mai14_01\" width=\"640\" height=\"410\" srcset=\"https:\/\/homolog.saopaulo.sp.leg.br\/apartes-anteriores\/wp-content\/uploads\/sites\/9\/2015\/09\/apartes_mai14_01.jpg 1036w, https:\/\/homolog.saopaulo.sp.leg.br\/apartes-anteriores\/wp-content\/uploads\/sites\/9\/2015\/09\/apartes_mai14_01-300x192.jpg 300w, https:\/\/homolog.saopaulo.sp.leg.br\/apartes-anteriores\/wp-content\/uploads\/sites\/9\/2015\/09\/apartes_mai14_01-1024x656.jpg 1024w\" sizes=\"auto, (max-width: 640px) 100vw, 640px\" \/><\/a><\/p>\n<p style=\"font-size: 0.8em;line-height: 1.1em;text-align: center;margin: -1.5em 0px 7px 0px;color: #333;!important;background-color: transparent !important\" align=\"center\">TRANSFORMA\u00c7\u00c3O &#8211; A imprensa est\u00e1 passando por uma crise, admite Markun<\/p>\n<\/div>\n<p style=\"font-size: 0.5em;line-height: 1.1em;text-align: right;margin: 4px 0px 7px 0px;background-color: transparent !important\">Gute Garbelotto\/CMSP<\/p>\n<\/div>\n<p><!-- imagem TOTAL - com legenda - CENTRALIZADA --><\/p>\n<p><strong>Qual foi a import\u00e2ncia dos jornais alternativos?<\/strong><\/p>\n<p>Surgiram mais de 150 ve\u00edculos alternativos, mas eles tamb\u00e9m n\u00e3o conseguiam exercer sua atividade por for\u00e7a da censura. Eu trabalhei no Opini\u00e3o e a gente produzia dois jornais; um era simplesmente jogado no lixo pelos censores. O que sobrava tinha muito menos informa\u00e7\u00e3o e contund\u00eancia do que a grande imprensa. Infelizmente, n\u00e3o era algo eficiente. Mas isso n\u00e3o diminui o esfor\u00e7o nem o empenho das pessoas que buscaram esse caminho de luta. E aqui ou acol\u00e1 houve \u00eaxitos moment\u00e2neos, em que se driblava a censura ou cobria assuntos que a grande imprensa n\u00e3o abordava, por exemplo, a quest\u00e3o sindical.<\/p>\n<p><strong>Como est\u00e1 a imprensa atualmente?<\/strong><\/p>\n<p>A imprensa est\u00e1 em crise, n\u00e3o por for\u00e7a de suas op\u00e7\u00f5es ideol\u00f3gicas, mas pela realidade do mercado, por for\u00e7a das transforma\u00e7\u00f5es tecnol\u00f3gicas. Est\u00e1 procurando alternativas para sobreviver. Uma delas \u00e9 a polariza\u00e7\u00e3o, que faz com que comentaristas cr\u00edticos ao governo federal tenham espa\u00e7o mais amplo do que j\u00e1 tiveram no passado. Ao mesmo tempo, governo nenhum gosta de imprensa contra ele, gostaria de ter a favor. A maior parte dos ve\u00edculos da grande imprensa n\u00e3o \u00e9 de oposi\u00e7\u00e3o sistem\u00e1tica ao governo. Essa \u00e9 uma vis\u00e3o contaminada pelo processo pol\u00edtico. N\u00e3o acho que haja um Partido da Imprensa Golpista, o PIG. Mas tamb\u00e9m creio que muitas a\u00e7\u00f5es do governo que mereceriam ser mais divulgadas e analisadas s\u00e3o contaminadas pela oposi\u00e7\u00e3o sistem\u00e1tica de certos setores. O rem\u00e9dio para isso \u00e9 continuar havendo democracia e liberdade de imprensa. E as novas tecnologias oferecerem a possibilidade de comunica\u00e7\u00e3o direta com o grande p\u00fablico e entre o grande p\u00fablico. Basta ver a quantidade de coment\u00e1rios que h\u00e1 nas not\u00edcias dos portais.<\/p>\n<p><!-- LIVROS --><\/p>\n<table border=\"0\" width=\"640px\" cellspacing=\"0\" cellpadding=\"0\" bgcolor=\"#ecf8ff\">\n<tbody>\n<tr>\n<td>\n<h2><strong>Principais livros de Paulo Markun<\/strong><\/h2>\n<p>&#8211; Dom Paulo Evaristo Arns, o Cardeal do Povo<br \/>\n&#8211; Anita Garibaldi, uma Hero\u00edna Brasileira<br \/>\n&#8211; O Sapo e o Pr\u00edncipe &#8211; Biografia Comparada de Lula e Fernando Henrique<br \/>\n&#8211; Meu Querido Vlado<br \/>\n&#8211; Cabeza de Vaca<br \/>\n&#8211; 1961- o Brasil entre a Ditadura e a Guerra Civil<br \/>\n&#8211; Brado Retumbante (a ser lan\u00e7ado em breve)<\/td>\n<\/tr>\n<\/tbody>\n<\/table>\n<p><!-- LIVROS --><\/p>\n<p><!-- COMENTE SOBRE ESSA MATERIA --><\/p>\n<table border=\"0\" cellspacing=\"0\" cellpadding=\"0\">\n<tbody>\n<tr>\n<td align=\"center\" width=\"50%\">\n<h5>Comente sobre essa mat\u00e9ria:<\/h5>\n<p><a style=\"font-family: 'Helvetica Neue', 'Helvetica', Helvetica, Arial, sans-serif;color: #fff;font-size: 12px;text-decoration: none;font-weight: bold;text-align: center;background-color: #3b5998 !important;margin: 0 0 10px;padding: 3px 7px\" title=\"Facebook da revista Apartes\" href=\"https:\/\/www.facebook.com\/RevistaApartes\" target=\"_blank\">Facebook<\/a> <a style=\"font-family: 'Helvetica Neue', 'Helvetica', Helvetica, Arial, sans-serif;color: #fff;font-size: 12px;text-decoration: none;font-weight: bold;text-align: center;background-color: #1daced !important;margin: 0 0 10px;padding: 3px 7px\" title=\"Twitter da revista Apartes\" href=\"https:\/\/twitter.com\/RevistaApartes\" target=\"_blank\">Twitter<\/a><\/td>\n<td align=\"center\" width=\"50%\">\n<h5>Envie cr\u00edticas ou sugest\u00f5es:<\/h5>\n<p>Email: <strong><a href=\"mailto:apartes@saopaulo.sp.leg.br\">apartes@saopaulo.sp.leg.br<\/a><\/strong><\/td>\n<\/tr>\n<\/tbody>\n<\/table>\n<p><!-- COMENTE SOBRE ESSA MATERIA --><\/p>\n","protected":false},"excerpt":{"rendered":"<p>Conspira\u00e7\u00e3o e resist\u00eancia Em evento na CMSP, Paulo Markun explica atua\u00e7\u00e3o da imprensa durante a ditadura e a democracia Rodrigo Garcia | rodrigogarcia@saopaulo.sp.leg.br Ricardo Rocha\/CMSP O jornalista e escritor Paulo Markun, ex-presidente da TV Cultura, tem uma vis\u00e3o bem cr\u00edtica do papel da imprensa nos preparativos para o golpe que derrubou o presidente Jo\u00e3o Goulart, [&hellip;]<\/p>\n","protected":false},"author":109,"featured_media":0,"parent":34434,"menu_order":8,"comment_status":"closed","ping_status":"closed","template":"","meta":{"footnotes":""},"class_list":["post-34460","page","type-page","status-publish","hentry"],"meta_all":{"_edit_lock":["1480539300:109"],"_edit_last":["109"],"_wp_page_template":["default"],"_yoast_wpseo_title":["Conspira\u00e7\u00e3o e resist\u00eancia"],"_yoast_wpseo_bctitle":["Conspira\u00e7\u00e3o e resist\u00eancia"],"_cmsp_feature-page_title":["Conspira\u00e7\u00e3o e resist\u00eancia"],"_cmsp_page_download-files":["a:1:{i:0;a:1:{s:4:\"type\";s:3:\"pdf\";}}"],"_yoast_wpseo_opengraph-title":["Conspira\u00e7\u00e3o e resist\u00eancia"],"_yoast_wpseo_opengraph-description":["Em evento na CMSP, Paulo Markun explica atua\u00e7\u00e3o da imprensa durante a ditadura e a democracia"],"_yoast_wpseo_twitter-title":["Conspira\u00e7\u00e3o e resist\u00eancia"],"_yoast_wpseo_twitter-description":["Em evento na CMSP, Paulo Markun explica atua\u00e7\u00e3o da imprensa durante a ditadura e a democracia"],"_yoast_wpseo_content_score":["60"]},"meta_all_2":{"_edit_lock":["1480539300:109"],"_edit_last":["109"],"_wp_page_template":["default"],"_yoast_wpseo_title":["Conspira\u00e7\u00e3o e resist\u00eancia"],"_yoast_wpseo_bctitle":["Conspira\u00e7\u00e3o e resist\u00eancia"],"_cmsp_feature-page_title":["Conspira\u00e7\u00e3o e resist\u00eancia"],"_cmsp_page_download-files":["a:1:{i:0;a:1:{s:4:\"type\";s:3:\"pdf\";}}"],"_yoast_wpseo_opengraph-title":["Conspira\u00e7\u00e3o e resist\u00eancia"],"_yoast_wpseo_opengraph-description":["Em evento na CMSP, Paulo Markun explica atua\u00e7\u00e3o da imprensa durante a ditadura e a democracia"],"_yoast_wpseo_twitter-title":["Conspira\u00e7\u00e3o e resist\u00eancia"],"_yoast_wpseo_twitter-description":["Em evento na CMSP, Paulo Markun explica atua\u00e7\u00e3o da imprensa durante a ditadura e a democracia"],"_yoast_wpseo_content_score":["60"]},"yoast_head":"<!-- This site is optimized with the Yoast SEO plugin v27.4 - https:\/\/yoast.com\/product\/yoast-seo-wordpress\/ -->\r\n<title>Conspira\u00e7\u00e3o e resist\u00eancia<\/title>\r\n<meta name=\"robots\" content=\"noindex, follow, max-snippet:-1, max-image-preview:large, max-video-preview:-1\" \/>\r\n<meta property=\"og:locale\" content=\"pt_BR\" \/>\r\n<meta property=\"og:type\" content=\"article\" \/>\r\n<meta property=\"og:title\" content=\"Conspira\u00e7\u00e3o e resist\u00eancia\" \/>\r\n<meta property=\"og:description\" content=\"Em evento na CMSP, Paulo Markun explica atua\u00e7\u00e3o da imprensa durante a ditadura e a democracia\" \/>\r\n<meta property=\"og:url\" content=\"https:\/\/www.saopaulo.sp.leg.br\/apartes-anteriores\/revista-apartes\/numero-7-maio2014\/no07-palavra-do-presidente\/conspiracao-e-resistencia\/\" \/>\r\n<meta property=\"og:site_name\" content=\"Revista Apartes (edi\u00e7\u00f5es anteriores)\" \/>\r\n<meta property=\"article:publisher\" content=\"https:\/\/www.facebook.com\/RevistaApartes\/\" \/>\r\n<meta property=\"article:modified_time\" content=\"2016-11-30T20:57:20+00:00\" \/>\r\n<meta property=\"og:image\" content=\"http:\/\/www.saopaulo.sp.leg.br\/apartes-anteriores\/wp-content\/uploads\/sites\/9\/2015\/09\/apartes_mai14_02.jpg\" \/>\r\n<meta name=\"twitter:card\" content=\"summary_large_image\" \/>\r\n<meta name=\"twitter:title\" content=\"Conspira\u00e7\u00e3o e resist\u00eancia\" \/>\r\n<meta name=\"twitter:description\" content=\"Em evento na CMSP, Paulo Markun explica atua\u00e7\u00e3o da imprensa durante a ditadura e a democracia\" \/>\r\n<meta name=\"twitter:site\" content=\"@revistaapartes\" \/>\r\n<meta name=\"twitter:label1\" content=\"Est. tempo de leitura\" \/>\n\t<meta name=\"twitter:data1\" content=\"4 minutos\" \/>\r\n<script type=\"application\/ld+json\" class=\"yoast-schema-graph\">{\"@context\":\"https:\\\/\\\/schema.org\",\"@graph\":[{\"@type\":\"WebPage\",\"@id\":\"https:\\\/\\\/www.saopaulo.sp.leg.br\\\/apartes-anteriores\\\/revista-apartes\\\/numero-7-maio2014\\\/no07-palavra-do-presidente\\\/conspiracao-e-resistencia\\\/\",\"url\":\"https:\\\/\\\/www.saopaulo.sp.leg.br\\\/apartes-anteriores\\\/revista-apartes\\\/numero-7-maio2014\\\/no07-palavra-do-presidente\\\/conspiracao-e-resistencia\\\/\",\"name\":\"Conspira\u00e7\u00e3o e resist\u00eancia\",\"isPartOf\":{\"@id\":\"https:\\\/\\\/homolog.saopaulo.sp.leg.br\\\/apartes-anteriores\\\/#website\"},\"primaryImageOfPage\":{\"@id\":\"https:\\\/\\\/www.saopaulo.sp.leg.br\\\/apartes-anteriores\\\/revista-apartes\\\/numero-7-maio2014\\\/no07-palavra-do-presidente\\\/conspiracao-e-resistencia\\\/#primaryimage\"},\"image\":{\"@id\":\"https:\\\/\\\/www.saopaulo.sp.leg.br\\\/apartes-anteriores\\\/revista-apartes\\\/numero-7-maio2014\\\/no07-palavra-do-presidente\\\/conspiracao-e-resistencia\\\/#primaryimage\"},\"thumbnailUrl\":\"http:\\\/\\\/homolog.saopaulo.sp.leg.br\\\/apartes-anteriores\\\/wp-content\\\/uploads\\\/sites\\\/9\\\/2015\\\/09\\\/apartes_mai14_02.jpg\",\"datePublished\":\"2014-05-01T21:09:20+00:00\",\"dateModified\":\"2016-11-30T20:57:20+00:00\",\"breadcrumb\":{\"@id\":\"https:\\\/\\\/www.saopaulo.sp.leg.br\\\/apartes-anteriores\\\/revista-apartes\\\/numero-7-maio2014\\\/no07-palavra-do-presidente\\\/conspiracao-e-resistencia\\\/#breadcrumb\"},\"inLanguage\":\"pt-BR\",\"potentialAction\":[{\"@type\":\"ReadAction\",\"target\":[\"https:\\\/\\\/www.saopaulo.sp.leg.br\\\/apartes-anteriores\\\/revista-apartes\\\/numero-7-maio2014\\\/no07-palavra-do-presidente\\\/conspiracao-e-resistencia\\\/\"]}]},{\"@type\":\"ImageObject\",\"inLanguage\":\"pt-BR\",\"@id\":\"https:\\\/\\\/www.saopaulo.sp.leg.br\\\/apartes-anteriores\\\/revista-apartes\\\/numero-7-maio2014\\\/no07-palavra-do-presidente\\\/conspiracao-e-resistencia\\\/#primaryimage\",\"url\":\"https:\\\/\\\/homolog.saopaulo.sp.leg.br\\\/apartes-anteriores\\\/wp-content\\\/uploads\\\/sites\\\/9\\\/2015\\\/09\\\/apartes_mai14_02.jpg\",\"contentUrl\":\"https:\\\/\\\/homolog.saopaulo.sp.leg.br\\\/apartes-anteriores\\\/wp-content\\\/uploads\\\/sites\\\/9\\\/2015\\\/09\\\/apartes_mai14_02.jpg\",\"width\":1193,\"height\":898},{\"@type\":\"BreadcrumbList\",\"@id\":\"https:\\\/\\\/www.saopaulo.sp.leg.br\\\/apartes-anteriores\\\/revista-apartes\\\/numero-7-maio2014\\\/no07-palavra-do-presidente\\\/conspiracao-e-resistencia\\\/#breadcrumb\",\"itemListElement\":[{\"@type\":\"ListItem\",\"position\":1,\"name\":\"Home\",\"item\":\"https:\\\/\\\/www.saopaulo.sp.leg.br\\\/apartes-anteriores\\\/\"},{\"@type\":\"ListItem\",\"position\":2,\"name\":\"Revista Apartes\",\"item\":\"https:\\\/\\\/www.saopaulo.sp.leg.br\\\/apartes-anteriores\\\/\"},{\"@type\":\"ListItem\",\"position\":3,\"name\":\"N\u00famero 07 &#8211; mai\\\/2014\",\"item\":\"https:\\\/\\\/www.saopaulo.sp.leg.br\\\/apartes-anteriores\\\/revista-apartes\\\/numero-7-maio2014\\\/\"},{\"@type\":\"ListItem\",\"position\":4,\"name\":\"N\u00ba07 \u2013 Palavra do Presidente\",\"item\":\"https:\\\/\\\/www.saopaulo.sp.leg.br\\\/apartes-anteriores\\\/revista-apartes\\\/numero-7-maio2014\\\/no07-palavra-do-presidente\\\/\"},{\"@type\":\"ListItem\",\"position\":5,\"name\":\"Conspira\u00e7\u00e3o e resist\u00eancia\"}]},{\"@type\":\"WebSite\",\"@id\":\"https:\\\/\\\/homolog.saopaulo.sp.leg.br\\\/apartes-anteriores\\\/#website\",\"url\":\"https:\\\/\\\/homolog.saopaulo.sp.leg.br\\\/apartes-anteriores\\\/\",\"name\":\"Revista Apartes (edi\u00e7\u00f5es anteriores)\",\"description\":\"Revista Apartes (edi\u00e7\u00f5es anteriores)\",\"potentialAction\":[{\"@type\":\"SearchAction\",\"target\":{\"@type\":\"EntryPoint\",\"urlTemplate\":\"https:\\\/\\\/homolog.saopaulo.sp.leg.br\\\/apartes-anteriores\\\/?s={search_term_string}\"},\"query-input\":{\"@type\":\"PropertyValueSpecification\",\"valueRequired\":true,\"valueName\":\"search_term_string\"}}],\"inLanguage\":\"pt-BR\"}]}<\/script>\r\n<!-- \/ Yoast SEO plugin. -->","yoast_head_json":{"title":"Conspira\u00e7\u00e3o e resist\u00eancia","robots":{"index":"noindex","follow":"follow","max-snippet":"max-snippet:-1","max-image-preview":"max-image-preview:large","max-video-preview":"max-video-preview:-1"},"og_locale":"pt_BR","og_type":"article","og_title":"Conspira\u00e7\u00e3o e resist\u00eancia","og_description":"Em evento na CMSP, Paulo Markun explica atua\u00e7\u00e3o da imprensa durante a ditadura e a democracia","og_url":"https:\/\/www.saopaulo.sp.leg.br\/apartes-anteriores\/revista-apartes\/numero-7-maio2014\/no07-palavra-do-presidente\/conspiracao-e-resistencia\/","og_site_name":"Revista Apartes (edi\u00e7\u00f5es anteriores)","article_publisher":"https:\/\/www.facebook.com\/RevistaApartes\/","article_modified_time":"2016-11-30T20:57:20+00:00","og_image":[{"url":"http:\/\/www.saopaulo.sp.leg.br\/apartes-anteriores\/wp-content\/uploads\/sites\/9\/2015\/09\/apartes_mai14_02.jpg","type":"","width":"","height":""}],"twitter_card":"summary_large_image","twitter_title":"Conspira\u00e7\u00e3o e resist\u00eancia","twitter_description":"Em evento na CMSP, Paulo Markun explica atua\u00e7\u00e3o da imprensa durante a ditadura e a democracia","twitter_site":"@revistaapartes","twitter_misc":{"Est. tempo de leitura":"4 minutos"},"schema":{"@context":"https:\/\/schema.org","@graph":[{"@type":"WebPage","@id":"https:\/\/www.saopaulo.sp.leg.br\/apartes-anteriores\/revista-apartes\/numero-7-maio2014\/no07-palavra-do-presidente\/conspiracao-e-resistencia\/","url":"https:\/\/www.saopaulo.sp.leg.br\/apartes-anteriores\/revista-apartes\/numero-7-maio2014\/no07-palavra-do-presidente\/conspiracao-e-resistencia\/","name":"Conspira\u00e7\u00e3o e resist\u00eancia","isPartOf":{"@id":"https:\/\/homolog.saopaulo.sp.leg.br\/apartes-anteriores\/#website"},"primaryImageOfPage":{"@id":"https:\/\/www.saopaulo.sp.leg.br\/apartes-anteriores\/revista-apartes\/numero-7-maio2014\/no07-palavra-do-presidente\/conspiracao-e-resistencia\/#primaryimage"},"image":{"@id":"https:\/\/www.saopaulo.sp.leg.br\/apartes-anteriores\/revista-apartes\/numero-7-maio2014\/no07-palavra-do-presidente\/conspiracao-e-resistencia\/#primaryimage"},"thumbnailUrl":"http:\/\/homolog.saopaulo.sp.leg.br\/apartes-anteriores\/wp-content\/uploads\/sites\/9\/2015\/09\/apartes_mai14_02.jpg","datePublished":"2014-05-01T21:09:20+00:00","dateModified":"2016-11-30T20:57:20+00:00","breadcrumb":{"@id":"https:\/\/www.saopaulo.sp.leg.br\/apartes-anteriores\/revista-apartes\/numero-7-maio2014\/no07-palavra-do-presidente\/conspiracao-e-resistencia\/#breadcrumb"},"inLanguage":"pt-BR","potentialAction":[{"@type":"ReadAction","target":["https:\/\/www.saopaulo.sp.leg.br\/apartes-anteriores\/revista-apartes\/numero-7-maio2014\/no07-palavra-do-presidente\/conspiracao-e-resistencia\/"]}]},{"@type":"ImageObject","inLanguage":"pt-BR","@id":"https:\/\/www.saopaulo.sp.leg.br\/apartes-anteriores\/revista-apartes\/numero-7-maio2014\/no07-palavra-do-presidente\/conspiracao-e-resistencia\/#primaryimage","url":"https:\/\/homolog.saopaulo.sp.leg.br\/apartes-anteriores\/wp-content\/uploads\/sites\/9\/2015\/09\/apartes_mai14_02.jpg","contentUrl":"https:\/\/homolog.saopaulo.sp.leg.br\/apartes-anteriores\/wp-content\/uploads\/sites\/9\/2015\/09\/apartes_mai14_02.jpg","width":1193,"height":898},{"@type":"BreadcrumbList","@id":"https:\/\/www.saopaulo.sp.leg.br\/apartes-anteriores\/revista-apartes\/numero-7-maio2014\/no07-palavra-do-presidente\/conspiracao-e-resistencia\/#breadcrumb","itemListElement":[{"@type":"ListItem","position":1,"name":"Home","item":"https:\/\/www.saopaulo.sp.leg.br\/apartes-anteriores\/"},{"@type":"ListItem","position":2,"name":"Revista Apartes","item":"https:\/\/www.saopaulo.sp.leg.br\/apartes-anteriores\/"},{"@type":"ListItem","position":3,"name":"N\u00famero 07 &#8211; mai\/2014","item":"https:\/\/www.saopaulo.sp.leg.br\/apartes-anteriores\/revista-apartes\/numero-7-maio2014\/"},{"@type":"ListItem","position":4,"name":"N\u00ba07 \u2013 Palavra do Presidente","item":"https:\/\/www.saopaulo.sp.leg.br\/apartes-anteriores\/revista-apartes\/numero-7-maio2014\/no07-palavra-do-presidente\/"},{"@type":"ListItem","position":5,"name":"Conspira\u00e7\u00e3o e resist\u00eancia"}]},{"@type":"WebSite","@id":"https:\/\/homolog.saopaulo.sp.leg.br\/apartes-anteriores\/#website","url":"https:\/\/homolog.saopaulo.sp.leg.br\/apartes-anteriores\/","name":"Revista Apartes (edi\u00e7\u00f5es anteriores)","description":"Revista Apartes (edi\u00e7\u00f5es anteriores)","potentialAction":[{"@type":"SearchAction","target":{"@type":"EntryPoint","urlTemplate":"https:\/\/homolog.saopaulo.sp.leg.br\/apartes-anteriores\/?s={search_term_string}"},"query-input":{"@type":"PropertyValueSpecification","valueRequired":true,"valueName":"search_term_string"}}],"inLanguage":"pt-BR"}]}},"_links":{"self":[{"href":"https:\/\/homolog.saopaulo.sp.leg.br\/apartes-anteriores\/wp-json\/wp\/v2\/pages\/34460","targetHints":{"allow":["GET"]}}],"collection":[{"href":"https:\/\/homolog.saopaulo.sp.leg.br\/apartes-anteriores\/wp-json\/wp\/v2\/pages"}],"about":[{"href":"https:\/\/homolog.saopaulo.sp.leg.br\/apartes-anteriores\/wp-json\/wp\/v2\/types\/page"}],"author":[{"embeddable":true,"href":"https:\/\/homolog.saopaulo.sp.leg.br\/apartes-anteriores\/wp-json\/wp\/v2\/users\/109"}],"replies":[{"embeddable":true,"href":"https:\/\/homolog.saopaulo.sp.leg.br\/apartes-anteriores\/wp-json\/wp\/v2\/comments?post=34460"}],"version-history":[{"count":5,"href":"https:\/\/homolog.saopaulo.sp.leg.br\/apartes-anteriores\/wp-json\/wp\/v2\/pages\/34460\/revisions"}],"predecessor-version":[{"id":34628,"href":"https:\/\/homolog.saopaulo.sp.leg.br\/apartes-anteriores\/wp-json\/wp\/v2\/pages\/34460\/revisions\/34628"}],"up":[{"embeddable":true,"href":"https:\/\/homolog.saopaulo.sp.leg.br\/apartes-anteriores\/wp-json\/wp\/v2\/pages\/34434"}],"wp:attachment":[{"href":"https:\/\/homolog.saopaulo.sp.leg.br\/apartes-anteriores\/wp-json\/wp\/v2\/media?parent=34460"}],"curies":[{"name":"wp","href":"https:\/\/api.w.org\/{rel}","templated":true}]}}