{"id":34629,"date":"2014-04-01T20:33:56","date_gmt":"2014-04-01T20:33:56","guid":{"rendered":"http:\/\/homolog.saopaulo.sp.leg.br\/apartes-anteriores\/?page_id=34629"},"modified":"2015-09-24T16:32:35","modified_gmt":"2015-09-24T16:32:35","slug":"no06-palavra-do-presidente","status":"publish","type":"page","link":"https:\/\/homolog.saopaulo.sp.leg.br\/apartes-anteriores\/revista-apartes\/numero-6-marco-abril2014\/no06-palavra-do-presidente\/","title":{"rendered":"N\u00ba06 \u2013 Palavra do Presidente"},"content":{"rendered":"<div style=\"float: right;margin-left: 1.5em\">\n<div style=\"float: right;padding: 5px;background-color: #eee !important\">\n<p><a href=\"http:\/\/homolog.saopaulo.sp.leg.br\/wp-content\/uploads\/2015\/07\/apartes_N11_1.jpg\"><img loading=\"lazy\" decoding=\"async\" class=\"alignnone wp-image-32649\" src=\"http:\/\/homolog.saopaulo.sp.leg.br\/wp-content\/uploads\/2015\/07\/apartes_N11_1.jpg\" alt=\"apartes_N11_1\" width=\"150\" height=\"185\" \/><\/a><\/p>\n<p style=\"font-size: 0.8em;line-height: 1.1em;text-align: center;margin: -1.5em 0px 7px 0px;color: #333;!important;background-color: transparent !important\" align=\"center\">Vereador Jos\u00e9 Am\u00e9rico<br \/>\nPresidente da CMSP<\/p>\n<\/div>\n<p style=\"font-size: 0.5em;line-height: 1.1em;text-align: right;margin: 4px 0px 7px;color: #333;!important;background-color: transparent !important\" align=\"center\">Equipe de Eventos\/CMSP<\/p>\n<\/div>\n<h1 class=\"p1\"><span style=\"color: #800000\"><strong>Palavra do Presidente<\/strong><\/span><\/h1>\n<p><em>Lugar de mulher \u00e9 no Plen\u00e1rio<\/em>. No m\u00eas em que se comemora o Dia Internacional da\u00a0Mulher, a Apartes preparou uma s\u00e9rie de reportagens especiais. Uma delas, cujo t\u00edtulo abre este editorial, fala sobre a participa\u00e7\u00e3o feminina no Legislativo, especialmente na C\u00e2mara Municipal de S\u00e3o Paulo (CMSP). A boa not\u00edcia \u00e9 que as mulheres v\u00eam aumentando o n\u00famero de cadeiras no Parlamento paulistano. A ressalva reside no fato de que ainda h\u00e1 um longo caminho para se percorrer: os homens s\u00e3o a grande maioria (cerca de 90%) e em outras casas legislativas a situa\u00e7\u00e3o \u00e9 parecida. Isso faz com que o Brasil tenha uma m\u00e9dia de participa\u00e7\u00e3o de mulheres no Parlamento bem inferior ao restante do mundo.<\/p>\n<p>Al\u00e9m da mat\u00e9ria de car\u00e1ter anal\u00edtico, a revista traz uma homenagem a Elisa Kauffman Abramovich, a pioneira entre as escolhidas pelo voto popular para a C\u00e2mara paulistana. Eleita em 1947, ela foi impedida de tomar posse por ser comunista, uma decis\u00e3o arbitr\u00e1ria remediada no ano passado pela CMSP, ao devolver, simbolicamente, o mandato dela e de outros parlamentares cassados injustamente em diversos per\u00edodos hist\u00f3ricos. Guerreira, Elisa n\u00e3o desanimou e continuou sua trajet\u00f3ria na pol\u00edtica e na educa\u00e7\u00e3o. Vale conferir essa bel\u00edssima hist\u00f3ria.<\/p>\n<p>Ainda sobre direitos femininos, uma mat\u00e9ria sobre dois projetos recentemente aprovados nesta Casa. Um deles obriga estabelecimentos comerciais paulistanos como shoppings, centros comerciais e hipermercados a reservar vagas especiais para gestantes. O outro garante o teste para detec\u00e7\u00e3o do v\u00edrus HIV, causador da aids, na rede p\u00fablica municipal de sa\u00fade. Se o diagn\u00f3stico for positivo, o Poder P\u00fablico dever\u00e1 fornecer os devidos cuidados \u00e0 m\u00e3e e ao beb\u00ea.<\/p>\n<p>Para resumir e ilustrar esta edi\u00e7\u00e3o quase toda dedicada \u00e0s mulheres, escolhemos uma capa com uma das muitas guerreiras paulistanas, Tania Mujica, que diariamente sai \u00e0s ruas em busca de espa\u00e7o para exibir suas habilidades de est\u00e1tua viva e embelezar a metr\u00f3pole com arte.<\/p>\n<p>A todas as mulheres e, especialmente, \u00e0s atuais vereadoras Edir Sales, Juliana Cardoso, Marta Costa, Noemi Nonato, Patr\u00edcia Bezerra e Sandra Tadeu, a homenagem e rever\u00eancia desta C\u00e2mara Municipal. Que o espa\u00e7o conquistado na pol\u00edtica seja cada vez maior, num per\u00edodo de tempo cada vez menor. Em um Pa\u00eds cujo chefe de Estado maior \u00e9 uma mulher, n\u00e3o se pode aceitar uma participa\u00e7\u00e3o t\u00e3o baixa nas Casas Legislativas. Lugar de mulher \u00e9 nos altos cargos das empresas particulares. Lugar de mulher \u00e9 no comando do setor p\u00fablico e da pol\u00edtica nacional. Lugar de mulher \u00e9, sim, no Plen\u00e1rio.<\/p>\n<p>Uma \u00f3tima leitura a todos!<\/p>\n<p><!-- COMENTE SOBRE ESSA MATERIA --><\/p>\n<table border=\"0\" cellspacing=\"0\" cellpadding=\"0\">\n<tbody>\n<tr>\n<td align=\"center\" width=\"50%\">\n<h5>Comente sobre essa mat\u00e9ria:<\/h5>\n<p><a style=\"font-family: 'Helvetica Neue', 'Helvetica', Helvetica, Arial, sans-serif;color: #fff;font-size: 12px;text-decoration: none;font-weight: bold;text-align: center;background-color: #3b5998 !important;margin: 0 0 10px;padding: 3px 7px\" title=\"Facebook da revista Apartes\" href=\"https:\/\/www.facebook.com\/RevistaApartes\" target=\"_blank\">Facebook<\/a> <a style=\"font-family: 'Helvetica Neue', 'Helvetica', Helvetica, Arial, sans-serif;color: #fff;font-size: 12px;text-decoration: none;font-weight: bold;text-align: center;background-color: #1daced !important;margin: 0 0 10px;padding: 3px 7px\" title=\"Twitter da revista Apartes\" href=\"https:\/\/twitter.com\/RevistaApartes\" target=\"_blank\">Twitter<\/a><\/td>\n<td align=\"center\" width=\"50%\">\n<h5>Envie cr\u00edticas ou sugest\u00f5es:<\/h5>\n<p>Email: <strong><a href=\"mailto:apartes@saopaulo.sp.leg.br\">apartes@saopaulo.sp.leg.br<\/a><\/strong><\/td>\n<\/tr>\n<\/tbody>\n<\/table>\n<p><!-- COMENTE SOBRE ESSA MATERIA --><\/p>\n","protected":false},"excerpt":{"rendered":"<p>Vereador Jos\u00e9 Am\u00e9rico Presidente da CMSP Equipe de Eventos\/CMSP Palavra do Presidente Lugar de mulher \u00e9 no Plen\u00e1rio. No m\u00eas em que se comemora o Dia Internacional da\u00a0Mulher, a Apartes preparou uma s\u00e9rie de reportagens especiais. Uma delas, cujo t\u00edtulo abre este editorial, fala sobre a participa\u00e7\u00e3o feminina no Legislativo, especialmente na C\u00e2mara Municipal de [&hellip;]<\/p>\n","protected":false},"author":109,"featured_media":0,"parent":24326,"menu_order":0,"comment_status":"closed","ping_status":"closed","template":"","meta":{"footnotes":""},"class_list":["post-34629","page","type-page","status-publish","hentry"],"meta_all":{"_edit_lock":["1443464228:109"],"_edit_last":["109"],"_wp_page_template":["default"],"_cmsp_page_download-files":["a:1:{i:0;a:1:{s:4:\"type\";s:3:\"pdf\";}}"]},"meta_all_2":{"_edit_lock":["1443464228:109"],"_edit_last":["109"],"_wp_page_template":["default"],"_cmsp_page_download-files":["a:1:{i:0;a:1:{s:4:\"type\";s:3:\"pdf\";}}"]},"yoast_head":"<!-- This site is optimized with the Yoast SEO plugin v27.4 - https:\/\/yoast.com\/product\/yoast-seo-wordpress\/ -->\r\n<title>N\u00ba06 \u2013 Palavra do Presidente - Revista Apartes (edi\u00e7\u00f5es anteriores)<\/title>\r\n<meta name=\"robots\" content=\"noindex, follow, max-snippet:-1, max-image-preview:large, max-video-preview:-1\" \/>\r\n<meta property=\"og:locale\" content=\"pt_BR\" \/>\r\n<meta property=\"og:type\" content=\"article\" \/>\r\n<meta property=\"og:title\" content=\"N\u00ba06 \u2013 Palavra do Presidente - Revista Apartes (edi\u00e7\u00f5es anteriores)\" \/>\r\n<meta property=\"og:description\" content=\"Vereador Jos\u00e9 Am\u00e9rico Presidente da CMSP Equipe de Eventos\/CMSP Palavra do Presidente Lugar de mulher \u00e9 no Plen\u00e1rio. No m\u00eas em que se comemora o Dia Internacional da\u00a0Mulher, a Apartes preparou uma s\u00e9rie de reportagens especiais. Uma delas, cujo t\u00edtulo abre este editorial, fala sobre a participa\u00e7\u00e3o feminina no Legislativo, especialmente na C\u00e2mara Municipal de [&hellip;]\" \/>\r\n<meta property=\"og:url\" content=\"https:\/\/www.saopaulo.sp.leg.br\/apartes-anteriores\/revista-apartes\/numero-6-marco-abril2014\/no06-palavra-do-presidente\/\" \/>\r\n<meta property=\"og:site_name\" content=\"Revista Apartes (edi\u00e7\u00f5es anteriores)\" \/>\r\n<meta property=\"article:publisher\" content=\"https:\/\/www.facebook.com\/RevistaApartes\/\" \/>\r\n<meta property=\"article:modified_time\" content=\"2015-09-24T16:32:35+00:00\" \/>\r\n<meta property=\"og:image\" content=\"http:\/\/www.saopaulo.sp.leg.br\/wp-content\/uploads\/2015\/07\/apartes_N11_1.jpg\" \/>\r\n<meta name=\"twitter:card\" content=\"summary_large_image\" \/>\r\n<meta name=\"twitter:site\" content=\"@revistaapartes\" \/>\r\n<meta name=\"twitter:label1\" content=\"Est. tempo de leitura\" \/>\n\t<meta name=\"twitter:data1\" content=\"2 minutos\" \/>\r\n<script type=\"application\/ld+json\" class=\"yoast-schema-graph\">{\"@context\":\"https:\\\/\\\/schema.org\",\"@graph\":[{\"@type\":\"WebPage\",\"@id\":\"https:\\\/\\\/www.saopaulo.sp.leg.br\\\/apartes-anteriores\\\/revista-apartes\\\/numero-6-marco-abril2014\\\/no06-palavra-do-presidente\\\/\",\"url\":\"https:\\\/\\\/www.saopaulo.sp.leg.br\\\/apartes-anteriores\\\/revista-apartes\\\/numero-6-marco-abril2014\\\/no06-palavra-do-presidente\\\/\",\"name\":\"N\u00ba06 \u2013 Palavra do Presidente - Revista Apartes (edi\u00e7\u00f5es anteriores)\",\"isPartOf\":{\"@id\":\"https:\\\/\\\/homolog.saopaulo.sp.leg.br\\\/apartes-anteriores\\\/#website\"},\"primaryImageOfPage\":{\"@id\":\"https:\\\/\\\/www.saopaulo.sp.leg.br\\\/apartes-anteriores\\\/revista-apartes\\\/numero-6-marco-abril2014\\\/no06-palavra-do-presidente\\\/#primaryimage\"},\"image\":{\"@id\":\"https:\\\/\\\/www.saopaulo.sp.leg.br\\\/apartes-anteriores\\\/revista-apartes\\\/numero-6-marco-abril2014\\\/no06-palavra-do-presidente\\\/#primaryimage\"},\"thumbnailUrl\":\"http:\\\/\\\/homolog.saopaulo.sp.leg.br\\\/wp-content\\\/uploads\\\/2015\\\/07\\\/apartes_N11_1.jpg\",\"datePublished\":\"2014-04-01T20:33:56+00:00\",\"dateModified\":\"2015-09-24T16:32:35+00:00\",\"breadcrumb\":{\"@id\":\"https:\\\/\\\/www.saopaulo.sp.leg.br\\\/apartes-anteriores\\\/revista-apartes\\\/numero-6-marco-abril2014\\\/no06-palavra-do-presidente\\\/#breadcrumb\"},\"inLanguage\":\"pt-BR\",\"potentialAction\":[{\"@type\":\"ReadAction\",\"target\":[\"https:\\\/\\\/www.saopaulo.sp.leg.br\\\/apartes-anteriores\\\/revista-apartes\\\/numero-6-marco-abril2014\\\/no06-palavra-do-presidente\\\/\"]}]},{\"@type\":\"ImageObject\",\"inLanguage\":\"pt-BR\",\"@id\":\"https:\\\/\\\/www.saopaulo.sp.leg.br\\\/apartes-anteriores\\\/revista-apartes\\\/numero-6-marco-abril2014\\\/no06-palavra-do-presidente\\\/#primaryimage\",\"url\":\"http:\\\/\\\/homolog.saopaulo.sp.leg.br\\\/wp-content\\\/uploads\\\/2015\\\/07\\\/apartes_N11_1.jpg\",\"contentUrl\":\"http:\\\/\\\/homolog.saopaulo.sp.leg.br\\\/wp-content\\\/uploads\\\/2015\\\/07\\\/apartes_N11_1.jpg\"},{\"@type\":\"BreadcrumbList\",\"@id\":\"https:\\\/\\\/www.saopaulo.sp.leg.br\\\/apartes-anteriores\\\/revista-apartes\\\/numero-6-marco-abril2014\\\/no06-palavra-do-presidente\\\/#breadcrumb\",\"itemListElement\":[{\"@type\":\"ListItem\",\"position\":1,\"name\":\"Home\",\"item\":\"https:\\\/\\\/www.saopaulo.sp.leg.br\\\/apartes-anteriores\\\/\"},{\"@type\":\"ListItem\",\"position\":2,\"name\":\"Revista Apartes\",\"item\":\"https:\\\/\\\/www.saopaulo.sp.leg.br\\\/apartes-anteriores\\\/\"},{\"@type\":\"ListItem\",\"position\":3,\"name\":\"N\u00famero 06 &#8211; mar-abr\\\/2014\",\"item\":\"https:\\\/\\\/www.saopaulo.sp.leg.br\\\/apartes-anteriores\\\/revista-apartes\\\/numero-6-marco-abril2014\\\/\"},{\"@type\":\"ListItem\",\"position\":4,\"name\":\"N\u00ba06 \u2013 Palavra do Presidente\"}]},{\"@type\":\"WebSite\",\"@id\":\"https:\\\/\\\/homolog.saopaulo.sp.leg.br\\\/apartes-anteriores\\\/#website\",\"url\":\"https:\\\/\\\/homolog.saopaulo.sp.leg.br\\\/apartes-anteriores\\\/\",\"name\":\"Revista Apartes (edi\u00e7\u00f5es anteriores)\",\"description\":\"Revista Apartes (edi\u00e7\u00f5es anteriores)\",\"potentialAction\":[{\"@type\":\"SearchAction\",\"target\":{\"@type\":\"EntryPoint\",\"urlTemplate\":\"https:\\\/\\\/homolog.saopaulo.sp.leg.br\\\/apartes-anteriores\\\/?s={search_term_string}\"},\"query-input\":{\"@type\":\"PropertyValueSpecification\",\"valueRequired\":true,\"valueName\":\"search_term_string\"}}],\"inLanguage\":\"pt-BR\"}]}<\/script>\r\n<!-- \/ Yoast SEO plugin. -->","yoast_head_json":{"title":"N\u00ba06 \u2013 Palavra do Presidente - Revista Apartes (edi\u00e7\u00f5es anteriores)","robots":{"index":"noindex","follow":"follow","max-snippet":"max-snippet:-1","max-image-preview":"max-image-preview:large","max-video-preview":"max-video-preview:-1"},"og_locale":"pt_BR","og_type":"article","og_title":"N\u00ba06 \u2013 Palavra do Presidente - Revista Apartes (edi\u00e7\u00f5es anteriores)","og_description":"Vereador Jos\u00e9 Am\u00e9rico Presidente da CMSP Equipe de Eventos\/CMSP Palavra do Presidente Lugar de mulher \u00e9 no Plen\u00e1rio. No m\u00eas em que se comemora o Dia Internacional da\u00a0Mulher, a Apartes preparou uma s\u00e9rie de reportagens especiais. Uma delas, cujo t\u00edtulo abre este editorial, fala sobre a participa\u00e7\u00e3o feminina no Legislativo, especialmente na C\u00e2mara Municipal de [&hellip;]","og_url":"https:\/\/www.saopaulo.sp.leg.br\/apartes-anteriores\/revista-apartes\/numero-6-marco-abril2014\/no06-palavra-do-presidente\/","og_site_name":"Revista Apartes (edi\u00e7\u00f5es anteriores)","article_publisher":"https:\/\/www.facebook.com\/RevistaApartes\/","article_modified_time":"2015-09-24T16:32:35+00:00","og_image":[{"url":"http:\/\/www.saopaulo.sp.leg.br\/wp-content\/uploads\/2015\/07\/apartes_N11_1.jpg","type":"","width":"","height":""}],"twitter_card":"summary_large_image","twitter_site":"@revistaapartes","twitter_misc":{"Est. tempo de leitura":"2 minutos"},"schema":{"@context":"https:\/\/schema.org","@graph":[{"@type":"WebPage","@id":"https:\/\/www.saopaulo.sp.leg.br\/apartes-anteriores\/revista-apartes\/numero-6-marco-abril2014\/no06-palavra-do-presidente\/","url":"https:\/\/www.saopaulo.sp.leg.br\/apartes-anteriores\/revista-apartes\/numero-6-marco-abril2014\/no06-palavra-do-presidente\/","name":"N\u00ba06 \u2013 Palavra do Presidente - Revista Apartes (edi\u00e7\u00f5es anteriores)","isPartOf":{"@id":"https:\/\/homolog.saopaulo.sp.leg.br\/apartes-anteriores\/#website"},"primaryImageOfPage":{"@id":"https:\/\/www.saopaulo.sp.leg.br\/apartes-anteriores\/revista-apartes\/numero-6-marco-abril2014\/no06-palavra-do-presidente\/#primaryimage"},"image":{"@id":"https:\/\/www.saopaulo.sp.leg.br\/apartes-anteriores\/revista-apartes\/numero-6-marco-abril2014\/no06-palavra-do-presidente\/#primaryimage"},"thumbnailUrl":"http:\/\/homolog.saopaulo.sp.leg.br\/wp-content\/uploads\/2015\/07\/apartes_N11_1.jpg","datePublished":"2014-04-01T20:33:56+00:00","dateModified":"2015-09-24T16:32:35+00:00","breadcrumb":{"@id":"https:\/\/www.saopaulo.sp.leg.br\/apartes-anteriores\/revista-apartes\/numero-6-marco-abril2014\/no06-palavra-do-presidente\/#breadcrumb"},"inLanguage":"pt-BR","potentialAction":[{"@type":"ReadAction","target":["https:\/\/www.saopaulo.sp.leg.br\/apartes-anteriores\/revista-apartes\/numero-6-marco-abril2014\/no06-palavra-do-presidente\/"]}]},{"@type":"ImageObject","inLanguage":"pt-BR","@id":"https:\/\/www.saopaulo.sp.leg.br\/apartes-anteriores\/revista-apartes\/numero-6-marco-abril2014\/no06-palavra-do-presidente\/#primaryimage","url":"http:\/\/homolog.saopaulo.sp.leg.br\/wp-content\/uploads\/2015\/07\/apartes_N11_1.jpg","contentUrl":"http:\/\/homolog.saopaulo.sp.leg.br\/wp-content\/uploads\/2015\/07\/apartes_N11_1.jpg"},{"@type":"BreadcrumbList","@id":"https:\/\/www.saopaulo.sp.leg.br\/apartes-anteriores\/revista-apartes\/numero-6-marco-abril2014\/no06-palavra-do-presidente\/#breadcrumb","itemListElement":[{"@type":"ListItem","position":1,"name":"Home","item":"https:\/\/www.saopaulo.sp.leg.br\/apartes-anteriores\/"},{"@type":"ListItem","position":2,"name":"Revista Apartes","item":"https:\/\/www.saopaulo.sp.leg.br\/apartes-anteriores\/"},{"@type":"ListItem","position":3,"name":"N\u00famero 06 &#8211; mar-abr\/2014","item":"https:\/\/www.saopaulo.sp.leg.br\/apartes-anteriores\/revista-apartes\/numero-6-marco-abril2014\/"},{"@type":"ListItem","position":4,"name":"N\u00ba06 \u2013 Palavra do Presidente"}]},{"@type":"WebSite","@id":"https:\/\/homolog.saopaulo.sp.leg.br\/apartes-anteriores\/#website","url":"https:\/\/homolog.saopaulo.sp.leg.br\/apartes-anteriores\/","name":"Revista Apartes (edi\u00e7\u00f5es anteriores)","description":"Revista Apartes (edi\u00e7\u00f5es anteriores)","potentialAction":[{"@type":"SearchAction","target":{"@type":"EntryPoint","urlTemplate":"https:\/\/homolog.saopaulo.sp.leg.br\/apartes-anteriores\/?s={search_term_string}"},"query-input":{"@type":"PropertyValueSpecification","valueRequired":true,"valueName":"search_term_string"}}],"inLanguage":"pt-BR"}]}},"_links":{"self":[{"href":"https:\/\/homolog.saopaulo.sp.leg.br\/apartes-anteriores\/wp-json\/wp\/v2\/pages\/34629","targetHints":{"allow":["GET"]}}],"collection":[{"href":"https:\/\/homolog.saopaulo.sp.leg.br\/apartes-anteriores\/wp-json\/wp\/v2\/pages"}],"about":[{"href":"https:\/\/homolog.saopaulo.sp.leg.br\/apartes-anteriores\/wp-json\/wp\/v2\/types\/page"}],"author":[{"embeddable":true,"href":"https:\/\/homolog.saopaulo.sp.leg.br\/apartes-anteriores\/wp-json\/wp\/v2\/users\/109"}],"replies":[{"embeddable":true,"href":"https:\/\/homolog.saopaulo.sp.leg.br\/apartes-anteriores\/wp-json\/wp\/v2\/comments?post=34629"}],"version-history":[{"count":1,"href":"https:\/\/homolog.saopaulo.sp.leg.br\/apartes-anteriores\/wp-json\/wp\/v2\/pages\/34629\/revisions"}],"predecessor-version":[{"id":34630,"href":"https:\/\/homolog.saopaulo.sp.leg.br\/apartes-anteriores\/wp-json\/wp\/v2\/pages\/34629\/revisions\/34630"}],"up":[{"embeddable":true,"href":"https:\/\/homolog.saopaulo.sp.leg.br\/apartes-anteriores\/wp-json\/wp\/v2\/pages\/24326"}],"wp:attachment":[{"href":"https:\/\/homolog.saopaulo.sp.leg.br\/apartes-anteriores\/wp-json\/wp\/v2\/media?parent=34629"}],"curies":[{"name":"wp","href":"https:\/\/api.w.org\/{rel}","templated":true}]}}