{"id":34641,"date":"2014-04-01T16:59:33","date_gmt":"2014-04-01T16:59:33","guid":{"rendered":"http:\/\/homolog.saopaulo.sp.leg.br\/apartes-anteriores\/?page_id=34641"},"modified":"2016-11-30T18:31:06","modified_gmt":"2016-11-30T20:31:06","slug":"novo-padrao-de-acolhida","status":"publish","type":"page","link":"https:\/\/homolog.saopaulo.sp.leg.br\/apartes-anteriores\/revista-apartes\/numero-6-marco-abril2014\/novo-padrao-de-acolhida\/","title":{"rendered":"N\u00ba06 \u2013 Terceira Idade"},"content":{"rendered":"<h1><strong><span style=\"color: #800000\">Novo padr\u00e3o de acolhida<\/span><\/strong><\/h1>\n<h2>Lei autoriza a cria\u00e7\u00e3o de rep\u00fablicas municipais para idosos independentes<\/h2>\n<p><strong>Gisele Machado<\/strong> | <a href=\"mailto:gisele@saopaulo.sp.leg.br\">gisele@saopaulo.sp.leg.br<\/a><\/p>\n<p><!-- imagem TOTAL - com legenda - CENTRALIZADA --><\/p>\n<div style=\"width: 100%;margin-right: 1.5em;margin-bottom: 1.5em\">\n<div style=\"padding: 5px;background-color: #eee !important\">\n<p><a href=\"http:\/\/homolog.saopaulo.sp.leg.br\/apartes-anteriores\/wp-content\/uploads\/sites\/9\/2015\/09\/especial-terceiraidadefotomarcossantos002.jpeg\"><img loading=\"lazy\" decoding=\"async\" class=\"alignnone wp-image-34670\" src=\"http:\/\/homolog.saopaulo.sp.leg.br\/apartes-anteriores\/wp-content\/uploads\/sites\/9\/2015\/09\/especial-terceiraidadefotomarcossantos002.jpeg\" alt=\"especial-terceiraidadefotomarcossantos002\" width=\"640\" height=\"427\" srcset=\"https:\/\/homolog.saopaulo.sp.leg.br\/apartes-anteriores\/wp-content\/uploads\/sites\/9\/2015\/09\/especial-terceiraidadefotomarcossantos002.jpeg 1772w, https:\/\/homolog.saopaulo.sp.leg.br\/apartes-anteriores\/wp-content\/uploads\/sites\/9\/2015\/09\/especial-terceiraidadefotomarcossantos002-300x200.jpeg 300w, https:\/\/homolog.saopaulo.sp.leg.br\/apartes-anteriores\/wp-content\/uploads\/sites\/9\/2015\/09\/especial-terceiraidadefotomarcossantos002-1024x682.jpeg 1024w\" sizes=\"auto, (max-width: 640px) 100vw, 640px\" \/><\/a><\/p>\n<p style=\"font-size: 0.8em;line-height: 1.1em;text-align: center;margin: -1.5em 0px 7px 0px;color: #333;!important;background-color: transparent !important\" align=\"center\">CONCEITO &#8211; Segundo a Organiza\u00e7\u00e3o Mundial da Sa\u00fade, idosos devem ser vistos como participantes ativos da sociedade<\/p>\n<\/div>\n<p style=\"font-size: 0.5em;line-height: 1.1em;text-align: right;margin: 4px 0px 7px 0px;background-color: transparent !important\">Marcos Santos\/USP Imagens<\/p>\n<\/div>\n<p><!-- imagem TOTAL - com legenda - CENTRALIZADA --><\/p>\n<p>A terceira idade \u00e9 um dos grupos mais exclu\u00eddos e desprotegidos do mundo, segundo a Organiza\u00e7\u00e3o das Na\u00e7\u00f5es Unidas (ONU). Essa faixa et\u00e1ria segue em constante crescimento: somente o Munic\u00edpio de S\u00e3o Paulo tinha 1,338 milh\u00e3o de idosos em 2010, ante 972 mil em 2000. At\u00e9 mesmo a Organiza\u00e7\u00e3o Mundial da Sa\u00fade (OMS) recomenda que se mudem os conceitos em rela\u00e7\u00e3o ao grupo. Segundo a entidade, \u00e9 necess\u00e1rio perceber os idosos \u201ccomo participantes ativos de uma sociedade com integra\u00e7\u00e3o de idade, contribuintes ativos e benefici\u00e1rios do desenvolvimento\u201d.<\/p>\n<p><!-- imagem GRANDE - com legenda - LADO DIREITO --><\/p>\n<div style=\"float: right;width: 260px;margin-left: 1.5em;margin-bottom: 1.5em\">\n<div style=\"float: right;padding: 5px;background-color: transparent !important\"><a href=\"http:\/\/homolog.saopaulo.sp.leg.br\/apartes-anteriores\/wp-content\/uploads\/sites\/9\/2015\/09\/para_um_envelhecimento_ativ.png\"><img loading=\"lazy\" decoding=\"async\" class=\"alignnone wp-image-34672\" src=\"http:\/\/homolog.saopaulo.sp.leg.br\/apartes-anteriores\/wp-content\/uploads\/sites\/9\/2015\/09\/para_um_envelhecimento_ativ.png\" alt=\"para_um_envelhecimento_ativ\" width=\"250\" height=\"501\" srcset=\"https:\/\/homolog.saopaulo.sp.leg.br\/apartes-anteriores\/wp-content\/uploads\/sites\/9\/2015\/09\/para_um_envelhecimento_ativ.png 480w, https:\/\/homolog.saopaulo.sp.leg.br\/apartes-anteriores\/wp-content\/uploads\/sites\/9\/2015\/09\/para_um_envelhecimento_ativ-150x300.png 150w\" sizes=\"auto, (max-width: 250px) 100vw, 250px\" \/><\/a><\/div>\n<\/div>\n<p><!-- imagem GRANDE - com legenda - LADO DIREITO --><\/p>\n<p>Previstas pela Lei 15.958\/2014, da C\u00e2mara Municipal de S\u00e3o Paulo (CMSP), as Rep\u00fablicas para a Terceira Idade procuram se enquadrar nessa concep\u00e7\u00e3o de envelhecimento ativo. As habita\u00e7\u00f5es coletivas ser\u00e3o destinadas aos maiores de 60 anos com baixa renda (sem condi\u00e7\u00f5es m\u00ednimas de subsist\u00eancia) ou que recebam, em m\u00e9dia, um sal\u00e1rio m\u00ednimo e realizem as atividades da vida di\u00e1ria de modo independente. Os idosos ajudar\u00e3o com as obriga\u00e7\u00f5es da rep\u00fablica, que ser\u00e1 dirigida por um assistente social da Secretaria Municipal de Assist\u00eancia e Desenvolvimento Social (Smads).<\/p>\n<p>Na normatiza\u00e7\u00e3o nacional, as rep\u00fablicas s\u00e3o definidas como habita\u00e7\u00f5es subsidiadas para pessoas em estado de abandono, vulnerabilidade e risco pessoal e social, com v\u00ednculos familiares rompidos ou extremamente fragilizados e sem condi\u00e7\u00f5es de moradia. O atendimento deve apoiar a constru\u00e7\u00e3o de v\u00ednculos comunit\u00e1rios, a participa\u00e7\u00e3o social e o desenvolvimento da autonomia, al\u00e9m de oferecer atendimento psicossocial e encaminhamento a outros servi\u00e7os, programas e benef\u00edcios. Entre os abrigos p\u00fablicos paulistanos, os que mais se assemelham \u00e0s Rep\u00fablicas para a Terceira Idade s\u00e3o os Centros de Acolhida Especial para Idosos, que tamb\u00e9m d\u00e3o atendimento integral a pessoas independentes, mas t\u00eam car\u00e1ter provis\u00f3rio.<\/p>\n<p>\u201cA institui\u00e7\u00e3o n\u00e3o pode ser mais um dep\u00f3sito, onde o idoso fica sem contato com a comunidade e a fam\u00edlia, mas sim um lugar de busca da cidadania, autonomia e envelhecimento ativo\u201d, opina Fernanda Motta, consultora t\u00e9cnica de Servi\u00e7o Social da CMSP. At\u00e9 abril, a regulamenta\u00e7\u00e3o da lei pela Prefeitura trar\u00e1 mais detalhes sobre o funcionamento dessas rep\u00fablicas.<\/p>\n<p>O projeto da Lei 15.958 foi assinado pelos vereadores Calvo (PMDB), Dalton Silvano (PV), Edir Sales (PSD), George Hato (PMDB), Goulart (PSD), La\u00e9rcio Benko (PHS), Mario Covas Neto (PSDB), Nelo Rodolfo (PMDB), Noemi Nonato (PROS), Ricardo Nunes (PMDB) e Toninho Paiva (PR), al\u00e9m do ex-vereador Alessandro Guedes (PT).<\/p>\n<p><!-- BOX --><\/p>\n<table border=\"0\" width=\"640px\" cellspacing=\"0\" cellpadding=\"0\" bgcolor=\"#ecf8ff\">\n<tbody>\n<tr>\n<td>\n<h2><strong>Transporte gratuito a partir dos 60 anos<\/strong><\/h2>\n<p>Desde dezembro de 2013, todas as pessoas com 60 anos ou mais est\u00e3o dispensadas de pagar tarifa no sistema de transporte coletivo do Munic\u00edpio de S\u00e3o Paulo, que inclui os \u00f4nibus e os micro-\u00f4nibus.<\/p>\n<p>A decis\u00e3o est\u00e1 amparada pela Lei 15.912\/2013, proposta pelos vereadores Calvo (PMDB), Coronel Camilo (PSD), Dalton Silvano (PV), David Soares (PSD), Edir Sales (PSD), Goulart (PSD), Jos\u00e9 Police Neto (PSD), Marco Aur\u00e9lio Cunha (PSD), Mario Covas Neto (PSDB), Marta Costa (PSD), Noemi Nonato (PROS), Senival Moura (PT), Souza Santos (PSD), Toninho Paiva (PR) e Vav\u00e1 (PT), al\u00e9m do ex-vereador Alessandro Guedes (PT). A norma est\u00e1 em vigor desde 14 de mar\u00e7o de 2014, quando o Executivo publicou sua regulamenta\u00e7\u00e3o.<\/p>\n<p>Os usu\u00e1rios a partir de 65 anos j\u00e1 eram isentos, bem como as mulheres de 60 anos ou mais. Os parlamentares justificaram que faltava \u201cunificar o tratamento jur\u00eddico da quest\u00e3o\u201d, isentando tamb\u00e9m os homens com idade entre 60 e 65 anos. Segundo a SPTrans, 39 mil homens entre 60 e 64 anos s\u00e3o usu\u00e1rios do sistema e ser\u00e3o beneficiados com a isen\u00e7\u00e3o tarif\u00e1ria.<\/td>\n<\/tr>\n<\/tbody>\n<\/table>\n<p><!-- BOX --><\/p>\n<p><!-- COMENTE SOBRE ESSA MATERIA --><\/p>\n<table border=\"0\" cellspacing=\"0\" cellpadding=\"0\">\n<tbody>\n<tr>\n<td align=\"center\" width=\"50%\">\n<h5>Comente sobre essa mat\u00e9ria:<\/h5>\n<p><a style=\"font-family: 'Helvetica Neue', 'Helvetica', Helvetica, Arial, sans-serif;color: #fff;font-size: 12px;text-decoration: none;font-weight: bold;text-align: center;background-color: #3b5998 !important;margin: 0 0 10px;padding: 3px 7px\" title=\"Facebook da revista Apartes\" href=\"https:\/\/www.facebook.com\/RevistaApartes\" target=\"_blank\">Facebook<\/a> <a style=\"font-family: 'Helvetica Neue', 'Helvetica', Helvetica, Arial, sans-serif;color: #fff;font-size: 12px;text-decoration: none;font-weight: bold;text-align: center;background-color: #1daced !important;margin: 0 0 10px;padding: 3px 7px\" title=\"Twitter da revista Apartes\" href=\"https:\/\/twitter.com\/RevistaApartes\" target=\"_blank\">Twitter<\/a><\/td>\n<td align=\"center\" width=\"50%\">\n<h5>Envie cr\u00edticas ou sugest\u00f5es:<\/h5>\n<p>Email: <strong><a href=\"mailto:apartes@saopaulo.sp.leg.br\">apartes@saopaulo.sp.leg.br<\/a><\/strong><\/td>\n<\/tr>\n<\/tbody>\n<\/table>\n<p><!-- COMENTE SOBRE ESSA MATERIA --><\/p>\n","protected":false},"excerpt":{"rendered":"<p>Novo padr\u00e3o de acolhida Lei autoriza a cria\u00e7\u00e3o de rep\u00fablicas municipais para idosos independentes Gisele Machado | gisele@saopaulo.sp.leg.br CONCEITO &#8211; Segundo a Organiza\u00e7\u00e3o Mundial da Sa\u00fade, idosos devem ser vistos como participantes ativos da sociedade Marcos Santos\/USP Imagens A terceira idade \u00e9 um dos grupos mais exclu\u00eddos e desprotegidos do mundo, segundo a Organiza\u00e7\u00e3o das [&hellip;]<\/p>\n","protected":false},"author":109,"featured_media":0,"parent":24326,"menu_order":2,"comment_status":"closed","ping_status":"closed","template":"","meta":{"footnotes":""},"class_list":["post-34641","page","type-page","status-publish","hentry"],"meta_all":{"_edit_lock":["1480537736:109"],"_edit_last":["109"],"_wp_page_template":["default"],"_cmsp_page_download-files":["a:1:{i:0;a:1:{s:4:\"type\";s:3:\"pdf\";}}"],"_cmsp_feature-page_title":["Novo padr\u00e3o de acolhida"],"_yoast_wpseo_title":["Novo padr\u00e3o de acolhida"],"_yoast_wpseo_bctitle":["Novo padr\u00e3o de acolhida"],"_yoast_wpseo_opengraph-title":["Novo padr\u00e3o de acolhida"],"_yoast_wpseo_opengraph-description":["Lei autoriza a cria\u00e7\u00e3o de rep\u00fablicas municipais para idosos independentes"],"_yoast_wpseo_twitter-title":["Novo padr\u00e3o de acolhida"],"_yoast_wpseo_twitter-description":["Lei autoriza a cria\u00e7\u00e3o de rep\u00fablicas municipais para idosos independentes"],"_yoast_wpseo_content_score":["30"]},"meta_all_2":{"_edit_lock":["1480537736:109"],"_edit_last":["109"],"_wp_page_template":["default"],"_cmsp_page_download-files":["a:1:{i:0;a:1:{s:4:\"type\";s:3:\"pdf\";}}"],"_cmsp_feature-page_title":["Novo padr\u00e3o de acolhida"],"_yoast_wpseo_title":["Novo padr\u00e3o de acolhida"],"_yoast_wpseo_bctitle":["Novo padr\u00e3o de acolhida"],"_yoast_wpseo_opengraph-title":["Novo padr\u00e3o de acolhida"],"_yoast_wpseo_opengraph-description":["Lei autoriza a cria\u00e7\u00e3o de rep\u00fablicas municipais para idosos independentes"],"_yoast_wpseo_twitter-title":["Novo padr\u00e3o de acolhida"],"_yoast_wpseo_twitter-description":["Lei autoriza a cria\u00e7\u00e3o de rep\u00fablicas municipais para idosos independentes"],"_yoast_wpseo_content_score":["30"]},"yoast_head":"<!-- This site is optimized with the Yoast SEO plugin v27.4 - https:\/\/yoast.com\/product\/yoast-seo-wordpress\/ -->\r\n<title>Novo padr\u00e3o de acolhida<\/title>\r\n<meta name=\"robots\" content=\"noindex, follow, max-snippet:-1, max-image-preview:large, max-video-preview:-1\" \/>\r\n<meta property=\"og:locale\" content=\"pt_BR\" \/>\r\n<meta property=\"og:type\" content=\"article\" \/>\r\n<meta property=\"og:title\" content=\"Novo padr\u00e3o de acolhida\" \/>\r\n<meta property=\"og:description\" content=\"Lei autoriza a cria\u00e7\u00e3o de rep\u00fablicas municipais para idosos independentes\" \/>\r\n<meta property=\"og:url\" content=\"https:\/\/www.saopaulo.sp.leg.br\/apartes-anteriores\/revista-apartes\/numero-6-marco-abril2014\/novo-padrao-de-acolhida\/\" \/>\r\n<meta property=\"og:site_name\" content=\"Revista Apartes (edi\u00e7\u00f5es anteriores)\" \/>\r\n<meta property=\"article:publisher\" content=\"https:\/\/www.facebook.com\/RevistaApartes\/\" \/>\r\n<meta property=\"article:modified_time\" content=\"2016-11-30T20:31:06+00:00\" \/>\r\n<meta property=\"og:image\" content=\"http:\/\/www.saopaulo.sp.leg.br\/apartes-anteriores\/wp-content\/uploads\/sites\/9\/2015\/09\/especial-terceiraidadefotomarcossantos002.jpeg\" \/>\r\n<meta name=\"twitter:card\" content=\"summary_large_image\" \/>\r\n<meta name=\"twitter:title\" content=\"Novo padr\u00e3o de acolhida\" \/>\r\n<meta name=\"twitter:description\" content=\"Lei autoriza a cria\u00e7\u00e3o de rep\u00fablicas municipais para idosos independentes\" \/>\r\n<meta name=\"twitter:site\" content=\"@revistaapartes\" \/>\r\n<meta name=\"twitter:label1\" content=\"Est. tempo de leitura\" \/>\n\t<meta name=\"twitter:data1\" content=\"3 minutos\" \/>\r\n<script type=\"application\/ld+json\" class=\"yoast-schema-graph\">{\"@context\":\"https:\\\/\\\/schema.org\",\"@graph\":[{\"@type\":\"WebPage\",\"@id\":\"https:\\\/\\\/www.saopaulo.sp.leg.br\\\/apartes-anteriores\\\/revista-apartes\\\/numero-6-marco-abril2014\\\/novo-padrao-de-acolhida\\\/\",\"url\":\"https:\\\/\\\/www.saopaulo.sp.leg.br\\\/apartes-anteriores\\\/revista-apartes\\\/numero-6-marco-abril2014\\\/novo-padrao-de-acolhida\\\/\",\"name\":\"Novo padr\u00e3o de acolhida\",\"isPartOf\":{\"@id\":\"https:\\\/\\\/homolog.saopaulo.sp.leg.br\\\/apartes-anteriores\\\/#website\"},\"primaryImageOfPage\":{\"@id\":\"https:\\\/\\\/www.saopaulo.sp.leg.br\\\/apartes-anteriores\\\/revista-apartes\\\/numero-6-marco-abril2014\\\/novo-padrao-de-acolhida\\\/#primaryimage\"},\"image\":{\"@id\":\"https:\\\/\\\/www.saopaulo.sp.leg.br\\\/apartes-anteriores\\\/revista-apartes\\\/numero-6-marco-abril2014\\\/novo-padrao-de-acolhida\\\/#primaryimage\"},\"thumbnailUrl\":\"http:\\\/\\\/homolog.saopaulo.sp.leg.br\\\/apartes-anteriores\\\/wp-content\\\/uploads\\\/sites\\\/9\\\/2015\\\/09\\\/especial-terceiraidadefotomarcossantos002.jpeg\",\"datePublished\":\"2014-04-01T16:59:33+00:00\",\"dateModified\":\"2016-11-30T20:31:06+00:00\",\"breadcrumb\":{\"@id\":\"https:\\\/\\\/www.saopaulo.sp.leg.br\\\/apartes-anteriores\\\/revista-apartes\\\/numero-6-marco-abril2014\\\/novo-padrao-de-acolhida\\\/#breadcrumb\"},\"inLanguage\":\"pt-BR\",\"potentialAction\":[{\"@type\":\"ReadAction\",\"target\":[\"https:\\\/\\\/www.saopaulo.sp.leg.br\\\/apartes-anteriores\\\/revista-apartes\\\/numero-6-marco-abril2014\\\/novo-padrao-de-acolhida\\\/\"]}]},{\"@type\":\"ImageObject\",\"inLanguage\":\"pt-BR\",\"@id\":\"https:\\\/\\\/www.saopaulo.sp.leg.br\\\/apartes-anteriores\\\/revista-apartes\\\/numero-6-marco-abril2014\\\/novo-padrao-de-acolhida\\\/#primaryimage\",\"url\":\"https:\\\/\\\/homolog.saopaulo.sp.leg.br\\\/apartes-anteriores\\\/wp-content\\\/uploads\\\/sites\\\/9\\\/2015\\\/09\\\/especial-terceiraidadefotomarcossantos002.jpeg\",\"contentUrl\":\"https:\\\/\\\/homolog.saopaulo.sp.leg.br\\\/apartes-anteriores\\\/wp-content\\\/uploads\\\/sites\\\/9\\\/2015\\\/09\\\/especial-terceiraidadefotomarcossantos002.jpeg\",\"width\":1772,\"height\":1181},{\"@type\":\"BreadcrumbList\",\"@id\":\"https:\\\/\\\/www.saopaulo.sp.leg.br\\\/apartes-anteriores\\\/revista-apartes\\\/numero-6-marco-abril2014\\\/novo-padrao-de-acolhida\\\/#breadcrumb\",\"itemListElement\":[{\"@type\":\"ListItem\",\"position\":1,\"name\":\"Home\",\"item\":\"https:\\\/\\\/www.saopaulo.sp.leg.br\\\/apartes-anteriores\\\/\"},{\"@type\":\"ListItem\",\"position\":2,\"name\":\"Revista Apartes\",\"item\":\"https:\\\/\\\/www.saopaulo.sp.leg.br\\\/apartes-anteriores\\\/\"},{\"@type\":\"ListItem\",\"position\":3,\"name\":\"N\u00famero 06 &#8211; mar-abr\\\/2014\",\"item\":\"https:\\\/\\\/www.saopaulo.sp.leg.br\\\/apartes-anteriores\\\/revista-apartes\\\/numero-6-marco-abril2014\\\/\"},{\"@type\":\"ListItem\",\"position\":4,\"name\":\"Novo padr\u00e3o de acolhida\"}]},{\"@type\":\"WebSite\",\"@id\":\"https:\\\/\\\/homolog.saopaulo.sp.leg.br\\\/apartes-anteriores\\\/#website\",\"url\":\"https:\\\/\\\/homolog.saopaulo.sp.leg.br\\\/apartes-anteriores\\\/\",\"name\":\"Revista Apartes (edi\u00e7\u00f5es anteriores)\",\"description\":\"Revista Apartes (edi\u00e7\u00f5es anteriores)\",\"potentialAction\":[{\"@type\":\"SearchAction\",\"target\":{\"@type\":\"EntryPoint\",\"urlTemplate\":\"https:\\\/\\\/homolog.saopaulo.sp.leg.br\\\/apartes-anteriores\\\/?s={search_term_string}\"},\"query-input\":{\"@type\":\"PropertyValueSpecification\",\"valueRequired\":true,\"valueName\":\"search_term_string\"}}],\"inLanguage\":\"pt-BR\"}]}<\/script>\r\n<!-- \/ Yoast SEO plugin. -->","yoast_head_json":{"title":"Novo padr\u00e3o de acolhida","robots":{"index":"noindex","follow":"follow","max-snippet":"max-snippet:-1","max-image-preview":"max-image-preview:large","max-video-preview":"max-video-preview:-1"},"og_locale":"pt_BR","og_type":"article","og_title":"Novo padr\u00e3o de acolhida","og_description":"Lei autoriza a cria\u00e7\u00e3o de rep\u00fablicas municipais para idosos independentes","og_url":"https:\/\/www.saopaulo.sp.leg.br\/apartes-anteriores\/revista-apartes\/numero-6-marco-abril2014\/novo-padrao-de-acolhida\/","og_site_name":"Revista Apartes (edi\u00e7\u00f5es anteriores)","article_publisher":"https:\/\/www.facebook.com\/RevistaApartes\/","article_modified_time":"2016-11-30T20:31:06+00:00","og_image":[{"url":"http:\/\/www.saopaulo.sp.leg.br\/apartes-anteriores\/wp-content\/uploads\/sites\/9\/2015\/09\/especial-terceiraidadefotomarcossantos002.jpeg","type":"","width":"","height":""}],"twitter_card":"summary_large_image","twitter_title":"Novo padr\u00e3o de acolhida","twitter_description":"Lei autoriza a cria\u00e7\u00e3o de rep\u00fablicas municipais para idosos independentes","twitter_site":"@revistaapartes","twitter_misc":{"Est. tempo de leitura":"3 minutos"},"schema":{"@context":"https:\/\/schema.org","@graph":[{"@type":"WebPage","@id":"https:\/\/www.saopaulo.sp.leg.br\/apartes-anteriores\/revista-apartes\/numero-6-marco-abril2014\/novo-padrao-de-acolhida\/","url":"https:\/\/www.saopaulo.sp.leg.br\/apartes-anteriores\/revista-apartes\/numero-6-marco-abril2014\/novo-padrao-de-acolhida\/","name":"Novo padr\u00e3o de acolhida","isPartOf":{"@id":"https:\/\/homolog.saopaulo.sp.leg.br\/apartes-anteriores\/#website"},"primaryImageOfPage":{"@id":"https:\/\/www.saopaulo.sp.leg.br\/apartes-anteriores\/revista-apartes\/numero-6-marco-abril2014\/novo-padrao-de-acolhida\/#primaryimage"},"image":{"@id":"https:\/\/www.saopaulo.sp.leg.br\/apartes-anteriores\/revista-apartes\/numero-6-marco-abril2014\/novo-padrao-de-acolhida\/#primaryimage"},"thumbnailUrl":"http:\/\/homolog.saopaulo.sp.leg.br\/apartes-anteriores\/wp-content\/uploads\/sites\/9\/2015\/09\/especial-terceiraidadefotomarcossantos002.jpeg","datePublished":"2014-04-01T16:59:33+00:00","dateModified":"2016-11-30T20:31:06+00:00","breadcrumb":{"@id":"https:\/\/www.saopaulo.sp.leg.br\/apartes-anteriores\/revista-apartes\/numero-6-marco-abril2014\/novo-padrao-de-acolhida\/#breadcrumb"},"inLanguage":"pt-BR","potentialAction":[{"@type":"ReadAction","target":["https:\/\/www.saopaulo.sp.leg.br\/apartes-anteriores\/revista-apartes\/numero-6-marco-abril2014\/novo-padrao-de-acolhida\/"]}]},{"@type":"ImageObject","inLanguage":"pt-BR","@id":"https:\/\/www.saopaulo.sp.leg.br\/apartes-anteriores\/revista-apartes\/numero-6-marco-abril2014\/novo-padrao-de-acolhida\/#primaryimage","url":"https:\/\/homolog.saopaulo.sp.leg.br\/apartes-anteriores\/wp-content\/uploads\/sites\/9\/2015\/09\/especial-terceiraidadefotomarcossantos002.jpeg","contentUrl":"https:\/\/homolog.saopaulo.sp.leg.br\/apartes-anteriores\/wp-content\/uploads\/sites\/9\/2015\/09\/especial-terceiraidadefotomarcossantos002.jpeg","width":1772,"height":1181},{"@type":"BreadcrumbList","@id":"https:\/\/www.saopaulo.sp.leg.br\/apartes-anteriores\/revista-apartes\/numero-6-marco-abril2014\/novo-padrao-de-acolhida\/#breadcrumb","itemListElement":[{"@type":"ListItem","position":1,"name":"Home","item":"https:\/\/www.saopaulo.sp.leg.br\/apartes-anteriores\/"},{"@type":"ListItem","position":2,"name":"Revista Apartes","item":"https:\/\/www.saopaulo.sp.leg.br\/apartes-anteriores\/"},{"@type":"ListItem","position":3,"name":"N\u00famero 06 &#8211; mar-abr\/2014","item":"https:\/\/www.saopaulo.sp.leg.br\/apartes-anteriores\/revista-apartes\/numero-6-marco-abril2014\/"},{"@type":"ListItem","position":4,"name":"Novo padr\u00e3o de acolhida"}]},{"@type":"WebSite","@id":"https:\/\/homolog.saopaulo.sp.leg.br\/apartes-anteriores\/#website","url":"https:\/\/homolog.saopaulo.sp.leg.br\/apartes-anteriores\/","name":"Revista Apartes (edi\u00e7\u00f5es anteriores)","description":"Revista Apartes (edi\u00e7\u00f5es anteriores)","potentialAction":[{"@type":"SearchAction","target":{"@type":"EntryPoint","urlTemplate":"https:\/\/homolog.saopaulo.sp.leg.br\/apartes-anteriores\/?s={search_term_string}"},"query-input":{"@type":"PropertyValueSpecification","valueRequired":true,"valueName":"search_term_string"}}],"inLanguage":"pt-BR"}]}},"_links":{"self":[{"href":"https:\/\/homolog.saopaulo.sp.leg.br\/apartes-anteriores\/wp-json\/wp\/v2\/pages\/34641","targetHints":{"allow":["GET"]}}],"collection":[{"href":"https:\/\/homolog.saopaulo.sp.leg.br\/apartes-anteriores\/wp-json\/wp\/v2\/pages"}],"about":[{"href":"https:\/\/homolog.saopaulo.sp.leg.br\/apartes-anteriores\/wp-json\/wp\/v2\/types\/page"}],"author":[{"embeddable":true,"href":"https:\/\/homolog.saopaulo.sp.leg.br\/apartes-anteriores\/wp-json\/wp\/v2\/users\/109"}],"replies":[{"embeddable":true,"href":"https:\/\/homolog.saopaulo.sp.leg.br\/apartes-anteriores\/wp-json\/wp\/v2\/comments?post=34641"}],"version-history":[{"count":5,"href":"https:\/\/homolog.saopaulo.sp.leg.br\/apartes-anteriores\/wp-json\/wp\/v2\/pages\/34641\/revisions"}],"predecessor-version":[{"id":34669,"href":"https:\/\/homolog.saopaulo.sp.leg.br\/apartes-anteriores\/wp-json\/wp\/v2\/pages\/34641\/revisions\/34669"}],"up":[{"embeddable":true,"href":"https:\/\/homolog.saopaulo.sp.leg.br\/apartes-anteriores\/wp-json\/wp\/v2\/pages\/24326"}],"wp:attachment":[{"href":"https:\/\/homolog.saopaulo.sp.leg.br\/apartes-anteriores\/wp-json\/wp\/v2\/media?parent=34641"}],"curies":[{"name":"wp","href":"https:\/\/api.w.org\/{rel}","templated":true}]}}