{"id":34657,"date":"2014-04-01T19:19:06","date_gmt":"2014-04-01T19:19:06","guid":{"rendered":"http:\/\/homolog.saopaulo.sp.leg.br\/apartes-anteriores\/?page_id=34657"},"modified":"2016-11-30T18:44:54","modified_gmt":"2016-11-30T20:44:54","slug":"planilhas-mais-transparentes","status":"publish","type":"page","link":"https:\/\/homolog.saopaulo.sp.leg.br\/apartes-anteriores\/revista-apartes\/numero-6-marco-abril2014\/planilhas-mais-transparentes\/","title":{"rendered":"N\u00ba06 \u2013 CPI do Transporte"},"content":{"rendered":"<h1><strong><span style=\"color: #800000\">Planilhas mais transparentes<\/span><\/strong><\/h1>\n<h2>Vereadores querem que a SPTrans explique melhor o c\u00e1lculo do pre\u00e7o da passagem<\/h2>\n<p><strong>Rodrigo Garcia<\/strong> | <a href=\"mailto:rodrigogarcia@saopaulo.sp.leg.br\">rodrigogarcia@saopaulo.sp.leg.br<\/a><\/p>\n<p><!-- imagem TOTAL - com legenda - CENTRALIZADA --><\/p>\n<div style=\"width: 100%;margin-right: 1.5em;margin-bottom: 1.5em\">\n<div style=\"padding: 5px;background-color: #eee !important\">\n<p><a href=\"http:\/\/homolog.saopaulo.sp.leg.br\/apartes-anteriores\/wp-content\/uploads\/sites\/9\/2015\/10\/apartes_marabr14__Page_17_Image_0001b.jpg\"><img loading=\"lazy\" decoding=\"async\" class=\"alignnone size-full wp-image-34799\" src=\"http:\/\/homolog.saopaulo.sp.leg.br\/apartes-anteriores\/wp-content\/uploads\/sites\/9\/2015\/10\/apartes_marabr14__Page_17_Image_0001b.jpg\" alt=\"apartes_marabr14__Page_17_Image_0001b\" width=\"674\" height=\"449\" srcset=\"https:\/\/homolog.saopaulo.sp.leg.br\/apartes-anteriores\/wp-content\/uploads\/sites\/9\/2015\/10\/apartes_marabr14__Page_17_Image_0001b.jpg 674w, https:\/\/homolog.saopaulo.sp.leg.br\/apartes-anteriores\/wp-content\/uploads\/sites\/9\/2015\/10\/apartes_marabr14__Page_17_Image_0001b-300x200.jpg 300w\" sizes=\"auto, (max-width: 674px) 100vw, 674px\" \/><\/a><\/p>\n<p style=\"font-size: 0.8em;line-height: 1.1em;text-align: center;margin: -1.5em 0px 7px 0px;color: #333;!important;background-color: transparent !important\" align=\"center\">MELHORIAS &#8211; CPI do Transporte sugere formas de melhorar o sistema de \u00f4nibus em S\u00e3o Paulo<\/p>\n<\/div>\n<p style=\"font-size: 0.5em;line-height: 1.1em;text-align: right;margin: 4px 0px 7px 0px;background-color: transparent !important\">Gute Garbelotto\/CMSP<\/p>\n<\/div>\n<p><!-- imagem TOTAL - com legenda - CENTRALIZADA --><\/p>\n<p>Ap\u00f3s sete meses consultando documentos e recolhendo depoimentos, vereadores da C\u00e2mara Municipal de S\u00e3o Paulo (CMSP) chegaram \u00e0 conclus\u00e3o de que as contas da S\u00e3o Paulo Transporte S.A. (SPTrans) precisam ser mais claras e solicitam que suas planilhas de custo sejam modificadas. Essa foi a principal sugest\u00e3o da Comiss\u00e3o Parlamentar de Inqu\u00e9rito (CPI) do Transporte, que encerrou suas atividades em 13 de fevereiro. \u201cA planilha utilizada pela Prefeitura tem 30 anos, est\u00e1 obsoleta, possivelmente equivocada e a CPI indica uma metodologia nova\u201d, afirmou o presidente da Comiss\u00e3o, Paulo Fiorilo (PT).<\/p>\n<p><!-- imagem GRANDE - com legenda - LADO DIREITO --><\/p>\n<div style=\"float: right;width: 260px;margin-left: 1.5em;margin-bottom: 1.5em\">\n<div style=\"float: right;padding: 5px;background-color: #eee !important\">\n<p><a href=\"http:\/\/homolog.saopaulo.sp.leg.br\/apartes-anteriores\/wp-content\/uploads\/sites\/9\/2015\/10\/apartes_marabr14__Page_18_Image_0001.jpg\"><img loading=\"lazy\" decoding=\"async\" class=\"alignnone wp-image-34802\" src=\"http:\/\/homolog.saopaulo.sp.leg.br\/apartes-anteriores\/wp-content\/uploads\/sites\/9\/2015\/10\/apartes_marabr14__Page_18_Image_0001.jpg\" alt=\"apartes_marabr14__Page_18_Image_0001\" width=\"250\" height=\"176\" srcset=\"https:\/\/homolog.saopaulo.sp.leg.br\/apartes-anteriores\/wp-content\/uploads\/sites\/9\/2015\/10\/apartes_marabr14__Page_18_Image_0001.jpg 367w, https:\/\/homolog.saopaulo.sp.leg.br\/apartes-anteriores\/wp-content\/uploads\/sites\/9\/2015\/10\/apartes_marabr14__Page_18_Image_0001-300x211.jpg 300w\" sizes=\"auto, (max-width: 250px) 100vw, 250px\" \/><\/a><\/p>\n<p style=\"font-size: 0.8em;line-height: 1.1em;text-align: center;margin: -1.5em 0px 7px 0px;color: #333;!important;background-color: transparent !important\" align=\"center\">PARTICIPA\u00c7\u00c3O POPULAR &#8211; Vereadores organizaram audi\u00eancia p\u00fablica para tratar dos transportes<\/p>\n<\/div>\n<p style=\"font-size: 0.5em;line-height: 1.1em;text-align: right;margin: 4px 0px 7px 0px;background-color: transparent !important\">Mozart Gomes\/CMSP<\/p>\n<\/div>\n<p><!-- imagem GRANDE - com legenda - LADO DIREITO --><\/p>\n<p>A CPI para Averiguar Planilhas de Custos do Transporte Coletivo do Munic\u00edpio de S\u00e3o Paulo, mais conhecida como CPI do Transporte, foi instalada ap\u00f3s os protestos de junho, que exigiam a revoga\u00e7\u00e3o do aumento da passagem dos \u00f4nibus municipais. Al\u00e9m de Fiorilo, fizeram parte da Comiss\u00e3o os vereadores Eduardo Tuma (PSDB), vice-presidente; Edir Sales (PSD), relatora; Adilson Amadeu (PTB), Milton Leite (DEM), Nelo Rodolfo (PMDB) e Roberto Tripoli (PV).<\/p>\n<p>A CPI ouviu depoimentos de representantes de empresas e sindicatos, fez visitas ao Tribunal de Contas do Munic\u00edpio (TCM) e ao Minist\u00e9rio P\u00fablico, organizou duas mesas-redondas e analisou documentos. Foram 13 reuni\u00f5es ordin\u00e1rias e quatro extraordin\u00e1rias.<\/p>\n<p>As mesas-redondas trataram de temas espec\u00edficos. A primeira foi sobre a tarifa zero para o transporte p\u00fablico, com a participa\u00e7\u00e3o de representantes da Rede Nossa S\u00e3o Paulo, do Movimento Passe Livre (MPL) e da Associa\u00e7\u00e3o Nacional dos Estudantes Livres (Anel). A outra foi a respeito de um novo modelo de gest\u00e3o do transporte coletivo, na qual foram ouvidos representantes da Secretaria de Transportes da Cidade de S\u00e3o Paulo, da Empresa de Transporte e Tr\u00e2nsito de Belo Horizonte (BHTrans) e da Empresa Municipal de Transportes de Madri (EMT).<\/p>\n<p>No relat\u00f3rio final da CPI, elaborado por Edir Sales, h\u00e1 uma lista de 26 recomenda\u00e7\u00f5es, a maioria \u00e0 SPTrans. Entre elas, destacam-se fiscalizar com mais rigor as empresas e as cooperativas, revisar o Regulamento de San\u00e7\u00f5es e Multas e reestruturar o sistema de linhas de \u00f4nibus.<\/p>\n<p><!-- imagem TOTAL - com legenda - CENTRALIZADA --><\/p>\n<div style=\"width: 100%;margin-right: 1.5em;margin-bottom: 1.5em\">\n<div style=\"padding: 5px;background-color: #eee !important\">\n<p><a href=\"http:\/\/homolog.saopaulo.sp.leg.br\/apartes-anteriores\/wp-content\/uploads\/sites\/9\/2015\/10\/apartes_marabr14__Page_18_Image_0002.jpg\"><img loading=\"lazy\" decoding=\"async\" class=\"alignnone wp-image-34803\" src=\"http:\/\/homolog.saopaulo.sp.leg.br\/apartes-anteriores\/wp-content\/uploads\/sites\/9\/2015\/10\/apartes_marabr14__Page_18_Image_0002.jpg\" alt=\"apartes_marabr14__Page_18_Image_0002\" width=\"640\" height=\"370\" srcset=\"https:\/\/homolog.saopaulo.sp.leg.br\/apartes-anteriores\/wp-content\/uploads\/sites\/9\/2015\/10\/apartes_marabr14__Page_18_Image_0002.jpg 844w, https:\/\/homolog.saopaulo.sp.leg.br\/apartes-anteriores\/wp-content\/uploads\/sites\/9\/2015\/10\/apartes_marabr14__Page_18_Image_0002-300x173.jpg 300w\" sizes=\"auto, (max-width: 640px) 100vw, 640px\" \/><\/a><\/p>\n<p style=\"font-size: 0.8em;line-height: 1.1em;text-align: center;margin: -1.5em 0px 7px 0px;color: #333;!important;background-color: transparent !important\" align=\"center\">ACEITA\u00c7\u00c3O &#8211; Relat\u00f3rio foi aprovado pela maioria dos membros da Comiss\u00e3o<\/p>\n<\/div>\n<p style=\"font-size: 0.5em;line-height: 1.1em;text-align: right;margin: 4px 0px 7px 0px;background-color: transparent !important\">Marcelo Ximenez\/CMSP<\/p>\n<\/div>\n<p><!-- imagem TOTAL - com legenda - CENTRALIZADA --><\/p>\n<p>O relat\u00f3rio tamb\u00e9m chama a aten\u00e7\u00e3o para a necessidade de mudan\u00e7as em contrata\u00e7\u00f5es atualmente feitas sem licita\u00e7\u00e3o. \u00c9 o caso das empresas respons\u00e1veis pela bilhetagem eletr\u00f4nica e equipamentos de monitoramento instalados nos \u00f4nibus. Segundo Edir, essas contrata\u00e7\u00f5es podem estar onerando a planilha de custos do transporte municipal. \u201cExistem contratos vencidos h\u00e1 mais de dez anos, e \u00e9 preciso estudo e uma fiscaliza\u00e7\u00e3o mais ativa\u201d, informou a vereadora.<\/p>\n<p><!-- imagem MEDIA - com legenda - LADO ESQUERDO --><\/p>\n<div style=\"float: left;width: 210px;margin-right: 1.5em;margin-bottom: 1.5em\">\n<div style=\"float: left;padding: 5px;background-color: transparent !important\"><a href=\"http:\/\/homolog.saopaulo.sp.leg.br\/apartes-anteriores\/wp-content\/uploads\/sites\/9\/2015\/10\/principais_recomendacoes.png\"><img loading=\"lazy\" decoding=\"async\" class=\"alignnone wp-image-34805\" src=\"http:\/\/homolog.saopaulo.sp.leg.br\/apartes-anteriores\/wp-content\/uploads\/sites\/9\/2015\/10\/principais_recomendacoes.png\" alt=\"principais_recomendacoes\" width=\"200\" height=\"267\" srcset=\"https:\/\/homolog.saopaulo.sp.leg.br\/apartes-anteriores\/wp-content\/uploads\/sites\/9\/2015\/10\/principais_recomendacoes.png 354w, https:\/\/homolog.saopaulo.sp.leg.br\/apartes-anteriores\/wp-content\/uploads\/sites\/9\/2015\/10\/principais_recomendacoes-225x300.png 225w\" sizes=\"auto, (max-width: 200px) 100vw, 200px\" \/><\/a><\/div>\n<\/div>\n<p><!-- imagem MEDIA - com legenda - LADO ESQUERDO --><\/p>\n<p>Edir Sales ressaltou que os membros da CPI acompanhar\u00e3o bem de perto as a\u00e7\u00f5es e resultados pedidos no relat\u00f3rio, mas deixou claro que nada disso deve ocorrer da noite para o dia. \u201cAs mudan\u00e7as v\u00eam a m\u00e9dio e longo prazo. N\u00e3o \u00e9 porque houve uma CPI na C\u00e2mara que vamos ter uma mudan\u00e7a radical\u201d, disse ela. E prometeu: \u201cN\u00f3s acompanharemos com mais afinco agora, o transporte p\u00fablico em S\u00e3o Paulo precisa melhorar muito. Tudo o que recomendamos \u00e9 superimportante\u201d.<\/p>\n<p>O relat\u00f3rio de Edir Sales foi aprovado por seis vereadores. S\u00f3 Eduardo Tuma votou contra e tentou apresentar um relat\u00f3rio alternativo, o que n\u00e3o foi permitido pelos outros integrantes da CPI. Tuma criticou as investiga\u00e7\u00f5es. \u201cEu me oponho frontalmente \u00e0s conclus\u00f5es da relatora\u201d afirmou. E justificou: \u201cA CPI perdeu o escopo principal de investiga\u00e7\u00e3o quando tentou investigar o governo estadual, e n\u00e3o o sistema de transporte da cidade de S\u00e3o Paulo\u201d, afirmou, referindo-se ao fato de a CPI ter ouvido representantes do Metr\u00f4 e de v\u00e1rias empresas fornecedoras para o sistema de trilhos.<\/p>\n<p>Fiorilo defendeu os trabalhos da Comiss\u00e3o, garantindo que cumpriu o seu papel. \u201cO debate que a CPI tinha de fazer era sobre o custo do sistema, tanto de trens quanto de metr\u00f4 e de \u00f4nibus, e apresentar alternativas para o Munic\u00edpio\u201d, declarou o presidente.<\/p>\n<p><!-- BOX --><\/p>\n<table border=\"0\" width=\"640px\" cellspacing=\"0\" cellpadding=\"0\" bgcolor=\"#ecf8ff\">\n<tbody>\n<tr>\n<td>\n<h2><strong>Pontos de \u00f4nibus com mais informa\u00e7\u00f5es<\/strong><\/h2>\n<p>Quem usa \u00f4nibus em S\u00e3o Paulo poder\u00e1 saber com mais facilidade qual a melhor linha que deve escolher, pois os pontos de \u00f4nibus ter\u00e3o informa\u00e7\u00f5es como nomes, n\u00fameros e categoria das linhas; intervalos, frequ\u00eancia e integra\u00e7\u00e3o de linhas e modais; origem e destino; e principais vias do itiner\u00e1rio.<\/p>\n<p>Em janeiro, o prefeito Fernando Haddad (PT) sancionou a Lei 15.962\/2014, aprovada um m\u00eas antes pela CMSP, que trata de informa\u00e7\u00f5es sobre as linhas. \u201cO Poder P\u00fablico, na implanta\u00e7\u00e3o de abrigos e pontos de parada que integram o Sistema de Transporte Coletivo Urbano de Passageiros na cidade de S\u00e3o Paulo, pautar-se-\u00e1 pela m\u00e1xima efici\u00eancia e clareza nas informa\u00e7\u00f5es relativas a cada uma das linhas\u201d, garante a lei. A Prefeitura tem at\u00e9 abril para regulament\u00e1-la.<\/p>\n<p>O projeto foi apresentado em 2010 pelo vereador Antonio Goulart (PSD), em coautoria com os colegas Mara Gabrilli (PSDB) (hoje deputada federal), Marta Costa (DEM) e Floriano Pesaro (PSDB).<\/p>\n<p>\u201cNa maioria das vezes, os usu\u00e1rios n\u00e3o t\u00eam conhecimento das linhas e perdem precioso tempo na tentativa de se informar\u201d, declarou Goulart na justificativa do projeto. \u201cDependendo do local e do hor\u00e1rio, a desinforma\u00e7\u00e3o pode comprometer a seguran\u00e7a\u201d, completou.<\/td>\n<\/tr>\n<\/tbody>\n<\/table>\n<p><!-- BOX --><\/p>\n<p><strong>Saiba Mais<\/strong><br \/>\n<strong>Documento<\/strong><br \/>\nRelat\u00f3rio da CPI do Transporte, dispon\u00edvel em <em><a href=\"http:\/\/homolog.saopaulo.sp.leg.br\">homolog.saopaulo.sp.leg.br<\/a><\/em><\/p>\n<p><!-- COMENTE SOBRE ESSA MATERIA --><\/p>\n<table border=\"0\" cellspacing=\"0\" cellpadding=\"0\">\n<tbody>\n<tr>\n<td align=\"center\" width=\"50%\">\n<h5>Comente sobre essa mat\u00e9ria:<\/h5>\n<p><a style=\"font-family: 'Helvetica Neue', 'Helvetica', Helvetica, Arial, sans-serif;color: #fff;font-size: 12px;text-decoration: none;font-weight: bold;text-align: center;background-color: #3b5998 !important;margin: 0 0 10px;padding: 3px 7px\" title=\"Facebook da revista Apartes\" href=\"https:\/\/www.facebook.com\/RevistaApartes\" target=\"_blank\">Facebook<\/a> <a style=\"font-family: 'Helvetica Neue', 'Helvetica', Helvetica, Arial, sans-serif;color: #fff;font-size: 12px;text-decoration: none;font-weight: bold;text-align: center;background-color: #1daced !important;margin: 0 0 10px;padding: 3px 7px\" title=\"Twitter da revista Apartes\" href=\"https:\/\/twitter.com\/RevistaApartes\" target=\"_blank\">Twitter<\/a><\/td>\n<td align=\"center\" width=\"50%\">\n<h5>Envie cr\u00edticas ou sugest\u00f5es:<\/h5>\n<p>Email: <strong><a href=\"mailto:apartes@saopaulo.sp.leg.br\">apartes@saopaulo.sp.leg.br<\/a><\/strong><\/td>\n<\/tr>\n<\/tbody>\n<\/table>\n<p><!-- COMENTE SOBRE ESSA MATERIA --><\/p>\n","protected":false},"excerpt":{"rendered":"<p>Planilhas mais transparentes Vereadores querem que a SPTrans explique melhor o c\u00e1lculo do pre\u00e7o da passagem Rodrigo Garcia | rodrigogarcia@saopaulo.sp.leg.br MELHORIAS &#8211; CPI do Transporte sugere formas de melhorar o sistema de \u00f4nibus em S\u00e3o Paulo Gute Garbelotto\/CMSP Ap\u00f3s sete meses consultando documentos e recolhendo depoimentos, vereadores da C\u00e2mara Municipal de S\u00e3o Paulo (CMSP) chegaram [&hellip;]<\/p>\n","protected":false},"author":109,"featured_media":0,"parent":24326,"menu_order":9,"comment_status":"closed","ping_status":"closed","template":"","meta":{"footnotes":""},"class_list":["post-34657","page","type-page","status-publish","hentry"],"meta_all":{"_edit_lock":["1480538561:109"],"_edit_last":["109"],"_wp_page_template":["default"],"_cmsp_page_download-files":["a:1:{i:0;a:1:{s:4:\"type\";s:3:\"pdf\";}}"],"_cmsp_feature-page_title":["Planilhas mais transparentes"],"_yoast_wpseo_title":["Planilhas mais transparentes"],"_yoast_wpseo_bctitle":["Planilhas mais transparentes"],"_yoast_wpseo_opengraph-title":["Planilhas mais transparentes"],"_yoast_wpseo_opengraph-description":["Vereadores querem que a SPTrans explique melhor o c\u00e1lculo do pre\u00e7o da passagem"],"_yoast_wpseo_twitter-title":["Planilhas mais transparentes"],"_yoast_wpseo_twitter-description":["Vereadores querem que a SPTrans explique melhor o c\u00e1lculo do pre\u00e7o da passagem"],"_yoast_wpseo_content_score":["30"]},"meta_all_2":{"_edit_lock":["1480538561:109"],"_edit_last":["109"],"_wp_page_template":["default"],"_cmsp_page_download-files":["a:1:{i:0;a:1:{s:4:\"type\";s:3:\"pdf\";}}"],"_cmsp_feature-page_title":["Planilhas mais transparentes"],"_yoast_wpseo_title":["Planilhas mais transparentes"],"_yoast_wpseo_bctitle":["Planilhas mais transparentes"],"_yoast_wpseo_opengraph-title":["Planilhas mais transparentes"],"_yoast_wpseo_opengraph-description":["Vereadores querem que a SPTrans explique melhor o c\u00e1lculo do pre\u00e7o da passagem"],"_yoast_wpseo_twitter-title":["Planilhas mais transparentes"],"_yoast_wpseo_twitter-description":["Vereadores querem que a SPTrans explique melhor o c\u00e1lculo do pre\u00e7o da passagem"],"_yoast_wpseo_content_score":["30"]},"yoast_head":"<!-- This site is optimized with the Yoast SEO plugin v27.4 - https:\/\/yoast.com\/product\/yoast-seo-wordpress\/ -->\r\n<title>Planilhas mais transparentes<\/title>\r\n<meta name=\"robots\" content=\"noindex, follow, max-snippet:-1, max-image-preview:large, max-video-preview:-1\" \/>\r\n<meta property=\"og:locale\" content=\"pt_BR\" \/>\r\n<meta property=\"og:type\" content=\"article\" \/>\r\n<meta property=\"og:title\" content=\"Planilhas mais transparentes\" \/>\r\n<meta property=\"og:description\" content=\"Vereadores querem que a SPTrans explique melhor o c\u00e1lculo do pre\u00e7o da passagem\" \/>\r\n<meta property=\"og:url\" content=\"https:\/\/www.saopaulo.sp.leg.br\/apartes-anteriores\/revista-apartes\/numero-6-marco-abril2014\/planilhas-mais-transparentes\/\" \/>\r\n<meta property=\"og:site_name\" content=\"Revista Apartes (edi\u00e7\u00f5es anteriores)\" \/>\r\n<meta property=\"article:publisher\" content=\"https:\/\/www.facebook.com\/RevistaApartes\/\" \/>\r\n<meta property=\"article:modified_time\" content=\"2016-11-30T20:44:54+00:00\" \/>\r\n<meta property=\"og:image\" content=\"http:\/\/www.saopaulo.sp.leg.br\/apartes-anteriores\/wp-content\/uploads\/sites\/9\/2015\/10\/apartes_marabr14__Page_17_Image_0001b.jpg\" \/>\r\n<meta name=\"twitter:card\" content=\"summary_large_image\" \/>\r\n<meta name=\"twitter:title\" content=\"Planilhas mais transparentes\" \/>\r\n<meta name=\"twitter:description\" content=\"Vereadores querem que a SPTrans explique melhor o c\u00e1lculo do pre\u00e7o da passagem\" \/>\r\n<meta name=\"twitter:site\" content=\"@revistaapartes\" \/>\r\n<meta name=\"twitter:label1\" content=\"Est. tempo de leitura\" \/>\n\t<meta name=\"twitter:data1\" content=\"5 minutos\" \/>\r\n<script type=\"application\/ld+json\" class=\"yoast-schema-graph\">{\"@context\":\"https:\\\/\\\/schema.org\",\"@graph\":[{\"@type\":\"WebPage\",\"@id\":\"https:\\\/\\\/www.saopaulo.sp.leg.br\\\/apartes-anteriores\\\/revista-apartes\\\/numero-6-marco-abril2014\\\/planilhas-mais-transparentes\\\/\",\"url\":\"https:\\\/\\\/www.saopaulo.sp.leg.br\\\/apartes-anteriores\\\/revista-apartes\\\/numero-6-marco-abril2014\\\/planilhas-mais-transparentes\\\/\",\"name\":\"Planilhas mais transparentes\",\"isPartOf\":{\"@id\":\"https:\\\/\\\/homolog.saopaulo.sp.leg.br\\\/apartes-anteriores\\\/#website\"},\"primaryImageOfPage\":{\"@id\":\"https:\\\/\\\/www.saopaulo.sp.leg.br\\\/apartes-anteriores\\\/revista-apartes\\\/numero-6-marco-abril2014\\\/planilhas-mais-transparentes\\\/#primaryimage\"},\"image\":{\"@id\":\"https:\\\/\\\/www.saopaulo.sp.leg.br\\\/apartes-anteriores\\\/revista-apartes\\\/numero-6-marco-abril2014\\\/planilhas-mais-transparentes\\\/#primaryimage\"},\"thumbnailUrl\":\"http:\\\/\\\/homolog.saopaulo.sp.leg.br\\\/apartes-anteriores\\\/wp-content\\\/uploads\\\/sites\\\/9\\\/2015\\\/10\\\/apartes_marabr14__Page_17_Image_0001b.jpg\",\"datePublished\":\"2014-04-01T19:19:06+00:00\",\"dateModified\":\"2016-11-30T20:44:54+00:00\",\"breadcrumb\":{\"@id\":\"https:\\\/\\\/www.saopaulo.sp.leg.br\\\/apartes-anteriores\\\/revista-apartes\\\/numero-6-marco-abril2014\\\/planilhas-mais-transparentes\\\/#breadcrumb\"},\"inLanguage\":\"pt-BR\",\"potentialAction\":[{\"@type\":\"ReadAction\",\"target\":[\"https:\\\/\\\/www.saopaulo.sp.leg.br\\\/apartes-anteriores\\\/revista-apartes\\\/numero-6-marco-abril2014\\\/planilhas-mais-transparentes\\\/\"]}]},{\"@type\":\"ImageObject\",\"inLanguage\":\"pt-BR\",\"@id\":\"https:\\\/\\\/www.saopaulo.sp.leg.br\\\/apartes-anteriores\\\/revista-apartes\\\/numero-6-marco-abril2014\\\/planilhas-mais-transparentes\\\/#primaryimage\",\"url\":\"https:\\\/\\\/homolog.saopaulo.sp.leg.br\\\/apartes-anteriores\\\/wp-content\\\/uploads\\\/sites\\\/9\\\/2015\\\/10\\\/apartes_marabr14__Page_17_Image_0001b.jpg\",\"contentUrl\":\"https:\\\/\\\/homolog.saopaulo.sp.leg.br\\\/apartes-anteriores\\\/wp-content\\\/uploads\\\/sites\\\/9\\\/2015\\\/10\\\/apartes_marabr14__Page_17_Image_0001b.jpg\",\"width\":674,\"height\":449},{\"@type\":\"BreadcrumbList\",\"@id\":\"https:\\\/\\\/www.saopaulo.sp.leg.br\\\/apartes-anteriores\\\/revista-apartes\\\/numero-6-marco-abril2014\\\/planilhas-mais-transparentes\\\/#breadcrumb\",\"itemListElement\":[{\"@type\":\"ListItem\",\"position\":1,\"name\":\"Home\",\"item\":\"https:\\\/\\\/www.saopaulo.sp.leg.br\\\/apartes-anteriores\\\/\"},{\"@type\":\"ListItem\",\"position\":2,\"name\":\"Revista Apartes\",\"item\":\"https:\\\/\\\/www.saopaulo.sp.leg.br\\\/apartes-anteriores\\\/\"},{\"@type\":\"ListItem\",\"position\":3,\"name\":\"N\u00famero 06 &#8211; mar-abr\\\/2014\",\"item\":\"https:\\\/\\\/www.saopaulo.sp.leg.br\\\/apartes-anteriores\\\/revista-apartes\\\/numero-6-marco-abril2014\\\/\"},{\"@type\":\"ListItem\",\"position\":4,\"name\":\"Planilhas mais transparentes\"}]},{\"@type\":\"WebSite\",\"@id\":\"https:\\\/\\\/homolog.saopaulo.sp.leg.br\\\/apartes-anteriores\\\/#website\",\"url\":\"https:\\\/\\\/homolog.saopaulo.sp.leg.br\\\/apartes-anteriores\\\/\",\"name\":\"Revista Apartes (edi\u00e7\u00f5es anteriores)\",\"description\":\"Revista Apartes (edi\u00e7\u00f5es anteriores)\",\"potentialAction\":[{\"@type\":\"SearchAction\",\"target\":{\"@type\":\"EntryPoint\",\"urlTemplate\":\"https:\\\/\\\/homolog.saopaulo.sp.leg.br\\\/apartes-anteriores\\\/?s={search_term_string}\"},\"query-input\":{\"@type\":\"PropertyValueSpecification\",\"valueRequired\":true,\"valueName\":\"search_term_string\"}}],\"inLanguage\":\"pt-BR\"}]}<\/script>\r\n<!-- \/ Yoast SEO plugin. -->","yoast_head_json":{"title":"Planilhas mais transparentes","robots":{"index":"noindex","follow":"follow","max-snippet":"max-snippet:-1","max-image-preview":"max-image-preview:large","max-video-preview":"max-video-preview:-1"},"og_locale":"pt_BR","og_type":"article","og_title":"Planilhas mais transparentes","og_description":"Vereadores querem que a SPTrans explique melhor o c\u00e1lculo do pre\u00e7o da passagem","og_url":"https:\/\/www.saopaulo.sp.leg.br\/apartes-anteriores\/revista-apartes\/numero-6-marco-abril2014\/planilhas-mais-transparentes\/","og_site_name":"Revista Apartes (edi\u00e7\u00f5es anteriores)","article_publisher":"https:\/\/www.facebook.com\/RevistaApartes\/","article_modified_time":"2016-11-30T20:44:54+00:00","og_image":[{"url":"http:\/\/www.saopaulo.sp.leg.br\/apartes-anteriores\/wp-content\/uploads\/sites\/9\/2015\/10\/apartes_marabr14__Page_17_Image_0001b.jpg","type":"","width":"","height":""}],"twitter_card":"summary_large_image","twitter_title":"Planilhas mais transparentes","twitter_description":"Vereadores querem que a SPTrans explique melhor o c\u00e1lculo do pre\u00e7o da passagem","twitter_site":"@revistaapartes","twitter_misc":{"Est. tempo de leitura":"5 minutos"},"schema":{"@context":"https:\/\/schema.org","@graph":[{"@type":"WebPage","@id":"https:\/\/www.saopaulo.sp.leg.br\/apartes-anteriores\/revista-apartes\/numero-6-marco-abril2014\/planilhas-mais-transparentes\/","url":"https:\/\/www.saopaulo.sp.leg.br\/apartes-anteriores\/revista-apartes\/numero-6-marco-abril2014\/planilhas-mais-transparentes\/","name":"Planilhas mais transparentes","isPartOf":{"@id":"https:\/\/homolog.saopaulo.sp.leg.br\/apartes-anteriores\/#website"},"primaryImageOfPage":{"@id":"https:\/\/www.saopaulo.sp.leg.br\/apartes-anteriores\/revista-apartes\/numero-6-marco-abril2014\/planilhas-mais-transparentes\/#primaryimage"},"image":{"@id":"https:\/\/www.saopaulo.sp.leg.br\/apartes-anteriores\/revista-apartes\/numero-6-marco-abril2014\/planilhas-mais-transparentes\/#primaryimage"},"thumbnailUrl":"http:\/\/homolog.saopaulo.sp.leg.br\/apartes-anteriores\/wp-content\/uploads\/sites\/9\/2015\/10\/apartes_marabr14__Page_17_Image_0001b.jpg","datePublished":"2014-04-01T19:19:06+00:00","dateModified":"2016-11-30T20:44:54+00:00","breadcrumb":{"@id":"https:\/\/www.saopaulo.sp.leg.br\/apartes-anteriores\/revista-apartes\/numero-6-marco-abril2014\/planilhas-mais-transparentes\/#breadcrumb"},"inLanguage":"pt-BR","potentialAction":[{"@type":"ReadAction","target":["https:\/\/www.saopaulo.sp.leg.br\/apartes-anteriores\/revista-apartes\/numero-6-marco-abril2014\/planilhas-mais-transparentes\/"]}]},{"@type":"ImageObject","inLanguage":"pt-BR","@id":"https:\/\/www.saopaulo.sp.leg.br\/apartes-anteriores\/revista-apartes\/numero-6-marco-abril2014\/planilhas-mais-transparentes\/#primaryimage","url":"https:\/\/homolog.saopaulo.sp.leg.br\/apartes-anteriores\/wp-content\/uploads\/sites\/9\/2015\/10\/apartes_marabr14__Page_17_Image_0001b.jpg","contentUrl":"https:\/\/homolog.saopaulo.sp.leg.br\/apartes-anteriores\/wp-content\/uploads\/sites\/9\/2015\/10\/apartes_marabr14__Page_17_Image_0001b.jpg","width":674,"height":449},{"@type":"BreadcrumbList","@id":"https:\/\/www.saopaulo.sp.leg.br\/apartes-anteriores\/revista-apartes\/numero-6-marco-abril2014\/planilhas-mais-transparentes\/#breadcrumb","itemListElement":[{"@type":"ListItem","position":1,"name":"Home","item":"https:\/\/www.saopaulo.sp.leg.br\/apartes-anteriores\/"},{"@type":"ListItem","position":2,"name":"Revista Apartes","item":"https:\/\/www.saopaulo.sp.leg.br\/apartes-anteriores\/"},{"@type":"ListItem","position":3,"name":"N\u00famero 06 &#8211; mar-abr\/2014","item":"https:\/\/www.saopaulo.sp.leg.br\/apartes-anteriores\/revista-apartes\/numero-6-marco-abril2014\/"},{"@type":"ListItem","position":4,"name":"Planilhas mais transparentes"}]},{"@type":"WebSite","@id":"https:\/\/homolog.saopaulo.sp.leg.br\/apartes-anteriores\/#website","url":"https:\/\/homolog.saopaulo.sp.leg.br\/apartes-anteriores\/","name":"Revista Apartes (edi\u00e7\u00f5es anteriores)","description":"Revista Apartes (edi\u00e7\u00f5es anteriores)","potentialAction":[{"@type":"SearchAction","target":{"@type":"EntryPoint","urlTemplate":"https:\/\/homolog.saopaulo.sp.leg.br\/apartes-anteriores\/?s={search_term_string}"},"query-input":{"@type":"PropertyValueSpecification","valueRequired":true,"valueName":"search_term_string"}}],"inLanguage":"pt-BR"}]}},"_links":{"self":[{"href":"https:\/\/homolog.saopaulo.sp.leg.br\/apartes-anteriores\/wp-json\/wp\/v2\/pages\/34657","targetHints":{"allow":["GET"]}}],"collection":[{"href":"https:\/\/homolog.saopaulo.sp.leg.br\/apartes-anteriores\/wp-json\/wp\/v2\/pages"}],"about":[{"href":"https:\/\/homolog.saopaulo.sp.leg.br\/apartes-anteriores\/wp-json\/wp\/v2\/types\/page"}],"author":[{"embeddable":true,"href":"https:\/\/homolog.saopaulo.sp.leg.br\/apartes-anteriores\/wp-json\/wp\/v2\/users\/109"}],"replies":[{"embeddable":true,"href":"https:\/\/homolog.saopaulo.sp.leg.br\/apartes-anteriores\/wp-json\/wp\/v2\/comments?post=34657"}],"version-history":[{"count":5,"href":"https:\/\/homolog.saopaulo.sp.leg.br\/apartes-anteriores\/wp-json\/wp\/v2\/pages\/34657\/revisions"}],"predecessor-version":[{"id":34809,"href":"https:\/\/homolog.saopaulo.sp.leg.br\/apartes-anteriores\/wp-json\/wp\/v2\/pages\/34657\/revisions\/34809"}],"up":[{"embeddable":true,"href":"https:\/\/homolog.saopaulo.sp.leg.br\/apartes-anteriores\/wp-json\/wp\/v2\/pages\/24326"}],"wp:attachment":[{"href":"https:\/\/homolog.saopaulo.sp.leg.br\/apartes-anteriores\/wp-json\/wp\/v2\/media?parent=34657"}],"curies":[{"name":"wp","href":"https:\/\/api.w.org\/{rel}","templated":true}]}}