{"id":34661,"date":"2015-04-24T20:47:27","date_gmt":"2015-04-24T20:47:27","guid":{"rendered":"http:\/\/homolog.saopaulo.sp.leg.br\/apartes-anteriores\/?page_id=34661"},"modified":"2016-11-30T18:47:20","modified_gmt":"2016-11-30T20:47:20","slug":"proximos-da-legalidade","status":"publish","type":"page","link":"https:\/\/homolog.saopaulo.sp.leg.br\/apartes-anteriores\/revista-apartes\/numero-6-marco-abril2014\/proximos-da-legalidade\/","title":{"rendered":"N\u00ba06 \u2013 Com\u00e9rcio"},"content":{"rendered":"<h1><strong><span style=\"color: #800000\">Pr\u00f3ximos da legalidade<\/span><\/strong><\/h1>\n<h2>Lei suprime dist\u00e2ncia m\u00ednima entre edifica\u00e7\u00f5es e bombas de combust\u00edvel para facilitar a regulariza\u00e7\u00e3o de postos<\/h2>\n<p><strong>S\u00e2ndor Vasconcelos<\/strong> | <a href=\"mailto:sandor@saopaulo.sp.leg.br\">sandor@saopaulo.sp.leg.br<\/a><\/p>\n<p><!-- imagem TOTAL - com legenda - CENTRALIZADA --><\/p>\n<div style=\"width: 100%;margin-right: 1.5em;margin-bottom: 1.5em\">\n<div style=\"padding: 5px;background-color: #eee !important\"><a href=\"http:\/\/homolog.saopaulo.sp.leg.br\/apartes-anteriores\/wp-content\/uploads\/sites\/9\/2015\/10\/apartes_marabr14__Page_21_Image_0001.jpg\"><img loading=\"lazy\" decoding=\"async\" class=\"alignnone wp-image-34824\" src=\"http:\/\/homolog.saopaulo.sp.leg.br\/apartes-anteriores\/wp-content\/uploads\/sites\/9\/2015\/10\/apartes_marabr14__Page_21_Image_0001.jpg\" alt=\"apartes_marabr14__Page_21_Image_0001\" width=\"640\" height=\"378\" srcset=\"https:\/\/homolog.saopaulo.sp.leg.br\/apartes-anteriores\/wp-content\/uploads\/sites\/9\/2015\/10\/apartes_marabr14__Page_21_Image_0001.jpg 764w, https:\/\/homolog.saopaulo.sp.leg.br\/apartes-anteriores\/wp-content\/uploads\/sites\/9\/2015\/10\/apartes_marabr14__Page_21_Image_0001-300x177.jpg 300w\" sizes=\"auto, (max-width: 640px) 100vw, 640px\" \/><\/a><\/div>\n<p style=\"font-size: 0.5em;line-height: 1.1em;text-align: right;margin: 4px 0px 7px 0px;background-color: transparent !important\">F\u00e1bio Lazzari\/CMSP<\/p>\n<\/div>\n<p><!-- imagem TOTAL - com legenda - CENTRALIZADA --><\/p>\n<p>Desde 2004, alguns donos de postos de combust\u00edveis da cidade de S\u00e3o Paulo conviviam com um empecilho para que seus estabelecimentos fossem regularizados. A Lei 13.944, aprovada naquele ano, estabelecia uma dist\u00e2ncia m\u00ednima de 20 metros entre as bombas de combust\u00edvel e edifica\u00e7\u00f5es como lojas de conveni\u00eancia, por exemplo.<\/p>\n<p>Para resolver o problema, a C\u00e2mara Municipal de S\u00e3o Paulo (CMSP) aprovou no ano passado projeto de lei dos vereadores Ricardo Nunes (PMDB), Dalton Silvano (PV), Orlando Silva (PCdoB) e Jamil Murad (PCdoB), originando a Lei 15.959\/2014, que excluiu a exig\u00eancia da dist\u00e2ncia m\u00ednima.<\/p>\n<p>Mesmo com o fim do requisito, os postos continuam obrigados a respeitar as normas da Associa\u00e7\u00e3o Brasileira de Normas T\u00e9cnicas (ABNT) e possuir o alvar\u00e1 de licen\u00e7a de tanques e bombas. Tamb\u00e9m \u00e9 obrigat\u00f3ria a aprova\u00e7\u00e3o do laudo do Corpo de Bombeiros.<\/p>\n<p>Al\u00e9m de possibilitar a regulariza\u00e7\u00e3o de v\u00e1rios estabelecimentos, a lei aumentou a lista de atividades autorizadas a funcionar em uso misto com os postos de combust\u00edvel, como padarias, restaurantes e pet shops.<\/p>\n<p><!-- BOX --><\/p>\n<table border=\"0\" width=\"640px\" cellspacing=\"0\" cellpadding=\"0\" bgcolor=\"#ecf8ff\">\n<tbody>\n<tr>\n<td>\n<h2><strong>Podem funcionar com os postos:<\/strong><\/h2>\n<ul>\n<li>Loja de conveni\u00eancia<\/li>\n<li>Lot\u00e9rica<\/li>\n<li>Farm\u00e1cia<\/li>\n<li>Floricultura<\/li>\n<li>Banca de jornal e revista<\/li>\n<li>Livraria<\/li>\n<li>Papelaria<\/li>\n<li>Caf\u00e9<\/li>\n<li>Lanchonete<\/li>\n<li>Supermercado<\/li>\n<li>Hipermercado<\/li>\n<li>Locadora de v\u00eddeo<\/li>\n<li>Quitanda*<\/li>\n<li>Padaria*<\/li>\n<li>Frutaria*<\/li>\n<li>Restaurante*<\/li>\n<li>Doceria*<\/li>\n<li>Pastelaria*<\/li>\n<li>Pet shop*<\/li>\n<li>Banco*<\/li>\n<li>Lavanderia*<\/li>\n<li>Autocenter*<\/li>\n<li>Sala de venda*<\/li>\n<li>Showroom*<\/li>\n<li>Chaveiro*<\/li>\n<li>Borracharia*<\/li>\n<li>Sal\u00e3o de beleza e est\u00e9tica*<\/li>\n<\/ul>\n<p style=\"font-size: 0.5em;line-height: 1.1em;text-align: right;margin: 4px 0px 7px 0px;background-color: transparent !important\">Atividades acrescentadas pela Lei 15.959\/2014<\/p>\n<\/td>\n<\/tr>\n<\/tbody>\n<\/table>\n<p><!-- BOX --><\/p>\n<p><!-- COMENTE SOBRE ESSA MATERIA --><\/p>\n<table border=\"0\" cellspacing=\"0\" cellpadding=\"0\">\n<tbody>\n<tr>\n<td align=\"center\" width=\"50%\">\n<h5>Comente sobre essa mat\u00e9ria:<\/h5>\n<p><a style=\"font-family: 'Helvetica Neue', 'Helvetica', Helvetica, Arial, sans-serif;color: #fff;font-size: 12px;text-decoration: none;font-weight: bold;text-align: center;background-color: #3b5998 !important;margin: 0 0 10px;padding: 3px 7px\" title=\"Facebook da revista Apartes\" href=\"https:\/\/www.facebook.com\/RevistaApartes\" target=\"_blank\">Facebook<\/a> <a style=\"font-family: 'Helvetica Neue', 'Helvetica', Helvetica, Arial, sans-serif;color: #fff;font-size: 12px;text-decoration: none;font-weight: bold;text-align: center;background-color: #1daced !important;margin: 0 0 10px;padding: 3px 7px\" title=\"Twitter da revista Apartes\" href=\"https:\/\/twitter.com\/RevistaApartes\" target=\"_blank\">Twitter<\/a><\/td>\n<td align=\"center\" width=\"50%\">\n<h5>Envie cr\u00edticas ou sugest\u00f5es:<\/h5>\n<p>Email: <strong><a href=\"mailto:apartes@saopaulo.sp.leg.br\">apartes@saopaulo.sp.leg.br<\/a><\/strong><\/td>\n<\/tr>\n<\/tbody>\n<\/table>\n<p><!-- COMENTE SOBRE ESSA MATERIA --><\/p>\n","protected":false},"excerpt":{"rendered":"<p>Pr\u00f3ximos da legalidade Lei suprime dist\u00e2ncia m\u00ednima entre edifica\u00e7\u00f5es e bombas de combust\u00edvel para facilitar a regulariza\u00e7\u00e3o de postos S\u00e2ndor Vasconcelos | sandor@saopaulo.sp.leg.br F\u00e1bio Lazzari\/CMSP Desde 2004, alguns donos de postos de combust\u00edveis da cidade de S\u00e3o Paulo conviviam com um empecilho para que seus estabelecimentos fossem regularizados. A Lei 13.944, aprovada naquele ano, estabelecia [&hellip;]<\/p>\n","protected":false},"author":109,"featured_media":0,"parent":24326,"menu_order":11,"comment_status":"closed","ping_status":"closed","template":"","meta":{"footnotes":""},"class_list":["post-34661","page","type-page","status-publish","hentry"],"meta_all":{"_edit_lock":["1480538708:109"],"_edit_last":["109"],"_wp_page_template":["default"],"_cmsp_page_download-files":["a:1:{i:0;a:1:{s:4:\"type\";s:3:\"pdf\";}}"],"_cmsp_feature-page_title":["Pr\u00f3ximos da legalidade"],"_yoast_wpseo_title":["Pr\u00f3ximos da legalidade"],"_yoast_wpseo_bctitle":["Pr\u00f3ximos da legalidade"],"_yoast_wpseo_opengraph-title":["Pr\u00f3ximos da legalidade"],"_yoast_wpseo_opengraph-description":["Lei suprime dist\u00e2ncia m\u00ednima entre edifica\u00e7\u00f5es e bombas de combust\u00edvel para facilitar a regulariza\u00e7\u00e3o de postos"],"_yoast_wpseo_twitter-title":["Pr\u00f3ximos da legalidade"],"_yoast_wpseo_twitter-description":["Lei suprime dist\u00e2ncia m\u00ednima entre edifica\u00e7\u00f5es e bombas de combust\u00edvel para facilitar a regulariza\u00e7\u00e3o de postos"],"_yoast_wpseo_content_score":["90"]},"meta_all_2":{"_edit_lock":["1480538708:109"],"_edit_last":["109"],"_wp_page_template":["default"],"_cmsp_page_download-files":["a:1:{i:0;a:1:{s:4:\"type\";s:3:\"pdf\";}}"],"_cmsp_feature-page_title":["Pr\u00f3ximos da legalidade"],"_yoast_wpseo_title":["Pr\u00f3ximos da legalidade"],"_yoast_wpseo_bctitle":["Pr\u00f3ximos da legalidade"],"_yoast_wpseo_opengraph-title":["Pr\u00f3ximos da legalidade"],"_yoast_wpseo_opengraph-description":["Lei suprime dist\u00e2ncia m\u00ednima entre edifica\u00e7\u00f5es e bombas de combust\u00edvel para facilitar a regulariza\u00e7\u00e3o de postos"],"_yoast_wpseo_twitter-title":["Pr\u00f3ximos da legalidade"],"_yoast_wpseo_twitter-description":["Lei suprime dist\u00e2ncia m\u00ednima entre edifica\u00e7\u00f5es e bombas de combust\u00edvel para facilitar a regulariza\u00e7\u00e3o de postos"],"_yoast_wpseo_content_score":["90"]},"yoast_head":"<!-- This site is optimized with the Yoast SEO plugin v27.4 - https:\/\/yoast.com\/product\/yoast-seo-wordpress\/ -->\r\n<title>Pr\u00f3ximos da legalidade<\/title>\r\n<meta name=\"robots\" content=\"noindex, follow, max-snippet:-1, max-image-preview:large, max-video-preview:-1\" \/>\r\n<meta property=\"og:locale\" content=\"pt_BR\" \/>\r\n<meta property=\"og:type\" content=\"article\" \/>\r\n<meta property=\"og:title\" content=\"Pr\u00f3ximos da legalidade\" \/>\r\n<meta property=\"og:description\" content=\"Lei suprime dist\u00e2ncia m\u00ednima entre edifica\u00e7\u00f5es e bombas de combust\u00edvel para facilitar a regulariza\u00e7\u00e3o de postos\" \/>\r\n<meta property=\"og:url\" content=\"https:\/\/www.saopaulo.sp.leg.br\/apartes-anteriores\/revista-apartes\/numero-6-marco-abril2014\/proximos-da-legalidade\/\" \/>\r\n<meta property=\"og:site_name\" content=\"Revista Apartes (edi\u00e7\u00f5es anteriores)\" \/>\r\n<meta property=\"article:publisher\" content=\"https:\/\/www.facebook.com\/RevistaApartes\/\" \/>\r\n<meta property=\"article:modified_time\" content=\"2016-11-30T20:47:20+00:00\" \/>\r\n<meta property=\"og:image\" content=\"http:\/\/www.saopaulo.sp.leg.br\/apartes-anteriores\/wp-content\/uploads\/sites\/9\/2015\/10\/apartes_marabr14__Page_21_Image_0001.jpg\" \/>\r\n<meta name=\"twitter:card\" content=\"summary_large_image\" \/>\r\n<meta name=\"twitter:title\" content=\"Pr\u00f3ximos da legalidade\" \/>\r\n<meta name=\"twitter:description\" content=\"Lei suprime dist\u00e2ncia m\u00ednima entre edifica\u00e7\u00f5es e bombas de combust\u00edvel para facilitar a regulariza\u00e7\u00e3o de postos\" \/>\r\n<meta name=\"twitter:site\" content=\"@revistaapartes\" \/>\r\n<meta name=\"twitter:label1\" content=\"Est. tempo de leitura\" \/>\n\t<meta name=\"twitter:data1\" content=\"1 minuto\" \/>\r\n<script type=\"application\/ld+json\" class=\"yoast-schema-graph\">{\"@context\":\"https:\\\/\\\/schema.org\",\"@graph\":[{\"@type\":\"WebPage\",\"@id\":\"https:\\\/\\\/www.saopaulo.sp.leg.br\\\/apartes-anteriores\\\/revista-apartes\\\/numero-6-marco-abril2014\\\/proximos-da-legalidade\\\/\",\"url\":\"https:\\\/\\\/www.saopaulo.sp.leg.br\\\/apartes-anteriores\\\/revista-apartes\\\/numero-6-marco-abril2014\\\/proximos-da-legalidade\\\/\",\"name\":\"Pr\u00f3ximos da legalidade\",\"isPartOf\":{\"@id\":\"https:\\\/\\\/homolog.saopaulo.sp.leg.br\\\/apartes-anteriores\\\/#website\"},\"primaryImageOfPage\":{\"@id\":\"https:\\\/\\\/www.saopaulo.sp.leg.br\\\/apartes-anteriores\\\/revista-apartes\\\/numero-6-marco-abril2014\\\/proximos-da-legalidade\\\/#primaryimage\"},\"image\":{\"@id\":\"https:\\\/\\\/www.saopaulo.sp.leg.br\\\/apartes-anteriores\\\/revista-apartes\\\/numero-6-marco-abril2014\\\/proximos-da-legalidade\\\/#primaryimage\"},\"thumbnailUrl\":\"http:\\\/\\\/homolog.saopaulo.sp.leg.br\\\/apartes-anteriores\\\/wp-content\\\/uploads\\\/sites\\\/9\\\/2015\\\/10\\\/apartes_marabr14__Page_21_Image_0001.jpg\",\"datePublished\":\"2015-04-24T20:47:27+00:00\",\"dateModified\":\"2016-11-30T20:47:20+00:00\",\"breadcrumb\":{\"@id\":\"https:\\\/\\\/www.saopaulo.sp.leg.br\\\/apartes-anteriores\\\/revista-apartes\\\/numero-6-marco-abril2014\\\/proximos-da-legalidade\\\/#breadcrumb\"},\"inLanguage\":\"pt-BR\",\"potentialAction\":[{\"@type\":\"ReadAction\",\"target\":[\"https:\\\/\\\/www.saopaulo.sp.leg.br\\\/apartes-anteriores\\\/revista-apartes\\\/numero-6-marco-abril2014\\\/proximos-da-legalidade\\\/\"]}]},{\"@type\":\"ImageObject\",\"inLanguage\":\"pt-BR\",\"@id\":\"https:\\\/\\\/www.saopaulo.sp.leg.br\\\/apartes-anteriores\\\/revista-apartes\\\/numero-6-marco-abril2014\\\/proximos-da-legalidade\\\/#primaryimage\",\"url\":\"https:\\\/\\\/homolog.saopaulo.sp.leg.br\\\/apartes-anteriores\\\/wp-content\\\/uploads\\\/sites\\\/9\\\/2015\\\/10\\\/apartes_marabr14__Page_21_Image_0001.jpg\",\"contentUrl\":\"https:\\\/\\\/homolog.saopaulo.sp.leg.br\\\/apartes-anteriores\\\/wp-content\\\/uploads\\\/sites\\\/9\\\/2015\\\/10\\\/apartes_marabr14__Page_21_Image_0001.jpg\",\"width\":764,\"height\":451},{\"@type\":\"BreadcrumbList\",\"@id\":\"https:\\\/\\\/www.saopaulo.sp.leg.br\\\/apartes-anteriores\\\/revista-apartes\\\/numero-6-marco-abril2014\\\/proximos-da-legalidade\\\/#breadcrumb\",\"itemListElement\":[{\"@type\":\"ListItem\",\"position\":1,\"name\":\"Home\",\"item\":\"https:\\\/\\\/www.saopaulo.sp.leg.br\\\/apartes-anteriores\\\/\"},{\"@type\":\"ListItem\",\"position\":2,\"name\":\"Revista Apartes\",\"item\":\"https:\\\/\\\/www.saopaulo.sp.leg.br\\\/apartes-anteriores\\\/\"},{\"@type\":\"ListItem\",\"position\":3,\"name\":\"N\u00famero 06 &#8211; mar-abr\\\/2014\",\"item\":\"https:\\\/\\\/www.saopaulo.sp.leg.br\\\/apartes-anteriores\\\/revista-apartes\\\/numero-6-marco-abril2014\\\/\"},{\"@type\":\"ListItem\",\"position\":4,\"name\":\"Pr\u00f3ximos da legalidade\"}]},{\"@type\":\"WebSite\",\"@id\":\"https:\\\/\\\/homolog.saopaulo.sp.leg.br\\\/apartes-anteriores\\\/#website\",\"url\":\"https:\\\/\\\/homolog.saopaulo.sp.leg.br\\\/apartes-anteriores\\\/\",\"name\":\"Revista Apartes (edi\u00e7\u00f5es anteriores)\",\"description\":\"Revista Apartes (edi\u00e7\u00f5es anteriores)\",\"potentialAction\":[{\"@type\":\"SearchAction\",\"target\":{\"@type\":\"EntryPoint\",\"urlTemplate\":\"https:\\\/\\\/homolog.saopaulo.sp.leg.br\\\/apartes-anteriores\\\/?s={search_term_string}\"},\"query-input\":{\"@type\":\"PropertyValueSpecification\",\"valueRequired\":true,\"valueName\":\"search_term_string\"}}],\"inLanguage\":\"pt-BR\"}]}<\/script>\r\n<!-- \/ Yoast SEO plugin. -->","yoast_head_json":{"title":"Pr\u00f3ximos da legalidade","robots":{"index":"noindex","follow":"follow","max-snippet":"max-snippet:-1","max-image-preview":"max-image-preview:large","max-video-preview":"max-video-preview:-1"},"og_locale":"pt_BR","og_type":"article","og_title":"Pr\u00f3ximos da legalidade","og_description":"Lei suprime dist\u00e2ncia m\u00ednima entre edifica\u00e7\u00f5es e bombas de combust\u00edvel para facilitar a regulariza\u00e7\u00e3o de postos","og_url":"https:\/\/www.saopaulo.sp.leg.br\/apartes-anteriores\/revista-apartes\/numero-6-marco-abril2014\/proximos-da-legalidade\/","og_site_name":"Revista Apartes (edi\u00e7\u00f5es anteriores)","article_publisher":"https:\/\/www.facebook.com\/RevistaApartes\/","article_modified_time":"2016-11-30T20:47:20+00:00","og_image":[{"url":"http:\/\/www.saopaulo.sp.leg.br\/apartes-anteriores\/wp-content\/uploads\/sites\/9\/2015\/10\/apartes_marabr14__Page_21_Image_0001.jpg","type":"","width":"","height":""}],"twitter_card":"summary_large_image","twitter_title":"Pr\u00f3ximos da legalidade","twitter_description":"Lei suprime dist\u00e2ncia m\u00ednima entre edifica\u00e7\u00f5es e bombas de combust\u00edvel para facilitar a regulariza\u00e7\u00e3o de postos","twitter_site":"@revistaapartes","twitter_misc":{"Est. tempo de leitura":"1 minuto"},"schema":{"@context":"https:\/\/schema.org","@graph":[{"@type":"WebPage","@id":"https:\/\/www.saopaulo.sp.leg.br\/apartes-anteriores\/revista-apartes\/numero-6-marco-abril2014\/proximos-da-legalidade\/","url":"https:\/\/www.saopaulo.sp.leg.br\/apartes-anteriores\/revista-apartes\/numero-6-marco-abril2014\/proximos-da-legalidade\/","name":"Pr\u00f3ximos da legalidade","isPartOf":{"@id":"https:\/\/homolog.saopaulo.sp.leg.br\/apartes-anteriores\/#website"},"primaryImageOfPage":{"@id":"https:\/\/www.saopaulo.sp.leg.br\/apartes-anteriores\/revista-apartes\/numero-6-marco-abril2014\/proximos-da-legalidade\/#primaryimage"},"image":{"@id":"https:\/\/www.saopaulo.sp.leg.br\/apartes-anteriores\/revista-apartes\/numero-6-marco-abril2014\/proximos-da-legalidade\/#primaryimage"},"thumbnailUrl":"http:\/\/homolog.saopaulo.sp.leg.br\/apartes-anteriores\/wp-content\/uploads\/sites\/9\/2015\/10\/apartes_marabr14__Page_21_Image_0001.jpg","datePublished":"2015-04-24T20:47:27+00:00","dateModified":"2016-11-30T20:47:20+00:00","breadcrumb":{"@id":"https:\/\/www.saopaulo.sp.leg.br\/apartes-anteriores\/revista-apartes\/numero-6-marco-abril2014\/proximos-da-legalidade\/#breadcrumb"},"inLanguage":"pt-BR","potentialAction":[{"@type":"ReadAction","target":["https:\/\/www.saopaulo.sp.leg.br\/apartes-anteriores\/revista-apartes\/numero-6-marco-abril2014\/proximos-da-legalidade\/"]}]},{"@type":"ImageObject","inLanguage":"pt-BR","@id":"https:\/\/www.saopaulo.sp.leg.br\/apartes-anteriores\/revista-apartes\/numero-6-marco-abril2014\/proximos-da-legalidade\/#primaryimage","url":"https:\/\/homolog.saopaulo.sp.leg.br\/apartes-anteriores\/wp-content\/uploads\/sites\/9\/2015\/10\/apartes_marabr14__Page_21_Image_0001.jpg","contentUrl":"https:\/\/homolog.saopaulo.sp.leg.br\/apartes-anteriores\/wp-content\/uploads\/sites\/9\/2015\/10\/apartes_marabr14__Page_21_Image_0001.jpg","width":764,"height":451},{"@type":"BreadcrumbList","@id":"https:\/\/www.saopaulo.sp.leg.br\/apartes-anteriores\/revista-apartes\/numero-6-marco-abril2014\/proximos-da-legalidade\/#breadcrumb","itemListElement":[{"@type":"ListItem","position":1,"name":"Home","item":"https:\/\/www.saopaulo.sp.leg.br\/apartes-anteriores\/"},{"@type":"ListItem","position":2,"name":"Revista Apartes","item":"https:\/\/www.saopaulo.sp.leg.br\/apartes-anteriores\/"},{"@type":"ListItem","position":3,"name":"N\u00famero 06 &#8211; mar-abr\/2014","item":"https:\/\/www.saopaulo.sp.leg.br\/apartes-anteriores\/revista-apartes\/numero-6-marco-abril2014\/"},{"@type":"ListItem","position":4,"name":"Pr\u00f3ximos da legalidade"}]},{"@type":"WebSite","@id":"https:\/\/homolog.saopaulo.sp.leg.br\/apartes-anteriores\/#website","url":"https:\/\/homolog.saopaulo.sp.leg.br\/apartes-anteriores\/","name":"Revista Apartes (edi\u00e7\u00f5es anteriores)","description":"Revista Apartes (edi\u00e7\u00f5es anteriores)","potentialAction":[{"@type":"SearchAction","target":{"@type":"EntryPoint","urlTemplate":"https:\/\/homolog.saopaulo.sp.leg.br\/apartes-anteriores\/?s={search_term_string}"},"query-input":{"@type":"PropertyValueSpecification","valueRequired":true,"valueName":"search_term_string"}}],"inLanguage":"pt-BR"}]}},"_links":{"self":[{"href":"https:\/\/homolog.saopaulo.sp.leg.br\/apartes-anteriores\/wp-json\/wp\/v2\/pages\/34661","targetHints":{"allow":["GET"]}}],"collection":[{"href":"https:\/\/homolog.saopaulo.sp.leg.br\/apartes-anteriores\/wp-json\/wp\/v2\/pages"}],"about":[{"href":"https:\/\/homolog.saopaulo.sp.leg.br\/apartes-anteriores\/wp-json\/wp\/v2\/types\/page"}],"author":[{"embeddable":true,"href":"https:\/\/homolog.saopaulo.sp.leg.br\/apartes-anteriores\/wp-json\/wp\/v2\/users\/109"}],"replies":[{"embeddable":true,"href":"https:\/\/homolog.saopaulo.sp.leg.br\/apartes-anteriores\/wp-json\/wp\/v2\/comments?post=34661"}],"version-history":[{"count":5,"href":"https:\/\/homolog.saopaulo.sp.leg.br\/apartes-anteriores\/wp-json\/wp\/v2\/pages\/34661\/revisions"}],"predecessor-version":[{"id":34828,"href":"https:\/\/homolog.saopaulo.sp.leg.br\/apartes-anteriores\/wp-json\/wp\/v2\/pages\/34661\/revisions\/34828"}],"up":[{"embeddable":true,"href":"https:\/\/homolog.saopaulo.sp.leg.br\/apartes-anteriores\/wp-json\/wp\/v2\/pages\/24326"}],"wp:attachment":[{"href":"https:\/\/homolog.saopaulo.sp.leg.br\/apartes-anteriores\/wp-json\/wp\/v2\/media?parent=34661"}],"curies":[{"name":"wp","href":"https:\/\/api.w.org\/{rel}","templated":true}]}}