{"id":34840,"date":"2015-10-08T18:31:36","date_gmt":"2015-10-08T18:31:36","guid":{"rendered":"http:\/\/homolog.saopaulo.sp.leg.br\/apartes-anteriores\/?page_id=34840"},"modified":"2015-10-09T17:34:35","modified_gmt":"2015-10-09T17:34:35","slug":"apartes-16-palavra-do-presidente","status":"publish","type":"page","link":"https:\/\/homolog.saopaulo.sp.leg.br\/apartes-anteriores\/revista-apartes\/numero-16\/apartes-16-palavra-do-presidente\/","title":{"rendered":"N\u00ba16 &#8211; Palavra do Presidente"},"content":{"rendered":"<div style=\"float: right;width: 160px;margin-left: 1.5em;margin-bottom: 1.5em\">\n<div style=\"float: right;padding: 5px;background-color: #eee !important\">\n<p><a href=\"http:\/\/homolog.saopaulo.sp.leg.br\/apartes-anteriores\/wp-content\/uploads\/sites\/9\/2015\/08\/teste-150x150.jpg\"><img loading=\"lazy\" decoding=\"async\" class=\"alignnone wp-image-33893 size-full\" src=\"http:\/\/homolog.saopaulo.sp.leg.br\/apartes-anteriores\/wp-content\/uploads\/sites\/9\/2015\/08\/teste-150x150.jpg\" alt=\"teste-150x150\" width=\"150\" height=\"150\" \/><\/a><\/p>\n<p style=\"font-size: 0.8em;line-height: 1.1em;text-align: center;margin: -1.5em 0px 7px 0px;color: #333;!important;background-color: transparent !important\" align=\"center\">Vereador Antonio Donato<br \/>\nPresidente da CMSP<\/p>\n<\/div>\n<p style=\"font-size: 0.5em;line-height: 1.1em;text-align: right;margin: 4px 0px 7px 0px;background-color: transparent !important\">Assessoria vereador<br \/>\nAntonio Donato<\/p>\n<\/div>\n<h1 class=\"p1\"><span style=\"color: #800000\"><strong>Palavra do Presidente<\/strong><\/span><\/h1>\n<p class=\"p1\"><span class=\"s1\">A C\u00e2mara Municipal de S\u00e3o Paulo (CMSP) vem, constantemente, promovendo a integra\u00e7\u00e3o de seus ve\u00edculos de comunica\u00e7\u00e3o. Seguindo essa linha, em agosto estreou na grade da <i>TV C\u00e2mara S\u00e3o Paulo<\/i> o programa <i>Apartes grandes reportagens<\/i>, uma parceria que visa levar para a televis\u00e3o os temas discutidos nesta revista. Com esse passo, nossos leitores poder\u00e3o conhecer tamb\u00e9m os cen\u00e1rios, sons, vozes e situa\u00e7\u00f5es que nos ajudaram a construir os principais textos de cada edi\u00e7\u00e3o. Na p\u00e1gina 12, saiba mais sobre essa inova\u00e7\u00e3o.<\/span><\/p>\n<p class=\"p1\">Integra\u00e7\u00e3o \u00e9 a palavra-chave da reportagem de capa, <i>Quest\u00e3o de g\u00eanero, quest\u00e3o de gente<\/i>, sobre medidas para combater o preconceito contra l\u00e9sbicas, gays, bissexuais, travestis e transexuais.<span class=\"Apple-converted-space\">\u00a0 <\/span>Uma das a\u00e7\u00f5es pioneiras surgiu nesta Casa, em 1999, com a legisla\u00e7\u00e3o que incluiu o Dia do Orgulho Gay no calend\u00e1rio oficial da cidade. Em 2010, outra iniciativa aprovada aqui se tornou um marco nessa luta, pois obrigou os servi\u00e7os municipais de sa\u00fade a identificar travestis e transexuais por seus nomes sociais.<\/p>\n<p class=\"p1\"><span class=\"s2\">O respeito \u00e0s diferen\u00e7as ressurge na reportagem <i>Diferente e em frente<\/i>, que trata sobre os mitos, as reais limita\u00e7\u00f5es e as vantagens das pessoas com s\u00edndrome de Down. Propostas da C\u00e2mara querem chamar a aten\u00e7\u00e3o para esse assunto e mostrar que a diversidade e a integra\u00e7\u00e3o podem ser muito boas n\u00e3o s\u00f3 para quem tem a s\u00edndrome, mas para toda a sociedade.<\/span><\/p>\n<p class=\"p1\">Nesta edi\u00e7\u00e3o h\u00e1 tamb\u00e9m de outro tipo de integra\u00e7\u00e3o, a dos paulistanos \u00e0 cidade onde vivem. Uma lei aprovada pelos vereadores instituiu as linhas noturnas de \u00f4nibus na cidade. A iniciativa permite que as pessoas circulem por S\u00e3o Paulo e aproveitem o que a maior cidade da Am\u00e9rica do Sul oferece em termos de servi\u00e7os, compras e lazer. Veja mais na mat\u00e9ria <i>Ligada 24 horas<\/i>.<\/p>\n<p class=\"p1\">Se na pr\u00e1tica muitas das a\u00e7\u00f5es da C\u00e2mara Municipal promovem a integra\u00e7\u00e3o, no \u00e2mbito te\u00f3rico o tema \u00e9 um dos pilares dos eventos e cursos promovidos pela Escola do Parlamento da CMSP, que vem recebendo elogios pela qualidade dos debates promovidos e, cada vez mais, se torna modelo para outras casas legislativas do Pa\u00eds. Saiba mais em<i> Ponte para o saber<\/i>.<\/p>\n<p class=\"p1\">Por fim, no perfil deste n\u00famero est\u00e1 o ex-vereador Jos\u00e9 de Alc\u00e2ntara Machado de Oliveira, homem que reuniu muitos atributos dos que t\u00eam o nome eternizado na hist\u00f3ria da cidade, do Estado e do Pa\u00eds. Elegeu-se em todas as esferas do Poder Legislativo, formou-se e lecionou na renomada Faculdade de Direito de S\u00e3o Francisco, imortalizou-se nas academias Paulista e Brasileira de Letras e defendeu o Estado de S\u00e3o Paulo na Revolu\u00e7\u00e3o de 1932. Conhe\u00e7a melhor a vida de Alc\u00e2ntara Machado em <i>O imortal quatrocent\u00e3o<\/i>.<\/p>\n","protected":false},"excerpt":{"rendered":"<p>Vereador Antonio Donato Presidente da CMSP Assessoria vereador Antonio Donato Palavra do Presidente A C\u00e2mara Municipal de S\u00e3o Paulo (CMSP) vem, constantemente, promovendo a integra\u00e7\u00e3o de seus ve\u00edculos de comunica\u00e7\u00e3o. Seguindo essa linha, em agosto estreou na grade da TV C\u00e2mara S\u00e3o Paulo o programa Apartes grandes reportagens, uma parceria que visa levar para a [&hellip;]<\/p>\n","protected":false},"author":109,"featured_media":0,"parent":34835,"menu_order":1,"comment_status":"closed","ping_status":"closed","template":"","meta":{"footnotes":""},"class_list":["post-34840","page","type-page","status-publish","hentry"],"meta_all":{"_edit_lock":["1449157668:109"],"_edit_last":["109"],"_wp_page_template":["default"],"_yoast_wpseo_title":["Palavra do Presidente - Revista Apartes"],"_yoast_wpseo_bctitle":["Palavra do Presidente"],"_cmsp_page_download-files":["a:1:{i:0;a:1:{s:4:\"type\";s:3:\"pdf\";}}"]},"meta_all_2":{"_edit_lock":["1449157668:109"],"_edit_last":["109"],"_wp_page_template":["default"],"_yoast_wpseo_title":["Palavra do Presidente - Revista Apartes"],"_yoast_wpseo_bctitle":["Palavra do Presidente"],"_cmsp_page_download-files":["a:1:{i:0;a:1:{s:4:\"type\";s:3:\"pdf\";}}"]},"yoast_head":"<!-- This site is optimized with the Yoast SEO plugin v27.4 - https:\/\/yoast.com\/product\/yoast-seo-wordpress\/ -->\r\n<title>Palavra do Presidente - Revista Apartes<\/title>\r\n<meta name=\"robots\" content=\"noindex, follow, max-snippet:-1, max-image-preview:large, max-video-preview:-1\" \/>\r\n<meta property=\"og:locale\" content=\"pt_BR\" \/>\r\n<meta property=\"og:type\" content=\"article\" \/>\r\n<meta property=\"og:title\" content=\"Palavra do Presidente - Revista Apartes\" \/>\r\n<meta property=\"og:description\" content=\"Vereador Antonio Donato Presidente da CMSP Assessoria vereador Antonio Donato Palavra do Presidente A C\u00e2mara Municipal de S\u00e3o Paulo (CMSP) vem, constantemente, promovendo a integra\u00e7\u00e3o de seus ve\u00edculos de comunica\u00e7\u00e3o. Seguindo essa linha, em agosto estreou na grade da TV C\u00e2mara S\u00e3o Paulo o programa Apartes grandes reportagens, uma parceria que visa levar para a [&hellip;]\" \/>\r\n<meta property=\"og:url\" content=\"https:\/\/www.saopaulo.sp.leg.br\/apartes-anteriores\/revista-apartes\/numero-16\/apartes-16-palavra-do-presidente\/\" \/>\r\n<meta property=\"og:site_name\" content=\"Revista Apartes (edi\u00e7\u00f5es anteriores)\" \/>\r\n<meta property=\"article:publisher\" content=\"https:\/\/www.facebook.com\/RevistaApartes\/\" \/>\r\n<meta property=\"article:modified_time\" content=\"2015-10-09T17:34:35+00:00\" \/>\r\n<meta property=\"og:image\" content=\"http:\/\/www.saopaulo.sp.leg.br\/apartes-anteriores\/wp-content\/uploads\/sites\/9\/2015\/08\/teste-150x150.jpg\" \/>\r\n<meta name=\"twitter:card\" content=\"summary_large_image\" \/>\r\n<meta name=\"twitter:site\" content=\"@revistaapartes\" \/>\r\n<meta name=\"twitter:label1\" content=\"Est. tempo de leitura\" \/>\n\t<meta name=\"twitter:data1\" content=\"2 minutos\" \/>\r\n<script type=\"application\/ld+json\" class=\"yoast-schema-graph\">{\"@context\":\"https:\\\/\\\/schema.org\",\"@graph\":[{\"@type\":\"WebPage\",\"@id\":\"https:\\\/\\\/www.saopaulo.sp.leg.br\\\/apartes-anteriores\\\/revista-apartes\\\/numero-16\\\/apartes-16-palavra-do-presidente\\\/\",\"url\":\"https:\\\/\\\/www.saopaulo.sp.leg.br\\\/apartes-anteriores\\\/revista-apartes\\\/numero-16\\\/apartes-16-palavra-do-presidente\\\/\",\"name\":\"Palavra do Presidente - Revista Apartes\",\"isPartOf\":{\"@id\":\"https:\\\/\\\/homolog.saopaulo.sp.leg.br\\\/apartes-anteriores\\\/#website\"},\"primaryImageOfPage\":{\"@id\":\"https:\\\/\\\/www.saopaulo.sp.leg.br\\\/apartes-anteriores\\\/revista-apartes\\\/numero-16\\\/apartes-16-palavra-do-presidente\\\/#primaryimage\"},\"image\":{\"@id\":\"https:\\\/\\\/www.saopaulo.sp.leg.br\\\/apartes-anteriores\\\/revista-apartes\\\/numero-16\\\/apartes-16-palavra-do-presidente\\\/#primaryimage\"},\"thumbnailUrl\":\"http:\\\/\\\/homolog.saopaulo.sp.leg.br\\\/apartes-anteriores\\\/wp-content\\\/uploads\\\/sites\\\/9\\\/2015\\\/08\\\/teste-150x150.jpg\",\"datePublished\":\"2015-10-08T18:31:36+00:00\",\"dateModified\":\"2015-10-09T17:34:35+00:00\",\"breadcrumb\":{\"@id\":\"https:\\\/\\\/www.saopaulo.sp.leg.br\\\/apartes-anteriores\\\/revista-apartes\\\/numero-16\\\/apartes-16-palavra-do-presidente\\\/#breadcrumb\"},\"inLanguage\":\"pt-BR\",\"potentialAction\":[{\"@type\":\"ReadAction\",\"target\":[\"https:\\\/\\\/www.saopaulo.sp.leg.br\\\/apartes-anteriores\\\/revista-apartes\\\/numero-16\\\/apartes-16-palavra-do-presidente\\\/\"]}]},{\"@type\":\"ImageObject\",\"inLanguage\":\"pt-BR\",\"@id\":\"https:\\\/\\\/www.saopaulo.sp.leg.br\\\/apartes-anteriores\\\/revista-apartes\\\/numero-16\\\/apartes-16-palavra-do-presidente\\\/#primaryimage\",\"url\":\"http:\\\/\\\/homolog.saopaulo.sp.leg.br\\\/apartes-anteriores\\\/wp-content\\\/uploads\\\/sites\\\/9\\\/2015\\\/08\\\/teste-150x150.jpg\",\"contentUrl\":\"http:\\\/\\\/homolog.saopaulo.sp.leg.br\\\/apartes-anteriores\\\/wp-content\\\/uploads\\\/sites\\\/9\\\/2015\\\/08\\\/teste-150x150.jpg\"},{\"@type\":\"BreadcrumbList\",\"@id\":\"https:\\\/\\\/www.saopaulo.sp.leg.br\\\/apartes-anteriores\\\/revista-apartes\\\/numero-16\\\/apartes-16-palavra-do-presidente\\\/#breadcrumb\",\"itemListElement\":[{\"@type\":\"ListItem\",\"position\":1,\"name\":\"Home\",\"item\":\"https:\\\/\\\/www.saopaulo.sp.leg.br\\\/apartes-anteriores\\\/\"},{\"@type\":\"ListItem\",\"position\":2,\"name\":\"Revista Apartes\",\"item\":\"https:\\\/\\\/www.saopaulo.sp.leg.br\\\/apartes-anteriores\\\/\"},{\"@type\":\"ListItem\",\"position\":3,\"name\":\"N\u00famero 16 &#8211; ago-set\\\/2015\",\"item\":\"https:\\\/\\\/www.saopaulo.sp.leg.br\\\/apartes-anteriores\\\/revista-apartes\\\/numero-16\\\/\"},{\"@type\":\"ListItem\",\"position\":4,\"name\":\"Palavra do Presidente\"}]},{\"@type\":\"WebSite\",\"@id\":\"https:\\\/\\\/homolog.saopaulo.sp.leg.br\\\/apartes-anteriores\\\/#website\",\"url\":\"https:\\\/\\\/homolog.saopaulo.sp.leg.br\\\/apartes-anteriores\\\/\",\"name\":\"Revista Apartes (edi\u00e7\u00f5es anteriores)\",\"description\":\"Revista Apartes (edi\u00e7\u00f5es anteriores)\",\"potentialAction\":[{\"@type\":\"SearchAction\",\"target\":{\"@type\":\"EntryPoint\",\"urlTemplate\":\"https:\\\/\\\/homolog.saopaulo.sp.leg.br\\\/apartes-anteriores\\\/?s={search_term_string}\"},\"query-input\":{\"@type\":\"PropertyValueSpecification\",\"valueRequired\":true,\"valueName\":\"search_term_string\"}}],\"inLanguage\":\"pt-BR\"}]}<\/script>\r\n<!-- \/ Yoast SEO plugin. -->","yoast_head_json":{"title":"Palavra do Presidente - Revista Apartes","robots":{"index":"noindex","follow":"follow","max-snippet":"max-snippet:-1","max-image-preview":"max-image-preview:large","max-video-preview":"max-video-preview:-1"},"og_locale":"pt_BR","og_type":"article","og_title":"Palavra do Presidente - Revista Apartes","og_description":"Vereador Antonio Donato Presidente da CMSP Assessoria vereador Antonio Donato Palavra do Presidente A C\u00e2mara Municipal de S\u00e3o Paulo (CMSP) vem, constantemente, promovendo a integra\u00e7\u00e3o de seus ve\u00edculos de comunica\u00e7\u00e3o. Seguindo essa linha, em agosto estreou na grade da TV C\u00e2mara S\u00e3o Paulo o programa Apartes grandes reportagens, uma parceria que visa levar para a [&hellip;]","og_url":"https:\/\/www.saopaulo.sp.leg.br\/apartes-anteriores\/revista-apartes\/numero-16\/apartes-16-palavra-do-presidente\/","og_site_name":"Revista Apartes (edi\u00e7\u00f5es anteriores)","article_publisher":"https:\/\/www.facebook.com\/RevistaApartes\/","article_modified_time":"2015-10-09T17:34:35+00:00","og_image":[{"url":"http:\/\/www.saopaulo.sp.leg.br\/apartes-anteriores\/wp-content\/uploads\/sites\/9\/2015\/08\/teste-150x150.jpg","type":"","width":"","height":""}],"twitter_card":"summary_large_image","twitter_site":"@revistaapartes","twitter_misc":{"Est. tempo de leitura":"2 minutos"},"schema":{"@context":"https:\/\/schema.org","@graph":[{"@type":"WebPage","@id":"https:\/\/www.saopaulo.sp.leg.br\/apartes-anteriores\/revista-apartes\/numero-16\/apartes-16-palavra-do-presidente\/","url":"https:\/\/www.saopaulo.sp.leg.br\/apartes-anteriores\/revista-apartes\/numero-16\/apartes-16-palavra-do-presidente\/","name":"Palavra do Presidente - Revista Apartes","isPartOf":{"@id":"https:\/\/homolog.saopaulo.sp.leg.br\/apartes-anteriores\/#website"},"primaryImageOfPage":{"@id":"https:\/\/www.saopaulo.sp.leg.br\/apartes-anteriores\/revista-apartes\/numero-16\/apartes-16-palavra-do-presidente\/#primaryimage"},"image":{"@id":"https:\/\/www.saopaulo.sp.leg.br\/apartes-anteriores\/revista-apartes\/numero-16\/apartes-16-palavra-do-presidente\/#primaryimage"},"thumbnailUrl":"http:\/\/homolog.saopaulo.sp.leg.br\/apartes-anteriores\/wp-content\/uploads\/sites\/9\/2015\/08\/teste-150x150.jpg","datePublished":"2015-10-08T18:31:36+00:00","dateModified":"2015-10-09T17:34:35+00:00","breadcrumb":{"@id":"https:\/\/www.saopaulo.sp.leg.br\/apartes-anteriores\/revista-apartes\/numero-16\/apartes-16-palavra-do-presidente\/#breadcrumb"},"inLanguage":"pt-BR","potentialAction":[{"@type":"ReadAction","target":["https:\/\/www.saopaulo.sp.leg.br\/apartes-anteriores\/revista-apartes\/numero-16\/apartes-16-palavra-do-presidente\/"]}]},{"@type":"ImageObject","inLanguage":"pt-BR","@id":"https:\/\/www.saopaulo.sp.leg.br\/apartes-anteriores\/revista-apartes\/numero-16\/apartes-16-palavra-do-presidente\/#primaryimage","url":"http:\/\/homolog.saopaulo.sp.leg.br\/apartes-anteriores\/wp-content\/uploads\/sites\/9\/2015\/08\/teste-150x150.jpg","contentUrl":"http:\/\/homolog.saopaulo.sp.leg.br\/apartes-anteriores\/wp-content\/uploads\/sites\/9\/2015\/08\/teste-150x150.jpg"},{"@type":"BreadcrumbList","@id":"https:\/\/www.saopaulo.sp.leg.br\/apartes-anteriores\/revista-apartes\/numero-16\/apartes-16-palavra-do-presidente\/#breadcrumb","itemListElement":[{"@type":"ListItem","position":1,"name":"Home","item":"https:\/\/www.saopaulo.sp.leg.br\/apartes-anteriores\/"},{"@type":"ListItem","position":2,"name":"Revista Apartes","item":"https:\/\/www.saopaulo.sp.leg.br\/apartes-anteriores\/"},{"@type":"ListItem","position":3,"name":"N\u00famero 16 &#8211; ago-set\/2015","item":"https:\/\/www.saopaulo.sp.leg.br\/apartes-anteriores\/revista-apartes\/numero-16\/"},{"@type":"ListItem","position":4,"name":"Palavra do Presidente"}]},{"@type":"WebSite","@id":"https:\/\/homolog.saopaulo.sp.leg.br\/apartes-anteriores\/#website","url":"https:\/\/homolog.saopaulo.sp.leg.br\/apartes-anteriores\/","name":"Revista Apartes (edi\u00e7\u00f5es anteriores)","description":"Revista Apartes (edi\u00e7\u00f5es anteriores)","potentialAction":[{"@type":"SearchAction","target":{"@type":"EntryPoint","urlTemplate":"https:\/\/homolog.saopaulo.sp.leg.br\/apartes-anteriores\/?s={search_term_string}"},"query-input":{"@type":"PropertyValueSpecification","valueRequired":true,"valueName":"search_term_string"}}],"inLanguage":"pt-BR"}]}},"_links":{"self":[{"href":"https:\/\/homolog.saopaulo.sp.leg.br\/apartes-anteriores\/wp-json\/wp\/v2\/pages\/34840","targetHints":{"allow":["GET"]}}],"collection":[{"href":"https:\/\/homolog.saopaulo.sp.leg.br\/apartes-anteriores\/wp-json\/wp\/v2\/pages"}],"about":[{"href":"https:\/\/homolog.saopaulo.sp.leg.br\/apartes-anteriores\/wp-json\/wp\/v2\/types\/page"}],"author":[{"embeddable":true,"href":"https:\/\/homolog.saopaulo.sp.leg.br\/apartes-anteriores\/wp-json\/wp\/v2\/users\/109"}],"replies":[{"embeddable":true,"href":"https:\/\/homolog.saopaulo.sp.leg.br\/apartes-anteriores\/wp-json\/wp\/v2\/comments?post=34840"}],"version-history":[{"count":1,"href":"https:\/\/homolog.saopaulo.sp.leg.br\/apartes-anteriores\/wp-json\/wp\/v2\/pages\/34840\/revisions"}],"predecessor-version":[{"id":34841,"href":"https:\/\/homolog.saopaulo.sp.leg.br\/apartes-anteriores\/wp-json\/wp\/v2\/pages\/34840\/revisions\/34841"}],"up":[{"embeddable":true,"href":"https:\/\/homolog.saopaulo.sp.leg.br\/apartes-anteriores\/wp-json\/wp\/v2\/pages\/34835"}],"wp:attachment":[{"href":"https:\/\/homolog.saopaulo.sp.leg.br\/apartes-anteriores\/wp-json\/wp\/v2\/media?parent=34840"}],"curies":[{"name":"wp","href":"https:\/\/api.w.org\/{rel}","templated":true}]}}