{"id":34843,"date":"2015-10-08T18:45:57","date_gmt":"2015-10-08T18:45:57","guid":{"rendered":"http:\/\/homolog.saopaulo.sp.leg.br\/apartes-anteriores\/?page_id=34843"},"modified":"2015-10-09T22:19:41","modified_gmt":"2015-10-09T22:19:41","slug":"apartes-16-notas","status":"publish","type":"page","link":"https:\/\/homolog.saopaulo.sp.leg.br\/apartes-anteriores\/revista-apartes\/numero-16\/apartes-16-notas\/","title":{"rendered":"N\u00ba16 &#8211; Notas"},"content":{"rendered":"<h1 class=\"p1\"><strong><span style=\"color: #800000\">Notas<\/span><\/strong><\/h1>\n<h2 class=\"p1\"><span class=\"s1\"><b>Pr\u00eamio Betinho celebra cidadania e democracia<\/b><\/span><\/h2>\n<p class=\"p1\">A organiza\u00e7\u00e3o n\u00e3o governamental (ONG) Banco de Alimentos foi a vencedora da edi\u00e7\u00e3o 2015 do Pr\u00eamio Betinho de Democracia e Cidadania da C\u00e2mara Municipal de S\u00e3o Paulo. A entidade distribui excedentes do com\u00e9rcio em estado perfeito para o consumo humano. Em sess\u00e3o solene no dia 19 de agosto, foram entregues a Salva de Prata \u00e0 ONG e men\u00e7\u00f5es honrosas para outros dois projetos finalistas, entre 28 inscritos: o <i>Anima jovem<\/i>, criado pela Associa\u00e7\u00e3o Civil Anima para ampliar o universo cultural dos atendidos, e o <i>Um teto para meu Pa\u00eds \u2013 projeto casas emergenciais<\/i>, que une universit\u00e1rios e jovens profissionais para construir voluntariamente locais de abrigo e programas de habilita\u00e7\u00e3o social voltados a fam\u00edlias em assentamentos irregulares e favelas.<\/p>\n<p class=\"p1\"><span class=\"s2\">Criado em 1997, o pr\u00eamio \u00e9 destinado a projetos que lutam contra a fome, a mis\u00e9ria e a exclus\u00e3o social, lembrando as lutas do soci\u00f3logo Herbert de Souza, o Betinho. A solenidade, presidida pelo vereador Calvo (PMDB), contou com tamb\u00e9m a presen\u00e7a do vereador Netinho de Paula (PDT) e do secret\u00e1rio municipal de Direitos Humanos e Cidadania, Eduardo Suplicy.<\/span><\/p>\n<h2 class=\"p1\"><b>C\u00e2mara abre as portas para jovens jornalistas<\/b><\/h2>\n<p class=\"p1\"><span class=\"s2\">Desde 22 de agosto, com dura\u00e7\u00e3o de oito s\u00e1bados, ocorre na CMSP a oitava edi\u00e7\u00e3o do Rep\u00f3rter do Futuro, curso gratuito destinado a estudantes de jornalismo da capital e regi\u00e3o metropolitana. O projeto, que neste ano tem o tema <i>Descobrir S\u00e3o Paulo \u2013 descobrir-se rep\u00f3rter<\/i>, \u00e9 realizado pela Escola do Parlamento, em parceria com a Obor\u00e9 Projetos Especiais em Comunica\u00e7\u00f5es e Artes e com o Sindicato dos Professores de S\u00e3o Paulo. Como tarefa pr\u00e1tica, os alunos participantes far\u00e3o a cobertura jornal\u00edstica do C\u00e2mara no Seu Bairro e acompanhar\u00e3o atividades do portal da CMSP, da TV C\u00e2mara, da Assessoria de Imprensa da Casa e da <b>Apartes<\/b>.<\/span><\/p>\n<p><!-- imagem TOTAL - com legenda - CENTRALIZADA --><\/p>\n<div style=\"width: 100%;margin-right: 1.5em;margin-bottom: 1.5em\">\n<div style=\"padding: 5px;background-color: #eee !important\">\n<p><a href=\"http:\/\/homolog.saopaulo.sp.leg.br\/apartes-anteriores\/wp-content\/uploads\/sites\/9\/2015\/10\/apartes_N16_02.jpg\"><img loading=\"lazy\" decoding=\"async\" class=\"alignnone size-full wp-image-34845\" src=\"http:\/\/homolog.saopaulo.sp.leg.br\/apartes-anteriores\/wp-content\/uploads\/sites\/9\/2015\/10\/apartes_N16_02.jpg\" alt=\"apartes_N16_02\" width=\"714\" height=\"484\" srcset=\"https:\/\/homolog.saopaulo.sp.leg.br\/apartes-anteriores\/wp-content\/uploads\/sites\/9\/2015\/10\/apartes_N16_02.jpg 714w, https:\/\/homolog.saopaulo.sp.leg.br\/apartes-anteriores\/wp-content\/uploads\/sites\/9\/2015\/10\/apartes_N16_02-300x203.jpg 300w\" sizes=\"auto, (max-width: 714px) 100vw, 714px\" \/><\/a><\/p>\n<p style=\"font-size: 0.8em;line-height: 1.1em;text-align: center;margin: -1.5em 0px 7px 0px;color: #333;!important;background-color: transparent !important\" align=\"center\">Alunos assistem \u00e0 aula inaugural do Rep\u00f3rter do Futuro<\/p>\n<\/div>\n<p style=\"font-size: 0.5em;line-height: 1.1em;text-align: right;margin: 4px 0px 7px 0px;background-color: transparent !important\">Andr\u00e9 Bueno\/CMSP<\/p>\n<\/div>\n<p><!-- imagem TOTAL - com legenda - CENTRALIZADA --><\/p>\n<h2 class=\"p1\"><span class=\"s1\"><b>120 anos do Tratado Brasil-Jap\u00e3o ser\u00e1 lembrado na C\u00e2mara<\/b><\/span><\/h2>\n<p><a href=\"http:\/\/homolog.saopaulo.sp.leg.br\/apartes-anteriores\/wp-content\/uploads\/sites\/9\/2015\/10\/apartes_N16_46.jpg\"><img loading=\"lazy\" decoding=\"async\" class=\"size-medium wp-image-34890 alignleft\" src=\"http:\/\/homolog.saopaulo.sp.leg.br\/apartes-anteriores\/wp-content\/uploads\/sites\/9\/2015\/10\/apartes_N16_46-300x198.jpg\" alt=\"apartes_N16_46\" width=\"300\" height=\"198\" srcset=\"https:\/\/homolog.saopaulo.sp.leg.br\/apartes-anteriores\/wp-content\/uploads\/sites\/9\/2015\/10\/apartes_N16_46-300x198.jpg 300w, https:\/\/homolog.saopaulo.sp.leg.br\/apartes-anteriores\/wp-content\/uploads\/sites\/9\/2015\/10\/apartes_N16_46.jpg 1000w\" sizes=\"auto, (max-width: 300px) 100vw, 300px\" \/><\/a><\/p>\n<p class=\"p1\"><span class=\"s1\">A C\u00e2mara Municipal de S\u00e3o Paulo (CMSP) vai realizar, em 10 de novembro, uma solenidade para celebrar os 120 anos do Tratado de amizade, com\u00e9rcio e navega\u00e7\u00e3o Brasil-Jap\u00e3o e os 100 anos do consulado japon\u00eas no Pa\u00eds, em parceria com a Assembleia Legislativa do Estado de S\u00e3o Paulo e com a C\u00e2mara dos Deputados.<\/span><\/p>\n<p class=\"p1\"><span class=\"s1\">Para isso, instalou em agosto a Comiss\u00e3o Brasil-Jap\u00e3o, presidida pelo vereador Aur\u00e9lio Nomura (PSDB) e composta ainda por George Hato (PMDB), Ota (PROS) e Ushitaro Kamia (PSD). Estiveram na instala\u00e7\u00e3o Harumi Arashiro Goya (presidente da Sociedade Brasileira de Cultura Japonesa e Assist\u00eancia Social), Takahiro Nakamae (c\u00f4nsul-geral do Jap\u00e3o em S\u00e3o Paulo) e Yoshiharu Kikuchi (presidente da Benefic\u00eancia Nipo-Brasileira de S\u00e3o Paulo).<\/span><\/p>\n<h2 class=\"p1\"><span class=\"s1\"><b>Instalada a <\/b><\/span><span class=\"s3\"><b>CPI das torcidas <\/b><\/span><span class=\"s1\"><b>organizadas<\/b><\/span><\/h2>\n<p><!-- imagem GRANDE - com legenda - LADO DIREITO --><\/p>\n<div style=\"float: right;width: 410px;margin-left: 1.5em;margin-bottom: 1.5em\">\n<div style=\"float: right;padding: 5px;background-color: #eee !important\">\n<p><a href=\"http:\/\/homolog.saopaulo.sp.leg.br\/apartes-anteriores\/wp-content\/uploads\/sites\/9\/2015\/10\/apartes_N16_04.jpg\"><img loading=\"lazy\" decoding=\"async\" class=\"alignnone wp-image-34847\" src=\"http:\/\/homolog.saopaulo.sp.leg.br\/apartes-anteriores\/wp-content\/uploads\/sites\/9\/2015\/10\/apartes_N16_04-300x191.jpg\" alt=\"apartes_N16_04\" width=\"400\" height=\"255\" srcset=\"https:\/\/homolog.saopaulo.sp.leg.br\/apartes-anteriores\/wp-content\/uploads\/sites\/9\/2015\/10\/apartes_N16_04-300x191.jpg 300w, https:\/\/homolog.saopaulo.sp.leg.br\/apartes-anteriores\/wp-content\/uploads\/sites\/9\/2015\/10\/apartes_N16_04.jpg 691w\" sizes=\"auto, (max-width: 400px) 100vw, 400px\" \/><\/a><\/p>\n<p style=\"font-size: 0.8em;line-height: 1.1em;text-align: center;margin: -1.5em 0px 7px 0px;color: #333;!important;background-color: transparent !important\" align=\"center\">Situa\u00e7\u00e3o das torcidas organizadas dos times paulistanos ser\u00e1 investigada<\/p>\n<\/div>\n<p style=\"font-size: 0.5em;line-height: 1.1em;text-align: right;margin: 4px 0px 7px 0px;background-color: transparent !important\">Cesar Greco\/Ag Palmeiras\/Divulga\u00e7\u00e3o<\/p>\n<\/div>\n<p><!-- imagem GRANDE - com legenda - LADO DIREITO --><\/p>\n<p class=\"p1\">Est\u00e1 em andamento na CMSP, at\u00e9 o in\u00edcio de novembro, a Comiss\u00e3o Parlamentar de Inqu\u00e9rito (CPI) das torcidas organizadas, que investiga a rela\u00e7\u00e3o dos clubes de futebol paulistanos com as torcidas e a viol\u00eancia gerada nos est\u00e1dios ou fora deles. \u201cSe h\u00e1 uma torcida organizada, existe um clube que, por sua vez, est\u00e1 filiado \u00e0 Federa\u00e7\u00e3o e \u00e0 Confedera\u00e7\u00e3o Brasileira de Futebol, e todos s\u00e3o respons\u00e1veis, \u00e9 uma cadeia\u201d, disse, durante a instala\u00e7\u00e3o da CPI, seu presidente, o vereador La\u00e9rcio Benko (PHS). O vice-presidente da Comiss\u00e3o \u00e9 Conte Lopes (PTB), o relator \u00e9 Ota (PROS) e os demais participantes s\u00e3o os vereadores Adolfo Quintas (PSDB), Alessandro Guedes (PT), Calvo (PMDB), Jos\u00e9 Police Neto (PSD), Ricardo Teixeira (PV) e Toninho Paiva (PR).<\/p>\n<h2 class=\"p1\"><span class=\"s1\"><b>Ap\u00f3s reportagem, Bertioga homenageia \u00cdtalo Fittipaldi<\/b><\/span><\/h2>\n<p class=\"p1\">Um perfil sobre o ex-vereador paulistano \u00cdtalo Fittipaldi, publicado na edi\u00e7\u00e3o de maio da <b>Apartes<\/b>, chamou a aten\u00e7\u00e3o dos moradores de Bertioga, no litoral norte paulista. Apesar de \u00cdtalo morar h\u00e1 13 anos na cidade, poucos habitantes de l\u00e1 sabiam que ele, de 88 anos, havia sido vereador na capital paulista e deputado federal por quatro mandatos.<\/p>\n<p class=\"p1\"><span class=\"s4\">\u201cGosto de ficar nos bastidores\u201d, brinca \u00cdtalo. Em 11 de agosto, Fittipaldi saiu por alguns momentos dos bastidores para ocupar o plen\u00e1rio da C\u00e2mara Municipal de Bertioga, onde foi homenageado com uma mo\u00e7\u00e3o de parabeniza\u00e7\u00e3o \u201cpor sua importante e dedicada carreira pol\u00edtica e por sua contribui\u00e7\u00e3o ao desenvolvimento do estado de S\u00e3o Paulo\u201d, concedida pelo vereador Toninho Rodrigues (DEM).<\/span><\/p>\n<p><!-- imagem TOTAL - com legenda - CENTRALIZADA --><\/p>\n<div style=\"width: 100%;margin-right: 1.5em;margin-bottom: 1.5em\">\n<div style=\"padding: 5px;background-color: #eee !important\">\n<p><a href=\"http:\/\/homolog.saopaulo.sp.leg.br\/apartes-anteriores\/wp-content\/uploads\/sites\/9\/2015\/10\/apartes_N16_03.jpg\"><img loading=\"lazy\" decoding=\"async\" class=\"alignnone wp-image-34846\" src=\"http:\/\/homolog.saopaulo.sp.leg.br\/apartes-anteriores\/wp-content\/uploads\/sites\/9\/2015\/10\/apartes_N16_03.jpg\" alt=\"\" width=\"640\" height=\"497\" srcset=\"https:\/\/homolog.saopaulo.sp.leg.br\/apartes-anteriores\/wp-content\/uploads\/sites\/9\/2015\/10\/apartes_N16_03.jpg 692w, https:\/\/homolog.saopaulo.sp.leg.br\/apartes-anteriores\/wp-content\/uploads\/sites\/9\/2015\/10\/apartes_N16_03-300x233.jpg 300w\" sizes=\"auto, (max-width: 640px) 100vw, 640px\" \/><\/a><\/p>\n<p style=\"font-size: 0.8em;line-height: 1.1em;text-align: center;margin: -1.5em 0px 7px 0px;color: #333;!important;background-color: transparent !important\" align=\"center\">Vereador Toninho Rodrigues homenageia \u00cdtalo (direita)<\/p>\n<\/div>\n<p style=\"font-size: 0.5em;line-height: 1.1em;text-align: right;margin: 4px 0px 7px 0px;background-color: transparent !important\">Gabinete Toninho Rodrigues<\/p>\n<\/div>\n<p><!-- imagem TOTAL - com legenda - CENTRALIZADA --><\/p>\n<p><!-- COMENTE SOBRE ESSA MATERIA --><\/p>\n<table border=\"0\" cellspacing=\"0\" cellpadding=\"0\">\n<tbody>\n<tr>\n<td align=\"center\" width=\"50%\">\n<h5>Comente sobre essa mat\u00e9ria:<\/h5>\n<p><a style=\"color: #fff;font-size: 12px;text-decoration: none;font-weight: bold;text-align: center;background-color: #3b5998 !important;margin: 0 0 10px;padding: 3px 7px\" title=\"Facebook da revista Apartes\" href=\"https:\/\/www.facebook.com\/RevistaApartes\" target=\"_blank\">Facebook<\/a> <a style=\"color: #fff;font-size: 12px;text-decoration: none;font-weight: bold;text-align: center;background-color: #1daced !important;margin: 0 0 10px;padding: 3px 7px\" title=\"Twitter da revista Apartes\" href=\"https:\/\/twitter.com\/RevistaApartes\" target=\"_blank\">Twitter<\/a><\/td>\n<td align=\"center\" width=\"50%\">\n<h5>Envie cr\u00edticas ou sugest\u00f5es:<\/h5>\n<p>Email: <strong><a href=\"mailto:apartes@saopaulo.sp.leg.br\">apartes@saopaulo.sp.leg.br<\/a><\/strong><\/td>\n<\/tr>\n<\/tbody>\n<\/table>\n<p><!-- COMENTE SOBRE ESSA MATERIA --><\/p>\n","protected":false},"excerpt":{"rendered":"<p>Notas Pr\u00eamio Betinho celebra cidadania e democracia A organiza\u00e7\u00e3o n\u00e3o governamental (ONG) Banco de Alimentos foi a vencedora da edi\u00e7\u00e3o 2015 do Pr\u00eamio Betinho de Democracia e Cidadania da C\u00e2mara Municipal de S\u00e3o Paulo. A entidade distribui excedentes do com\u00e9rcio em estado perfeito para o consumo humano. Em sess\u00e3o solene no dia 19 de agosto, [&hellip;]<\/p>\n","protected":false},"author":109,"featured_media":0,"parent":34835,"menu_order":2,"comment_status":"closed","ping_status":"closed","template":"","meta":{"footnotes":""},"class_list":["post-34843","page","type-page","status-publish","hentry"],"meta_all":{"_edit_lock":["1448907128:109"],"_edit_last":["109"],"_wp_page_template":["default"],"_cmsp_page_download-files":["a:1:{i:0;a:1:{s:4:\"type\";s:3:\"pdf\";}}"],"_yoast_wpseo_title":["Notas - Revista Apartes"],"_yoast_wpseo_bctitle":["Notas"]},"meta_all_2":{"_edit_lock":["1448907128:109"],"_edit_last":["109"],"_wp_page_template":["default"],"_cmsp_page_download-files":["a:1:{i:0;a:1:{s:4:\"type\";s:3:\"pdf\";}}"],"_yoast_wpseo_title":["Notas - Revista Apartes"],"_yoast_wpseo_bctitle":["Notas"]},"yoast_head":"<!-- This site is optimized with the Yoast SEO plugin v27.4 - https:\/\/yoast.com\/product\/yoast-seo-wordpress\/ -->\r\n<title>Notas - Revista Apartes<\/title>\r\n<meta name=\"robots\" content=\"noindex, follow, max-snippet:-1, max-image-preview:large, max-video-preview:-1\" \/>\r\n<meta property=\"og:locale\" content=\"pt_BR\" \/>\r\n<meta property=\"og:type\" content=\"article\" \/>\r\n<meta property=\"og:title\" content=\"Notas - Revista Apartes\" \/>\r\n<meta property=\"og:description\" content=\"Notas Pr\u00eamio Betinho celebra cidadania e democracia A organiza\u00e7\u00e3o n\u00e3o governamental (ONG) Banco de Alimentos foi a vencedora da edi\u00e7\u00e3o 2015 do Pr\u00eamio Betinho de Democracia e Cidadania da C\u00e2mara Municipal de S\u00e3o Paulo. A entidade distribui excedentes do com\u00e9rcio em estado perfeito para o consumo humano. Em sess\u00e3o solene no dia 19 de agosto, [&hellip;]\" \/>\r\n<meta property=\"og:url\" content=\"https:\/\/www.saopaulo.sp.leg.br\/apartes-anteriores\/revista-apartes\/numero-16\/apartes-16-notas\/\" \/>\r\n<meta property=\"og:site_name\" content=\"Revista Apartes (edi\u00e7\u00f5es anteriores)\" \/>\r\n<meta property=\"article:publisher\" content=\"https:\/\/www.facebook.com\/RevistaApartes\/\" \/>\r\n<meta property=\"article:modified_time\" content=\"2015-10-09T22:19:41+00:00\" \/>\r\n<meta property=\"og:image\" content=\"http:\/\/www.saopaulo.sp.leg.br\/apartes-anteriores\/wp-content\/uploads\/sites\/9\/2015\/10\/apartes_N16_02.jpg\" \/>\r\n<meta name=\"twitter:card\" content=\"summary_large_image\" \/>\r\n<meta name=\"twitter:site\" content=\"@revistaapartes\" \/>\r\n<meta name=\"twitter:label1\" content=\"Est. tempo de leitura\" \/>\n\t<meta name=\"twitter:data1\" content=\"4 minutos\" \/>\r\n<script type=\"application\/ld+json\" class=\"yoast-schema-graph\">{\"@context\":\"https:\\\/\\\/schema.org\",\"@graph\":[{\"@type\":\"WebPage\",\"@id\":\"https:\\\/\\\/www.saopaulo.sp.leg.br\\\/apartes-anteriores\\\/revista-apartes\\\/numero-16\\\/apartes-16-notas\\\/\",\"url\":\"https:\\\/\\\/www.saopaulo.sp.leg.br\\\/apartes-anteriores\\\/revista-apartes\\\/numero-16\\\/apartes-16-notas\\\/\",\"name\":\"Notas - Revista Apartes\",\"isPartOf\":{\"@id\":\"https:\\\/\\\/homolog.saopaulo.sp.leg.br\\\/apartes-anteriores\\\/#website\"},\"primaryImageOfPage\":{\"@id\":\"https:\\\/\\\/www.saopaulo.sp.leg.br\\\/apartes-anteriores\\\/revista-apartes\\\/numero-16\\\/apartes-16-notas\\\/#primaryimage\"},\"image\":{\"@id\":\"https:\\\/\\\/www.saopaulo.sp.leg.br\\\/apartes-anteriores\\\/revista-apartes\\\/numero-16\\\/apartes-16-notas\\\/#primaryimage\"},\"thumbnailUrl\":\"http:\\\/\\\/homolog.saopaulo.sp.leg.br\\\/apartes-anteriores\\\/wp-content\\\/uploads\\\/sites\\\/9\\\/2015\\\/10\\\/apartes_N16_02.jpg\",\"datePublished\":\"2015-10-08T18:45:57+00:00\",\"dateModified\":\"2015-10-09T22:19:41+00:00\",\"breadcrumb\":{\"@id\":\"https:\\\/\\\/www.saopaulo.sp.leg.br\\\/apartes-anteriores\\\/revista-apartes\\\/numero-16\\\/apartes-16-notas\\\/#breadcrumb\"},\"inLanguage\":\"pt-BR\",\"potentialAction\":[{\"@type\":\"ReadAction\",\"target\":[\"https:\\\/\\\/www.saopaulo.sp.leg.br\\\/apartes-anteriores\\\/revista-apartes\\\/numero-16\\\/apartes-16-notas\\\/\"]}]},{\"@type\":\"ImageObject\",\"inLanguage\":\"pt-BR\",\"@id\":\"https:\\\/\\\/www.saopaulo.sp.leg.br\\\/apartes-anteriores\\\/revista-apartes\\\/numero-16\\\/apartes-16-notas\\\/#primaryimage\",\"url\":\"https:\\\/\\\/homolog.saopaulo.sp.leg.br\\\/apartes-anteriores\\\/wp-content\\\/uploads\\\/sites\\\/9\\\/2015\\\/10\\\/apartes_N16_02.jpg\",\"contentUrl\":\"https:\\\/\\\/homolog.saopaulo.sp.leg.br\\\/apartes-anteriores\\\/wp-content\\\/uploads\\\/sites\\\/9\\\/2015\\\/10\\\/apartes_N16_02.jpg\",\"width\":714,\"height\":484},{\"@type\":\"BreadcrumbList\",\"@id\":\"https:\\\/\\\/www.saopaulo.sp.leg.br\\\/apartes-anteriores\\\/revista-apartes\\\/numero-16\\\/apartes-16-notas\\\/#breadcrumb\",\"itemListElement\":[{\"@type\":\"ListItem\",\"position\":1,\"name\":\"Home\",\"item\":\"https:\\\/\\\/www.saopaulo.sp.leg.br\\\/apartes-anteriores\\\/\"},{\"@type\":\"ListItem\",\"position\":2,\"name\":\"Revista Apartes\",\"item\":\"https:\\\/\\\/www.saopaulo.sp.leg.br\\\/apartes-anteriores\\\/\"},{\"@type\":\"ListItem\",\"position\":3,\"name\":\"N\u00famero 16 &#8211; ago-set\\\/2015\",\"item\":\"https:\\\/\\\/www.saopaulo.sp.leg.br\\\/apartes-anteriores\\\/revista-apartes\\\/numero-16\\\/\"},{\"@type\":\"ListItem\",\"position\":4,\"name\":\"Notas\"}]},{\"@type\":\"WebSite\",\"@id\":\"https:\\\/\\\/homolog.saopaulo.sp.leg.br\\\/apartes-anteriores\\\/#website\",\"url\":\"https:\\\/\\\/homolog.saopaulo.sp.leg.br\\\/apartes-anteriores\\\/\",\"name\":\"Revista Apartes (edi\u00e7\u00f5es anteriores)\",\"description\":\"Revista Apartes (edi\u00e7\u00f5es anteriores)\",\"potentialAction\":[{\"@type\":\"SearchAction\",\"target\":{\"@type\":\"EntryPoint\",\"urlTemplate\":\"https:\\\/\\\/homolog.saopaulo.sp.leg.br\\\/apartes-anteriores\\\/?s={search_term_string}\"},\"query-input\":{\"@type\":\"PropertyValueSpecification\",\"valueRequired\":true,\"valueName\":\"search_term_string\"}}],\"inLanguage\":\"pt-BR\"}]}<\/script>\r\n<!-- \/ Yoast SEO plugin. -->","yoast_head_json":{"title":"Notas - Revista Apartes","robots":{"index":"noindex","follow":"follow","max-snippet":"max-snippet:-1","max-image-preview":"max-image-preview:large","max-video-preview":"max-video-preview:-1"},"og_locale":"pt_BR","og_type":"article","og_title":"Notas - Revista Apartes","og_description":"Notas Pr\u00eamio Betinho celebra cidadania e democracia A organiza\u00e7\u00e3o n\u00e3o governamental (ONG) Banco de Alimentos foi a vencedora da edi\u00e7\u00e3o 2015 do Pr\u00eamio Betinho de Democracia e Cidadania da C\u00e2mara Municipal de S\u00e3o Paulo. A entidade distribui excedentes do com\u00e9rcio em estado perfeito para o consumo humano. Em sess\u00e3o solene no dia 19 de agosto, [&hellip;]","og_url":"https:\/\/www.saopaulo.sp.leg.br\/apartes-anteriores\/revista-apartes\/numero-16\/apartes-16-notas\/","og_site_name":"Revista Apartes (edi\u00e7\u00f5es anteriores)","article_publisher":"https:\/\/www.facebook.com\/RevistaApartes\/","article_modified_time":"2015-10-09T22:19:41+00:00","og_image":[{"url":"http:\/\/www.saopaulo.sp.leg.br\/apartes-anteriores\/wp-content\/uploads\/sites\/9\/2015\/10\/apartes_N16_02.jpg","type":"","width":"","height":""}],"twitter_card":"summary_large_image","twitter_site":"@revistaapartes","twitter_misc":{"Est. tempo de leitura":"4 minutos"},"schema":{"@context":"https:\/\/schema.org","@graph":[{"@type":"WebPage","@id":"https:\/\/www.saopaulo.sp.leg.br\/apartes-anteriores\/revista-apartes\/numero-16\/apartes-16-notas\/","url":"https:\/\/www.saopaulo.sp.leg.br\/apartes-anteriores\/revista-apartes\/numero-16\/apartes-16-notas\/","name":"Notas - Revista Apartes","isPartOf":{"@id":"https:\/\/homolog.saopaulo.sp.leg.br\/apartes-anteriores\/#website"},"primaryImageOfPage":{"@id":"https:\/\/www.saopaulo.sp.leg.br\/apartes-anteriores\/revista-apartes\/numero-16\/apartes-16-notas\/#primaryimage"},"image":{"@id":"https:\/\/www.saopaulo.sp.leg.br\/apartes-anteriores\/revista-apartes\/numero-16\/apartes-16-notas\/#primaryimage"},"thumbnailUrl":"http:\/\/homolog.saopaulo.sp.leg.br\/apartes-anteriores\/wp-content\/uploads\/sites\/9\/2015\/10\/apartes_N16_02.jpg","datePublished":"2015-10-08T18:45:57+00:00","dateModified":"2015-10-09T22:19:41+00:00","breadcrumb":{"@id":"https:\/\/www.saopaulo.sp.leg.br\/apartes-anteriores\/revista-apartes\/numero-16\/apartes-16-notas\/#breadcrumb"},"inLanguage":"pt-BR","potentialAction":[{"@type":"ReadAction","target":["https:\/\/www.saopaulo.sp.leg.br\/apartes-anteriores\/revista-apartes\/numero-16\/apartes-16-notas\/"]}]},{"@type":"ImageObject","inLanguage":"pt-BR","@id":"https:\/\/www.saopaulo.sp.leg.br\/apartes-anteriores\/revista-apartes\/numero-16\/apartes-16-notas\/#primaryimage","url":"https:\/\/homolog.saopaulo.sp.leg.br\/apartes-anteriores\/wp-content\/uploads\/sites\/9\/2015\/10\/apartes_N16_02.jpg","contentUrl":"https:\/\/homolog.saopaulo.sp.leg.br\/apartes-anteriores\/wp-content\/uploads\/sites\/9\/2015\/10\/apartes_N16_02.jpg","width":714,"height":484},{"@type":"BreadcrumbList","@id":"https:\/\/www.saopaulo.sp.leg.br\/apartes-anteriores\/revista-apartes\/numero-16\/apartes-16-notas\/#breadcrumb","itemListElement":[{"@type":"ListItem","position":1,"name":"Home","item":"https:\/\/www.saopaulo.sp.leg.br\/apartes-anteriores\/"},{"@type":"ListItem","position":2,"name":"Revista Apartes","item":"https:\/\/www.saopaulo.sp.leg.br\/apartes-anteriores\/"},{"@type":"ListItem","position":3,"name":"N\u00famero 16 &#8211; ago-set\/2015","item":"https:\/\/www.saopaulo.sp.leg.br\/apartes-anteriores\/revista-apartes\/numero-16\/"},{"@type":"ListItem","position":4,"name":"Notas"}]},{"@type":"WebSite","@id":"https:\/\/homolog.saopaulo.sp.leg.br\/apartes-anteriores\/#website","url":"https:\/\/homolog.saopaulo.sp.leg.br\/apartes-anteriores\/","name":"Revista Apartes (edi\u00e7\u00f5es anteriores)","description":"Revista Apartes (edi\u00e7\u00f5es anteriores)","potentialAction":[{"@type":"SearchAction","target":{"@type":"EntryPoint","urlTemplate":"https:\/\/homolog.saopaulo.sp.leg.br\/apartes-anteriores\/?s={search_term_string}"},"query-input":{"@type":"PropertyValueSpecification","valueRequired":true,"valueName":"search_term_string"}}],"inLanguage":"pt-BR"}]}},"_links":{"self":[{"href":"https:\/\/homolog.saopaulo.sp.leg.br\/apartes-anteriores\/wp-json\/wp\/v2\/pages\/34843","targetHints":{"allow":["GET"]}}],"collection":[{"href":"https:\/\/homolog.saopaulo.sp.leg.br\/apartes-anteriores\/wp-json\/wp\/v2\/pages"}],"about":[{"href":"https:\/\/homolog.saopaulo.sp.leg.br\/apartes-anteriores\/wp-json\/wp\/v2\/types\/page"}],"author":[{"embeddable":true,"href":"https:\/\/homolog.saopaulo.sp.leg.br\/apartes-anteriores\/wp-json\/wp\/v2\/users\/109"}],"replies":[{"embeddable":true,"href":"https:\/\/homolog.saopaulo.sp.leg.br\/apartes-anteriores\/wp-json\/wp\/v2\/comments?post=34843"}],"version-history":[{"count":5,"href":"https:\/\/homolog.saopaulo.sp.leg.br\/apartes-anteriores\/wp-json\/wp\/v2\/pages\/34843\/revisions"}],"predecessor-version":[{"id":35013,"href":"https:\/\/homolog.saopaulo.sp.leg.br\/apartes-anteriores\/wp-json\/wp\/v2\/pages\/34843\/revisions\/35013"}],"up":[{"embeddable":true,"href":"https:\/\/homolog.saopaulo.sp.leg.br\/apartes-anteriores\/wp-json\/wp\/v2\/pages\/34835"}],"wp:attachment":[{"href":"https:\/\/homolog.saopaulo.sp.leg.br\/apartes-anteriores\/wp-json\/wp\/v2\/media?parent=34843"}],"curies":[{"name":"wp","href":"https:\/\/api.w.org\/{rel}","templated":true}]}}