{"id":35160,"date":"2015-11-30T16:46:22","date_gmt":"2015-11-30T16:46:22","guid":{"rendered":"http:\/\/homolog.saopaulo.sp.leg.br\/apartes-anteriores\/?page_id=35160"},"modified":"2016-12-01T16:18:30","modified_gmt":"2016-12-01T18:18:30","slug":"apartes-17-palavra-do-presidente","status":"publish","type":"page","link":"https:\/\/homolog.saopaulo.sp.leg.br\/apartes-anteriores\/revista-apartes\/numero-17\/apartes-17-palavra-do-presidente\/","title":{"rendered":"N\u00ba17 &#8211; Palavra do Presidente"},"content":{"rendered":"<div style=\"float: right;width: 160px;margin-left: 1.5em;margin-bottom: 1.5em\">\n<div style=\"float: right;padding: 5px;background-color: #eee !important\">\n<p style=\"margin-bottom: 0px\"><a href=\"http:\/\/homolog.saopaulo.sp.leg.br\/apartes-anteriores\/wp-content\/uploads\/sites\/9\/2015\/08\/teste-150x150.jpg\"><img loading=\"lazy\" decoding=\"async\" class=\"alignnone wp-image-33893 size-full\" src=\"http:\/\/homolog.saopaulo.sp.leg.br\/apartes-anteriores\/wp-content\/uploads\/sites\/9\/2015\/08\/teste-150x150.jpg\" alt=\"\" width=\"150\" height=\"150\" \/><\/a><\/p>\n<p style=\"font-size: 0.8em;line-height: 1.1em;text-align: center;margin: 0em 0px 7px 0px;color: #333;!important;background-color: transparent !important\" align=\"center\">Vereador Antonio Donato<br \/>\nPresidente da CMSP<\/p>\n<\/div>\n<p style=\"font-size: 0.5em;line-height: 1.1em;text-align: right;margin: 4px 0px 0px 0px;background-color: transparent !important\">Assessoria vereador<br \/>\nAntonio Donato<\/p>\n<\/div>\n<h1 class=\"p1\"><span style=\"color: #800000\"><strong>Palavra do Presidente<\/strong><\/span><\/h1>\n<p>A reportagem de capa desta edi\u00e7\u00e3o, a \u00faltima do ano, debate economia compartilhada, uma tend\u00eancia que procura aproveitar ao m\u00e1ximo os recursos dispon\u00edveis e tem na tecnologia um grande facilitador. Em <em>Divis\u00e3o que multiplica<\/em>, a revista explora alguns exemplos que mostram como essa forma de comercializa\u00e7\u00e3o vem transformando at\u00e9 mesmo as rela\u00e7\u00f5es humanas, aproximando pessoas e culturas. E das v\u00e1rias tecnologias que facilitam esse tipo de economia, o aplicativo Uber foi o primeiro a exigir um debate mais aprofundado na C\u00e2mara Municipal de S\u00e3o Paulo (CMSP).<\/p>\n<p>Este n\u00famero inaugura uma se\u00e7\u00e3o de entrevistas com especialistas para debater a capital paulista. O primeiro \u00e9 o psicanalista Christian Dunker, que discute como a l\u00f3gica do condom\u00ednio cria uma cultura de segrega\u00e7\u00e3o entre os paulistanos e vai contra a pol\u00edtica de integra\u00e7\u00e3o e mobilidade, cada vez mais presente na cidade e um dos pilares do Plano Diretor Estrat\u00e9gico.<\/p>\n<p>A C\u00e2mara Municipal, que teve papel fundamental na discuss\u00e3o e aprova\u00e7\u00e3o do PDE, agora tem a miss\u00e3o de construir uma Lei de Zoneamento (um dos desdobramentos do Plano Diretor) com a colabora\u00e7\u00e3o dos paulistanos, o que vem sendo feito em audi\u00eancias p\u00fablicas nos \u00faltimos meses. E nesse momento de repensarmos a organiza\u00e7\u00e3o da cidade, a CMSP recebeu da Prefeitura a proposta do novo C\u00f3digo de Obras, outra ferramenta que define o futuro urban\u00edstico de S\u00e3o Paulo. Conhe\u00e7a melhor o projeto em <em>Por dentro das edifica\u00e7\u00f5es<\/em>.<\/p>\n<p>A miss\u00e3o dos vereadores de transformar a cidade em um local mais amig\u00e1vel e melhor para se viver inclui, obviamente, apresentar propostas que tornem poss\u00edveis as mudan\u00e7as. A reportagem <em>Caminhos livres<\/em> traz os projetos e leis da CMSP com pol\u00edticas inclusivas voltadas aos deficientes visuais, principalmente em rela\u00e7\u00e3o ao transporte. Em <em>A toda carga<\/em>, conhe\u00e7a melhor as leis e projetos que criam incentivos para que os carros el\u00e9tricos ou h\u00edbridos ganhem mais espa\u00e7o na frota paulistana, o que contribuir\u00e1 para diminuir os terr\u00edveis n\u00edveis de polui\u00e7\u00e3o.<\/p>\n<p>Outra novidade desta edi\u00e7\u00e3o \u00e9 que algumas reportagens contaram com a participa\u00e7\u00e3o de tr\u00eas estudantes de Comunica\u00e7\u00e3o que fazem parte do projeto Rep\u00f3rter do Futuro, organizado pela ONG de comunica\u00e7\u00e3o Obor\u00e9 e apoiado pela C\u00e2mara Municipal, na figura da Escola do Parlamento. As jovens contribu\u00edram na apura\u00e7\u00e3o, nas entrevistas e na elabora\u00e7\u00e3o de parte dos textos, sob acompanhamento dos jornalistas da revista. De certa forma, o apoio a este projeto reflete a preocupa\u00e7\u00e3o desta Casa com a educa\u00e7\u00e3o. O tema esteve em evid\u00eancia nos debates dos \u00faltimos meses, durante a tramita\u00e7\u00e3o e vota\u00e7\u00e3o do Plano Municipal de Educa\u00e7\u00e3o do Munic\u00edpio. Conhe\u00e7a os avan\u00e7os do PME em <em>O primeiro plano<\/em>.<\/p>\n<p>Seguindo a tradi\u00e7\u00e3o de resgatar os vereadores hist\u00f3ricos desta Casa, desta vez contamos a trajet\u00f3ria de David Lerer, um m\u00e9dico e revolucion\u00e1rio que viajou o mundo lutando pelos ideais nos quais acredita. A <strong>Apartes<\/strong> esteve com ele em Bertioga, onde vive atualmente, e traz essa bela hist\u00f3ria em <em>O revolucion\u00e1rio cordial<\/em>.<\/p>\n","protected":false},"excerpt":{"rendered":"<p>Vereador Antonio Donato Presidente da CMSP Assessoria vereador Antonio Donato Palavra do Presidente A reportagem de capa desta edi\u00e7\u00e3o, a \u00faltima do ano, debate economia compartilhada, uma tend\u00eancia que procura aproveitar ao m\u00e1ximo os recursos dispon\u00edveis e tem na tecnologia um grande facilitador. Em Divis\u00e3o que multiplica, a revista explora alguns exemplos que mostram como [&hellip;]<\/p>\n","protected":false},"author":109,"featured_media":0,"parent":35261,"menu_order":1,"comment_status":"closed","ping_status":"closed","template":"","meta":{"footnotes":""},"class_list":["post-35160","page","type-page","status-publish","hentry"],"meta_all":{"_edit_lock":["1480616188:109"],"_edit_last":["109"],"_wp_page_template":["default"],"_cmsp_page_download-files":["a:1:{i:0;a:1:{s:4:\"type\";s:3:\"pdf\";}}"],"_yoast_wpseo_bctitle":["Palavra do Presidente"],"_yoast_wpseo_title":["Palavra do Presidente - Revista Apartes"],"_yoast_wpseo_metadesc":["Palavra do Presidente - Revista Apartes - Edi\u00e7\u00e3o 17 - C\u00e2mara Municipal de S\u00e3o Paulo"],"_yoast_wpseo_opengraph-title":["Palavra do Presidente"],"_yoast_wpseo_opengraph-description":["Palavra do Presidente"],"_yoast_wpseo_twitter-title":["Palavra do Presidente"],"_yoast_wpseo_twitter-description":["Palavra do Presidente"],"_yoast_wpseo_content_score":["30"]},"meta_all_2":{"_edit_lock":["1480616188:109"],"_edit_last":["109"],"_wp_page_template":["default"],"_cmsp_page_download-files":["a:1:{i:0;a:1:{s:4:\"type\";s:3:\"pdf\";}}"],"_yoast_wpseo_bctitle":["Palavra do Presidente"],"_yoast_wpseo_title":["Palavra do Presidente - Revista Apartes"],"_yoast_wpseo_metadesc":["Palavra do Presidente - Revista Apartes - Edi\u00e7\u00e3o 17 - C\u00e2mara Municipal de S\u00e3o Paulo"],"_yoast_wpseo_opengraph-title":["Palavra do Presidente"],"_yoast_wpseo_opengraph-description":["Palavra do Presidente"],"_yoast_wpseo_twitter-title":["Palavra do Presidente"],"_yoast_wpseo_twitter-description":["Palavra do Presidente"],"_yoast_wpseo_content_score":["30"]},"yoast_head":"<!-- This site is optimized with the Yoast SEO plugin v27.4 - https:\/\/yoast.com\/product\/yoast-seo-wordpress\/ -->\r\n<title>Palavra do Presidente - Revista Apartes<\/title>\r\n<meta name=\"description\" content=\"Palavra do Presidente - Revista Apartes - Edi\u00e7\u00e3o 17 - C\u00e2mara Municipal de S\u00e3o Paulo\" \/>\r\n<meta name=\"robots\" content=\"noindex, follow, max-snippet:-1, max-image-preview:large, max-video-preview:-1\" \/>\r\n<meta property=\"og:locale\" content=\"pt_BR\" \/>\r\n<meta property=\"og:type\" content=\"article\" \/>\r\n<meta property=\"og:title\" content=\"Palavra do Presidente\" \/>\r\n<meta property=\"og:description\" content=\"Palavra do Presidente\" \/>\r\n<meta property=\"og:url\" content=\"https:\/\/www.saopaulo.sp.leg.br\/apartes-anteriores\/revista-apartes\/numero-17\/apartes-17-palavra-do-presidente\/\" \/>\r\n<meta property=\"og:site_name\" content=\"Revista Apartes (edi\u00e7\u00f5es anteriores)\" \/>\r\n<meta property=\"article:publisher\" content=\"https:\/\/www.facebook.com\/RevistaApartes\/\" \/>\r\n<meta property=\"article:modified_time\" content=\"2016-12-01T18:18:30+00:00\" \/>\r\n<meta property=\"og:image\" content=\"http:\/\/www.saopaulo.sp.leg.br\/apartes-anteriores\/wp-content\/uploads\/sites\/9\/2015\/08\/teste-150x150.jpg\" \/>\r\n<meta name=\"twitter:card\" content=\"summary_large_image\" \/>\r\n<meta name=\"twitter:title\" content=\"Palavra do Presidente\" \/>\r\n<meta name=\"twitter:description\" content=\"Palavra do Presidente\" \/>\r\n<meta name=\"twitter:site\" content=\"@revistaapartes\" \/>\r\n<meta name=\"twitter:label1\" content=\"Est. tempo de leitura\" \/>\n\t<meta name=\"twitter:data1\" content=\"3 minutos\" \/>\r\n<script type=\"application\/ld+json\" class=\"yoast-schema-graph\">{\"@context\":\"https:\\\/\\\/schema.org\",\"@graph\":[{\"@type\":\"WebPage\",\"@id\":\"https:\\\/\\\/www.saopaulo.sp.leg.br\\\/apartes-anteriores\\\/revista-apartes\\\/numero-17\\\/apartes-17-palavra-do-presidente\\\/\",\"url\":\"https:\\\/\\\/www.saopaulo.sp.leg.br\\\/apartes-anteriores\\\/revista-apartes\\\/numero-17\\\/apartes-17-palavra-do-presidente\\\/\",\"name\":\"Palavra do Presidente - Revista Apartes\",\"isPartOf\":{\"@id\":\"https:\\\/\\\/homolog.saopaulo.sp.leg.br\\\/apartes-anteriores\\\/#website\"},\"primaryImageOfPage\":{\"@id\":\"https:\\\/\\\/www.saopaulo.sp.leg.br\\\/apartes-anteriores\\\/revista-apartes\\\/numero-17\\\/apartes-17-palavra-do-presidente\\\/#primaryimage\"},\"image\":{\"@id\":\"https:\\\/\\\/www.saopaulo.sp.leg.br\\\/apartes-anteriores\\\/revista-apartes\\\/numero-17\\\/apartes-17-palavra-do-presidente\\\/#primaryimage\"},\"thumbnailUrl\":\"http:\\\/\\\/homolog.saopaulo.sp.leg.br\\\/apartes-anteriores\\\/wp-content\\\/uploads\\\/sites\\\/9\\\/2015\\\/08\\\/teste-150x150.jpg\",\"datePublished\":\"2015-11-30T16:46:22+00:00\",\"dateModified\":\"2016-12-01T18:18:30+00:00\",\"description\":\"Palavra do Presidente - Revista Apartes - Edi\u00e7\u00e3o 17 - C\u00e2mara Municipal de S\u00e3o Paulo\",\"breadcrumb\":{\"@id\":\"https:\\\/\\\/www.saopaulo.sp.leg.br\\\/apartes-anteriores\\\/revista-apartes\\\/numero-17\\\/apartes-17-palavra-do-presidente\\\/#breadcrumb\"},\"inLanguage\":\"pt-BR\",\"potentialAction\":[{\"@type\":\"ReadAction\",\"target\":[\"https:\\\/\\\/www.saopaulo.sp.leg.br\\\/apartes-anteriores\\\/revista-apartes\\\/numero-17\\\/apartes-17-palavra-do-presidente\\\/\"]}]},{\"@type\":\"ImageObject\",\"inLanguage\":\"pt-BR\",\"@id\":\"https:\\\/\\\/www.saopaulo.sp.leg.br\\\/apartes-anteriores\\\/revista-apartes\\\/numero-17\\\/apartes-17-palavra-do-presidente\\\/#primaryimage\",\"url\":\"http:\\\/\\\/homolog.saopaulo.sp.leg.br\\\/apartes-anteriores\\\/wp-content\\\/uploads\\\/sites\\\/9\\\/2015\\\/08\\\/teste-150x150.jpg\",\"contentUrl\":\"http:\\\/\\\/homolog.saopaulo.sp.leg.br\\\/apartes-anteriores\\\/wp-content\\\/uploads\\\/sites\\\/9\\\/2015\\\/08\\\/teste-150x150.jpg\"},{\"@type\":\"BreadcrumbList\",\"@id\":\"https:\\\/\\\/www.saopaulo.sp.leg.br\\\/apartes-anteriores\\\/revista-apartes\\\/numero-17\\\/apartes-17-palavra-do-presidente\\\/#breadcrumb\",\"itemListElement\":[{\"@type\":\"ListItem\",\"position\":1,\"name\":\"Home\",\"item\":\"https:\\\/\\\/www.saopaulo.sp.leg.br\\\/apartes-anteriores\\\/\"},{\"@type\":\"ListItem\",\"position\":2,\"name\":\"Revista Apartes\",\"item\":\"https:\\\/\\\/www.saopaulo.sp.leg.br\\\/apartes-anteriores\\\/\"},{\"@type\":\"ListItem\",\"position\":3,\"name\":\"N\u00famero 17 &#8211; out-dez\\\/2015\",\"item\":\"https:\\\/\\\/www.saopaulo.sp.leg.br\\\/apartes-anteriores\\\/revista-apartes\\\/numero-17\\\/\"},{\"@type\":\"ListItem\",\"position\":4,\"name\":\"Palavra do Presidente\"}]},{\"@type\":\"WebSite\",\"@id\":\"https:\\\/\\\/homolog.saopaulo.sp.leg.br\\\/apartes-anteriores\\\/#website\",\"url\":\"https:\\\/\\\/homolog.saopaulo.sp.leg.br\\\/apartes-anteriores\\\/\",\"name\":\"Revista Apartes (edi\u00e7\u00f5es anteriores)\",\"description\":\"Revista Apartes (edi\u00e7\u00f5es anteriores)\",\"potentialAction\":[{\"@type\":\"SearchAction\",\"target\":{\"@type\":\"EntryPoint\",\"urlTemplate\":\"https:\\\/\\\/homolog.saopaulo.sp.leg.br\\\/apartes-anteriores\\\/?s={search_term_string}\"},\"query-input\":{\"@type\":\"PropertyValueSpecification\",\"valueRequired\":true,\"valueName\":\"search_term_string\"}}],\"inLanguage\":\"pt-BR\"}]}<\/script>\r\n<!-- \/ Yoast SEO plugin. -->","yoast_head_json":{"title":"Palavra do Presidente - Revista Apartes","description":"Palavra do Presidente - Revista Apartes - Edi\u00e7\u00e3o 17 - C\u00e2mara Municipal de S\u00e3o Paulo","robots":{"index":"noindex","follow":"follow","max-snippet":"max-snippet:-1","max-image-preview":"max-image-preview:large","max-video-preview":"max-video-preview:-1"},"og_locale":"pt_BR","og_type":"article","og_title":"Palavra do Presidente","og_description":"Palavra do Presidente","og_url":"https:\/\/www.saopaulo.sp.leg.br\/apartes-anteriores\/revista-apartes\/numero-17\/apartes-17-palavra-do-presidente\/","og_site_name":"Revista Apartes (edi\u00e7\u00f5es anteriores)","article_publisher":"https:\/\/www.facebook.com\/RevistaApartes\/","article_modified_time":"2016-12-01T18:18:30+00:00","og_image":[{"url":"http:\/\/www.saopaulo.sp.leg.br\/apartes-anteriores\/wp-content\/uploads\/sites\/9\/2015\/08\/teste-150x150.jpg","type":"","width":"","height":""}],"twitter_card":"summary_large_image","twitter_title":"Palavra do Presidente","twitter_description":"Palavra do Presidente","twitter_site":"@revistaapartes","twitter_misc":{"Est. tempo de leitura":"3 minutos"},"schema":{"@context":"https:\/\/schema.org","@graph":[{"@type":"WebPage","@id":"https:\/\/www.saopaulo.sp.leg.br\/apartes-anteriores\/revista-apartes\/numero-17\/apartes-17-palavra-do-presidente\/","url":"https:\/\/www.saopaulo.sp.leg.br\/apartes-anteriores\/revista-apartes\/numero-17\/apartes-17-palavra-do-presidente\/","name":"Palavra do Presidente - Revista Apartes","isPartOf":{"@id":"https:\/\/homolog.saopaulo.sp.leg.br\/apartes-anteriores\/#website"},"primaryImageOfPage":{"@id":"https:\/\/www.saopaulo.sp.leg.br\/apartes-anteriores\/revista-apartes\/numero-17\/apartes-17-palavra-do-presidente\/#primaryimage"},"image":{"@id":"https:\/\/www.saopaulo.sp.leg.br\/apartes-anteriores\/revista-apartes\/numero-17\/apartes-17-palavra-do-presidente\/#primaryimage"},"thumbnailUrl":"http:\/\/homolog.saopaulo.sp.leg.br\/apartes-anteriores\/wp-content\/uploads\/sites\/9\/2015\/08\/teste-150x150.jpg","datePublished":"2015-11-30T16:46:22+00:00","dateModified":"2016-12-01T18:18:30+00:00","description":"Palavra do Presidente - Revista Apartes - Edi\u00e7\u00e3o 17 - C\u00e2mara Municipal de S\u00e3o Paulo","breadcrumb":{"@id":"https:\/\/www.saopaulo.sp.leg.br\/apartes-anteriores\/revista-apartes\/numero-17\/apartes-17-palavra-do-presidente\/#breadcrumb"},"inLanguage":"pt-BR","potentialAction":[{"@type":"ReadAction","target":["https:\/\/www.saopaulo.sp.leg.br\/apartes-anteriores\/revista-apartes\/numero-17\/apartes-17-palavra-do-presidente\/"]}]},{"@type":"ImageObject","inLanguage":"pt-BR","@id":"https:\/\/www.saopaulo.sp.leg.br\/apartes-anteriores\/revista-apartes\/numero-17\/apartes-17-palavra-do-presidente\/#primaryimage","url":"http:\/\/homolog.saopaulo.sp.leg.br\/apartes-anteriores\/wp-content\/uploads\/sites\/9\/2015\/08\/teste-150x150.jpg","contentUrl":"http:\/\/homolog.saopaulo.sp.leg.br\/apartes-anteriores\/wp-content\/uploads\/sites\/9\/2015\/08\/teste-150x150.jpg"},{"@type":"BreadcrumbList","@id":"https:\/\/www.saopaulo.sp.leg.br\/apartes-anteriores\/revista-apartes\/numero-17\/apartes-17-palavra-do-presidente\/#breadcrumb","itemListElement":[{"@type":"ListItem","position":1,"name":"Home","item":"https:\/\/www.saopaulo.sp.leg.br\/apartes-anteriores\/"},{"@type":"ListItem","position":2,"name":"Revista Apartes","item":"https:\/\/www.saopaulo.sp.leg.br\/apartes-anteriores\/"},{"@type":"ListItem","position":3,"name":"N\u00famero 17 &#8211; out-dez\/2015","item":"https:\/\/www.saopaulo.sp.leg.br\/apartes-anteriores\/revista-apartes\/numero-17\/"},{"@type":"ListItem","position":4,"name":"Palavra do Presidente"}]},{"@type":"WebSite","@id":"https:\/\/homolog.saopaulo.sp.leg.br\/apartes-anteriores\/#website","url":"https:\/\/homolog.saopaulo.sp.leg.br\/apartes-anteriores\/","name":"Revista Apartes (edi\u00e7\u00f5es anteriores)","description":"Revista Apartes (edi\u00e7\u00f5es anteriores)","potentialAction":[{"@type":"SearchAction","target":{"@type":"EntryPoint","urlTemplate":"https:\/\/homolog.saopaulo.sp.leg.br\/apartes-anteriores\/?s={search_term_string}"},"query-input":{"@type":"PropertyValueSpecification","valueRequired":true,"valueName":"search_term_string"}}],"inLanguage":"pt-BR"}]}},"_links":{"self":[{"href":"https:\/\/homolog.saopaulo.sp.leg.br\/apartes-anteriores\/wp-json\/wp\/v2\/pages\/35160","targetHints":{"allow":["GET"]}}],"collection":[{"href":"https:\/\/homolog.saopaulo.sp.leg.br\/apartes-anteriores\/wp-json\/wp\/v2\/pages"}],"about":[{"href":"https:\/\/homolog.saopaulo.sp.leg.br\/apartes-anteriores\/wp-json\/wp\/v2\/types\/page"}],"author":[{"embeddable":true,"href":"https:\/\/homolog.saopaulo.sp.leg.br\/apartes-anteriores\/wp-json\/wp\/v2\/users\/109"}],"replies":[{"embeddable":true,"href":"https:\/\/homolog.saopaulo.sp.leg.br\/apartes-anteriores\/wp-json\/wp\/v2\/comments?post=35160"}],"version-history":[{"count":5,"href":"https:\/\/homolog.saopaulo.sp.leg.br\/apartes-anteriores\/wp-json\/wp\/v2\/pages\/35160\/revisions"}],"predecessor-version":[{"id":35274,"href":"https:\/\/homolog.saopaulo.sp.leg.br\/apartes-anteriores\/wp-json\/wp\/v2\/pages\/35160\/revisions\/35274"}],"up":[{"embeddable":true,"href":"https:\/\/homolog.saopaulo.sp.leg.br\/apartes-anteriores\/wp-json\/wp\/v2\/pages\/35261"}],"wp:attachment":[{"href":"https:\/\/homolog.saopaulo.sp.leg.br\/apartes-anteriores\/wp-json\/wp\/v2\/media?parent=35160"}],"curies":[{"name":"wp","href":"https:\/\/api.w.org\/{rel}","templated":true}]}}