{"id":35162,"date":"2015-11-30T18:02:14","date_gmt":"2015-11-30T18:02:14","guid":{"rendered":"http:\/\/homolog.saopaulo.sp.leg.br\/apartes-anteriores\/?page_id=35162"},"modified":"2021-10-06T17:06:49","modified_gmt":"2021-10-06T20:06:49","slug":"apartes-17-notas","status":"publish","type":"page","link":"https:\/\/homolog.saopaulo.sp.leg.br\/apartes-anteriores\/revista-apartes\/numero-17\/apartes-17-notas\/","title":{"rendered":"N\u00ba17 &#8211; Notas"},"content":{"rendered":"<h1 class=\"p1\"><span class=\"s1\" style=\"color: #800000\"><b>Notas<\/b><\/span><\/h1>\n<figure id=\"attachment_35107\" aria-describedby=\"caption-attachment-35107\" style=\"width: 640px\" class=\"wp-caption aligncenter\"><a href=\"http:\/\/homolog.saopaulo.sp.leg.br\/apartes-anteriores\/wp-content\/uploads\/sites\/9\/2015\/11\/apartes_N17_02.jpg\"><img loading=\"lazy\" decoding=\"async\" class=\"wp-image-35107 size-large\" src=\"http:\/\/homolog.saopaulo.sp.leg.br\/apartes-anteriores\/wp-content\/uploads\/sites\/9\/2015\/11\/apartes_N17_02-1024x595.jpg\" alt=\"Jovens tocam taik\u00f4 na sess\u00e3o solene. Foto: Equipe de Eventos\/CMSP\" width=\"640\" height=\"372\" srcset=\"https:\/\/homolog.saopaulo.sp.leg.br\/apartes-anteriores\/wp-content\/uploads\/sites\/9\/2015\/11\/apartes_N17_02-1024x595.jpg 1024w, https:\/\/homolog.saopaulo.sp.leg.br\/apartes-anteriores\/wp-content\/uploads\/sites\/9\/2015\/11\/apartes_N17_02-300x174.jpg 300w, https:\/\/homolog.saopaulo.sp.leg.br\/apartes-anteriores\/wp-content\/uploads\/sites\/9\/2015\/11\/apartes_N17_02.jpg 1195w\" sizes=\"auto, (max-width: 640px) 100vw, 640px\" \/><\/a><figcaption id=\"caption-attachment-35107\" class=\"wp-caption-text\">Jovens tocam taik\u00f4 na sess\u00e3o solene. <br \/>Foto: Equipe de Eventos\/CMSP<\/figcaption><\/figure>\n<p>&nbsp;<\/p>\n<h2 class=\"p1\"><span class=\"s2\"><b>Amizade <\/b><\/span><span class=\"s3\"><b>de 120 anos<\/b><\/span><\/h2>\n<p class=\"p1\"><span class=\"s4\">A C\u00e2mara Municipal de S\u00e3o Paulo (CMSP) realizou uma s\u00e9rie de eventos para celebrar os 120 anos do Tratado de Amizade, Com\u00e9rcio e Navega\u00e7\u00e3o entre Brasil e Jap\u00e3o e o centen\u00e1rio de funda\u00e7\u00e3o do Consulado-Geral japon\u00eas em S\u00e3o Paulo.<\/span><\/p>\n<p class=\"p1\"><span class=\"s5\">Um dos destaques das comemora\u00e7\u00f5es foi a sess\u00e3o solene, realizada em 10 de novembro, para homenagear a comunidade japonesa em S\u00e3o Paulo. Os membros da Comiss\u00e3o Organizadora das Comemora\u00e7\u00f5es, vereadores Aur\u00e9lio Nomura (PSDB), George Hato (PMDB), Ota (PROS) e Ushitaro Kamia (PSD); deputados estaduais H\u00e9lio Nishimoto (PSDB) e Jooji Hato (PMDB); e deputados federais Keiko Ota (PSB) e William Woo (PV), indicaram 18 japoneses ou descendentes para receber as honrarias.<\/span><\/p>\n<p class=\"p1\"><span class=\"s2\">O c\u00f4nsul-geral do Jap\u00e3o em S\u00e3o Paulo, Takahiro Nakamae, fez um breve hist\u00f3rico do tratado e agradeceu a forma como os japoneses e suas empresas t\u00eam sido recebidos no Brasil. \u201cEsses eventos confirmam o reconhecimento da nossa rica hist\u00f3ria de amizade\u201d, afirmou no evento.<\/span><\/p>\n<figure id=\"attachment_35110\" aria-describedby=\"caption-attachment-35110\" style=\"width: 300px\" class=\"wp-caption alignright\"><a href=\"http:\/\/homolog.saopaulo.sp.leg.br\/apartes-anteriores\/wp-content\/uploads\/sites\/9\/2015\/11\/apartes_N17_05.jpg\"><img loading=\"lazy\" decoding=\"async\" class=\"wp-image-35110 size-medium\" src=\"http:\/\/homolog.saopaulo.sp.leg.br\/apartes-anteriores\/wp-content\/uploads\/sites\/9\/2015\/11\/apartes_N17_05-300x228.jpg\" alt=\"Exposi\u00e7\u00e3o de fotos mostra os 60 anos da Bunkyo. Foto: Luiz Fran\u00e7a\/CMSP\" width=\"300\" height=\"228\" srcset=\"https:\/\/homolog.saopaulo.sp.leg.br\/apartes-anteriores\/wp-content\/uploads\/sites\/9\/2015\/11\/apartes_N17_05-300x228.jpg 300w, https:\/\/homolog.saopaulo.sp.leg.br\/apartes-anteriores\/wp-content\/uploads\/sites\/9\/2015\/11\/apartes_N17_05-1024x777.jpg 1024w, https:\/\/homolog.saopaulo.sp.leg.br\/apartes-anteriores\/wp-content\/uploads\/sites\/9\/2015\/11\/apartes_N17_05.jpg 1194w\" sizes=\"auto, (max-width: 300px) 100vw, 300px\" \/><\/a><figcaption id=\"caption-attachment-35110\" class=\"wp-caption-text\">Exposi\u00e7\u00e3o de fotos mostra os 60 anos da Bunkyo. <br \/>Foto: Luiz Fran\u00e7a\/CMSP<\/figcaption><\/figure>\n<p class=\"p1\"><span class=\"s5\">Cerca de 400 pessoas prestigiaram a sess\u00e3o solene, que tamb\u00e9m contou com exibi\u00e7\u00e3o de taik\u00f4s, tambores tradicionais japoneses.<\/span><\/p>\n<p class=\"p1\">Tamb\u00e9m como parte das comemora\u00e7\u00f5es, a Escola do Parlamento da CMSP organizou, nos dias 11 e 12 de novembro, um semin\u00e1rio que analisou aspectos econ\u00f4micos e culturais de ambos os pa\u00edses. Um dos palestrantes foi Heizo Takenaka, ex-ministro da Economia do Jap\u00e3o.<\/p>\n<p class=\"p1\">No hall de entrada do Pal\u00e1cio Anchieta, sede da CMSP, foi montada a exposi\u00e7\u00e3o fotogr\u00e1fica Bunkyo: 60 anos \u2013 sua trajet\u00f3ria. Com 270 fotos, foram apresentadas as atividades da Sociedade Brasileira de Cultura Japonesa e de Assist\u00eancia Social (Bunkyo) desde 1955, quando foi criada para reorganizar as atividades dos nipo-brasileiros ap\u00f3s a Segunda Guerra Mundial.<\/p>\n<p>&nbsp;<\/p>\n<h2 class=\"p1\"><span class=\"s1\"><b>CMSP promove semin\u00e1rio sobre comunica\u00e7\u00e3o<\/b><\/span><\/h2>\n<p class=\"p1\"><span class=\"s2\">Os caminhos da comunica\u00e7\u00e3o p\u00fablica foram discutidos, em 8 e 9 de outubro, no semin\u00e1rio promovido pela Escola do Parlamento da C\u00e2mara Municipal de S\u00e3o Paulo. Dezoito profissionais de v\u00e1rios ve\u00edculos e institui\u00e7\u00f5es analisaram formas de se comunicar com a sociedade.<\/span><\/p>\n<p class=\"p1\"><span class=\"s1\">\u201cA comunica\u00e7\u00e3o p\u00fablica \u00e9 a grande ferramenta com a qual o poder p\u00fablico pode se expressar de forma adequada perante a cidadania\u201d, afirmou o diretor-presidente da Escola, Christy Pato, na abertura do evento. Ao todo, foram seis pain\u00e9is, que discutiram desde aspectos te\u00f3ricos da comunica\u00e7\u00e3o p\u00fablica at\u00e9 as formas mais efetivas de pratic\u00e1-la.<\/span><\/p>\n<p class=\"p1\"><span class=\"s4\">Os debates podem ser vistos no <a href=\"https:\/\/www.youtube.com\/playlist?list=PL7WmlcfNQHf6Gh06espNyWGfBcYeDTKvd\">canal da Escola do Parlamento<\/a> no Youtube.<\/span><\/p>\n<p>&nbsp;<\/p>\n<h2 class=\"p1\"><span class=\"s1\"><b>Palmas para Grande Otelo e Oswaldo de Camargo<\/b><\/span><\/h2>\n<p class=\"p1\"><span class=\"s2\">O centen\u00e1rio do ator, comediante, cantor, escritor e compositor Grande Otelo, morto em 1993, foi comemorado na CMSP, em 22 de outubro. Representantes do movimento negro estiveram na cerim\u00f4nia, que contou tamb\u00e9m com apresenta\u00e7\u00f5es musicais do grupo Escambau. \u201cHomenagear o Grande Otelo significa reconhecer valores importantes de uma pessoa que superou barreiras, inclusive raciais, para poder ocupar seu espa\u00e7o\u201d, afirmou o vereador Paulo Fiorilo (PT), que prop\u00f4s o ato.<\/span><\/p>\n<p class=\"p1\">No dia 27 do mesmo m\u00eas, a C\u00e2mara tamb\u00e9m prestou homenagem ao jornalista, escritor e militante do movimento negro Oswaldo de Camargo. Por iniciativa do presidente Antonio Donato (PT), Camargo recebeu o T\u00edtulo de Cidad\u00e3o Paulistano.<\/p>\n<figure id=\"attachment_35108\" aria-describedby=\"caption-attachment-35108\" style=\"width: 640px\" class=\"wp-caption aligncenter\"><a href=\"http:\/\/homolog.saopaulo.sp.leg.br\/apartes-anteriores\/wp-content\/uploads\/sites\/9\/2015\/11\/apartes_N17_03.jpg\"><img loading=\"lazy\" decoding=\"async\" class=\"wp-image-35108 size-large\" src=\"http:\/\/homolog.saopaulo.sp.leg.br\/apartes-anteriores\/wp-content\/uploads\/sites\/9\/2015\/11\/apartes_N17_03-1024x559.jpg\" alt=\"Jornalista Oswaldo de Camargo recebe o T\u00edtulo de Cidad\u00e3o Paulistano. Foto: Equipe de Eventos\/CMSP\" width=\"640\" height=\"349\" srcset=\"https:\/\/homolog.saopaulo.sp.leg.br\/apartes-anteriores\/wp-content\/uploads\/sites\/9\/2015\/11\/apartes_N17_03-1024x559.jpg 1024w, https:\/\/homolog.saopaulo.sp.leg.br\/apartes-anteriores\/wp-content\/uploads\/sites\/9\/2015\/11\/apartes_N17_03-300x164.jpg 300w, https:\/\/homolog.saopaulo.sp.leg.br\/apartes-anteriores\/wp-content\/uploads\/sites\/9\/2015\/11\/apartes_N17_03.jpg 1191w\" sizes=\"auto, (max-width: 640px) 100vw, 640px\" \/><\/a><figcaption id=\"caption-attachment-35108\" class=\"wp-caption-text\">Jornalista Oswaldo de Camargo recebe o T\u00edtulo de Cidad\u00e3o Paulistano. <br \/>Foto: Equipe de Eventos\/CMSP<\/figcaption><\/figure>\n<p>&nbsp;<\/p>\n<h2 class=\"p1\"><span class=\"s1\"><b>Pr\u00eamio Vladimir Herzog tem recorde de inscritos<\/b><\/span><\/h2>\n<p class=\"p1\"><span class=\"s5\">O 37\u00ba Pr\u00eamio Vladimir Herzog \u00e9 entregue a trabalhos jornal\u00edsticos que tratam de direitos humanos. Esta edi\u00e7\u00e3o contou com o apoio da CMSP e teve 612 inscritos, recorde da premia\u00e7\u00e3o.<\/span><\/p>\n<p class=\"p1\"><span class=\"s5\">A cerim\u00f4nia de entrega, realizada em 20 de outubro no Teatro da Universidade Cat\u00f3lica de S\u00e3o Paulo, lembrou os 40 anos da morte do jornalista Vladimir Herzog. A lista dos premiados est\u00e1 no site <i><a href=\"http:\/\/www.premiovladimirherzog.org.br\" target=\"_blank\" rel=\"noopener\">www.premiovladimirherzog.org.br<\/a><\/i>.<\/span><\/p>\n<p>&nbsp;<\/p>\n<h2 class=\"p1\"><span class=\"s1\"><b>Projetos dos vereadores recebem vota\u00e7\u00e3o popular<\/b><\/span><\/h2>\n<figure id=\"attachment_35109\" aria-describedby=\"caption-attachment-35109\" style=\"width: 300px\" class=\"wp-caption alignright\"><a href=\"http:\/\/homolog.saopaulo.sp.leg.br\/apartes-anteriores\/wp-content\/uploads\/sites\/9\/2015\/11\/apartes_N17_04.jpg\"><img loading=\"lazy\" decoding=\"async\" class=\"wp-image-35109 size-medium\" src=\"http:\/\/homolog.saopaulo.sp.leg.br\/apartes-anteriores\/wp-content\/uploads\/sites\/9\/2015\/11\/apartes_N17_04-300x219.jpg\" alt=\"P\u00e1gina inicial do Votenaweb\/S\u00e3o Paulo. Foto: Reprodu\u00e7\u00e3o\" width=\"300\" height=\"219\" srcset=\"https:\/\/homolog.saopaulo.sp.leg.br\/apartes-anteriores\/wp-content\/uploads\/sites\/9\/2015\/11\/apartes_N17_04-300x219.jpg 300w, https:\/\/homolog.saopaulo.sp.leg.br\/apartes-anteriores\/wp-content\/uploads\/sites\/9\/2015\/11\/apartes_N17_04.jpg 792w\" sizes=\"auto, (max-width: 300px) 100vw, 300px\" \/><\/a><figcaption id=\"caption-attachment-35109\" class=\"wp-caption-text\">P\u00e1gina inicial do Votenaweb\/S\u00e3o Paulo. <br \/>Foto: Reprodu\u00e7\u00e3o<\/figcaption><\/figure>\n<p class=\"p1\"><span class=\"s6\">Projetos de lei propostos pelos vereadores de S\u00e3o Paulo est\u00e3o dispon\u00edveis para receber a opini\u00e3o dos cidad\u00e3os na plataforma Votenaweb. Com a ferramenta, \u00e9 poss\u00edvel comentar sobre o projeto e avaliar a sua import\u00e2ncia, votando sim ou n\u00e3o. \u201cA plataforma nos permite ter mais um canal de di\u00e1logo com o cidad\u00e3o, porque n\u00e3o vamos saber apenas o voto dele, mas a opini\u00e3o, e isso permitir\u00e1 que possamos melhorar os projetos\u201d, explica o presidente da CMSP, Antonio Donato (PT).<\/span><\/p>\n<p><!-- COMENTE SOBRE ESSA MATERIA --><\/p>\n<table border=\"0\" cellspacing=\"0\" cellpadding=\"0\">\n<tbody>\n<tr>\n<td align=\"center\" width=\"50%\">\n<h5>Comente sobre essa mat\u00e9ria:<\/h5>\n<p><a style=\"color: #fff;font-size: 12px;text-decoration: none;font-weight: bold;text-align: center;background-color: #3b5998 !important;margin: 0 0 10px;padding: 3px 7px\" title=\"Facebook da revista Apartes\" href=\"https:\/\/www.facebook.com\/RevistaApartes\" target=\"_blank\" rel=\"noopener\">Facebook<\/a> <a style=\"color: #fff;font-size: 12px;text-decoration: none;font-weight: bold;text-align: center;background-color: #1daced !important;margin: 0 0 10px;padding: 3px 7px\" title=\"Twitter da revista Apartes\" href=\"https:\/\/twitter.com\/RevistaApartes\" target=\"_blank\" rel=\"noopener\">Twitter<\/a><\/td>\n<td align=\"center\" width=\"50%\">\n<h5>Envie cr\u00edticas ou sugest\u00f5es:<\/h5>\n<p>Email: <strong><a href=\"mailto:apartes@saopaulo.sp.leg.br\">apartes@saopaulo.sp.leg.br<\/a><\/strong><\/td>\n<\/tr>\n<\/tbody>\n<\/table>\n<p><!-- COMENTE SOBRE ESSA MATERIA --><\/p>\n","protected":false},"excerpt":{"rendered":"<p>Notas &nbsp; Amizade de 120 anos A C\u00e2mara Municipal de S\u00e3o Paulo (CMSP) realizou uma s\u00e9rie de eventos para celebrar os 120 anos do Tratado de Amizade, Com\u00e9rcio e Navega\u00e7\u00e3o entre Brasil e Jap\u00e3o e o centen\u00e1rio de funda\u00e7\u00e3o do Consulado-Geral japon\u00eas em S\u00e3o Paulo. Um dos destaques das comemora\u00e7\u00f5es foi a sess\u00e3o solene, realizada [&hellip;]<\/p>\n","protected":false},"author":109,"featured_media":0,"parent":35261,"menu_order":2,"comment_status":"open","ping_status":"closed","template":"","meta":{"footnotes":""},"class_list":["post-35162","page","type-page","status-publish","hentry"],"meta_all":{"_edit_lock":["1633550668:109"],"_edit_last":["109"],"_wp_page_template":["default"],"_yoast_wpseo_title":["Notas - Revista Apartes"],"_yoast_wpseo_metadesc":["Notas - Revista Apartes - Edi\u00e7\u00e3o 17 - C\u00e2mara Municipal de S\u00e3o Paulo"],"_yoast_wpseo_bctitle":["Notas"],"_cmsp_page_download-files":["a:1:{i:0;a:1:{s:4:\"type\";s:3:\"pdf\";}}"],"_yoast_wpseo_opengraph-title":["Notas"],"_yoast_wpseo_opengraph-description":["Notas"],"_yoast_wpseo_twitter-title":["Notas"],"_yoast_wpseo_twitter-description":["Notas"],"_yoast_wpseo_content_score":["30"],"_yoast_wpseo_estimated-reading-time-minutes":["4"]},"meta_all_2":{"_edit_lock":["1633550668:109"],"_edit_last":["109"],"_wp_page_template":["default"],"_yoast_wpseo_title":["Notas - Revista Apartes"],"_yoast_wpseo_metadesc":["Notas - Revista Apartes - Edi\u00e7\u00e3o 17 - C\u00e2mara Municipal de S\u00e3o Paulo"],"_yoast_wpseo_bctitle":["Notas"],"_cmsp_page_download-files":["a:1:{i:0;a:1:{s:4:\"type\";s:3:\"pdf\";}}"],"_yoast_wpseo_opengraph-title":["Notas"],"_yoast_wpseo_opengraph-description":["Notas"],"_yoast_wpseo_twitter-title":["Notas"],"_yoast_wpseo_twitter-description":["Notas"],"_yoast_wpseo_content_score":["30"],"_yoast_wpseo_estimated-reading-time-minutes":["4"]},"yoast_head":"<!-- This site is optimized with the Yoast SEO plugin v27.4 - https:\/\/yoast.com\/product\/yoast-seo-wordpress\/ -->\r\n<title>Notas - Revista Apartes<\/title>\r\n<meta name=\"description\" content=\"Notas - Revista Apartes - Edi\u00e7\u00e3o 17 - C\u00e2mara Municipal de S\u00e3o Paulo\" \/>\r\n<meta name=\"robots\" content=\"noindex, follow, max-snippet:-1, max-image-preview:large, max-video-preview:-1\" \/>\r\n<meta property=\"og:locale\" content=\"pt_BR\" \/>\r\n<meta property=\"og:type\" content=\"article\" \/>\r\n<meta property=\"og:title\" content=\"Notas\" \/>\r\n<meta property=\"og:description\" content=\"Notas\" \/>\r\n<meta property=\"og:url\" content=\"https:\/\/www.saopaulo.sp.leg.br\/apartes-anteriores\/revista-apartes\/numero-17\/apartes-17-notas\/\" \/>\r\n<meta property=\"og:site_name\" content=\"Revista Apartes (edi\u00e7\u00f5es anteriores)\" \/>\r\n<meta property=\"article:publisher\" content=\"https:\/\/www.facebook.com\/RevistaApartes\/\" \/>\r\n<meta property=\"article:modified_time\" content=\"2021-10-06T20:06:49+00:00\" \/>\r\n<meta property=\"og:image\" content=\"http:\/\/www.saopaulo.sp.leg.br\/apartes-anteriores\/wp-content\/uploads\/sites\/9\/2015\/11\/apartes_N17_02-1024x595.jpg\" \/>\r\n<meta name=\"twitter:card\" content=\"summary_large_image\" \/>\r\n<meta name=\"twitter:title\" content=\"Notas\" \/>\r\n<meta name=\"twitter:description\" content=\"Notas\" \/>\r\n<meta name=\"twitter:site\" content=\"@revistaapartes\" \/>\r\n<meta name=\"twitter:label1\" content=\"Est. tempo de leitura\" \/>\n\t<meta name=\"twitter:data1\" content=\"4 minutos\" \/>\r\n<script type=\"application\/ld+json\" class=\"yoast-schema-graph\">{\"@context\":\"https:\\\/\\\/schema.org\",\"@graph\":[{\"@type\":\"WebPage\",\"@id\":\"https:\\\/\\\/www.saopaulo.sp.leg.br\\\/apartes-anteriores\\\/revista-apartes\\\/numero-17\\\/apartes-17-notas\\\/\",\"url\":\"https:\\\/\\\/www.saopaulo.sp.leg.br\\\/apartes-anteriores\\\/revista-apartes\\\/numero-17\\\/apartes-17-notas\\\/\",\"name\":\"Notas - Revista Apartes\",\"isPartOf\":{\"@id\":\"https:\\\/\\\/homolog.saopaulo.sp.leg.br\\\/apartes-anteriores\\\/#website\"},\"primaryImageOfPage\":{\"@id\":\"https:\\\/\\\/www.saopaulo.sp.leg.br\\\/apartes-anteriores\\\/revista-apartes\\\/numero-17\\\/apartes-17-notas\\\/#primaryimage\"},\"image\":{\"@id\":\"https:\\\/\\\/www.saopaulo.sp.leg.br\\\/apartes-anteriores\\\/revista-apartes\\\/numero-17\\\/apartes-17-notas\\\/#primaryimage\"},\"thumbnailUrl\":\"http:\\\/\\\/homolog.saopaulo.sp.leg.br\\\/apartes-anteriores\\\/wp-content\\\/uploads\\\/sites\\\/9\\\/2015\\\/11\\\/apartes_N17_02-1024x595.jpg\",\"datePublished\":\"2015-11-30T18:02:14+00:00\",\"dateModified\":\"2021-10-06T20:06:49+00:00\",\"description\":\"Notas - Revista Apartes - Edi\u00e7\u00e3o 17 - C\u00e2mara Municipal de S\u00e3o Paulo\",\"breadcrumb\":{\"@id\":\"https:\\\/\\\/www.saopaulo.sp.leg.br\\\/apartes-anteriores\\\/revista-apartes\\\/numero-17\\\/apartes-17-notas\\\/#breadcrumb\"},\"inLanguage\":\"pt-BR\",\"potentialAction\":[{\"@type\":\"ReadAction\",\"target\":[\"https:\\\/\\\/www.saopaulo.sp.leg.br\\\/apartes-anteriores\\\/revista-apartes\\\/numero-17\\\/apartes-17-notas\\\/\"]}]},{\"@type\":\"ImageObject\",\"inLanguage\":\"pt-BR\",\"@id\":\"https:\\\/\\\/www.saopaulo.sp.leg.br\\\/apartes-anteriores\\\/revista-apartes\\\/numero-17\\\/apartes-17-notas\\\/#primaryimage\",\"url\":\"https:\\\/\\\/homolog.saopaulo.sp.leg.br\\\/apartes-anteriores\\\/wp-content\\\/uploads\\\/sites\\\/9\\\/2015\\\/11\\\/apartes_N17_02.jpg\",\"contentUrl\":\"https:\\\/\\\/homolog.saopaulo.sp.leg.br\\\/apartes-anteriores\\\/wp-content\\\/uploads\\\/sites\\\/9\\\/2015\\\/11\\\/apartes_N17_02.jpg\",\"width\":1195,\"height\":694,\"caption\":\"Jovens tocam taik\u00f4 na sess\u00e3o solene. Foto: Equipe de Eventos\\\/CMSP\"},{\"@type\":\"BreadcrumbList\",\"@id\":\"https:\\\/\\\/www.saopaulo.sp.leg.br\\\/apartes-anteriores\\\/revista-apartes\\\/numero-17\\\/apartes-17-notas\\\/#breadcrumb\",\"itemListElement\":[{\"@type\":\"ListItem\",\"position\":1,\"name\":\"Home\",\"item\":\"https:\\\/\\\/www.saopaulo.sp.leg.br\\\/apartes-anteriores\\\/\"},{\"@type\":\"ListItem\",\"position\":2,\"name\":\"Revista Apartes\",\"item\":\"https:\\\/\\\/www.saopaulo.sp.leg.br\\\/apartes-anteriores\\\/\"},{\"@type\":\"ListItem\",\"position\":3,\"name\":\"N\u00famero 17 &#8211; out-dez\\\/2015\",\"item\":\"https:\\\/\\\/www.saopaulo.sp.leg.br\\\/apartes-anteriores\\\/revista-apartes\\\/numero-17\\\/\"},{\"@type\":\"ListItem\",\"position\":4,\"name\":\"Notas\"}]},{\"@type\":\"WebSite\",\"@id\":\"https:\\\/\\\/homolog.saopaulo.sp.leg.br\\\/apartes-anteriores\\\/#website\",\"url\":\"https:\\\/\\\/homolog.saopaulo.sp.leg.br\\\/apartes-anteriores\\\/\",\"name\":\"Revista Apartes (edi\u00e7\u00f5es anteriores)\",\"description\":\"Revista Apartes (edi\u00e7\u00f5es anteriores)\",\"potentialAction\":[{\"@type\":\"SearchAction\",\"target\":{\"@type\":\"EntryPoint\",\"urlTemplate\":\"https:\\\/\\\/homolog.saopaulo.sp.leg.br\\\/apartes-anteriores\\\/?s={search_term_string}\"},\"query-input\":{\"@type\":\"PropertyValueSpecification\",\"valueRequired\":true,\"valueName\":\"search_term_string\"}}],\"inLanguage\":\"pt-BR\"}]}<\/script>\r\n<!-- \/ Yoast SEO plugin. -->","yoast_head_json":{"title":"Notas - Revista Apartes","description":"Notas - Revista Apartes - Edi\u00e7\u00e3o 17 - C\u00e2mara Municipal de S\u00e3o Paulo","robots":{"index":"noindex","follow":"follow","max-snippet":"max-snippet:-1","max-image-preview":"max-image-preview:large","max-video-preview":"max-video-preview:-1"},"og_locale":"pt_BR","og_type":"article","og_title":"Notas","og_description":"Notas","og_url":"https:\/\/www.saopaulo.sp.leg.br\/apartes-anteriores\/revista-apartes\/numero-17\/apartes-17-notas\/","og_site_name":"Revista Apartes (edi\u00e7\u00f5es anteriores)","article_publisher":"https:\/\/www.facebook.com\/RevistaApartes\/","article_modified_time":"2021-10-06T20:06:49+00:00","og_image":[{"url":"http:\/\/www.saopaulo.sp.leg.br\/apartes-anteriores\/wp-content\/uploads\/sites\/9\/2015\/11\/apartes_N17_02-1024x595.jpg","type":"","width":"","height":""}],"twitter_card":"summary_large_image","twitter_title":"Notas","twitter_description":"Notas","twitter_site":"@revistaapartes","twitter_misc":{"Est. tempo de leitura":"4 minutos"},"schema":{"@context":"https:\/\/schema.org","@graph":[{"@type":"WebPage","@id":"https:\/\/www.saopaulo.sp.leg.br\/apartes-anteriores\/revista-apartes\/numero-17\/apartes-17-notas\/","url":"https:\/\/www.saopaulo.sp.leg.br\/apartes-anteriores\/revista-apartes\/numero-17\/apartes-17-notas\/","name":"Notas - Revista Apartes","isPartOf":{"@id":"https:\/\/homolog.saopaulo.sp.leg.br\/apartes-anteriores\/#website"},"primaryImageOfPage":{"@id":"https:\/\/www.saopaulo.sp.leg.br\/apartes-anteriores\/revista-apartes\/numero-17\/apartes-17-notas\/#primaryimage"},"image":{"@id":"https:\/\/www.saopaulo.sp.leg.br\/apartes-anteriores\/revista-apartes\/numero-17\/apartes-17-notas\/#primaryimage"},"thumbnailUrl":"http:\/\/homolog.saopaulo.sp.leg.br\/apartes-anteriores\/wp-content\/uploads\/sites\/9\/2015\/11\/apartes_N17_02-1024x595.jpg","datePublished":"2015-11-30T18:02:14+00:00","dateModified":"2021-10-06T20:06:49+00:00","description":"Notas - Revista Apartes - Edi\u00e7\u00e3o 17 - C\u00e2mara Municipal de S\u00e3o Paulo","breadcrumb":{"@id":"https:\/\/www.saopaulo.sp.leg.br\/apartes-anteriores\/revista-apartes\/numero-17\/apartes-17-notas\/#breadcrumb"},"inLanguage":"pt-BR","potentialAction":[{"@type":"ReadAction","target":["https:\/\/www.saopaulo.sp.leg.br\/apartes-anteriores\/revista-apartes\/numero-17\/apartes-17-notas\/"]}]},{"@type":"ImageObject","inLanguage":"pt-BR","@id":"https:\/\/www.saopaulo.sp.leg.br\/apartes-anteriores\/revista-apartes\/numero-17\/apartes-17-notas\/#primaryimage","url":"https:\/\/homolog.saopaulo.sp.leg.br\/apartes-anteriores\/wp-content\/uploads\/sites\/9\/2015\/11\/apartes_N17_02.jpg","contentUrl":"https:\/\/homolog.saopaulo.sp.leg.br\/apartes-anteriores\/wp-content\/uploads\/sites\/9\/2015\/11\/apartes_N17_02.jpg","width":1195,"height":694,"caption":"Jovens tocam taik\u00f4 na sess\u00e3o solene. Foto: Equipe de Eventos\/CMSP"},{"@type":"BreadcrumbList","@id":"https:\/\/www.saopaulo.sp.leg.br\/apartes-anteriores\/revista-apartes\/numero-17\/apartes-17-notas\/#breadcrumb","itemListElement":[{"@type":"ListItem","position":1,"name":"Home","item":"https:\/\/www.saopaulo.sp.leg.br\/apartes-anteriores\/"},{"@type":"ListItem","position":2,"name":"Revista Apartes","item":"https:\/\/www.saopaulo.sp.leg.br\/apartes-anteriores\/"},{"@type":"ListItem","position":3,"name":"N\u00famero 17 &#8211; out-dez\/2015","item":"https:\/\/www.saopaulo.sp.leg.br\/apartes-anteriores\/revista-apartes\/numero-17\/"},{"@type":"ListItem","position":4,"name":"Notas"}]},{"@type":"WebSite","@id":"https:\/\/homolog.saopaulo.sp.leg.br\/apartes-anteriores\/#website","url":"https:\/\/homolog.saopaulo.sp.leg.br\/apartes-anteriores\/","name":"Revista Apartes (edi\u00e7\u00f5es anteriores)","description":"Revista Apartes (edi\u00e7\u00f5es anteriores)","potentialAction":[{"@type":"SearchAction","target":{"@type":"EntryPoint","urlTemplate":"https:\/\/homolog.saopaulo.sp.leg.br\/apartes-anteriores\/?s={search_term_string}"},"query-input":{"@type":"PropertyValueSpecification","valueRequired":true,"valueName":"search_term_string"}}],"inLanguage":"pt-BR"}]}},"_links":{"self":[{"href":"https:\/\/homolog.saopaulo.sp.leg.br\/apartes-anteriores\/wp-json\/wp\/v2\/pages\/35162","targetHints":{"allow":["GET"]}}],"collection":[{"href":"https:\/\/homolog.saopaulo.sp.leg.br\/apartes-anteriores\/wp-json\/wp\/v2\/pages"}],"about":[{"href":"https:\/\/homolog.saopaulo.sp.leg.br\/apartes-anteriores\/wp-json\/wp\/v2\/types\/page"}],"author":[{"embeddable":true,"href":"https:\/\/homolog.saopaulo.sp.leg.br\/apartes-anteriores\/wp-json\/wp\/v2\/users\/109"}],"replies":[{"embeddable":true,"href":"https:\/\/homolog.saopaulo.sp.leg.br\/apartes-anteriores\/wp-json\/wp\/v2\/comments?post=35162"}],"version-history":[{"count":5,"href":"https:\/\/homolog.saopaulo.sp.leg.br\/apartes-anteriores\/wp-json\/wp\/v2\/pages\/35162\/revisions"}],"predecessor-version":[{"id":42127,"href":"https:\/\/homolog.saopaulo.sp.leg.br\/apartes-anteriores\/wp-json\/wp\/v2\/pages\/35162\/revisions\/42127"}],"up":[{"embeddable":true,"href":"https:\/\/homolog.saopaulo.sp.leg.br\/apartes-anteriores\/wp-json\/wp\/v2\/pages\/35261"}],"wp:attachment":[{"href":"https:\/\/homolog.saopaulo.sp.leg.br\/apartes-anteriores\/wp-json\/wp\/v2\/media?parent=35162"}],"curies":[{"name":"wp","href":"https:\/\/api.w.org\/{rel}","templated":true}]}}