{"id":35439,"date":"2016-02-24T15:35:41","date_gmt":"2016-02-24T18:35:41","guid":{"rendered":"http:\/\/homolog.saopaulo.sp.leg.br\/apartes-anteriores\/?page_id=35439"},"modified":"2016-12-01T16:21:52","modified_gmt":"2016-12-01T18:21:52","slug":"no18-palavra-do-presidente","status":"publish","type":"page","link":"https:\/\/homolog.saopaulo.sp.leg.br\/apartes-anteriores\/revista-apartes\/numero-18\/no18-palavra-do-presidente\/","title":{"rendered":"N\u00ba18 &#8211; Palavra do Presidente"},"content":{"rendered":"<div style=\"float: right;width: 160px;margin-left: 1.5em;margin-bottom: 1.5em\">\n<div style=\"float: right;padding: 5px;background-color: #eee !important\">\n<p style=\"margin-bottom: 0px\"><a href=\"http:\/\/homolog.saopaulo.sp.leg.br\/apartes-anteriores\/wp-content\/uploads\/sites\/9\/2015\/08\/teste-150x150.jpg\"><img loading=\"lazy\" decoding=\"async\" class=\"alignnone wp-image-33893 size-full\" src=\"http:\/\/homolog.saopaulo.sp.leg.br\/apartes-anteriores\/wp-content\/uploads\/sites\/9\/2015\/08\/teste-150x150.jpg\" alt=\"\" width=\"150\" height=\"150\" \/><\/a><\/p>\n<p style=\"font-size: 0.8em;line-height: 1.1em;text-align: center;margin: 0em 0px 7px 0px;color: #333;!important;background-color: transparent !important\" align=\"center\">Vereador Antonio Donato<br \/>\nPresidente da CMSP<\/p>\n<\/div>\n<p style=\"font-size: 0.5em;line-height: 1.1em;text-align: right;margin: 4px 0px 0px 0px;background-color: transparent !important\">Assessoria vereador<br \/>\nAntonio Donato<\/p>\n<\/div>\n<h1 class=\"p1\"><span style=\"color: #800000\"><strong>Palavra do Presidente<\/strong><\/span><\/h1>\n<p>A primeira edi\u00e7\u00e3o da <strong>Apartes<\/strong> de 2016 marca tamb\u00e9m o rein\u00edcio dos trabalhos da C\u00e2mara Municipal de S\u00e3o Paulo (CMSP) sob a coordena\u00e7\u00e3o de uma nova Mesa Diretora, da qual fui novamente escolhido para ser presidente. Agrade\u00e7o a confian\u00e7a dos vereadores desta Casa, que possibilitaram a minha reelei\u00e7\u00e3o. Certamente, o trabalho desenvolvido no ano passado foi decisivo para essa escolha, com projetos importantes como o C\u00e2mara no seu Bairro e a realiza\u00e7\u00e3o de v\u00e1rias audi\u00eancias p\u00fablicas, nas quais foram debatidos projetos cruciais como a Lei de Zoneamento e o C\u00f3digo de Obras do Munic\u00edpio. Iniciativas que contaram com a total colabora\u00e7\u00e3o dos funcion\u00e1rios da CMSP. Portanto, uma parceria que rendeu \u00f3timos frutos e foi reconhecida.<\/p>\n<p>Entre as grandes realiza\u00e7\u00f5es dos vereadores, nesta edi\u00e7\u00e3o destacamos a publica\u00e7\u00e3o, no ano passado, do relat\u00f3rio final da Comiss\u00e3o Municipal da Verdade Vladimir Herzog. Desde 2012, os parlamentares membros dessa comiss\u00e3o t\u00eam atuado de forma brilhante para desvendar e tornar p\u00fablicas as barbaridades cometidas pela ditadura militar brasileira. Com a finaliza\u00e7\u00e3o do relat\u00f3rio, a Comiss\u00e3o da Verdade foi encerrada e deixa uma contribui\u00e7\u00e3o enorme para a hist\u00f3ria nacional. A reportagem <em>Uma nova verdade<\/em> traz os pontos principais do documento e faz uma breve retrospectiva da atua\u00e7\u00e3o.<\/p>\n<p>Tamb\u00e9m no \u00e2mbito hist\u00f3rico, a revista retoma a se\u00e7\u00e3o <em>Desarquivando<\/em>, que apresenta os documentos hist\u00f3ricos pertencentes \u00e0 C\u00e2mara Municipal. Neste n\u00famero, conhe\u00e7a o requerimento enviado \u00e0 CMSP pelo escritor Oswald de Andrade que, pode-se dizer, resultou na constru\u00e7\u00e3o da Pra\u00e7a Benedito Calixto. Este n\u00famero traz, ainda, uma mat\u00e9ria sobre os 30 anos da Guarda Civil Metropolitana e as a\u00e7\u00f5es da CMSP para valorizar cada vez mais a categoria.<\/p>\n<p>Para finalizar a parte hist\u00f3rica, publicamos o perfil de Reinaldo Canto Pereira, vereador nesta Casa entre 1960 e 1965. Com uma longa trajet\u00f3ria na pol\u00edtica, ele foi respons\u00e1vel pelo projeto que permitiu construir a primeira rodovi\u00e1ria da cidade de S\u00e3o Paulo, no bairro da Luz. Essa e outras hist\u00f3rias de Reinaldo est\u00e3o em <em>A profecia deu certo<\/em>.<\/p>\n<p>Na reportagem de capa, <em>Pragas da cidade<\/em>, conhe\u00e7a os projetos que buscam controlar as superpopula\u00e7\u00f5es de ratos, baratas, pombos e outras pragas que disputam o espa\u00e7o urbano conosco e podem trazer muitos preju\u00edzos \u00e0 sa\u00fade humana.<\/p>\n<p>Na entrevista desta edi\u00e7\u00e3o, falamos com a urbanista Raquel Rolnik. Ela abordou outro tipo de disputa na cidade de S\u00e3o Paulo: a \u201cguerra\u201d entre o direito \u00e0 moradia e os espa\u00e7os urbanos tratados como mercadoria.<\/p>\n<p>Um \u00f3timo ano a todos, com muito trabalho e realiza\u00e7\u00f5es.<\/p>\n","protected":false},"excerpt":{"rendered":"<p>Vereador Antonio Donato Presidente da CMSP Assessoria vereador Antonio Donato Palavra do Presidente A primeira edi\u00e7\u00e3o da Apartes de 2016 marca tamb\u00e9m o rein\u00edcio dos trabalhos da C\u00e2mara Municipal de S\u00e3o Paulo (CMSP) sob a coordena\u00e7\u00e3o de uma nova Mesa Diretora, da qual fui novamente escolhido para ser presidente. Agrade\u00e7o a confian\u00e7a dos vereadores desta [&hellip;]<\/p>\n","protected":false},"author":109,"featured_media":0,"parent":35437,"menu_order":1,"comment_status":"closed","ping_status":"closed","template":"","meta":{"footnotes":""},"class_list":["post-35439","page","type-page","status-publish","hentry"],"meta_all":{"_edit_lock":["1499889234:109"],"_edit_last":["109"],"_wp_page_template":["default"],"_yoast_wpseo_metadesc":["Palavra do Presidente - Revista Apartes - Edi\u00e7\u00e3o 17 - C\u00e2mara Municipal de S\u00e3o Paulo"],"_cmsp_page_download-files":["a:1:{i:0;a:1:{s:4:\"type\";s:3:\"pdf\";}}"],"_yoast_wpseo_bctitle":["Palavra do Presidente"],"_yoast_wpseo_opengraph-title":["Palavra do Presidente"],"_yoast_wpseo_opengraph-description":["Palavra do Presidente"],"_yoast_wpseo_twitter-title":["Palavra do Presidente"],"_yoast_wpseo_twitter-description":["Palavra do Presidente"],"_yoast_wpseo_content_score":["30"]},"meta_all_2":{"_edit_lock":["1499889234:109"],"_edit_last":["109"],"_wp_page_template":["default"],"_yoast_wpseo_metadesc":["Palavra do Presidente - Revista Apartes - Edi\u00e7\u00e3o 17 - C\u00e2mara Municipal de S\u00e3o Paulo"],"_cmsp_page_download-files":["a:1:{i:0;a:1:{s:4:\"type\";s:3:\"pdf\";}}"],"_yoast_wpseo_bctitle":["Palavra do Presidente"],"_yoast_wpseo_opengraph-title":["Palavra do Presidente"],"_yoast_wpseo_opengraph-description":["Palavra do Presidente"],"_yoast_wpseo_twitter-title":["Palavra do Presidente"],"_yoast_wpseo_twitter-description":["Palavra do Presidente"],"_yoast_wpseo_content_score":["30"]},"yoast_head":"<!-- This site is optimized with the Yoast SEO plugin v27.4 - https:\/\/yoast.com\/product\/yoast-seo-wordpress\/ -->\r\n<title>N\u00ba18 - Palavra do Presidente - Revista Apartes (edi\u00e7\u00f5es anteriores)<\/title>\r\n<meta name=\"description\" content=\"Palavra do Presidente - Revista Apartes - Edi\u00e7\u00e3o 17 - C\u00e2mara Municipal de S\u00e3o Paulo\" \/>\r\n<meta name=\"robots\" content=\"noindex, follow, max-snippet:-1, max-image-preview:large, max-video-preview:-1\" \/>\r\n<meta property=\"og:locale\" content=\"pt_BR\" \/>\r\n<meta property=\"og:type\" content=\"article\" \/>\r\n<meta property=\"og:title\" content=\"Palavra do Presidente\" \/>\r\n<meta property=\"og:description\" content=\"Palavra do Presidente\" \/>\r\n<meta property=\"og:url\" content=\"https:\/\/www.saopaulo.sp.leg.br\/apartes-anteriores\/revista-apartes\/numero-18\/no18-palavra-do-presidente\/\" \/>\r\n<meta property=\"og:site_name\" content=\"Revista Apartes (edi\u00e7\u00f5es anteriores)\" \/>\r\n<meta property=\"article:publisher\" content=\"https:\/\/www.facebook.com\/RevistaApartes\/\" \/>\r\n<meta property=\"article:modified_time\" content=\"2016-12-01T18:21:52+00:00\" \/>\r\n<meta property=\"og:image\" content=\"http:\/\/www.saopaulo.sp.leg.br\/apartes-anteriores\/wp-content\/uploads\/sites\/9\/2015\/08\/teste-150x150.jpg\" \/>\r\n<meta name=\"twitter:card\" content=\"summary_large_image\" \/>\r\n<meta name=\"twitter:title\" content=\"Palavra do Presidente\" \/>\r\n<meta name=\"twitter:description\" content=\"Palavra do Presidente\" \/>\r\n<meta name=\"twitter:site\" content=\"@revistaapartes\" \/>\r\n<meta name=\"twitter:label1\" content=\"Est. tempo de leitura\" \/>\n\t<meta name=\"twitter:data1\" content=\"2 minutos\" \/>\r\n<script type=\"application\/ld+json\" class=\"yoast-schema-graph\">{\"@context\":\"https:\\\/\\\/schema.org\",\"@graph\":[{\"@type\":\"WebPage\",\"@id\":\"https:\\\/\\\/www.saopaulo.sp.leg.br\\\/apartes-anteriores\\\/revista-apartes\\\/numero-18\\\/no18-palavra-do-presidente\\\/\",\"url\":\"https:\\\/\\\/www.saopaulo.sp.leg.br\\\/apartes-anteriores\\\/revista-apartes\\\/numero-18\\\/no18-palavra-do-presidente\\\/\",\"name\":\"N\u00ba18 - Palavra do Presidente - Revista Apartes (edi\u00e7\u00f5es anteriores)\",\"isPartOf\":{\"@id\":\"https:\\\/\\\/homolog.saopaulo.sp.leg.br\\\/apartes-anteriores\\\/#website\"},\"primaryImageOfPage\":{\"@id\":\"https:\\\/\\\/www.saopaulo.sp.leg.br\\\/apartes-anteriores\\\/revista-apartes\\\/numero-18\\\/no18-palavra-do-presidente\\\/#primaryimage\"},\"image\":{\"@id\":\"https:\\\/\\\/www.saopaulo.sp.leg.br\\\/apartes-anteriores\\\/revista-apartes\\\/numero-18\\\/no18-palavra-do-presidente\\\/#primaryimage\"},\"thumbnailUrl\":\"http:\\\/\\\/homolog.saopaulo.sp.leg.br\\\/apartes-anteriores\\\/wp-content\\\/uploads\\\/sites\\\/9\\\/2015\\\/08\\\/teste-150x150.jpg\",\"datePublished\":\"2016-02-24T18:35:41+00:00\",\"dateModified\":\"2016-12-01T18:21:52+00:00\",\"description\":\"Palavra do Presidente - Revista Apartes - Edi\u00e7\u00e3o 17 - C\u00e2mara Municipal de S\u00e3o Paulo\",\"breadcrumb\":{\"@id\":\"https:\\\/\\\/www.saopaulo.sp.leg.br\\\/apartes-anteriores\\\/revista-apartes\\\/numero-18\\\/no18-palavra-do-presidente\\\/#breadcrumb\"},\"inLanguage\":\"pt-BR\",\"potentialAction\":[{\"@type\":\"ReadAction\",\"target\":[\"https:\\\/\\\/www.saopaulo.sp.leg.br\\\/apartes-anteriores\\\/revista-apartes\\\/numero-18\\\/no18-palavra-do-presidente\\\/\"]}]},{\"@type\":\"ImageObject\",\"inLanguage\":\"pt-BR\",\"@id\":\"https:\\\/\\\/www.saopaulo.sp.leg.br\\\/apartes-anteriores\\\/revista-apartes\\\/numero-18\\\/no18-palavra-do-presidente\\\/#primaryimage\",\"url\":\"http:\\\/\\\/homolog.saopaulo.sp.leg.br\\\/apartes-anteriores\\\/wp-content\\\/uploads\\\/sites\\\/9\\\/2015\\\/08\\\/teste-150x150.jpg\",\"contentUrl\":\"http:\\\/\\\/homolog.saopaulo.sp.leg.br\\\/apartes-anteriores\\\/wp-content\\\/uploads\\\/sites\\\/9\\\/2015\\\/08\\\/teste-150x150.jpg\"},{\"@type\":\"BreadcrumbList\",\"@id\":\"https:\\\/\\\/www.saopaulo.sp.leg.br\\\/apartes-anteriores\\\/revista-apartes\\\/numero-18\\\/no18-palavra-do-presidente\\\/#breadcrumb\",\"itemListElement\":[{\"@type\":\"ListItem\",\"position\":1,\"name\":\"Home\",\"item\":\"https:\\\/\\\/www.saopaulo.sp.leg.br\\\/apartes-anteriores\\\/\"},{\"@type\":\"ListItem\",\"position\":2,\"name\":\"Revista Apartes\",\"item\":\"https:\\\/\\\/www.saopaulo.sp.leg.br\\\/apartes-anteriores\\\/\"},{\"@type\":\"ListItem\",\"position\":3,\"name\":\"N\u00famero 18 &#8211; jan-fev\\\/2016\",\"item\":\"https:\\\/\\\/www.saopaulo.sp.leg.br\\\/apartes-anteriores\\\/revista-apartes\\\/numero-18\\\/\"},{\"@type\":\"ListItem\",\"position\":4,\"name\":\"Palavra do Presidente\"}]},{\"@type\":\"WebSite\",\"@id\":\"https:\\\/\\\/homolog.saopaulo.sp.leg.br\\\/apartes-anteriores\\\/#website\",\"url\":\"https:\\\/\\\/homolog.saopaulo.sp.leg.br\\\/apartes-anteriores\\\/\",\"name\":\"Revista Apartes (edi\u00e7\u00f5es anteriores)\",\"description\":\"Revista Apartes (edi\u00e7\u00f5es anteriores)\",\"potentialAction\":[{\"@type\":\"SearchAction\",\"target\":{\"@type\":\"EntryPoint\",\"urlTemplate\":\"https:\\\/\\\/homolog.saopaulo.sp.leg.br\\\/apartes-anteriores\\\/?s={search_term_string}\"},\"query-input\":{\"@type\":\"PropertyValueSpecification\",\"valueRequired\":true,\"valueName\":\"search_term_string\"}}],\"inLanguage\":\"pt-BR\"}]}<\/script>\r\n<!-- \/ Yoast SEO plugin. -->","yoast_head_json":{"title":"N\u00ba18 - Palavra do Presidente - Revista Apartes (edi\u00e7\u00f5es anteriores)","description":"Palavra do Presidente - Revista Apartes - Edi\u00e7\u00e3o 17 - C\u00e2mara Municipal de S\u00e3o Paulo","robots":{"index":"noindex","follow":"follow","max-snippet":"max-snippet:-1","max-image-preview":"max-image-preview:large","max-video-preview":"max-video-preview:-1"},"og_locale":"pt_BR","og_type":"article","og_title":"Palavra do Presidente","og_description":"Palavra do Presidente","og_url":"https:\/\/www.saopaulo.sp.leg.br\/apartes-anteriores\/revista-apartes\/numero-18\/no18-palavra-do-presidente\/","og_site_name":"Revista Apartes (edi\u00e7\u00f5es anteriores)","article_publisher":"https:\/\/www.facebook.com\/RevistaApartes\/","article_modified_time":"2016-12-01T18:21:52+00:00","og_image":[{"url":"http:\/\/www.saopaulo.sp.leg.br\/apartes-anteriores\/wp-content\/uploads\/sites\/9\/2015\/08\/teste-150x150.jpg","type":"","width":"","height":""}],"twitter_card":"summary_large_image","twitter_title":"Palavra do Presidente","twitter_description":"Palavra do Presidente","twitter_site":"@revistaapartes","twitter_misc":{"Est. tempo de leitura":"2 minutos"},"schema":{"@context":"https:\/\/schema.org","@graph":[{"@type":"WebPage","@id":"https:\/\/www.saopaulo.sp.leg.br\/apartes-anteriores\/revista-apartes\/numero-18\/no18-palavra-do-presidente\/","url":"https:\/\/www.saopaulo.sp.leg.br\/apartes-anteriores\/revista-apartes\/numero-18\/no18-palavra-do-presidente\/","name":"N\u00ba18 - Palavra do Presidente - Revista Apartes (edi\u00e7\u00f5es anteriores)","isPartOf":{"@id":"https:\/\/homolog.saopaulo.sp.leg.br\/apartes-anteriores\/#website"},"primaryImageOfPage":{"@id":"https:\/\/www.saopaulo.sp.leg.br\/apartes-anteriores\/revista-apartes\/numero-18\/no18-palavra-do-presidente\/#primaryimage"},"image":{"@id":"https:\/\/www.saopaulo.sp.leg.br\/apartes-anteriores\/revista-apartes\/numero-18\/no18-palavra-do-presidente\/#primaryimage"},"thumbnailUrl":"http:\/\/homolog.saopaulo.sp.leg.br\/apartes-anteriores\/wp-content\/uploads\/sites\/9\/2015\/08\/teste-150x150.jpg","datePublished":"2016-02-24T18:35:41+00:00","dateModified":"2016-12-01T18:21:52+00:00","description":"Palavra do Presidente - Revista Apartes - Edi\u00e7\u00e3o 17 - C\u00e2mara Municipal de S\u00e3o Paulo","breadcrumb":{"@id":"https:\/\/www.saopaulo.sp.leg.br\/apartes-anteriores\/revista-apartes\/numero-18\/no18-palavra-do-presidente\/#breadcrumb"},"inLanguage":"pt-BR","potentialAction":[{"@type":"ReadAction","target":["https:\/\/www.saopaulo.sp.leg.br\/apartes-anteriores\/revista-apartes\/numero-18\/no18-palavra-do-presidente\/"]}]},{"@type":"ImageObject","inLanguage":"pt-BR","@id":"https:\/\/www.saopaulo.sp.leg.br\/apartes-anteriores\/revista-apartes\/numero-18\/no18-palavra-do-presidente\/#primaryimage","url":"http:\/\/homolog.saopaulo.sp.leg.br\/apartes-anteriores\/wp-content\/uploads\/sites\/9\/2015\/08\/teste-150x150.jpg","contentUrl":"http:\/\/homolog.saopaulo.sp.leg.br\/apartes-anteriores\/wp-content\/uploads\/sites\/9\/2015\/08\/teste-150x150.jpg"},{"@type":"BreadcrumbList","@id":"https:\/\/www.saopaulo.sp.leg.br\/apartes-anteriores\/revista-apartes\/numero-18\/no18-palavra-do-presidente\/#breadcrumb","itemListElement":[{"@type":"ListItem","position":1,"name":"Home","item":"https:\/\/www.saopaulo.sp.leg.br\/apartes-anteriores\/"},{"@type":"ListItem","position":2,"name":"Revista Apartes","item":"https:\/\/www.saopaulo.sp.leg.br\/apartes-anteriores\/"},{"@type":"ListItem","position":3,"name":"N\u00famero 18 &#8211; jan-fev\/2016","item":"https:\/\/www.saopaulo.sp.leg.br\/apartes-anteriores\/revista-apartes\/numero-18\/"},{"@type":"ListItem","position":4,"name":"Palavra do Presidente"}]},{"@type":"WebSite","@id":"https:\/\/homolog.saopaulo.sp.leg.br\/apartes-anteriores\/#website","url":"https:\/\/homolog.saopaulo.sp.leg.br\/apartes-anteriores\/","name":"Revista Apartes (edi\u00e7\u00f5es anteriores)","description":"Revista Apartes (edi\u00e7\u00f5es anteriores)","potentialAction":[{"@type":"SearchAction","target":{"@type":"EntryPoint","urlTemplate":"https:\/\/homolog.saopaulo.sp.leg.br\/apartes-anteriores\/?s={search_term_string}"},"query-input":{"@type":"PropertyValueSpecification","valueRequired":true,"valueName":"search_term_string"}}],"inLanguage":"pt-BR"}]}},"_links":{"self":[{"href":"https:\/\/homolog.saopaulo.sp.leg.br\/apartes-anteriores\/wp-json\/wp\/v2\/pages\/35439","targetHints":{"allow":["GET"]}}],"collection":[{"href":"https:\/\/homolog.saopaulo.sp.leg.br\/apartes-anteriores\/wp-json\/wp\/v2\/pages"}],"about":[{"href":"https:\/\/homolog.saopaulo.sp.leg.br\/apartes-anteriores\/wp-json\/wp\/v2\/types\/page"}],"author":[{"embeddable":true,"href":"https:\/\/homolog.saopaulo.sp.leg.br\/apartes-anteriores\/wp-json\/wp\/v2\/users\/109"}],"replies":[{"embeddable":true,"href":"https:\/\/homolog.saopaulo.sp.leg.br\/apartes-anteriores\/wp-json\/wp\/v2\/comments?post=35439"}],"version-history":[{"count":1,"href":"https:\/\/homolog.saopaulo.sp.leg.br\/apartes-anteriores\/wp-json\/wp\/v2\/pages\/35439\/revisions"}],"predecessor-version":[{"id":35440,"href":"https:\/\/homolog.saopaulo.sp.leg.br\/apartes-anteriores\/wp-json\/wp\/v2\/pages\/35439\/revisions\/35440"}],"up":[{"embeddable":true,"href":"https:\/\/homolog.saopaulo.sp.leg.br\/apartes-anteriores\/wp-json\/wp\/v2\/pages\/35437"}],"wp:attachment":[{"href":"https:\/\/homolog.saopaulo.sp.leg.br\/apartes-anteriores\/wp-json\/wp\/v2\/media?parent=35439"}],"curies":[{"name":"wp","href":"https:\/\/api.w.org\/{rel}","templated":true}]}}