{"id":35442,"date":"2016-02-24T16:49:23","date_gmt":"2016-02-24T19:49:23","guid":{"rendered":"http:\/\/homolog.saopaulo.sp.leg.br\/apartes-anteriores\/?page_id=35442"},"modified":"2016-12-01T16:49:06","modified_gmt":"2016-12-01T18:49:06","slug":"apartes-18-notas","status":"publish","type":"page","link":"https:\/\/homolog.saopaulo.sp.leg.br\/apartes-anteriores\/revista-apartes\/numero-18\/apartes-18-notas\/","title":{"rendered":"N\u00ba18 &#8211; Notas"},"content":{"rendered":"<h1><strong><span style=\"color: #993300\">Notas<\/span><\/strong><\/h1>\n<h2>Donato \u00e9 reeleito presidente<\/h2>\n<figure id=\"attachment_35448\" aria-describedby=\"caption-attachment-35448\" style=\"width: 640px\" class=\"wp-caption aligncenter\"><a href=\"http:\/\/homolog.saopaulo.sp.leg.br\/apartes-anteriores\/wp-content\/uploads\/sites\/9\/2016\/02\/apartes_N18_06.jpg\"><img loading=\"lazy\" decoding=\"async\" class=\"wp-image-35448 size-large\" src=\"http:\/\/homolog.saopaulo.sp.leg.br\/apartes-anteriores\/wp-content\/uploads\/sites\/9\/2016\/02\/apartes_N18_06-1024x563.jpg\" alt=\"A partir da esquerda, vereadores George Hato, Adilson Amadeu, Edir Sales, Milton Leite, Antonio Donato, Adolfo Quintas e Eduardo Tuma\" width=\"640\" height=\"352\" srcset=\"https:\/\/homolog.saopaulo.sp.leg.br\/apartes-anteriores\/wp-content\/uploads\/sites\/9\/2016\/02\/apartes_N18_06-1024x563.jpg 1024w, https:\/\/homolog.saopaulo.sp.leg.br\/apartes-anteriores\/wp-content\/uploads\/sites\/9\/2016\/02\/apartes_N18_06-300x165.jpg 300w, https:\/\/homolog.saopaulo.sp.leg.br\/apartes-anteriores\/wp-content\/uploads\/sites\/9\/2016\/02\/apartes_N18_06-768x423.jpg 768w, https:\/\/homolog.saopaulo.sp.leg.br\/apartes-anteriores\/wp-content\/uploads\/sites\/9\/2016\/02\/apartes_N18_06.jpg 1196w\" sizes=\"auto, (max-width: 640px) 100vw, 640px\" \/><\/a><figcaption id=\"caption-attachment-35448\" class=\"wp-caption-text\">A partir da esquerda, vereadores George Hato, Adilson Amadeu, Edir Sales, Milton Leite, Antonio Donato, Adolfo Quintas e Eduardo Tuma <br \/>Foto: Gute Garbelotto\/CMSP<\/figcaption><\/figure>\n<p>&nbsp;<\/p>\n<p>A composi\u00e7\u00e3o da Mesa Diretora da C\u00e2mara Municipal de S\u00e3o Paulo (CMSP) para 2016 foi escolhida em 15 de dezembro. Com 50 votos, o vereador Antonio Donato (PT) foi reeleito como presidente. Ele afirma que o sucesso do projeto C\u00e2mara no Seu Bairro, idealizado pela Mesa Diretora de 2015, foi o respons\u00e1vel pela reelei\u00e7\u00e3o: \u201cA proposta foi abra\u00e7ada por todos os vereadores e funcionou como um importante instrumento de interlocu\u00e7\u00e3o com as lideran\u00e7as de cada bairro\u201d.<\/p>\n<p>Al\u00e9m de Donato, a nova Mesa Diretora \u00e9 composta pelos vereadores Milton Leite (Democratas), primeiro-vice-presidente; Edir Sales (PSD), segunda vice-presidenta; Adolfo Quintas (PSDB), primeiro-secret\u00e1rio; Adilson Amadeu (PTB), segundo secret\u00e1rio; George Hato (PMDB), primeiro-suplente, e Eduardo Tuma (PSDB), segundo suplente. Dalton Silvano (Democratas) foi reeleito como corregedor-geral. Os parlamentares assumiram seus cargos na Mesa em 1\u00ba de janeiro.<\/p>\n<p>&nbsp;<\/p>\n<figure id=\"attachment_35444\" aria-describedby=\"caption-attachment-35444\" style=\"width: 218px\" class=\"wp-caption alignright\"><a href=\"http:\/\/homolog.saopaulo.sp.leg.br\/apartes-anteriores\/wp-content\/uploads\/sites\/9\/2016\/02\/apartes_N18_02.jpg\" rel=\"attachment wp-att-35444\"><img loading=\"lazy\" decoding=\"async\" class=\"size-medium wp-image-35444\" src=\"http:\/\/homolog.saopaulo.sp.leg.br\/apartes-anteriores\/wp-content\/uploads\/sites\/9\/2016\/02\/apartes_N18_02-218x300.jpg\" alt=\"Idosos dan\u00e7am ao som da banda e do coral da GCM Foto: Ricardo Rocha\/CMSP\" width=\"218\" height=\"300\" srcset=\"https:\/\/homolog.saopaulo.sp.leg.br\/apartes-anteriores\/wp-content\/uploads\/sites\/9\/2016\/02\/apartes_N18_02-218x300.jpg 218w, https:\/\/homolog.saopaulo.sp.leg.br\/apartes-anteriores\/wp-content\/uploads\/sites\/9\/2016\/02\/apartes_N18_02.jpg 721w\" sizes=\"auto, (max-width: 218px) 100vw, 218px\" \/><\/a><figcaption id=\"caption-attachment-35444\" class=\"wp-caption-text\">Idosos dan\u00e7am ao som da banda e do coral da GCM <br \/> Foto: Ricardo Rocha\/CMSP<\/figcaption><\/figure>\n<h2>Cidad\u00e3os da terceira idade s\u00e3o homenageados<\/h2>\n<p>A solenidade Terceira Idade em Festa foi realizada no Plen\u00e1rio da C\u00e2mara Municipal em 11 de dezembro. Idealizada pela Presid\u00eancia da CMSP e pela Comiss\u00e3o Extraordin\u00e1ria Permanente do Idoso e de Assist\u00eancia Social, a cerim\u00f4nia homenageou os cidad\u00e3os da terceira idade que participaram dos trabalhos legislativos de 2015. Houve tamb\u00e9m apresenta\u00e7\u00e3o do coral e da banda da Guarda Civil Municipal (GCM), que animou os participantes.<\/p>\n<p>\u201cEsse \u00e9 um dia de congra\u00e7amento, para as pessoas ouvirem um pouco de m\u00fasica e se divertirem\u201d, afirmou o presidente da Comiss\u00e3o, vereador Mario Covas Neto (PSDB).<\/p>\n<p>&nbsp;<\/p>\n<h2>Escola do Parlamento e Cepal fazem parceria<\/h2>\n<p>A Escola do Parlamento da C\u00e2mara Municipal de S\u00e3o Paulo e a Comiss\u00e3o Econ\u00f4mica para a Am\u00e9rica Latina e o Caribe (Cepal) assinaram, em 3 de dezembro, um acordo para aprimorar a capacita\u00e7\u00e3o de funcion\u00e1rios do Executivo e do Legislativo.<\/p>\n<p>A Cepal \u00e9 uma das cinco comiss\u00f5es regionais da Organiza\u00e7\u00e3o das Na\u00e7\u00f5es Unidas (ONU) e contribui com o desenvolvimento econ\u00f4mico dos pa\u00edses latino-americanos e caribenhos, refor\u00e7ando suas rela\u00e7\u00f5es.<\/p>\n<p>O diretor-presidente da Escola do Parlamento, Christy Ganzert Pato, informou que ser\u00e1 elaborado um plano de trabalho para se pensar na agenda de capacita\u00e7\u00e3o dos profissionais do Legislativo e Executivo, em cursos para a popula\u00e7\u00e3o e na troca de experi\u00eancias entre os profissionais da C\u00e2mara, Prefeitura de S\u00e3o Paulo e Cepal.<\/p>\n<p>&nbsp;<\/p>\n<h2>C\u00e2mara no Seu Bairro re\u00fane 12 mil participantes<\/h2>\n<p>Ap\u00f3s nove meses, o projeto C\u00e2mara no Seu Bairro chegou ao fim, passando por todas as 32 Subprefeituras de S\u00e3o Paulo e contando com a presen\u00e7a de 12 mil cidad\u00e3os. Realizadas de mar\u00e7o a novembro de 2015, as sess\u00f5es nos bairros tinham o objetivo principal de aproximar o Legislativo da popula\u00e7\u00e3o, que p\u00f4de fazer reivindica\u00e7\u00f5es de necessidades para cada local visitado.<\/p>\n<p>Diversas solicita\u00e7\u00f5es viraram projetos de leis (PLs) e algumas se tornaram leis. \u201cEsse programa foi um marco na rela\u00e7\u00e3o da C\u00e2mara com as lideran\u00e7as populares, olhamos no olho da popula\u00e7\u00e3o, conversamos com ela\u201d, afirma o presidente da CMSP, Antonio Donato (PT).<\/p>\n<p>&nbsp;<\/p>\n<h2>Jornalismo gastron\u00f4mico \u00e9 premiado<\/h2>\n<p>O Trof\u00e9u S\u00e3o Paulo: Capital Mundial da Gastronomia foi entregue na C\u00e2mara Municipal em 26 de novembro. A premia\u00e7\u00e3o \u00e9 destinada aos melhores trabalhos jornal\u00edsticos na \u00e1rea gastron\u00f4mica e busca incentivar os ve\u00edculos de comunica\u00e7\u00e3o a divulgarem a gastronomia paulistana. Os vencedores da 18\u00aa edi\u00e7\u00e3o do pr\u00eamio levaram salvas de prata. Em algumas categorias tamb\u00e9m houve men\u00e7\u00f5es honrosas.<\/p>\n<figure id=\"attachment_35447\" aria-describedby=\"caption-attachment-35447\" style=\"width: 640px\" class=\"wp-caption aligncenter\"><a href=\"http:\/\/homolog.saopaulo.sp.leg.br\/apartes-anteriores\/wp-content\/uploads\/sites\/9\/2016\/02\/apartes_N18_05.jpg\" rel=\"attachment wp-att-35447\"><img loading=\"lazy\" decoding=\"async\" class=\"size-large wp-image-35447\" src=\"http:\/\/homolog.saopaulo.sp.leg.br\/apartes-anteriores\/wp-content\/uploads\/sites\/9\/2016\/02\/apartes_N18_05-1024x684.jpg\" alt=\"Salva de prata: Olha a\u00ea o picol\u00e9 de frutas Foto: Daniel Ozana\/Revista Espresso\" width=\"640\" height=\"428\" srcset=\"https:\/\/homolog.saopaulo.sp.leg.br\/apartes-anteriores\/wp-content\/uploads\/sites\/9\/2016\/02\/apartes_N18_05-1024x684.jpg 1024w, https:\/\/homolog.saopaulo.sp.leg.br\/apartes-anteriores\/wp-content\/uploads\/sites\/9\/2016\/02\/apartes_N18_05-300x200.jpg 300w, https:\/\/homolog.saopaulo.sp.leg.br\/apartes-anteriores\/wp-content\/uploads\/sites\/9\/2016\/02\/apartes_N18_05-768x513.jpg 768w, https:\/\/homolog.saopaulo.sp.leg.br\/apartes-anteriores\/wp-content\/uploads\/sites\/9\/2016\/02\/apartes_N18_05.jpg 1098w\" sizes=\"auto, (max-width: 640px) 100vw, 640px\" \/><\/a><figcaption id=\"caption-attachment-35447\" class=\"wp-caption-text\">Salva de prata: Olha a\u00ea o picol\u00e9 de frutas<br \/>Foto: Daniel Ozana\/Revista Espresso<\/figcaption><\/figure>\n<figure id=\"attachment_35446\" aria-describedby=\"caption-attachment-35446\" style=\"width: 640px\" class=\"wp-caption aligncenter\"><a href=\"http:\/\/homolog.saopaulo.sp.leg.br\/apartes-anteriores\/wp-content\/uploads\/sites\/9\/2016\/02\/apartes_N18_04.jpg\" rel=\"attachment wp-att-35446\"><img loading=\"lazy\" decoding=\"async\" class=\"size-large wp-image-35446\" src=\"http:\/\/homolog.saopaulo.sp.leg.br\/apartes-anteriores\/wp-content\/uploads\/sites\/9\/2016\/02\/apartes_N18_04-1024x651.jpg\" alt=\"Men\u00e7\u00e3o honrosa: Vinho como alimento Foto: Katiuska Sales\/Site Empratado\" width=\"640\" height=\"407\" srcset=\"https:\/\/homolog.saopaulo.sp.leg.br\/apartes-anteriores\/wp-content\/uploads\/sites\/9\/2016\/02\/apartes_N18_04-1024x651.jpg 1024w, https:\/\/homolog.saopaulo.sp.leg.br\/apartes-anteriores\/wp-content\/uploads\/sites\/9\/2016\/02\/apartes_N18_04-300x191.jpg 300w, https:\/\/homolog.saopaulo.sp.leg.br\/apartes-anteriores\/wp-content\/uploads\/sites\/9\/2016\/02\/apartes_N18_04-768x488.jpg 768w, https:\/\/homolog.saopaulo.sp.leg.br\/apartes-anteriores\/wp-content\/uploads\/sites\/9\/2016\/02\/apartes_N18_04.jpg 1104w\" sizes=\"auto, (max-width: 640px) 100vw, 640px\" \/><\/a><figcaption id=\"caption-attachment-35446\" class=\"wp-caption-text\">Men\u00e7\u00e3o honrosa: Vinho como alimento<br \/> Foto: Katiuska Sales\/Site Empratado<\/figcaption><\/figure>\n<figure id=\"attachment_35445\" aria-describedby=\"caption-attachment-35445\" style=\"width: 640px\" class=\"wp-caption aligncenter\"><a href=\"http:\/\/homolog.saopaulo.sp.leg.br\/apartes-anteriores\/wp-content\/uploads\/sites\/9\/2016\/02\/apartes_N18_03.jpg\" rel=\"attachment wp-att-35445\"><img loading=\"lazy\" decoding=\"async\" class=\"size-large wp-image-35445\" src=\"http:\/\/homolog.saopaulo.sp.leg.br\/apartes-anteriores\/wp-content\/uploads\/sites\/9\/2016\/02\/apartes_N18_03-1024x683.jpg\" alt=\"Men\u00e7\u00e3o honrosa: BiBimBap \u2013 O risoto coreano Foto: Juliana Bruder\/OlharTur\u00edstico\" width=\"640\" height=\"427\" srcset=\"https:\/\/homolog.saopaulo.sp.leg.br\/apartes-anteriores\/wp-content\/uploads\/sites\/9\/2016\/02\/apartes_N18_03-1024x683.jpg 1024w, https:\/\/homolog.saopaulo.sp.leg.br\/apartes-anteriores\/wp-content\/uploads\/sites\/9\/2016\/02\/apartes_N18_03-300x200.jpg 300w, https:\/\/homolog.saopaulo.sp.leg.br\/apartes-anteriores\/wp-content\/uploads\/sites\/9\/2016\/02\/apartes_N18_03-768x512.jpg 768w, https:\/\/homolog.saopaulo.sp.leg.br\/apartes-anteriores\/wp-content\/uploads\/sites\/9\/2016\/02\/apartes_N18_03.jpg 1080w\" sizes=\"auto, (max-width: 640px) 100vw, 640px\" \/><\/a><figcaption id=\"caption-attachment-35445\" class=\"wp-caption-text\">Men\u00e7\u00e3o honrosa: BiBimBap \u2013 O risoto coreano<br \/> Foto: Juliana Bruder\/OlharTur\u00edstico<\/figcaption><\/figure>\n<p>&nbsp;<\/p>\n<p>&nbsp;<\/p>\n","protected":false},"excerpt":{"rendered":"<p>Notas Donato \u00e9 reeleito presidente &nbsp; A composi\u00e7\u00e3o da Mesa Diretora da C\u00e2mara Municipal de S\u00e3o Paulo (CMSP) para 2016 foi escolhida em 15 de dezembro. Com 50 votos, o vereador Antonio Donato (PT) foi reeleito como presidente. Ele afirma que o sucesso do projeto C\u00e2mara no Seu Bairro, idealizado pela Mesa Diretora de 2015, [&hellip;]<\/p>\n","protected":false},"author":109,"featured_media":0,"parent":35437,"menu_order":2,"comment_status":"closed","ping_status":"closed","template":"","meta":{"footnotes":""},"class_list":["post-35442","page","type-page","status-publish","hentry"],"meta_all":{"_edit_lock":["1480618011:109"],"_edit_last":["109"],"_wp_page_template":["default"],"_cmsp_page_download-files":["a:1:{i:0;a:1:{s:4:\"type\";s:3:\"pdf\";}}"],"_yoast_wpseo_title":["Notas - Revista Apartes - Ed.18"],"_yoast_wpseo_metadesc":["Notas - Revista Apartes - Edi\u00e7\u00e3o 18 - C\u00e2mara Municipal de S\u00e3o Paulo"],"_yoast_wpseo_bctitle":["Notas"],"_yoast_wpseo_opengraph-title":["Notas"],"_yoast_wpseo_opengraph-description":["Notas"],"_yoast_wpseo_twitter-title":["Notas"],"_yoast_wpseo_twitter-description":["Notas"],"_yoast_wpseo_content_score":["90"]},"meta_all_2":{"_edit_lock":["1480618011:109"],"_edit_last":["109"],"_wp_page_template":["default"],"_cmsp_page_download-files":["a:1:{i:0;a:1:{s:4:\"type\";s:3:\"pdf\";}}"],"_yoast_wpseo_title":["Notas - Revista Apartes - Ed.18"],"_yoast_wpseo_metadesc":["Notas - Revista Apartes - Edi\u00e7\u00e3o 18 - C\u00e2mara Municipal de S\u00e3o Paulo"],"_yoast_wpseo_bctitle":["Notas"],"_yoast_wpseo_opengraph-title":["Notas"],"_yoast_wpseo_opengraph-description":["Notas"],"_yoast_wpseo_twitter-title":["Notas"],"_yoast_wpseo_twitter-description":["Notas"],"_yoast_wpseo_content_score":["90"]},"yoast_head":"<!-- This site is optimized with the Yoast SEO plugin v27.4 - https:\/\/yoast.com\/product\/yoast-seo-wordpress\/ -->\r\n<title>Notas - Revista Apartes - Ed.18<\/title>\r\n<meta name=\"description\" content=\"Notas - Revista Apartes - Edi\u00e7\u00e3o 18 - C\u00e2mara Municipal de S\u00e3o Paulo\" \/>\r\n<meta name=\"robots\" content=\"noindex, follow, max-snippet:-1, max-image-preview:large, max-video-preview:-1\" \/>\r\n<meta property=\"og:locale\" content=\"pt_BR\" \/>\r\n<meta property=\"og:type\" content=\"article\" \/>\r\n<meta property=\"og:title\" content=\"Notas\" \/>\r\n<meta property=\"og:description\" content=\"Notas\" \/>\r\n<meta property=\"og:url\" content=\"https:\/\/www.saopaulo.sp.leg.br\/apartes-anteriores\/revista-apartes\/numero-18\/apartes-18-notas\/\" \/>\r\n<meta property=\"og:site_name\" content=\"Revista Apartes (edi\u00e7\u00f5es anteriores)\" \/>\r\n<meta property=\"article:publisher\" content=\"https:\/\/www.facebook.com\/RevistaApartes\/\" \/>\r\n<meta property=\"article:modified_time\" content=\"2016-12-01T18:49:06+00:00\" \/>\r\n<meta property=\"og:image\" content=\"http:\/\/www.saopaulo.sp.leg.br\/apartes-anteriores\/wp-content\/uploads\/sites\/9\/2016\/02\/apartes_N18_06-1024x563.jpg\" \/>\r\n<meta name=\"twitter:card\" content=\"summary_large_image\" \/>\r\n<meta name=\"twitter:title\" content=\"Notas\" \/>\r\n<meta name=\"twitter:description\" content=\"Notas\" \/>\r\n<meta name=\"twitter:site\" content=\"@revistaapartes\" \/>\r\n<meta name=\"twitter:label1\" content=\"Est. tempo de leitura\" \/>\n\t<meta name=\"twitter:data1\" content=\"4 minutos\" \/>\r\n<script type=\"application\/ld+json\" class=\"yoast-schema-graph\">{\"@context\":\"https:\\\/\\\/schema.org\",\"@graph\":[{\"@type\":\"WebPage\",\"@id\":\"https:\\\/\\\/www.saopaulo.sp.leg.br\\\/apartes-anteriores\\\/revista-apartes\\\/numero-18\\\/apartes-18-notas\\\/\",\"url\":\"https:\\\/\\\/www.saopaulo.sp.leg.br\\\/apartes-anteriores\\\/revista-apartes\\\/numero-18\\\/apartes-18-notas\\\/\",\"name\":\"Notas - Revista Apartes - Ed.18\",\"isPartOf\":{\"@id\":\"https:\\\/\\\/homolog.saopaulo.sp.leg.br\\\/apartes-anteriores\\\/#website\"},\"primaryImageOfPage\":{\"@id\":\"https:\\\/\\\/www.saopaulo.sp.leg.br\\\/apartes-anteriores\\\/revista-apartes\\\/numero-18\\\/apartes-18-notas\\\/#primaryimage\"},\"image\":{\"@id\":\"https:\\\/\\\/www.saopaulo.sp.leg.br\\\/apartes-anteriores\\\/revista-apartes\\\/numero-18\\\/apartes-18-notas\\\/#primaryimage\"},\"thumbnailUrl\":\"http:\\\/\\\/homolog.saopaulo.sp.leg.br\\\/apartes-anteriores\\\/wp-content\\\/uploads\\\/sites\\\/9\\\/2016\\\/02\\\/apartes_N18_06-1024x563.jpg\",\"datePublished\":\"2016-02-24T19:49:23+00:00\",\"dateModified\":\"2016-12-01T18:49:06+00:00\",\"description\":\"Notas - Revista Apartes - Edi\u00e7\u00e3o 18 - C\u00e2mara Municipal de S\u00e3o Paulo\",\"breadcrumb\":{\"@id\":\"https:\\\/\\\/www.saopaulo.sp.leg.br\\\/apartes-anteriores\\\/revista-apartes\\\/numero-18\\\/apartes-18-notas\\\/#breadcrumb\"},\"inLanguage\":\"pt-BR\",\"potentialAction\":[{\"@type\":\"ReadAction\",\"target\":[\"https:\\\/\\\/www.saopaulo.sp.leg.br\\\/apartes-anteriores\\\/revista-apartes\\\/numero-18\\\/apartes-18-notas\\\/\"]}]},{\"@type\":\"ImageObject\",\"inLanguage\":\"pt-BR\",\"@id\":\"https:\\\/\\\/www.saopaulo.sp.leg.br\\\/apartes-anteriores\\\/revista-apartes\\\/numero-18\\\/apartes-18-notas\\\/#primaryimage\",\"url\":\"https:\\\/\\\/homolog.saopaulo.sp.leg.br\\\/apartes-anteriores\\\/wp-content\\\/uploads\\\/sites\\\/9\\\/2016\\\/02\\\/apartes_N18_06.jpg\",\"contentUrl\":\"https:\\\/\\\/homolog.saopaulo.sp.leg.br\\\/apartes-anteriores\\\/wp-content\\\/uploads\\\/sites\\\/9\\\/2016\\\/02\\\/apartes_N18_06.jpg\",\"width\":1196,\"height\":658,\"caption\":\"teste\"},{\"@type\":\"BreadcrumbList\",\"@id\":\"https:\\\/\\\/www.saopaulo.sp.leg.br\\\/apartes-anteriores\\\/revista-apartes\\\/numero-18\\\/apartes-18-notas\\\/#breadcrumb\",\"itemListElement\":[{\"@type\":\"ListItem\",\"position\":1,\"name\":\"Home\",\"item\":\"https:\\\/\\\/www.saopaulo.sp.leg.br\\\/apartes-anteriores\\\/\"},{\"@type\":\"ListItem\",\"position\":2,\"name\":\"Revista Apartes\",\"item\":\"https:\\\/\\\/www.saopaulo.sp.leg.br\\\/apartes-anteriores\\\/\"},{\"@type\":\"ListItem\",\"position\":3,\"name\":\"N\u00famero 18 &#8211; jan-fev\\\/2016\",\"item\":\"https:\\\/\\\/www.saopaulo.sp.leg.br\\\/apartes-anteriores\\\/revista-apartes\\\/numero-18\\\/\"},{\"@type\":\"ListItem\",\"position\":4,\"name\":\"Notas\"}]},{\"@type\":\"WebSite\",\"@id\":\"https:\\\/\\\/homolog.saopaulo.sp.leg.br\\\/apartes-anteriores\\\/#website\",\"url\":\"https:\\\/\\\/homolog.saopaulo.sp.leg.br\\\/apartes-anteriores\\\/\",\"name\":\"Revista Apartes (edi\u00e7\u00f5es anteriores)\",\"description\":\"Revista Apartes (edi\u00e7\u00f5es anteriores)\",\"potentialAction\":[{\"@type\":\"SearchAction\",\"target\":{\"@type\":\"EntryPoint\",\"urlTemplate\":\"https:\\\/\\\/homolog.saopaulo.sp.leg.br\\\/apartes-anteriores\\\/?s={search_term_string}\"},\"query-input\":{\"@type\":\"PropertyValueSpecification\",\"valueRequired\":true,\"valueName\":\"search_term_string\"}}],\"inLanguage\":\"pt-BR\"}]}<\/script>\r\n<!-- \/ Yoast SEO plugin. -->","yoast_head_json":{"title":"Notas - Revista Apartes - Ed.18","description":"Notas - Revista Apartes - Edi\u00e7\u00e3o 18 - C\u00e2mara Municipal de S\u00e3o Paulo","robots":{"index":"noindex","follow":"follow","max-snippet":"max-snippet:-1","max-image-preview":"max-image-preview:large","max-video-preview":"max-video-preview:-1"},"og_locale":"pt_BR","og_type":"article","og_title":"Notas","og_description":"Notas","og_url":"https:\/\/www.saopaulo.sp.leg.br\/apartes-anteriores\/revista-apartes\/numero-18\/apartes-18-notas\/","og_site_name":"Revista Apartes (edi\u00e7\u00f5es anteriores)","article_publisher":"https:\/\/www.facebook.com\/RevistaApartes\/","article_modified_time":"2016-12-01T18:49:06+00:00","og_image":[{"url":"http:\/\/www.saopaulo.sp.leg.br\/apartes-anteriores\/wp-content\/uploads\/sites\/9\/2016\/02\/apartes_N18_06-1024x563.jpg","type":"","width":"","height":""}],"twitter_card":"summary_large_image","twitter_title":"Notas","twitter_description":"Notas","twitter_site":"@revistaapartes","twitter_misc":{"Est. tempo de leitura":"4 minutos"},"schema":{"@context":"https:\/\/schema.org","@graph":[{"@type":"WebPage","@id":"https:\/\/www.saopaulo.sp.leg.br\/apartes-anteriores\/revista-apartes\/numero-18\/apartes-18-notas\/","url":"https:\/\/www.saopaulo.sp.leg.br\/apartes-anteriores\/revista-apartes\/numero-18\/apartes-18-notas\/","name":"Notas - Revista Apartes - Ed.18","isPartOf":{"@id":"https:\/\/homolog.saopaulo.sp.leg.br\/apartes-anteriores\/#website"},"primaryImageOfPage":{"@id":"https:\/\/www.saopaulo.sp.leg.br\/apartes-anteriores\/revista-apartes\/numero-18\/apartes-18-notas\/#primaryimage"},"image":{"@id":"https:\/\/www.saopaulo.sp.leg.br\/apartes-anteriores\/revista-apartes\/numero-18\/apartes-18-notas\/#primaryimage"},"thumbnailUrl":"http:\/\/homolog.saopaulo.sp.leg.br\/apartes-anteriores\/wp-content\/uploads\/sites\/9\/2016\/02\/apartes_N18_06-1024x563.jpg","datePublished":"2016-02-24T19:49:23+00:00","dateModified":"2016-12-01T18:49:06+00:00","description":"Notas - Revista Apartes - Edi\u00e7\u00e3o 18 - C\u00e2mara Municipal de S\u00e3o Paulo","breadcrumb":{"@id":"https:\/\/www.saopaulo.sp.leg.br\/apartes-anteriores\/revista-apartes\/numero-18\/apartes-18-notas\/#breadcrumb"},"inLanguage":"pt-BR","potentialAction":[{"@type":"ReadAction","target":["https:\/\/www.saopaulo.sp.leg.br\/apartes-anteriores\/revista-apartes\/numero-18\/apartes-18-notas\/"]}]},{"@type":"ImageObject","inLanguage":"pt-BR","@id":"https:\/\/www.saopaulo.sp.leg.br\/apartes-anteriores\/revista-apartes\/numero-18\/apartes-18-notas\/#primaryimage","url":"https:\/\/homolog.saopaulo.sp.leg.br\/apartes-anteriores\/wp-content\/uploads\/sites\/9\/2016\/02\/apartes_N18_06.jpg","contentUrl":"https:\/\/homolog.saopaulo.sp.leg.br\/apartes-anteriores\/wp-content\/uploads\/sites\/9\/2016\/02\/apartes_N18_06.jpg","width":1196,"height":658,"caption":"teste"},{"@type":"BreadcrumbList","@id":"https:\/\/www.saopaulo.sp.leg.br\/apartes-anteriores\/revista-apartes\/numero-18\/apartes-18-notas\/#breadcrumb","itemListElement":[{"@type":"ListItem","position":1,"name":"Home","item":"https:\/\/www.saopaulo.sp.leg.br\/apartes-anteriores\/"},{"@type":"ListItem","position":2,"name":"Revista Apartes","item":"https:\/\/www.saopaulo.sp.leg.br\/apartes-anteriores\/"},{"@type":"ListItem","position":3,"name":"N\u00famero 18 &#8211; jan-fev\/2016","item":"https:\/\/www.saopaulo.sp.leg.br\/apartes-anteriores\/revista-apartes\/numero-18\/"},{"@type":"ListItem","position":4,"name":"Notas"}]},{"@type":"WebSite","@id":"https:\/\/homolog.saopaulo.sp.leg.br\/apartes-anteriores\/#website","url":"https:\/\/homolog.saopaulo.sp.leg.br\/apartes-anteriores\/","name":"Revista Apartes (edi\u00e7\u00f5es anteriores)","description":"Revista Apartes (edi\u00e7\u00f5es anteriores)","potentialAction":[{"@type":"SearchAction","target":{"@type":"EntryPoint","urlTemplate":"https:\/\/homolog.saopaulo.sp.leg.br\/apartes-anteriores\/?s={search_term_string}"},"query-input":{"@type":"PropertyValueSpecification","valueRequired":true,"valueName":"search_term_string"}}],"inLanguage":"pt-BR"}]}},"_links":{"self":[{"href":"https:\/\/homolog.saopaulo.sp.leg.br\/apartes-anteriores\/wp-json\/wp\/v2\/pages\/35442","targetHints":{"allow":["GET"]}}],"collection":[{"href":"https:\/\/homolog.saopaulo.sp.leg.br\/apartes-anteriores\/wp-json\/wp\/v2\/pages"}],"about":[{"href":"https:\/\/homolog.saopaulo.sp.leg.br\/apartes-anteriores\/wp-json\/wp\/v2\/types\/page"}],"author":[{"embeddable":true,"href":"https:\/\/homolog.saopaulo.sp.leg.br\/apartes-anteriores\/wp-json\/wp\/v2\/users\/109"}],"replies":[{"embeddable":true,"href":"https:\/\/homolog.saopaulo.sp.leg.br\/apartes-anteriores\/wp-json\/wp\/v2\/comments?post=35442"}],"version-history":[{"count":5,"href":"https:\/\/homolog.saopaulo.sp.leg.br\/apartes-anteriores\/wp-json\/wp\/v2\/pages\/35442\/revisions"}],"predecessor-version":[{"id":35554,"href":"https:\/\/homolog.saopaulo.sp.leg.br\/apartes-anteriores\/wp-json\/wp\/v2\/pages\/35442\/revisions\/35554"}],"up":[{"embeddable":true,"href":"https:\/\/homolog.saopaulo.sp.leg.br\/apartes-anteriores\/wp-json\/wp\/v2\/pages\/35437"}],"wp:attachment":[{"href":"https:\/\/homolog.saopaulo.sp.leg.br\/apartes-anteriores\/wp-json\/wp\/v2\/media?parent=35442"}],"curies":[{"name":"wp","href":"https:\/\/api.w.org\/{rel}","templated":true}]}}