{"id":35538,"date":"2016-02-24T19:37:29","date_gmt":"2016-02-24T22:37:29","guid":{"rendered":"http:\/\/homolog.saopaulo.sp.leg.br\/apartes-anteriores\/?page_id=35538"},"modified":"2016-12-01T16:32:58","modified_gmt":"2016-12-01T18:32:58","slug":"a-pedido-do-poeta","status":"publish","type":"page","link":"https:\/\/homolog.saopaulo.sp.leg.br\/apartes-anteriores\/revista-apartes\/numero-18\/a-pedido-do-poeta\/","title":{"rendered":"N\u00ba18 &#8211; Desarquivando"},"content":{"rendered":"<h1><span style=\"color: #993300\"><strong>A pedido do poeta<\/strong><\/span><\/h1>\n<h2>Um requerimento de Oswald de Andrade deu in\u00edcio ao processo de constru\u00e7\u00e3o da Pra\u00e7a Benedito Calixto<\/h2>\n<p><strong>Rodrigo Garcia<\/strong> | rodrigogarcia@saopaulo.sp.leg.br<\/p>\n<p>&nbsp;<\/p>\n<figure id=\"attachment_35458\" aria-describedby=\"caption-attachment-35458\" style=\"width: 226px\" class=\"wp-caption alignright\"><a href=\"http:\/\/homolog.saopaulo.sp.leg.br\/apartes-anteriores\/wp-content\/uploads\/sites\/9\/2016\/02\/apartes_N18_31.jpg\" rel=\"attachment wp-att-35458\"><img loading=\"lazy\" decoding=\"async\" class=\"size-medium wp-image-35458\" src=\"http:\/\/homolog.saopaulo.sp.leg.br\/apartes-anteriores\/wp-content\/uploads\/sites\/9\/2016\/02\/apartes_N18_31-226x300.jpg\" alt=\"ARTISTA - Oswald de Andrade foi um dos l\u00edderes do movimento modernista Foto: Divulga\u00e7\u00e3o\" width=\"226\" height=\"300\" srcset=\"https:\/\/homolog.saopaulo.sp.leg.br\/apartes-anteriores\/wp-content\/uploads\/sites\/9\/2016\/02\/apartes_N18_31-226x300.jpg 226w, https:\/\/homolog.saopaulo.sp.leg.br\/apartes-anteriores\/wp-content\/uploads\/sites\/9\/2016\/02\/apartes_N18_31.jpg 759w\" sizes=\"auto, (max-width: 226px) 100vw, 226px\" \/><\/a><figcaption id=\"caption-attachment-35458\" class=\"wp-caption-text\">ARTISTA &#8211; Oswald de Andrade foi um dos l\u00edderes do movimento modernista <br \/> Foto: Divulga\u00e7\u00e3o<\/figcaption><\/figure>\n<p>Em 1919, Jos\u00e9 Oswald de Souza Andrade era apenas um bacharel em direito rec\u00e9m-formado e amante das artes modernas. Em 30 de agosto daquele ano, o futuro l\u00edder do movimento modernista (iniciado em 1922) pagou uma taxa de mil r\u00e9is e protocolou um requerimento na C\u00e2mara Municipal de S\u00e3o Paulo (CMSP). O escritor solicitava que uma pra\u00e7a planejada para a Rua Mourato Coelho, na zona oeste, fosse constru\u00edda na Rua Lisboa, em frente \u00e0 Igreja do Calv\u00e1rio, no Bairro Cerqueira C\u00e9sar, tamb\u00e9m na zona oeste. O terreno da Mourato Coelho pertencia a Oswald, e segundo ele a mudan\u00e7a de local era um desejo dos moradores da regi\u00e3o.<\/p>\n<p>O pai do modernista, Jos\u00e9 Oswald Nogueira de Andrade, que morrera em fevereiro de 1919, foi o respons\u00e1vel pela cria\u00e7\u00e3o do bairro, em 1890. \u201cA Vila Cerqueira C\u00e9sar tinha sido aberta pelo esfor\u00e7o do meu pai\u201d, conta o filho orgulhoso em seu livro de mem\u00f3rias, <em>Um homem sem profiss\u00e3o<\/em>. Na obra, Oswald de Andrade lembra que o pai transformou a Ch\u00e1cara \u00c1gua Branca dos Pinheiros e o S\u00edtio Rio Verde em um bairro urbano e o nomeou em homenagem a Jos\u00e9 Alves Cerqueira C\u00e9sar, que foi presidente do Estado de S\u00e3o Paulo e um dos pol\u00edticos mais pr\u00f3ximos de Nogueira de Andrade.<\/p>\n<p>&nbsp;<\/p>\n<table>\n<tbody>\n<tr>\n<td width=\"691\">\n<p><figure id=\"attachment_35459\" aria-describedby=\"caption-attachment-35459\" style=\"width: 640px\" class=\"wp-caption aligncenter\"><a href=\"http:\/\/homolog.saopaulo.sp.leg.br\/apartes-anteriores\/wp-content\/uploads\/sites\/9\/2016\/02\/apartes_N18_32.jpg\" rel=\"attachment wp-att-35459\"><img loading=\"lazy\" decoding=\"async\" class=\"wp-image-35459 size-large\" src=\"http:\/\/homolog.saopaulo.sp.leg.br\/apartes-anteriores\/wp-content\/uploads\/sites\/9\/2016\/02\/apartes_N18_32-697x1024.jpg\" alt=\"Foto: Ricardo Rocha\/CMSP\" width=\"640\" height=\"940\" srcset=\"https:\/\/homolog.saopaulo.sp.leg.br\/apartes-anteriores\/wp-content\/uploads\/sites\/9\/2016\/02\/apartes_N18_32-697x1024.jpg 697w, https:\/\/homolog.saopaulo.sp.leg.br\/apartes-anteriores\/wp-content\/uploads\/sites\/9\/2016\/02\/apartes_N18_32-204x300.jpg 204w, https:\/\/homolog.saopaulo.sp.leg.br\/apartes-anteriores\/wp-content\/uploads\/sites\/9\/2016\/02\/apartes_N18_32-768x1129.jpg 768w, https:\/\/homolog.saopaulo.sp.leg.br\/apartes-anteriores\/wp-content\/uploads\/sites\/9\/2016\/02\/apartes_N18_32.jpg 1069w\" sizes=\"auto, (max-width: 640px) 100vw, 640px\" \/><\/a><figcaption id=\"caption-attachment-35459\" class=\"wp-caption-text\">Foto: Ricardo Rocha\/CMSP<\/figcaption><\/figure><\/td>\n<\/tr>\n<tr>\n<td width=\"691\">\n<h2><span style=\"color: #993300\"><strong>\u00cdntegra do requerimento de Oswald de Andrade*<\/strong><\/span><\/h2>\n<h4>Excelent\u00edssimo Senhor Presidente e mais membros da C\u00e2mara Municipal de S\u00e3o Paulo.<\/h4>\n<h4>O abaixo-assinado, atendendo \u00e0s solicita\u00e7\u00f5es dos moradores da Vila Cerqueira C\u00e9sar, vem propor que a pra\u00e7a que deve ser aberta na Rua Mourato Coelho, entre as Ruas Teodoro Sampaio e Artur Azevedo, nos termos da Resolu\u00e7\u00e3o n\u00ba 115, de 5 de mar\u00e7o de 1918, seja transferida para o local em frente \u00e0 Igreja do Calv\u00e1rio, tamb\u00e9m em terrenos de sua propriedade, prontificando-se o requerente a fazer as permutas que para isso forem necess\u00e1rias.<\/h4>\n<h4>Por ser de justi\u00e7a, pede deferimento.<\/h4>\n<h4>S\u00e3o Paulo 30 de agosto de 1919<\/h4>\n<h4>Jos\u00e9 Oswald de Souza Andrade<\/h4>\n<p><em>(*) A grafia foi atualizada<\/em><\/td>\n<\/tr>\n<\/tbody>\n<\/table>\n<p>&nbsp;<\/p>\n<p>Oswald conhecia a burocracia municipal, pois seu pai havia sido vereador de S\u00e3o Paulo quatro vezes, entre 1899 e 1914. \u201cEntre os projetos executados pela iniciativa de meu pai, ficaram o alargamento da Rua L\u00edbero Badar\u00f3, que era uma viela de mulheres p\u00fablicas, e o da constru\u00e7\u00e3o do Viaduto de Santa Ifig\u00eania\u201d, conta em <em>Um homem sem profiss\u00e3o<\/em>.<\/p>\n<p>A solicita\u00e7\u00e3o seguiu os tr\u00e2mites legais do Legislativo municipal, mas as decis\u00f5es n\u00e3o foram favor\u00e1veis ao escritor. Um parecer da Comiss\u00e3o de Justi\u00e7a, de 5 de mar\u00e7o de 1920, afirma que o requerimento cita solicita\u00e7\u00f5es \u201calegadas, mas n\u00e3o provadas\u201d dos moradores de Cerqueira C\u00e9sar. Os vereadores Rocha Azevedo e Armando Prado, membros da Comiss\u00e3o, informaram que o diretor de Obras da Prefeitura, \u201cap\u00f3s as precisas dilig\u00eancias\u201d, afirmara que o local sugerido \u201cn\u00e3o se presta absolutamente \u00e0 pra\u00e7a indicada\u201d.<\/p>\n<p>&nbsp;<\/p>\n<figure id=\"attachment_35552\" aria-describedby=\"caption-attachment-35552\" style=\"width: 640px\" class=\"wp-caption aligncenter\"><a href=\"http:\/\/homolog.saopaulo.sp.leg.br\/apartes-anteriores\/wp-content\/uploads\/sites\/9\/2016\/02\/apartes_N18_33a.jpg\" rel=\"attachment wp-att-35460\"><img loading=\"lazy\" decoding=\"async\" class=\"wp-image-35552 size-large\" src=\"http:\/\/homolog.saopaulo.sp.leg.br\/apartes-anteriores\/wp-content\/uploads\/sites\/9\/2016\/02\/apartes_N18_33a-657x1024.jpg\" alt=\"\" width=\"640\" height=\"998\" srcset=\"https:\/\/homolog.saopaulo.sp.leg.br\/apartes-anteriores\/wp-content\/uploads\/sites\/9\/2016\/02\/apartes_N18_33a-657x1024.jpg 657w, https:\/\/homolog.saopaulo.sp.leg.br\/apartes-anteriores\/wp-content\/uploads\/sites\/9\/2016\/02\/apartes_N18_33a-192x300.jpg 192w, https:\/\/homolog.saopaulo.sp.leg.br\/apartes-anteriores\/wp-content\/uploads\/sites\/9\/2016\/02\/apartes_N18_33a-768x1197.jpg 768w, https:\/\/homolog.saopaulo.sp.leg.br\/apartes-anteriores\/wp-content\/uploads\/sites\/9\/2016\/02\/apartes_N18_33a.jpg 1000w\" sizes=\"auto, (max-width: 640px) 100vw, 640px\" \/><\/a><figcaption id=\"caption-attachment-35552\" class=\"wp-caption-text\">PRA\u00c7A &#8211; Planta de 1919 mostra local sugerido por Oswald para a futura pra\u00e7a<br \/> Foto: Ricardo Rocha\/CMSP<\/figcaption><\/figure>\n<p>&nbsp;<\/p>\n<p>Por sua vez, as Comiss\u00f5es Reunidas de Obras e Finan\u00e7as declararam, em 31 de janeiro de 1921, que o local era \u201cde todo inconveniente\u201d e que a transfer\u00eancia seria \u201cmuito mais dispendiosa\u201d. Assim, o requerimento de Oswald de Andrade foi arquivado.<\/p>\n<h3>\u201cSOLU\u00c7\u00c3O VANTAJOSA\u201d<\/h3>\n<p>O pedido de Oswald foi engavetado, mas a ideia de uma pra\u00e7a em frente \u00e0 Igreja do Calv\u00e1rio continuou a ser analisada. Em 12 de janeiro de 1925, o vereador J\u00falio Silva apresentou um requerimento ao prefeito pedindo que ele regularizasse o trecho da Rua Lisboa, entre as Ruas Teodoro Sampaio e Cardeal Arcoverde, \u201ca fim de ser mantida a comunica\u00e7\u00e3o no local que hoje \u00e9 feita por uma travessa particular\u201d. Havia o risco de a liga\u00e7\u00e3o ser fechada.<\/p>\n<p>Em junho de 1925, o propriet\u00e1rio do terreno, Claudio de Souza, ofereceu \u00e0 Prefeitura uma faixa de terreno de 30 metros ao longo da Rua Lisboa, para que ali fosse constru\u00edda a pra\u00e7a. Atendendo a consulta das comiss\u00f5es de Obras e Finan\u00e7as, a Prefeitura respondeu que a solu\u00e7\u00e3o proposta por Souza era \u201cinteressante e vantajosa\u201d para o Munic\u00edpio sob dois aspectos: o bairro teria seu primeiro espa\u00e7o livre regularizado e a Rua Lisboa ganharia um perfil econ\u00f4mico, evitando que se transformasse em um grande aterro.<\/p>\n<p>&nbsp;<\/p>\n<figure id=\"attachment_35461\" aria-describedby=\"caption-attachment-35461\" style=\"width: 640px\" class=\"wp-caption aligncenter\"><a href=\"http:\/\/homolog.saopaulo.sp.leg.br\/apartes-anteriores\/wp-content\/uploads\/sites\/9\/2016\/02\/apartes_N18_34.jpg\" rel=\"attachment wp-att-35461\"><img loading=\"lazy\" decoding=\"async\" class=\"size-large wp-image-35461\" src=\"http:\/\/homolog.saopaulo.sp.leg.br\/apartes-anteriores\/wp-content\/uploads\/sites\/9\/2016\/02\/apartes_N18_34-1024x701.jpg\" alt=\"ATRA\u00c7\u00c3O - Feira de antiguidades na Pra\u00e7a Benedito Calixto Foto: Marcelo Iha\/SPTuris\" width=\"640\" height=\"438\" srcset=\"https:\/\/homolog.saopaulo.sp.leg.br\/apartes-anteriores\/wp-content\/uploads\/sites\/9\/2016\/02\/apartes_N18_34-1024x701.jpg 1024w, https:\/\/homolog.saopaulo.sp.leg.br\/apartes-anteriores\/wp-content\/uploads\/sites\/9\/2016\/02\/apartes_N18_34-300x205.jpg 300w, https:\/\/homolog.saopaulo.sp.leg.br\/apartes-anteriores\/wp-content\/uploads\/sites\/9\/2016\/02\/apartes_N18_34-768x525.jpg 768w, https:\/\/homolog.saopaulo.sp.leg.br\/apartes-anteriores\/wp-content\/uploads\/sites\/9\/2016\/02\/apartes_N18_34.jpg 1254w\" sizes=\"auto, (max-width: 640px) 100vw, 640px\" \/><\/a><figcaption id=\"caption-attachment-35461\" class=\"wp-caption-text\">ATRA\u00c7\u00c3O &#8211; Feira de antiguidades na Pra\u00e7a Benedito Calixto <br \/> Foto: Marcelo Iha\/SPTuris<\/figcaption><\/figure>\n<p>&nbsp;<\/p>\n<p>As Comiss\u00f5es ressaltaram que, com um pequeno gasto, a C\u00e2mara poderia reformar a pra\u00e7a e estabelecer, no novo Santu\u00e1rio que estava sendo constru\u00eddo pela Congrega\u00e7\u00e3o dos Padres Passionistas, uma sa\u00edda direta para a Rua Teodoro Sampaio. Assim, no dia 22 de agosto de 1925 a CMSP aprovou a doa\u00e7\u00e3o dos terrenos e a constru\u00e7\u00e3o da pra\u00e7a.<\/p>\n<p>Quase 11 anos depois, o Ato n\u00ba 1.065, de 16 de abril de 1936, assinado pelo prefeito F\u00e1bio da Silva Prado, determinou que a pra\u00e7a na Rua Lisboa iria se chamar Benedito Calixto, \u201cpintor paulista de larga proje\u00e7\u00e3o, que se salientou como decorador, principalmente de templos religiosos\u201d.<\/p>\n<p>A Pra\u00e7a Benedito Calixto \u00e9 bem conhecida dos paulistanos e dos turistas. Aos s\u00e1bados, das 9h \u00e0s 19h uma feira de antiguidades atrai grande p\u00fablico, que compra (ou apenas observa) vinis, lou\u00e7as, m\u00f3veis r\u00fasticos, brinquedos, livros e mais uma variedade de objetos. Tamb\u00e9m h\u00e1 uma pra\u00e7a de alimenta\u00e7\u00e3o com comidas e bebidas para todos os gostos, al\u00e9m de uma roda de chorinho.<\/p>\n","protected":false},"excerpt":{"rendered":"<p>A pedido do poeta Um requerimento de Oswald de Andrade deu in\u00edcio ao processo de constru\u00e7\u00e3o da Pra\u00e7a Benedito Calixto Rodrigo Garcia | rodrigogarcia@saopaulo.sp.leg.br &nbsp; Em 1919, Jos\u00e9 Oswald de Souza Andrade era apenas um bacharel em direito rec\u00e9m-formado e amante das artes modernas. Em 30 de agosto daquele ano, o futuro l\u00edder do movimento [&hellip;]<\/p>\n","protected":false},"author":109,"featured_media":0,"parent":35437,"menu_order":7,"comment_status":"closed","ping_status":"closed","template":"","meta":{"footnotes":""},"class_list":["post-35538","page","type-page","status-publish","hentry"],"meta_all":{"_edit_lock":["1480617043:109"],"_edit_last":["109"],"_wp_page_template":["default"],"_yoast_wpseo_bctitle":["A pedido do poeta"],"_cmsp_page_download-files":["a:1:{i:0;a:1:{s:4:\"type\";s:3:\"pdf\";}}"],"_yoast_wpseo_opengraph-title":["A pedido do poeta"],"_yoast_wpseo_opengraph-description":["Um requerimento de Oswald de Andrade deu in\u00edcio ao processo de constru\u00e7\u00e3o da Pra\u00e7a Benedito Calixto"],"_yoast_wpseo_twitter-title":["A pedido do poeta"],"_yoast_wpseo_twitter-description":["Um requerimento de Oswald de Andrade deu in\u00edcio ao processo de constru\u00e7\u00e3o da Pra\u00e7a Benedito Calixto"],"_yoast_wpseo_content_score":["30"]},"meta_all_2":{"_edit_lock":["1480617043:109"],"_edit_last":["109"],"_wp_page_template":["default"],"_yoast_wpseo_bctitle":["A pedido do poeta"],"_cmsp_page_download-files":["a:1:{i:0;a:1:{s:4:\"type\";s:3:\"pdf\";}}"],"_yoast_wpseo_opengraph-title":["A pedido do poeta"],"_yoast_wpseo_opengraph-description":["Um requerimento de Oswald de Andrade deu in\u00edcio ao processo de constru\u00e7\u00e3o da Pra\u00e7a Benedito Calixto"],"_yoast_wpseo_twitter-title":["A pedido do poeta"],"_yoast_wpseo_twitter-description":["Um requerimento de Oswald de Andrade deu in\u00edcio ao processo de constru\u00e7\u00e3o da Pra\u00e7a Benedito Calixto"],"_yoast_wpseo_content_score":["30"]},"yoast_head":"<!-- This site is optimized with the Yoast SEO plugin v27.4 - https:\/\/yoast.com\/product\/yoast-seo-wordpress\/ -->\r\n<title>N\u00ba18 - Desarquivando - Revista Apartes (edi\u00e7\u00f5es anteriores)<\/title>\r\n<meta name=\"robots\" content=\"noindex, follow, max-snippet:-1, max-image-preview:large, max-video-preview:-1\" \/>\r\n<meta property=\"og:locale\" content=\"pt_BR\" \/>\r\n<meta property=\"og:type\" content=\"article\" \/>\r\n<meta property=\"og:title\" content=\"A pedido do poeta\" \/>\r\n<meta property=\"og:description\" content=\"Um requerimento de Oswald de Andrade deu in\u00edcio ao processo de constru\u00e7\u00e3o da Pra\u00e7a Benedito Calixto\" \/>\r\n<meta property=\"og:url\" content=\"https:\/\/www.saopaulo.sp.leg.br\/apartes-anteriores\/revista-apartes\/numero-18\/a-pedido-do-poeta\/\" \/>\r\n<meta property=\"og:site_name\" content=\"Revista Apartes (edi\u00e7\u00f5es anteriores)\" \/>\r\n<meta property=\"article:publisher\" content=\"https:\/\/www.facebook.com\/RevistaApartes\/\" \/>\r\n<meta property=\"article:modified_time\" content=\"2016-12-01T18:32:58+00:00\" \/>\r\n<meta property=\"og:image\" content=\"http:\/\/www.saopaulo.sp.leg.br\/apartes-anteriores\/wp-content\/uploads\/sites\/9\/2016\/02\/apartes_N18_31-226x300.jpg\" \/>\r\n<meta name=\"twitter:card\" content=\"summary_large_image\" \/>\r\n<meta name=\"twitter:title\" content=\"A pedido do poeta\" \/>\r\n<meta name=\"twitter:description\" content=\"Um requerimento de Oswald de Andrade deu in\u00edcio ao processo de constru\u00e7\u00e3o da Pra\u00e7a Benedito Calixto\" \/>\r\n<meta name=\"twitter:site\" content=\"@revistaapartes\" \/>\r\n<meta name=\"twitter:label1\" content=\"Est. tempo de leitura\" \/>\n\t<meta name=\"twitter:data1\" content=\"5 minutos\" \/>\r\n<script type=\"application\/ld+json\" class=\"yoast-schema-graph\">{\"@context\":\"https:\\\/\\\/schema.org\",\"@graph\":[{\"@type\":\"WebPage\",\"@id\":\"https:\\\/\\\/www.saopaulo.sp.leg.br\\\/apartes-anteriores\\\/revista-apartes\\\/numero-18\\\/a-pedido-do-poeta\\\/\",\"url\":\"https:\\\/\\\/www.saopaulo.sp.leg.br\\\/apartes-anteriores\\\/revista-apartes\\\/numero-18\\\/a-pedido-do-poeta\\\/\",\"name\":\"N\u00ba18 - Desarquivando - Revista Apartes (edi\u00e7\u00f5es anteriores)\",\"isPartOf\":{\"@id\":\"https:\\\/\\\/homolog.saopaulo.sp.leg.br\\\/apartes-anteriores\\\/#website\"},\"primaryImageOfPage\":{\"@id\":\"https:\\\/\\\/www.saopaulo.sp.leg.br\\\/apartes-anteriores\\\/revista-apartes\\\/numero-18\\\/a-pedido-do-poeta\\\/#primaryimage\"},\"image\":{\"@id\":\"https:\\\/\\\/www.saopaulo.sp.leg.br\\\/apartes-anteriores\\\/revista-apartes\\\/numero-18\\\/a-pedido-do-poeta\\\/#primaryimage\"},\"thumbnailUrl\":\"http:\\\/\\\/homolog.saopaulo.sp.leg.br\\\/apartes-anteriores\\\/wp-content\\\/uploads\\\/sites\\\/9\\\/2016\\\/02\\\/apartes_N18_31-226x300.jpg\",\"datePublished\":\"2016-02-24T22:37:29+00:00\",\"dateModified\":\"2016-12-01T18:32:58+00:00\",\"breadcrumb\":{\"@id\":\"https:\\\/\\\/www.saopaulo.sp.leg.br\\\/apartes-anteriores\\\/revista-apartes\\\/numero-18\\\/a-pedido-do-poeta\\\/#breadcrumb\"},\"inLanguage\":\"pt-BR\",\"potentialAction\":[{\"@type\":\"ReadAction\",\"target\":[\"https:\\\/\\\/www.saopaulo.sp.leg.br\\\/apartes-anteriores\\\/revista-apartes\\\/numero-18\\\/a-pedido-do-poeta\\\/\"]}]},{\"@type\":\"ImageObject\",\"inLanguage\":\"pt-BR\",\"@id\":\"https:\\\/\\\/www.saopaulo.sp.leg.br\\\/apartes-anteriores\\\/revista-apartes\\\/numero-18\\\/a-pedido-do-poeta\\\/#primaryimage\",\"url\":\"https:\\\/\\\/homolog.saopaulo.sp.leg.br\\\/apartes-anteriores\\\/wp-content\\\/uploads\\\/sites\\\/9\\\/2016\\\/02\\\/apartes_N18_31.jpg\",\"contentUrl\":\"https:\\\/\\\/homolog.saopaulo.sp.leg.br\\\/apartes-anteriores\\\/wp-content\\\/uploads\\\/sites\\\/9\\\/2016\\\/02\\\/apartes_N18_31.jpg\",\"width\":759,\"height\":1006,\"caption\":\"ARTISTA - Oswald de Andrade foi um dos l\u00edderes do movimento modernista Foto: Divulga\u00e7\u00e3o\"},{\"@type\":\"BreadcrumbList\",\"@id\":\"https:\\\/\\\/www.saopaulo.sp.leg.br\\\/apartes-anteriores\\\/revista-apartes\\\/numero-18\\\/a-pedido-do-poeta\\\/#breadcrumb\",\"itemListElement\":[{\"@type\":\"ListItem\",\"position\":1,\"name\":\"Home\",\"item\":\"https:\\\/\\\/www.saopaulo.sp.leg.br\\\/apartes-anteriores\\\/\"},{\"@type\":\"ListItem\",\"position\":2,\"name\":\"Revista Apartes\",\"item\":\"https:\\\/\\\/www.saopaulo.sp.leg.br\\\/apartes-anteriores\\\/\"},{\"@type\":\"ListItem\",\"position\":3,\"name\":\"N\u00famero 18 &#8211; jan-fev\\\/2016\",\"item\":\"https:\\\/\\\/www.saopaulo.sp.leg.br\\\/apartes-anteriores\\\/revista-apartes\\\/numero-18\\\/\"},{\"@type\":\"ListItem\",\"position\":4,\"name\":\"A pedido do poeta\"}]},{\"@type\":\"WebSite\",\"@id\":\"https:\\\/\\\/homolog.saopaulo.sp.leg.br\\\/apartes-anteriores\\\/#website\",\"url\":\"https:\\\/\\\/homolog.saopaulo.sp.leg.br\\\/apartes-anteriores\\\/\",\"name\":\"Revista Apartes (edi\u00e7\u00f5es anteriores)\",\"description\":\"Revista Apartes (edi\u00e7\u00f5es anteriores)\",\"potentialAction\":[{\"@type\":\"SearchAction\",\"target\":{\"@type\":\"EntryPoint\",\"urlTemplate\":\"https:\\\/\\\/homolog.saopaulo.sp.leg.br\\\/apartes-anteriores\\\/?s={search_term_string}\"},\"query-input\":{\"@type\":\"PropertyValueSpecification\",\"valueRequired\":true,\"valueName\":\"search_term_string\"}}],\"inLanguage\":\"pt-BR\"}]}<\/script>\r\n<!-- \/ Yoast SEO plugin. -->","yoast_head_json":{"title":"N\u00ba18 - Desarquivando - Revista Apartes (edi\u00e7\u00f5es anteriores)","robots":{"index":"noindex","follow":"follow","max-snippet":"max-snippet:-1","max-image-preview":"max-image-preview:large","max-video-preview":"max-video-preview:-1"},"og_locale":"pt_BR","og_type":"article","og_title":"A pedido do poeta","og_description":"Um requerimento de Oswald de Andrade deu in\u00edcio ao processo de constru\u00e7\u00e3o da Pra\u00e7a Benedito Calixto","og_url":"https:\/\/www.saopaulo.sp.leg.br\/apartes-anteriores\/revista-apartes\/numero-18\/a-pedido-do-poeta\/","og_site_name":"Revista Apartes (edi\u00e7\u00f5es anteriores)","article_publisher":"https:\/\/www.facebook.com\/RevistaApartes\/","article_modified_time":"2016-12-01T18:32:58+00:00","og_image":[{"url":"http:\/\/www.saopaulo.sp.leg.br\/apartes-anteriores\/wp-content\/uploads\/sites\/9\/2016\/02\/apartes_N18_31-226x300.jpg","type":"","width":"","height":""}],"twitter_card":"summary_large_image","twitter_title":"A pedido do poeta","twitter_description":"Um requerimento de Oswald de Andrade deu in\u00edcio ao processo de constru\u00e7\u00e3o da Pra\u00e7a Benedito Calixto","twitter_site":"@revistaapartes","twitter_misc":{"Est. tempo de leitura":"5 minutos"},"schema":{"@context":"https:\/\/schema.org","@graph":[{"@type":"WebPage","@id":"https:\/\/www.saopaulo.sp.leg.br\/apartes-anteriores\/revista-apartes\/numero-18\/a-pedido-do-poeta\/","url":"https:\/\/www.saopaulo.sp.leg.br\/apartes-anteriores\/revista-apartes\/numero-18\/a-pedido-do-poeta\/","name":"N\u00ba18 - Desarquivando - Revista Apartes (edi\u00e7\u00f5es anteriores)","isPartOf":{"@id":"https:\/\/homolog.saopaulo.sp.leg.br\/apartes-anteriores\/#website"},"primaryImageOfPage":{"@id":"https:\/\/www.saopaulo.sp.leg.br\/apartes-anteriores\/revista-apartes\/numero-18\/a-pedido-do-poeta\/#primaryimage"},"image":{"@id":"https:\/\/www.saopaulo.sp.leg.br\/apartes-anteriores\/revista-apartes\/numero-18\/a-pedido-do-poeta\/#primaryimage"},"thumbnailUrl":"http:\/\/homolog.saopaulo.sp.leg.br\/apartes-anteriores\/wp-content\/uploads\/sites\/9\/2016\/02\/apartes_N18_31-226x300.jpg","datePublished":"2016-02-24T22:37:29+00:00","dateModified":"2016-12-01T18:32:58+00:00","breadcrumb":{"@id":"https:\/\/www.saopaulo.sp.leg.br\/apartes-anteriores\/revista-apartes\/numero-18\/a-pedido-do-poeta\/#breadcrumb"},"inLanguage":"pt-BR","potentialAction":[{"@type":"ReadAction","target":["https:\/\/www.saopaulo.sp.leg.br\/apartes-anteriores\/revista-apartes\/numero-18\/a-pedido-do-poeta\/"]}]},{"@type":"ImageObject","inLanguage":"pt-BR","@id":"https:\/\/www.saopaulo.sp.leg.br\/apartes-anteriores\/revista-apartes\/numero-18\/a-pedido-do-poeta\/#primaryimage","url":"https:\/\/homolog.saopaulo.sp.leg.br\/apartes-anteriores\/wp-content\/uploads\/sites\/9\/2016\/02\/apartes_N18_31.jpg","contentUrl":"https:\/\/homolog.saopaulo.sp.leg.br\/apartes-anteriores\/wp-content\/uploads\/sites\/9\/2016\/02\/apartes_N18_31.jpg","width":759,"height":1006,"caption":"ARTISTA - Oswald de Andrade foi um dos l\u00edderes do movimento modernista Foto: Divulga\u00e7\u00e3o"},{"@type":"BreadcrumbList","@id":"https:\/\/www.saopaulo.sp.leg.br\/apartes-anteriores\/revista-apartes\/numero-18\/a-pedido-do-poeta\/#breadcrumb","itemListElement":[{"@type":"ListItem","position":1,"name":"Home","item":"https:\/\/www.saopaulo.sp.leg.br\/apartes-anteriores\/"},{"@type":"ListItem","position":2,"name":"Revista Apartes","item":"https:\/\/www.saopaulo.sp.leg.br\/apartes-anteriores\/"},{"@type":"ListItem","position":3,"name":"N\u00famero 18 &#8211; jan-fev\/2016","item":"https:\/\/www.saopaulo.sp.leg.br\/apartes-anteriores\/revista-apartes\/numero-18\/"},{"@type":"ListItem","position":4,"name":"A pedido do poeta"}]},{"@type":"WebSite","@id":"https:\/\/homolog.saopaulo.sp.leg.br\/apartes-anteriores\/#website","url":"https:\/\/homolog.saopaulo.sp.leg.br\/apartes-anteriores\/","name":"Revista Apartes (edi\u00e7\u00f5es anteriores)","description":"Revista Apartes (edi\u00e7\u00f5es anteriores)","potentialAction":[{"@type":"SearchAction","target":{"@type":"EntryPoint","urlTemplate":"https:\/\/homolog.saopaulo.sp.leg.br\/apartes-anteriores\/?s={search_term_string}"},"query-input":{"@type":"PropertyValueSpecification","valueRequired":true,"valueName":"search_term_string"}}],"inLanguage":"pt-BR"}]}},"_links":{"self":[{"href":"https:\/\/homolog.saopaulo.sp.leg.br\/apartes-anteriores\/wp-json\/wp\/v2\/pages\/35538","targetHints":{"allow":["GET"]}}],"collection":[{"href":"https:\/\/homolog.saopaulo.sp.leg.br\/apartes-anteriores\/wp-json\/wp\/v2\/pages"}],"about":[{"href":"https:\/\/homolog.saopaulo.sp.leg.br\/apartes-anteriores\/wp-json\/wp\/v2\/types\/page"}],"author":[{"embeddable":true,"href":"https:\/\/homolog.saopaulo.sp.leg.br\/apartes-anteriores\/wp-json\/wp\/v2\/users\/109"}],"replies":[{"embeddable":true,"href":"https:\/\/homolog.saopaulo.sp.leg.br\/apartes-anteriores\/wp-json\/wp\/v2\/comments?post=35538"}],"version-history":[{"count":4,"href":"https:\/\/homolog.saopaulo.sp.leg.br\/apartes-anteriores\/wp-json\/wp\/v2\/pages\/35538\/revisions"}],"predecessor-version":[{"id":35553,"href":"https:\/\/homolog.saopaulo.sp.leg.br\/apartes-anteriores\/wp-json\/wp\/v2\/pages\/35538\/revisions\/35553"}],"up":[{"embeddable":true,"href":"https:\/\/homolog.saopaulo.sp.leg.br\/apartes-anteriores\/wp-json\/wp\/v2\/pages\/35437"}],"wp:attachment":[{"href":"https:\/\/homolog.saopaulo.sp.leg.br\/apartes-anteriores\/wp-json\/wp\/v2\/media?parent=35538"}],"curies":[{"name":"wp","href":"https:\/\/api.w.org\/{rel}","templated":true}]}}