{"id":35542,"date":"2016-02-24T19:46:25","date_gmt":"2016-02-24T22:46:25","guid":{"rendered":"http:\/\/homolog.saopaulo.sp.leg.br\/apartes-anteriores\/?page_id=35542"},"modified":"2016-12-01T16:35:11","modified_gmt":"2016-12-01T18:35:11","slug":"gcm-completa-30-anos","status":"publish","type":"page","link":"https:\/\/homolog.saopaulo.sp.leg.br\/apartes-anteriores\/revista-apartes\/numero-18\/gcm-completa-30-anos\/","title":{"rendered":"N\u00ba18 &#8211; Seguran\u00e7a"},"content":{"rendered":"<h1><span style=\"color: #993300\"><strong>GCM completa 30 anos<\/strong><\/span><\/h1>\n<h2>Criada por J\u00e2nio Quadros, corpora\u00e7\u00e3o iniciou com 150 agentes e armas emprestadas<\/h2>\n<p><strong>Gisele Machado<\/strong> | gisele@saopaulo.sp.leg.br<\/p>\n<figure id=\"attachment_35462\" aria-describedby=\"caption-attachment-35462\" style=\"width: 640px\" class=\"wp-caption aligncenter\"><a href=\"http:\/\/homolog.saopaulo.sp.leg.br\/apartes-anteriores\/wp-content\/uploads\/sites\/9\/2016\/02\/apartes_N18_35.jpg\" rel=\"attachment wp-att-35462\"><img loading=\"lazy\" decoding=\"async\" class=\"size-large wp-image-35462\" src=\"http:\/\/homolog.saopaulo.sp.leg.br\/apartes-anteriores\/wp-content\/uploads\/sites\/9\/2016\/02\/apartes_N18_35-928x1024.jpg\" alt=\"PASSADO - Formatura da primeira turma de guardas civis metropolitanos, em 1986 Foto: Guty\/SMSU\" width=\"640\" height=\"706\" srcset=\"https:\/\/homolog.saopaulo.sp.leg.br\/apartes-anteriores\/wp-content\/uploads\/sites\/9\/2016\/02\/apartes_N18_35-928x1024.jpg 928w, https:\/\/homolog.saopaulo.sp.leg.br\/apartes-anteriores\/wp-content\/uploads\/sites\/9\/2016\/02\/apartes_N18_35-272x300.jpg 272w, https:\/\/homolog.saopaulo.sp.leg.br\/apartes-anteriores\/wp-content\/uploads\/sites\/9\/2016\/02\/apartes_N18_35-768x847.jpg 768w, https:\/\/homolog.saopaulo.sp.leg.br\/apartes-anteriores\/wp-content\/uploads\/sites\/9\/2016\/02\/apartes_N18_35.jpg 1619w\" sizes=\"auto, (max-width: 640px) 100vw, 640px\" \/><\/a><figcaption id=\"caption-attachment-35462\" class=\"wp-caption-text\">PASSADO &#8211; Formatura da primeira turma de guardas civis metropolitanos, em 1986 <br \/> Foto: Guty\/SMSU<\/figcaption><\/figure>\n<p>&nbsp;<\/p>\n<p>Na campanha \u00e0 Prefeitura de 1985, o candidato J\u00e2nio Quadros prometeu devolver aos paulistanos uma vers\u00e3o municipal da extinta guarda civil estadual. \u201cA Pol\u00edcia Militar tinha uma atua\u00e7\u00e3o repressiva e as pessoas simpatizavam com o guarda de atua\u00e7\u00e3o comunit\u00e1ria, de fino trato, que interage e \u00e9 parceiro\u201d, lembra Paulo Jos\u00e9 Barbosa. Em fevereiro de 1986, ele era um militar reformado e foi contratado para treinar os primeiros guardas civis metropolitanos de S\u00e3o Paulo, ajudando J\u00e2nio, que j\u00e1 tinha assumido como prefeito, a cumprir sua promessa.<\/p>\n<p>A cria\u00e7\u00e3o oficial da Guarda Civil Metropolitana (GCM) ocorreria meses depois, com a Lei 10.115\/1986, proposta pelo Executivo. A primeira turma tinha 150 agentes e portava armas emprestadas pelo Ex\u00e9rcito. Segundo a lei, a corpora\u00e7\u00e3o deveria vigiar os bens municipais de uso comum e colaborar na seguran\u00e7a p\u00fablica, com compet\u00eancia para o policiamento e fiscaliza\u00e7\u00e3o do tr\u00e2nsito. Na pr\u00e1tica, as atribui\u00e7\u00f5es tamb\u00e9m inclu\u00edam orientar turistas estrangeiros que visitavam o Parque Ibirapuera, ensinar hist\u00f3ria aos visitantes do Parque da Independ\u00eancia e combater o trabalho e a explora\u00e7\u00e3o infantis.<\/p>\n<p>\u201cPara atender a essas demandas, a GCM tinha corpo altamente qualificado, recrutava pessoas com o ensino m\u00e9dio completo, enquanto as outras guardas pediam apenas o ensino fundamental\u201d, diz Barbosa, que entrou oficialmente para a GCM no primeiro concurso e agora trabalha no Subcomando da corpora\u00e7\u00e3o. At\u00e9 hoje, a sele\u00e7\u00e3o p\u00fablica para integrar a GCM exige habilidades de relacionamento interpessoal elevadas, com \u201catitudes interativas\u201d e \u201cmenos reservadas\u201d, al\u00e9m de boa capacidade de media\u00e7\u00e3o de conflitos.<\/p>\n<p>Atualmente, a GCM paulistana tem 6.200 homens e mulheres, que mant\u00eam a orienta\u00e7\u00e3o preventiva e comunit\u00e1ria, mas adaptou algumas atividades ao aumento das demandas. O atendimento a estrangeiros, por exemplo, \u00e9 feito pelos integrantes poliglotas apenas em eventos espec\u00edficos, como carnaval e corridas de F\u00f3rmula 1. Mas as principais atividades dos guardas civis s\u00e3o os programas de policiamento escolar, combate ao com\u00e9rcio ambulante ilegal, prote\u00e7\u00e3o dos agentes e do patrim\u00f4nio p\u00fablico, prote\u00e7\u00e3o ambiental e prote\u00e7\u00e3o e encaminhamento das pessoas em situa\u00e7\u00e3o de risco.<\/p>\n<p>&nbsp;<\/p>\n<figure id=\"attachment_35463\" aria-describedby=\"caption-attachment-35463\" style=\"width: 640px\" class=\"wp-caption aligncenter\"><a href=\"http:\/\/homolog.saopaulo.sp.leg.br\/apartes-anteriores\/wp-content\/uploads\/sites\/9\/2016\/02\/apartes_N18_36.jpg\" rel=\"attachment wp-att-35463\"><img loading=\"lazy\" decoding=\"async\" class=\"size-large wp-image-35463\" src=\"http:\/\/homolog.saopaulo.sp.leg.br\/apartes-anteriores\/wp-content\/uploads\/sites\/9\/2016\/02\/apartes_N18_36-1024x647.jpg\" alt=\"PRESENTE - Vereadores e GCMs na entrega da Medalha J\u00e2nio Quadros de 2015 Foto: Equipe de Even-tos\/CMSP\" width=\"640\" height=\"404\" srcset=\"https:\/\/homolog.saopaulo.sp.leg.br\/apartes-anteriores\/wp-content\/uploads\/sites\/9\/2016\/02\/apartes_N18_36-1024x647.jpg 1024w, https:\/\/homolog.saopaulo.sp.leg.br\/apartes-anteriores\/wp-content\/uploads\/sites\/9\/2016\/02\/apartes_N18_36-300x190.jpg 300w, https:\/\/homolog.saopaulo.sp.leg.br\/apartes-anteriores\/wp-content\/uploads\/sites\/9\/2016\/02\/apartes_N18_36-768x485.jpg 768w, https:\/\/homolog.saopaulo.sp.leg.br\/apartes-anteriores\/wp-content\/uploads\/sites\/9\/2016\/02\/apartes_N18_36.jpg 1193w\" sizes=\"auto, (max-width: 640px) 100vw, 640px\" \/><\/a><figcaption id=\"caption-attachment-35463\" class=\"wp-caption-text\">PRESENTE &#8211; Vereadores e GCMs na entrega da Medalha J\u00e2nio Quadros de 2015 <br \/> Foto: Equipe de Eventos\/CMSP<\/figcaption><\/figure>\n<p>&nbsp;<\/p>\n<p>Os GCMs ainda ajudam em programas sociais como o Bra\u00e7os Abertos, criado pela Prefeitura para resgate social de usu\u00e1rios de crack, por meio de trabalho remunerado, na regi\u00e3o da Luz, no centro de S\u00e3o Paulo. A Guarda Civil \u00e9 tamb\u00e9m a gestora do projeto Guardi\u00e3 Maria da Penha, uma parceria entre o Executivo paulistano e o Minist\u00e9rio P\u00fablico estadual para acolher e orientar mulheres em situa\u00e7\u00e3o de viol\u00eancia. Outra das fun\u00e7\u00f5es \u00e9 mediar desentendimentos, como brigas de vizinhos, nas Casas de Media\u00e7\u00e3o de Conflitos abrigadas nas pr\u00f3prias instala\u00e7\u00f5es da Guarda Civil Metropolitana em S\u00e3o Paulo.<\/p>\n<h3>FORTALECIMENTO<\/h3>\n<p>\u00c0s v\u00e9speras de comemorar seu trig\u00e9simo anivers\u00e1rio, a corpora\u00e7\u00e3o vinha se enfraquecendo com a falta de um plano de carreira. \u201cAo longo de uma d\u00e9cada, o efetivo ficou condensado em alguns cargos, enquanto os mais altos estavam vazios devido \u00e0s dificuldades que uma lei de 2004 impunha \u00e0 ascens\u00e3o\u201d, explica o presidente do Sindicato dos Guardas Civis Metropolitanos de S\u00e3o Paulo (Sindiguardas-SP), Cl\u00f3vis Roberto Pereira. Por isso, ele menciona que a Lei 16.239\/2015, votada na C\u00e2mara Municipal de S\u00e3o Paulo (CMSP) para criar um plano de carreira para a GCM, foi a mais relevante dos \u00faltimos anos. Segundo o sindicalista, a legisla\u00e7\u00e3o j\u00e1 surte efeitos: \u201cmuita gente come\u00e7ou a subir na carreira e, neste ano, mais colegas ser\u00e3o promovidos\u201d.<\/p>\n<p>Tamb\u00e9m comemorada pela corpora\u00e7\u00e3o, a Emenda \u00e0 Lei Org\u00e2nica 3\/2015, do Executivo, dispensa a necessidade de comprovar preju\u00edzo \u00e0 sa\u00fade ou integridade f\u00edsica para recebimento de aposentadoria especial na GCM, bastando considerar que se trata de atividade de risco. O regime diferenciado de aposentadoria, sem exig\u00eancia de idade m\u00ednima, havia sido aprovado pela CMSP dois anos antes, por meio de proposta dos vereadores Abou Anni (PV) e Edir Sales (PSD).<\/p>\n<p>Em 2014, a C\u00e2mara aprovou outras duas leis do Executivo para valorizar a GCM. Uma delas regulamenta a atividade complementar, ao prever pagamento para o trabalho extra na pr\u00f3pria corpora\u00e7\u00e3o. A segunda legisla\u00e7\u00e3o estabeleceu os reajustes anuais da categoria a partir de 2014. \u201cA grande vantagem de essa lei ter sido aprovada em 2014 \u00e9 que, apesar da crise, nos deu a seguran\u00e7a de j\u00e1 prever o reajuste de 2016\u201d, diz Pereira. Neste ano, o reajuste acordado \u00e9 de 10,26%.<\/p>\n<p>&nbsp;<\/p>\n<figure id=\"attachment_35464\" aria-describedby=\"caption-attachment-35464\" style=\"width: 640px\" class=\"wp-caption aligncenter\"><a href=\"http:\/\/homolog.saopaulo.sp.leg.br\/apartes-anteriores\/wp-content\/uploads\/sites\/9\/2016\/02\/apartes_N18_37.jpg\" rel=\"attachment wp-att-35464\"><img loading=\"lazy\" decoding=\"async\" class=\"size-large wp-image-35464\" src=\"http:\/\/homolog.saopaulo.sp.leg.br\/apartes-anteriores\/wp-content\/uploads\/sites\/9\/2016\/02\/apartes_N18_37-1024x691.jpg\" alt=\"PROTE\u00c7\u00c3O - Guarda Civil durante ronda em escola paulistana, na d\u00e9cada de 1980 Foto: Guty\/SMSU\" width=\"640\" height=\"432\" srcset=\"https:\/\/homolog.saopaulo.sp.leg.br\/apartes-anteriores\/wp-content\/uploads\/sites\/9\/2016\/02\/apartes_N18_37-1024x691.jpg 1024w, https:\/\/homolog.saopaulo.sp.leg.br\/apartes-anteriores\/wp-content\/uploads\/sites\/9\/2016\/02\/apartes_N18_37-300x203.jpg 300w, https:\/\/homolog.saopaulo.sp.leg.br\/apartes-anteriores\/wp-content\/uploads\/sites\/9\/2016\/02\/apartes_N18_37-768x518.jpg 768w, https:\/\/homolog.saopaulo.sp.leg.br\/apartes-anteriores\/wp-content\/uploads\/sites\/9\/2016\/02\/apartes_N18_37.jpg 1305w\" sizes=\"auto, (max-width: 640px) 100vw, 640px\" \/><\/a><figcaption id=\"caption-attachment-35464\" class=\"wp-caption-text\">PROTE\u00c7\u00c3O &#8211; Guarda Civil durante ronda em escola paulistana, na d\u00e9cada de 1980 <br \/> Foto: Guty\/SMSU<\/figcaption><\/figure>\n<p>&nbsp;<\/p>\n<p>Outro dos benef\u00edcios aprovados \u00e9 de 2013, proposto pelo vereador Ari Friedenbach (PHS), que atualizou para R$ 200 mil o seguro pago \u00e0 fam\u00edlia em caso de morte do GCM, tamb\u00e9m para equiparar ao valor vigente para as pol\u00edcias Civil e Militar. Em janeiro de 2016, o projeto foi aprovado e transformou-se na Lei 16.347.<\/p>\n<p>Para o comandante-geral da corpora\u00e7\u00e3o, Gilson Pereira de Menezes, os \u00faltimos tr\u00eas anos foram os mais marcantes na valoriza\u00e7\u00e3o da categoria. Segundo ele, \u201cnada poderia se materializar se n\u00e3o fosse o empenho e o respeito que os vereadores tiveram com a Guarda Civil Metropolitana\u201d.<\/p>\n<h3>HONRARIAS<\/h3>\n<p>A lei que criou a GCM, em 1986, foi assinada em 15 de setembro. Anualmente, nesse dia (ou na data \u00fatil subsequente), os membros da Guarda de destaque s\u00e3o reconhecidos pela C\u00e2mara com a Medalha e o Diploma J\u00e2nio Quadros, por indica\u00e7\u00e3o do comandante-geral da Guarda e com a aprova\u00e7\u00e3o dos vereadores. A resolu\u00e7\u00e3o que deu origem \u00e0 honraria foi proposta pelo ex-vereador Coronel Telhada, em 2014. A premia\u00e7\u00e3o come\u00e7ou a ser distribu\u00edda naquele ano. \u201cProfissionais de seguran\u00e7a p\u00fablica que arriscam sua pr\u00f3pria vida, lutando diuturnamente em defesa dos mun\u00edcipes e pela paz social, merecem ter seu reconhecimento por toda a sociedade paulistana\u201d, diz Telhada na justificativa da proposta.<\/p>\n<p>Um dos profissionais premiados em 2015 foi Wagner de Louren\u00e7o, que resgatou uma crian\u00e7a rec\u00e9m-nascida de uma lixeira, no bairro da Luz, e a encaminhou \u00e0 Santa Casa de Miseric\u00f3rdia. Tamb\u00e9m homenageado, Aguinaldo Aparecido de Oliveira fez uma apreens\u00e3o de 109 pedras de crack no centro de S\u00e3o Paulo.<\/p>\n<p>Outra honraria concedida pela C\u00e2mara relativa \u00e0 GCM \u00e9 a Medalha Tiradentes, proposta pelo ex-vereador William Woo em 2001 e destinada a policiais civis e militares de destaque.<\/p>\n<p>A inspetoria da Guarda Civil Metropolitana na C\u00e2mara Municipal completar\u00e1 uma d\u00e9cada no ano que vem. No Pal\u00e1cio Anchieta, sede da CMSP, trabalham 78 GCMs, cuja prioridade \u00e9 monitorar os acessos ao pr\u00e9dio, ao Plen\u00e1rio e \u00e0s salas com eventos fechados, para resguardar o patrim\u00f4nio e as atividades desenvolvidas no Legislativo. \u201cO acesso dos cidad\u00e3os \u00e9 livre e a orienta\u00e7\u00e3o dada aos guardas civis \u00e9 de que essa \u00e9 a casa do povo\u201d, explica o comandante Vagner Oscar Rufino, respons\u00e1vel pelos guardas civis da C\u00e2mara. Somente em situa\u00e7\u00f5es at\u00edpicas, como manifesta\u00e7\u00f5es, a GCM e a Pol\u00edcia Militar fazem o controle do acesso de pessoas ao pr\u00e9dio.<\/p>\n<p>Os guardas civis tamb\u00e9m fazem parte das a\u00e7\u00f5es externas promovidas pelos vereadores, como as audi\u00eancias p\u00fablicas da Lei de Zoneamento e o C\u00e2mara no seu Bairro, que no ano passado levou sess\u00f5es p\u00fablicas legislativas \u00e0s regi\u00f5es das 32 Subprefeituras paulistanas.<\/p>\n<h3><span style=\"color: #993300\"><strong>SERVI\u00c7O<\/strong><\/span><\/h3>\n<p>Central de telecomunica\u00e7\u00f5es da GCM &#8211; <strong>Telefone: 153<br \/>\n<\/strong>D\u00e1 informa\u00e7\u00f5es sobre media\u00e7\u00e3o de conflitos, recolhimento de armas, resgate de animais silvestres e outros servi\u00e7os<\/p>\n","protected":false},"excerpt":{"rendered":"<p>GCM completa 30 anos Criada por J\u00e2nio Quadros, corpora\u00e7\u00e3o iniciou com 150 agentes e armas emprestadas Gisele Machado | gisele@saopaulo.sp.leg.br &nbsp; Na campanha \u00e0 Prefeitura de 1985, o candidato J\u00e2nio Quadros prometeu devolver aos paulistanos uma vers\u00e3o municipal da extinta guarda civil estadual. \u201cA Pol\u00edcia Militar tinha uma atua\u00e7\u00e3o repressiva e as pessoas simpatizavam com [&hellip;]<\/p>\n","protected":false},"author":109,"featured_media":0,"parent":35437,"menu_order":8,"comment_status":"closed","ping_status":"closed","template":"","meta":{"footnotes":""},"class_list":["post-35542","page","type-page","status-publish","hentry"],"meta_all":{"_edit_lock":["1480617193:109"],"_edit_last":["109"],"_wp_page_template":["default"],"_yoast_wpseo_bctitle":["GCM completa 30 anos"],"_cmsp_page_download-files":["a:1:{i:0;a:1:{s:4:\"type\";s:3:\"pdf\";}}"],"_yoast_wpseo_opengraph-title":["GCM completa 30 anos"],"_yoast_wpseo_opengraph-description":["Criada por J\u00e2nio Quadros, corpora\u00e7\u00e3o iniciou com 150 agentes e armas emprestadas"],"_yoast_wpseo_twitter-title":["GCM completa 30 anos"],"_yoast_wpseo_twitter-description":["Criada por J\u00e2nio Quadros, corpora\u00e7\u00e3o iniciou com 150 agentes e armas emprestadas"],"_yoast_wpseo_content_score":["30"]},"meta_all_2":{"_edit_lock":["1480617193:109"],"_edit_last":["109"],"_wp_page_template":["default"],"_yoast_wpseo_bctitle":["GCM completa 30 anos"],"_cmsp_page_download-files":["a:1:{i:0;a:1:{s:4:\"type\";s:3:\"pdf\";}}"],"_yoast_wpseo_opengraph-title":["GCM completa 30 anos"],"_yoast_wpseo_opengraph-description":["Criada por J\u00e2nio Quadros, corpora\u00e7\u00e3o iniciou com 150 agentes e armas emprestadas"],"_yoast_wpseo_twitter-title":["GCM completa 30 anos"],"_yoast_wpseo_twitter-description":["Criada por J\u00e2nio Quadros, corpora\u00e7\u00e3o iniciou com 150 agentes e armas emprestadas"],"_yoast_wpseo_content_score":["30"]},"yoast_head":"<!-- This site is optimized with the Yoast SEO plugin v27.4 - https:\/\/yoast.com\/product\/yoast-seo-wordpress\/ -->\r\n<title>N\u00ba18 - Seguran\u00e7a - Revista Apartes (edi\u00e7\u00f5es anteriores)<\/title>\r\n<meta name=\"robots\" content=\"noindex, follow, max-snippet:-1, max-image-preview:large, max-video-preview:-1\" \/>\r\n<meta property=\"og:locale\" content=\"pt_BR\" \/>\r\n<meta property=\"og:type\" content=\"article\" \/>\r\n<meta property=\"og:title\" content=\"GCM completa 30 anos\" \/>\r\n<meta property=\"og:description\" content=\"Criada por J\u00e2nio Quadros, corpora\u00e7\u00e3o iniciou com 150 agentes e armas emprestadas\" \/>\r\n<meta property=\"og:url\" content=\"https:\/\/www.saopaulo.sp.leg.br\/apartes-anteriores\/revista-apartes\/numero-18\/gcm-completa-30-anos\/\" \/>\r\n<meta property=\"og:site_name\" content=\"Revista Apartes (edi\u00e7\u00f5es anteriores)\" \/>\r\n<meta property=\"article:publisher\" content=\"https:\/\/www.facebook.com\/RevistaApartes\/\" \/>\r\n<meta property=\"article:modified_time\" content=\"2016-12-01T18:35:11+00:00\" \/>\r\n<meta property=\"og:image\" content=\"http:\/\/www.saopaulo.sp.leg.br\/apartes-anteriores\/wp-content\/uploads\/sites\/9\/2016\/02\/apartes_N18_35-928x1024.jpg\" \/>\r\n<meta name=\"twitter:card\" content=\"summary_large_image\" \/>\r\n<meta name=\"twitter:title\" content=\"GCM completa 30 anos\" \/>\r\n<meta name=\"twitter:description\" content=\"Criada por J\u00e2nio Quadros, corpora\u00e7\u00e3o iniciou com 150 agentes e armas emprestadas\" \/>\r\n<meta name=\"twitter:site\" content=\"@revistaapartes\" \/>\r\n<meta name=\"twitter:label1\" content=\"Est. tempo de leitura\" \/>\n\t<meta name=\"twitter:data1\" content=\"7 minutos\" \/>\r\n<script type=\"application\/ld+json\" class=\"yoast-schema-graph\">{\"@context\":\"https:\\\/\\\/schema.org\",\"@graph\":[{\"@type\":\"WebPage\",\"@id\":\"https:\\\/\\\/www.saopaulo.sp.leg.br\\\/apartes-anteriores\\\/revista-apartes\\\/numero-18\\\/gcm-completa-30-anos\\\/\",\"url\":\"https:\\\/\\\/www.saopaulo.sp.leg.br\\\/apartes-anteriores\\\/revista-apartes\\\/numero-18\\\/gcm-completa-30-anos\\\/\",\"name\":\"N\u00ba18 - Seguran\u00e7a - Revista Apartes (edi\u00e7\u00f5es anteriores)\",\"isPartOf\":{\"@id\":\"https:\\\/\\\/homolog.saopaulo.sp.leg.br\\\/apartes-anteriores\\\/#website\"},\"primaryImageOfPage\":{\"@id\":\"https:\\\/\\\/www.saopaulo.sp.leg.br\\\/apartes-anteriores\\\/revista-apartes\\\/numero-18\\\/gcm-completa-30-anos\\\/#primaryimage\"},\"image\":{\"@id\":\"https:\\\/\\\/www.saopaulo.sp.leg.br\\\/apartes-anteriores\\\/revista-apartes\\\/numero-18\\\/gcm-completa-30-anos\\\/#primaryimage\"},\"thumbnailUrl\":\"http:\\\/\\\/homolog.saopaulo.sp.leg.br\\\/apartes-anteriores\\\/wp-content\\\/uploads\\\/sites\\\/9\\\/2016\\\/02\\\/apartes_N18_35-928x1024.jpg\",\"datePublished\":\"2016-02-24T22:46:25+00:00\",\"dateModified\":\"2016-12-01T18:35:11+00:00\",\"breadcrumb\":{\"@id\":\"https:\\\/\\\/www.saopaulo.sp.leg.br\\\/apartes-anteriores\\\/revista-apartes\\\/numero-18\\\/gcm-completa-30-anos\\\/#breadcrumb\"},\"inLanguage\":\"pt-BR\",\"potentialAction\":[{\"@type\":\"ReadAction\",\"target\":[\"https:\\\/\\\/www.saopaulo.sp.leg.br\\\/apartes-anteriores\\\/revista-apartes\\\/numero-18\\\/gcm-completa-30-anos\\\/\"]}]},{\"@type\":\"ImageObject\",\"inLanguage\":\"pt-BR\",\"@id\":\"https:\\\/\\\/www.saopaulo.sp.leg.br\\\/apartes-anteriores\\\/revista-apartes\\\/numero-18\\\/gcm-completa-30-anos\\\/#primaryimage\",\"url\":\"https:\\\/\\\/homolog.saopaulo.sp.leg.br\\\/apartes-anteriores\\\/wp-content\\\/uploads\\\/sites\\\/9\\\/2016\\\/02\\\/apartes_N18_35.jpg\",\"contentUrl\":\"https:\\\/\\\/homolog.saopaulo.sp.leg.br\\\/apartes-anteriores\\\/wp-content\\\/uploads\\\/sites\\\/9\\\/2016\\\/02\\\/apartes_N18_35.jpg\",\"width\":1619,\"height\":1786,\"caption\":\"PASSADO - Formatura da primeira turma de guardas civis metropolitanos, em 1986 Foto: Guty\\\/SMSU\"},{\"@type\":\"BreadcrumbList\",\"@id\":\"https:\\\/\\\/www.saopaulo.sp.leg.br\\\/apartes-anteriores\\\/revista-apartes\\\/numero-18\\\/gcm-completa-30-anos\\\/#breadcrumb\",\"itemListElement\":[{\"@type\":\"ListItem\",\"position\":1,\"name\":\"Home\",\"item\":\"https:\\\/\\\/www.saopaulo.sp.leg.br\\\/apartes-anteriores\\\/\"},{\"@type\":\"ListItem\",\"position\":2,\"name\":\"Revista Apartes\",\"item\":\"https:\\\/\\\/www.saopaulo.sp.leg.br\\\/apartes-anteriores\\\/\"},{\"@type\":\"ListItem\",\"position\":3,\"name\":\"N\u00famero 18 &#8211; jan-fev\\\/2016\",\"item\":\"https:\\\/\\\/www.saopaulo.sp.leg.br\\\/apartes-anteriores\\\/revista-apartes\\\/numero-18\\\/\"},{\"@type\":\"ListItem\",\"position\":4,\"name\":\"GCM completa 30 anos\"}]},{\"@type\":\"WebSite\",\"@id\":\"https:\\\/\\\/homolog.saopaulo.sp.leg.br\\\/apartes-anteriores\\\/#website\",\"url\":\"https:\\\/\\\/homolog.saopaulo.sp.leg.br\\\/apartes-anteriores\\\/\",\"name\":\"Revista Apartes (edi\u00e7\u00f5es anteriores)\",\"description\":\"Revista Apartes (edi\u00e7\u00f5es anteriores)\",\"potentialAction\":[{\"@type\":\"SearchAction\",\"target\":{\"@type\":\"EntryPoint\",\"urlTemplate\":\"https:\\\/\\\/homolog.saopaulo.sp.leg.br\\\/apartes-anteriores\\\/?s={search_term_string}\"},\"query-input\":{\"@type\":\"PropertyValueSpecification\",\"valueRequired\":true,\"valueName\":\"search_term_string\"}}],\"inLanguage\":\"pt-BR\"}]}<\/script>\r\n<!-- \/ Yoast SEO plugin. -->","yoast_head_json":{"title":"N\u00ba18 - Seguran\u00e7a - Revista Apartes (edi\u00e7\u00f5es anteriores)","robots":{"index":"noindex","follow":"follow","max-snippet":"max-snippet:-1","max-image-preview":"max-image-preview:large","max-video-preview":"max-video-preview:-1"},"og_locale":"pt_BR","og_type":"article","og_title":"GCM completa 30 anos","og_description":"Criada por J\u00e2nio Quadros, corpora\u00e7\u00e3o iniciou com 150 agentes e armas emprestadas","og_url":"https:\/\/www.saopaulo.sp.leg.br\/apartes-anteriores\/revista-apartes\/numero-18\/gcm-completa-30-anos\/","og_site_name":"Revista Apartes (edi\u00e7\u00f5es anteriores)","article_publisher":"https:\/\/www.facebook.com\/RevistaApartes\/","article_modified_time":"2016-12-01T18:35:11+00:00","og_image":[{"url":"http:\/\/www.saopaulo.sp.leg.br\/apartes-anteriores\/wp-content\/uploads\/sites\/9\/2016\/02\/apartes_N18_35-928x1024.jpg","type":"","width":"","height":""}],"twitter_card":"summary_large_image","twitter_title":"GCM completa 30 anos","twitter_description":"Criada por J\u00e2nio Quadros, corpora\u00e7\u00e3o iniciou com 150 agentes e armas emprestadas","twitter_site":"@revistaapartes","twitter_misc":{"Est. tempo de leitura":"7 minutos"},"schema":{"@context":"https:\/\/schema.org","@graph":[{"@type":"WebPage","@id":"https:\/\/www.saopaulo.sp.leg.br\/apartes-anteriores\/revista-apartes\/numero-18\/gcm-completa-30-anos\/","url":"https:\/\/www.saopaulo.sp.leg.br\/apartes-anteriores\/revista-apartes\/numero-18\/gcm-completa-30-anos\/","name":"N\u00ba18 - Seguran\u00e7a - Revista Apartes (edi\u00e7\u00f5es anteriores)","isPartOf":{"@id":"https:\/\/homolog.saopaulo.sp.leg.br\/apartes-anteriores\/#website"},"primaryImageOfPage":{"@id":"https:\/\/www.saopaulo.sp.leg.br\/apartes-anteriores\/revista-apartes\/numero-18\/gcm-completa-30-anos\/#primaryimage"},"image":{"@id":"https:\/\/www.saopaulo.sp.leg.br\/apartes-anteriores\/revista-apartes\/numero-18\/gcm-completa-30-anos\/#primaryimage"},"thumbnailUrl":"http:\/\/homolog.saopaulo.sp.leg.br\/apartes-anteriores\/wp-content\/uploads\/sites\/9\/2016\/02\/apartes_N18_35-928x1024.jpg","datePublished":"2016-02-24T22:46:25+00:00","dateModified":"2016-12-01T18:35:11+00:00","breadcrumb":{"@id":"https:\/\/www.saopaulo.sp.leg.br\/apartes-anteriores\/revista-apartes\/numero-18\/gcm-completa-30-anos\/#breadcrumb"},"inLanguage":"pt-BR","potentialAction":[{"@type":"ReadAction","target":["https:\/\/www.saopaulo.sp.leg.br\/apartes-anteriores\/revista-apartes\/numero-18\/gcm-completa-30-anos\/"]}]},{"@type":"ImageObject","inLanguage":"pt-BR","@id":"https:\/\/www.saopaulo.sp.leg.br\/apartes-anteriores\/revista-apartes\/numero-18\/gcm-completa-30-anos\/#primaryimage","url":"https:\/\/homolog.saopaulo.sp.leg.br\/apartes-anteriores\/wp-content\/uploads\/sites\/9\/2016\/02\/apartes_N18_35.jpg","contentUrl":"https:\/\/homolog.saopaulo.sp.leg.br\/apartes-anteriores\/wp-content\/uploads\/sites\/9\/2016\/02\/apartes_N18_35.jpg","width":1619,"height":1786,"caption":"PASSADO - Formatura da primeira turma de guardas civis metropolitanos, em 1986 Foto: Guty\/SMSU"},{"@type":"BreadcrumbList","@id":"https:\/\/www.saopaulo.sp.leg.br\/apartes-anteriores\/revista-apartes\/numero-18\/gcm-completa-30-anos\/#breadcrumb","itemListElement":[{"@type":"ListItem","position":1,"name":"Home","item":"https:\/\/www.saopaulo.sp.leg.br\/apartes-anteriores\/"},{"@type":"ListItem","position":2,"name":"Revista Apartes","item":"https:\/\/www.saopaulo.sp.leg.br\/apartes-anteriores\/"},{"@type":"ListItem","position":3,"name":"N\u00famero 18 &#8211; jan-fev\/2016","item":"https:\/\/www.saopaulo.sp.leg.br\/apartes-anteriores\/revista-apartes\/numero-18\/"},{"@type":"ListItem","position":4,"name":"GCM completa 30 anos"}]},{"@type":"WebSite","@id":"https:\/\/homolog.saopaulo.sp.leg.br\/apartes-anteriores\/#website","url":"https:\/\/homolog.saopaulo.sp.leg.br\/apartes-anteriores\/","name":"Revista Apartes (edi\u00e7\u00f5es anteriores)","description":"Revista Apartes (edi\u00e7\u00f5es anteriores)","potentialAction":[{"@type":"SearchAction","target":{"@type":"EntryPoint","urlTemplate":"https:\/\/homolog.saopaulo.sp.leg.br\/apartes-anteriores\/?s={search_term_string}"},"query-input":{"@type":"PropertyValueSpecification","valueRequired":true,"valueName":"search_term_string"}}],"inLanguage":"pt-BR"}]}},"_links":{"self":[{"href":"https:\/\/homolog.saopaulo.sp.leg.br\/apartes-anteriores\/wp-json\/wp\/v2\/pages\/35542","targetHints":{"allow":["GET"]}}],"collection":[{"href":"https:\/\/homolog.saopaulo.sp.leg.br\/apartes-anteriores\/wp-json\/wp\/v2\/pages"}],"about":[{"href":"https:\/\/homolog.saopaulo.sp.leg.br\/apartes-anteriores\/wp-json\/wp\/v2\/types\/page"}],"author":[{"embeddable":true,"href":"https:\/\/homolog.saopaulo.sp.leg.br\/apartes-anteriores\/wp-json\/wp\/v2\/users\/109"}],"replies":[{"embeddable":true,"href":"https:\/\/homolog.saopaulo.sp.leg.br\/apartes-anteriores\/wp-json\/wp\/v2\/comments?post=35542"}],"version-history":[{"count":2,"href":"https:\/\/homolog.saopaulo.sp.leg.br\/apartes-anteriores\/wp-json\/wp\/v2\/pages\/35542\/revisions"}],"predecessor-version":[{"id":35561,"href":"https:\/\/homolog.saopaulo.sp.leg.br\/apartes-anteriores\/wp-json\/wp\/v2\/pages\/35542\/revisions\/35561"}],"up":[{"embeddable":true,"href":"https:\/\/homolog.saopaulo.sp.leg.br\/apartes-anteriores\/wp-json\/wp\/v2\/pages\/35437"}],"wp:attachment":[{"href":"https:\/\/homolog.saopaulo.sp.leg.br\/apartes-anteriores\/wp-json\/wp\/v2\/media?parent=35542"}],"curies":[{"name":"wp","href":"https:\/\/api.w.org\/{rel}","templated":true}]}}