{"id":35871,"date":"2016-05-17T19:10:14","date_gmt":"2016-05-17T22:10:14","guid":{"rendered":"http:\/\/homolog.saopaulo.sp.leg.br\/apartes-anteriores\/?page_id=35871"},"modified":"2016-11-30T14:21:33","modified_gmt":"2016-11-30T16:21:33","slug":"apartes-19-notas","status":"publish","type":"page","link":"https:\/\/homolog.saopaulo.sp.leg.br\/apartes-anteriores\/revista-apartes\/numero-19\/apartes-19-notas\/","title":{"rendered":"N\u00ba19 &#8211; Notas"},"content":{"rendered":"<h1><span style=\"color: #993300\"><strong>Notas<\/strong><\/span><\/h1>\n<h2><strong>CMSP refor\u00e7a o combate ao Aedes<\/strong><\/h2>\n<figure id=\"attachment_35823\" aria-describedby=\"caption-attachment-35823\" style=\"width: 640px\" class=\"wp-caption aligncenter\"><a href=\"http:\/\/homolog.saopaulo.sp.leg.br\/apartes-anteriores\/wp-content\/uploads\/sites\/9\/2016\/05\/apartes_n19_3.jpg\"><img loading=\"lazy\" decoding=\"async\" class=\"size-large wp-image-35823\" src=\"http:\/\/homolog.saopaulo.sp.leg.br\/apartes-anteriores\/wp-content\/uploads\/sites\/9\/2016\/05\/apartes_n19_3-1024x976.jpg\" alt=\"Home da p\u00e1gina Todos contra o mosquito Foto: Reprodu\u00e7\u00e3o\" width=\"640\" height=\"610\" srcset=\"https:\/\/homolog.saopaulo.sp.leg.br\/apartes-anteriores\/wp-content\/uploads\/sites\/9\/2016\/05\/apartes_n19_3-1024x976.jpg 1024w, https:\/\/homolog.saopaulo.sp.leg.br\/apartes-anteriores\/wp-content\/uploads\/sites\/9\/2016\/05\/apartes_n19_3-300x286.jpg 300w, https:\/\/homolog.saopaulo.sp.leg.br\/apartes-anteriores\/wp-content\/uploads\/sites\/9\/2016\/05\/apartes_n19_3-768x732.jpg 768w, https:\/\/homolog.saopaulo.sp.leg.br\/apartes-anteriores\/wp-content\/uploads\/sites\/9\/2016\/05\/apartes_n19_3.jpg 1066w\" sizes=\"auto, (max-width: 640px) 100vw, 640px\" \/><\/a><figcaption id=\"caption-attachment-35823\" class=\"wp-caption-text\">Home da p\u00e1gina Todos contra o mosquito |\u00a0Foto: Reprodu\u00e7\u00e3o<\/figcaption><\/figure>\n<p>&nbsp;<\/p>\n<p>A C\u00e2mara Municipal de S\u00e3o Paulo (CMSP) e o Comit\u00ea Civil Contra o Aedes lan\u00e7aram a p\u00e1gina <em>Todos contra o mosquito<\/em>. A campanha est\u00e1 no portal da CMSP e tem informa\u00e7\u00f5es sobre o combate ao transmissor da dengue, zika e chikungunya, o mosquito <em>Aedes aegypti<\/em>. Tamb\u00e9m est\u00e3o dispon\u00edveis links para download de aplicativos de smartphones que mostram dicas de sa\u00fade, focos de contamina\u00e7\u00e3o e possibilitam a troca de informa\u00e7\u00f5es entre usu\u00e1rios. O endere\u00e7o \u00e9 <a href=\"http:\/\/homolog.saopaulo.sp.leg.br\/todoscontraomosquito\"><em>homolog.saopaulo.sp.leg.br\/todoscontraomosquito<\/em><\/a>.<\/p>\n<p>A CMSP aderiu ao Comit\u00ea por causa da prolifera\u00e7\u00e3o das doen\u00e7as transmitidas pelo <em>Aedes<\/em>. O presidente da Casa, vereador Antonio Donato (PT), p\u00f4s toda a estrutura da institui\u00e7\u00e3o \u00e0 disposi\u00e7\u00e3o das campanhas contra o mosquito. \u201cFormalizamos esse comit\u00ea como institucional da Casa para que tenha mais peso e possa sensibilizar ainda mais os vereadores a participarem\u201d, explicou o presidente. Tamb\u00e9m fazem parte do Comit\u00ea diversas entidades, como For\u00e7as Armadas, Ordem dos Advogados do Brasil (OAB) e sindicatos.<\/p>\n<p><strong>\u00a0<\/strong><\/p>\n<figure id=\"attachment_35872\" aria-describedby=\"caption-attachment-35872\" style=\"width: 267px\" class=\"wp-caption alignleft\"><a href=\"http:\/\/homolog.saopaulo.sp.leg.br\/apartes-anteriores\/wp-content\/uploads\/sites\/9\/2016\/05\/apartes_n19_3a.jpg\"><img loading=\"lazy\" decoding=\"async\" class=\"size-medium wp-image-35872\" src=\"http:\/\/homolog.saopaulo.sp.leg.br\/apartes-anteriores\/wp-content\/uploads\/sites\/9\/2016\/05\/apartes_n19_3a-267x300.jpg\" alt=\"Nen\u00ea Surreal ganhou na categoria de melhor grafiteira Foto: Gute Garbelotto\/CMSP\" width=\"267\" height=\"300\" srcset=\"https:\/\/homolog.saopaulo.sp.leg.br\/apartes-anteriores\/wp-content\/uploads\/sites\/9\/2016\/05\/apartes_n19_3a-267x300.jpg 267w, https:\/\/homolog.saopaulo.sp.leg.br\/apartes-anteriores\/wp-content\/uploads\/sites\/9\/2016\/05\/apartes_n19_3a.jpg 730w\" sizes=\"auto, (max-width: 267px) 100vw, 267px\" \/><\/a><figcaption id=\"caption-attachment-35872\" class=\"wp-caption-text\">Nen\u00ea Surreal ganhou na categoria de melhor grafiteira |\u00a0Foto: Gute Garbelotto\/CMSP<\/figcaption><\/figure>\n<h2><strong>Pr\u00eamio Sabotage celebra o hip-hop paulistano<\/strong><\/h2>\n<p>O Pr\u00eamio Sabotage 2016 foi entregue em Sess\u00e3o Solene, na CMSP, em 21 de mar\u00e7o. A Comiss\u00e3o dos Direitos da Crian\u00e7a, do Adolescente e da Juventude da C\u00e2mara, respons\u00e1vel pelo julgamento, escolheu entre 57 inscritos em quatro categorias: Erick Jay (melhor DJ); grupo A\u2019s Trincas (melhor MC); Nen\u00ea Surreal (melhor grafiteira) e Elen Soul (melhor dan\u00e7arina de break). Cada um recebeu uma Salva de Prata.<\/p>\n<p>O pr\u00eamio visa reconhecer o trabalho de artistas que se destacam no cen\u00e1rio do hip-hop na cidade. A Comiss\u00e3o Julgadora foi formada pela b-girl Deise Miranda, o m\u00fasico e skatista Lob\u00e3o, a grafiteira Riska, o rapper Nego do Rap e o rapper Welington Sonora. \u201cHoje, na periferia, voc\u00ea tem v\u00e1rios artistas e v\u00e1rias formas de organiza\u00e7\u00e3o e di\u00e1logo dessas comunidades. Esse pr\u00eamio foi constru\u00eddo atrav\u00e9s disso, e para fazer com que a C\u00e2mara trouxesse os participantes para c\u00e1 e lhes desse uma premia\u00e7\u00e3o\u201d, disse a vereadora Juliana Cardoso (PT), respons\u00e1vel pelo evento. O secret\u00e1rio municipal de Igualdade Racial, Maur\u00edcio Pestana, tamb\u00e9m participou da premia\u00e7\u00e3o.<\/p>\n<p><strong>\u00a0<\/strong><\/p>\n<h2><strong>Compensa\u00e7\u00f5es ambientais s\u00e3o tema de CPI<\/strong><\/h2>\n<p>A C\u00e2mara Municipal instalou, em 15 de mar\u00e7o, a Comiss\u00e3o Parlamentar de Inqu\u00e9rito (CPI) da Compensa\u00e7\u00e3o Ambiental. O objetivo \u00e9 investigar Termos de Ajuste de Conduta (TACs) do setor, documentos assinados entre o poder p\u00fablico e pessoas f\u00edsicas ou jur\u00eddicas com o compromisso de resolver problemas causados ou compensar futuros danos. Os TACs podem evitar uma a\u00e7\u00e3o judicial. \u201cIremos apurar a falta de efici\u00eancia e transpar\u00eancia das compensa\u00e7\u00f5es ambientais na cidade, averiguando e encaminhando den\u00fancias para contribuir com a revis\u00e3o da legisla\u00e7\u00e3o\u201d, declarou o vereador Ricardo Young (Rede), presidente da Comiss\u00e3o. O grupo ir\u00e1 verificar se existem TACs feitos para beneficiar quem prejudica o meio ambiente, entre outros temas.<\/p>\n<p>O relator da CPI \u00e9 o vereador Natalini (PV). Para vice-presidente, foi escolhido Jonas Camisa Nova (Democratas) e para sub-relator, Calvo (PDT). Tamb\u00e9m fazem parte da Comiss\u00e3o Ari Friedenbach (PHS), Eliseu Gabriel (PSB), Jair Tatto (PT) e Jos\u00e9 Police Neto (PSD).<\/p>\n<p><strong>\u00a0<\/strong><\/p>\n<h2><strong>Parceria para aumentar transpar\u00eancia no Legislativo<\/strong><\/h2>\n<p>O Legislativo paulistano assinou um termo de coopera\u00e7\u00e3o com a Organiza\u00e7\u00e3o da Sociedade Civil (OSC) Open Knowledge \u2013 Rede pelo Conhecimento Livre. O acordo prev\u00ea cursos ministrados pela OSC sobre governan\u00e7a de dados e transpar\u00eancia na internet.<\/p>\n<p>A Open Knowledge promove o conhecimento livre e a transpar\u00eancia entre governo e popula\u00e7\u00e3o, em busca de uma participa\u00e7\u00e3o mais aberta para os que querem saber o que ocorre na vida p\u00fablica. \u201cEste \u00e9 um marco institucional para desenvolver projetos que envolvam o uso de tecnologia da informa\u00e7\u00e3o aumentando a participa\u00e7\u00e3o c\u00edvica e a transpar\u00eancia\u201d, declarou o presidente da CMSP, Antonio Donato (PT).<\/p>\n<p><strong>\u00a0<\/strong><\/p>\n<h2><strong>C\u00e2mara homenageia mulheres de destaque<\/strong><\/h2>\n<figure id=\"attachment_35822\" aria-describedby=\"caption-attachment-35822\" style=\"width: 640px\" class=\"wp-caption aligncenter\"><a href=\"http:\/\/homolog.saopaulo.sp.leg.br\/apartes-anteriores\/wp-content\/uploads\/sites\/9\/2016\/05\/apartes_n19_2.jpg\"><img loading=\"lazy\" decoding=\"async\" class=\"size-large wp-image-35822\" src=\"http:\/\/homolog.saopaulo.sp.leg.br\/apartes-anteriores\/wp-content\/uploads\/sites\/9\/2016\/05\/apartes_n19_2-1024x586.jpg\" alt=\"Apresenta\u00e7\u00e3o da banda da GCM durante homenagem \u0430s mulheres Foto: Equipe de Eventos\/CMSP\" width=\"640\" height=\"366\" srcset=\"https:\/\/homolog.saopaulo.sp.leg.br\/apartes-anteriores\/wp-content\/uploads\/sites\/9\/2016\/05\/apartes_n19_2-1024x586.jpg 1024w, https:\/\/homolog.saopaulo.sp.leg.br\/apartes-anteriores\/wp-content\/uploads\/sites\/9\/2016\/05\/apartes_n19_2-300x172.jpg 300w, https:\/\/homolog.saopaulo.sp.leg.br\/apartes-anteriores\/wp-content\/uploads\/sites\/9\/2016\/05\/apartes_n19_2-768x439.jpg 768w, https:\/\/homolog.saopaulo.sp.leg.br\/apartes-anteriores\/wp-content\/uploads\/sites\/9\/2016\/05\/apartes_n19_2.jpg 1147w\" sizes=\"auto, (max-width: 640px) 100vw, 640px\" \/><\/a><figcaption id=\"caption-attachment-35822\" class=\"wp-caption-text\">Apresenta\u00e7\u00e3o da banda da GCM durante homenagem \u0430s mulheres |\u00a0Foto: Equipe de Eventos\/CMSP<\/figcaption><\/figure>\n<p>&nbsp;<\/p>\n<p>A C\u00e2mara Municipal comemorou o Dia Internacional da Mulher em Sess\u00e3o Solene, no dia 10 de mar\u00e7o. O evento contou com homenagens \u00e0s profissionais que se destacaram pelo seu trabalho, dentro ou fora da CMSP.<\/p>\n<p>As vereadoras Edir Sales (PSD), Juliana Cardoso (PT), Noemi Nonato (PR), Patr\u00edcia Bezerra (PSDB) e Sandra Tadeu (Democratas) compuseram a mesa. Tamb\u00e9m foram convidadas \u00e0 mesa a presidente do Tribunal Regional Federal (TRF) da Terceira Regi\u00e3o, Cec\u00edlia Marcondes, a secret\u00e1ria municipal de Pol\u00edticas para as Mulheres, Denise Motta Dau, e a coordenadora auxiliar do N\u00facleo Especializado de Promo\u00e7\u00e3o e Defesa dos Direitos da Mulher da Defensoria P\u00fablica estadual, Ana Rita Souza Prata. \u201cA mulher j\u00e1 alcan\u00e7ou v\u00e1rios espa\u00e7os, mas tem muito que conquistar e para isso ela deve ser cada vez mais respeitada\u201d, disse a segunda vice-presidenta da CMSP, Edir Sales.<\/p>\n<p>A segundo-sargento da Pol\u00edcia Militar Sheila Aparecida Magrini Cruz, a guarda civil In\u00eas Teixeira Perrone e a chefe do Cerimonial da CMSP, Cec\u00edlia de Arruda, receberam uma placa comemorativa da Mesa Diretora. Outras 16 mulheres tamb\u00e9m foram homenageadas a partir de escolhas dos partidos com representa\u00e7\u00e3o na CMSP.<\/p>\n<hr \/>\n<p><strong>\u00a0<\/strong><\/p>\n<h1><span style=\"color: #993300\"><strong>Errata<\/strong><\/span><\/h1>\n<p>Na reportagem GCM completa 30 anos, publicada na edi\u00e7\u00e3o passada, h\u00e1 erro no n\u00famero de uma Emenda \u00e0 Lei Org\u00e2nica. O correto \u00e9 39\/2015, em vez de 3\/2015.<\/p>\n","protected":false},"excerpt":{"rendered":"<p>Notas CMSP refor\u00e7a o combate ao Aedes &nbsp; A C\u00e2mara Municipal de S\u00e3o Paulo (CMSP) e o Comit\u00ea Civil Contra o Aedes lan\u00e7aram a p\u00e1gina Todos contra o mosquito. A campanha est\u00e1 no portal da CMSP e tem informa\u00e7\u00f5es sobre o combate ao transmissor da dengue, zika e chikungunya, o mosquito Aedes aegypti. Tamb\u00e9m est\u00e3o [&hellip;]<\/p>\n","protected":false},"author":109,"featured_media":0,"parent":35866,"menu_order":2,"comment_status":"closed","ping_status":"closed","template":"","meta":{"footnotes":""},"class_list":["post-35871","page","type-page","status-publish","hentry"],"meta_all":{"_edit_lock":["1480618090:109"],"_edit_last":["109"],"_wp_page_template":["default"],"_yoast_wpseo_bctitle":["Notas"],"_cmsp_page_download-files":["a:1:{i:0;a:1:{s:4:\"type\";s:3:\"pdf\";}}"],"_yoast_wpseo_opengraph-title":["Notas"],"_yoast_wpseo_opengraph-description":["Revista Apartes"],"_yoast_wpseo_content_score":["60"]},"meta_all_2":{"_edit_lock":["1480618090:109"],"_edit_last":["109"],"_wp_page_template":["default"],"_yoast_wpseo_bctitle":["Notas"],"_cmsp_page_download-files":["a:1:{i:0;a:1:{s:4:\"type\";s:3:\"pdf\";}}"],"_yoast_wpseo_opengraph-title":["Notas"],"_yoast_wpseo_opengraph-description":["Revista Apartes"],"_yoast_wpseo_content_score":["60"]},"yoast_head":"<!-- This site is optimized with the Yoast SEO plugin v27.4 - https:\/\/yoast.com\/product\/yoast-seo-wordpress\/ -->\r\n<title>N\u00ba19 - Notas - Revista Apartes (edi\u00e7\u00f5es anteriores)<\/title>\r\n<meta name=\"robots\" content=\"noindex, follow, max-snippet:-1, max-image-preview:large, max-video-preview:-1\" \/>\r\n<meta property=\"og:locale\" content=\"pt_BR\" \/>\r\n<meta property=\"og:type\" content=\"article\" \/>\r\n<meta property=\"og:title\" content=\"Notas\" \/>\r\n<meta property=\"og:description\" content=\"Revista Apartes\" \/>\r\n<meta property=\"og:url\" content=\"https:\/\/www.saopaulo.sp.leg.br\/apartes-anteriores\/revista-apartes\/numero-19\/apartes-19-notas\/\" \/>\r\n<meta property=\"og:site_name\" content=\"Revista Apartes (edi\u00e7\u00f5es anteriores)\" \/>\r\n<meta property=\"article:publisher\" content=\"https:\/\/www.facebook.com\/RevistaApartes\/\" \/>\r\n<meta property=\"article:modified_time\" content=\"2016-11-30T16:21:33+00:00\" \/>\r\n<meta property=\"og:image\" content=\"http:\/\/www.saopaulo.sp.leg.br\/apartes-anteriores\/wp-content\/uploads\/sites\/9\/2016\/05\/apartes_n19_3-1024x976.jpg\" \/>\r\n<meta name=\"twitter:card\" content=\"summary_large_image\" \/>\r\n<meta name=\"twitter:site\" content=\"@revistaapartes\" \/>\r\n<meta name=\"twitter:label1\" content=\"Est. tempo de leitura\" \/>\n\t<meta name=\"twitter:data1\" content=\"5 minutos\" \/>\r\n<script type=\"application\/ld+json\" class=\"yoast-schema-graph\">{\"@context\":\"https:\\\/\\\/schema.org\",\"@graph\":[{\"@type\":\"WebPage\",\"@id\":\"https:\\\/\\\/www.saopaulo.sp.leg.br\\\/apartes-anteriores\\\/revista-apartes\\\/numero-19\\\/apartes-19-notas\\\/\",\"url\":\"https:\\\/\\\/www.saopaulo.sp.leg.br\\\/apartes-anteriores\\\/revista-apartes\\\/numero-19\\\/apartes-19-notas\\\/\",\"name\":\"N\u00ba19 - Notas - Revista Apartes (edi\u00e7\u00f5es anteriores)\",\"isPartOf\":{\"@id\":\"https:\\\/\\\/homolog.saopaulo.sp.leg.br\\\/apartes-anteriores\\\/#website\"},\"primaryImageOfPage\":{\"@id\":\"https:\\\/\\\/www.saopaulo.sp.leg.br\\\/apartes-anteriores\\\/revista-apartes\\\/numero-19\\\/apartes-19-notas\\\/#primaryimage\"},\"image\":{\"@id\":\"https:\\\/\\\/www.saopaulo.sp.leg.br\\\/apartes-anteriores\\\/revista-apartes\\\/numero-19\\\/apartes-19-notas\\\/#primaryimage\"},\"thumbnailUrl\":\"http:\\\/\\\/homolog.saopaulo.sp.leg.br\\\/apartes-anteriores\\\/wp-content\\\/uploads\\\/sites\\\/9\\\/2016\\\/05\\\/apartes_n19_3-1024x976.jpg\",\"datePublished\":\"2016-05-17T22:10:14+00:00\",\"dateModified\":\"2016-11-30T16:21:33+00:00\",\"breadcrumb\":{\"@id\":\"https:\\\/\\\/www.saopaulo.sp.leg.br\\\/apartes-anteriores\\\/revista-apartes\\\/numero-19\\\/apartes-19-notas\\\/#breadcrumb\"},\"inLanguage\":\"pt-BR\",\"potentialAction\":[{\"@type\":\"ReadAction\",\"target\":[\"https:\\\/\\\/www.saopaulo.sp.leg.br\\\/apartes-anteriores\\\/revista-apartes\\\/numero-19\\\/apartes-19-notas\\\/\"]}]},{\"@type\":\"ImageObject\",\"inLanguage\":\"pt-BR\",\"@id\":\"https:\\\/\\\/www.saopaulo.sp.leg.br\\\/apartes-anteriores\\\/revista-apartes\\\/numero-19\\\/apartes-19-notas\\\/#primaryimage\",\"url\":\"https:\\\/\\\/homolog.saopaulo.sp.leg.br\\\/apartes-anteriores\\\/wp-content\\\/uploads\\\/sites\\\/9\\\/2016\\\/05\\\/apartes_n19_3.jpg\",\"contentUrl\":\"https:\\\/\\\/homolog.saopaulo.sp.leg.br\\\/apartes-anteriores\\\/wp-content\\\/uploads\\\/sites\\\/9\\\/2016\\\/05\\\/apartes_n19_3.jpg\",\"width\":1066,\"height\":1016,\"caption\":\"Home da p\u00e1gina Todos contra o mosquito Foto: Reprodu\u00e7\u00e3o\"},{\"@type\":\"BreadcrumbList\",\"@id\":\"https:\\\/\\\/www.saopaulo.sp.leg.br\\\/apartes-anteriores\\\/revista-apartes\\\/numero-19\\\/apartes-19-notas\\\/#breadcrumb\",\"itemListElement\":[{\"@type\":\"ListItem\",\"position\":1,\"name\":\"Home\",\"item\":\"https:\\\/\\\/www.saopaulo.sp.leg.br\\\/apartes-anteriores\\\/\"},{\"@type\":\"ListItem\",\"position\":2,\"name\":\"Revista Apartes\",\"item\":\"https:\\\/\\\/www.saopaulo.sp.leg.br\\\/apartes-anteriores\\\/\"},{\"@type\":\"ListItem\",\"position\":3,\"name\":\"N\u00famero 19 &#8211; mar-abr\\\/2016\",\"item\":\"https:\\\/\\\/www.saopaulo.sp.leg.br\\\/apartes-anteriores\\\/revista-apartes\\\/numero-19\\\/\"},{\"@type\":\"ListItem\",\"position\":4,\"name\":\"Notas\"}]},{\"@type\":\"WebSite\",\"@id\":\"https:\\\/\\\/homolog.saopaulo.sp.leg.br\\\/apartes-anteriores\\\/#website\",\"url\":\"https:\\\/\\\/homolog.saopaulo.sp.leg.br\\\/apartes-anteriores\\\/\",\"name\":\"Revista Apartes (edi\u00e7\u00f5es anteriores)\",\"description\":\"Revista Apartes (edi\u00e7\u00f5es anteriores)\",\"potentialAction\":[{\"@type\":\"SearchAction\",\"target\":{\"@type\":\"EntryPoint\",\"urlTemplate\":\"https:\\\/\\\/homolog.saopaulo.sp.leg.br\\\/apartes-anteriores\\\/?s={search_term_string}\"},\"query-input\":{\"@type\":\"PropertyValueSpecification\",\"valueRequired\":true,\"valueName\":\"search_term_string\"}}],\"inLanguage\":\"pt-BR\"}]}<\/script>\r\n<!-- \/ Yoast SEO plugin. -->","yoast_head_json":{"title":"N\u00ba19 - Notas - Revista Apartes (edi\u00e7\u00f5es anteriores)","robots":{"index":"noindex","follow":"follow","max-snippet":"max-snippet:-1","max-image-preview":"max-image-preview:large","max-video-preview":"max-video-preview:-1"},"og_locale":"pt_BR","og_type":"article","og_title":"Notas","og_description":"Revista Apartes","og_url":"https:\/\/www.saopaulo.sp.leg.br\/apartes-anteriores\/revista-apartes\/numero-19\/apartes-19-notas\/","og_site_name":"Revista Apartes (edi\u00e7\u00f5es anteriores)","article_publisher":"https:\/\/www.facebook.com\/RevistaApartes\/","article_modified_time":"2016-11-30T16:21:33+00:00","og_image":[{"url":"http:\/\/www.saopaulo.sp.leg.br\/apartes-anteriores\/wp-content\/uploads\/sites\/9\/2016\/05\/apartes_n19_3-1024x976.jpg","type":"","width":"","height":""}],"twitter_card":"summary_large_image","twitter_site":"@revistaapartes","twitter_misc":{"Est. tempo de leitura":"5 minutos"},"schema":{"@context":"https:\/\/schema.org","@graph":[{"@type":"WebPage","@id":"https:\/\/www.saopaulo.sp.leg.br\/apartes-anteriores\/revista-apartes\/numero-19\/apartes-19-notas\/","url":"https:\/\/www.saopaulo.sp.leg.br\/apartes-anteriores\/revista-apartes\/numero-19\/apartes-19-notas\/","name":"N\u00ba19 - Notas - Revista Apartes (edi\u00e7\u00f5es anteriores)","isPartOf":{"@id":"https:\/\/homolog.saopaulo.sp.leg.br\/apartes-anteriores\/#website"},"primaryImageOfPage":{"@id":"https:\/\/www.saopaulo.sp.leg.br\/apartes-anteriores\/revista-apartes\/numero-19\/apartes-19-notas\/#primaryimage"},"image":{"@id":"https:\/\/www.saopaulo.sp.leg.br\/apartes-anteriores\/revista-apartes\/numero-19\/apartes-19-notas\/#primaryimage"},"thumbnailUrl":"http:\/\/homolog.saopaulo.sp.leg.br\/apartes-anteriores\/wp-content\/uploads\/sites\/9\/2016\/05\/apartes_n19_3-1024x976.jpg","datePublished":"2016-05-17T22:10:14+00:00","dateModified":"2016-11-30T16:21:33+00:00","breadcrumb":{"@id":"https:\/\/www.saopaulo.sp.leg.br\/apartes-anteriores\/revista-apartes\/numero-19\/apartes-19-notas\/#breadcrumb"},"inLanguage":"pt-BR","potentialAction":[{"@type":"ReadAction","target":["https:\/\/www.saopaulo.sp.leg.br\/apartes-anteriores\/revista-apartes\/numero-19\/apartes-19-notas\/"]}]},{"@type":"ImageObject","inLanguage":"pt-BR","@id":"https:\/\/www.saopaulo.sp.leg.br\/apartes-anteriores\/revista-apartes\/numero-19\/apartes-19-notas\/#primaryimage","url":"https:\/\/homolog.saopaulo.sp.leg.br\/apartes-anteriores\/wp-content\/uploads\/sites\/9\/2016\/05\/apartes_n19_3.jpg","contentUrl":"https:\/\/homolog.saopaulo.sp.leg.br\/apartes-anteriores\/wp-content\/uploads\/sites\/9\/2016\/05\/apartes_n19_3.jpg","width":1066,"height":1016,"caption":"Home da p\u00e1gina Todos contra o mosquito Foto: Reprodu\u00e7\u00e3o"},{"@type":"BreadcrumbList","@id":"https:\/\/www.saopaulo.sp.leg.br\/apartes-anteriores\/revista-apartes\/numero-19\/apartes-19-notas\/#breadcrumb","itemListElement":[{"@type":"ListItem","position":1,"name":"Home","item":"https:\/\/www.saopaulo.sp.leg.br\/apartes-anteriores\/"},{"@type":"ListItem","position":2,"name":"Revista Apartes","item":"https:\/\/www.saopaulo.sp.leg.br\/apartes-anteriores\/"},{"@type":"ListItem","position":3,"name":"N\u00famero 19 &#8211; mar-abr\/2016","item":"https:\/\/www.saopaulo.sp.leg.br\/apartes-anteriores\/revista-apartes\/numero-19\/"},{"@type":"ListItem","position":4,"name":"Notas"}]},{"@type":"WebSite","@id":"https:\/\/homolog.saopaulo.sp.leg.br\/apartes-anteriores\/#website","url":"https:\/\/homolog.saopaulo.sp.leg.br\/apartes-anteriores\/","name":"Revista Apartes (edi\u00e7\u00f5es anteriores)","description":"Revista Apartes (edi\u00e7\u00f5es anteriores)","potentialAction":[{"@type":"SearchAction","target":{"@type":"EntryPoint","urlTemplate":"https:\/\/homolog.saopaulo.sp.leg.br\/apartes-anteriores\/?s={search_term_string}"},"query-input":{"@type":"PropertyValueSpecification","valueRequired":true,"valueName":"search_term_string"}}],"inLanguage":"pt-BR"}]}},"_links":{"self":[{"href":"https:\/\/homolog.saopaulo.sp.leg.br\/apartes-anteriores\/wp-json\/wp\/v2\/pages\/35871","targetHints":{"allow":["GET"]}}],"collection":[{"href":"https:\/\/homolog.saopaulo.sp.leg.br\/apartes-anteriores\/wp-json\/wp\/v2\/pages"}],"about":[{"href":"https:\/\/homolog.saopaulo.sp.leg.br\/apartes-anteriores\/wp-json\/wp\/v2\/types\/page"}],"author":[{"embeddable":true,"href":"https:\/\/homolog.saopaulo.sp.leg.br\/apartes-anteriores\/wp-json\/wp\/v2\/users\/109"}],"replies":[{"embeddable":true,"href":"https:\/\/homolog.saopaulo.sp.leg.br\/apartes-anteriores\/wp-json\/wp\/v2\/comments?post=35871"}],"version-history":[{"count":5,"href":"https:\/\/homolog.saopaulo.sp.leg.br\/apartes-anteriores\/wp-json\/wp\/v2\/pages\/35871\/revisions"}],"predecessor-version":[{"id":38446,"href":"https:\/\/homolog.saopaulo.sp.leg.br\/apartes-anteriores\/wp-json\/wp\/v2\/pages\/35871\/revisions\/38446"}],"up":[{"embeddable":true,"href":"https:\/\/homolog.saopaulo.sp.leg.br\/apartes-anteriores\/wp-json\/wp\/v2\/pages\/35866"}],"wp:attachment":[{"href":"https:\/\/homolog.saopaulo.sp.leg.br\/apartes-anteriores\/wp-json\/wp\/v2\/media?parent=35871"}],"curies":[{"name":"wp","href":"https:\/\/api.w.org\/{rel}","templated":true}]}}