{"id":35887,"date":"2016-05-18T14:01:30","date_gmt":"2016-05-18T17:01:30","guid":{"rendered":"http:\/\/homolog.saopaulo.sp.leg.br\/apartes-anteriores\/?page_id=35887"},"modified":"2021-10-06T14:15:25","modified_gmt":"2021-10-06T17:15:25","slug":"diagnostico-da-saude","status":"publish","type":"page","link":"https:\/\/homolog.saopaulo.sp.leg.br\/apartes-anteriores\/revista-apartes\/numero-19\/diagnostico-da-saude\/","title":{"rendered":"N\u00ba19 &#8211; CPI"},"content":{"rendered":"<h1><span style=\"color: #993300\"><strong>Diagn\u00f3stico da sa\u00fade<\/strong><\/span><\/h1>\n<h2>Comiss\u00e3o de Inqu\u00e9rito apresenta relat\u00f3rio que aponta ind\u00edcios de sonega\u00e7\u00e3o de imposto e outras irregularidades em planos de sa\u00fade<\/h2>\n<p><strong>Gisele Machado<\/strong> | gisele@saopaulo.sp.leg.br<\/p>\n<figure id=\"attachment_35827\" aria-describedby=\"caption-attachment-35827\" style=\"width: 640px\" class=\"wp-caption aligncenter\"><a href=\"http:\/\/homolog.saopaulo.sp.leg.br\/apartes-anteriores\/wp-content\/uploads\/sites\/9\/2016\/05\/apartes_n19_7.jpg\"><img loading=\"lazy\" decoding=\"async\" class=\"size-large wp-image-35827\" src=\"http:\/\/homolog.saopaulo.sp.leg.br\/apartes-anteriores\/wp-content\/uploads\/sites\/9\/2016\/05\/apartes_n19_7-1024x849.jpg\" alt=\"PLEN\u00c1RIO - Apura\u00e7\u00e3o dos vereadores se estendeu por nove meses Foto: Equipe de Eventos\/CMSP\" width=\"640\" height=\"531\" srcset=\"https:\/\/homolog.saopaulo.sp.leg.br\/apartes-anteriores\/wp-content\/uploads\/sites\/9\/2016\/05\/apartes_n19_7-1024x849.jpg 1024w, https:\/\/homolog.saopaulo.sp.leg.br\/apartes-anteriores\/wp-content\/uploads\/sites\/9\/2016\/05\/apartes_n19_7-300x249.jpg 300w, https:\/\/homolog.saopaulo.sp.leg.br\/apartes-anteriores\/wp-content\/uploads\/sites\/9\/2016\/05\/apartes_n19_7-768x636.jpg 768w, https:\/\/homolog.saopaulo.sp.leg.br\/apartes-anteriores\/wp-content\/uploads\/sites\/9\/2016\/05\/apartes_n19_7.jpg 1693w\" sizes=\"auto, (max-width: 640px) 100vw, 640px\" \/><\/a><figcaption id=\"caption-attachment-35827\" class=\"wp-caption-text\">PLEN\u00c1RIO &#8211; Apura\u00e7\u00e3o dos vereadores se estendeu por nove meses |\u00a0Foto: Equipe de Eventos\/CMSP<\/figcaption><\/figure>\n<p>&nbsp;<\/p>\n<p>A Comiss\u00e3o Parlamentar de Inqu\u00e9rito (CPI) dos Planos de Sa\u00fade da C\u00e2mara Municipal de S\u00e3o Paulo (CMSP), encerrada em 3 de fevereiro, apontou indicativos de irregularidades praticadas por operadoras de planos privados na cidade e, tamb\u00e9m, algumas solu\u00e7\u00f5es poss\u00edveis.<\/p>\n<p>O relat\u00f3rio da comiss\u00e3o levantou, por exemplo, ind\u00edcios de que as empresas tenham sonegado, entre 2011 e 2014, pelo menos R$ 393 milh\u00f5es em Imposto sobre Servi\u00e7os (ISS) \u2013 mais da metade do valor que deveria ter sido recolhido no per\u00edodo. A Associa\u00e7\u00e3o Brasileira de Planos de Sa\u00fade (Abramge), ouvida na CPI, disse \u00e0 <strong>Apartes<\/strong> que \u201cn\u00e3o tem conhecimento desse assunto e n\u00e3o se envolve na gest\u00e3o individual de cada operadora de plano de sa\u00fade\u201d.<\/p>\n<p>Uma den\u00fancia recebida pelos vereadores revelou, tamb\u00e9m, que o sistema de sa\u00fade suplementar paulistano monitora veladamente o volume de trabalho de seus m\u00e9dicos, para que atendam mais pacientes em menos tempo. \u201cPor exemplo, em um ambiente de urg\u00eancia e emerg\u00eancia, alguns planos acabam controlando [&#8230;] cada profissional e, \u00e0s vezes, at\u00e9 exigindo maior produtividade, sendo que isso, eticamente, n\u00e3o pode\u201d, disse, em depoimento \u00e0 CPI, o presidente do Sindicato dos M\u00e9dicos de S\u00e3o Paulo (Simesp), Eder Gatti Fernandes.<\/p>\n<p>O relat\u00f3rio da Comiss\u00e3o prop\u00f5e, entre outras medidas (veja box ao lado), que a poss\u00edvel sonega\u00e7\u00e3o do ISS e de controle \u00e0 produ\u00e7\u00e3o dos m\u00e9dicos sejam investigados pelo Minist\u00e9rio P\u00fablico. Os dados sobre evas\u00e3o fiscal levantados pela CPI devem ser encaminhados \u00e0 Secretaria Municipal de Finan\u00e7as e \u00e0 Controladoria Geral do Munic\u00edpio, para que busquem recuperar o dinheiro sonegado.<\/p>\n<p>O depoimento de Fernandes, um dos mais expressivos, apontou que as operadoras de planos de sa\u00fade induzem, com frequ\u00eancia, seus m\u00e9dicos a n\u00e3o recomendarem certos procedimentos, com o \u00fanico objetivo de conter custos. \u201cS\u00e3o reajustes abusivos, entraves para idosos e pessoas com doen\u00e7as mais graves ou pr\u00e9-existentes, exames que n\u00e3o t\u00eam cobertura, filas em prontos-socorros, rescis\u00f5es unilaterais de contratos; \u00e9 uma rela\u00e7\u00e3o tir\u00e2nica com o cliente\u201d, aponta a vereadora Patr\u00edcia Bezerra (PSDB), presidente da CPI. \u201cE muitas vezes estamos falando do limite entre a vida e a morte\u201d, completa.<\/p>\n<figure id=\"attachment_35828\" aria-describedby=\"caption-attachment-35828\" style=\"width: 300px\" class=\"wp-caption alignright\"><a href=\"http:\/\/homolog.saopaulo.sp.leg.br\/apartes-anteriores\/wp-content\/uploads\/sites\/9\/2016\/05\/apartes_n19_8.jpg\"><img loading=\"lazy\" decoding=\"async\" class=\"size-medium wp-image-35828\" src=\"http:\/\/homolog.saopaulo.sp.leg.br\/apartes-anteriores\/wp-content\/uploads\/sites\/9\/2016\/05\/apartes_n19_8-300x227.jpg\" alt=\"Foto: Gute Garbelotto\/CMSP\" width=\"300\" height=\"227\" srcset=\"https:\/\/homolog.saopaulo.sp.leg.br\/apartes-anteriores\/wp-content\/uploads\/sites\/9\/2016\/05\/apartes_n19_8-300x227.jpg 300w, https:\/\/homolog.saopaulo.sp.leg.br\/apartes-anteriores\/wp-content\/uploads\/sites\/9\/2016\/05\/apartes_n19_8-768x580.jpg 768w, https:\/\/homolog.saopaulo.sp.leg.br\/apartes-anteriores\/wp-content\/uploads\/sites\/9\/2016\/05\/apartes_n19_8-1024x774.jpg 1024w, https:\/\/homolog.saopaulo.sp.leg.br\/apartes-anteriores\/wp-content\/uploads\/sites\/9\/2016\/05\/apartes_n19_8.jpg 1072w\" sizes=\"auto, (max-width: 300px) 100vw, 300px\" \/><\/a><figcaption id=\"caption-attachment-35828\" class=\"wp-caption-text\">Foto: Gute Garbelotto\/CMSP<\/figcaption><\/figure>\n<figure id=\"attachment_35829\" aria-describedby=\"caption-attachment-35829\" style=\"width: 300px\" class=\"wp-caption alignright\"><a href=\"http:\/\/homolog.saopaulo.sp.leg.br\/apartes-anteriores\/wp-content\/uploads\/sites\/9\/2016\/05\/apartes_n19_9.jpg\"><img loading=\"lazy\" decoding=\"async\" class=\"size-medium wp-image-35829\" src=\"http:\/\/homolog.saopaulo.sp.leg.br\/apartes-anteriores\/wp-content\/uploads\/sites\/9\/2016\/05\/apartes_n19_9-300x227.jpg\" alt=\"DEPOIMENTOS - M\u00e9dicos Florisval Mein\u00e3o (\u0430 esquerda) e Eder Gatti Fernandes foram ouvidos pela CPI Foto: F\u00e1bio Lazzari\/CMSP\" width=\"300\" height=\"227\" srcset=\"https:\/\/homolog.saopaulo.sp.leg.br\/apartes-anteriores\/wp-content\/uploads\/sites\/9\/2016\/05\/apartes_n19_9-300x227.jpg 300w, https:\/\/homolog.saopaulo.sp.leg.br\/apartes-anteriores\/wp-content\/uploads\/sites\/9\/2016\/05\/apartes_n19_9-768x581.jpg 768w, https:\/\/homolog.saopaulo.sp.leg.br\/apartes-anteriores\/wp-content\/uploads\/sites\/9\/2016\/05\/apartes_n19_9-1024x774.jpg 1024w, https:\/\/homolog.saopaulo.sp.leg.br\/apartes-anteriores\/wp-content\/uploads\/sites\/9\/2016\/05\/apartes_n19_9.jpg 1071w\" sizes=\"auto, (max-width: 300px) 100vw, 300px\" \/><\/a><figcaption id=\"caption-attachment-35829\" class=\"wp-caption-text\">DEPOIMENTOS &#8211; M\u00e9dicos Florisval Mein\u00e3o e Eder Gatti Fernandes foram ouvidos pela CPI |\u00a0Foto: F\u00e1bio Lazzari\/CMSP<\/figcaption><\/figure>\n<p>Florisval Mein\u00e3o, presidente da Associa\u00e7\u00e3o Paulista de Medicina (APM), lembrou aos vereadores que estudos de sua entidade, em parceria com\u00a0 o Instituto Datafolha, mostraram dificuldades dos conveniados em realizar cirurgias, consultas com especialistas e exames, principalmente os de maior complexidade.<\/p>\n<p>Em audi\u00eancia da CPI, representantes da Funda\u00e7\u00e3o Procon e do Instituto Brasileiro de Defesa do Consumidor (Idec) confirmaram que as principais reclama\u00e7\u00f5es relativas ao segmento de sa\u00fade s\u00e3o sobre negativa de cobertura. \u201c\u00c9 inaceit\u00e1vel que uma pessoa pague para ter um atendimento e seja obrigada a recorrer aos servi\u00e7os p\u00fablicos\u201d, disse Mein\u00e3o em uma das sess\u00f5es da Comiss\u00e3o de Inqu\u00e9rito. Segundo a APM, 20% dos usu\u00e1rios de plano j\u00e1 recorreram ao Sistema \u00danico de Sa\u00fade (SUS) e os gastos dos conveniados nem sempre s\u00e3o corretamente ressarcidos aos cofres p\u00fablicos, como manda a lei.<\/p>\n<p>A Abramge respondeu \u00e0 <strong>Apartes<\/strong> que orienta suas associadas a cumprirem integralmente as regras da Ag\u00eancia Nacional de Sa\u00fade Suplementar (ANS), e que a negativa de cobertura de qualquer atendimento do rol de procedimentos da Ag\u00eancia sujeita o plano de sa\u00fade a \u201cmultas extremamente elevadas\u201d.<\/p>\n<p>Na opini\u00e3o de Mein\u00e3o, por tr\u00e1s das restri\u00e7\u00f5es de atendimento dos planos est\u00e3o os contratos abusivos entre as operadoras, de grande porte econ\u00f4mico, e m\u00e9dicos, que se submetem a algumas exig\u00eancias por necessidade de emprego.<\/p>\n<p>Para impedir que as empresas sigam aplicando restri\u00e7\u00f5es inadequadas, a CPI sugere que a CMSP elabore um manual de conduta para essas corpora\u00e7\u00f5es. O relat\u00f3rio traz outras 24 propostas \u00e0 C\u00e2mara Municipal, ao Executivo paulistano, ao Minist\u00e9rio P\u00fablico e \u00e0 C\u00e2mara dos Deputados. O documento, feito pelo vereador Senival Moura (PT), com adendos da presidente Patr\u00edcia Bezerra e de Gilberto Natalini (PV), vice-presidente, foi aprovado por unanimidade na Comiss\u00e3o. As atividades da CPI duraram nove meses e os demais membros foram Adilson Amadeu (PTB), Calvo (PDT), La\u00e9rcio Benko (PHS), Noemi Nonato (PR), Ushitaro Kamia (PDT) e Vav\u00e1 (PT).<\/p>\n<p>Al\u00e9m de receber membros do Simesp, APM, Procon, Idec e Abramge, a Comiss\u00e3o ouviu representantes do Sindicato Nacional das Empresas de Medicina de Grupo, Executivo municipal, Associa\u00e7\u00e3o Brasileira de Defesa do Consumidor (Proteste), <em>Jornal El Pa\u00eds<\/em>, Conselho Regional de Odontologia de S\u00e3o Paulo, Associa\u00e7\u00e3o Paulista dos Cirurgi\u00f5es Dentistas, Departamento de Medicina Preventiva da Universidade de S\u00e3o Paulo (USP), Unimed Paulistana, Ag\u00eancia Nacional de Sa\u00fade Suplementar (ANS), Procuradoria Regional da Rep\u00fablica e Federa\u00e7\u00e3o Nacional de Sa\u00fade Suplementar.<\/p>\n<p>Hoje, 638 gestoras de planos de sa\u00fade atuam na capital paulista, das 872 ativas no Pa\u00eds. A cidade de S\u00e3o Paulo tem 13% dos usu\u00e1rios de planos privados do Pa\u00eds e 35,4% dos benefici\u00e1rios do Estado, o equivalente a mais de 6,5 milh\u00f5es de pessoas, segundo dados apurados pela CPI at\u00e9 2014.<\/p>\n<table>\n<tbody>\n<tr>\n<td width=\"376\">\n<h2><strong>Principais propostas da CPI<\/strong><\/h2>\n<\/td>\n<\/tr>\n<tr>\n<td width=\"376\">\n<h3><span style=\"color: #993300\"><strong>Para o Minist\u00e9rio P\u00fablico<\/strong><\/span><\/h3>\n<ul>\n<li>Investigar a den\u00fancia de que as operadoras controlam a produ\u00e7\u00e3o dos m\u00e9dicos e de que sonegam ISS<\/li>\n<li>Fazer Termo de Ajustamento de Conduta com as operadoras para coibir reajustes abusivos e obst\u00e1culos a atendimentos de benefici\u00e1rios<\/li>\n<\/ul>\n<\/td>\n<\/tr>\n<tr>\n<td width=\"376\">\n<h3><span style=\"color: #993300\"><strong>Para a C\u00e2mara Municipal<\/strong><\/span><\/h3>\n<ul>\n<li>Elaborar protocolo para evitar negativas indevidas pelos planos<\/li>\n<li>Propor projeto de lei para obrigar as operadoras a apresentarem certid\u00e3o negativa de tributos municipais do exerc\u00edcio anterior<\/li>\n<\/ul>\n<\/td>\n<\/tr>\n<tr>\n<td width=\"376\">\n<h3><span style=\"color: #993300\"><strong>Para a Prefeitura<\/strong><\/span><\/h3>\n<ul>\n<li>Criar \u00f3rg\u00e3o para acompanhamento da sa\u00fade suplementar<\/li>\n<li>Melhorar a fiscaliza\u00e7\u00e3o em maternidades e hospitais para coibir a indu\u00e7\u00e3o de cesarianas<\/li>\n<\/ul>\n<\/td>\n<\/tr>\n<\/tbody>\n<\/table>\n<h2><span style=\"color: #993300\"><strong>SAIBA MAIS<\/strong><\/span><\/h2>\n<p><strong>Relat\u00f3rio da CPI dos Planos de Sa\u00fade<\/strong><br \/>\n<a href=\"https:\/\/homolog.saopaulo.sp.leg.br\/wp-content\/uploads\/spot-legado\/comissoes-encerradas\/arquivos\/RELATORIO%20CPI%20AREAS%20CONTAMINADAS%20com%20adendos%2024-02-15%20aprovado%20SITE.pdf\">homolog.saopaulo.sp.leg.br\/atividade-legislativa\/cpis\/comissoes-encerradas<\/a> clicar em \u201cCPI-2015-PLANOS DE SA\u00daDE\u201d<\/p>\n","protected":false},"excerpt":{"rendered":"<p>Diagn\u00f3stico da sa\u00fade Comiss\u00e3o de Inqu\u00e9rito apresenta relat\u00f3rio que aponta ind\u00edcios de sonega\u00e7\u00e3o de imposto e outras irregularidades em planos de sa\u00fade Gisele Machado | gisele@saopaulo.sp.leg.br &nbsp; A Comiss\u00e3o Parlamentar de Inqu\u00e9rito (CPI) dos Planos de Sa\u00fade da C\u00e2mara Municipal de S\u00e3o Paulo (CMSP), encerrada em 3 de fevereiro, apontou indicativos de irregularidades praticadas por [&hellip;]<\/p>\n","protected":false},"author":109,"featured_media":0,"parent":35866,"menu_order":4,"comment_status":"closed","ping_status":"closed","template":"","meta":{"footnotes":""},"class_list":["post-35887","page","type-page","status-publish","hentry"],"meta_all":{"_edit_lock":["1480618145:109"],"_edit_last":["109"],"_wp_page_template":["default"],"_cmsp_page_download-files":["a:1:{i:0;a:1:{s:4:\"type\";s:3:\"pdf\";}}"],"_yoast_wpseo_bctitle":["Diagn\u00f3stico da sa\u00fade"],"_yoast_wpseo_opengraph-title":["Diagn\u00f3stico da sa\u00fade"],"_yoast_wpseo_opengraph-description":["Comiss\u00e3o de Inqu\u00e9rito apresenta relat\u00f3rio que aponta ind\u00edcios de sonega\u00e7\u00e3o de imposto e outras irregularidades em planos de sa\u00fade"],"_yoast_wpseo_twitter-title":["Diagn\u00f3stico da sa\u00fade"],"_yoast_wpseo_twitter-description":["Comiss\u00e3o de Inqu\u00e9rito apresenta relat\u00f3rio que aponta ind\u00edcios de sonega\u00e7\u00e3o de imposto e outras irregularidades em planos de sa\u00fade"]},"meta_all_2":{"_edit_lock":["1480618145:109"],"_edit_last":["109"],"_wp_page_template":["default"],"_cmsp_page_download-files":["a:1:{i:0;a:1:{s:4:\"type\";s:3:\"pdf\";}}"],"_yoast_wpseo_bctitle":["Diagn\u00f3stico da sa\u00fade"],"_yoast_wpseo_opengraph-title":["Diagn\u00f3stico da sa\u00fade"],"_yoast_wpseo_opengraph-description":["Comiss\u00e3o de Inqu\u00e9rito apresenta relat\u00f3rio que aponta ind\u00edcios de sonega\u00e7\u00e3o de imposto e outras irregularidades em planos de sa\u00fade"],"_yoast_wpseo_twitter-title":["Diagn\u00f3stico da sa\u00fade"],"_yoast_wpseo_twitter-description":["Comiss\u00e3o de Inqu\u00e9rito apresenta relat\u00f3rio que aponta ind\u00edcios de sonega\u00e7\u00e3o de imposto e outras irregularidades em planos de sa\u00fade"]},"yoast_head":"<!-- This site is optimized with the Yoast SEO plugin v27.4 - https:\/\/yoast.com\/product\/yoast-seo-wordpress\/ -->\r\n<title>N\u00ba19 - CPI - Revista Apartes (edi\u00e7\u00f5es anteriores)<\/title>\r\n<meta name=\"robots\" content=\"noindex, follow, max-snippet:-1, max-image-preview:large, max-video-preview:-1\" \/>\r\n<meta property=\"og:locale\" content=\"pt_BR\" \/>\r\n<meta property=\"og:type\" content=\"article\" \/>\r\n<meta property=\"og:title\" content=\"Diagn\u00f3stico da sa\u00fade\" \/>\r\n<meta property=\"og:description\" content=\"Comiss\u00e3o de Inqu\u00e9rito apresenta relat\u00f3rio que aponta ind\u00edcios de sonega\u00e7\u00e3o de imposto e outras irregularidades em planos de sa\u00fade\" \/>\r\n<meta property=\"og:url\" content=\"https:\/\/www.saopaulo.sp.leg.br\/apartes-anteriores\/revista-apartes\/numero-19\/diagnostico-da-saude\/\" \/>\r\n<meta property=\"og:site_name\" content=\"Revista Apartes (edi\u00e7\u00f5es anteriores)\" \/>\r\n<meta property=\"article:publisher\" content=\"https:\/\/www.facebook.com\/RevistaApartes\/\" \/>\r\n<meta property=\"article:modified_time\" content=\"2021-10-06T17:15:25+00:00\" \/>\r\n<meta property=\"og:image\" content=\"http:\/\/www.saopaulo.sp.leg.br\/apartes-anteriores\/wp-content\/uploads\/sites\/9\/2016\/05\/apartes_n19_7-1024x849.jpg\" \/>\r\n<meta name=\"twitter:card\" content=\"summary_large_image\" \/>\r\n<meta name=\"twitter:title\" content=\"Diagn\u00f3stico da sa\u00fade\" \/>\r\n<meta name=\"twitter:description\" content=\"Comiss\u00e3o de Inqu\u00e9rito apresenta relat\u00f3rio que aponta ind\u00edcios de sonega\u00e7\u00e3o de imposto e outras irregularidades em planos de sa\u00fade\" \/>\r\n<meta name=\"twitter:site\" content=\"@revistaapartes\" \/>\r\n<meta name=\"twitter:label1\" content=\"Est. tempo de leitura\" \/>\n\t<meta name=\"twitter:data1\" content=\"6 minutos\" \/>\r\n<script type=\"application\/ld+json\" class=\"yoast-schema-graph\">{\"@context\":\"https:\\\/\\\/schema.org\",\"@graph\":[{\"@type\":\"WebPage\",\"@id\":\"https:\\\/\\\/www.saopaulo.sp.leg.br\\\/apartes-anteriores\\\/revista-apartes\\\/numero-19\\\/diagnostico-da-saude\\\/\",\"url\":\"https:\\\/\\\/www.saopaulo.sp.leg.br\\\/apartes-anteriores\\\/revista-apartes\\\/numero-19\\\/diagnostico-da-saude\\\/\",\"name\":\"N\u00ba19 - CPI - Revista Apartes (edi\u00e7\u00f5es anteriores)\",\"isPartOf\":{\"@id\":\"https:\\\/\\\/homolog.saopaulo.sp.leg.br\\\/apartes-anteriores\\\/#website\"},\"primaryImageOfPage\":{\"@id\":\"https:\\\/\\\/www.saopaulo.sp.leg.br\\\/apartes-anteriores\\\/revista-apartes\\\/numero-19\\\/diagnostico-da-saude\\\/#primaryimage\"},\"image\":{\"@id\":\"https:\\\/\\\/www.saopaulo.sp.leg.br\\\/apartes-anteriores\\\/revista-apartes\\\/numero-19\\\/diagnostico-da-saude\\\/#primaryimage\"},\"thumbnailUrl\":\"http:\\\/\\\/homolog.saopaulo.sp.leg.br\\\/apartes-anteriores\\\/wp-content\\\/uploads\\\/sites\\\/9\\\/2016\\\/05\\\/apartes_n19_7-1024x849.jpg\",\"datePublished\":\"2016-05-18T17:01:30+00:00\",\"dateModified\":\"2021-10-06T17:15:25+00:00\",\"breadcrumb\":{\"@id\":\"https:\\\/\\\/www.saopaulo.sp.leg.br\\\/apartes-anteriores\\\/revista-apartes\\\/numero-19\\\/diagnostico-da-saude\\\/#breadcrumb\"},\"inLanguage\":\"pt-BR\",\"potentialAction\":[{\"@type\":\"ReadAction\",\"target\":[\"https:\\\/\\\/www.saopaulo.sp.leg.br\\\/apartes-anteriores\\\/revista-apartes\\\/numero-19\\\/diagnostico-da-saude\\\/\"]}]},{\"@type\":\"ImageObject\",\"inLanguage\":\"pt-BR\",\"@id\":\"https:\\\/\\\/www.saopaulo.sp.leg.br\\\/apartes-anteriores\\\/revista-apartes\\\/numero-19\\\/diagnostico-da-saude\\\/#primaryimage\",\"url\":\"https:\\\/\\\/homolog.saopaulo.sp.leg.br\\\/apartes-anteriores\\\/wp-content\\\/uploads\\\/sites\\\/9\\\/2016\\\/05\\\/apartes_n19_7.jpg\",\"contentUrl\":\"https:\\\/\\\/homolog.saopaulo.sp.leg.br\\\/apartes-anteriores\\\/wp-content\\\/uploads\\\/sites\\\/9\\\/2016\\\/05\\\/apartes_n19_7.jpg\",\"width\":1693,\"height\":1403,\"caption\":\"PLEN\u00c1RIO - Apura\u00e7\u00e3o dos vereadores se estendeu por nove meses Foto: Equipe de Eventos\\\/CMSP\"},{\"@type\":\"BreadcrumbList\",\"@id\":\"https:\\\/\\\/www.saopaulo.sp.leg.br\\\/apartes-anteriores\\\/revista-apartes\\\/numero-19\\\/diagnostico-da-saude\\\/#breadcrumb\",\"itemListElement\":[{\"@type\":\"ListItem\",\"position\":1,\"name\":\"Home\",\"item\":\"https:\\\/\\\/www.saopaulo.sp.leg.br\\\/apartes-anteriores\\\/\"},{\"@type\":\"ListItem\",\"position\":2,\"name\":\"Revista Apartes\",\"item\":\"https:\\\/\\\/www.saopaulo.sp.leg.br\\\/apartes-anteriores\\\/\"},{\"@type\":\"ListItem\",\"position\":3,\"name\":\"N\u00famero 19 &#8211; mar-abr\\\/2016\",\"item\":\"https:\\\/\\\/www.saopaulo.sp.leg.br\\\/apartes-anteriores\\\/revista-apartes\\\/numero-19\\\/\"},{\"@type\":\"ListItem\",\"position\":4,\"name\":\"Diagn\u00f3stico da sa\u00fade\"}]},{\"@type\":\"WebSite\",\"@id\":\"https:\\\/\\\/homolog.saopaulo.sp.leg.br\\\/apartes-anteriores\\\/#website\",\"url\":\"https:\\\/\\\/homolog.saopaulo.sp.leg.br\\\/apartes-anteriores\\\/\",\"name\":\"Revista Apartes (edi\u00e7\u00f5es anteriores)\",\"description\":\"Revista Apartes (edi\u00e7\u00f5es anteriores)\",\"potentialAction\":[{\"@type\":\"SearchAction\",\"target\":{\"@type\":\"EntryPoint\",\"urlTemplate\":\"https:\\\/\\\/homolog.saopaulo.sp.leg.br\\\/apartes-anteriores\\\/?s={search_term_string}\"},\"query-input\":{\"@type\":\"PropertyValueSpecification\",\"valueRequired\":true,\"valueName\":\"search_term_string\"}}],\"inLanguage\":\"pt-BR\"}]}<\/script>\r\n<!-- \/ Yoast SEO plugin. -->","yoast_head_json":{"title":"N\u00ba19 - CPI - Revista Apartes (edi\u00e7\u00f5es anteriores)","robots":{"index":"noindex","follow":"follow","max-snippet":"max-snippet:-1","max-image-preview":"max-image-preview:large","max-video-preview":"max-video-preview:-1"},"og_locale":"pt_BR","og_type":"article","og_title":"Diagn\u00f3stico da sa\u00fade","og_description":"Comiss\u00e3o de Inqu\u00e9rito apresenta relat\u00f3rio que aponta ind\u00edcios de sonega\u00e7\u00e3o de imposto e outras irregularidades em planos de sa\u00fade","og_url":"https:\/\/www.saopaulo.sp.leg.br\/apartes-anteriores\/revista-apartes\/numero-19\/diagnostico-da-saude\/","og_site_name":"Revista Apartes (edi\u00e7\u00f5es anteriores)","article_publisher":"https:\/\/www.facebook.com\/RevistaApartes\/","article_modified_time":"2021-10-06T17:15:25+00:00","og_image":[{"url":"http:\/\/www.saopaulo.sp.leg.br\/apartes-anteriores\/wp-content\/uploads\/sites\/9\/2016\/05\/apartes_n19_7-1024x849.jpg","type":"","width":"","height":""}],"twitter_card":"summary_large_image","twitter_title":"Diagn\u00f3stico da sa\u00fade","twitter_description":"Comiss\u00e3o de Inqu\u00e9rito apresenta relat\u00f3rio que aponta ind\u00edcios de sonega\u00e7\u00e3o de imposto e outras irregularidades em planos de sa\u00fade","twitter_site":"@revistaapartes","twitter_misc":{"Est. tempo de leitura":"6 minutos"},"schema":{"@context":"https:\/\/schema.org","@graph":[{"@type":"WebPage","@id":"https:\/\/www.saopaulo.sp.leg.br\/apartes-anteriores\/revista-apartes\/numero-19\/diagnostico-da-saude\/","url":"https:\/\/www.saopaulo.sp.leg.br\/apartes-anteriores\/revista-apartes\/numero-19\/diagnostico-da-saude\/","name":"N\u00ba19 - CPI - Revista Apartes (edi\u00e7\u00f5es anteriores)","isPartOf":{"@id":"https:\/\/homolog.saopaulo.sp.leg.br\/apartes-anteriores\/#website"},"primaryImageOfPage":{"@id":"https:\/\/www.saopaulo.sp.leg.br\/apartes-anteriores\/revista-apartes\/numero-19\/diagnostico-da-saude\/#primaryimage"},"image":{"@id":"https:\/\/www.saopaulo.sp.leg.br\/apartes-anteriores\/revista-apartes\/numero-19\/diagnostico-da-saude\/#primaryimage"},"thumbnailUrl":"http:\/\/homolog.saopaulo.sp.leg.br\/apartes-anteriores\/wp-content\/uploads\/sites\/9\/2016\/05\/apartes_n19_7-1024x849.jpg","datePublished":"2016-05-18T17:01:30+00:00","dateModified":"2021-10-06T17:15:25+00:00","breadcrumb":{"@id":"https:\/\/www.saopaulo.sp.leg.br\/apartes-anteriores\/revista-apartes\/numero-19\/diagnostico-da-saude\/#breadcrumb"},"inLanguage":"pt-BR","potentialAction":[{"@type":"ReadAction","target":["https:\/\/www.saopaulo.sp.leg.br\/apartes-anteriores\/revista-apartes\/numero-19\/diagnostico-da-saude\/"]}]},{"@type":"ImageObject","inLanguage":"pt-BR","@id":"https:\/\/www.saopaulo.sp.leg.br\/apartes-anteriores\/revista-apartes\/numero-19\/diagnostico-da-saude\/#primaryimage","url":"https:\/\/homolog.saopaulo.sp.leg.br\/apartes-anteriores\/wp-content\/uploads\/sites\/9\/2016\/05\/apartes_n19_7.jpg","contentUrl":"https:\/\/homolog.saopaulo.sp.leg.br\/apartes-anteriores\/wp-content\/uploads\/sites\/9\/2016\/05\/apartes_n19_7.jpg","width":1693,"height":1403,"caption":"PLEN\u00c1RIO - Apura\u00e7\u00e3o dos vereadores se estendeu por nove meses Foto: Equipe de Eventos\/CMSP"},{"@type":"BreadcrumbList","@id":"https:\/\/www.saopaulo.sp.leg.br\/apartes-anteriores\/revista-apartes\/numero-19\/diagnostico-da-saude\/#breadcrumb","itemListElement":[{"@type":"ListItem","position":1,"name":"Home","item":"https:\/\/www.saopaulo.sp.leg.br\/apartes-anteriores\/"},{"@type":"ListItem","position":2,"name":"Revista Apartes","item":"https:\/\/www.saopaulo.sp.leg.br\/apartes-anteriores\/"},{"@type":"ListItem","position":3,"name":"N\u00famero 19 &#8211; mar-abr\/2016","item":"https:\/\/www.saopaulo.sp.leg.br\/apartes-anteriores\/revista-apartes\/numero-19\/"},{"@type":"ListItem","position":4,"name":"Diagn\u00f3stico da sa\u00fade"}]},{"@type":"WebSite","@id":"https:\/\/homolog.saopaulo.sp.leg.br\/apartes-anteriores\/#website","url":"https:\/\/homolog.saopaulo.sp.leg.br\/apartes-anteriores\/","name":"Revista Apartes (edi\u00e7\u00f5es anteriores)","description":"Revista Apartes (edi\u00e7\u00f5es anteriores)","potentialAction":[{"@type":"SearchAction","target":{"@type":"EntryPoint","urlTemplate":"https:\/\/homolog.saopaulo.sp.leg.br\/apartes-anteriores\/?s={search_term_string}"},"query-input":{"@type":"PropertyValueSpecification","valueRequired":true,"valueName":"search_term_string"}}],"inLanguage":"pt-BR"}]}},"_links":{"self":[{"href":"https:\/\/homolog.saopaulo.sp.leg.br\/apartes-anteriores\/wp-json\/wp\/v2\/pages\/35887","targetHints":{"allow":["GET"]}}],"collection":[{"href":"https:\/\/homolog.saopaulo.sp.leg.br\/apartes-anteriores\/wp-json\/wp\/v2\/pages"}],"about":[{"href":"https:\/\/homolog.saopaulo.sp.leg.br\/apartes-anteriores\/wp-json\/wp\/v2\/types\/page"}],"author":[{"embeddable":true,"href":"https:\/\/homolog.saopaulo.sp.leg.br\/apartes-anteriores\/wp-json\/wp\/v2\/users\/109"}],"replies":[{"embeddable":true,"href":"https:\/\/homolog.saopaulo.sp.leg.br\/apartes-anteriores\/wp-json\/wp\/v2\/comments?post=35887"}],"version-history":[{"count":5,"href":"https:\/\/homolog.saopaulo.sp.leg.br\/apartes-anteriores\/wp-json\/wp\/v2\/pages\/35887\/revisions"}],"predecessor-version":[{"id":42113,"href":"https:\/\/homolog.saopaulo.sp.leg.br\/apartes-anteriores\/wp-json\/wp\/v2\/pages\/35887\/revisions\/42113"}],"up":[{"embeddable":true,"href":"https:\/\/homolog.saopaulo.sp.leg.br\/apartes-anteriores\/wp-json\/wp\/v2\/pages\/35866"}],"wp:attachment":[{"href":"https:\/\/homolog.saopaulo.sp.leg.br\/apartes-anteriores\/wp-json\/wp\/v2\/media?parent=35887"}],"curies":[{"name":"wp","href":"https:\/\/api.w.org\/{rel}","templated":true}]}}