{"id":36141,"date":"2016-07-12T17:33:56","date_gmt":"2016-07-12T20:33:56","guid":{"rendered":"http:\/\/homolog.saopaulo.sp.leg.br\/apartes-anteriores\/?page_id=36141"},"modified":"2016-12-01T16:54:44","modified_gmt":"2016-12-01T18:54:44","slug":"n20-recado-da-redacao","status":"publish","type":"page","link":"https:\/\/homolog.saopaulo.sp.leg.br\/apartes-anteriores\/revista-apartes\/numero-20\/n20-recado-da-redacao\/","title":{"rendered":"N\u00ba20 &#8211; Recado da Reda\u00e7\u00e3o"},"content":{"rendered":"<h1 class=\"p1\"><span style=\"color: #800000\"><b>Recado da Reda\u00e7\u00e3o<\/b><\/span><\/h1>\n<p class=\"p2\">O Zoneamento, principal lei aprovada no ano, \u00e9 tema da mat\u00e9ria de capa. Constru\u00edda por meio de uma parceria entre Executivo, Legislativo e a popula\u00e7\u00e3o de S\u00e3o Paulo, a legisla\u00e7\u00e3o planeja um futuro para que a cidade seja mais conectada, sustent\u00e1vel, amig\u00e1vel para os pedestres e com melhor aproveitamento dos espa\u00e7os.<\/p>\n<p class=\"p2\">Outra das grandes iniciativas da CMSP neste ano \u00e9 a cria\u00e7\u00e3o de seu Centro de Mem\u00f3ria. O objetivo \u00e9 disponibilizar ao p\u00fablico a rica hist\u00f3ria da institui\u00e7\u00e3o, criada em 1560 e palco de importantes epis\u00f3dios ao longo dos anos. Na mat\u00e9ria <i>Do ba\u00fa \u00e0 rede<\/i>, contamos um pouco mais sobre os projetos do Centro.<\/p>\n<p class=\"p2\">Como parte do plano de resgatar os fatos marcantes da C\u00e2mara Municipal, a <b>Apartes<\/b> mant\u00e9m se\u00e7\u00f5es que tratam de documentos relevantes e curiosos e tra\u00e7am o perfil de ex-vereadores. Esse material tamb\u00e9m faz parte do conte\u00fado do site do Centro de Mem\u00f3ria.<\/p>\n<p class=\"p2\">Nesta edi\u00e7\u00e3o, falamos do projeto que pretendia construir uma arena de touros na capital paulista. As touradas, heran\u00e7a dos imigrantes espanh\u00f3is, ocorriam na cidade at\u00e9 o in\u00edcio do s\u00e9culo 20, quando foram proibidas pelos vereadores. A arena seria uma tentativa de reativar a pr\u00e1tica. J\u00e1 o perfil traz um protagonista do in\u00edcio da constru\u00e7\u00e3o da cidade, o portugu\u00eas Jo\u00e3o Ramalho, respons\u00e1vel por uma alian\u00e7a entre os colonizadores e os ind\u00edgenas que garantiu a seguran\u00e7a da ent\u00e3o Vila de S\u00e3o Paulo de Piratininga.<\/p>\n<p class=\"p2\">Se as touradas eram uma divers\u00e3o de antigamente, o futebol faz a alegria de milh\u00f5es hoje em dia. Trazido da Inglaterra para o Brasil em 1894, por Charles Miller, o esporte caiu no gosto popular e se tornou o mais importante do Pa\u00eds. Fora dos gramados, o ponto triste dessa hist\u00f3ria \u00e9 a viol\u00eancia entre as torcidas dos maiores clubes do Estado. O assunto foi tema de uma CPI encerrada em abril na CMSP. As propostas para resolver os problemas desses conflitos entre as organizadas podem ser conferidas em <i>Para torcer em paz<\/i>.<\/p>\n<p class=\"p2\">Menos popular, mas n\u00e3o menos importante, o basquete chegou ao Brasil tamb\u00e9m em 1894, pelas m\u00e3os do professor norte-americano Augusto Shaw, que se mudou para S\u00e3o Paulo para dar aulas no Col\u00e9gio Mackenzie. Uma das estrelas de todos os tempos na modalidade \u00e9 Magic Paula, campe\u00e3 mundial e medalha de prata ol\u00edmpica. Entrevistada desta edi\u00e7\u00e3o, ela analisou os grandes eventos esportivos da atualidade brasileira e contou sobre sua experi\u00eancia em gest\u00e3o esportiva.<\/p>\n","protected":false},"excerpt":{"rendered":"<p>Recado da Reda\u00e7\u00e3o O Zoneamento, principal lei aprovada no ano, \u00e9 tema da mat\u00e9ria de capa. Constru\u00edda por meio de uma parceria entre Executivo, Legislativo e a popula\u00e7\u00e3o de S\u00e3o Paulo, a legisla\u00e7\u00e3o planeja um futuro para que a cidade seja mais conectada, sustent\u00e1vel, amig\u00e1vel para os pedestres e com melhor aproveitamento dos espa\u00e7os. Outra [&hellip;]<\/p>\n","protected":false},"author":109,"featured_media":0,"parent":36130,"menu_order":1,"comment_status":"closed","ping_status":"closed","template":"","meta":{"footnotes":""},"class_list":["post-36141","page","type-page","status-publish","hentry"],"meta_all":{"_edit_lock":["1480618487:109"],"_edit_last":["109"],"_wp_page_template":["default"],"_yoast_wpseo_content_score":["30"],"_cmsp_page_download-files":["a:1:{i:0;a:1:{s:4:\"type\";s:3:\"pdf\";}}"],"_yoast_wpseo_opengraph-title":["Recado da Reda\u00e7\u00e3o - Revista Apartes - edi\u00e7\u00e3o 20"],"_yoast_wpseo_twitter-title":["Recado da Reda\u00e7\u00e3o - Revista Apartes - edi\u00e7\u00e3o 20"],"_yoast_wpseo_bctitle":["Recado da Reda\u00e7\u00e3o"],"_yoast_wpseo_opengraph-description":["Recado da Reda\u00e7\u00e3o - Revista Apartes"],"_yoast_wpseo_twitter-description":["Recado da Reda\u00e7\u00e3o - Revista Apartes"]},"meta_all_2":{"_edit_lock":["1480618487:109"],"_edit_last":["109"],"_wp_page_template":["default"],"_yoast_wpseo_content_score":["30"],"_cmsp_page_download-files":["a:1:{i:0;a:1:{s:4:\"type\";s:3:\"pdf\";}}"],"_yoast_wpseo_opengraph-title":["Recado da Reda\u00e7\u00e3o - Revista Apartes - edi\u00e7\u00e3o 20"],"_yoast_wpseo_twitter-title":["Recado da Reda\u00e7\u00e3o - Revista Apartes - edi\u00e7\u00e3o 20"],"_yoast_wpseo_bctitle":["Recado da Reda\u00e7\u00e3o"],"_yoast_wpseo_opengraph-description":["Recado da Reda\u00e7\u00e3o - Revista Apartes"],"_yoast_wpseo_twitter-description":["Recado da Reda\u00e7\u00e3o - Revista Apartes"]},"yoast_head":"<!-- This site is optimized with the Yoast SEO plugin v27.4 - https:\/\/yoast.com\/product\/yoast-seo-wordpress\/ -->\r\n<title>N\u00ba20 - Recado da Reda\u00e7\u00e3o - Revista Apartes (edi\u00e7\u00f5es anteriores)<\/title>\r\n<meta name=\"robots\" content=\"noindex, follow, max-snippet:-1, max-image-preview:large, max-video-preview:-1\" \/>\r\n<meta property=\"og:locale\" content=\"pt_BR\" \/>\r\n<meta property=\"og:type\" content=\"article\" \/>\r\n<meta property=\"og:title\" content=\"Recado da Reda\u00e7\u00e3o - Revista Apartes - edi\u00e7\u00e3o 20\" \/>\r\n<meta property=\"og:description\" content=\"Recado da Reda\u00e7\u00e3o - Revista Apartes\" \/>\r\n<meta property=\"og:url\" content=\"https:\/\/www.saopaulo.sp.leg.br\/apartes-anteriores\/revista-apartes\/numero-20\/n20-recado-da-redacao\/\" \/>\r\n<meta property=\"og:site_name\" content=\"Revista Apartes (edi\u00e7\u00f5es anteriores)\" \/>\r\n<meta property=\"article:publisher\" content=\"https:\/\/www.facebook.com\/RevistaApartes\/\" \/>\r\n<meta property=\"article:modified_time\" content=\"2016-12-01T18:54:44+00:00\" \/>\r\n<meta name=\"twitter:card\" content=\"summary_large_image\" \/>\r\n<meta name=\"twitter:title\" content=\"Recado da Reda\u00e7\u00e3o - Revista Apartes - edi\u00e7\u00e3o 20\" \/>\r\n<meta name=\"twitter:description\" content=\"Recado da Reda\u00e7\u00e3o - Revista Apartes\" \/>\r\n<meta name=\"twitter:site\" content=\"@revistaapartes\" \/>\r\n<meta name=\"twitter:label1\" content=\"Est. tempo de leitura\" \/>\n\t<meta name=\"twitter:data1\" content=\"2 minutos\" \/>\r\n<script type=\"application\/ld+json\" class=\"yoast-schema-graph\">{\"@context\":\"https:\\\/\\\/schema.org\",\"@graph\":[{\"@type\":\"WebPage\",\"@id\":\"https:\\\/\\\/www.saopaulo.sp.leg.br\\\/apartes-anteriores\\\/revista-apartes\\\/numero-20\\\/n20-recado-da-redacao\\\/\",\"url\":\"https:\\\/\\\/www.saopaulo.sp.leg.br\\\/apartes-anteriores\\\/revista-apartes\\\/numero-20\\\/n20-recado-da-redacao\\\/\",\"name\":\"N\u00ba20 - Recado da Reda\u00e7\u00e3o - Revista Apartes (edi\u00e7\u00f5es anteriores)\",\"isPartOf\":{\"@id\":\"https:\\\/\\\/homolog.saopaulo.sp.leg.br\\\/apartes-anteriores\\\/#website\"},\"datePublished\":\"2016-07-12T20:33:56+00:00\",\"dateModified\":\"2016-12-01T18:54:44+00:00\",\"breadcrumb\":{\"@id\":\"https:\\\/\\\/www.saopaulo.sp.leg.br\\\/apartes-anteriores\\\/revista-apartes\\\/numero-20\\\/n20-recado-da-redacao\\\/#breadcrumb\"},\"inLanguage\":\"pt-BR\",\"potentialAction\":[{\"@type\":\"ReadAction\",\"target\":[\"https:\\\/\\\/www.saopaulo.sp.leg.br\\\/apartes-anteriores\\\/revista-apartes\\\/numero-20\\\/n20-recado-da-redacao\\\/\"]}]},{\"@type\":\"BreadcrumbList\",\"@id\":\"https:\\\/\\\/www.saopaulo.sp.leg.br\\\/apartes-anteriores\\\/revista-apartes\\\/numero-20\\\/n20-recado-da-redacao\\\/#breadcrumb\",\"itemListElement\":[{\"@type\":\"ListItem\",\"position\":1,\"name\":\"Home\",\"item\":\"https:\\\/\\\/www.saopaulo.sp.leg.br\\\/apartes-anteriores\\\/\"},{\"@type\":\"ListItem\",\"position\":2,\"name\":\"Revista Apartes\",\"item\":\"https:\\\/\\\/www.saopaulo.sp.leg.br\\\/apartes-anteriores\\\/\"},{\"@type\":\"ListItem\",\"position\":3,\"name\":\"Edi\u00e7\u00e3o 20\",\"item\":\"https:\\\/\\\/www.saopaulo.sp.leg.br\\\/apartes-anteriores\\\/revista-apartes\\\/numero-20\\\/\"},{\"@type\":\"ListItem\",\"position\":4,\"name\":\"Recado da Reda\u00e7\u00e3o\"}]},{\"@type\":\"WebSite\",\"@id\":\"https:\\\/\\\/homolog.saopaulo.sp.leg.br\\\/apartes-anteriores\\\/#website\",\"url\":\"https:\\\/\\\/homolog.saopaulo.sp.leg.br\\\/apartes-anteriores\\\/\",\"name\":\"Revista Apartes (edi\u00e7\u00f5es anteriores)\",\"description\":\"Revista Apartes (edi\u00e7\u00f5es anteriores)\",\"potentialAction\":[{\"@type\":\"SearchAction\",\"target\":{\"@type\":\"EntryPoint\",\"urlTemplate\":\"https:\\\/\\\/homolog.saopaulo.sp.leg.br\\\/apartes-anteriores\\\/?s={search_term_string}\"},\"query-input\":{\"@type\":\"PropertyValueSpecification\",\"valueRequired\":true,\"valueName\":\"search_term_string\"}}],\"inLanguage\":\"pt-BR\"}]}<\/script>\r\n<!-- \/ Yoast SEO plugin. -->","yoast_head_json":{"title":"N\u00ba20 - Recado da Reda\u00e7\u00e3o - Revista Apartes (edi\u00e7\u00f5es anteriores)","robots":{"index":"noindex","follow":"follow","max-snippet":"max-snippet:-1","max-image-preview":"max-image-preview:large","max-video-preview":"max-video-preview:-1"},"og_locale":"pt_BR","og_type":"article","og_title":"Recado da Reda\u00e7\u00e3o - Revista Apartes - edi\u00e7\u00e3o 20","og_description":"Recado da Reda\u00e7\u00e3o - Revista Apartes","og_url":"https:\/\/www.saopaulo.sp.leg.br\/apartes-anteriores\/revista-apartes\/numero-20\/n20-recado-da-redacao\/","og_site_name":"Revista Apartes (edi\u00e7\u00f5es anteriores)","article_publisher":"https:\/\/www.facebook.com\/RevistaApartes\/","article_modified_time":"2016-12-01T18:54:44+00:00","twitter_card":"summary_large_image","twitter_title":"Recado da Reda\u00e7\u00e3o - Revista Apartes - edi\u00e7\u00e3o 20","twitter_description":"Recado da Reda\u00e7\u00e3o - Revista Apartes","twitter_site":"@revistaapartes","twitter_misc":{"Est. tempo de leitura":"2 minutos"},"schema":{"@context":"https:\/\/schema.org","@graph":[{"@type":"WebPage","@id":"https:\/\/www.saopaulo.sp.leg.br\/apartes-anteriores\/revista-apartes\/numero-20\/n20-recado-da-redacao\/","url":"https:\/\/www.saopaulo.sp.leg.br\/apartes-anteriores\/revista-apartes\/numero-20\/n20-recado-da-redacao\/","name":"N\u00ba20 - Recado da Reda\u00e7\u00e3o - Revista Apartes (edi\u00e7\u00f5es anteriores)","isPartOf":{"@id":"https:\/\/homolog.saopaulo.sp.leg.br\/apartes-anteriores\/#website"},"datePublished":"2016-07-12T20:33:56+00:00","dateModified":"2016-12-01T18:54:44+00:00","breadcrumb":{"@id":"https:\/\/www.saopaulo.sp.leg.br\/apartes-anteriores\/revista-apartes\/numero-20\/n20-recado-da-redacao\/#breadcrumb"},"inLanguage":"pt-BR","potentialAction":[{"@type":"ReadAction","target":["https:\/\/www.saopaulo.sp.leg.br\/apartes-anteriores\/revista-apartes\/numero-20\/n20-recado-da-redacao\/"]}]},{"@type":"BreadcrumbList","@id":"https:\/\/www.saopaulo.sp.leg.br\/apartes-anteriores\/revista-apartes\/numero-20\/n20-recado-da-redacao\/#breadcrumb","itemListElement":[{"@type":"ListItem","position":1,"name":"Home","item":"https:\/\/www.saopaulo.sp.leg.br\/apartes-anteriores\/"},{"@type":"ListItem","position":2,"name":"Revista Apartes","item":"https:\/\/www.saopaulo.sp.leg.br\/apartes-anteriores\/"},{"@type":"ListItem","position":3,"name":"Edi\u00e7\u00e3o 20","item":"https:\/\/www.saopaulo.sp.leg.br\/apartes-anteriores\/revista-apartes\/numero-20\/"},{"@type":"ListItem","position":4,"name":"Recado da Reda\u00e7\u00e3o"}]},{"@type":"WebSite","@id":"https:\/\/homolog.saopaulo.sp.leg.br\/apartes-anteriores\/#website","url":"https:\/\/homolog.saopaulo.sp.leg.br\/apartes-anteriores\/","name":"Revista Apartes (edi\u00e7\u00f5es anteriores)","description":"Revista Apartes (edi\u00e7\u00f5es anteriores)","potentialAction":[{"@type":"SearchAction","target":{"@type":"EntryPoint","urlTemplate":"https:\/\/homolog.saopaulo.sp.leg.br\/apartes-anteriores\/?s={search_term_string}"},"query-input":{"@type":"PropertyValueSpecification","valueRequired":true,"valueName":"search_term_string"}}],"inLanguage":"pt-BR"}]}},"_links":{"self":[{"href":"https:\/\/homolog.saopaulo.sp.leg.br\/apartes-anteriores\/wp-json\/wp\/v2\/pages\/36141","targetHints":{"allow":["GET"]}}],"collection":[{"href":"https:\/\/homolog.saopaulo.sp.leg.br\/apartes-anteriores\/wp-json\/wp\/v2\/pages"}],"about":[{"href":"https:\/\/homolog.saopaulo.sp.leg.br\/apartes-anteriores\/wp-json\/wp\/v2\/types\/page"}],"author":[{"embeddable":true,"href":"https:\/\/homolog.saopaulo.sp.leg.br\/apartes-anteriores\/wp-json\/wp\/v2\/users\/109"}],"replies":[{"embeddable":true,"href":"https:\/\/homolog.saopaulo.sp.leg.br\/apartes-anteriores\/wp-json\/wp\/v2\/comments?post=36141"}],"version-history":[{"count":4,"href":"https:\/\/homolog.saopaulo.sp.leg.br\/apartes-anteriores\/wp-json\/wp\/v2\/pages\/36141\/revisions"}],"predecessor-version":[{"id":36159,"href":"https:\/\/homolog.saopaulo.sp.leg.br\/apartes-anteriores\/wp-json\/wp\/v2\/pages\/36141\/revisions\/36159"}],"up":[{"embeddable":true,"href":"https:\/\/homolog.saopaulo.sp.leg.br\/apartes-anteriores\/wp-json\/wp\/v2\/pages\/36130"}],"wp:attachment":[{"href":"https:\/\/homolog.saopaulo.sp.leg.br\/apartes-anteriores\/wp-json\/wp\/v2\/media?parent=36141"}],"curies":[{"name":"wp","href":"https:\/\/api.w.org\/{rel}","templated":true}]}}