{"id":36144,"date":"2016-07-12T17:36:34","date_gmt":"2016-07-12T20:36:34","guid":{"rendered":"http:\/\/homolog.saopaulo.sp.leg.br\/apartes-anteriores\/?page_id=36144"},"modified":"2021-10-06T16:52:02","modified_gmt":"2021-10-06T19:52:02","slug":"apartes-20-notas","status":"publish","type":"page","link":"https:\/\/homolog.saopaulo.sp.leg.br\/apartes-anteriores\/revista-apartes\/numero-20\/apartes-20-notas\/","title":{"rendered":"N\u00ba20 &#8211; Notas"},"content":{"rendered":"<h1><span style=\"color: #800000\"><b>Notas<\/b><\/span><\/h1>\n<h2 class=\"p2\"><b>CMSP premia a\u00e7\u00f5es sociais de escoteiros<\/b><\/h2>\n<figure id=\"attachment_36161\" aria-describedby=\"caption-attachment-36161\" style=\"width: 640px\" class=\"wp-caption aligncenter\"><a href=\"http:\/\/homolog.saopaulo.sp.leg.br\/apartes-anteriores\/wp-content\/uploads\/sites\/9\/2016\/07\/apartes_n20_01.jpg\"><img loading=\"lazy\" decoding=\"async\" class=\"wp-image-36161 size-large\" src=\"http:\/\/homolog.saopaulo.sp.leg.br\/apartes-anteriores\/wp-content\/uploads\/sites\/9\/2016\/07\/apartes_n20_01-1024x569.jpg\" alt=\"Escoteiro Guilherme Melo durante a Sess\u00e3o Solene | Foto: Ricardo Rocha\/CMSP\" width=\"640\" height=\"356\" srcset=\"https:\/\/homolog.saopaulo.sp.leg.br\/apartes-anteriores\/wp-content\/uploads\/sites\/9\/2016\/07\/apartes_n20_01-1024x569.jpg 1024w, https:\/\/homolog.saopaulo.sp.leg.br\/apartes-anteriores\/wp-content\/uploads\/sites\/9\/2016\/07\/apartes_n20_01-300x167.jpg 300w, https:\/\/homolog.saopaulo.sp.leg.br\/apartes-anteriores\/wp-content\/uploads\/sites\/9\/2016\/07\/apartes_n20_01-768x427.jpg 768w, https:\/\/homolog.saopaulo.sp.leg.br\/apartes-anteriores\/wp-content\/uploads\/sites\/9\/2016\/07\/apartes_n20_01.jpg 1195w\" sizes=\"auto, (max-width: 640px) 100vw, 640px\" \/><\/a><figcaption id=\"caption-attachment-36161\" class=\"wp-caption-text\">Escoteiro Guilherme Melo durante a Sess\u00e3o Solene | Foto: Ricardo Rocha\/CMSP<\/figcaption><\/figure>\n<p class=\"p3\">O Pr\u00eamio M\u00e1rio Covas J\u00fanior de A\u00e7\u00e3o Volunt\u00e1ria foi entregue na C\u00e2mara Municipal de S\u00e3o Paulo (CMSP) no dia 25 de abril. Criado em 2003, a premia\u00e7\u00e3o anual celebra a\u00e7\u00f5es volunt\u00e1rias da inf\u00e2ncia e juventude realizadas na cidade, por personalidades e institui\u00e7\u00f5es escoteiras.<\/p>\n<p class=\"p3\">Receberam o Trof\u00e9u Escotista M\u00e1rio Covas J\u00fanior de A\u00e7\u00e3o Volunt\u00e1ria a Grande Loja Ma\u00e7\u00f4nica do Estado de S\u00e3o Paulo (Glesp) e as associa\u00e7\u00f5es Cruz Verde e Os Independentes. Receberam a Medalha Escotista M\u00e1rio Covas J\u00fanior de A\u00e7\u00e3o Volunt\u00e1ria o diretor nacional da Uni\u00e3o dos Escoteiros do Brasil (UEB), Antonio L\u00edvio Abra\u00e7os, e os escoteiros Alexandre Banchi e V\u00e2nia Ferrari. A Salva de Prata foi entregue \u00e0 escoteira Gabriela Bento de Paula.<\/p>\n<p class=\"p3\">Estiveram na cerim\u00f4nia representantes da CMSP; Sylvio Corbari, da Glesp; a coordenadora da Comiss\u00e3o Municipal do Movimento Escoteiro Bandeirante (Comeb), Regina Maura; e os escoteiros \u00c1lvaro Tavares e Jos\u00e9 Mauro Perez. A entrega do pr\u00eamio ocorre sempre em data pr\u00f3xima a 23 de abril, Dia Mundial dos Escoteiros.<\/p>\n<h2 class=\"p2\"><b>Novas edi\u00e7\u00f5es da revista Parlamento e Sociedade est\u00e3o dispon\u00edveis<\/b><\/h2>\n<p class=\"p3\">A Escola do Parlamento da CMSP lan\u00e7ou mais duas edi\u00e7\u00f5es da revista <i>Parlamento e Sociedade<\/i>, com um dossi\u00ea do Ciclo de Debates sobre Reforma Pol\u00edtica. Os debates ocorreram entre maio e junho de 2015, foram organizados pela Escola e deram origem \u00e0s edi\u00e7\u00f5es 4 e 5.<\/p>\n<p class=\"p3\">Todos os n\u00fameros da revista, al\u00e9m de outras publica\u00e7\u00f5es da Escola do Parlamento, est\u00e3o dispon\u00edveis no portal da C\u00e2mara, no endere\u00e7o <a href=\"https:\/\/homolog.saopaulo.sp.leg.br\/escoladoparlamento\/publicacoes\/parlamento-e-sociedade\/\"><i>homolog.saopaulo.sp.leg.br\/escoladoparlamento\/publicacoes\/revistas-e-livros<\/i><\/a>.<\/p>\n<h2 class=\"p2\"><b>CPI investiga contratos do Theatro Municipal<\/b><\/h2>\n<p class=\"p3\">A C\u00e2mara Municipal de S\u00e3o Paulo instalou, em 8 de junho, a Comiss\u00e3o Parlamentar de Inqu\u00e9rito (CPI) para analisar os contratos e conv\u00eanios realizados pela Funda\u00e7\u00e3o Theatro Municipal de S\u00e3o Paulo.<\/p>\n<p class=\"p3\">O pedido para abertura da CPI se originou a partir das den\u00fancias sobre o desvio de dinheiro p\u00fablico do Theatro. O trabalho est\u00e1 previsto para durar 120 dias, prorrog\u00e1vel por igual per\u00edodo.<\/p>\n<h2 class=\"p2\"><b>Hotsite permite debater a Opera\u00e7\u00e3o Tamanduate\u00ed<\/b><\/h2>\n<figure id=\"attachment_36162\" aria-describedby=\"caption-attachment-36162\" style=\"width: 640px\" class=\"wp-caption aligncenter\"><img loading=\"lazy\" decoding=\"async\" class=\"size-large wp-image-36162\" src=\"http:\/\/homolog.saopaulo.sp.leg.br\/apartes-anteriores\/wp-content\/uploads\/sites\/9\/2016\/07\/apartes_n20_02-1024x809.jpg\" alt=\"Reprodu\u00e7\u00e3o\" width=\"640\" height=\"506\" srcset=\"https:\/\/homolog.saopaulo.sp.leg.br\/apartes-anteriores\/wp-content\/uploads\/sites\/9\/2016\/07\/apartes_n20_02-1024x809.jpg 1024w, https:\/\/homolog.saopaulo.sp.leg.br\/apartes-anteriores\/wp-content\/uploads\/sites\/9\/2016\/07\/apartes_n20_02-300x237.jpg 300w, https:\/\/homolog.saopaulo.sp.leg.br\/apartes-anteriores\/wp-content\/uploads\/sites\/9\/2016\/07\/apartes_n20_02-768x607.jpg 768w, https:\/\/homolog.saopaulo.sp.leg.br\/apartes-anteriores\/wp-content\/uploads\/sites\/9\/2016\/07\/apartes_n20_02.jpg 1189w\" sizes=\"auto, (max-width: 640px) 100vw, 640px\" \/><figcaption id=\"caption-attachment-36162\" class=\"wp-caption-text\">Reprodu\u00e7\u00e3o<\/figcaption><\/figure>\n<p class=\"p3\">A C\u00e2mara Municipal lan\u00e7ou um hotsite, hospedado no portal da C\u00e2mara, sobre o projeto de lei (PL) 723\/2015. O PL, de autoria do Poder Executivo, trata dos objetivos, estrat\u00e9gias e mecanismos para se implementar a Opera\u00e7\u00e3o Urbana Bairros do Tamanduate\u00ed, que est\u00e1 integrada \u00e0s diretrizes e estrat\u00e9gias para a melhoria da cidade.<\/p>\n<p class=\"p3\">No hotsite, \u00e9 poss\u00edvel enviar sugest\u00f5es para o projeto, consultar as datas das audi\u00eancias p\u00fablicas, acessar o que j\u00e1 foi discutido e conhecer mais sobre o PL, com documentos, mapas e quadros que descrevem a regi\u00e3o do Tamanduate\u00ed. O endere\u00e7o \u00e9 <a href=\"http:\/\/homolog.saopaulo.sp.leg.br\/tamanduatei\"><i>homolog.saopaulo.sp.leg.br\/tamanduatei<\/i><\/a>.<\/p>\n<h2 class=\"p2\"><b>C\u00e2mara faz parceria com Unifesp para oferecer cursos<\/b><\/h2>\n<p class=\"p3\">A C\u00e2mara de Vereadores assinou uma parceria com a Universidade Federal de S\u00e3o Paulo (Unifesp) para a realiza\u00e7\u00e3o de cursos de extens\u00e3o, em conjunto com a Escola do Parlamento.<\/p>\n<p class=\"p3\">Segundo a reitora da universidade, Soraya Soubhi Smaili, \u201co programa de ensino em conjunto com a C\u00e2mara \u00e9 uma forma de a universidade levar seus especialistas e aprendizado para os mun\u00edcipes\u201d.<\/p>\n<p class=\"p3\">O primeiro curso oferecido \u00e9 de direitos humanos, com in\u00edcio em agosto, que ser\u00e1 dividido em tr\u00eas m\u00f3dulos, com dura\u00e7\u00e3o aproximada de um m\u00eas cada. Ser\u00e3o disponibilizadas 150 vagas por m\u00f3dulo, distribu\u00eddas entre servidores t\u00e9cnicos administrativos da universidade, alunos da Unifesp, servidores da Prefeitura de S\u00e3o Paulo, da CMSP e outros interessados. O curso ter\u00e1 aulas presenciais e a dist\u00e2ncia.<\/p>\n<table>\n<tbody>\n<tr>\n<td width=\"691\">\n<h2><span style=\"color: #800000\"><strong>ERRATA<\/strong><\/span><\/h2>\n<p>Na reportagem Para ler o mundo, publicada na edi\u00e7\u00e3o 19, o nome correto do livro da poeta Thayaneddy Alves \u00e9 Em retic\u00eancias, e n\u00e3o Entre retic\u00eancias. O Sarau da Ponte para C\u00e1, organizado por ela, ocorre em Campo Limpo, zona sul de S\u00e3o Paulo, e n\u00e3o em Tabo\u00e3o da Serra (SP).<\/td>\n<\/tr>\n<\/tbody>\n<\/table>\n<h1 class=\"p1\"><\/h1>\n<table>\n<tbody>\n<tr>\n<td width=\"691\">\n<h2><span style=\"color: #800000\"><strong>APARTE DO LEITOR<\/strong><\/span><\/h2>\n<h4><strong>Perfil Jo\u00e3o Ribeiro de Barros &#8211;\u00a0<em><span style=\"color: #999999\">Edi\u00e7\u00e3o 19<\/span><\/em><\/strong><\/h4>\n<blockquote><p>\u201cA mat\u00e9ria sobre o Jah\u00fa \u00e9 excelente, seja como texto ou como reporte hist\u00f3rico. Revela particulares da C\u00e2mara que eu desconhecia. A \u00fanica observa\u00e7\u00e3o se refere ao epis\u00f3dio da sabotagem por parte dos italianos. N\u00e3o d\u00e1 para entender por que meus patr\u00edcios deveriam sabotar o avi\u00e3o depois de t\u00ea-lo vendido e com total interesse comercial e publicit\u00e1rio que o voo tivesse sucesso.<br \/>\nNenhuma inveja ou ressentimento. Provavelmente, foi uma pol\u00eamica montada a posteriori para tornar ainda mais heroico um fato hist\u00f3rico t\u00e3o importante, desconhecido e n\u00e3o divulgado da hist\u00f3ria do Brasil. O voo de Jo\u00e3o de Barros foi anterior ao feito por (Charles) Lindbergh, em 1927. S\u00f3 que o Brasil n\u00e3o costuma cultivar seus her\u00f3is como fazem muito bem Estados Unidos e pa\u00edses da Europa. Assim, ap\u00f3s quase 100 anos da travessia, poucos conhecem essa hist\u00f3ria, poucos visitam o Jah\u00fa no Museu da TAM (agora fechado). \u00danico avi\u00e3o do tipo remanescente no mundo. Um valor hist\u00f3rico imensur\u00e1vel e econ\u00f4mico.\u201d<br \/>\n<strong><span style=\"color: #808080\">Enrico Vezzani<\/span><\/strong><br \/>\n<span style=\"color: #808080\"> Presidente da Associazione Arma Aeronautica \u2013 Brasil<\/span><\/p><\/blockquote>\n<blockquote><p>\u201cAdorei como produziram a mat\u00e9ria sobre o Jo\u00e3o, ele merece boa aten\u00e7\u00e3o e an\u00e1lises. Voc\u00eas fizeram com muito talento, parab\u00e9ns!\u201d<br \/>\n<strong><span style=\"color: #808080\">Marcus Carmo<\/span><\/strong><br \/>\n<span style=\"color: #808080\"> Historiador<\/span><\/p><\/blockquote>\n<h4><strong>Reportagem Para ler o mundo &#8211;\u00a0<em><span style=\"color: #999999\">Edi\u00e7\u00e3o 19<\/span><\/em><\/strong><\/h4>\n<blockquote><p>\u201cParab\u00e9ns pela reportagem. \u00c9 um excelente diagn\u00f3stico\/est\u00edmulo \u00e0 leitura em S\u00e3o Paulo.\u201d<br \/>\n<strong><span style=\"color: #808080\"><em>Jos\u00e9 Renato Nalini<\/em><\/span><\/strong><br \/>\n<span style=\"color: #808080\"><em> Secret\u00e1rio de Educa\u00e7\u00e3o do Est. de SP<\/em><\/span><\/p><\/blockquote>\n<\/td>\n<\/tr>\n<\/tbody>\n<\/table>\n","protected":false},"excerpt":{"rendered":"<p>Notas CMSP premia a\u00e7\u00f5es sociais de escoteiros O Pr\u00eamio M\u00e1rio Covas J\u00fanior de A\u00e7\u00e3o Volunt\u00e1ria foi entregue na C\u00e2mara Municipal de S\u00e3o Paulo (CMSP) no dia 25 de abril. Criado em 2003, a premia\u00e7\u00e3o anual celebra a\u00e7\u00f5es volunt\u00e1rias da inf\u00e2ncia e juventude realizadas na cidade, por personalidades e institui\u00e7\u00f5es escoteiras. Receberam o Trof\u00e9u Escotista M\u00e1rio [&hellip;]<\/p>\n","protected":false},"author":109,"featured_media":0,"parent":36130,"menu_order":2,"comment_status":"closed","ping_status":"closed","template":"","meta":{"footnotes":""},"class_list":["post-36144","page","type-page","status-publish","hentry"],"meta_all":{"_edit_lock":["1480618408:109"],"_edit_last":["109"],"_wp_page_template":["default"],"_yoast_wpseo_content_score":["60"],"_cmsp_page_download-files":["a:1:{i:0;a:1:{s:4:\"type\";s:3:\"pdf\";}}"],"_yoast_wpseo_opengraph-title":["Notas - Revista Apartes - Edi\u00e7\u00e3o 20"],"_yoast_wpseo_twitter-title":["Notas - Revista Apartes - Edi\u00e7\u00e3o 20"],"_yoast_wpseo_bctitle":["Notas"],"_yoast_wpseo_opengraph-description":["Notas - Revista Apartes"],"_yoast_wpseo_twitter-description":["Notas - Revista Apartes"]},"meta_all_2":{"_edit_lock":["1480618408:109"],"_edit_last":["109"],"_wp_page_template":["default"],"_yoast_wpseo_content_score":["60"],"_cmsp_page_download-files":["a:1:{i:0;a:1:{s:4:\"type\";s:3:\"pdf\";}}"],"_yoast_wpseo_opengraph-title":["Notas - Revista Apartes - Edi\u00e7\u00e3o 20"],"_yoast_wpseo_twitter-title":["Notas - Revista Apartes - Edi\u00e7\u00e3o 20"],"_yoast_wpseo_bctitle":["Notas"],"_yoast_wpseo_opengraph-description":["Notas - Revista Apartes"],"_yoast_wpseo_twitter-description":["Notas - Revista Apartes"]},"yoast_head":"<!-- This site is optimized with the Yoast SEO plugin v27.4 - https:\/\/yoast.com\/product\/yoast-seo-wordpress\/ -->\r\n<title>N\u00ba20 - Notas - Revista Apartes (edi\u00e7\u00f5es anteriores)<\/title>\r\n<meta name=\"robots\" content=\"noindex, follow, max-snippet:-1, max-image-preview:large, max-video-preview:-1\" \/>\r\n<meta property=\"og:locale\" content=\"pt_BR\" \/>\r\n<meta property=\"og:type\" content=\"article\" \/>\r\n<meta property=\"og:title\" content=\"Notas - Revista Apartes - Edi\u00e7\u00e3o 20\" \/>\r\n<meta property=\"og:description\" content=\"Notas - Revista Apartes\" \/>\r\n<meta property=\"og:url\" content=\"https:\/\/www.saopaulo.sp.leg.br\/apartes-anteriores\/revista-apartes\/numero-20\/apartes-20-notas\/\" \/>\r\n<meta property=\"og:site_name\" content=\"Revista Apartes (edi\u00e7\u00f5es anteriores)\" \/>\r\n<meta property=\"article:publisher\" content=\"https:\/\/www.facebook.com\/RevistaApartes\/\" \/>\r\n<meta property=\"article:modified_time\" content=\"2021-10-06T19:52:02+00:00\" \/>\r\n<meta property=\"og:image\" content=\"http:\/\/www.saopaulo.sp.leg.br\/apartes-anteriores\/wp-content\/uploads\/sites\/9\/2016\/07\/apartes_n20_01-1024x569.jpg\" \/>\r\n<meta name=\"twitter:card\" content=\"summary_large_image\" \/>\r\n<meta name=\"twitter:title\" content=\"Notas - Revista Apartes - Edi\u00e7\u00e3o 20\" \/>\r\n<meta name=\"twitter:description\" content=\"Notas - Revista Apartes\" \/>\r\n<meta name=\"twitter:site\" content=\"@revistaapartes\" \/>\r\n<meta name=\"twitter:label1\" content=\"Est. tempo de leitura\" \/>\n\t<meta name=\"twitter:data1\" content=\"5 minutos\" \/>\r\n<script type=\"application\/ld+json\" class=\"yoast-schema-graph\">{\"@context\":\"https:\\\/\\\/schema.org\",\"@graph\":[{\"@type\":\"WebPage\",\"@id\":\"https:\\\/\\\/www.saopaulo.sp.leg.br\\\/apartes-anteriores\\\/revista-apartes\\\/numero-20\\\/apartes-20-notas\\\/\",\"url\":\"https:\\\/\\\/www.saopaulo.sp.leg.br\\\/apartes-anteriores\\\/revista-apartes\\\/numero-20\\\/apartes-20-notas\\\/\",\"name\":\"N\u00ba20 - Notas - Revista Apartes (edi\u00e7\u00f5es anteriores)\",\"isPartOf\":{\"@id\":\"https:\\\/\\\/homolog.saopaulo.sp.leg.br\\\/apartes-anteriores\\\/#website\"},\"primaryImageOfPage\":{\"@id\":\"https:\\\/\\\/www.saopaulo.sp.leg.br\\\/apartes-anteriores\\\/revista-apartes\\\/numero-20\\\/apartes-20-notas\\\/#primaryimage\"},\"image\":{\"@id\":\"https:\\\/\\\/www.saopaulo.sp.leg.br\\\/apartes-anteriores\\\/revista-apartes\\\/numero-20\\\/apartes-20-notas\\\/#primaryimage\"},\"thumbnailUrl\":\"http:\\\/\\\/homolog.saopaulo.sp.leg.br\\\/apartes-anteriores\\\/wp-content\\\/uploads\\\/sites\\\/9\\\/2016\\\/07\\\/apartes_n20_01-1024x569.jpg\",\"datePublished\":\"2016-07-12T20:36:34+00:00\",\"dateModified\":\"2021-10-06T19:52:02+00:00\",\"breadcrumb\":{\"@id\":\"https:\\\/\\\/www.saopaulo.sp.leg.br\\\/apartes-anteriores\\\/revista-apartes\\\/numero-20\\\/apartes-20-notas\\\/#breadcrumb\"},\"inLanguage\":\"pt-BR\",\"potentialAction\":[{\"@type\":\"ReadAction\",\"target\":[\"https:\\\/\\\/www.saopaulo.sp.leg.br\\\/apartes-anteriores\\\/revista-apartes\\\/numero-20\\\/apartes-20-notas\\\/\"]}]},{\"@type\":\"ImageObject\",\"inLanguage\":\"pt-BR\",\"@id\":\"https:\\\/\\\/www.saopaulo.sp.leg.br\\\/apartes-anteriores\\\/revista-apartes\\\/numero-20\\\/apartes-20-notas\\\/#primaryimage\",\"url\":\"https:\\\/\\\/homolog.saopaulo.sp.leg.br\\\/apartes-anteriores\\\/wp-content\\\/uploads\\\/sites\\\/9\\\/2016\\\/07\\\/apartes_n20_01.jpg\",\"contentUrl\":\"https:\\\/\\\/homolog.saopaulo.sp.leg.br\\\/apartes-anteriores\\\/wp-content\\\/uploads\\\/sites\\\/9\\\/2016\\\/07\\\/apartes_n20_01.jpg\",\"width\":1195,\"height\":664,\"caption\":\"Escoteiro Guilherme Melo durante a Sess\u00e3o Solene | Foto: Ricardo Rocha\\\/CMSP\"},{\"@type\":\"BreadcrumbList\",\"@id\":\"https:\\\/\\\/www.saopaulo.sp.leg.br\\\/apartes-anteriores\\\/revista-apartes\\\/numero-20\\\/apartes-20-notas\\\/#breadcrumb\",\"itemListElement\":[{\"@type\":\"ListItem\",\"position\":1,\"name\":\"Home\",\"item\":\"https:\\\/\\\/www.saopaulo.sp.leg.br\\\/apartes-anteriores\\\/\"},{\"@type\":\"ListItem\",\"position\":2,\"name\":\"Revista Apartes\",\"item\":\"https:\\\/\\\/www.saopaulo.sp.leg.br\\\/apartes-anteriores\\\/\"},{\"@type\":\"ListItem\",\"position\":3,\"name\":\"Edi\u00e7\u00e3o 20\",\"item\":\"https:\\\/\\\/www.saopaulo.sp.leg.br\\\/apartes-anteriores\\\/revista-apartes\\\/numero-20\\\/\"},{\"@type\":\"ListItem\",\"position\":4,\"name\":\"Notas\"}]},{\"@type\":\"WebSite\",\"@id\":\"https:\\\/\\\/homolog.saopaulo.sp.leg.br\\\/apartes-anteriores\\\/#website\",\"url\":\"https:\\\/\\\/homolog.saopaulo.sp.leg.br\\\/apartes-anteriores\\\/\",\"name\":\"Revista Apartes (edi\u00e7\u00f5es anteriores)\",\"description\":\"Revista Apartes (edi\u00e7\u00f5es anteriores)\",\"potentialAction\":[{\"@type\":\"SearchAction\",\"target\":{\"@type\":\"EntryPoint\",\"urlTemplate\":\"https:\\\/\\\/homolog.saopaulo.sp.leg.br\\\/apartes-anteriores\\\/?s={search_term_string}\"},\"query-input\":{\"@type\":\"PropertyValueSpecification\",\"valueRequired\":true,\"valueName\":\"search_term_string\"}}],\"inLanguage\":\"pt-BR\"}]}<\/script>\r\n<!-- \/ Yoast SEO plugin. -->","yoast_head_json":{"title":"N\u00ba20 - Notas - Revista Apartes (edi\u00e7\u00f5es anteriores)","robots":{"index":"noindex","follow":"follow","max-snippet":"max-snippet:-1","max-image-preview":"max-image-preview:large","max-video-preview":"max-video-preview:-1"},"og_locale":"pt_BR","og_type":"article","og_title":"Notas - Revista Apartes - Edi\u00e7\u00e3o 20","og_description":"Notas - Revista Apartes","og_url":"https:\/\/www.saopaulo.sp.leg.br\/apartes-anteriores\/revista-apartes\/numero-20\/apartes-20-notas\/","og_site_name":"Revista Apartes (edi\u00e7\u00f5es anteriores)","article_publisher":"https:\/\/www.facebook.com\/RevistaApartes\/","article_modified_time":"2021-10-06T19:52:02+00:00","og_image":[{"url":"http:\/\/www.saopaulo.sp.leg.br\/apartes-anteriores\/wp-content\/uploads\/sites\/9\/2016\/07\/apartes_n20_01-1024x569.jpg","type":"","width":"","height":""}],"twitter_card":"summary_large_image","twitter_title":"Notas - Revista Apartes - Edi\u00e7\u00e3o 20","twitter_description":"Notas - Revista Apartes","twitter_site":"@revistaapartes","twitter_misc":{"Est. tempo de leitura":"5 minutos"},"schema":{"@context":"https:\/\/schema.org","@graph":[{"@type":"WebPage","@id":"https:\/\/www.saopaulo.sp.leg.br\/apartes-anteriores\/revista-apartes\/numero-20\/apartes-20-notas\/","url":"https:\/\/www.saopaulo.sp.leg.br\/apartes-anteriores\/revista-apartes\/numero-20\/apartes-20-notas\/","name":"N\u00ba20 - Notas - Revista Apartes (edi\u00e7\u00f5es anteriores)","isPartOf":{"@id":"https:\/\/homolog.saopaulo.sp.leg.br\/apartes-anteriores\/#website"},"primaryImageOfPage":{"@id":"https:\/\/www.saopaulo.sp.leg.br\/apartes-anteriores\/revista-apartes\/numero-20\/apartes-20-notas\/#primaryimage"},"image":{"@id":"https:\/\/www.saopaulo.sp.leg.br\/apartes-anteriores\/revista-apartes\/numero-20\/apartes-20-notas\/#primaryimage"},"thumbnailUrl":"http:\/\/homolog.saopaulo.sp.leg.br\/apartes-anteriores\/wp-content\/uploads\/sites\/9\/2016\/07\/apartes_n20_01-1024x569.jpg","datePublished":"2016-07-12T20:36:34+00:00","dateModified":"2021-10-06T19:52:02+00:00","breadcrumb":{"@id":"https:\/\/www.saopaulo.sp.leg.br\/apartes-anteriores\/revista-apartes\/numero-20\/apartes-20-notas\/#breadcrumb"},"inLanguage":"pt-BR","potentialAction":[{"@type":"ReadAction","target":["https:\/\/www.saopaulo.sp.leg.br\/apartes-anteriores\/revista-apartes\/numero-20\/apartes-20-notas\/"]}]},{"@type":"ImageObject","inLanguage":"pt-BR","@id":"https:\/\/www.saopaulo.sp.leg.br\/apartes-anteriores\/revista-apartes\/numero-20\/apartes-20-notas\/#primaryimage","url":"https:\/\/homolog.saopaulo.sp.leg.br\/apartes-anteriores\/wp-content\/uploads\/sites\/9\/2016\/07\/apartes_n20_01.jpg","contentUrl":"https:\/\/homolog.saopaulo.sp.leg.br\/apartes-anteriores\/wp-content\/uploads\/sites\/9\/2016\/07\/apartes_n20_01.jpg","width":1195,"height":664,"caption":"Escoteiro Guilherme Melo durante a Sess\u00e3o Solene | Foto: Ricardo Rocha\/CMSP"},{"@type":"BreadcrumbList","@id":"https:\/\/www.saopaulo.sp.leg.br\/apartes-anteriores\/revista-apartes\/numero-20\/apartes-20-notas\/#breadcrumb","itemListElement":[{"@type":"ListItem","position":1,"name":"Home","item":"https:\/\/www.saopaulo.sp.leg.br\/apartes-anteriores\/"},{"@type":"ListItem","position":2,"name":"Revista Apartes","item":"https:\/\/www.saopaulo.sp.leg.br\/apartes-anteriores\/"},{"@type":"ListItem","position":3,"name":"Edi\u00e7\u00e3o 20","item":"https:\/\/www.saopaulo.sp.leg.br\/apartes-anteriores\/revista-apartes\/numero-20\/"},{"@type":"ListItem","position":4,"name":"Notas"}]},{"@type":"WebSite","@id":"https:\/\/homolog.saopaulo.sp.leg.br\/apartes-anteriores\/#website","url":"https:\/\/homolog.saopaulo.sp.leg.br\/apartes-anteriores\/","name":"Revista Apartes (edi\u00e7\u00f5es anteriores)","description":"Revista Apartes (edi\u00e7\u00f5es anteriores)","potentialAction":[{"@type":"SearchAction","target":{"@type":"EntryPoint","urlTemplate":"https:\/\/homolog.saopaulo.sp.leg.br\/apartes-anteriores\/?s={search_term_string}"},"query-input":{"@type":"PropertyValueSpecification","valueRequired":true,"valueName":"search_term_string"}}],"inLanguage":"pt-BR"}]}},"_links":{"self":[{"href":"https:\/\/homolog.saopaulo.sp.leg.br\/apartes-anteriores\/wp-json\/wp\/v2\/pages\/36144","targetHints":{"allow":["GET"]}}],"collection":[{"href":"https:\/\/homolog.saopaulo.sp.leg.br\/apartes-anteriores\/wp-json\/wp\/v2\/pages"}],"about":[{"href":"https:\/\/homolog.saopaulo.sp.leg.br\/apartes-anteriores\/wp-json\/wp\/v2\/types\/page"}],"author":[{"embeddable":true,"href":"https:\/\/homolog.saopaulo.sp.leg.br\/apartes-anteriores\/wp-json\/wp\/v2\/users\/109"}],"replies":[{"embeddable":true,"href":"https:\/\/homolog.saopaulo.sp.leg.br\/apartes-anteriores\/wp-json\/wp\/v2\/comments?post=36144"}],"version-history":[{"count":5,"href":"https:\/\/homolog.saopaulo.sp.leg.br\/apartes-anteriores\/wp-json\/wp\/v2\/pages\/36144\/revisions"}],"predecessor-version":[{"id":42120,"href":"https:\/\/homolog.saopaulo.sp.leg.br\/apartes-anteriores\/wp-json\/wp\/v2\/pages\/36144\/revisions\/42120"}],"up":[{"embeddable":true,"href":"https:\/\/homolog.saopaulo.sp.leg.br\/apartes-anteriores\/wp-json\/wp\/v2\/pages\/36130"}],"wp:attachment":[{"href":"https:\/\/homolog.saopaulo.sp.leg.br\/apartes-anteriores\/wp-json\/wp\/v2\/media?parent=36144"}],"curies":[{"name":"wp","href":"https:\/\/api.w.org\/{rel}","templated":true}]}}