{"id":36148,"date":"2016-07-12T17:41:00","date_gmt":"2016-07-12T20:41:00","guid":{"rendered":"http:\/\/homolog.saopaulo.sp.leg.br\/apartes-anteriores\/?page_id=36148"},"modified":"2021-10-06T14:15:25","modified_gmt":"2021-10-06T17:15:25","slug":"para-torcer-em-paz","status":"publish","type":"page","link":"https:\/\/homolog.saopaulo.sp.leg.br\/apartes-anteriores\/revista-apartes\/numero-20\/para-torcer-em-paz\/","title":{"rendered":"N\u00ba20 &#8211; CPI"},"content":{"rendered":"<h1 class=\"p1\"><b><\/b><span style=\"color: #800000\"><b>Para torcer em paz<\/b><\/span><\/h1>\n<h2 class=\"p3\">Comiss\u00e3o recomenda responsabiliza\u00e7\u00e3o de torcidas, clubes e federa\u00e7\u00f5es para combater a viol\u00eancia no futebol<\/h2>\n<p class=\"p4\"><strong>Fausto Salvadori<\/strong><b> | <\/b>fausto@saopaulo.sp.leg.br<\/p>\n<figure id=\"attachment_36166\" aria-describedby=\"caption-attachment-36166\" style=\"width: 640px\" class=\"wp-caption aligncenter\"><a href=\"http:\/\/homolog.saopaulo.sp.leg.br\/apartes-anteriores\/wp-content\/uploads\/sites\/9\/2016\/07\/apartes_n20_06.jpg\"><img loading=\"lazy\" decoding=\"async\" class=\"size-large wp-image-36166\" src=\"http:\/\/homolog.saopaulo.sp.leg.br\/apartes-anteriores\/wp-content\/uploads\/sites\/9\/2016\/07\/apartes_n20_06-1024x836.jpg\" alt=\"ESTRAT\u00c9GIA - Uma das conclus\u00f5es da CPI \u00e9 que n\u00e3o adianta proibir as organizadas | Foto:\u00a0Paulo Pinto\/Fotos P\u00fablicas\" width=\"640\" height=\"523\" srcset=\"https:\/\/homolog.saopaulo.sp.leg.br\/apartes-anteriores\/wp-content\/uploads\/sites\/9\/2016\/07\/apartes_n20_06-1024x836.jpg 1024w, https:\/\/homolog.saopaulo.sp.leg.br\/apartes-anteriores\/wp-content\/uploads\/sites\/9\/2016\/07\/apartes_n20_06-300x245.jpg 300w, https:\/\/homolog.saopaulo.sp.leg.br\/apartes-anteriores\/wp-content\/uploads\/sites\/9\/2016\/07\/apartes_n20_06-768x627.jpg 768w, https:\/\/homolog.saopaulo.sp.leg.br\/apartes-anteriores\/wp-content\/uploads\/sites\/9\/2016\/07\/apartes_n20_06.jpg 1194w\" sizes=\"auto, (max-width: 640px) 100vw, 640px\" \/><\/a><figcaption id=\"caption-attachment-36166\" class=\"wp-caption-text\">ESTRAT\u00c9GIA &#8211; Uma das conclus\u00f5es da CPI \u00e9 que n\u00e3o adianta proibir as organizadas | Foto:\u00a0Paulo Pinto\/Fotos P\u00fablicas<\/figcaption><\/figure>\n<p class=\"p4\">Em vez de inimigas, parceiras. A Comiss\u00e3o Parlamentar de Inqu\u00e9rito (CPI) que analisou as torcidas organizadas concluiu, ap\u00f3s nove meses de trabalho, que o caminho para eliminar a viol\u00eancia no futebol n\u00e3o passa pela proibi\u00e7\u00e3o de organiza\u00e7\u00f5es, mas pela atua\u00e7\u00e3o conjunta de todos os envolvidos com o futebol na tarefa de garantir a paz no esporte: torcedores, clubes, federa\u00e7\u00f5es e confedera\u00e7\u00f5es.<\/p>\n<p class=\"p4\">Segundo o relat\u00f3rio da comiss\u00e3o, impedir as organizadas de existirem n\u00e3o \u00e9 poss\u00edvel nem do ponto de vista pr\u00e1tico, porque torcedores sempre v\u00e3o se juntar, e nem sob o aspecto legal, porque a Constitui\u00e7\u00e3o garante a liberdade de associa\u00e7\u00e3o. O texto aponta que as autoridades erraram ao adotar a sa\u00edda mais f\u00e1cil de perseguir as torcidas organizadas no lugar do trabalho mais complexo de identificar e punir os indiv\u00edduos que cometem os danos e as agress\u00f5es. \u201cGostem ou n\u00e3o alguns, a torcida organizada \u00e9 parte do espet\u00e1culo, \u00e9 hora de ouvi-las mais e n\u00e3o criminaliz\u00e1-las\u201d, recomenda o documento.<\/p>\n<p class=\"p4\">E as organizadas foram ouvidas. Em depoimento \u00e0 CPI, Rodrigo de Azevedo Lopes Fonseca, presidente da Gavi\u00f5es da Fiel, do Corinthians, destacou as campanhas sociais conduzidas pela torcida, como doa\u00e7\u00f5es de sangue e de agasalhos, que n\u00e3o costumam aparecer no notici\u00e1rio. Al\u00e9m disso, posicionou-se contra a viol\u00eancia: \u201cnosso papel \u00e9 sim de lideran\u00e7a, de conscientizar a torcida inteira, na quest\u00e3o de caminho, de paz\u201d. Os parlamentares tamb\u00e9m ouviram as torcidas Mancha Verde e TUP, do Palmeiras, Independente e Drag\u00f5es da Real, do S\u00e3o Paulo, Pavilh\u00e3o Nove e Camisa 12, do Corinthians, Le\u00f5es da Fabulosa, da Portuguesa, e Torcida Jovem do Santos.<\/p>\n<p class=\"p4\">Presidente da Associa\u00e7\u00e3o Nacional das Torcidas Organizadas e da Torcida Drag\u00f5es da Real, do S\u00e3o Paulo, Andr\u00e9 Azevedo lembrou que essas agremia\u00e7\u00f5es t\u00eam um papel na vida dos torcedores que vai muito al\u00e9m do futebol. \u201cUma grande maioria das torcidas \u00e9 formada por aqueles segregados sociais, pessoas que ganham \u00e0s vezes um sal\u00e1rio m\u00ednimo, n\u00e3o t\u00eam acesso a muita coisa e entram numa organizada porque \u00e9 um dos poucos lugares em que ser\u00e3o tratadas como iguais\u201d, afirmou Azevedo.<\/p>\n<p class=\"p4\">A dimens\u00e3o social das organizadas, que ultrapassa os limites das arquibancadas, foi ressaltada na CPI por Felipe Tavares Paes Lopes, professor da Universidade de Sorocaba (Uniso) que estudou projetos de preven\u00e7\u00e3o \u00e0 viol\u00eancia entre torcedores na Alemanha. Para o pesquisador, \u201choje as organizadas oferecem um espa\u00e7o de socializa\u00e7\u00e3o, entretenimento e forma\u00e7\u00e3o de identidade\u201d que outrora era fornecido por outras institui\u00e7\u00f5es, como os sindicatos e os partidos.<\/p>\n<p class=\"p4\">Lopes disse que a principal t\u00e1tica adotada no Brasil para combater a viol\u00eancia no esporte tem sido o aumento da repress\u00e3o, o que, na sua vis\u00e3o, \u00e9 uma bola fora. Relatou que um dos momentos mais violentos entre as torcidas europeias ocorreu nos anos 80, bem no per\u00edodo em que o governo da primeira-ministra Margaret Thatcher adotou a estrat\u00e9gia de repress\u00e3o m\u00e1xima, dando aos hooligans o mesmo tratamento dispensado aos terroristas do Ex\u00e9rcito Republicano Irland\u00eas (IRA). Na \u00e9poca, a escalada na repress\u00e3o policial s\u00f3 fez aumentar a guerra nas arquibancadas, e a situa\u00e7\u00e3o s\u00f3 se acalmou depois que a pol\u00edcia adotou uma t\u00e1tica menos agressiva.<\/p>\n<p class=\"p4\">Hoje, a estrat\u00e9gia europeia \u00e9 outra. Em pa\u00edses como Holanda e Alemanha, segundo Lopes, as autoridades preferem \u201csubir o teto da toler\u00e2ncia\u201d diante de delitos menores e, assim, evitar conflitos mais graves. O professor citou como exemplo uma partida que viu na Alemanha em que v\u00e1rios torcedores acenderam sinalizadores, o que \u00e9 proibido. Em vez de partir para o embate com os transgressores, o que poderia levar a uma pancadaria, os policiais no est\u00e1dio preferiram n\u00e3o intervir naquele momento e se limitaram a<span class=\"Apple-converted-space\">\u00a0 <\/span>observar e registrar quem eram os infratores.<\/p>\n<p class=\"p4\">O professor foi al\u00e9m e afirmou que n\u00e3o d\u00e1 para atribuir apenas \u00e0 pol\u00edcia a tarefa de buscar um futebol mais pac\u00edfico. \u201cFazer preven\u00e7\u00e3o radical da viol\u00eancia significa tentar de forma concreta transformar culturalmente esse universo, de um jeito criativo e pac\u00edfico. Para tanto, \u00e9 preciso investimento fort\u00edssimo em assist\u00eancia social e em educa\u00e7\u00e3o\u201d, explicou.<\/p>\n<p class=\"p4\">Mesmo porque, como afirma Danilo Zamboni, presidente da torcida s\u00e3o-paulina Independente, a maioria dos torcedores n\u00e3o vai ao est\u00e1dio para brigar: \u201cn\u00e3o temos intuito algum de promover viol\u00eancia, o que n\u00f3s queremos \u00e9 fazer festa\u201d.<\/p>\n<table class=\"t1\" cellspacing=\"0\" cellpadding=\"0\">\n<tbody>\n<tr>\n<td class=\"td1\" valign=\"top\">\n<h3 class=\"p5\"><span style=\"color: #800000\"><b>Principais sugest\u00f5es da Comiss\u00e3o<\/b><\/span><\/h3>\n<ul class=\"ul1\">\n<li class=\"li6\">Responsabilizar clubes, torcidas e federa\u00e7\u00f5es por danos causados por torcedores que n\u00e3o forem identificados<\/li>\n<li class=\"li6\">Garantia de venda de 10% dos lugares dispon\u00edveis em est\u00e1dio pelo pre\u00e7o m\u00ednimo<\/li>\n<li class=\"li6\">Libera\u00e7\u00e3o de venda de bebidas alco\u00f3licas e de uso de bandeiras nos est\u00e1dios<\/li>\n<li class=\"li6\">Manuten\u00e7\u00e3o de cadastro atualizado dos torcedores nas organizadas, com c\u00f3pia para clubes e autoridades<\/li>\n<li class=\"li6\">Transmiss\u00e3o on-line das reuni\u00f5es entre respons\u00e1veis pelos jogos, PM e torcedores<\/li>\n<li class=\"li6\">Cria\u00e7\u00e3o do Conselho Municipal do Torcedor<\/li>\n<li class=\"li6\">Aprova\u00e7\u00e3o do PL 517\/2010, que obriga clubes a reservar \u00e1rea do est\u00e1dio para torcidas mistas<\/li>\n<li class=\"li6\">Aprova\u00e7\u00e3o do PL 300\/2014, que prev\u00ea a cria\u00e7\u00e3o de um documento com identifica\u00e7\u00e3o digital para uso nos est\u00e1dios<\/li>\n<\/ul>\n<\/td>\n<\/tr>\n<\/tbody>\n<\/table>\n<h3 class=\"p4\"><\/h3>\n<h3 class=\"p4\"><span style=\"color: #800000\"><b>SAIBA MAIS<\/b><\/span><\/h3>\n<p class=\"p4\"><b>Documento<\/b><br \/>\n<a href=\"https:\/\/homolog.saopaulo.sp.leg.br\/wp-content\/uploads\/spot-legado\/comissoes-encerradas\/arquivos\/RELATORIO%20CPI%20AREAS%20CONTAMINADAS%20com%20adendos%2024-02-15%20aprovado%20SITE.pdf\">Relat\u00f3rio da CPI das Torcidas Organizadas<\/a>.<\/p>\n","protected":false},"excerpt":{"rendered":"<p>Para torcer em paz Comiss\u00e3o recomenda responsabiliza\u00e7\u00e3o de torcidas, clubes e federa\u00e7\u00f5es para combater a viol\u00eancia no futebol Fausto Salvadori | fausto@saopaulo.sp.leg.br Em vez de inimigas, parceiras. A Comiss\u00e3o Parlamentar de Inqu\u00e9rito (CPI) que analisou as torcidas organizadas concluiu, ap\u00f3s nove meses de trabalho, que o caminho para eliminar a viol\u00eancia no futebol n\u00e3o passa [&hellip;]<\/p>\n","protected":false},"author":109,"featured_media":0,"parent":36130,"menu_order":4,"comment_status":"closed","ping_status":"closed","template":"","meta":{"footnotes":""},"class_list":["post-36148","page","type-page","status-publish","hentry"],"meta_all":{"_edit_lock":["1480618529:109"],"_edit_last":["109"],"_wp_page_template":["default"],"_yoast_wpseo_content_score":["30"],"_cmsp_page_download-files":["a:1:{i:0;a:1:{s:4:\"type\";s:3:\"pdf\";}}"],"_yoast_wpseo_opengraph-title":["Para torcer em paz"],"_yoast_wpseo_opengraph-description":["Comiss\u00e3o recomenda responsabiliza\u00e7\u00e3o de torcidas, clubes e federa\u00e7\u00f5es para combater a viol\u00eancia no futebol"],"_yoast_wpseo_twitter-title":["Para torcer em paz"],"_yoast_wpseo_twitter-description":["Comiss\u00e3o recomenda responsabiliza\u00e7\u00e3o de torcidas, clubes e federa\u00e7\u00f5es para combater a viol\u00eancia no futebol"],"_yoast_wpseo_bctitle":["Para torcer em paz"]},"meta_all_2":{"_edit_lock":["1480618529:109"],"_edit_last":["109"],"_wp_page_template":["default"],"_yoast_wpseo_content_score":["30"],"_cmsp_page_download-files":["a:1:{i:0;a:1:{s:4:\"type\";s:3:\"pdf\";}}"],"_yoast_wpseo_opengraph-title":["Para torcer em paz"],"_yoast_wpseo_opengraph-description":["Comiss\u00e3o recomenda responsabiliza\u00e7\u00e3o de torcidas, clubes e federa\u00e7\u00f5es para combater a viol\u00eancia no futebol"],"_yoast_wpseo_twitter-title":["Para torcer em paz"],"_yoast_wpseo_twitter-description":["Comiss\u00e3o recomenda responsabiliza\u00e7\u00e3o de torcidas, clubes e federa\u00e7\u00f5es para combater a viol\u00eancia no futebol"],"_yoast_wpseo_bctitle":["Para torcer em paz"]},"yoast_head":"<!-- This site is optimized with the Yoast SEO plugin v27.4 - https:\/\/yoast.com\/product\/yoast-seo-wordpress\/ -->\r\n<title>N\u00ba20 - CPI - Revista Apartes (edi\u00e7\u00f5es anteriores)<\/title>\r\n<meta name=\"robots\" content=\"noindex, follow, max-snippet:-1, max-image-preview:large, max-video-preview:-1\" \/>\r\n<meta property=\"og:locale\" content=\"pt_BR\" \/>\r\n<meta property=\"og:type\" content=\"article\" \/>\r\n<meta property=\"og:title\" content=\"Para torcer em paz\" \/>\r\n<meta property=\"og:description\" content=\"Comiss\u00e3o recomenda responsabiliza\u00e7\u00e3o de torcidas, clubes e federa\u00e7\u00f5es para combater a viol\u00eancia no futebol\" \/>\r\n<meta property=\"og:url\" content=\"https:\/\/www.saopaulo.sp.leg.br\/apartes-anteriores\/revista-apartes\/numero-20\/para-torcer-em-paz\/\" \/>\r\n<meta property=\"og:site_name\" content=\"Revista Apartes (edi\u00e7\u00f5es anteriores)\" \/>\r\n<meta property=\"article:publisher\" content=\"https:\/\/www.facebook.com\/RevistaApartes\/\" \/>\r\n<meta property=\"article:modified_time\" content=\"2021-10-06T17:15:25+00:00\" \/>\r\n<meta property=\"og:image\" content=\"http:\/\/www.saopaulo.sp.leg.br\/apartes-anteriores\/wp-content\/uploads\/sites\/9\/2016\/07\/apartes_n20_06-1024x836.jpg\" \/>\r\n<meta name=\"twitter:card\" content=\"summary_large_image\" \/>\r\n<meta name=\"twitter:title\" content=\"Para torcer em paz\" \/>\r\n<meta name=\"twitter:description\" content=\"Comiss\u00e3o recomenda responsabiliza\u00e7\u00e3o de torcidas, clubes e federa\u00e7\u00f5es para combater a viol\u00eancia no futebol\" \/>\r\n<meta name=\"twitter:site\" content=\"@revistaapartes\" \/>\r\n<meta name=\"twitter:label1\" content=\"Est. tempo de leitura\" \/>\n\t<meta name=\"twitter:data1\" content=\"5 minutos\" \/>\r\n<script type=\"application\/ld+json\" class=\"yoast-schema-graph\">{\"@context\":\"https:\\\/\\\/schema.org\",\"@graph\":[{\"@type\":\"WebPage\",\"@id\":\"https:\\\/\\\/www.saopaulo.sp.leg.br\\\/apartes-anteriores\\\/revista-apartes\\\/numero-20\\\/para-torcer-em-paz\\\/\",\"url\":\"https:\\\/\\\/www.saopaulo.sp.leg.br\\\/apartes-anteriores\\\/revista-apartes\\\/numero-20\\\/para-torcer-em-paz\\\/\",\"name\":\"N\u00ba20 - CPI - Revista Apartes (edi\u00e7\u00f5es anteriores)\",\"isPartOf\":{\"@id\":\"https:\\\/\\\/homolog.saopaulo.sp.leg.br\\\/apartes-anteriores\\\/#website\"},\"primaryImageOfPage\":{\"@id\":\"https:\\\/\\\/www.saopaulo.sp.leg.br\\\/apartes-anteriores\\\/revista-apartes\\\/numero-20\\\/para-torcer-em-paz\\\/#primaryimage\"},\"image\":{\"@id\":\"https:\\\/\\\/www.saopaulo.sp.leg.br\\\/apartes-anteriores\\\/revista-apartes\\\/numero-20\\\/para-torcer-em-paz\\\/#primaryimage\"},\"thumbnailUrl\":\"http:\\\/\\\/homolog.saopaulo.sp.leg.br\\\/apartes-anteriores\\\/wp-content\\\/uploads\\\/sites\\\/9\\\/2016\\\/07\\\/apartes_n20_06-1024x836.jpg\",\"datePublished\":\"2016-07-12T20:41:00+00:00\",\"dateModified\":\"2021-10-06T17:15:25+00:00\",\"breadcrumb\":{\"@id\":\"https:\\\/\\\/www.saopaulo.sp.leg.br\\\/apartes-anteriores\\\/revista-apartes\\\/numero-20\\\/para-torcer-em-paz\\\/#breadcrumb\"},\"inLanguage\":\"pt-BR\",\"potentialAction\":[{\"@type\":\"ReadAction\",\"target\":[\"https:\\\/\\\/www.saopaulo.sp.leg.br\\\/apartes-anteriores\\\/revista-apartes\\\/numero-20\\\/para-torcer-em-paz\\\/\"]}]},{\"@type\":\"ImageObject\",\"inLanguage\":\"pt-BR\",\"@id\":\"https:\\\/\\\/www.saopaulo.sp.leg.br\\\/apartes-anteriores\\\/revista-apartes\\\/numero-20\\\/para-torcer-em-paz\\\/#primaryimage\",\"url\":\"https:\\\/\\\/homolog.saopaulo.sp.leg.br\\\/apartes-anteriores\\\/wp-content\\\/uploads\\\/sites\\\/9\\\/2016\\\/07\\\/apartes_n20_06.jpg\",\"contentUrl\":\"https:\\\/\\\/homolog.saopaulo.sp.leg.br\\\/apartes-anteriores\\\/wp-content\\\/uploads\\\/sites\\\/9\\\/2016\\\/07\\\/apartes_n20_06.jpg\",\"width\":1194,\"height\":975,\"caption\":\"ESTRAT\u00c9GIA - Uma das conclus\u00f5es da CPI \u00e9 que n\u00e3o adianta proibir as organizadas | Foto:\u00a0Paulo Pinto\\\/Fotos P\u00fablicas\"},{\"@type\":\"BreadcrumbList\",\"@id\":\"https:\\\/\\\/www.saopaulo.sp.leg.br\\\/apartes-anteriores\\\/revista-apartes\\\/numero-20\\\/para-torcer-em-paz\\\/#breadcrumb\",\"itemListElement\":[{\"@type\":\"ListItem\",\"position\":1,\"name\":\"Home\",\"item\":\"https:\\\/\\\/www.saopaulo.sp.leg.br\\\/apartes-anteriores\\\/\"},{\"@type\":\"ListItem\",\"position\":2,\"name\":\"Revista Apartes\",\"item\":\"https:\\\/\\\/www.saopaulo.sp.leg.br\\\/apartes-anteriores\\\/\"},{\"@type\":\"ListItem\",\"position\":3,\"name\":\"Edi\u00e7\u00e3o 20\",\"item\":\"https:\\\/\\\/www.saopaulo.sp.leg.br\\\/apartes-anteriores\\\/revista-apartes\\\/numero-20\\\/\"},{\"@type\":\"ListItem\",\"position\":4,\"name\":\"Para torcer em paz\"}]},{\"@type\":\"WebSite\",\"@id\":\"https:\\\/\\\/homolog.saopaulo.sp.leg.br\\\/apartes-anteriores\\\/#website\",\"url\":\"https:\\\/\\\/homolog.saopaulo.sp.leg.br\\\/apartes-anteriores\\\/\",\"name\":\"Revista Apartes (edi\u00e7\u00f5es anteriores)\",\"description\":\"Revista Apartes (edi\u00e7\u00f5es anteriores)\",\"potentialAction\":[{\"@type\":\"SearchAction\",\"target\":{\"@type\":\"EntryPoint\",\"urlTemplate\":\"https:\\\/\\\/homolog.saopaulo.sp.leg.br\\\/apartes-anteriores\\\/?s={search_term_string}\"},\"query-input\":{\"@type\":\"PropertyValueSpecification\",\"valueRequired\":true,\"valueName\":\"search_term_string\"}}],\"inLanguage\":\"pt-BR\"}]}<\/script>\r\n<!-- \/ Yoast SEO plugin. -->","yoast_head_json":{"title":"N\u00ba20 - CPI - Revista Apartes (edi\u00e7\u00f5es anteriores)","robots":{"index":"noindex","follow":"follow","max-snippet":"max-snippet:-1","max-image-preview":"max-image-preview:large","max-video-preview":"max-video-preview:-1"},"og_locale":"pt_BR","og_type":"article","og_title":"Para torcer em paz","og_description":"Comiss\u00e3o recomenda responsabiliza\u00e7\u00e3o de torcidas, clubes e federa\u00e7\u00f5es para combater a viol\u00eancia no futebol","og_url":"https:\/\/www.saopaulo.sp.leg.br\/apartes-anteriores\/revista-apartes\/numero-20\/para-torcer-em-paz\/","og_site_name":"Revista Apartes (edi\u00e7\u00f5es anteriores)","article_publisher":"https:\/\/www.facebook.com\/RevistaApartes\/","article_modified_time":"2021-10-06T17:15:25+00:00","og_image":[{"url":"http:\/\/www.saopaulo.sp.leg.br\/apartes-anteriores\/wp-content\/uploads\/sites\/9\/2016\/07\/apartes_n20_06-1024x836.jpg","type":"","width":"","height":""}],"twitter_card":"summary_large_image","twitter_title":"Para torcer em paz","twitter_description":"Comiss\u00e3o recomenda responsabiliza\u00e7\u00e3o de torcidas, clubes e federa\u00e7\u00f5es para combater a viol\u00eancia no futebol","twitter_site":"@revistaapartes","twitter_misc":{"Est. tempo de leitura":"5 minutos"},"schema":{"@context":"https:\/\/schema.org","@graph":[{"@type":"WebPage","@id":"https:\/\/www.saopaulo.sp.leg.br\/apartes-anteriores\/revista-apartes\/numero-20\/para-torcer-em-paz\/","url":"https:\/\/www.saopaulo.sp.leg.br\/apartes-anteriores\/revista-apartes\/numero-20\/para-torcer-em-paz\/","name":"N\u00ba20 - CPI - Revista Apartes (edi\u00e7\u00f5es anteriores)","isPartOf":{"@id":"https:\/\/homolog.saopaulo.sp.leg.br\/apartes-anteriores\/#website"},"primaryImageOfPage":{"@id":"https:\/\/www.saopaulo.sp.leg.br\/apartes-anteriores\/revista-apartes\/numero-20\/para-torcer-em-paz\/#primaryimage"},"image":{"@id":"https:\/\/www.saopaulo.sp.leg.br\/apartes-anteriores\/revista-apartes\/numero-20\/para-torcer-em-paz\/#primaryimage"},"thumbnailUrl":"http:\/\/homolog.saopaulo.sp.leg.br\/apartes-anteriores\/wp-content\/uploads\/sites\/9\/2016\/07\/apartes_n20_06-1024x836.jpg","datePublished":"2016-07-12T20:41:00+00:00","dateModified":"2021-10-06T17:15:25+00:00","breadcrumb":{"@id":"https:\/\/www.saopaulo.sp.leg.br\/apartes-anteriores\/revista-apartes\/numero-20\/para-torcer-em-paz\/#breadcrumb"},"inLanguage":"pt-BR","potentialAction":[{"@type":"ReadAction","target":["https:\/\/www.saopaulo.sp.leg.br\/apartes-anteriores\/revista-apartes\/numero-20\/para-torcer-em-paz\/"]}]},{"@type":"ImageObject","inLanguage":"pt-BR","@id":"https:\/\/www.saopaulo.sp.leg.br\/apartes-anteriores\/revista-apartes\/numero-20\/para-torcer-em-paz\/#primaryimage","url":"https:\/\/homolog.saopaulo.sp.leg.br\/apartes-anteriores\/wp-content\/uploads\/sites\/9\/2016\/07\/apartes_n20_06.jpg","contentUrl":"https:\/\/homolog.saopaulo.sp.leg.br\/apartes-anteriores\/wp-content\/uploads\/sites\/9\/2016\/07\/apartes_n20_06.jpg","width":1194,"height":975,"caption":"ESTRAT\u00c9GIA - Uma das conclus\u00f5es da CPI \u00e9 que n\u00e3o adianta proibir as organizadas | Foto:\u00a0Paulo Pinto\/Fotos P\u00fablicas"},{"@type":"BreadcrumbList","@id":"https:\/\/www.saopaulo.sp.leg.br\/apartes-anteriores\/revista-apartes\/numero-20\/para-torcer-em-paz\/#breadcrumb","itemListElement":[{"@type":"ListItem","position":1,"name":"Home","item":"https:\/\/www.saopaulo.sp.leg.br\/apartes-anteriores\/"},{"@type":"ListItem","position":2,"name":"Revista Apartes","item":"https:\/\/www.saopaulo.sp.leg.br\/apartes-anteriores\/"},{"@type":"ListItem","position":3,"name":"Edi\u00e7\u00e3o 20","item":"https:\/\/www.saopaulo.sp.leg.br\/apartes-anteriores\/revista-apartes\/numero-20\/"},{"@type":"ListItem","position":4,"name":"Para torcer em paz"}]},{"@type":"WebSite","@id":"https:\/\/homolog.saopaulo.sp.leg.br\/apartes-anteriores\/#website","url":"https:\/\/homolog.saopaulo.sp.leg.br\/apartes-anteriores\/","name":"Revista Apartes (edi\u00e7\u00f5es anteriores)","description":"Revista Apartes (edi\u00e7\u00f5es anteriores)","potentialAction":[{"@type":"SearchAction","target":{"@type":"EntryPoint","urlTemplate":"https:\/\/homolog.saopaulo.sp.leg.br\/apartes-anteriores\/?s={search_term_string}"},"query-input":{"@type":"PropertyValueSpecification","valueRequired":true,"valueName":"search_term_string"}}],"inLanguage":"pt-BR"}]}},"_links":{"self":[{"href":"https:\/\/homolog.saopaulo.sp.leg.br\/apartes-anteriores\/wp-json\/wp\/v2\/pages\/36148","targetHints":{"allow":["GET"]}}],"collection":[{"href":"https:\/\/homolog.saopaulo.sp.leg.br\/apartes-anteriores\/wp-json\/wp\/v2\/pages"}],"about":[{"href":"https:\/\/homolog.saopaulo.sp.leg.br\/apartes-anteriores\/wp-json\/wp\/v2\/types\/page"}],"author":[{"embeddable":true,"href":"https:\/\/homolog.saopaulo.sp.leg.br\/apartes-anteriores\/wp-json\/wp\/v2\/users\/109"}],"replies":[{"embeddable":true,"href":"https:\/\/homolog.saopaulo.sp.leg.br\/apartes-anteriores\/wp-json\/wp\/v2\/comments?post=36148"}],"version-history":[{"count":5,"href":"https:\/\/homolog.saopaulo.sp.leg.br\/apartes-anteriores\/wp-json\/wp\/v2\/pages\/36148\/revisions"}],"predecessor-version":[{"id":42114,"href":"https:\/\/homolog.saopaulo.sp.leg.br\/apartes-anteriores\/wp-json\/wp\/v2\/pages\/36148\/revisions\/42114"}],"up":[{"embeddable":true,"href":"https:\/\/homolog.saopaulo.sp.leg.br\/apartes-anteriores\/wp-json\/wp\/v2\/pages\/36130"}],"wp:attachment":[{"href":"https:\/\/homolog.saopaulo.sp.leg.br\/apartes-anteriores\/wp-json\/wp\/v2\/media?parent=36148"}],"curies":[{"name":"wp","href":"https:\/\/api.w.org\/{rel}","templated":true}]}}