{"id":36950,"date":"2016-11-08T15:25:30","date_gmt":"2016-11-08T17:25:30","guid":{"rendered":"http:\/\/homolog.saopaulo.sp.leg.br\/apartes-anteriores\/?page_id=36950"},"modified":"2016-12-15T14:58:56","modified_gmt":"2016-12-15T16:58:56","slug":"no01-termo-de-juramento-de-barata-ribeiro","status":"publish","type":"page","link":"https:\/\/homolog.saopaulo.sp.leg.br\/apartes-anteriores\/revista-apartes\/numero-1-janeiro-junho2013\/no01-termo-de-juramento-de-barata-ribeiro\/","title":{"rendered":"N\u00ba01 &#8211; Desarquivando"},"content":{"rendered":"<h1><strong><span style=\"color: #800000\">Termo de juramento de Barata Ribeiro<\/span><\/strong><\/h1>\n<p><a href=\"http:\/\/homolog.saopaulo.sp.leg.br\/apartes-anteriores\/wp-content\/uploads\/sites\/9\/2016\/11\/apartes_n01_32.jpg\"><img loading=\"lazy\" decoding=\"async\" class=\"aligncenter size-full wp-image-36953\" src=\"http:\/\/homolog.saopaulo.sp.leg.br\/apartes-anteriores\/wp-content\/uploads\/sites\/9\/2016\/11\/apartes_n01_32.jpg\" alt=\"apartes_n01_32\" width=\"3977\" height=\"2619\" srcset=\"https:\/\/homolog.saopaulo.sp.leg.br\/apartes-anteriores\/wp-content\/uploads\/sites\/9\/2016\/11\/apartes_n01_32.jpg 3977w, https:\/\/homolog.saopaulo.sp.leg.br\/apartes-anteriores\/wp-content\/uploads\/sites\/9\/2016\/11\/apartes_n01_32-300x198.jpg 300w, https:\/\/homolog.saopaulo.sp.leg.br\/apartes-anteriores\/wp-content\/uploads\/sites\/9\/2016\/11\/apartes_n01_32-768x506.jpg 768w, https:\/\/homolog.saopaulo.sp.leg.br\/apartes-anteriores\/wp-content\/uploads\/sites\/9\/2016\/11\/apartes_n01_32-1024x674.jpg 1024w\" sizes=\"auto, (max-width: 3977px) 100vw, 3977px\" \/><\/a><\/p>\n<p>O livro na foto registrou os termos de juramentos feitos na C\u00e2mara Municipal de S\u00e3o Paulo por autoridades e outros servidores que prestaram servi\u00e7os na capital paulista entre 1873 e 1930. Um dos juramentos do livro \u00e9 do m\u00e9- dico e pol\u00edtico baiano C\u00e2ndido Barata Ribeiro, nascido em 11 de mar\u00e7o de 1843. Ribeiro foi nomeado comiss\u00e1rio vacinador da Prov\u00edncia de S\u00e3o Paulo em 1874. Ribeiro lutou pela aboli\u00e7\u00e3o da escravatura e teve grande atua\u00e7\u00e3o na campanha pelo regime republicano no Brasil. Tornou-se prefeito do Distrito Federal (na \u00e9poca, Rio de Janeiro) em 1892 e, no ano seguinte, foi nomeado ministro do Supremo Tribunal Federal. Em 1899, foi eleito senador pelo Distrito Federal. Faleceu em 10 de fevereiro de 1910, na cidade do Rio de Janeiro, sendo sepultado no Cemit\u00e9rio de S\u00e3o Jo\u00e3o Batista.<\/p>\n<p><em>Fonte: Supremo Tribunal Federal<\/em><\/p>\n<h3><strong>Abaixo, a transcri\u00e7\u00e3o* do termo de juramento assinado por Barata Ribeiro: <\/strong><\/h3>\n<p><em>\u201cTermo de juramento deferido ao Doutor C\u00e2ndido Barata Ribeiro para o cargo de Comiss\u00e1rio Vacinador desta Prov\u00edncia. Aos dezesseis de abril de mil oitocentos setenta e quatro nesta Imperial Cidade de S\u00e3o Paulo, em casa do Senhor Presidente da C\u00e2mara Municipal \u2013 Doutor Ernesto Mariano da Silva Ramos compareceu o Doutor C\u00e2ndido Ribeiro B, digo C\u00e2ndido Barata Ribeiro, a quem o dito Senhor Presidente deferiu o juramento dos Santos Evangelhos, encarregando-o de bem servir o cargo de comiss\u00e1rio vacinador desta Prov\u00edncia, para o qual fora nomeado pelo Governo Geral em dez de janeiro deste ano, e interinamente pelo Governo desta Prov\u00edncia em 26 de novembro de 1873. Recebido por ele o dito juramento assim prometeu cumprir. Do que para constar lavrei o presente termo que assinou com o Senhor Presidente da C\u00e2mara, eu Ant\u00f4nio Joaquim da Costa Guimar\u00e3es Secret\u00e1rio o escrevi.<\/em><\/p>\n<p><em>Ernesto Mariano da Silva Ramos. C\u00e2ndido Barata Ribeiro\u201d<\/em><\/p>\n<p>* A grafia foi atualizada<\/p>\n<div>\n<table>\n<tbody>\n<tr>\n<td style=\"border: hidden\"><a href=\"http:\/\/homolog.saopaulo.sp.leg.br\/apartes-anteriores\/wp-content\/uploads\/sites\/9\/2016\/11\/apartes_n01_34.jpg\"><img loading=\"lazy\" decoding=\"async\" class=\"aligncenter wp-image-36960\" src=\"http:\/\/homolog.saopaulo.sp.leg.br\/apartes-anteriores\/wp-content\/uploads\/sites\/9\/2016\/11\/apartes_n01_34.jpg\" alt=\"apartes_n01_34\" width=\"640\" height=\"952\" srcset=\"https:\/\/homolog.saopaulo.sp.leg.br\/apartes-anteriores\/wp-content\/uploads\/sites\/9\/2016\/11\/apartes_n01_34.jpg 842w, https:\/\/homolog.saopaulo.sp.leg.br\/apartes-anteriores\/wp-content\/uploads\/sites\/9\/2016\/11\/apartes_n01_34-202x300.jpg 202w, https:\/\/homolog.saopaulo.sp.leg.br\/apartes-anteriores\/wp-content\/uploads\/sites\/9\/2016\/11\/apartes_n01_34-768x1143.jpg 768w, https:\/\/homolog.saopaulo.sp.leg.br\/apartes-anteriores\/wp-content\/uploads\/sites\/9\/2016\/11\/apartes_n01_34-688x1024.jpg 688w\" sizes=\"auto, (max-width: 640px) 100vw, 640px\" \/><\/a><\/td>\n<\/tr>\n<\/tbody>\n<\/table>\n<\/div>\n<div style=\"float: right;width: 100%\"><a href=\"http:\/\/homolog.saopaulo.sp.leg.br\/apartes-anteriores\/wp-content\/uploads\/sites\/9\/2016\/11\/apartes_n01_35.jpg\"><img loading=\"lazy\" decoding=\"async\" class=\"aligncenter wp-image-36961\" src=\"http:\/\/homolog.saopaulo.sp.leg.br\/apartes-anteriores\/wp-content\/uploads\/sites\/9\/2016\/11\/apartes_n01_35.jpg\" alt=\"apartes_n01_35\" width=\"640\" height=\"958\" srcset=\"https:\/\/homolog.saopaulo.sp.leg.br\/apartes-anteriores\/wp-content\/uploads\/sites\/9\/2016\/11\/apartes_n01_35.jpg 839w, https:\/\/homolog.saopaulo.sp.leg.br\/apartes-anteriores\/wp-content\/uploads\/sites\/9\/2016\/11\/apartes_n01_35-200x300.jpg 200w, https:\/\/homolog.saopaulo.sp.leg.br\/apartes-anteriores\/wp-content\/uploads\/sites\/9\/2016\/11\/apartes_n01_35-768x1150.jpg 768w, https:\/\/homolog.saopaulo.sp.leg.br\/apartes-anteriores\/wp-content\/uploads\/sites\/9\/2016\/11\/apartes_n01_35-684x1024.jpg 684w\" sizes=\"auto, (max-width: 640px) 100vw, 640px\" \/><\/a><\/div>\n","protected":false},"excerpt":{"rendered":"<p>Termo de juramento de Barata Ribeiro O livro na foto registrou os termos de juramentos feitos na C\u00e2mara Municipal de S\u00e3o Paulo por autoridades e outros servidores que prestaram servi\u00e7os na capital paulista entre 1873 e 1930. Um dos juramentos do livro \u00e9 do m\u00e9- dico e pol\u00edtico baiano C\u00e2ndido Barata Ribeiro, nascido em 11 [&hellip;]<\/p>\n","protected":false},"author":109,"featured_media":0,"parent":24343,"menu_order":0,"comment_status":"closed","ping_status":"closed","template":"","meta":{"footnotes":""},"class_list":["post-36950","page","type-page","status-publish","hentry"],"meta_all":{"_edit_lock":["1584121743:109"],"_edit_last":["109"],"_wp_page_template":["default"],"_yoast_wpseo_content_score":["60"],"_cmsp_page_download-files":["a:1:{i:0;a:1:{s:4:\"type\";s:3:\"pdf\";}}"],"_yoast_wpseo_opengraph-title":["Termo de juramento de Barata Ribeiro"],"_yoast_wpseo_opengraph-description":["Termo de juramento de Barata Ribeiro"],"_yoast_wpseo_twitter-title":["Termo de juramento de Barata Ribeiro"],"_yoast_wpseo_twitter-description":["Termo de juramento de Barata Ribeiro"]},"meta_all_2":{"_edit_lock":["1584121743:109"],"_edit_last":["109"],"_wp_page_template":["default"],"_yoast_wpseo_content_score":["60"],"_cmsp_page_download-files":["a:1:{i:0;a:1:{s:4:\"type\";s:3:\"pdf\";}}"],"_yoast_wpseo_opengraph-title":["Termo de juramento de Barata Ribeiro"],"_yoast_wpseo_opengraph-description":["Termo de juramento de Barata Ribeiro"],"_yoast_wpseo_twitter-title":["Termo de juramento de Barata Ribeiro"],"_yoast_wpseo_twitter-description":["Termo de juramento de Barata Ribeiro"]},"yoast_head":"<!-- This site is optimized with the Yoast SEO plugin v27.4 - https:\/\/yoast.com\/product\/yoast-seo-wordpress\/ -->\r\n<title>N\u00ba01 - Desarquivando - Revista Apartes (edi\u00e7\u00f5es anteriores)<\/title>\r\n<meta name=\"robots\" content=\"noindex, follow, max-snippet:-1, max-image-preview:large, max-video-preview:-1\" \/>\r\n<meta property=\"og:locale\" content=\"pt_BR\" \/>\r\n<meta property=\"og:type\" content=\"article\" \/>\r\n<meta property=\"og:title\" content=\"Termo de juramento de Barata Ribeiro\" \/>\r\n<meta property=\"og:description\" content=\"Termo de juramento de Barata Ribeiro\" \/>\r\n<meta property=\"og:url\" content=\"https:\/\/www.saopaulo.sp.leg.br\/apartes-anteriores\/revista-apartes\/numero-1-janeiro-junho2013\/no01-termo-de-juramento-de-barata-ribeiro\/\" \/>\r\n<meta property=\"og:site_name\" content=\"Revista Apartes (edi\u00e7\u00f5es anteriores)\" \/>\r\n<meta property=\"article:publisher\" content=\"https:\/\/www.facebook.com\/RevistaApartes\/\" \/>\r\n<meta property=\"article:modified_time\" content=\"2016-12-15T16:58:56+00:00\" \/>\r\n<meta property=\"og:image\" content=\"http:\/\/www.saopaulo.sp.leg.br\/apartes-anteriores\/wp-content\/uploads\/sites\/9\/2016\/11\/apartes_n01_32.jpg\" \/>\r\n<meta name=\"twitter:card\" content=\"summary_large_image\" \/>\r\n<meta name=\"twitter:title\" content=\"Termo de juramento de Barata Ribeiro\" \/>\r\n<meta name=\"twitter:description\" content=\"Termo de juramento de Barata Ribeiro\" \/>\r\n<meta name=\"twitter:site\" content=\"@revistaapartes\" \/>\r\n<meta name=\"twitter:label1\" content=\"Est. tempo de leitura\" \/>\n\t<meta name=\"twitter:data1\" content=\"2 minutos\" \/>\r\n<script type=\"application\/ld+json\" class=\"yoast-schema-graph\">{\"@context\":\"https:\\\/\\\/schema.org\",\"@graph\":[{\"@type\":\"WebPage\",\"@id\":\"https:\\\/\\\/www.saopaulo.sp.leg.br\\\/apartes-anteriores\\\/revista-apartes\\\/numero-1-janeiro-junho2013\\\/no01-termo-de-juramento-de-barata-ribeiro\\\/\",\"url\":\"https:\\\/\\\/www.saopaulo.sp.leg.br\\\/apartes-anteriores\\\/revista-apartes\\\/numero-1-janeiro-junho2013\\\/no01-termo-de-juramento-de-barata-ribeiro\\\/\",\"name\":\"N\u00ba01 - Desarquivando - Revista Apartes (edi\u00e7\u00f5es anteriores)\",\"isPartOf\":{\"@id\":\"https:\\\/\\\/homolog.saopaulo.sp.leg.br\\\/apartes-anteriores\\\/#website\"},\"primaryImageOfPage\":{\"@id\":\"https:\\\/\\\/www.saopaulo.sp.leg.br\\\/apartes-anteriores\\\/revista-apartes\\\/numero-1-janeiro-junho2013\\\/no01-termo-de-juramento-de-barata-ribeiro\\\/#primaryimage\"},\"image\":{\"@id\":\"https:\\\/\\\/www.saopaulo.sp.leg.br\\\/apartes-anteriores\\\/revista-apartes\\\/numero-1-janeiro-junho2013\\\/no01-termo-de-juramento-de-barata-ribeiro\\\/#primaryimage\"},\"thumbnailUrl\":\"http:\\\/\\\/homolog.saopaulo.sp.leg.br\\\/apartes-anteriores\\\/wp-content\\\/uploads\\\/sites\\\/9\\\/2016\\\/11\\\/apartes_n01_32.jpg\",\"datePublished\":\"2016-11-08T17:25:30+00:00\",\"dateModified\":\"2016-12-15T16:58:56+00:00\",\"breadcrumb\":{\"@id\":\"https:\\\/\\\/www.saopaulo.sp.leg.br\\\/apartes-anteriores\\\/revista-apartes\\\/numero-1-janeiro-junho2013\\\/no01-termo-de-juramento-de-barata-ribeiro\\\/#breadcrumb\"},\"inLanguage\":\"pt-BR\",\"potentialAction\":[{\"@type\":\"ReadAction\",\"target\":[\"https:\\\/\\\/www.saopaulo.sp.leg.br\\\/apartes-anteriores\\\/revista-apartes\\\/numero-1-janeiro-junho2013\\\/no01-termo-de-juramento-de-barata-ribeiro\\\/\"]}]},{\"@type\":\"ImageObject\",\"inLanguage\":\"pt-BR\",\"@id\":\"https:\\\/\\\/www.saopaulo.sp.leg.br\\\/apartes-anteriores\\\/revista-apartes\\\/numero-1-janeiro-junho2013\\\/no01-termo-de-juramento-de-barata-ribeiro\\\/#primaryimage\",\"url\":\"https:\\\/\\\/homolog.saopaulo.sp.leg.br\\\/apartes-anteriores\\\/wp-content\\\/uploads\\\/sites\\\/9\\\/2016\\\/11\\\/apartes_n01_32.jpg\",\"contentUrl\":\"https:\\\/\\\/homolog.saopaulo.sp.leg.br\\\/apartes-anteriores\\\/wp-content\\\/uploads\\\/sites\\\/9\\\/2016\\\/11\\\/apartes_n01_32.jpg\",\"width\":3977,\"height\":2619},{\"@type\":\"BreadcrumbList\",\"@id\":\"https:\\\/\\\/www.saopaulo.sp.leg.br\\\/apartes-anteriores\\\/revista-apartes\\\/numero-1-janeiro-junho2013\\\/no01-termo-de-juramento-de-barata-ribeiro\\\/#breadcrumb\",\"itemListElement\":[{\"@type\":\"ListItem\",\"position\":1,\"name\":\"Home\",\"item\":\"https:\\\/\\\/www.saopaulo.sp.leg.br\\\/apartes-anteriores\\\/\"},{\"@type\":\"ListItem\",\"position\":2,\"name\":\"Revista Apartes\",\"item\":\"https:\\\/\\\/www.saopaulo.sp.leg.br\\\/apartes-anteriores\\\/\"},{\"@type\":\"ListItem\",\"position\":3,\"name\":\"N\u00famero 01 &#8211; jan-jun\\\/2013\",\"item\":\"https:\\\/\\\/www.saopaulo.sp.leg.br\\\/apartes-anteriores\\\/revista-apartes\\\/numero-1-janeiro-junho2013\\\/\"},{\"@type\":\"ListItem\",\"position\":4,\"name\":\"N\u00ba01 &#8211; Desarquivando\"}]},{\"@type\":\"WebSite\",\"@id\":\"https:\\\/\\\/homolog.saopaulo.sp.leg.br\\\/apartes-anteriores\\\/#website\",\"url\":\"https:\\\/\\\/homolog.saopaulo.sp.leg.br\\\/apartes-anteriores\\\/\",\"name\":\"Revista Apartes (edi\u00e7\u00f5es anteriores)\",\"description\":\"Revista Apartes (edi\u00e7\u00f5es anteriores)\",\"potentialAction\":[{\"@type\":\"SearchAction\",\"target\":{\"@type\":\"EntryPoint\",\"urlTemplate\":\"https:\\\/\\\/homolog.saopaulo.sp.leg.br\\\/apartes-anteriores\\\/?s={search_term_string}\"},\"query-input\":{\"@type\":\"PropertyValueSpecification\",\"valueRequired\":true,\"valueName\":\"search_term_string\"}}],\"inLanguage\":\"pt-BR\"}]}<\/script>\r\n<!-- \/ Yoast SEO plugin. -->","yoast_head_json":{"title":"N\u00ba01 - Desarquivando - Revista Apartes (edi\u00e7\u00f5es anteriores)","robots":{"index":"noindex","follow":"follow","max-snippet":"max-snippet:-1","max-image-preview":"max-image-preview:large","max-video-preview":"max-video-preview:-1"},"og_locale":"pt_BR","og_type":"article","og_title":"Termo de juramento de Barata Ribeiro","og_description":"Termo de juramento de Barata Ribeiro","og_url":"https:\/\/www.saopaulo.sp.leg.br\/apartes-anteriores\/revista-apartes\/numero-1-janeiro-junho2013\/no01-termo-de-juramento-de-barata-ribeiro\/","og_site_name":"Revista Apartes (edi\u00e7\u00f5es anteriores)","article_publisher":"https:\/\/www.facebook.com\/RevistaApartes\/","article_modified_time":"2016-12-15T16:58:56+00:00","og_image":[{"url":"http:\/\/www.saopaulo.sp.leg.br\/apartes-anteriores\/wp-content\/uploads\/sites\/9\/2016\/11\/apartes_n01_32.jpg","type":"","width":"","height":""}],"twitter_card":"summary_large_image","twitter_title":"Termo de juramento de Barata Ribeiro","twitter_description":"Termo de juramento de Barata Ribeiro","twitter_site":"@revistaapartes","twitter_misc":{"Est. tempo de leitura":"2 minutos"},"schema":{"@context":"https:\/\/schema.org","@graph":[{"@type":"WebPage","@id":"https:\/\/www.saopaulo.sp.leg.br\/apartes-anteriores\/revista-apartes\/numero-1-janeiro-junho2013\/no01-termo-de-juramento-de-barata-ribeiro\/","url":"https:\/\/www.saopaulo.sp.leg.br\/apartes-anteriores\/revista-apartes\/numero-1-janeiro-junho2013\/no01-termo-de-juramento-de-barata-ribeiro\/","name":"N\u00ba01 - Desarquivando - Revista Apartes (edi\u00e7\u00f5es anteriores)","isPartOf":{"@id":"https:\/\/homolog.saopaulo.sp.leg.br\/apartes-anteriores\/#website"},"primaryImageOfPage":{"@id":"https:\/\/www.saopaulo.sp.leg.br\/apartes-anteriores\/revista-apartes\/numero-1-janeiro-junho2013\/no01-termo-de-juramento-de-barata-ribeiro\/#primaryimage"},"image":{"@id":"https:\/\/www.saopaulo.sp.leg.br\/apartes-anteriores\/revista-apartes\/numero-1-janeiro-junho2013\/no01-termo-de-juramento-de-barata-ribeiro\/#primaryimage"},"thumbnailUrl":"http:\/\/homolog.saopaulo.sp.leg.br\/apartes-anteriores\/wp-content\/uploads\/sites\/9\/2016\/11\/apartes_n01_32.jpg","datePublished":"2016-11-08T17:25:30+00:00","dateModified":"2016-12-15T16:58:56+00:00","breadcrumb":{"@id":"https:\/\/www.saopaulo.sp.leg.br\/apartes-anteriores\/revista-apartes\/numero-1-janeiro-junho2013\/no01-termo-de-juramento-de-barata-ribeiro\/#breadcrumb"},"inLanguage":"pt-BR","potentialAction":[{"@type":"ReadAction","target":["https:\/\/www.saopaulo.sp.leg.br\/apartes-anteriores\/revista-apartes\/numero-1-janeiro-junho2013\/no01-termo-de-juramento-de-barata-ribeiro\/"]}]},{"@type":"ImageObject","inLanguage":"pt-BR","@id":"https:\/\/www.saopaulo.sp.leg.br\/apartes-anteriores\/revista-apartes\/numero-1-janeiro-junho2013\/no01-termo-de-juramento-de-barata-ribeiro\/#primaryimage","url":"https:\/\/homolog.saopaulo.sp.leg.br\/apartes-anteriores\/wp-content\/uploads\/sites\/9\/2016\/11\/apartes_n01_32.jpg","contentUrl":"https:\/\/homolog.saopaulo.sp.leg.br\/apartes-anteriores\/wp-content\/uploads\/sites\/9\/2016\/11\/apartes_n01_32.jpg","width":3977,"height":2619},{"@type":"BreadcrumbList","@id":"https:\/\/www.saopaulo.sp.leg.br\/apartes-anteriores\/revista-apartes\/numero-1-janeiro-junho2013\/no01-termo-de-juramento-de-barata-ribeiro\/#breadcrumb","itemListElement":[{"@type":"ListItem","position":1,"name":"Home","item":"https:\/\/www.saopaulo.sp.leg.br\/apartes-anteriores\/"},{"@type":"ListItem","position":2,"name":"Revista Apartes","item":"https:\/\/www.saopaulo.sp.leg.br\/apartes-anteriores\/"},{"@type":"ListItem","position":3,"name":"N\u00famero 01 &#8211; jan-jun\/2013","item":"https:\/\/www.saopaulo.sp.leg.br\/apartes-anteriores\/revista-apartes\/numero-1-janeiro-junho2013\/"},{"@type":"ListItem","position":4,"name":"N\u00ba01 &#8211; Desarquivando"}]},{"@type":"WebSite","@id":"https:\/\/homolog.saopaulo.sp.leg.br\/apartes-anteriores\/#website","url":"https:\/\/homolog.saopaulo.sp.leg.br\/apartes-anteriores\/","name":"Revista Apartes (edi\u00e7\u00f5es anteriores)","description":"Revista Apartes (edi\u00e7\u00f5es anteriores)","potentialAction":[{"@type":"SearchAction","target":{"@type":"EntryPoint","urlTemplate":"https:\/\/homolog.saopaulo.sp.leg.br\/apartes-anteriores\/?s={search_term_string}"},"query-input":{"@type":"PropertyValueSpecification","valueRequired":true,"valueName":"search_term_string"}}],"inLanguage":"pt-BR"}]}},"_links":{"self":[{"href":"https:\/\/homolog.saopaulo.sp.leg.br\/apartes-anteriores\/wp-json\/wp\/v2\/pages\/36950","targetHints":{"allow":["GET"]}}],"collection":[{"href":"https:\/\/homolog.saopaulo.sp.leg.br\/apartes-anteriores\/wp-json\/wp\/v2\/pages"}],"about":[{"href":"https:\/\/homolog.saopaulo.sp.leg.br\/apartes-anteriores\/wp-json\/wp\/v2\/types\/page"}],"author":[{"embeddable":true,"href":"https:\/\/homolog.saopaulo.sp.leg.br\/apartes-anteriores\/wp-json\/wp\/v2\/users\/109"}],"replies":[{"embeddable":true,"href":"https:\/\/homolog.saopaulo.sp.leg.br\/apartes-anteriores\/wp-json\/wp\/v2\/comments?post=36950"}],"version-history":[{"count":4,"href":"https:\/\/homolog.saopaulo.sp.leg.br\/apartes-anteriores\/wp-json\/wp\/v2\/pages\/36950\/revisions"}],"predecessor-version":[{"id":38580,"href":"https:\/\/homolog.saopaulo.sp.leg.br\/apartes-anteriores\/wp-json\/wp\/v2\/pages\/36950\/revisions\/38580"}],"up":[{"embeddable":true,"href":"https:\/\/homolog.saopaulo.sp.leg.br\/apartes-anteriores\/wp-json\/wp\/v2\/pages\/24343"}],"wp:attachment":[{"href":"https:\/\/homolog.saopaulo.sp.leg.br\/apartes-anteriores\/wp-json\/wp\/v2\/media?parent=36950"}],"curies":[{"name":"wp","href":"https:\/\/api.w.org\/{rel}","templated":true}]}}