{"id":37274,"date":"2016-11-10T17:25:08","date_gmt":"2016-11-10T19:25:08","guid":{"rendered":"http:\/\/homolog.saopaulo.sp.leg.br\/apartes-anteriores\/?page_id=37274"},"modified":"2016-12-15T17:02:20","modified_gmt":"2016-12-15T19:02:20","slug":"n-01-parlamento-jovem-desperta-vocacao-politica","status":"publish","type":"page","link":"https:\/\/homolog.saopaulo.sp.leg.br\/apartes-anteriores\/revista-apartes\/numero-1-janeiro-junho2013\/n-01-parlamento-jovem-desperta-vocacao-politica\/","title":{"rendered":"N\u00b001 &#8211; Destaque"},"content":{"rendered":"<h1><span style=\"color: #800000\"><strong>Parlamento Jovem desperta voca\u00e7\u00e3o pol\u00edtica<\/strong><\/span><\/h1>\n<p><!-- imagem TOTAL - com legenda - CENTRALIZADA --><\/p>\n<div style=\"width: 100%;margin-right: 1.5em;margin-bottom: 1.5em\">\n<div style=\"padding: 5px;background-color: #eee !important\">\n<p><a href=\"http:\/\/homolog.saopaulo.sp.leg.br\/apartes-anteriores\/wp-content\/uploads\/sites\/9\/2016\/11\/apartes_n01_84.jpg\"><img loading=\"lazy\" decoding=\"async\" class=\"aligncenter wp-image-37275 size-full\" src=\"http:\/\/homolog.saopaulo.sp.leg.br\/apartes-anteriores\/wp-content\/uploads\/sites\/9\/2016\/11\/apartes_n01_84.jpg\" width=\"2766\" height=\"1407\" srcset=\"https:\/\/homolog.saopaulo.sp.leg.br\/apartes-anteriores\/wp-content\/uploads\/sites\/9\/2016\/11\/apartes_n01_84.jpg 2766w, https:\/\/homolog.saopaulo.sp.leg.br\/apartes-anteriores\/wp-content\/uploads\/sites\/9\/2016\/11\/apartes_n01_84-300x153.jpg 300w, https:\/\/homolog.saopaulo.sp.leg.br\/apartes-anteriores\/wp-content\/uploads\/sites\/9\/2016\/11\/apartes_n01_84-768x391.jpg 768w, https:\/\/homolog.saopaulo.sp.leg.br\/apartes-anteriores\/wp-content\/uploads\/sites\/9\/2016\/11\/apartes_n01_84-1024x521.jpg 1024w\" sizes=\"auto, (max-width: 2766px) 100vw, 2766px\" \/><\/a><\/p>\n<p style=\"font-size: 0.8em;line-height: 1.1em;text-align: center;margin: -1.5em 0px 7px 0px;color: #333;!important;background-color: transparent !important\" align=\"center\">Vereadores jovens Gabriel Bassoto de Abreu (\u00e0 esquerda) e Arthur Zelioli Charles registram seus votos pelo sistema biom\u00e9trico<\/p>\n<\/div>\n<p style=\"font-size: 0.5em;line-height: 1.1em;text-align: right;margin: 4px 0px 7px 0px;background-color: transparent !important\">CCI.1\/CMSP<\/p>\n<\/div>\n<p><!-- imagem TOTAL - com legenda - CENTRALIZADA --><\/p>\n<p>O\u00a0estudante de engenharia civil Vin\u00edcius Silva Caruso far\u00e1 20 anos em julho de 2013. \u00c9 primeiro-secret\u00e1rio estadual da Juventude do PSDB e tamb\u00e9m conselheiro titular da Funda\u00e7\u00e3o Mario Covas. Entre os 18 e os 19 anos, ajudou a reestruturar os gr\u00eamios estudantis trabalhando para a Secretaria de Educa\u00e7\u00e3o paulista. Aos 17, foi eleito para o cargo simb\u00f3lico de deputado jovem na C\u00e2mara dos Deputados. Antes de tudo, em 2006, aos 13, foi vereador jovem na C\u00e2mara Municipal de S\u00e3o Paulo (CMSP). \u201cEsse caminho eu s\u00f3 trilhei porque comecei aqui\u201d, disse Caruso em palestra aos participantes do Parlamento Jovem Paulistano de 2012.<\/p>\n<p>Criado pela Resolu\u00e7\u00e3o da C\u00e2mara n\u00ba 10 de 2001, o evento oferece a jovens estudantes do Munic\u00edpio a oportunidade de aprender sobre cidadania e democracia, exercendo, simbolicamente, as atividades de vereador por dois dias ao ano, sempre em novembro. No primeiro dia eles assistem a palestras e visitam a Casa. No segundo, s\u00e3o diplomados e tomam posse. Em seguida, \u00e9 eleita a Mesa Diretora do Parlamento Jovem. Depois, cada parlamentar jovem defende seu projeto na tribuna e o submete \u00e0 vota\u00e7\u00e3o, seguindo um regimento feito especialmente para a ocasi\u00e3o. As ideias podem servir de inspira\u00e7\u00e3o aos projetos de lei para a capital paulista.<\/p>\n<p><!-- imagem MEDIA - com legenda - LADO DIREITO --><\/p>\n<div style=\"float: right;width: 227px;margin-left: 1.5em;margin-bottom: 1.5em\">\n<div style=\"float: right;padding: 5px;background-color: #eee !important\">\n<p><a href=\"http:\/\/homolog.saopaulo.sp.leg.br\/apartes-anteriores\/wp-content\/uploads\/sites\/9\/2016\/11\/apartes_n01_85.jpg\"><img loading=\"lazy\" decoding=\"async\" class=\"aligncenter wp-image-37280\" src=\"http:\/\/homolog.saopaulo.sp.leg.br\/apartes-anteriores\/wp-content\/uploads\/sites\/9\/2016\/11\/apartes_n01_85.jpg\" width=\"240\" height=\"139\" srcset=\"https:\/\/homolog.saopaulo.sp.leg.br\/apartes-anteriores\/wp-content\/uploads\/sites\/9\/2016\/11\/apartes_n01_85.jpg 1855w, https:\/\/homolog.saopaulo.sp.leg.br\/apartes-anteriores\/wp-content\/uploads\/sites\/9\/2016\/11\/apartes_n01_85-300x174.jpg 300w, https:\/\/homolog.saopaulo.sp.leg.br\/apartes-anteriores\/wp-content\/uploads\/sites\/9\/2016\/11\/apartes_n01_85-768x445.jpg 768w, https:\/\/homolog.saopaulo.sp.leg.br\/apartes-anteriores\/wp-content\/uploads\/sites\/9\/2016\/11\/apartes_n01_85-1024x593.jpg 1024w\" sizes=\"auto, (max-width: 240px) 100vw, 240px\" \/><\/a><\/p>\n<p style=\"font-size: 0.8em;line-height: 1.1em;text-align: center;margin: -1.5em 0px 7px 0px;color: #333;!important;background-color: transparent !important\" align=\"center\">Caio Tripicchio de Almeida, presidente do Parlamento Jovem 2012, apresentou projeto sobre controle da obesidade nas escolas<\/p>\n<\/div>\n<p style=\"font-size: 0.5em;line-height: 1.1em;text-align: right;margin: 4px 0px 7px 0px;background-color: transparent !important\">CCI.1\/CMSP<\/p>\n<\/div>\n<p><!-- imagem MEDIA - com legenda - LADO DIREITO --><\/p>\n<p>Os interessados devem estar cursando do 6\u00ba ao 9\u00ba ano do ensino fundamental em escolas p\u00fablicas e particulares da cidade. O candidato precisa apresentar um trabalho individual na forma de um projeto de lei, que ser\u00e1 submetido \u00e0 sele\u00e7\u00e3o de uma comiss\u00e3o de vereadores. Ser\u00e3o escolhidos os 55 melhores projetos, considerando: respeito ao formato de projeto de lei, pertin\u00eancia em rela\u00e7\u00e3o ao tema do partido, corre\u00e7\u00e3o gramatical, concis\u00e3o, clareza, originalidade e exequibilidade.<\/p>\n<p>Cada escola pode participar com apenas um projeto, discutido entre os colegas, pais e professores e escolhido por comiss\u00e3o julgadora da pr\u00f3pria comunidade escolar. A proposta deve estar atrelada a um dos seguintes partidos fict\u00edcios, escolhido pelo parlamentar jovem: Assist\u00eancia Social; Educa\u00e7\u00e3o; Emprego; Cultura; Esportes, Lazer e Recrea\u00e7\u00e3o; Habita\u00e7\u00e3o; Natureza; Planejamento Urbano; Sa\u00fade; Seguran\u00e7a Urbana; Tr\u00e2nsito e Transporte.<\/p>\n<p><!-- imagem MEDIA - com legenda - LADO ESQUERDO --><\/p>\n<div style=\"float: left;width: 310px;margin-right: 1.5em;margin-bottom: 1.5em\">\n<div style=\"float: left;padding: 5px;background-color: #eee !important\">\n<p><a href=\"http:\/\/homolog.saopaulo.sp.leg.br\/apartes-anteriores\/wp-content\/uploads\/sites\/9\/2016\/11\/apartes_n01_87.jpg\"><img loading=\"lazy\" decoding=\"async\" class=\"aligncenter wp-image-37282 \" src=\"http:\/\/homolog.saopaulo.sp.leg.br\/apartes-anteriores\/wp-content\/uploads\/sites\/9\/2016\/11\/apartes_n01_87.jpg\" width=\"273\" height=\"823\" srcset=\"https:\/\/homolog.saopaulo.sp.leg.br\/apartes-anteriores\/wp-content\/uploads\/sites\/9\/2016\/11\/apartes_n01_87.jpg 860w, https:\/\/homolog.saopaulo.sp.leg.br\/apartes-anteriores\/wp-content\/uploads\/sites\/9\/2016\/11\/apartes_n01_87-100x300.jpg 100w, https:\/\/homolog.saopaulo.sp.leg.br\/apartes-anteriores\/wp-content\/uploads\/sites\/9\/2016\/11\/apartes_n01_87-768x2315.jpg 768w, https:\/\/homolog.saopaulo.sp.leg.br\/apartes-anteriores\/wp-content\/uploads\/sites\/9\/2016\/11\/apartes_n01_87-340x1024.jpg 340w\" sizes=\"auto, (max-width: 273px) 100vw, 273px\" \/><\/a><\/p>\n<p style=\"font-size: 0.8em;line-height: 1.1em;text-align: center;margin: -1.5em 0px 7px 0px;color: #333;!important;background-color: transparent !important\" align=\"center\">Durante sess\u00e3o plen\u00e1ria, vereadora jovem Priscila Santos Lima defende seu projeto para outros estudantes<\/p>\n<\/div>\n<p style=\"font-size: 0.5em;line-height: 1.1em;text-align: right;margin: 4px 0px 7px 0px;background-color: transparent !important\">Mozart Gomes\/CMSP<\/p>\n<\/div>\n<p><!-- imagem MEDIA - com legenda - LADO ESQUERDO --><\/p>\n<p>O vereador jovem Caio Tripicchio de Almeida, da escola particular Germinare, foi eleito presidente do Parlamento Jovem Municipal de 2012. Seu projeto falava sobre controle da obesidade infantil e reeduca\u00e7\u00e3o alimentar nas escolas p\u00fablicas municipais. O estudante prop\u00f4s, entre outras medidas, que toda unidade escolar tivesse uma nutricionista respons\u00e1vel pelo card\u00e1pio. A proposta recebeu 39 votos favor\u00e1veis, 9 desfavor\u00e1veis e 7 absten\u00e7\u00f5es. \u201c\u00c9 sabido que entre as atribui\u00e7\u00f5es da escola est\u00e3o: educar, instruir e conscientizar a comunidade escolar, a fim de obter uma sociedade saud\u00e1vel, consciente dos bons h\u00e1bitos\u201d, disse Almeida no Plen\u00e1rio, defendendo sua proposta.<\/p>\n<p>\u201cO exerc\u00edcio de democracia e participa\u00e7\u00e3o pol\u00edtica proporcionado pelo evento gera um impacto que n\u00e3o atinge apenas os vereadores jovens, j\u00e1 que cada inscri\u00e7\u00e3o \u00e9 fruto de um processo seletivo que se d\u00e1 no ambiente escolar e cada participante leva para sua vida e comunidade uma nova perspectiva do processo legislativo\u201d, analisa Raul Julio, da Equipe de Eventos da CMSP, um dos organizadores do \u00faltimo Parlamento Jovem Paulistano.<\/p>\n<p>Segundo Raul, o evento tamb\u00e9m pode despertar voca\u00e7\u00f5es pol\u00edticas, como ocorreu com Vinicius Caruso, que foi estimulado a participar por um professor. \u201cH\u00e1 seis anos eu fui vereador jovem. N\u00e3o sabia o que era plen\u00e1rio, aparte, pequeno e grande expediente. Gostei. Sa\u00ed daqui achando que isso deveria continuar. Hoje eu volto para casa com a certeza de que isso d\u00e1 resultado\u201d, disse o estudante de engenharia durante a palestra aos jovens parlamentares do ano passado.<\/p>\n<p><strong>Mais informa\u00e7\u00f5es<\/strong> sobre a iniciativa podem ser obtidas com a Equipe de Eventos da C\u00e2mara, pelo e-mail eventos@saopaulo.sp.leg.br ou pelo telefone (11) 3396-4170. No portal da CMSP, em Pr\u00eamios Institucionais, tamb\u00e9m \u00e9 poss\u00edvel encontrar mais detalhes, como cronograma de atividades, fichas de inscri\u00e7\u00e3o e de autoriza\u00e7\u00e3o pelo pai ou m\u00e3e, o modelo de projeto de lei e as normas para envio dos trabalhos.<\/p>\n<p><a href=\"http:\/\/homolog.saopaulo.sp.leg.br\/apartes-anteriores\/wp-content\/uploads\/sites\/9\/2016\/11\/apartes_n01_111.jpg\"><img loading=\"lazy\" decoding=\"async\" class=\"aligncenter size-full wp-image-37285\" src=\"http:\/\/homolog.saopaulo.sp.leg.br\/apartes-anteriores\/wp-content\/uploads\/sites\/9\/2016\/11\/apartes_n01_111.jpg\" alt=\"apartes_n01_111\" width=\"1200\" height=\"716\" srcset=\"https:\/\/homolog.saopaulo.sp.leg.br\/apartes-anteriores\/wp-content\/uploads\/sites\/9\/2016\/11\/apartes_n01_111.jpg 1200w, https:\/\/homolog.saopaulo.sp.leg.br\/apartes-anteriores\/wp-content\/uploads\/sites\/9\/2016\/11\/apartes_n01_111-300x179.jpg 300w, https:\/\/homolog.saopaulo.sp.leg.br\/apartes-anteriores\/wp-content\/uploads\/sites\/9\/2016\/11\/apartes_n01_111-768x458.jpg 768w, https:\/\/homolog.saopaulo.sp.leg.br\/apartes-anteriores\/wp-content\/uploads\/sites\/9\/2016\/11\/apartes_n01_111-1024x611.jpg 1024w\" sizes=\"auto, (max-width: 1200px) 100vw, 1200px\" \/><\/a><\/p>\n","protected":false},"excerpt":{"rendered":"<p>Parlamento Jovem desperta voca\u00e7\u00e3o pol\u00edtica Vereadores jovens Gabriel Bassoto de Abreu (\u00e0 esquerda) e Arthur Zelioli Charles registram seus votos pelo sistema biom\u00e9trico CCI.1\/CMSP O\u00a0estudante de engenharia civil Vin\u00edcius Silva Caruso far\u00e1 20 anos em julho de 2013. \u00c9 primeiro-secret\u00e1rio estadual da Juventude do PSDB e tamb\u00e9m conselheiro titular da Funda\u00e7\u00e3o Mario Covas. Entre os [&hellip;]<\/p>\n","protected":false},"author":109,"featured_media":0,"parent":24343,"menu_order":0,"comment_status":"closed","ping_status":"closed","template":"","meta":{"footnotes":""},"class_list":["post-37274","page","type-page","status-publish","hentry"],"meta_all":{"_edit_lock":["1481828561:109"],"_edit_last":["109"],"_wp_page_template":["default"],"_yoast_wpseo_opengraph-title":["Parlamento Jovem desperta\u00a0voca\u00e7\u00e3o pol\u00edtica"],"_yoast_wpseo_opengraph-description":["Parlamento Jovem desperta voca\u00e7\u00e3o pol\u00edtica"],"_yoast_wpseo_twitter-title":["Parlamento Jovem desperta\u00a0voca\u00e7\u00e3o pol\u00edtica"],"_yoast_wpseo_twitter-description":["Parlamento Jovem desperta voca\u00e7\u00e3o pol\u00edtica"],"_yoast_wpseo_content_score":["60"],"_cmsp_page_download-files":["a:1:{i:0;a:1:{s:4:\"type\";s:3:\"pdf\";}}"]},"meta_all_2":{"_edit_lock":["1481828561:109"],"_edit_last":["109"],"_wp_page_template":["default"],"_yoast_wpseo_opengraph-title":["Parlamento Jovem desperta\u00a0voca\u00e7\u00e3o pol\u00edtica"],"_yoast_wpseo_opengraph-description":["Parlamento Jovem desperta voca\u00e7\u00e3o pol\u00edtica"],"_yoast_wpseo_twitter-title":["Parlamento Jovem desperta\u00a0voca\u00e7\u00e3o pol\u00edtica"],"_yoast_wpseo_twitter-description":["Parlamento Jovem desperta voca\u00e7\u00e3o pol\u00edtica"],"_yoast_wpseo_content_score":["60"],"_cmsp_page_download-files":["a:1:{i:0;a:1:{s:4:\"type\";s:3:\"pdf\";}}"]},"yoast_head":"<!-- This site is optimized with the Yoast SEO plugin v27.4 - https:\/\/yoast.com\/product\/yoast-seo-wordpress\/ -->\r\n<title>N\u00b001 - Destaque - Revista Apartes (edi\u00e7\u00f5es anteriores)<\/title>\r\n<meta name=\"robots\" content=\"noindex, follow, max-snippet:-1, max-image-preview:large, max-video-preview:-1\" \/>\r\n<meta property=\"og:locale\" content=\"pt_BR\" \/>\r\n<meta property=\"og:type\" content=\"article\" \/>\r\n<meta property=\"og:title\" content=\"Parlamento Jovem desperta\u00a0voca\u00e7\u00e3o pol\u00edtica\" \/>\r\n<meta property=\"og:description\" content=\"Parlamento Jovem desperta voca\u00e7\u00e3o pol\u00edtica\" \/>\r\n<meta property=\"og:url\" content=\"https:\/\/www.saopaulo.sp.leg.br\/apartes-anteriores\/revista-apartes\/numero-1-janeiro-junho2013\/n-01-parlamento-jovem-desperta-vocacao-politica\/\" \/>\r\n<meta property=\"og:site_name\" content=\"Revista Apartes (edi\u00e7\u00f5es anteriores)\" \/>\r\n<meta property=\"article:publisher\" content=\"https:\/\/www.facebook.com\/RevistaApartes\/\" \/>\r\n<meta property=\"article:modified_time\" content=\"2016-12-15T19:02:20+00:00\" \/>\r\n<meta property=\"og:image\" content=\"http:\/\/www.saopaulo.sp.leg.br\/apartes-anteriores\/wp-content\/uploads\/sites\/9\/2016\/11\/apartes_n01_84.jpg\" \/>\r\n<meta name=\"twitter:card\" content=\"summary_large_image\" \/>\r\n<meta name=\"twitter:title\" content=\"Parlamento Jovem desperta\u00a0voca\u00e7\u00e3o pol\u00edtica\" \/>\r\n<meta name=\"twitter:description\" content=\"Parlamento Jovem desperta voca\u00e7\u00e3o pol\u00edtica\" \/>\r\n<meta name=\"twitter:site\" content=\"@revistaapartes\" \/>\r\n<meta name=\"twitter:label1\" content=\"Est. tempo de leitura\" \/>\n\t<meta name=\"twitter:data1\" content=\"4 minutos\" \/>\r\n<script type=\"application\/ld+json\" class=\"yoast-schema-graph\">{\"@context\":\"https:\\\/\\\/schema.org\",\"@graph\":[{\"@type\":\"WebPage\",\"@id\":\"https:\\\/\\\/www.saopaulo.sp.leg.br\\\/apartes-anteriores\\\/revista-apartes\\\/numero-1-janeiro-junho2013\\\/n-01-parlamento-jovem-desperta-vocacao-politica\\\/\",\"url\":\"https:\\\/\\\/www.saopaulo.sp.leg.br\\\/apartes-anteriores\\\/revista-apartes\\\/numero-1-janeiro-junho2013\\\/n-01-parlamento-jovem-desperta-vocacao-politica\\\/\",\"name\":\"N\u00b001 - Destaque - Revista Apartes (edi\u00e7\u00f5es anteriores)\",\"isPartOf\":{\"@id\":\"https:\\\/\\\/homolog.saopaulo.sp.leg.br\\\/apartes-anteriores\\\/#website\"},\"primaryImageOfPage\":{\"@id\":\"https:\\\/\\\/www.saopaulo.sp.leg.br\\\/apartes-anteriores\\\/revista-apartes\\\/numero-1-janeiro-junho2013\\\/n-01-parlamento-jovem-desperta-vocacao-politica\\\/#primaryimage\"},\"image\":{\"@id\":\"https:\\\/\\\/www.saopaulo.sp.leg.br\\\/apartes-anteriores\\\/revista-apartes\\\/numero-1-janeiro-junho2013\\\/n-01-parlamento-jovem-desperta-vocacao-politica\\\/#primaryimage\"},\"thumbnailUrl\":\"http:\\\/\\\/homolog.saopaulo.sp.leg.br\\\/apartes-anteriores\\\/wp-content\\\/uploads\\\/sites\\\/9\\\/2016\\\/11\\\/apartes_n01_84.jpg\",\"datePublished\":\"2016-11-10T19:25:08+00:00\",\"dateModified\":\"2016-12-15T19:02:20+00:00\",\"breadcrumb\":{\"@id\":\"https:\\\/\\\/www.saopaulo.sp.leg.br\\\/apartes-anteriores\\\/revista-apartes\\\/numero-1-janeiro-junho2013\\\/n-01-parlamento-jovem-desperta-vocacao-politica\\\/#breadcrumb\"},\"inLanguage\":\"pt-BR\",\"potentialAction\":[{\"@type\":\"ReadAction\",\"target\":[\"https:\\\/\\\/www.saopaulo.sp.leg.br\\\/apartes-anteriores\\\/revista-apartes\\\/numero-1-janeiro-junho2013\\\/n-01-parlamento-jovem-desperta-vocacao-politica\\\/\"]}]},{\"@type\":\"ImageObject\",\"inLanguage\":\"pt-BR\",\"@id\":\"https:\\\/\\\/www.saopaulo.sp.leg.br\\\/apartes-anteriores\\\/revista-apartes\\\/numero-1-janeiro-junho2013\\\/n-01-parlamento-jovem-desperta-vocacao-politica\\\/#primaryimage\",\"url\":\"https:\\\/\\\/homolog.saopaulo.sp.leg.br\\\/apartes-anteriores\\\/wp-content\\\/uploads\\\/sites\\\/9\\\/2016\\\/11\\\/apartes_n01_84.jpg\",\"contentUrl\":\"https:\\\/\\\/homolog.saopaulo.sp.leg.br\\\/apartes-anteriores\\\/wp-content\\\/uploads\\\/sites\\\/9\\\/2016\\\/11\\\/apartes_n01_84.jpg\",\"width\":2766,\"height\":1407},{\"@type\":\"BreadcrumbList\",\"@id\":\"https:\\\/\\\/www.saopaulo.sp.leg.br\\\/apartes-anteriores\\\/revista-apartes\\\/numero-1-janeiro-junho2013\\\/n-01-parlamento-jovem-desperta-vocacao-politica\\\/#breadcrumb\",\"itemListElement\":[{\"@type\":\"ListItem\",\"position\":1,\"name\":\"Home\",\"item\":\"https:\\\/\\\/www.saopaulo.sp.leg.br\\\/apartes-anteriores\\\/\"},{\"@type\":\"ListItem\",\"position\":2,\"name\":\"Revista Apartes\",\"item\":\"https:\\\/\\\/www.saopaulo.sp.leg.br\\\/apartes-anteriores\\\/\"},{\"@type\":\"ListItem\",\"position\":3,\"name\":\"N\u00famero 01 &#8211; jan-jun\\\/2013\",\"item\":\"https:\\\/\\\/www.saopaulo.sp.leg.br\\\/apartes-anteriores\\\/revista-apartes\\\/numero-1-janeiro-junho2013\\\/\"},{\"@type\":\"ListItem\",\"position\":4,\"name\":\"N\u00b001 &#8211; Destaque\"}]},{\"@type\":\"WebSite\",\"@id\":\"https:\\\/\\\/homolog.saopaulo.sp.leg.br\\\/apartes-anteriores\\\/#website\",\"url\":\"https:\\\/\\\/homolog.saopaulo.sp.leg.br\\\/apartes-anteriores\\\/\",\"name\":\"Revista Apartes (edi\u00e7\u00f5es anteriores)\",\"description\":\"Revista Apartes (edi\u00e7\u00f5es anteriores)\",\"potentialAction\":[{\"@type\":\"SearchAction\",\"target\":{\"@type\":\"EntryPoint\",\"urlTemplate\":\"https:\\\/\\\/homolog.saopaulo.sp.leg.br\\\/apartes-anteriores\\\/?s={search_term_string}\"},\"query-input\":{\"@type\":\"PropertyValueSpecification\",\"valueRequired\":true,\"valueName\":\"search_term_string\"}}],\"inLanguage\":\"pt-BR\"}]}<\/script>\r\n<!-- \/ Yoast SEO plugin. -->","yoast_head_json":{"title":"N\u00b001 - Destaque - Revista Apartes (edi\u00e7\u00f5es anteriores)","robots":{"index":"noindex","follow":"follow","max-snippet":"max-snippet:-1","max-image-preview":"max-image-preview:large","max-video-preview":"max-video-preview:-1"},"og_locale":"pt_BR","og_type":"article","og_title":"Parlamento Jovem desperta\u00a0voca\u00e7\u00e3o pol\u00edtica","og_description":"Parlamento Jovem desperta voca\u00e7\u00e3o pol\u00edtica","og_url":"https:\/\/www.saopaulo.sp.leg.br\/apartes-anteriores\/revista-apartes\/numero-1-janeiro-junho2013\/n-01-parlamento-jovem-desperta-vocacao-politica\/","og_site_name":"Revista Apartes (edi\u00e7\u00f5es anteriores)","article_publisher":"https:\/\/www.facebook.com\/RevistaApartes\/","article_modified_time":"2016-12-15T19:02:20+00:00","og_image":[{"url":"http:\/\/www.saopaulo.sp.leg.br\/apartes-anteriores\/wp-content\/uploads\/sites\/9\/2016\/11\/apartes_n01_84.jpg","type":"","width":"","height":""}],"twitter_card":"summary_large_image","twitter_title":"Parlamento Jovem desperta\u00a0voca\u00e7\u00e3o pol\u00edtica","twitter_description":"Parlamento Jovem desperta voca\u00e7\u00e3o pol\u00edtica","twitter_site":"@revistaapartes","twitter_misc":{"Est. tempo de leitura":"4 minutos"},"schema":{"@context":"https:\/\/schema.org","@graph":[{"@type":"WebPage","@id":"https:\/\/www.saopaulo.sp.leg.br\/apartes-anteriores\/revista-apartes\/numero-1-janeiro-junho2013\/n-01-parlamento-jovem-desperta-vocacao-politica\/","url":"https:\/\/www.saopaulo.sp.leg.br\/apartes-anteriores\/revista-apartes\/numero-1-janeiro-junho2013\/n-01-parlamento-jovem-desperta-vocacao-politica\/","name":"N\u00b001 - Destaque - Revista Apartes (edi\u00e7\u00f5es anteriores)","isPartOf":{"@id":"https:\/\/homolog.saopaulo.sp.leg.br\/apartes-anteriores\/#website"},"primaryImageOfPage":{"@id":"https:\/\/www.saopaulo.sp.leg.br\/apartes-anteriores\/revista-apartes\/numero-1-janeiro-junho2013\/n-01-parlamento-jovem-desperta-vocacao-politica\/#primaryimage"},"image":{"@id":"https:\/\/www.saopaulo.sp.leg.br\/apartes-anteriores\/revista-apartes\/numero-1-janeiro-junho2013\/n-01-parlamento-jovem-desperta-vocacao-politica\/#primaryimage"},"thumbnailUrl":"http:\/\/homolog.saopaulo.sp.leg.br\/apartes-anteriores\/wp-content\/uploads\/sites\/9\/2016\/11\/apartes_n01_84.jpg","datePublished":"2016-11-10T19:25:08+00:00","dateModified":"2016-12-15T19:02:20+00:00","breadcrumb":{"@id":"https:\/\/www.saopaulo.sp.leg.br\/apartes-anteriores\/revista-apartes\/numero-1-janeiro-junho2013\/n-01-parlamento-jovem-desperta-vocacao-politica\/#breadcrumb"},"inLanguage":"pt-BR","potentialAction":[{"@type":"ReadAction","target":["https:\/\/www.saopaulo.sp.leg.br\/apartes-anteriores\/revista-apartes\/numero-1-janeiro-junho2013\/n-01-parlamento-jovem-desperta-vocacao-politica\/"]}]},{"@type":"ImageObject","inLanguage":"pt-BR","@id":"https:\/\/www.saopaulo.sp.leg.br\/apartes-anteriores\/revista-apartes\/numero-1-janeiro-junho2013\/n-01-parlamento-jovem-desperta-vocacao-politica\/#primaryimage","url":"https:\/\/homolog.saopaulo.sp.leg.br\/apartes-anteriores\/wp-content\/uploads\/sites\/9\/2016\/11\/apartes_n01_84.jpg","contentUrl":"https:\/\/homolog.saopaulo.sp.leg.br\/apartes-anteriores\/wp-content\/uploads\/sites\/9\/2016\/11\/apartes_n01_84.jpg","width":2766,"height":1407},{"@type":"BreadcrumbList","@id":"https:\/\/www.saopaulo.sp.leg.br\/apartes-anteriores\/revista-apartes\/numero-1-janeiro-junho2013\/n-01-parlamento-jovem-desperta-vocacao-politica\/#breadcrumb","itemListElement":[{"@type":"ListItem","position":1,"name":"Home","item":"https:\/\/www.saopaulo.sp.leg.br\/apartes-anteriores\/"},{"@type":"ListItem","position":2,"name":"Revista Apartes","item":"https:\/\/www.saopaulo.sp.leg.br\/apartes-anteriores\/"},{"@type":"ListItem","position":3,"name":"N\u00famero 01 &#8211; jan-jun\/2013","item":"https:\/\/www.saopaulo.sp.leg.br\/apartes-anteriores\/revista-apartes\/numero-1-janeiro-junho2013\/"},{"@type":"ListItem","position":4,"name":"N\u00b001 &#8211; Destaque"}]},{"@type":"WebSite","@id":"https:\/\/homolog.saopaulo.sp.leg.br\/apartes-anteriores\/#website","url":"https:\/\/homolog.saopaulo.sp.leg.br\/apartes-anteriores\/","name":"Revista Apartes (edi\u00e7\u00f5es anteriores)","description":"Revista Apartes (edi\u00e7\u00f5es anteriores)","potentialAction":[{"@type":"SearchAction","target":{"@type":"EntryPoint","urlTemplate":"https:\/\/homolog.saopaulo.sp.leg.br\/apartes-anteriores\/?s={search_term_string}"},"query-input":{"@type":"PropertyValueSpecification","valueRequired":true,"valueName":"search_term_string"}}],"inLanguage":"pt-BR"}]}},"_links":{"self":[{"href":"https:\/\/homolog.saopaulo.sp.leg.br\/apartes-anteriores\/wp-json\/wp\/v2\/pages\/37274","targetHints":{"allow":["GET"]}}],"collection":[{"href":"https:\/\/homolog.saopaulo.sp.leg.br\/apartes-anteriores\/wp-json\/wp\/v2\/pages"}],"about":[{"href":"https:\/\/homolog.saopaulo.sp.leg.br\/apartes-anteriores\/wp-json\/wp\/v2\/types\/page"}],"author":[{"embeddable":true,"href":"https:\/\/homolog.saopaulo.sp.leg.br\/apartes-anteriores\/wp-json\/wp\/v2\/users\/109"}],"replies":[{"embeddable":true,"href":"https:\/\/homolog.saopaulo.sp.leg.br\/apartes-anteriores\/wp-json\/wp\/v2\/comments?post=37274"}],"version-history":[{"count":5,"href":"https:\/\/homolog.saopaulo.sp.leg.br\/apartes-anteriores\/wp-json\/wp\/v2\/pages\/37274\/revisions"}],"predecessor-version":[{"id":38611,"href":"https:\/\/homolog.saopaulo.sp.leg.br\/apartes-anteriores\/wp-json\/wp\/v2\/pages\/37274\/revisions\/38611"}],"up":[{"embeddable":true,"href":"https:\/\/homolog.saopaulo.sp.leg.br\/apartes-anteriores\/wp-json\/wp\/v2\/pages\/24343"}],"wp:attachment":[{"href":"https:\/\/homolog.saopaulo.sp.leg.br\/apartes-anteriores\/wp-json\/wp\/v2\/media?parent=37274"}],"curies":[{"name":"wp","href":"https:\/\/api.w.org\/{rel}","templated":true}]}}