{"id":37291,"date":"2016-11-10T17:42:42","date_gmt":"2016-11-10T19:42:42","guid":{"rendered":"http:\/\/homolog.saopaulo.sp.leg.br\/apartes-anteriores\/?page_id=37291"},"modified":"2016-12-15T17:05:14","modified_gmt":"2016-12-15T19:05:14","slug":"no01-tv-camara-sao-paulo-em-sinal-digital","status":"publish","type":"page","link":"https:\/\/homolog.saopaulo.sp.leg.br\/apartes-anteriores\/revista-apartes\/numero-1-janeiro-junho2013\/no01-tv-camara-sao-paulo-em-sinal-digital\/","title":{"rendered":"N\u00ba01 &#8211; Destaque"},"content":{"rendered":"<h1><span style=\"color: #800000\"><strong>TV C\u00e2mara<\/strong> <strong>S<\/strong><strong>\u00e3o<\/strong> <strong>Paulo<\/strong> <strong>em sinal digital<\/strong><\/span><\/h1>\n<p><!-- imagem MEDIA - com legenda - LADO ESQUERDO --><\/p>\n<div style=\"float: left;width: 310px;margin-right: 1.5em;margin-bottom: 1.5em\">\n<div style=\"float: left;padding: 5px;background-color: #eee !important\">\n<p><a href=\"http:\/\/homolog.saopaulo.sp.leg.br\/apartes-anteriores\/wp-content\/uploads\/sites\/9\/2016\/11\/apartes_n01_86.jpg\"><img loading=\"lazy\" decoding=\"async\" class=\"aligncenter wp-image-37293\" src=\"http:\/\/homolog.saopaulo.sp.leg.br\/apartes-anteriores\/wp-content\/uploads\/sites\/9\/2016\/11\/apartes_n01_86.jpg\" width=\"300\" height=\"813\" srcset=\"https:\/\/homolog.saopaulo.sp.leg.br\/apartes-anteriores\/wp-content\/uploads\/sites\/9\/2016\/11\/apartes_n01_86.jpg 967w, https:\/\/homolog.saopaulo.sp.leg.br\/apartes-anteriores\/wp-content\/uploads\/sites\/9\/2016\/11\/apartes_n01_86-111x300.jpg 111w, https:\/\/homolog.saopaulo.sp.leg.br\/apartes-anteriores\/wp-content\/uploads\/sites\/9\/2016\/11\/apartes_n01_86-768x2080.jpg 768w, https:\/\/homolog.saopaulo.sp.leg.br\/apartes-anteriores\/wp-content\/uploads\/sites\/9\/2016\/11\/apartes_n01_86-378x1024.jpg 378w\" sizes=\"auto, (max-width: 300px) 100vw, 300px\" \/><\/a><\/p>\n<p style=\"font-size: 0.8em;line-height: 1.1em;text-align: center;margin: -1.5em 0px 7px 0px;color: #333;!important;background-color: transparent !important\" align=\"center\">Programa\u00e7\u00e3o da TV C\u00e2mara passou de sete para 24 horas di\u00e1rias<\/p>\n<\/div>\n<p style=\"font-size: 0.5em;line-height: 1.1em;text-align: right;margin: 4px 0px 7px 0px;background-color: transparent !important\">Marcelo L.X.\/CMSP<\/p>\n<\/div>\n<p><!-- imagem MEDIA - com legenda - LADO ESQUERDO --><\/p>\n<p>A TV C\u00e2mara S\u00e3o Paulo, uma televis\u00e3o p\u00fablica que apresenta as a\u00e7\u00f5es e os debates do Legislativo paulistano, al\u00e9m de programas sobre a cidade de S\u00e3o Paulo, ampliou e modernizou sua programa\u00e7\u00e3o, que aumentou de sete para 24 horas di\u00e1rias e, com a entrada do sinal digital, passou a atingir um n\u00famero maior de pessoas.<\/p>\n<p>A transmiss\u00e3o em sinal digital come\u00e7ou em 12 de dezembro do ano passado. At\u00e9 ent\u00e3o, a emissora s\u00f3 estava dispon\u00edvel na tev\u00ea paga, exibindo seus programas sete horas por dia, das 13h \u00e0s 20h, nos canais 7 (digital) e 13 (anal\u00f3gico) da Net.<\/p>\n<p>Com o sinal digital, o telespectador passou a contar tamb\u00e9m com a possiblidade de acompanhar a programa\u00e7\u00e3o gratuitamente, 24 horas por dia, no canal 61.4, em todos os televisores equipados com conversores digitais, num raio de 150 quil\u00f4metros em torno da capital. Outra op\u00e7\u00e3o \u00e9 acompanhar pela internet, no site\u00a0<a href=\"\/\/homolog.saopaulo.sp.leg.br\/tvcamarasp\"><em>homolog.saopaulo.sp.leg.br\/tvcamarasp<\/em><\/a>.<\/p>\n<p>Al\u00e9m de chegar a mais pessoas, a TV C\u00e2mara S\u00e3o Paulo vem promovendo altera\u00e7\u00f5es na forma e no conte\u00fado. \u201cFizemos uma mudan\u00e7a de visual, com um novo logotipo, novas vinhetas e novos cen\u00e1rios e repaginamos os roteiros, para dar mais dinamismo\u201d, explica Edmilson Neves, diretor executivo da tev\u00ea. Outra novidade ocorreu com o telejornal <em>Jornal da C\u00e2mara<\/em>, que passou a ter duas edi\u00e7\u00f5es, \u00e0s 13h e \u00e0s 18h30.<\/p>\n<p>O maior destaque \u00e9 a transmiss\u00e3o das sess\u00f5es plen\u00e1rias, ao vivo, de ter\u00e7a a quinta-feira, a partir das 15h. A grade da tev\u00ea conta com 25 programas, sendo 22 produ\u00e7\u00f5es pr\u00f3prias, uma em parceria (com a Pol\u00edcia Militar) e duas terceirizadas.<\/p>\n","protected":false},"excerpt":{"rendered":"<p>TV C\u00e2mara S\u00e3o Paulo em sinal digital Programa\u00e7\u00e3o da TV C\u00e2mara passou de sete para 24 horas di\u00e1rias Marcelo L.X.\/CMSP A TV C\u00e2mara S\u00e3o Paulo, uma televis\u00e3o p\u00fablica que apresenta as a\u00e7\u00f5es e os debates do Legislativo paulistano, al\u00e9m de programas sobre a cidade de S\u00e3o Paulo, ampliou e modernizou sua programa\u00e7\u00e3o, que aumentou de [&hellip;]<\/p>\n","protected":false},"author":109,"featured_media":0,"parent":24343,"menu_order":0,"comment_status":"closed","ping_status":"closed","template":"","meta":{"footnotes":""},"class_list":["post-37291","page","type-page","status-publish","hentry"],"meta_all":{"_edit_lock":["1481828716:109"],"_edit_last":["109"],"_wp_page_template":["default"],"_yoast_wpseo_content_score":["60"],"_cmsp_page_download-files":["a:1:{i:0;a:1:{s:4:\"type\";s:3:\"pdf\";}}"],"_yoast_wpseo_opengraph-title":["TV C\u00e2mara S\u00e3o Paulo em sinal digital"],"_yoast_wpseo_opengraph-description":["TV C\u00e2mara S\u00e3o Paulo em sinal digital"],"_yoast_wpseo_twitter-title":["TV C\u00e2mara S\u00e3o Paulo em sinal digital"],"_yoast_wpseo_twitter-description":["TV C\u00e2mara S\u00e3o Paulo em sinal digital"]},"meta_all_2":{"_edit_lock":["1481828716:109"],"_edit_last":["109"],"_wp_page_template":["default"],"_yoast_wpseo_content_score":["60"],"_cmsp_page_download-files":["a:1:{i:0;a:1:{s:4:\"type\";s:3:\"pdf\";}}"],"_yoast_wpseo_opengraph-title":["TV C\u00e2mara S\u00e3o Paulo em sinal digital"],"_yoast_wpseo_opengraph-description":["TV C\u00e2mara S\u00e3o Paulo em sinal digital"],"_yoast_wpseo_twitter-title":["TV C\u00e2mara S\u00e3o Paulo em sinal digital"],"_yoast_wpseo_twitter-description":["TV C\u00e2mara S\u00e3o Paulo em sinal digital"]},"yoast_head":"<!-- This site is optimized with the Yoast SEO plugin v27.4 - https:\/\/yoast.com\/product\/yoast-seo-wordpress\/ -->\r\n<title>N\u00ba01 - Destaque - Revista Apartes (edi\u00e7\u00f5es anteriores)<\/title>\r\n<meta name=\"robots\" content=\"noindex, follow, max-snippet:-1, max-image-preview:large, max-video-preview:-1\" \/>\r\n<meta property=\"og:locale\" content=\"pt_BR\" \/>\r\n<meta property=\"og:type\" content=\"article\" \/>\r\n<meta property=\"og:title\" content=\"TV C\u00e2mara S\u00e3o Paulo em sinal digital\" \/>\r\n<meta property=\"og:description\" content=\"TV C\u00e2mara S\u00e3o Paulo em sinal digital\" \/>\r\n<meta property=\"og:url\" content=\"https:\/\/www.saopaulo.sp.leg.br\/apartes-anteriores\/revista-apartes\/numero-1-janeiro-junho2013\/no01-tv-camara-sao-paulo-em-sinal-digital\/\" \/>\r\n<meta property=\"og:site_name\" content=\"Revista Apartes (edi\u00e7\u00f5es anteriores)\" \/>\r\n<meta property=\"article:publisher\" content=\"https:\/\/www.facebook.com\/RevistaApartes\/\" \/>\r\n<meta property=\"article:modified_time\" content=\"2016-12-15T19:05:14+00:00\" \/>\r\n<meta property=\"og:image\" content=\"http:\/\/www.saopaulo.sp.leg.br\/apartes-anteriores\/wp-content\/uploads\/sites\/9\/2016\/11\/apartes_n01_86.jpg\" \/>\r\n<meta name=\"twitter:card\" content=\"summary_large_image\" \/>\r\n<meta name=\"twitter:title\" content=\"TV C\u00e2mara S\u00e3o Paulo em sinal digital\" \/>\r\n<meta name=\"twitter:description\" content=\"TV C\u00e2mara S\u00e3o Paulo em sinal digital\" \/>\r\n<meta name=\"twitter:site\" content=\"@revistaapartes\" \/>\r\n<meta name=\"twitter:label1\" content=\"Est. tempo de leitura\" \/>\n\t<meta name=\"twitter:data1\" content=\"2 minutos\" \/>\r\n<script type=\"application\/ld+json\" class=\"yoast-schema-graph\">{\"@context\":\"https:\\\/\\\/schema.org\",\"@graph\":[{\"@type\":\"WebPage\",\"@id\":\"https:\\\/\\\/www.saopaulo.sp.leg.br\\\/apartes-anteriores\\\/revista-apartes\\\/numero-1-janeiro-junho2013\\\/no01-tv-camara-sao-paulo-em-sinal-digital\\\/\",\"url\":\"https:\\\/\\\/www.saopaulo.sp.leg.br\\\/apartes-anteriores\\\/revista-apartes\\\/numero-1-janeiro-junho2013\\\/no01-tv-camara-sao-paulo-em-sinal-digital\\\/\",\"name\":\"N\u00ba01 - Destaque - Revista Apartes (edi\u00e7\u00f5es anteriores)\",\"isPartOf\":{\"@id\":\"https:\\\/\\\/homolog.saopaulo.sp.leg.br\\\/apartes-anteriores\\\/#website\"},\"primaryImageOfPage\":{\"@id\":\"https:\\\/\\\/www.saopaulo.sp.leg.br\\\/apartes-anteriores\\\/revista-apartes\\\/numero-1-janeiro-junho2013\\\/no01-tv-camara-sao-paulo-em-sinal-digital\\\/#primaryimage\"},\"image\":{\"@id\":\"https:\\\/\\\/www.saopaulo.sp.leg.br\\\/apartes-anteriores\\\/revista-apartes\\\/numero-1-janeiro-junho2013\\\/no01-tv-camara-sao-paulo-em-sinal-digital\\\/#primaryimage\"},\"thumbnailUrl\":\"http:\\\/\\\/homolog.saopaulo.sp.leg.br\\\/apartes-anteriores\\\/wp-content\\\/uploads\\\/sites\\\/9\\\/2016\\\/11\\\/apartes_n01_86.jpg\",\"datePublished\":\"2016-11-10T19:42:42+00:00\",\"dateModified\":\"2016-12-15T19:05:14+00:00\",\"breadcrumb\":{\"@id\":\"https:\\\/\\\/www.saopaulo.sp.leg.br\\\/apartes-anteriores\\\/revista-apartes\\\/numero-1-janeiro-junho2013\\\/no01-tv-camara-sao-paulo-em-sinal-digital\\\/#breadcrumb\"},\"inLanguage\":\"pt-BR\",\"potentialAction\":[{\"@type\":\"ReadAction\",\"target\":[\"https:\\\/\\\/www.saopaulo.sp.leg.br\\\/apartes-anteriores\\\/revista-apartes\\\/numero-1-janeiro-junho2013\\\/no01-tv-camara-sao-paulo-em-sinal-digital\\\/\"]}]},{\"@type\":\"ImageObject\",\"inLanguage\":\"pt-BR\",\"@id\":\"https:\\\/\\\/www.saopaulo.sp.leg.br\\\/apartes-anteriores\\\/revista-apartes\\\/numero-1-janeiro-junho2013\\\/no01-tv-camara-sao-paulo-em-sinal-digital\\\/#primaryimage\",\"url\":\"https:\\\/\\\/homolog.saopaulo.sp.leg.br\\\/apartes-anteriores\\\/wp-content\\\/uploads\\\/sites\\\/9\\\/2016\\\/11\\\/apartes_n01_86.jpg\",\"contentUrl\":\"https:\\\/\\\/homolog.saopaulo.sp.leg.br\\\/apartes-anteriores\\\/wp-content\\\/uploads\\\/sites\\\/9\\\/2016\\\/11\\\/apartes_n01_86.jpg\",\"width\":967,\"height\":2619},{\"@type\":\"BreadcrumbList\",\"@id\":\"https:\\\/\\\/www.saopaulo.sp.leg.br\\\/apartes-anteriores\\\/revista-apartes\\\/numero-1-janeiro-junho2013\\\/no01-tv-camara-sao-paulo-em-sinal-digital\\\/#breadcrumb\",\"itemListElement\":[{\"@type\":\"ListItem\",\"position\":1,\"name\":\"Home\",\"item\":\"https:\\\/\\\/www.saopaulo.sp.leg.br\\\/apartes-anteriores\\\/\"},{\"@type\":\"ListItem\",\"position\":2,\"name\":\"Revista Apartes\",\"item\":\"https:\\\/\\\/www.saopaulo.sp.leg.br\\\/apartes-anteriores\\\/\"},{\"@type\":\"ListItem\",\"position\":3,\"name\":\"N\u00famero 01 &#8211; jan-jun\\\/2013\",\"item\":\"https:\\\/\\\/www.saopaulo.sp.leg.br\\\/apartes-anteriores\\\/revista-apartes\\\/numero-1-janeiro-junho2013\\\/\"},{\"@type\":\"ListItem\",\"position\":4,\"name\":\"N\u00ba01 &#8211; Destaque\"}]},{\"@type\":\"WebSite\",\"@id\":\"https:\\\/\\\/homolog.saopaulo.sp.leg.br\\\/apartes-anteriores\\\/#website\",\"url\":\"https:\\\/\\\/homolog.saopaulo.sp.leg.br\\\/apartes-anteriores\\\/\",\"name\":\"Revista Apartes (edi\u00e7\u00f5es anteriores)\",\"description\":\"Revista Apartes (edi\u00e7\u00f5es anteriores)\",\"potentialAction\":[{\"@type\":\"SearchAction\",\"target\":{\"@type\":\"EntryPoint\",\"urlTemplate\":\"https:\\\/\\\/homolog.saopaulo.sp.leg.br\\\/apartes-anteriores\\\/?s={search_term_string}\"},\"query-input\":{\"@type\":\"PropertyValueSpecification\",\"valueRequired\":true,\"valueName\":\"search_term_string\"}}],\"inLanguage\":\"pt-BR\"}]}<\/script>\r\n<!-- \/ Yoast SEO plugin. -->","yoast_head_json":{"title":"N\u00ba01 - Destaque - Revista Apartes (edi\u00e7\u00f5es anteriores)","robots":{"index":"noindex","follow":"follow","max-snippet":"max-snippet:-1","max-image-preview":"max-image-preview:large","max-video-preview":"max-video-preview:-1"},"og_locale":"pt_BR","og_type":"article","og_title":"TV C\u00e2mara S\u00e3o Paulo em sinal digital","og_description":"TV C\u00e2mara S\u00e3o Paulo em sinal digital","og_url":"https:\/\/www.saopaulo.sp.leg.br\/apartes-anteriores\/revista-apartes\/numero-1-janeiro-junho2013\/no01-tv-camara-sao-paulo-em-sinal-digital\/","og_site_name":"Revista Apartes (edi\u00e7\u00f5es anteriores)","article_publisher":"https:\/\/www.facebook.com\/RevistaApartes\/","article_modified_time":"2016-12-15T19:05:14+00:00","og_image":[{"url":"http:\/\/www.saopaulo.sp.leg.br\/apartes-anteriores\/wp-content\/uploads\/sites\/9\/2016\/11\/apartes_n01_86.jpg","type":"","width":"","height":""}],"twitter_card":"summary_large_image","twitter_title":"TV C\u00e2mara S\u00e3o Paulo em sinal digital","twitter_description":"TV C\u00e2mara S\u00e3o Paulo em sinal digital","twitter_site":"@revistaapartes","twitter_misc":{"Est. tempo de leitura":"2 minutos"},"schema":{"@context":"https:\/\/schema.org","@graph":[{"@type":"WebPage","@id":"https:\/\/www.saopaulo.sp.leg.br\/apartes-anteriores\/revista-apartes\/numero-1-janeiro-junho2013\/no01-tv-camara-sao-paulo-em-sinal-digital\/","url":"https:\/\/www.saopaulo.sp.leg.br\/apartes-anteriores\/revista-apartes\/numero-1-janeiro-junho2013\/no01-tv-camara-sao-paulo-em-sinal-digital\/","name":"N\u00ba01 - Destaque - Revista Apartes (edi\u00e7\u00f5es anteriores)","isPartOf":{"@id":"https:\/\/homolog.saopaulo.sp.leg.br\/apartes-anteriores\/#website"},"primaryImageOfPage":{"@id":"https:\/\/www.saopaulo.sp.leg.br\/apartes-anteriores\/revista-apartes\/numero-1-janeiro-junho2013\/no01-tv-camara-sao-paulo-em-sinal-digital\/#primaryimage"},"image":{"@id":"https:\/\/www.saopaulo.sp.leg.br\/apartes-anteriores\/revista-apartes\/numero-1-janeiro-junho2013\/no01-tv-camara-sao-paulo-em-sinal-digital\/#primaryimage"},"thumbnailUrl":"http:\/\/homolog.saopaulo.sp.leg.br\/apartes-anteriores\/wp-content\/uploads\/sites\/9\/2016\/11\/apartes_n01_86.jpg","datePublished":"2016-11-10T19:42:42+00:00","dateModified":"2016-12-15T19:05:14+00:00","breadcrumb":{"@id":"https:\/\/www.saopaulo.sp.leg.br\/apartes-anteriores\/revista-apartes\/numero-1-janeiro-junho2013\/no01-tv-camara-sao-paulo-em-sinal-digital\/#breadcrumb"},"inLanguage":"pt-BR","potentialAction":[{"@type":"ReadAction","target":["https:\/\/www.saopaulo.sp.leg.br\/apartes-anteriores\/revista-apartes\/numero-1-janeiro-junho2013\/no01-tv-camara-sao-paulo-em-sinal-digital\/"]}]},{"@type":"ImageObject","inLanguage":"pt-BR","@id":"https:\/\/www.saopaulo.sp.leg.br\/apartes-anteriores\/revista-apartes\/numero-1-janeiro-junho2013\/no01-tv-camara-sao-paulo-em-sinal-digital\/#primaryimage","url":"https:\/\/homolog.saopaulo.sp.leg.br\/apartes-anteriores\/wp-content\/uploads\/sites\/9\/2016\/11\/apartes_n01_86.jpg","contentUrl":"https:\/\/homolog.saopaulo.sp.leg.br\/apartes-anteriores\/wp-content\/uploads\/sites\/9\/2016\/11\/apartes_n01_86.jpg","width":967,"height":2619},{"@type":"BreadcrumbList","@id":"https:\/\/www.saopaulo.sp.leg.br\/apartes-anteriores\/revista-apartes\/numero-1-janeiro-junho2013\/no01-tv-camara-sao-paulo-em-sinal-digital\/#breadcrumb","itemListElement":[{"@type":"ListItem","position":1,"name":"Home","item":"https:\/\/www.saopaulo.sp.leg.br\/apartes-anteriores\/"},{"@type":"ListItem","position":2,"name":"Revista Apartes","item":"https:\/\/www.saopaulo.sp.leg.br\/apartes-anteriores\/"},{"@type":"ListItem","position":3,"name":"N\u00famero 01 &#8211; jan-jun\/2013","item":"https:\/\/www.saopaulo.sp.leg.br\/apartes-anteriores\/revista-apartes\/numero-1-janeiro-junho2013\/"},{"@type":"ListItem","position":4,"name":"N\u00ba01 &#8211; Destaque"}]},{"@type":"WebSite","@id":"https:\/\/homolog.saopaulo.sp.leg.br\/apartes-anteriores\/#website","url":"https:\/\/homolog.saopaulo.sp.leg.br\/apartes-anteriores\/","name":"Revista Apartes (edi\u00e7\u00f5es anteriores)","description":"Revista Apartes (edi\u00e7\u00f5es anteriores)","potentialAction":[{"@type":"SearchAction","target":{"@type":"EntryPoint","urlTemplate":"https:\/\/homolog.saopaulo.sp.leg.br\/apartes-anteriores\/?s={search_term_string}"},"query-input":{"@type":"PropertyValueSpecification","valueRequired":true,"valueName":"search_term_string"}}],"inLanguage":"pt-BR"}]}},"_links":{"self":[{"href":"https:\/\/homolog.saopaulo.sp.leg.br\/apartes-anteriores\/wp-json\/wp\/v2\/pages\/37291","targetHints":{"allow":["GET"]}}],"collection":[{"href":"https:\/\/homolog.saopaulo.sp.leg.br\/apartes-anteriores\/wp-json\/wp\/v2\/pages"}],"about":[{"href":"https:\/\/homolog.saopaulo.sp.leg.br\/apartes-anteriores\/wp-json\/wp\/v2\/types\/page"}],"author":[{"embeddable":true,"href":"https:\/\/homolog.saopaulo.sp.leg.br\/apartes-anteriores\/wp-json\/wp\/v2\/users\/109"}],"replies":[{"embeddable":true,"href":"https:\/\/homolog.saopaulo.sp.leg.br\/apartes-anteriores\/wp-json\/wp\/v2\/comments?post=37291"}],"version-history":[{"count":5,"href":"https:\/\/homolog.saopaulo.sp.leg.br\/apartes-anteriores\/wp-json\/wp\/v2\/pages\/37291\/revisions"}],"predecessor-version":[{"id":38613,"href":"https:\/\/homolog.saopaulo.sp.leg.br\/apartes-anteriores\/wp-json\/wp\/v2\/pages\/37291\/revisions\/38613"}],"up":[{"embeddable":true,"href":"https:\/\/homolog.saopaulo.sp.leg.br\/apartes-anteriores\/wp-json\/wp\/v2\/pages\/24343"}],"wp:attachment":[{"href":"https:\/\/homolog.saopaulo.sp.leg.br\/apartes-anteriores\/wp-json\/wp\/v2\/media?parent=37291"}],"curies":[{"name":"wp","href":"https:\/\/api.w.org\/{rel}","templated":true}]}}