{"id":37300,"date":"2016-11-10T17:58:18","date_gmt":"2016-11-10T19:58:18","guid":{"rendered":"http:\/\/homolog.saopaulo.sp.leg.br\/apartes-anteriores\/?page_id=37300"},"modified":"2016-11-30T17:35:35","modified_gmt":"2016-11-30T19:35:35","slug":"no-01-publicacoes-levam-producao-da-casa-ao-cidadao","status":"publish","type":"page","link":"https:\/\/homolog.saopaulo.sp.leg.br\/apartes-anteriores\/revista-apartes\/numero-1-janeiro-junho2013\/no-01-publicacoes-levam-producao-da-casa-ao-cidadao\/","title":{"rendered":"N\u00ba01 &#8211; Destaque"},"content":{"rendered":"<h1><span style=\"color: #800000\"><strong>Publica\u00e7\u00f5es levam produ\u00e7\u00e3o da Casa ao cidad\u00e3o<\/strong><\/span><\/h1>\n<p>O conhecimento produzido pela C\u00e2mara Municipal de S\u00e3o Paulo (CMSP) n\u00e3o se limita apenas \u00e0s leis e outras normas ou documentos inerentes ao processo legislativo. Os servidores da Casa tamb\u00e9m s\u00e3o respons\u00e1veis pela elabora\u00e7\u00e3o de um grande volume de material, como an\u00e1lises, pareceres, relat\u00f3rios, artigos, reportagens e outros textos.<\/p>\n<p>Para evitar que esse conhecimento fique parado ou atinja poucas pessoas, a CMSP resolveu aprimorar a divulga\u00e7\u00e3o e lan\u00e7ou tr\u00eas revistas t\u00e9cnicas (<em>Revista Procuradoria da C\u00e2mara Municipal de S\u00e3o Paulo<\/em>, <em>Revista Consultoria T\u00e9cnico-Legislativa \u2013 SGP.5<\/em> e <em>Revista CTEO Consultoria T\u00e9cnica de Economia e Or\u00e7amento<\/em>), uma com artigos acad\u00eamico-cient\u00edficos (<em>Revista Parlamento &amp; Sociedade<\/em>) e uma jornal\u00edstica (esta <strong>Apartes<\/strong>). Al\u00e9m dos peri\u00f3dicos, a C\u00e2mara publica livros e boletins espor\u00e1dicos. \u201c\u00c9 importante que esse conhecimento circule, n\u00e3o fique esquecido nas gavetas\u201d, afirma o coordenador-geral das revistas t\u00e9cnicas, Alexandre Augusto Liceski da Fonseca.<\/p>\n<p>As publica\u00e7\u00f5es t\u00eam por princ\u00edpios, registrados em atos da Mesa Diretora da C\u00e2mara, divulgar conte\u00fado t\u00e9cnico, acad\u00eamico e jornal\u00edstico, preservar o conhecimento produzido no Legislativo paulistano, ser multidisciplinar e ter pluralismo pol\u00edtico. Tamb\u00e9m est\u00e3o de acordo com o princ\u00edpio da publicidade, que \u00e9 b\u00e1sico na administra\u00e7\u00e3o p\u00fablica. O material \u00e9 enviado a bibliotecas e universidades p\u00fablicas e est\u00e1 dispon\u00edvel no Portal da C\u00e2mara (<a href=\"http:\/\/homolog.saopaulo.sp.leg.br\"><em>homolog.saopaulo.sp.leg.br<\/em><\/a>).<\/p>\n<p>O primeiro n\u00famero da <em>Revista CTEO<\/em> traz estudos sobre gastos com educa\u00e7\u00e3o, d\u00edvida p\u00fablica da Prefeitura e mobilidade urbana, entre outros temas. Na apresenta\u00e7\u00e3o, h\u00e1 um resumo da hist\u00f3ria e da import\u00e2ncia da Consultoria T\u00e9cnica de Economia e Or\u00e7amento.<\/p>\n<p>A CTEO tamb\u00e9m publica os boletins mensais <em>Indicador Metropolitano<\/em> e <em>Indicador Paulistano<\/em>, com estudos e dados sobre \u00edndices que fundamentam o desenvolvimento regional, entre outros temas.<\/p>\n<p>J\u00e1 a <em>Revista Consultoria T\u00e9cnico-Legislativa \u2013 SGP.5<\/em> re\u00fane trabalhos desenvolvidos para fornecer subs\u00eddios e suporte t\u00e9cnico \u00e0s atividades parlamentares nas comiss\u00f5es de m\u00e9rito. O primeiro n\u00famero divide-se em tr\u00eas partes (Urbanismo e Meio Ambiente, \u00c1rea Social e Administra\u00e7\u00e3o P\u00fablica). \u201cO recente incremento de novos integrantes no corpo t\u00e9cnico tem possibilitado um exerc\u00edcio mais abrangente e diversificado de suas tarefas\u201d, informa a apresenta\u00e7\u00e3o da revista.<\/p>\n<p>Por sua vez, a <em>Revista da Procuradoria<\/em> apresenta pareceres, artigos, uma argui\u00e7\u00e3o de descumprimento de preceito fundamental (ADPF) e um agravo regimental em a\u00e7\u00e3o direta de inconstitucionalidade (AgRg em ADI) sobre v\u00e1rios temas urbanos. A procuradora Karen Lima Vieira, atualmente secret\u00e1ria-geral parlamentar, ressaltou que a Procuradoria \u00e9 um \u00f3rg\u00e3o plural, com muitos procuradores graduados em outras \u00e1reas, al\u00e9m do Direito, e que responde a quest\u00f5es suscitadas por todos os setores da C\u00e2mara.<\/p>\n<p>Outra novidade na \u00e1rea de circula\u00e7\u00e3o de conhecimento da C\u00e2mara \u00e9 a divis\u00e3o da <em>Revista do Parlamento Paulistano<\/em>, que possu\u00eda uma parte acad\u00eamica e outra jornal\u00edstica. Essa revista deu lugar a duas: a <em>Revista Parlamento &amp; Sociedade<\/em>, com artigos acad\u00eamico-cient\u00edficos, e a <strong>Apartes<\/strong>, de conte\u00fado jornal\u00edstico.<\/p>\n<p>Ex-editor de debates da <em>Revista do Parlamento Paulistano<\/em> e hoje membro do conselho editorial da <em>Revista Parlamento &amp; Sociedade<\/em>, Leonardo Barbagallo explica que \u201ca nova revista tem como eixo tem\u00e1tico pol\u00edticas p\u00fablicas e Poder Legislativo no \u00e2mbito do Munic\u00edpio\u201d.<\/p>\n<h3><strong>Escola do Parlamento<\/strong><\/h3>\n<p>Por interm\u00e9dio da Escola do Parlamento, a C\u00e2mara tamb\u00e9m publica livros. No ano passado, foi lan\u00e7ado o <em>Ciclo de Debates Pensando S\u00e3o Paulo<\/em>, reunindo as discuss\u00f5es de nove encontros tem\u00e1ticos com especialistas de v\u00e1rias \u00e1reas. No livro, s\u00e3o analisados temas como ped\u00e1gio urbano, cidade sustent\u00e1vel e acessibilidade para pessoa com defici\u00eancia.<\/p>\n<p>Tamb\u00e9m foi publicado pela Escola do Parlamento o livro <em>S\u00e3o Paulo na Tribuna \u2013 Primeira Legislatura (1948-1951)<\/em>, com hist\u00f3rias e fotos dos vereadores eleitos no primeiro pleito ap\u00f3s o Estado Novo.<\/p>\n<p>Outro livro lan\u00e7ado pela CMSP foi a segunda edi\u00e7\u00e3o, revisada e atualizada, de <em>C\u00e2mara Municipal de S\u00e3o Paulo \u2013 450 anos<\/em>, com textos e pesquisa do consultor em Hist\u00f3ria da Casa, Ubirajara de Farias Prestes Filho.<\/p>\n<div>\n<div style=\"float: left\"><a href=\"http:\/\/homolog.saopaulo.sp.leg.br\/apartes-anteriores\/wp-content\/uploads\/sites\/9\/2016\/11\/apartes_n01_90.jpg\"><img loading=\"lazy\" decoding=\"async\" class=\"aligncenter wp-image-37305 \" src=\"http:\/\/homolog.saopaulo.sp.leg.br\/apartes-anteriores\/wp-content\/uploads\/sites\/9\/2016\/11\/apartes_n01_90-229x300.jpg\" alt=\"apartes_n01_90\" width=\"200\" height=\"260\" \/><\/a><\/div>\n<div style=\"float: left\"><a href=\"http:\/\/homolog.saopaulo.sp.leg.br\/apartes-anteriores\/wp-content\/uploads\/sites\/9\/2016\/11\/apartes_n01_89.jpg\"><img loading=\"lazy\" decoding=\"async\" class=\"aligncenter wp-image-37304 size-medium\" src=\"http:\/\/homolog.saopaulo.sp.leg.br\/apartes-anteriores\/wp-content\/uploads\/sites\/9\/2016\/11\/apartes_n01_89-246x300.jpg\" alt=\"apartes_n01_89\" width=\"200\" height=\"260\" \/><\/a><\/div>\n<div style=\"float: left\"><a href=\"http:\/\/homolog.saopaulo.sp.leg.br\/apartes-anteriores\/wp-content\/uploads\/sites\/9\/2016\/11\/apartes_n01_88.jpg\"><img loading=\"lazy\" decoding=\"async\" class=\"aligncenter wp-image-37303 \" src=\"http:\/\/homolog.saopaulo.sp.leg.br\/apartes-anteriores\/wp-content\/uploads\/sites\/9\/2016\/11\/apartes_n01_88-231x300.jpg\" alt=\"apartes_n01_88\" width=\"200\" height=\"260\" srcset=\"https:\/\/homolog.saopaulo.sp.leg.br\/apartes-anteriores\/wp-content\/uploads\/sites\/9\/2016\/11\/apartes_n01_88-231x300.jpg 231w, https:\/\/homolog.saopaulo.sp.leg.br\/apartes-anteriores\/wp-content\/uploads\/sites\/9\/2016\/11\/apartes_n01_88-768x998.jpg 768w, https:\/\/homolog.saopaulo.sp.leg.br\/apartes-anteriores\/wp-content\/uploads\/sites\/9\/2016\/11\/apartes_n01_88-788x1024.jpg 788w, https:\/\/homolog.saopaulo.sp.leg.br\/apartes-anteriores\/wp-content\/uploads\/sites\/9\/2016\/11\/apartes_n01_88.jpg 1338w\" sizes=\"auto, (max-width: 200px) 100vw, 200px\" \/><\/a><\/div>\n<\/div>\n","protected":false},"excerpt":{"rendered":"<p>Publica\u00e7\u00f5es levam produ\u00e7\u00e3o da Casa ao cidad\u00e3o O conhecimento produzido pela C\u00e2mara Municipal de S\u00e3o Paulo (CMSP) n\u00e3o se limita apenas \u00e0s leis e outras normas ou documentos inerentes ao processo legislativo. Os servidores da Casa tamb\u00e9m s\u00e3o respons\u00e1veis pela elabora\u00e7\u00e3o de um grande volume de material, como an\u00e1lises, pareceres, relat\u00f3rios, artigos, reportagens e outros [&hellip;]<\/p>\n","protected":false},"author":109,"featured_media":0,"parent":24343,"menu_order":0,"comment_status":"closed","ping_status":"closed","template":"","meta":{"footnotes":""},"class_list":["post-37300","page","type-page","status-publish","hentry"],"meta_all":{"_edit_lock":["1480534541:109"],"_edit_last":["109"],"_wp_page_template":["default"],"_yoast_wpseo_content_score":["30"],"_cmsp_page_download-files":["a:1:{i:0;a:1:{s:4:\"type\";s:3:\"pdf\";}}"],"_yoast_wpseo_opengraph-title":["Publica\u00e7\u00f5es levam produ\u00e7\u00e3o da Casa ao cidad\u00e3o"],"_yoast_wpseo_opengraph-description":["Publica\u00e7\u00f5es levam produ\u00e7\u00e3o da Casa ao cidad\u00e3o"],"_yoast_wpseo_twitter-title":["Publica\u00e7\u00f5es levam produ\u00e7\u00e3o da Casa ao cidad\u00e3o"],"_yoast_wpseo_twitter-description":["Publica\u00e7\u00f5es levam produ\u00e7\u00e3o da Casa ao cidad\u00e3o"]},"meta_all_2":{"_edit_lock":["1480534541:109"],"_edit_last":["109"],"_wp_page_template":["default"],"_yoast_wpseo_content_score":["30"],"_cmsp_page_download-files":["a:1:{i:0;a:1:{s:4:\"type\";s:3:\"pdf\";}}"],"_yoast_wpseo_opengraph-title":["Publica\u00e7\u00f5es levam produ\u00e7\u00e3o da Casa ao cidad\u00e3o"],"_yoast_wpseo_opengraph-description":["Publica\u00e7\u00f5es levam produ\u00e7\u00e3o da Casa ao cidad\u00e3o"],"_yoast_wpseo_twitter-title":["Publica\u00e7\u00f5es levam produ\u00e7\u00e3o da Casa ao cidad\u00e3o"],"_yoast_wpseo_twitter-description":["Publica\u00e7\u00f5es levam produ\u00e7\u00e3o da Casa ao cidad\u00e3o"]},"yoast_head":"<!-- This site is optimized with the Yoast SEO plugin v27.4 - https:\/\/yoast.com\/product\/yoast-seo-wordpress\/ -->\r\n<title>N\u00ba01 - Destaque - Revista Apartes (edi\u00e7\u00f5es anteriores)<\/title>\r\n<meta name=\"robots\" content=\"noindex, follow, max-snippet:-1, max-image-preview:large, max-video-preview:-1\" \/>\r\n<meta property=\"og:locale\" content=\"pt_BR\" \/>\r\n<meta property=\"og:type\" content=\"article\" \/>\r\n<meta property=\"og:title\" content=\"Publica\u00e7\u00f5es levam produ\u00e7\u00e3o da Casa ao cidad\u00e3o\" \/>\r\n<meta property=\"og:description\" content=\"Publica\u00e7\u00f5es levam produ\u00e7\u00e3o da Casa ao cidad\u00e3o\" \/>\r\n<meta property=\"og:url\" content=\"https:\/\/www.saopaulo.sp.leg.br\/apartes-anteriores\/revista-apartes\/numero-1-janeiro-junho2013\/no-01-publicacoes-levam-producao-da-casa-ao-cidadao\/\" \/>\r\n<meta property=\"og:site_name\" content=\"Revista Apartes (edi\u00e7\u00f5es anteriores)\" \/>\r\n<meta property=\"article:publisher\" content=\"https:\/\/www.facebook.com\/RevistaApartes\/\" \/>\r\n<meta property=\"article:modified_time\" content=\"2016-11-30T19:35:35+00:00\" \/>\r\n<meta property=\"og:image\" content=\"http:\/\/www.saopaulo.sp.leg.br\/apartes-anteriores\/wp-content\/uploads\/sites\/9\/2016\/11\/apartes_n01_90-229x300.jpg\" \/>\r\n<meta name=\"twitter:card\" content=\"summary_large_image\" \/>\r\n<meta name=\"twitter:title\" content=\"Publica\u00e7\u00f5es levam produ\u00e7\u00e3o da Casa ao cidad\u00e3o\" \/>\r\n<meta name=\"twitter:description\" content=\"Publica\u00e7\u00f5es levam produ\u00e7\u00e3o da Casa ao cidad\u00e3o\" \/>\r\n<meta name=\"twitter:site\" content=\"@revistaapartes\" \/>\r\n<meta name=\"twitter:label1\" content=\"Est. tempo de leitura\" \/>\n\t<meta name=\"twitter:data1\" content=\"4 minutos\" \/>\r\n<script type=\"application\/ld+json\" class=\"yoast-schema-graph\">{\"@context\":\"https:\\\/\\\/schema.org\",\"@graph\":[{\"@type\":\"WebPage\",\"@id\":\"https:\\\/\\\/www.saopaulo.sp.leg.br\\\/apartes-anteriores\\\/revista-apartes\\\/numero-1-janeiro-junho2013\\\/no-01-publicacoes-levam-producao-da-casa-ao-cidadao\\\/\",\"url\":\"https:\\\/\\\/www.saopaulo.sp.leg.br\\\/apartes-anteriores\\\/revista-apartes\\\/numero-1-janeiro-junho2013\\\/no-01-publicacoes-levam-producao-da-casa-ao-cidadao\\\/\",\"name\":\"N\u00ba01 - Destaque - Revista Apartes (edi\u00e7\u00f5es anteriores)\",\"isPartOf\":{\"@id\":\"https:\\\/\\\/homolog.saopaulo.sp.leg.br\\\/apartes-anteriores\\\/#website\"},\"primaryImageOfPage\":{\"@id\":\"https:\\\/\\\/www.saopaulo.sp.leg.br\\\/apartes-anteriores\\\/revista-apartes\\\/numero-1-janeiro-junho2013\\\/no-01-publicacoes-levam-producao-da-casa-ao-cidadao\\\/#primaryimage\"},\"image\":{\"@id\":\"https:\\\/\\\/www.saopaulo.sp.leg.br\\\/apartes-anteriores\\\/revista-apartes\\\/numero-1-janeiro-junho2013\\\/no-01-publicacoes-levam-producao-da-casa-ao-cidadao\\\/#primaryimage\"},\"thumbnailUrl\":\"http:\\\/\\\/homolog.saopaulo.sp.leg.br\\\/apartes-anteriores\\\/wp-content\\\/uploads\\\/sites\\\/9\\\/2016\\\/11\\\/apartes_n01_90-229x300.jpg\",\"datePublished\":\"2016-11-10T19:58:18+00:00\",\"dateModified\":\"2016-11-30T19:35:35+00:00\",\"breadcrumb\":{\"@id\":\"https:\\\/\\\/www.saopaulo.sp.leg.br\\\/apartes-anteriores\\\/revista-apartes\\\/numero-1-janeiro-junho2013\\\/no-01-publicacoes-levam-producao-da-casa-ao-cidadao\\\/#breadcrumb\"},\"inLanguage\":\"pt-BR\",\"potentialAction\":[{\"@type\":\"ReadAction\",\"target\":[\"https:\\\/\\\/www.saopaulo.sp.leg.br\\\/apartes-anteriores\\\/revista-apartes\\\/numero-1-janeiro-junho2013\\\/no-01-publicacoes-levam-producao-da-casa-ao-cidadao\\\/\"]}]},{\"@type\":\"ImageObject\",\"inLanguage\":\"pt-BR\",\"@id\":\"https:\\\/\\\/www.saopaulo.sp.leg.br\\\/apartes-anteriores\\\/revista-apartes\\\/numero-1-janeiro-junho2013\\\/no-01-publicacoes-levam-producao-da-casa-ao-cidadao\\\/#primaryimage\",\"url\":\"https:\\\/\\\/homolog.saopaulo.sp.leg.br\\\/apartes-anteriores\\\/wp-content\\\/uploads\\\/sites\\\/9\\\/2016\\\/11\\\/apartes_n01_90.jpg\",\"contentUrl\":\"https:\\\/\\\/homolog.saopaulo.sp.leg.br\\\/apartes-anteriores\\\/wp-content\\\/uploads\\\/sites\\\/9\\\/2016\\\/11\\\/apartes_n01_90.jpg\",\"width\":1353,\"height\":1772},{\"@type\":\"BreadcrumbList\",\"@id\":\"https:\\\/\\\/www.saopaulo.sp.leg.br\\\/apartes-anteriores\\\/revista-apartes\\\/numero-1-janeiro-junho2013\\\/no-01-publicacoes-levam-producao-da-casa-ao-cidadao\\\/#breadcrumb\",\"itemListElement\":[{\"@type\":\"ListItem\",\"position\":1,\"name\":\"Home\",\"item\":\"https:\\\/\\\/www.saopaulo.sp.leg.br\\\/apartes-anteriores\\\/\"},{\"@type\":\"ListItem\",\"position\":2,\"name\":\"Revista Apartes\",\"item\":\"https:\\\/\\\/www.saopaulo.sp.leg.br\\\/apartes-anteriores\\\/\"},{\"@type\":\"ListItem\",\"position\":3,\"name\":\"N\u00famero 01 &#8211; jan-jun\\\/2013\",\"item\":\"https:\\\/\\\/www.saopaulo.sp.leg.br\\\/apartes-anteriores\\\/revista-apartes\\\/numero-1-janeiro-junho2013\\\/\"},{\"@type\":\"ListItem\",\"position\":4,\"name\":\"N\u00ba01 &#8211; Destaque\"}]},{\"@type\":\"WebSite\",\"@id\":\"https:\\\/\\\/homolog.saopaulo.sp.leg.br\\\/apartes-anteriores\\\/#website\",\"url\":\"https:\\\/\\\/homolog.saopaulo.sp.leg.br\\\/apartes-anteriores\\\/\",\"name\":\"Revista Apartes (edi\u00e7\u00f5es anteriores)\",\"description\":\"Revista Apartes (edi\u00e7\u00f5es anteriores)\",\"potentialAction\":[{\"@type\":\"SearchAction\",\"target\":{\"@type\":\"EntryPoint\",\"urlTemplate\":\"https:\\\/\\\/homolog.saopaulo.sp.leg.br\\\/apartes-anteriores\\\/?s={search_term_string}\"},\"query-input\":{\"@type\":\"PropertyValueSpecification\",\"valueRequired\":true,\"valueName\":\"search_term_string\"}}],\"inLanguage\":\"pt-BR\"}]}<\/script>\r\n<!-- \/ Yoast SEO plugin. -->","yoast_head_json":{"title":"N\u00ba01 - Destaque - Revista Apartes (edi\u00e7\u00f5es anteriores)","robots":{"index":"noindex","follow":"follow","max-snippet":"max-snippet:-1","max-image-preview":"max-image-preview:large","max-video-preview":"max-video-preview:-1"},"og_locale":"pt_BR","og_type":"article","og_title":"Publica\u00e7\u00f5es levam produ\u00e7\u00e3o da Casa ao cidad\u00e3o","og_description":"Publica\u00e7\u00f5es levam produ\u00e7\u00e3o da Casa ao cidad\u00e3o","og_url":"https:\/\/www.saopaulo.sp.leg.br\/apartes-anteriores\/revista-apartes\/numero-1-janeiro-junho2013\/no-01-publicacoes-levam-producao-da-casa-ao-cidadao\/","og_site_name":"Revista Apartes (edi\u00e7\u00f5es anteriores)","article_publisher":"https:\/\/www.facebook.com\/RevistaApartes\/","article_modified_time":"2016-11-30T19:35:35+00:00","og_image":[{"url":"http:\/\/www.saopaulo.sp.leg.br\/apartes-anteriores\/wp-content\/uploads\/sites\/9\/2016\/11\/apartes_n01_90-229x300.jpg","type":"","width":"","height":""}],"twitter_card":"summary_large_image","twitter_title":"Publica\u00e7\u00f5es levam produ\u00e7\u00e3o da Casa ao cidad\u00e3o","twitter_description":"Publica\u00e7\u00f5es levam produ\u00e7\u00e3o da Casa ao cidad\u00e3o","twitter_site":"@revistaapartes","twitter_misc":{"Est. tempo de leitura":"4 minutos"},"schema":{"@context":"https:\/\/schema.org","@graph":[{"@type":"WebPage","@id":"https:\/\/www.saopaulo.sp.leg.br\/apartes-anteriores\/revista-apartes\/numero-1-janeiro-junho2013\/no-01-publicacoes-levam-producao-da-casa-ao-cidadao\/","url":"https:\/\/www.saopaulo.sp.leg.br\/apartes-anteriores\/revista-apartes\/numero-1-janeiro-junho2013\/no-01-publicacoes-levam-producao-da-casa-ao-cidadao\/","name":"N\u00ba01 - Destaque - Revista Apartes (edi\u00e7\u00f5es anteriores)","isPartOf":{"@id":"https:\/\/homolog.saopaulo.sp.leg.br\/apartes-anteriores\/#website"},"primaryImageOfPage":{"@id":"https:\/\/www.saopaulo.sp.leg.br\/apartes-anteriores\/revista-apartes\/numero-1-janeiro-junho2013\/no-01-publicacoes-levam-producao-da-casa-ao-cidadao\/#primaryimage"},"image":{"@id":"https:\/\/www.saopaulo.sp.leg.br\/apartes-anteriores\/revista-apartes\/numero-1-janeiro-junho2013\/no-01-publicacoes-levam-producao-da-casa-ao-cidadao\/#primaryimage"},"thumbnailUrl":"http:\/\/homolog.saopaulo.sp.leg.br\/apartes-anteriores\/wp-content\/uploads\/sites\/9\/2016\/11\/apartes_n01_90-229x300.jpg","datePublished":"2016-11-10T19:58:18+00:00","dateModified":"2016-11-30T19:35:35+00:00","breadcrumb":{"@id":"https:\/\/www.saopaulo.sp.leg.br\/apartes-anteriores\/revista-apartes\/numero-1-janeiro-junho2013\/no-01-publicacoes-levam-producao-da-casa-ao-cidadao\/#breadcrumb"},"inLanguage":"pt-BR","potentialAction":[{"@type":"ReadAction","target":["https:\/\/www.saopaulo.sp.leg.br\/apartes-anteriores\/revista-apartes\/numero-1-janeiro-junho2013\/no-01-publicacoes-levam-producao-da-casa-ao-cidadao\/"]}]},{"@type":"ImageObject","inLanguage":"pt-BR","@id":"https:\/\/www.saopaulo.sp.leg.br\/apartes-anteriores\/revista-apartes\/numero-1-janeiro-junho2013\/no-01-publicacoes-levam-producao-da-casa-ao-cidadao\/#primaryimage","url":"https:\/\/homolog.saopaulo.sp.leg.br\/apartes-anteriores\/wp-content\/uploads\/sites\/9\/2016\/11\/apartes_n01_90.jpg","contentUrl":"https:\/\/homolog.saopaulo.sp.leg.br\/apartes-anteriores\/wp-content\/uploads\/sites\/9\/2016\/11\/apartes_n01_90.jpg","width":1353,"height":1772},{"@type":"BreadcrumbList","@id":"https:\/\/www.saopaulo.sp.leg.br\/apartes-anteriores\/revista-apartes\/numero-1-janeiro-junho2013\/no-01-publicacoes-levam-producao-da-casa-ao-cidadao\/#breadcrumb","itemListElement":[{"@type":"ListItem","position":1,"name":"Home","item":"https:\/\/www.saopaulo.sp.leg.br\/apartes-anteriores\/"},{"@type":"ListItem","position":2,"name":"Revista Apartes","item":"https:\/\/www.saopaulo.sp.leg.br\/apartes-anteriores\/"},{"@type":"ListItem","position":3,"name":"N\u00famero 01 &#8211; jan-jun\/2013","item":"https:\/\/www.saopaulo.sp.leg.br\/apartes-anteriores\/revista-apartes\/numero-1-janeiro-junho2013\/"},{"@type":"ListItem","position":4,"name":"N\u00ba01 &#8211; Destaque"}]},{"@type":"WebSite","@id":"https:\/\/homolog.saopaulo.sp.leg.br\/apartes-anteriores\/#website","url":"https:\/\/homolog.saopaulo.sp.leg.br\/apartes-anteriores\/","name":"Revista Apartes (edi\u00e7\u00f5es anteriores)","description":"Revista Apartes (edi\u00e7\u00f5es anteriores)","potentialAction":[{"@type":"SearchAction","target":{"@type":"EntryPoint","urlTemplate":"https:\/\/homolog.saopaulo.sp.leg.br\/apartes-anteriores\/?s={search_term_string}"},"query-input":{"@type":"PropertyValueSpecification","valueRequired":true,"valueName":"search_term_string"}}],"inLanguage":"pt-BR"}]}},"_links":{"self":[{"href":"https:\/\/homolog.saopaulo.sp.leg.br\/apartes-anteriores\/wp-json\/wp\/v2\/pages\/37300","targetHints":{"allow":["GET"]}}],"collection":[{"href":"https:\/\/homolog.saopaulo.sp.leg.br\/apartes-anteriores\/wp-json\/wp\/v2\/pages"}],"about":[{"href":"https:\/\/homolog.saopaulo.sp.leg.br\/apartes-anteriores\/wp-json\/wp\/v2\/types\/page"}],"author":[{"embeddable":true,"href":"https:\/\/homolog.saopaulo.sp.leg.br\/apartes-anteriores\/wp-json\/wp\/v2\/users\/109"}],"replies":[{"embeddable":true,"href":"https:\/\/homolog.saopaulo.sp.leg.br\/apartes-anteriores\/wp-json\/wp\/v2\/comments?post=37300"}],"version-history":[{"count":5,"href":"https:\/\/homolog.saopaulo.sp.leg.br\/apartes-anteriores\/wp-json\/wp\/v2\/pages\/37300\/revisions"}],"predecessor-version":[{"id":38409,"href":"https:\/\/homolog.saopaulo.sp.leg.br\/apartes-anteriores\/wp-json\/wp\/v2\/pages\/37300\/revisions\/38409"}],"up":[{"embeddable":true,"href":"https:\/\/homolog.saopaulo.sp.leg.br\/apartes-anteriores\/wp-json\/wp\/v2\/pages\/24343"}],"wp:attachment":[{"href":"https:\/\/homolog.saopaulo.sp.leg.br\/apartes-anteriores\/wp-json\/wp\/v2\/media?parent=37300"}],"curies":[{"name":"wp","href":"https:\/\/api.w.org\/{rel}","templated":true}]}}