{"id":37317,"date":"2016-11-10T18:47:50","date_gmt":"2016-11-10T20:47:50","guid":{"rendered":"http:\/\/homolog.saopaulo.sp.leg.br\/apartes-anteriores\/?page_id=37317"},"modified":"2016-12-15T17:10:05","modified_gmt":"2016-12-15T19:10:05","slug":"no-01-trofeu-homenageia-a-gastronomia-paulistana","status":"publish","type":"page","link":"https:\/\/homolog.saopaulo.sp.leg.br\/apartes-anteriores\/revista-apartes\/numero-1-janeiro-junho2013\/no-01-trofeu-homenageia-a-gastronomia-paulistana\/","title":{"rendered":"N\u00ba01 &#8211; Destaque"},"content":{"rendered":"<h1><span style=\"color: #800000\"><strong>Trof\u00e9u homenageia a gastronomia paulistana<\/strong><\/span><\/h1>\n<p><!-- imagem TOTAL - com legenda - CENTRALIZADA --><\/p>\n<div style=\"width: 100%;margin-right: 1.5em;margin-bottom: 1.5em\">\n<div style=\"padding: 5px;background-color: #eee !important\">\n<p><a href=\"http:\/\/homolog.saopaulo.sp.leg.br\/apartes-anteriores\/wp-content\/uploads\/sites\/9\/2016\/11\/apartes_n01_93.jpg\"><img loading=\"lazy\" decoding=\"async\" class=\"aligncenter wp-image-37324 size-full\" src=\"http:\/\/homolog.saopaulo.sp.leg.br\/apartes-anteriores\/wp-content\/uploads\/sites\/9\/2016\/11\/apartes_n01_93.jpg\" width=\"1989\" height=\"1591\" srcset=\"https:\/\/homolog.saopaulo.sp.leg.br\/apartes-anteriores\/wp-content\/uploads\/sites\/9\/2016\/11\/apartes_n01_93.jpg 1989w, https:\/\/homolog.saopaulo.sp.leg.br\/apartes-anteriores\/wp-content\/uploads\/sites\/9\/2016\/11\/apartes_n01_93-300x240.jpg 300w, https:\/\/homolog.saopaulo.sp.leg.br\/apartes-anteriores\/wp-content\/uploads\/sites\/9\/2016\/11\/apartes_n01_93-768x614.jpg 768w, https:\/\/homolog.saopaulo.sp.leg.br\/apartes-anteriores\/wp-content\/uploads\/sites\/9\/2016\/11\/apartes_n01_93-1024x819.jpg 1024w\" sizes=\"auto, (max-width: 1989px) 100vw, 1989px\" \/><\/a><\/p>\n<p style=\"font-size: 0.8em;line-height: 1.1em;text-align: center;margin: -1.5em 0px 7px 0px;color: #333;!important;background-color: transparent !important\" align=\"center\">2011 \u2013 Lagostins no pastis, do La Casserole \u2013 Rog\u00e9rio Voltan e Cl\u00e1udia Pixu, Casa e Comida<\/p>\n<\/div>\n<\/div>\n<p><!-- imagem TOTAL - com legenda - CENTRALIZADA --><\/p>\n<p>Em S\u00e3o Paulo, \u00e9 poss\u00edvel fazer uma volta ao mundo pelos sabores de 51 pa\u00edses, sem sair da cidade. Basta ir aos estabelecimentos que servem especialidades que v\u00e3o desde a tradicional cozinha francesa at\u00e9 quitutes menos conhecidos, como os da Bulg\u00e1ria e Finl\u00e2ndia. Para celebrar essa diversidade da cozinha paulistana, a C\u00e2mara Municipal de S\u00e3o Paulo (CMSP) criou o trof\u00e9u S\u00e3o Paulo: Capital Mundial da Gastronomia, que desde 1997 premia os melhores trabalhos jornal\u00edsticos produzidos sobre a gastronomia paulistana.<\/p>\n<p><!-- imagem GRANDE - com legenda - LADO ESQUERDO --><\/p>\n<div style=\"float: left;width: 310px;margin-right: 1.5em;margin-bottom: 1.5em\">\n<div style=\"float: left;padding: 5px;background-color: #eee !important\">\n<p><a href=\"http:\/\/homolog.saopaulo.sp.leg.br\/apartes-anteriores\/wp-content\/uploads\/sites\/9\/2016\/11\/apartes_n01_94.jpg\"><img loading=\"lazy\" decoding=\"async\" class=\"aligncenter wp-image-37322\" src=\"http:\/\/homolog.saopaulo.sp.leg.br\/apartes-anteriores\/wp-content\/uploads\/sites\/9\/2016\/11\/apartes_n01_94.jpg\" width=\"300\" height=\"813\" srcset=\"https:\/\/homolog.saopaulo.sp.leg.br\/apartes-anteriores\/wp-content\/uploads\/sites\/9\/2016\/11\/apartes_n01_94.jpg 967w, https:\/\/homolog.saopaulo.sp.leg.br\/apartes-anteriores\/wp-content\/uploads\/sites\/9\/2016\/11\/apartes_n01_94-111x300.jpg 111w, https:\/\/homolog.saopaulo.sp.leg.br\/apartes-anteriores\/wp-content\/uploads\/sites\/9\/2016\/11\/apartes_n01_94-768x2080.jpg 768w, https:\/\/homolog.saopaulo.sp.leg.br\/apartes-anteriores\/wp-content\/uploads\/sites\/9\/2016\/11\/apartes_n01_94-378x1024.jpg 378w\" sizes=\"auto, (max-width: 300px) 100vw, 300px\" \/><\/a><\/p>\n<p style=\"font-size: 0.8em;line-height: 1.1em;text-align: center;margin: -1.5em 0px 7px 0px;color: #333;!important;background-color: transparent !important\" align=\"center\">2010 &#8211; Picadinho Chique \u2013 Eduardo Delfim, Revista Menu<\/p>\n<\/div>\n<\/div>\n<p><!-- imagem GRANDE - com legenda - LADO ESQUERDO --><\/p>\n<p>\u201cA iniciativa premia os esfor\u00e7os dos profissionais que divulgam a gastronomia da cidade\u201d, afirma Teresa Cristina Borges, consultora em Rela\u00e7\u00f5es P\u00fablicas da equipe de Eventos da CMSP, respons\u00e1vel pela organiza\u00e7\u00e3o do pr\u00eamio.<\/p>\n<p>A premia\u00e7\u00e3o surgiu ap\u00f3s uma a\u00e7\u00e3o da Associa\u00e7\u00e3o Brasileira das Entidades e Empresas de Gastronomia, Hospedagem e Turismo (Abresi), que, em parceria com a C\u00e2mara, criou para a cidade de S\u00e3o Paulo o t\u00edtulo de Capital Mundial da Gastronomia. Em 1995, a Associa\u00e7\u00e3o e a CMSP criaram um grupo de trabalho para decidir as estrat\u00e9gias para dar o t\u00edtulo ao Munic\u00edpio.<\/p>\n<p>A partir da\u00ed, a Abresi montou uma comiss\u00e3o formada por representantes oficiais de 40 pa\u00edses e 10 entidades internacionais, que estudaram as cozinhas representadas em suas respectivas capitais. O trabalho da comiss\u00e3o apontou que as cozinhas de 43 pa\u00edses estavam representadas na cidade de S\u00e3o Paulo \u2013 hoje s\u00e3o 51. Durante um congresso da Abresi, em 1997, a comiss\u00e3o outorgou o t\u00edtulo a S\u00e3o Paulo e tamb\u00e9m \u00e0s cidades de Nova York, T\u00f3quio, Roma, Madri, Lisboa, Cidade do M\u00e9xico e Buenos Aires, al\u00e9m de Paris, como <em>hors-concours.<\/em> De todas as homenageadas, segundo a entidade, S\u00e3o Paulo \u00e9 a cidade que possui o maior n\u00famero de cozinhas internacionais representadas.<\/p>\n<p>O Trof\u00e9u Gastronomia da CMSP foi criado em 1997, pelo Decreto Legislativo 81, atualizado cinco anos depois pelo 16\/2002. O pr\u00eamio \u00e9 concedido em dez categorias: reportagens veiculadas em jornal, revista, r\u00e1dio, TV e internet, foto publicada em jornal, revista ou internet, guia da cidade de S\u00e3o Paulo, programa televisivo especializado, revista especializada (incluindo publica\u00e7\u00f5es de sindicatos e associa\u00e7\u00f5es do setor) e trabalhos de universit\u00e1rios dos cursos de Turismo, Gastronomia, Hotelaria e Jornalismo.<\/p>\n<p><!-- imagem MEDIA - com legenda - LADO DIREITO --><\/p>\n<div style=\"float: right;width: 227px;margin-left: 1.5em;margin-bottom: 1.5em\">\n<div style=\"float: right;padding: 5px;background-color: #eee !important\">\n<p><a href=\"http:\/\/homolog.saopaulo.sp.leg.br\/apartes-anteriores\/wp-content\/uploads\/sites\/9\/2016\/11\/apartes_n01_92.jpg\"><img loading=\"lazy\" decoding=\"async\" class=\"aligncenter wp-image-37334\" src=\"http:\/\/homolog.saopaulo.sp.leg.br\/apartes-anteriores\/wp-content\/uploads\/sites\/9\/2016\/11\/apartes_n01_92.jpg\" width=\"230\" height=\"149\" srcset=\"https:\/\/homolog.saopaulo.sp.leg.br\/apartes-anteriores\/wp-content\/uploads\/sites\/9\/2016\/11\/apartes_n01_92.jpg 1205w, https:\/\/homolog.saopaulo.sp.leg.br\/apartes-anteriores\/wp-content\/uploads\/sites\/9\/2016\/11\/apartes_n01_92-300x195.jpg 300w, https:\/\/homolog.saopaulo.sp.leg.br\/apartes-anteriores\/wp-content\/uploads\/sites\/9\/2016\/11\/apartes_n01_92-768x498.jpg 768w, https:\/\/homolog.saopaulo.sp.leg.br\/apartes-anteriores\/wp-content\/uploads\/sites\/9\/2016\/11\/apartes_n01_92-1024x665.jpg 1024w\" sizes=\"auto, (max-width: 230px) 100vw, 230px\" \/><\/a><\/p>\n<p style=\"font-size: 0.8em;line-height: 1.1em;text-align: center;margin: -1.5em 0px 7px 0px;color: #333;!important;background-color: transparent !important\" align=\"center\">2011 \u2013 Restaurante Tailand\u00eas: Namga-Ko phan ngan com arroz de jasmim \u2013 M\u00e1rcio Palermo, Empratado<\/p>\n<\/div>\n<\/div>\n<p><!-- imagem MEDIA - com legenda - LADO DIREITO --><\/p>\n<p>Para concorrer, os trabalhos devem ser enviados a uma comiss\u00e3o julgadora, formada por representantes da C\u00e2mara, da Prefeitura e de entidades, sindicatos e associa\u00e7\u00f5es das \u00e1reas de gastronomia e turismo. A premia\u00e7\u00e3o ocorre em sess\u00e3o solene no Pal\u00e1cio Anchieta, e os primeiros colocados em cada categoria recebem uma Salva de Prata.<\/p>\n<p>A respons\u00e1vel pelo pr\u00eamio j\u00e1 aprendeu alguns truques de cozinha com a premia\u00e7\u00e3o. \u201cUma vez fiz uma receita de risoto com molho de frango caseiro que vi numa das mat\u00e9rias premiadas\u201d, conta Teresa. \u201cPassei a tarde inteira cozinhando, mas valeu a pena.\u201d<\/p>\n<h3><span style=\"color: #000000\"><strong>OS GANHADORES DO TROF\u00c9U DE 2012<\/strong><\/span><\/h3>\n<div style=\"background-color: #d8e9ce\">\n<p>Conhe\u00e7a os primeiros colocados em cada categoria<\/p>\n<p><!-- imagem TOTAL - com legenda - CENTRALIZADA --><\/p>\n<div style=\"width: 100%;margin-right: 1.5em;margin-bottom: 1.5em\">\n<div style=\"padding: 5px;background-color: #eee !important\">\n<p><a href=\"http:\/\/homolog.saopaulo.sp.leg.br\/apartes-anteriores\/wp-content\/uploads\/sites\/9\/2016\/11\/apartes_n01_91.jpg\"><img loading=\"lazy\" decoding=\"async\" class=\"aligncenter wp-image-37328 size-full\" src=\"http:\/\/homolog.saopaulo.sp.leg.br\/apartes-anteriores\/wp-content\/uploads\/sites\/9\/2016\/11\/apartes_n01_91.jpg\" width=\"1989\" height=\"1196\" srcset=\"https:\/\/homolog.saopaulo.sp.leg.br\/apartes-anteriores\/wp-content\/uploads\/sites\/9\/2016\/11\/apartes_n01_91.jpg 1989w, https:\/\/homolog.saopaulo.sp.leg.br\/apartes-anteriores\/wp-content\/uploads\/sites\/9\/2016\/11\/apartes_n01_91-300x180.jpg 300w, https:\/\/homolog.saopaulo.sp.leg.br\/apartes-anteriores\/wp-content\/uploads\/sites\/9\/2016\/11\/apartes_n01_91-768x462.jpg 768w, https:\/\/homolog.saopaulo.sp.leg.br\/apartes-anteriores\/wp-content\/uploads\/sites\/9\/2016\/11\/apartes_n01_91-1024x616.jpg 1024w\" sizes=\"auto, (max-width: 1989px) 100vw, 1989px\" \/><\/a><\/p>\n<p style=\"font-size: 0.8em;line-height: 1.1em;text-align: center;margin: -1.5em 0px 7px 0px;color: #333;!important;background-color: transparent !important\" align=\"center\">2012 \u2013 Salm\u00e3o Tataki \u2013 M\u00e1rcio Palermo, Empratado<\/p>\n<\/div>\n<\/div>\n<p><!-- imagem TOTAL - com legenda - CENTRALIZADA --><\/p>\n<h4><strong>Reportagem de jornal<\/strong><\/h4>\n<p>\u201cConfeiteiras de uma nota s\u00f3\u201d, de Marcela Rodrigues Silva (Jornal da Tarde)<\/p>\n<h4><strong>Reportagem de revista<\/strong><\/h4>\n<p>\u201cA febre peruana\u201d, de Beatriz Marques (Menu)<\/p>\n<h4><strong>Reportagem de r\u00e1dio<\/strong><\/h4>\n<p>\u201cA diversidade gastron\u00f4mica em S\u00e3o Paulo: gastronomia arretada\u201d, de Pedro Serico Vaz Filho, Carlo Herminio Sobral, Let\u00edcia Valente, Mariana Moreto e Bruna Garbuglio (Gazeta AM)<\/p>\n<h4><strong>Melhor reportagem de TV<\/strong><\/h4>\n<p>\u201cAnivers\u00e1rio de 79 anos do Mercad\u00e3o\u201d, de Renata Maron e Fl\u00e1vio Dias (Canal Rural \u2013 Grupo ABS)<\/p>\n<h4><strong>Melhor reportagem de internet<\/strong><\/h4>\n<p>\u201cOryza Restaurante incorpora conceito bistronomique e oferece menu especial a pre\u00e7o tentador\u201d, de Glaucia Balbachan (Empratado)<\/p>\n<h4><strong>Melhor foto sobre a gastronomia paulistana<\/strong><\/h4>\n<p>\u201cSalm\u00e3o Tataki\u201d, de M\u00e1rcio Palermo (Site Empratado)<\/p>\n<h4><strong>Melhor guia da cidade de S\u00e3o Paulo<\/strong><\/h4>\n<p>\u201cEm Dia Guia Delivery Edi\u00e7\u00e3o 23\u201d, de Paulo<br \/>\nC\u00e9sar Cardoso<\/p>\n<h4><strong>Melhor programa especializado de TV<\/strong><\/h4>\n<p>\u201cPrograma Giro da Gastronomia\u201d, de Raquel<br \/>\nAuzier Ferreira (Giro da Gastronomia)<\/p>\n<h4><strong>Melhor revista de gastronomia<\/strong><\/h4>\n<p>\u201cRevista Menu \u2013 P\u00e1scoa \u00e0 brasileira\u201d<\/p>\n<h4><strong>Melhor trabalho estudantil<\/strong><\/h4>\n<p>\u201cMercado Municipal de S\u00e3o Paulo\u201d, de Thais Helena Franceschini, com orienta\u00e7\u00e3o de Jos\u00e9 Roberto Yasoshima (Escola de Artes, Ci\u00eancias e Humanidades \u2013 USP)<\/p>\n<\/div>\n<p><a href=\"http:\/\/homolog.saopaulo.sp.leg.br\/apartes-anteriores\/wp-content\/uploads\/sites\/9\/2016\/11\/apartes_n01_113.jpg\"><img loading=\"lazy\" decoding=\"async\" class=\"aligncenter size-full wp-image-37336\" src=\"http:\/\/homolog.saopaulo.sp.leg.br\/apartes-anteriores\/wp-content\/uploads\/sites\/9\/2016\/11\/apartes_n01_113.jpg\" alt=\"apartes_n01_113\" width=\"900\" height=\"1183\" srcset=\"https:\/\/homolog.saopaulo.sp.leg.br\/apartes-anteriores\/wp-content\/uploads\/sites\/9\/2016\/11\/apartes_n01_113.jpg 900w, https:\/\/homolog.saopaulo.sp.leg.br\/apartes-anteriores\/wp-content\/uploads\/sites\/9\/2016\/11\/apartes_n01_113-228x300.jpg 228w, https:\/\/homolog.saopaulo.sp.leg.br\/apartes-anteriores\/wp-content\/uploads\/sites\/9\/2016\/11\/apartes_n01_113-768x1009.jpg 768w, https:\/\/homolog.saopaulo.sp.leg.br\/apartes-anteriores\/wp-content\/uploads\/sites\/9\/2016\/11\/apartes_n01_113-779x1024.jpg 779w\" sizes=\"auto, (max-width: 900px) 100vw, 900px\" \/><\/a><\/p>\n","protected":false},"excerpt":{"rendered":"<p>Trof\u00e9u homenageia a gastronomia paulistana 2011 \u2013 Lagostins no pastis, do La Casserole \u2013 Rog\u00e9rio Voltan e Cl\u00e1udia Pixu, Casa e Comida Em S\u00e3o Paulo, \u00e9 poss\u00edvel fazer uma volta ao mundo pelos sabores de 51 pa\u00edses, sem sair da cidade. Basta ir aos estabelecimentos que servem especialidades que v\u00e3o desde a tradicional cozinha francesa [&hellip;]<\/p>\n","protected":false},"author":109,"featured_media":0,"parent":24343,"menu_order":0,"comment_status":"closed","ping_status":"closed","template":"","meta":{"footnotes":""},"class_list":["post-37317","page","type-page","status-publish","hentry"],"meta_all":{"_edit_lock":["1481829042:109"],"_edit_last":["109"],"_wp_page_template":["default"],"_yoast_wpseo_content_score":["30"],"_cmsp_page_download-files":["a:1:{i:0;a:1:{s:4:\"type\";s:3:\"pdf\";}}"],"_yoast_wpseo_opengraph-title":["Trof\u00e9u homenageia a gastronomia paulistana"],"_yoast_wpseo_opengraph-description":["Trof\u00e9u homenageia a gastronomia paulistana"],"_yoast_wpseo_twitter-title":["Trof\u00e9u homenageia a gastronomia paulistana"],"_yoast_wpseo_twitter-description":["Trof\u00e9u homenageia a gastronomia paulistana"]},"meta_all_2":{"_edit_lock":["1481829042:109"],"_edit_last":["109"],"_wp_page_template":["default"],"_yoast_wpseo_content_score":["30"],"_cmsp_page_download-files":["a:1:{i:0;a:1:{s:4:\"type\";s:3:\"pdf\";}}"],"_yoast_wpseo_opengraph-title":["Trof\u00e9u homenageia a gastronomia paulistana"],"_yoast_wpseo_opengraph-description":["Trof\u00e9u homenageia a gastronomia paulistana"],"_yoast_wpseo_twitter-title":["Trof\u00e9u homenageia a gastronomia paulistana"],"_yoast_wpseo_twitter-description":["Trof\u00e9u homenageia a gastronomia paulistana"]},"yoast_head":"<!-- This site is optimized with the Yoast SEO plugin v27.4 - https:\/\/yoast.com\/product\/yoast-seo-wordpress\/ -->\r\n<title>N\u00ba01 - Destaque - Revista Apartes (edi\u00e7\u00f5es anteriores)<\/title>\r\n<meta name=\"robots\" content=\"noindex, follow, max-snippet:-1, max-image-preview:large, max-video-preview:-1\" \/>\r\n<meta property=\"og:locale\" content=\"pt_BR\" \/>\r\n<meta property=\"og:type\" content=\"article\" \/>\r\n<meta property=\"og:title\" content=\"Trof\u00e9u homenageia a gastronomia paulistana\" \/>\r\n<meta property=\"og:description\" content=\"Trof\u00e9u homenageia a gastronomia paulistana\" \/>\r\n<meta property=\"og:url\" content=\"https:\/\/www.saopaulo.sp.leg.br\/apartes-anteriores\/revista-apartes\/numero-1-janeiro-junho2013\/no-01-trofeu-homenageia-a-gastronomia-paulistana\/\" \/>\r\n<meta property=\"og:site_name\" content=\"Revista Apartes (edi\u00e7\u00f5es anteriores)\" \/>\r\n<meta property=\"article:publisher\" content=\"https:\/\/www.facebook.com\/RevistaApartes\/\" \/>\r\n<meta property=\"article:modified_time\" content=\"2016-12-15T19:10:05+00:00\" \/>\r\n<meta property=\"og:image\" content=\"http:\/\/www.saopaulo.sp.leg.br\/apartes-anteriores\/wp-content\/uploads\/sites\/9\/2016\/11\/apartes_n01_93.jpg\" \/>\r\n<meta name=\"twitter:card\" content=\"summary_large_image\" \/>\r\n<meta name=\"twitter:title\" content=\"Trof\u00e9u homenageia a gastronomia paulistana\" \/>\r\n<meta name=\"twitter:description\" content=\"Trof\u00e9u homenageia a gastronomia paulistana\" \/>\r\n<meta name=\"twitter:site\" content=\"@revistaapartes\" \/>\r\n<meta name=\"twitter:label1\" content=\"Est. tempo de leitura\" \/>\n\t<meta name=\"twitter:data1\" content=\"4 minutos\" \/>\r\n<script type=\"application\/ld+json\" class=\"yoast-schema-graph\">{\"@context\":\"https:\\\/\\\/schema.org\",\"@graph\":[{\"@type\":\"WebPage\",\"@id\":\"https:\\\/\\\/www.saopaulo.sp.leg.br\\\/apartes-anteriores\\\/revista-apartes\\\/numero-1-janeiro-junho2013\\\/no-01-trofeu-homenageia-a-gastronomia-paulistana\\\/\",\"url\":\"https:\\\/\\\/www.saopaulo.sp.leg.br\\\/apartes-anteriores\\\/revista-apartes\\\/numero-1-janeiro-junho2013\\\/no-01-trofeu-homenageia-a-gastronomia-paulistana\\\/\",\"name\":\"N\u00ba01 - Destaque - Revista Apartes (edi\u00e7\u00f5es anteriores)\",\"isPartOf\":{\"@id\":\"https:\\\/\\\/homolog.saopaulo.sp.leg.br\\\/apartes-anteriores\\\/#website\"},\"primaryImageOfPage\":{\"@id\":\"https:\\\/\\\/www.saopaulo.sp.leg.br\\\/apartes-anteriores\\\/revista-apartes\\\/numero-1-janeiro-junho2013\\\/no-01-trofeu-homenageia-a-gastronomia-paulistana\\\/#primaryimage\"},\"image\":{\"@id\":\"https:\\\/\\\/www.saopaulo.sp.leg.br\\\/apartes-anteriores\\\/revista-apartes\\\/numero-1-janeiro-junho2013\\\/no-01-trofeu-homenageia-a-gastronomia-paulistana\\\/#primaryimage\"},\"thumbnailUrl\":\"http:\\\/\\\/homolog.saopaulo.sp.leg.br\\\/apartes-anteriores\\\/wp-content\\\/uploads\\\/sites\\\/9\\\/2016\\\/11\\\/apartes_n01_93.jpg\",\"datePublished\":\"2016-11-10T20:47:50+00:00\",\"dateModified\":\"2016-12-15T19:10:05+00:00\",\"breadcrumb\":{\"@id\":\"https:\\\/\\\/www.saopaulo.sp.leg.br\\\/apartes-anteriores\\\/revista-apartes\\\/numero-1-janeiro-junho2013\\\/no-01-trofeu-homenageia-a-gastronomia-paulistana\\\/#breadcrumb\"},\"inLanguage\":\"pt-BR\",\"potentialAction\":[{\"@type\":\"ReadAction\",\"target\":[\"https:\\\/\\\/www.saopaulo.sp.leg.br\\\/apartes-anteriores\\\/revista-apartes\\\/numero-1-janeiro-junho2013\\\/no-01-trofeu-homenageia-a-gastronomia-paulistana\\\/\"]}]},{\"@type\":\"ImageObject\",\"inLanguage\":\"pt-BR\",\"@id\":\"https:\\\/\\\/www.saopaulo.sp.leg.br\\\/apartes-anteriores\\\/revista-apartes\\\/numero-1-janeiro-junho2013\\\/no-01-trofeu-homenageia-a-gastronomia-paulistana\\\/#primaryimage\",\"url\":\"https:\\\/\\\/homolog.saopaulo.sp.leg.br\\\/apartes-anteriores\\\/wp-content\\\/uploads\\\/sites\\\/9\\\/2016\\\/11\\\/apartes_n01_93.jpg\",\"contentUrl\":\"https:\\\/\\\/homolog.saopaulo.sp.leg.br\\\/apartes-anteriores\\\/wp-content\\\/uploads\\\/sites\\\/9\\\/2016\\\/11\\\/apartes_n01_93.jpg\",\"width\":1989,\"height\":1591},{\"@type\":\"BreadcrumbList\",\"@id\":\"https:\\\/\\\/www.saopaulo.sp.leg.br\\\/apartes-anteriores\\\/revista-apartes\\\/numero-1-janeiro-junho2013\\\/no-01-trofeu-homenageia-a-gastronomia-paulistana\\\/#breadcrumb\",\"itemListElement\":[{\"@type\":\"ListItem\",\"position\":1,\"name\":\"Home\",\"item\":\"https:\\\/\\\/www.saopaulo.sp.leg.br\\\/apartes-anteriores\\\/\"},{\"@type\":\"ListItem\",\"position\":2,\"name\":\"Revista Apartes\",\"item\":\"https:\\\/\\\/www.saopaulo.sp.leg.br\\\/apartes-anteriores\\\/\"},{\"@type\":\"ListItem\",\"position\":3,\"name\":\"N\u00famero 01 &#8211; jan-jun\\\/2013\",\"item\":\"https:\\\/\\\/www.saopaulo.sp.leg.br\\\/apartes-anteriores\\\/revista-apartes\\\/numero-1-janeiro-junho2013\\\/\"},{\"@type\":\"ListItem\",\"position\":4,\"name\":\"N\u00ba01 &#8211; Destaque\"}]},{\"@type\":\"WebSite\",\"@id\":\"https:\\\/\\\/homolog.saopaulo.sp.leg.br\\\/apartes-anteriores\\\/#website\",\"url\":\"https:\\\/\\\/homolog.saopaulo.sp.leg.br\\\/apartes-anteriores\\\/\",\"name\":\"Revista Apartes (edi\u00e7\u00f5es anteriores)\",\"description\":\"Revista Apartes (edi\u00e7\u00f5es anteriores)\",\"potentialAction\":[{\"@type\":\"SearchAction\",\"target\":{\"@type\":\"EntryPoint\",\"urlTemplate\":\"https:\\\/\\\/homolog.saopaulo.sp.leg.br\\\/apartes-anteriores\\\/?s={search_term_string}\"},\"query-input\":{\"@type\":\"PropertyValueSpecification\",\"valueRequired\":true,\"valueName\":\"search_term_string\"}}],\"inLanguage\":\"pt-BR\"}]}<\/script>\r\n<!-- \/ Yoast SEO plugin. -->","yoast_head_json":{"title":"N\u00ba01 - Destaque - Revista Apartes (edi\u00e7\u00f5es anteriores)","robots":{"index":"noindex","follow":"follow","max-snippet":"max-snippet:-1","max-image-preview":"max-image-preview:large","max-video-preview":"max-video-preview:-1"},"og_locale":"pt_BR","og_type":"article","og_title":"Trof\u00e9u homenageia a gastronomia paulistana","og_description":"Trof\u00e9u homenageia a gastronomia paulistana","og_url":"https:\/\/www.saopaulo.sp.leg.br\/apartes-anteriores\/revista-apartes\/numero-1-janeiro-junho2013\/no-01-trofeu-homenageia-a-gastronomia-paulistana\/","og_site_name":"Revista Apartes (edi\u00e7\u00f5es anteriores)","article_publisher":"https:\/\/www.facebook.com\/RevistaApartes\/","article_modified_time":"2016-12-15T19:10:05+00:00","og_image":[{"url":"http:\/\/www.saopaulo.sp.leg.br\/apartes-anteriores\/wp-content\/uploads\/sites\/9\/2016\/11\/apartes_n01_93.jpg","type":"","width":"","height":""}],"twitter_card":"summary_large_image","twitter_title":"Trof\u00e9u homenageia a gastronomia paulistana","twitter_description":"Trof\u00e9u homenageia a gastronomia paulistana","twitter_site":"@revistaapartes","twitter_misc":{"Est. tempo de leitura":"4 minutos"},"schema":{"@context":"https:\/\/schema.org","@graph":[{"@type":"WebPage","@id":"https:\/\/www.saopaulo.sp.leg.br\/apartes-anteriores\/revista-apartes\/numero-1-janeiro-junho2013\/no-01-trofeu-homenageia-a-gastronomia-paulistana\/","url":"https:\/\/www.saopaulo.sp.leg.br\/apartes-anteriores\/revista-apartes\/numero-1-janeiro-junho2013\/no-01-trofeu-homenageia-a-gastronomia-paulistana\/","name":"N\u00ba01 - Destaque - Revista Apartes (edi\u00e7\u00f5es anteriores)","isPartOf":{"@id":"https:\/\/homolog.saopaulo.sp.leg.br\/apartes-anteriores\/#website"},"primaryImageOfPage":{"@id":"https:\/\/www.saopaulo.sp.leg.br\/apartes-anteriores\/revista-apartes\/numero-1-janeiro-junho2013\/no-01-trofeu-homenageia-a-gastronomia-paulistana\/#primaryimage"},"image":{"@id":"https:\/\/www.saopaulo.sp.leg.br\/apartes-anteriores\/revista-apartes\/numero-1-janeiro-junho2013\/no-01-trofeu-homenageia-a-gastronomia-paulistana\/#primaryimage"},"thumbnailUrl":"http:\/\/homolog.saopaulo.sp.leg.br\/apartes-anteriores\/wp-content\/uploads\/sites\/9\/2016\/11\/apartes_n01_93.jpg","datePublished":"2016-11-10T20:47:50+00:00","dateModified":"2016-12-15T19:10:05+00:00","breadcrumb":{"@id":"https:\/\/www.saopaulo.sp.leg.br\/apartes-anteriores\/revista-apartes\/numero-1-janeiro-junho2013\/no-01-trofeu-homenageia-a-gastronomia-paulistana\/#breadcrumb"},"inLanguage":"pt-BR","potentialAction":[{"@type":"ReadAction","target":["https:\/\/www.saopaulo.sp.leg.br\/apartes-anteriores\/revista-apartes\/numero-1-janeiro-junho2013\/no-01-trofeu-homenageia-a-gastronomia-paulistana\/"]}]},{"@type":"ImageObject","inLanguage":"pt-BR","@id":"https:\/\/www.saopaulo.sp.leg.br\/apartes-anteriores\/revista-apartes\/numero-1-janeiro-junho2013\/no-01-trofeu-homenageia-a-gastronomia-paulistana\/#primaryimage","url":"https:\/\/homolog.saopaulo.sp.leg.br\/apartes-anteriores\/wp-content\/uploads\/sites\/9\/2016\/11\/apartes_n01_93.jpg","contentUrl":"https:\/\/homolog.saopaulo.sp.leg.br\/apartes-anteriores\/wp-content\/uploads\/sites\/9\/2016\/11\/apartes_n01_93.jpg","width":1989,"height":1591},{"@type":"BreadcrumbList","@id":"https:\/\/www.saopaulo.sp.leg.br\/apartes-anteriores\/revista-apartes\/numero-1-janeiro-junho2013\/no-01-trofeu-homenageia-a-gastronomia-paulistana\/#breadcrumb","itemListElement":[{"@type":"ListItem","position":1,"name":"Home","item":"https:\/\/www.saopaulo.sp.leg.br\/apartes-anteriores\/"},{"@type":"ListItem","position":2,"name":"Revista Apartes","item":"https:\/\/www.saopaulo.sp.leg.br\/apartes-anteriores\/"},{"@type":"ListItem","position":3,"name":"N\u00famero 01 &#8211; jan-jun\/2013","item":"https:\/\/www.saopaulo.sp.leg.br\/apartes-anteriores\/revista-apartes\/numero-1-janeiro-junho2013\/"},{"@type":"ListItem","position":4,"name":"N\u00ba01 &#8211; Destaque"}]},{"@type":"WebSite","@id":"https:\/\/homolog.saopaulo.sp.leg.br\/apartes-anteriores\/#website","url":"https:\/\/homolog.saopaulo.sp.leg.br\/apartes-anteriores\/","name":"Revista Apartes (edi\u00e7\u00f5es anteriores)","description":"Revista Apartes (edi\u00e7\u00f5es anteriores)","potentialAction":[{"@type":"SearchAction","target":{"@type":"EntryPoint","urlTemplate":"https:\/\/homolog.saopaulo.sp.leg.br\/apartes-anteriores\/?s={search_term_string}"},"query-input":{"@type":"PropertyValueSpecification","valueRequired":true,"valueName":"search_term_string"}}],"inLanguage":"pt-BR"}]}},"_links":{"self":[{"href":"https:\/\/homolog.saopaulo.sp.leg.br\/apartes-anteriores\/wp-json\/wp\/v2\/pages\/37317","targetHints":{"allow":["GET"]}}],"collection":[{"href":"https:\/\/homolog.saopaulo.sp.leg.br\/apartes-anteriores\/wp-json\/wp\/v2\/pages"}],"about":[{"href":"https:\/\/homolog.saopaulo.sp.leg.br\/apartes-anteriores\/wp-json\/wp\/v2\/types\/page"}],"author":[{"embeddable":true,"href":"https:\/\/homolog.saopaulo.sp.leg.br\/apartes-anteriores\/wp-json\/wp\/v2\/users\/109"}],"replies":[{"embeddable":true,"href":"https:\/\/homolog.saopaulo.sp.leg.br\/apartes-anteriores\/wp-json\/wp\/v2\/comments?post=37317"}],"version-history":[{"count":5,"href":"https:\/\/homolog.saopaulo.sp.leg.br\/apartes-anteriores\/wp-json\/wp\/v2\/pages\/37317\/revisions"}],"predecessor-version":[{"id":38614,"href":"https:\/\/homolog.saopaulo.sp.leg.br\/apartes-anteriores\/wp-json\/wp\/v2\/pages\/37317\/revisions\/38614"}],"up":[{"embeddable":true,"href":"https:\/\/homolog.saopaulo.sp.leg.br\/apartes-anteriores\/wp-json\/wp\/v2\/pages\/24343"}],"wp:attachment":[{"href":"https:\/\/homolog.saopaulo.sp.leg.br\/apartes-anteriores\/wp-json\/wp\/v2\/media?parent=37317"}],"curies":[{"name":"wp","href":"https:\/\/api.w.org\/{rel}","templated":true}]}}