{"id":37376,"date":"2016-11-16T15:43:05","date_gmt":"2016-11-16T17:43:05","guid":{"rendered":"http:\/\/homolog.saopaulo.sp.leg.br\/apartes-anteriores\/?page_id=37376"},"modified":"2016-12-16T13:06:50","modified_gmt":"2016-12-16T15:06:50","slug":"no02-notas","status":"publish","type":"page","link":"https:\/\/homolog.saopaulo.sp.leg.br\/apartes-anteriores\/revista-apartes\/numero-2-outubro2013\/no02-notas\/","title":{"rendered":"N\u00ba02 &#8211; Notas"},"content":{"rendered":"<h1><span style=\"color: #800000\"><strong>NOTAS<\/strong><\/span><\/h1>\n<h3><strong>Reportagem da Apartes \u00e9 premiada<\/strong><\/h3>\n<p><!-- imagem MEDIA - com legenda - LADO DIREITO --><\/p>\n<div style=\"float: right;width: 227px;margin-left: 1.5em;margin-bottom: 1.5em\">\n<div style=\"float: right;padding: 5px;background-color: transparent !important\">\n<p><a href=\"http:\/\/homolog.saopaulo.sp.leg.br\/apartes-anteriores\/wp-content\/uploads\/sites\/9\/2016\/11\/apartes_n02_06.jpg\"><img loading=\"lazy\" decoding=\"async\" class=\"aligncenter wp-image-37383\" src=\"http:\/\/homolog.saopaulo.sp.leg.br\/apartes-anteriores\/wp-content\/uploads\/sites\/9\/2016\/11\/apartes_n02_06-300x270.jpg\" width=\"260\" height=\"234\" srcset=\"https:\/\/homolog.saopaulo.sp.leg.br\/apartes-anteriores\/wp-content\/uploads\/sites\/9\/2016\/11\/apartes_n02_06-300x270.jpg 300w, https:\/\/homolog.saopaulo.sp.leg.br\/apartes-anteriores\/wp-content\/uploads\/sites\/9\/2016\/11\/apartes_n02_06-768x690.jpg 768w, https:\/\/homolog.saopaulo.sp.leg.br\/apartes-anteriores\/wp-content\/uploads\/sites\/9\/2016\/11\/apartes_n02_06.jpg 831w\" sizes=\"auto, (max-width: 260px) 100vw, 260px\" \/><\/a><\/p>\n<\/div>\n<\/div>\n<p><!-- imagem MEDIA - com legenda - LADO DIREITO --><\/p>\n<p>A mat\u00e9ria de capa da primeira edi\u00e7\u00e3o da <strong>Apartes<\/strong>, <em>Em Busca da Verdade<\/em>, do jornalista Fausto Salvadori Filho, recebeu men\u00e7\u00e3o honrosa na categoria revista do Pr\u00eamio Jornal\u00edstico Vladimir Herzog de Anistia e Direitos Humanos deste ano.<\/p>\n<p>O texto aborda a primeira fase da atua\u00e7\u00e3o da Comiss\u00e3o Municipal da Verdade Vladimir Herzog da C\u00e2mara Municipal de S\u00e3o Paulo (CMSP), que funcionar\u00e1 at\u00e9 2014. A reportagem pode ser lida em <em><a href=\"http:\/\/homolog.saopaulo.sp.leg.br\">homolog.saopaulo.sp.leg.br<\/a><\/em>, se\u00e7\u00e3o Apartes.<\/p>\n<p>A entrega do Pr\u00eamio ser\u00e1 no dia 22 de outubro, \u00e0s 19h30, no Memorial da Am\u00e9rica Latina, em S\u00e3o Paulo.<\/p>\n<h3><strong>Informa\u00e7\u00f5es sobre vereadores cassados<\/strong><\/h3>\n<p>A C\u00e2mara Municipal de S\u00e3o Paulo vai realizar, no dia 9 de dezembro, uma sess\u00e3o p\u00fablica de desagravo e restitui\u00e7\u00e3o simb\u00f3lica dos mandatos de 42 vereadores paulistanos cassados em per\u00edodos hist\u00f3ricos distintos da pol\u00edtica brasileira.<\/p>\n<p>Uma comiss\u00e3o vem reunindo informa\u00e7\u00f5es sobre esses pol\u00edticos, mas ainda existem 14 parlamentares cujo paradeiro \u00e9 desconhecido. S\u00e3o eles: Alcides Chagas da Costa, Ant\u00f4nio Jos\u00e9 de Freitas, Jos\u00e9 Ferreira da Rocha Filho e Syn\u00e9sio Rocha (cassados em 1937); Antonio Donoso Vidal, Benedicto Jofre de Oliveira, Benone Sim\u00f5es, Luiz Jo\u00e3o, M\u00e1rio de Souza Sanches, Meir Benaim, Orlando Lu\u00eds Pioto e Raimundo Diamantino de Souza (1947); Ab\u00edlio Martins da Costa (1951) e Jos\u00e9 Tinoco Barreto (1969).<\/p>\n<p>Qualquer informa\u00e7\u00e3o sobre esses pol\u00edticos, ou sobre seus familiares, ser\u00e1 bem-vinda. Pedimos que entrem em contato com a Assessoria de Comunica\u00e7\u00e3o e Imprensa da Presid\u00eancia da CMSP, pelo fone 3396-4900 ou pelo e-mail <em><a href=\"mailto:imprensa@saopaulo.sp.leg.br\">imprensa@saopaulo.sp.leg.br<\/a><\/em>.<\/p>\n<h3><strong>Visita\u00e7\u00e3o ao Pal\u00e1cio Anchieta \u00e9 ampliada<\/strong><\/h3>\n<p><!-- imagem TOTAL - com legenda - CENTRALIZADA --><\/p>\n<div style=\"width: 100%;margin-right: 1.5em;margin-bottom: 1.5em\">\n<div style=\"padding: 5px;background-color: #eee !important\">\n<p><a href=\"http:\/\/homolog.saopaulo.sp.leg.br\/apartes-anteriores\/wp-content\/uploads\/sites\/9\/2016\/11\/apartes_n02_04.jpg\"><img loading=\"lazy\" decoding=\"async\" class=\"aligncenter wp-image-37381 size-full\" src=\"http:\/\/homolog.saopaulo.sp.leg.br\/apartes-anteriores\/wp-content\/uploads\/sites\/9\/2016\/11\/apartes_n02_04.jpg\" width=\"1274\" height=\"923\" srcset=\"https:\/\/homolog.saopaulo.sp.leg.br\/apartes-anteriores\/wp-content\/uploads\/sites\/9\/2016\/11\/apartes_n02_04.jpg 1274w, https:\/\/homolog.saopaulo.sp.leg.br\/apartes-anteriores\/wp-content\/uploads\/sites\/9\/2016\/11\/apartes_n02_04-300x217.jpg 300w, https:\/\/homolog.saopaulo.sp.leg.br\/apartes-anteriores\/wp-content\/uploads\/sites\/9\/2016\/11\/apartes_n02_04-768x556.jpg 768w, https:\/\/homolog.saopaulo.sp.leg.br\/apartes-anteriores\/wp-content\/uploads\/sites\/9\/2016\/11\/apartes_n02_04-1024x742.jpg 1024w\" sizes=\"auto, (max-width: 1274px) 100vw, 1274px\" \/><\/a><\/p>\n<p style=\"font-size: 0.8em;line-height: 1.1em;text-align: center;margin: -1.5em 0px 7px 0px;color: #333;!important;background-color: transparent !important\" align=\"center\">Alunos assistem a palestra sobre a hist\u00f3ria da CMSP<\/p>\n<\/div>\n<p style=\"font-size: 0.5em;line-height: 1.1em;text-align: right;margin: 4px 0px 7px 0px;background-color: transparent !important\">Equipe de Eventos\/CMSP<\/p>\n<\/div>\n<p><!-- imagem TOTAL - com legenda - CENTRALIZADA --><\/p>\n<p>A CMSP possui um Programa Permanente de Visita\u00e7\u00e3o para escolas, universidades, sindicatos, organiza\u00e7\u00f5es n\u00e3o-governamentais e outros grupos organizados. Desde setembro, as visitas foram ampliadas e ocorrem de segunda a sexta-feira, das 14h \u00e0s 16h.<\/p>\n<p>O programa conta com palestras e, de ter\u00e7a a quinta-feira, visitas \u00e0 Galeria, para acompanhamento de parte da sess\u00e3o plen\u00e1ria. O objetivo \u00e9 transmitir aos grupos conhecimentos sobre a hist\u00f3ria e os trabalhos desenvolvidos na Casa. \u00c0s segundas e sextas-feiras, h\u00e1 palestras para grupos com interesses espec\u00edficos sobre a C\u00e2mara Municipal.<\/p>\n<p>Para d\u00favidas sobre o programa, entre em contato pelo fone 3396-4311 ou e-mail <em><a href=\"mailto:programadevisita@saopaulo.sp.leg.br\">programadevisita@saopaulo.sp.leg.br<\/a><\/em>. Para agendar uma visita, 3396-4557 ou <em><a href=\"mailto:cerimonial@saopaulo.sp.leg.br\">cerimonial@saopaulo.sp.leg.br<\/a><\/em>.<\/p>\n<h3><strong>CMSP recebe secret\u00e1ria nova-iorquina<\/strong><\/h3>\n<p><!-- imagem GRANDE - com legenda - LADO ESQUERDO --><\/p>\n<div style=\"float: left;width: 310px;margin-right: 1.5em;margin-bottom: 1.5em\">\n<div style=\"float: left;padding: 5px;background-color: #eee !important\">\n<p><a href=\"http:\/\/homolog.saopaulo.sp.leg.br\/apartes-anteriores\/wp-content\/uploads\/sites\/9\/2016\/11\/apartes_n02_05.jpg\"><img loading=\"lazy\" decoding=\"async\" class=\"aligncenter wp-image-37382 \" src=\"http:\/\/homolog.saopaulo.sp.leg.br\/apartes-anteriores\/wp-content\/uploads\/sites\/9\/2016\/11\/apartes_n02_05.jpg\" width=\"272\" height=\"368\" srcset=\"https:\/\/homolog.saopaulo.sp.leg.br\/apartes-anteriores\/wp-content\/uploads\/sites\/9\/2016\/11\/apartes_n02_05.jpg 1096w, https:\/\/homolog.saopaulo.sp.leg.br\/apartes-anteriores\/wp-content\/uploads\/sites\/9\/2016\/11\/apartes_n02_05-222x300.jpg 222w, https:\/\/homolog.saopaulo.sp.leg.br\/apartes-anteriores\/wp-content\/uploads\/sites\/9\/2016\/11\/apartes_n02_05-768x1039.jpg 768w, https:\/\/homolog.saopaulo.sp.leg.br\/apartes-anteriores\/wp-content\/uploads\/sites\/9\/2016\/11\/apartes_n02_05-757x1024.jpg 757w\" sizes=\"auto, (max-width: 272px) 100vw, 272px\" \/><\/a><\/p>\n<p style=\"font-size: 0.8em;line-height: 1.1em;text-align: center;margin: -1.5em 0px 7px 0px;color: #333;!important;background-color: transparent !important\" align=\"center\">\n<\/div>\n<p style=\"font-size: 0.5em;line-height: 1.1em;text-align: right;margin: 4px 0px 7px 0px;background-color: transparent !important\">Mozart Gomes<br \/>\n\/CMSP<\/p>\n<\/div>\n<p><!-- imagem GRANDE - com legenda - LADO ESQUERDO --><\/p>\n<p>No dia 25 de setembro, a secret\u00e1ria dos Transportes da cidade de Nova York, Janette Sadik-Khan (foto), participou do semin\u00e1rio <em>A Bicicleta em S\u00e3o Paulo: Pol\u00edticas P\u00fablicas para Transformar a Cidade<\/em>, realizado pela Frente Parlamentar da Mobilidade Humana da C\u00e2mara, presidida pelo vereador Floriano Pesaro (PSDB).<\/p>\n<p>Janette, conhecida como \u201csecret\u00e1ria das bicicletas\u201d, explicou que Nova York tem 600 km de ciclovias, constru\u00eddas em seis anos. Outro investimento importante apontado foi a conex\u00e3o das ciclovias j\u00e1 existentes. Segundo ela, as mudan\u00e7as no tr\u00e2nsito permitiram melhoria na economia. Sobre S\u00e3o Paulo, Janette acha que a cidade \u201cn\u00e3o pode esperar para tomar provid\u00eancias enquanto se desenvolve\u201d.<\/p>\n<h3><strong>Informativo C\u00e2mara Expressa<\/strong><\/h3>\n<p>A C\u00e2mara Municipal conta, desde agosto, com o informativo eletr\u00f4nico <em>C\u00e2mara Expressa<\/em>. O ve\u00edculo \u00e9 semanal e cobre os acontecimentos do Plen\u00e1rio, das comiss\u00f5es, das audi\u00eancias, entre outras atividades desenvolvidas pelos vereadores.<\/p>\n<p>Para receber o <em>C\u00e2mara Expressa<\/em>, acesse o portal <em><a href=\"http:\/\/homolog.saopaulo.sp.leg.br\">homolog.saopaulo.sp.leg.br<\/a><\/em> e fa\u00e7a o cadastro. O informativo \u00e9 produzido pela Assessoria de Comunica\u00e7\u00e3o e Imprensa da C\u00e2mara.<\/p>\n<h3><strong>Consultores apresentam trabalhos em Bras\u00edlia<\/strong><\/h3>\n<p>A CMSP participou da IV Jornada de Pesquisa e Extens\u00e3o da C\u00e2mara dos Deputados, promovida pelo Programa de P\u00f3s-Gradua\u00e7\u00e3o daquela casa legislativa nos dias 9 e 10 de setembro, em Bras\u00edlia.<\/p>\n<p>O consultor em Administra\u00e7\u00e3o Edinei Arakaki Guskuma apresentou o trabalho <em>Aspectos Te\u00f3ricos da Estrutura Organizacional da C\u00e2mara Municipal de S\u00e3o Paulo<\/em>. A consultora em Servi\u00e7o Social Simone Fantucci exp\u00f4s sua pesquisa intitulada <em>Consultoria T\u00e9cnico-Legislativa em Pol\u00edticas Sociais no \u00c2mbito das C\u00e2maras Municipais<\/em>. Os profissionais, da Equipe de Assessoria e Consultoria de \u00c1rea Social, fizeram parte de uma mesa-redonda.<\/p>\n<p>A jornada reuniu estudiosos sobre o Poder Legislativo, com a finalidade de compartilhar e expor seus trabalhos na \u00e1rea. Foram realizadas 11 mesas-redondas, al\u00e9m de duas confer\u00eancias.<\/p>\n<p>&nbsp;<\/p>\n","protected":false},"excerpt":{"rendered":"<p>NOTAS Reportagem da Apartes \u00e9 premiada A mat\u00e9ria de capa da primeira edi\u00e7\u00e3o da Apartes, Em Busca da Verdade, do jornalista Fausto Salvadori Filho, recebeu men\u00e7\u00e3o honrosa na categoria revista do Pr\u00eamio Jornal\u00edstico Vladimir Herzog de Anistia e Direitos Humanos deste ano. O texto aborda a primeira fase da atua\u00e7\u00e3o da Comiss\u00e3o Municipal da Verdade [&hellip;]<\/p>\n","protected":false},"author":109,"featured_media":0,"parent":24341,"menu_order":0,"comment_status":"closed","ping_status":"closed","template":"","meta":{"footnotes":""},"class_list":["post-37376","page","type-page","status-publish","hentry"],"meta_all":{"_edit_lock":["1481900846:109"],"_edit_last":["109"],"_wp_page_template":["default"],"_yoast_wpseo_opengraph-title":["Notas"],"_yoast_wpseo_opengraph-description":["Revista Apartes"],"_yoast_wpseo_twitter-title":["Notas"],"_yoast_wpseo_twitter-description":["Revista Apartes"],"_yoast_wpseo_content_score":["90"],"_cmsp_page_download-files":["a:1:{i:0;a:1:{s:4:\"type\";s:3:\"pdf\";}}"]},"meta_all_2":{"_edit_lock":["1481900846:109"],"_edit_last":["109"],"_wp_page_template":["default"],"_yoast_wpseo_opengraph-title":["Notas"],"_yoast_wpseo_opengraph-description":["Revista Apartes"],"_yoast_wpseo_twitter-title":["Notas"],"_yoast_wpseo_twitter-description":["Revista Apartes"],"_yoast_wpseo_content_score":["90"],"_cmsp_page_download-files":["a:1:{i:0;a:1:{s:4:\"type\";s:3:\"pdf\";}}"]},"yoast_head":"<!-- This site is optimized with the Yoast SEO plugin v27.4 - https:\/\/yoast.com\/product\/yoast-seo-wordpress\/ -->\r\n<title>N\u00ba02 - Notas - Revista Apartes (edi\u00e7\u00f5es anteriores)<\/title>\r\n<meta name=\"robots\" content=\"noindex, follow, max-snippet:-1, max-image-preview:large, max-video-preview:-1\" \/>\r\n<meta property=\"og:locale\" content=\"pt_BR\" \/>\r\n<meta property=\"og:type\" content=\"article\" \/>\r\n<meta property=\"og:title\" content=\"Notas\" \/>\r\n<meta property=\"og:description\" content=\"Revista Apartes\" \/>\r\n<meta property=\"og:url\" content=\"https:\/\/www.saopaulo.sp.leg.br\/apartes-anteriores\/revista-apartes\/numero-2-outubro2013\/no02-notas\/\" \/>\r\n<meta property=\"og:site_name\" content=\"Revista Apartes (edi\u00e7\u00f5es anteriores)\" \/>\r\n<meta property=\"article:publisher\" content=\"https:\/\/www.facebook.com\/RevistaApartes\/\" \/>\r\n<meta property=\"article:modified_time\" content=\"2016-12-16T15:06:50+00:00\" \/>\r\n<meta property=\"og:image\" content=\"http:\/\/www.saopaulo.sp.leg.br\/apartes-anteriores\/wp-content\/uploads\/sites\/9\/2016\/11\/apartes_n02_06-300x270.jpg\" \/>\r\n<meta name=\"twitter:card\" content=\"summary_large_image\" \/>\r\n<meta name=\"twitter:title\" content=\"Notas\" \/>\r\n<meta name=\"twitter:description\" content=\"Revista Apartes\" \/>\r\n<meta name=\"twitter:site\" content=\"@revistaapartes\" \/>\r\n<meta name=\"twitter:label1\" content=\"Est. tempo de leitura\" \/>\n\t<meta name=\"twitter:data1\" content=\"4 minutos\" \/>\r\n<script type=\"application\/ld+json\" class=\"yoast-schema-graph\">{\"@context\":\"https:\\\/\\\/schema.org\",\"@graph\":[{\"@type\":\"WebPage\",\"@id\":\"https:\\\/\\\/www.saopaulo.sp.leg.br\\\/apartes-anteriores\\\/revista-apartes\\\/numero-2-outubro2013\\\/no02-notas\\\/\",\"url\":\"https:\\\/\\\/www.saopaulo.sp.leg.br\\\/apartes-anteriores\\\/revista-apartes\\\/numero-2-outubro2013\\\/no02-notas\\\/\",\"name\":\"N\u00ba02 - Notas - Revista Apartes (edi\u00e7\u00f5es anteriores)\",\"isPartOf\":{\"@id\":\"https:\\\/\\\/homolog.saopaulo.sp.leg.br\\\/apartes-anteriores\\\/#website\"},\"primaryImageOfPage\":{\"@id\":\"https:\\\/\\\/www.saopaulo.sp.leg.br\\\/apartes-anteriores\\\/revista-apartes\\\/numero-2-outubro2013\\\/no02-notas\\\/#primaryimage\"},\"image\":{\"@id\":\"https:\\\/\\\/www.saopaulo.sp.leg.br\\\/apartes-anteriores\\\/revista-apartes\\\/numero-2-outubro2013\\\/no02-notas\\\/#primaryimage\"},\"thumbnailUrl\":\"http:\\\/\\\/homolog.saopaulo.sp.leg.br\\\/apartes-anteriores\\\/wp-content\\\/uploads\\\/sites\\\/9\\\/2016\\\/11\\\/apartes_n02_06-300x270.jpg\",\"datePublished\":\"2016-11-16T17:43:05+00:00\",\"dateModified\":\"2016-12-16T15:06:50+00:00\",\"breadcrumb\":{\"@id\":\"https:\\\/\\\/www.saopaulo.sp.leg.br\\\/apartes-anteriores\\\/revista-apartes\\\/numero-2-outubro2013\\\/no02-notas\\\/#breadcrumb\"},\"inLanguage\":\"pt-BR\",\"potentialAction\":[{\"@type\":\"ReadAction\",\"target\":[\"https:\\\/\\\/www.saopaulo.sp.leg.br\\\/apartes-anteriores\\\/revista-apartes\\\/numero-2-outubro2013\\\/no02-notas\\\/\"]}]},{\"@type\":\"ImageObject\",\"inLanguage\":\"pt-BR\",\"@id\":\"https:\\\/\\\/www.saopaulo.sp.leg.br\\\/apartes-anteriores\\\/revista-apartes\\\/numero-2-outubro2013\\\/no02-notas\\\/#primaryimage\",\"url\":\"https:\\\/\\\/homolog.saopaulo.sp.leg.br\\\/apartes-anteriores\\\/wp-content\\\/uploads\\\/sites\\\/9\\\/2016\\\/11\\\/apartes_n02_06.jpg\",\"contentUrl\":\"https:\\\/\\\/homolog.saopaulo.sp.leg.br\\\/apartes-anteriores\\\/wp-content\\\/uploads\\\/sites\\\/9\\\/2016\\\/11\\\/apartes_n02_06.jpg\",\"width\":831,\"height\":747},{\"@type\":\"BreadcrumbList\",\"@id\":\"https:\\\/\\\/www.saopaulo.sp.leg.br\\\/apartes-anteriores\\\/revista-apartes\\\/numero-2-outubro2013\\\/no02-notas\\\/#breadcrumb\",\"itemListElement\":[{\"@type\":\"ListItem\",\"position\":1,\"name\":\"Home\",\"item\":\"https:\\\/\\\/www.saopaulo.sp.leg.br\\\/apartes-anteriores\\\/\"},{\"@type\":\"ListItem\",\"position\":2,\"name\":\"Revista Apartes\",\"item\":\"https:\\\/\\\/www.saopaulo.sp.leg.br\\\/apartes-anteriores\\\/\"},{\"@type\":\"ListItem\",\"position\":3,\"name\":\"N\u00famero 02 &#8211; out\\\/2013\",\"item\":\"https:\\\/\\\/www.saopaulo.sp.leg.br\\\/apartes-anteriores\\\/revista-apartes\\\/numero-2-outubro2013\\\/\"},{\"@type\":\"ListItem\",\"position\":4,\"name\":\"N\u00ba02 &#8211; Notas\"}]},{\"@type\":\"WebSite\",\"@id\":\"https:\\\/\\\/homolog.saopaulo.sp.leg.br\\\/apartes-anteriores\\\/#website\",\"url\":\"https:\\\/\\\/homolog.saopaulo.sp.leg.br\\\/apartes-anteriores\\\/\",\"name\":\"Revista Apartes (edi\u00e7\u00f5es anteriores)\",\"description\":\"Revista Apartes (edi\u00e7\u00f5es anteriores)\",\"potentialAction\":[{\"@type\":\"SearchAction\",\"target\":{\"@type\":\"EntryPoint\",\"urlTemplate\":\"https:\\\/\\\/homolog.saopaulo.sp.leg.br\\\/apartes-anteriores\\\/?s={search_term_string}\"},\"query-input\":{\"@type\":\"PropertyValueSpecification\",\"valueRequired\":true,\"valueName\":\"search_term_string\"}}],\"inLanguage\":\"pt-BR\"}]}<\/script>\r\n<!-- \/ Yoast SEO plugin. -->","yoast_head_json":{"title":"N\u00ba02 - Notas - Revista Apartes (edi\u00e7\u00f5es anteriores)","robots":{"index":"noindex","follow":"follow","max-snippet":"max-snippet:-1","max-image-preview":"max-image-preview:large","max-video-preview":"max-video-preview:-1"},"og_locale":"pt_BR","og_type":"article","og_title":"Notas","og_description":"Revista Apartes","og_url":"https:\/\/www.saopaulo.sp.leg.br\/apartes-anteriores\/revista-apartes\/numero-2-outubro2013\/no02-notas\/","og_site_name":"Revista Apartes (edi\u00e7\u00f5es anteriores)","article_publisher":"https:\/\/www.facebook.com\/RevistaApartes\/","article_modified_time":"2016-12-16T15:06:50+00:00","og_image":[{"url":"http:\/\/www.saopaulo.sp.leg.br\/apartes-anteriores\/wp-content\/uploads\/sites\/9\/2016\/11\/apartes_n02_06-300x270.jpg","type":"","width":"","height":""}],"twitter_card":"summary_large_image","twitter_title":"Notas","twitter_description":"Revista Apartes","twitter_site":"@revistaapartes","twitter_misc":{"Est. tempo de leitura":"4 minutos"},"schema":{"@context":"https:\/\/schema.org","@graph":[{"@type":"WebPage","@id":"https:\/\/www.saopaulo.sp.leg.br\/apartes-anteriores\/revista-apartes\/numero-2-outubro2013\/no02-notas\/","url":"https:\/\/www.saopaulo.sp.leg.br\/apartes-anteriores\/revista-apartes\/numero-2-outubro2013\/no02-notas\/","name":"N\u00ba02 - Notas - Revista Apartes (edi\u00e7\u00f5es anteriores)","isPartOf":{"@id":"https:\/\/homolog.saopaulo.sp.leg.br\/apartes-anteriores\/#website"},"primaryImageOfPage":{"@id":"https:\/\/www.saopaulo.sp.leg.br\/apartes-anteriores\/revista-apartes\/numero-2-outubro2013\/no02-notas\/#primaryimage"},"image":{"@id":"https:\/\/www.saopaulo.sp.leg.br\/apartes-anteriores\/revista-apartes\/numero-2-outubro2013\/no02-notas\/#primaryimage"},"thumbnailUrl":"http:\/\/homolog.saopaulo.sp.leg.br\/apartes-anteriores\/wp-content\/uploads\/sites\/9\/2016\/11\/apartes_n02_06-300x270.jpg","datePublished":"2016-11-16T17:43:05+00:00","dateModified":"2016-12-16T15:06:50+00:00","breadcrumb":{"@id":"https:\/\/www.saopaulo.sp.leg.br\/apartes-anteriores\/revista-apartes\/numero-2-outubro2013\/no02-notas\/#breadcrumb"},"inLanguage":"pt-BR","potentialAction":[{"@type":"ReadAction","target":["https:\/\/www.saopaulo.sp.leg.br\/apartes-anteriores\/revista-apartes\/numero-2-outubro2013\/no02-notas\/"]}]},{"@type":"ImageObject","inLanguage":"pt-BR","@id":"https:\/\/www.saopaulo.sp.leg.br\/apartes-anteriores\/revista-apartes\/numero-2-outubro2013\/no02-notas\/#primaryimage","url":"https:\/\/homolog.saopaulo.sp.leg.br\/apartes-anteriores\/wp-content\/uploads\/sites\/9\/2016\/11\/apartes_n02_06.jpg","contentUrl":"https:\/\/homolog.saopaulo.sp.leg.br\/apartes-anteriores\/wp-content\/uploads\/sites\/9\/2016\/11\/apartes_n02_06.jpg","width":831,"height":747},{"@type":"BreadcrumbList","@id":"https:\/\/www.saopaulo.sp.leg.br\/apartes-anteriores\/revista-apartes\/numero-2-outubro2013\/no02-notas\/#breadcrumb","itemListElement":[{"@type":"ListItem","position":1,"name":"Home","item":"https:\/\/www.saopaulo.sp.leg.br\/apartes-anteriores\/"},{"@type":"ListItem","position":2,"name":"Revista Apartes","item":"https:\/\/www.saopaulo.sp.leg.br\/apartes-anteriores\/"},{"@type":"ListItem","position":3,"name":"N\u00famero 02 &#8211; out\/2013","item":"https:\/\/www.saopaulo.sp.leg.br\/apartes-anteriores\/revista-apartes\/numero-2-outubro2013\/"},{"@type":"ListItem","position":4,"name":"N\u00ba02 &#8211; Notas"}]},{"@type":"WebSite","@id":"https:\/\/homolog.saopaulo.sp.leg.br\/apartes-anteriores\/#website","url":"https:\/\/homolog.saopaulo.sp.leg.br\/apartes-anteriores\/","name":"Revista Apartes (edi\u00e7\u00f5es anteriores)","description":"Revista Apartes (edi\u00e7\u00f5es anteriores)","potentialAction":[{"@type":"SearchAction","target":{"@type":"EntryPoint","urlTemplate":"https:\/\/homolog.saopaulo.sp.leg.br\/apartes-anteriores\/?s={search_term_string}"},"query-input":{"@type":"PropertyValueSpecification","valueRequired":true,"valueName":"search_term_string"}}],"inLanguage":"pt-BR"}]}},"_links":{"self":[{"href":"https:\/\/homolog.saopaulo.sp.leg.br\/apartes-anteriores\/wp-json\/wp\/v2\/pages\/37376","targetHints":{"allow":["GET"]}}],"collection":[{"href":"https:\/\/homolog.saopaulo.sp.leg.br\/apartes-anteriores\/wp-json\/wp\/v2\/pages"}],"about":[{"href":"https:\/\/homolog.saopaulo.sp.leg.br\/apartes-anteriores\/wp-json\/wp\/v2\/types\/page"}],"author":[{"embeddable":true,"href":"https:\/\/homolog.saopaulo.sp.leg.br\/apartes-anteriores\/wp-json\/wp\/v2\/users\/109"}],"replies":[{"embeddable":true,"href":"https:\/\/homolog.saopaulo.sp.leg.br\/apartes-anteriores\/wp-json\/wp\/v2\/comments?post=37376"}],"version-history":[{"count":5,"href":"https:\/\/homolog.saopaulo.sp.leg.br\/apartes-anteriores\/wp-json\/wp\/v2\/pages\/37376\/revisions"}],"predecessor-version":[{"id":37446,"href":"https:\/\/homolog.saopaulo.sp.leg.br\/apartes-anteriores\/wp-json\/wp\/v2\/pages\/37376\/revisions\/37446"}],"up":[{"embeddable":true,"href":"https:\/\/homolog.saopaulo.sp.leg.br\/apartes-anteriores\/wp-json\/wp\/v2\/pages\/24341"}],"wp:attachment":[{"href":"https:\/\/homolog.saopaulo.sp.leg.br\/apartes-anteriores\/wp-json\/wp\/v2\/media?parent=37376"}],"curies":[{"name":"wp","href":"https:\/\/api.w.org\/{rel}","templated":true}]}}