{"id":37545,"date":"2016-11-17T16:10:29","date_gmt":"2016-11-17T18:10:29","guid":{"rendered":"http:\/\/homolog.saopaulo.sp.leg.br\/apartes-anteriores\/?page_id=37545"},"modified":"2021-10-06T16:58:37","modified_gmt":"2021-10-06T19:58:37","slug":"no02-web-radio-camara-estreia-grade-ao-vivo","status":"publish","type":"page","link":"https:\/\/homolog.saopaulo.sp.leg.br\/apartes-anteriores\/revista-apartes\/numero-2-outubro2013\/no02-web-radio-camara-estreia-grade-ao-vivo\/","title":{"rendered":"N\u00ba02 &#8211; Comunica\u00e7\u00e3o"},"content":{"rendered":"<h1><strong><span style=\"color: #800000\">Web R\u00e1dio C\u00e2mara estreia grade ao vivo<\/span><\/strong><\/h1>\n<h2>Cidad\u00e3o pode acompanhar\u00a0na internet o que ocorre\u00a0no Parlamento paulistano<\/h2>\n<p><strong>Rodrigo Garcia<\/strong> | <a href=\"mailto:rodrigogarcia@saopaulo.sp.leg.br\">rodrigogarcia@saopaulo.sp.leg.br<\/a><\/p>\n<p><!-- imagem MEDIA - com legenda - LADO DIREITO --><\/p>\n<div style=\"float: right;width: 227px;margin-left: 1.5em;margin-bottom: 1.5em\">\n<div style=\"float: right;padding: 5px;background-color: #eee !important\">\n<p><a href=\"http:\/\/homolog.saopaulo.sp.leg.br\/apartes-anteriores\/wp-content\/uploads\/sites\/9\/2016\/11\/apartes_n02_32.jpg\"><img loading=\"lazy\" decoding=\"async\" class=\"aligncenter wp-image-37409 size-medium\" src=\"http:\/\/homolog.saopaulo.sp.leg.br\/apartes-anteriores\/wp-content\/uploads\/sites\/9\/2016\/11\/apartes_n02_32-250x300.jpg\" width=\"250\" height=\"300\" srcset=\"https:\/\/homolog.saopaulo.sp.leg.br\/apartes-anteriores\/wp-content\/uploads\/sites\/9\/2016\/11\/apartes_n02_32-250x300.jpg 250w, https:\/\/homolog.saopaulo.sp.leg.br\/apartes-anteriores\/wp-content\/uploads\/sites\/9\/2016\/11\/apartes_n02_32-768x920.jpg 768w, https:\/\/homolog.saopaulo.sp.leg.br\/apartes-anteriores\/wp-content\/uploads\/sites\/9\/2016\/11\/apartes_n02_32-855x1024.jpg 855w, https:\/\/homolog.saopaulo.sp.leg.br\/apartes-anteriores\/wp-content\/uploads\/sites\/9\/2016\/11\/apartes_n02_32.jpg 1032w\" sizes=\"auto, (max-width: 250px) 100vw, 250px\" \/><\/a><\/p>\n<p style=\"font-size: 0.8em;line-height: 1.1em;text-align: center;margin: -1.5em 0px 7px 0px;color: #333;!important;background-color: transparent !important\" align=\"center\">NO AR: Objetivo \u00e9 politizar os ouvintes, informa o editor-chefe Carlos Maglio<\/p>\n<\/div>\n<p style=\"font-size: 0.5em;line-height: 1.1em;text-align: right;margin: 4px 0px 7px 0px;background-color: transparent !important\">\u00c2ngelo Dantas\/CMSP<\/p>\n<\/div>\n<p><!-- imagem MEDIA - com legenda - LADO DIREITO --><\/p>\n<p>As r\u00e1dios de todo o mundo est\u00e3o passando por uma revolu\u00e7\u00e3o: uma alian\u00e7a com a internet que possibilita que a programa\u00e7\u00e3o seja ouvida em qualquer lugar, a qualquer hora.<\/p>\n<p>A Web R\u00e1dio C\u00e2mara S\u00e3o Paulo n\u00e3o ficou atr\u00e1s. Desde 25 de setembro, Dia Nacional do R\u00e1dio, a C\u00e2mara Municipal de S\u00e3o Paulo (CMSP) estreou a programa\u00e7\u00e3o ao vivo de sua r\u00e1dio. Desde ent\u00e3o, ela opera de segunda a sexta-feira, das 9h \u00e0s 20h, com reprise aos finais de semana.<\/p>\n<p>Em sua grade, constam not\u00edcias do Legislativo paulistano, transmiss\u00f5es de sess\u00f5es plen\u00e1rias ao vivo, servi\u00e7os e entretenimento. \u201cTrata-se de uma nova filosofia\u201d, resume o editor-chefe da Web R\u00e1dio C\u00e2mara, Carlos Maglio. \u201cNosso objetivo \u00e9 politizar os ouvintes, vamos trocar em mi\u00fados os grandes temas pol\u00edticos que s\u00e3o discutidos no Parlamento.\u201d<\/p>\n<p>Diariamente, a Web R\u00e1dio C\u00e2mara S\u00e3o Paulo conta com as duas edi\u00e7\u00f5es do telejornal exibido pela TV C\u00e2mara, previs\u00e3o do tempo, agenda legislativa, informes do rod\u00edzio municipal de ve\u00edculos, espa\u00e7o para novos talentos da m\u00fasica e entrevistas.<\/p>\n<p>Tamb\u00e9m s\u00e3o produzidos boletins sobre as atividades parlamentares, sess\u00f5es plen\u00e1rias, audi\u00eancias p\u00fablicas, reuni\u00f5es das comiss\u00f5es t\u00e9cnicas, semin\u00e1rios, comemora\u00e7\u00f5es c\u00edvicas, homenagens, reuni\u00f5es de entidades e demais eventos realizados no Pal\u00e1cio Anchieta.<\/p>\n<p>Maglio faz quest\u00e3o de ressaltar que os boletins informativos e as entrevistas podem ser baixados e reproduzidos livremente por qualquer cidad\u00e3o.<\/p>\n<h3><strong>Espa\u00e7o para m\u00fasicos<\/strong><\/h3>\n<p>A Web R\u00e1dio C\u00e2mara S\u00e3o Paulo p\u00f4s sua grade \u00e0 disposi\u00e7\u00e3o de artistas iniciantes que queiram apresentar seus trabalhos. Mais de 50 m\u00fasicos j\u00e1 disponibilizaram suas obras para serem reproduzidas. Quem estiver interessado em divulgar sua produ\u00e7\u00e3o deve entrar em contato pelo e-mail <a href=\"mailto:webradiocamarasp@saopaulo.sp.leg.br\"><em>webradiocamarasp@saopaulo.sp.leg.br<\/em><\/a>.<\/p>\n<p>Ou\u00e7a a Web R\u00e1dio C\u00e2mara em\u00a0<strong><a href=\"https:\/\/homolog.saopaulo.sp.leg.br\/comunicacao\/web-radio\/\"><em>http:\/\/homolog.saopaulo.sp.leg.br\/sala-de-imprensa\/web-radio<\/em><\/a><\/strong><\/p>\n","protected":false},"excerpt":{"rendered":"<p>Web R\u00e1dio C\u00e2mara estreia grade ao vivo Cidad\u00e3o pode acompanhar\u00a0na internet o que ocorre\u00a0no Parlamento paulistano Rodrigo Garcia | rodrigogarcia@saopaulo.sp.leg.br NO AR: Objetivo \u00e9 politizar os ouvintes, informa o editor-chefe Carlos Maglio \u00c2ngelo Dantas\/CMSP As r\u00e1dios de todo o mundo est\u00e3o passando por uma revolu\u00e7\u00e3o: uma alian\u00e7a com a internet que possibilita que a programa\u00e7\u00e3o [&hellip;]<\/p>\n","protected":false},"author":109,"featured_media":0,"parent":24341,"menu_order":0,"comment_status":"closed","ping_status":"closed","template":"","meta":{"footnotes":""},"class_list":["post-37545","page","type-page","status-publish","hentry"],"meta_all":{"_edit_lock":["1481831258:109"],"_edit_last":["109"],"_wp_page_template":["default"],"_yoast_wpseo_content_score":["90"],"_cmsp_page_download-files":["a:1:{i:0;a:1:{s:4:\"type\";s:3:\"pdf\";}}"],"_yoast_wpseo_opengraph-title":["Web R\u00e1dio C\u00e2mara estreia grade ao vivo"],"_yoast_wpseo_opengraph-description":["Cidad\u00e3o pode acompanhar na internet o que ocorre no Parlamento paulistano"],"_yoast_wpseo_twitter-title":["Web R\u00e1dio C\u00e2mara estreia grade ao vivo"],"_yoast_wpseo_twitter-description":["Cidad\u00e3o pode acompanhar na internet o que ocorre no Parlamento paulistano"]},"meta_all_2":{"_edit_lock":["1481831258:109"],"_edit_last":["109"],"_wp_page_template":["default"],"_yoast_wpseo_content_score":["90"],"_cmsp_page_download-files":["a:1:{i:0;a:1:{s:4:\"type\";s:3:\"pdf\";}}"],"_yoast_wpseo_opengraph-title":["Web R\u00e1dio C\u00e2mara estreia grade ao vivo"],"_yoast_wpseo_opengraph-description":["Cidad\u00e3o pode acompanhar na internet o que ocorre no Parlamento paulistano"],"_yoast_wpseo_twitter-title":["Web R\u00e1dio C\u00e2mara estreia grade ao vivo"],"_yoast_wpseo_twitter-description":["Cidad\u00e3o pode acompanhar na internet o que ocorre no Parlamento paulistano"]},"yoast_head":"<!-- This site is optimized with the Yoast SEO plugin v27.4 - https:\/\/yoast.com\/product\/yoast-seo-wordpress\/ -->\r\n<title>N\u00ba02 - Comunica\u00e7\u00e3o - Revista Apartes (edi\u00e7\u00f5es anteriores)<\/title>\r\n<meta name=\"robots\" content=\"noindex, follow, max-snippet:-1, max-image-preview:large, max-video-preview:-1\" \/>\r\n<meta property=\"og:locale\" content=\"pt_BR\" \/>\r\n<meta property=\"og:type\" content=\"article\" \/>\r\n<meta property=\"og:title\" content=\"Web R\u00e1dio C\u00e2mara estreia grade ao vivo\" \/>\r\n<meta property=\"og:description\" content=\"Cidad\u00e3o pode acompanhar na internet o que ocorre no Parlamento paulistano\" \/>\r\n<meta property=\"og:url\" content=\"https:\/\/www.saopaulo.sp.leg.br\/apartes-anteriores\/revista-apartes\/numero-2-outubro2013\/no02-web-radio-camara-estreia-grade-ao-vivo\/\" \/>\r\n<meta property=\"og:site_name\" content=\"Revista Apartes (edi\u00e7\u00f5es anteriores)\" \/>\r\n<meta property=\"article:publisher\" content=\"https:\/\/www.facebook.com\/RevistaApartes\/\" \/>\r\n<meta property=\"article:modified_time\" content=\"2021-10-06T19:58:37+00:00\" \/>\r\n<meta property=\"og:image\" content=\"http:\/\/www.saopaulo.sp.leg.br\/apartes-anteriores\/wp-content\/uploads\/sites\/9\/2016\/11\/apartes_n02_32-250x300.jpg\" \/>\r\n<meta name=\"twitter:card\" content=\"summary_large_image\" \/>\r\n<meta name=\"twitter:title\" content=\"Web R\u00e1dio C\u00e2mara estreia grade ao vivo\" \/>\r\n<meta name=\"twitter:description\" content=\"Cidad\u00e3o pode acompanhar na internet o que ocorre no Parlamento paulistano\" \/>\r\n<meta name=\"twitter:site\" content=\"@revistaapartes\" \/>\r\n<meta name=\"twitter:label1\" content=\"Est. tempo de leitura\" \/>\n\t<meta name=\"twitter:data1\" content=\"2 minutos\" \/>\r\n<script type=\"application\/ld+json\" class=\"yoast-schema-graph\">{\"@context\":\"https:\\\/\\\/schema.org\",\"@graph\":[{\"@type\":\"WebPage\",\"@id\":\"https:\\\/\\\/www.saopaulo.sp.leg.br\\\/apartes-anteriores\\\/revista-apartes\\\/numero-2-outubro2013\\\/no02-web-radio-camara-estreia-grade-ao-vivo\\\/\",\"url\":\"https:\\\/\\\/www.saopaulo.sp.leg.br\\\/apartes-anteriores\\\/revista-apartes\\\/numero-2-outubro2013\\\/no02-web-radio-camara-estreia-grade-ao-vivo\\\/\",\"name\":\"N\u00ba02 - Comunica\u00e7\u00e3o - Revista Apartes (edi\u00e7\u00f5es anteriores)\",\"isPartOf\":{\"@id\":\"https:\\\/\\\/homolog.saopaulo.sp.leg.br\\\/apartes-anteriores\\\/#website\"},\"primaryImageOfPage\":{\"@id\":\"https:\\\/\\\/www.saopaulo.sp.leg.br\\\/apartes-anteriores\\\/revista-apartes\\\/numero-2-outubro2013\\\/no02-web-radio-camara-estreia-grade-ao-vivo\\\/#primaryimage\"},\"image\":{\"@id\":\"https:\\\/\\\/www.saopaulo.sp.leg.br\\\/apartes-anteriores\\\/revista-apartes\\\/numero-2-outubro2013\\\/no02-web-radio-camara-estreia-grade-ao-vivo\\\/#primaryimage\"},\"thumbnailUrl\":\"http:\\\/\\\/homolog.saopaulo.sp.leg.br\\\/apartes-anteriores\\\/wp-content\\\/uploads\\\/sites\\\/9\\\/2016\\\/11\\\/apartes_n02_32-250x300.jpg\",\"datePublished\":\"2016-11-17T18:10:29+00:00\",\"dateModified\":\"2021-10-06T19:58:37+00:00\",\"breadcrumb\":{\"@id\":\"https:\\\/\\\/www.saopaulo.sp.leg.br\\\/apartes-anteriores\\\/revista-apartes\\\/numero-2-outubro2013\\\/no02-web-radio-camara-estreia-grade-ao-vivo\\\/#breadcrumb\"},\"inLanguage\":\"pt-BR\",\"potentialAction\":[{\"@type\":\"ReadAction\",\"target\":[\"https:\\\/\\\/www.saopaulo.sp.leg.br\\\/apartes-anteriores\\\/revista-apartes\\\/numero-2-outubro2013\\\/no02-web-radio-camara-estreia-grade-ao-vivo\\\/\"]}]},{\"@type\":\"ImageObject\",\"inLanguage\":\"pt-BR\",\"@id\":\"https:\\\/\\\/www.saopaulo.sp.leg.br\\\/apartes-anteriores\\\/revista-apartes\\\/numero-2-outubro2013\\\/no02-web-radio-camara-estreia-grade-ao-vivo\\\/#primaryimage\",\"url\":\"https:\\\/\\\/homolog.saopaulo.sp.leg.br\\\/apartes-anteriores\\\/wp-content\\\/uploads\\\/sites\\\/9\\\/2016\\\/11\\\/apartes_n02_32.jpg\",\"contentUrl\":\"https:\\\/\\\/homolog.saopaulo.sp.leg.br\\\/apartes-anteriores\\\/wp-content\\\/uploads\\\/sites\\\/9\\\/2016\\\/11\\\/apartes_n02_32.jpg\",\"width\":1032,\"height\":1236},{\"@type\":\"BreadcrumbList\",\"@id\":\"https:\\\/\\\/www.saopaulo.sp.leg.br\\\/apartes-anteriores\\\/revista-apartes\\\/numero-2-outubro2013\\\/no02-web-radio-camara-estreia-grade-ao-vivo\\\/#breadcrumb\",\"itemListElement\":[{\"@type\":\"ListItem\",\"position\":1,\"name\":\"Home\",\"item\":\"https:\\\/\\\/www.saopaulo.sp.leg.br\\\/apartes-anteriores\\\/\"},{\"@type\":\"ListItem\",\"position\":2,\"name\":\"Revista Apartes\",\"item\":\"https:\\\/\\\/www.saopaulo.sp.leg.br\\\/apartes-anteriores\\\/\"},{\"@type\":\"ListItem\",\"position\":3,\"name\":\"N\u00famero 02 &#8211; out\\\/2013\",\"item\":\"https:\\\/\\\/www.saopaulo.sp.leg.br\\\/apartes-anteriores\\\/revista-apartes\\\/numero-2-outubro2013\\\/\"},{\"@type\":\"ListItem\",\"position\":4,\"name\":\"N\u00ba02 &#8211; Comunica\u00e7\u00e3o\"}]},{\"@type\":\"WebSite\",\"@id\":\"https:\\\/\\\/homolog.saopaulo.sp.leg.br\\\/apartes-anteriores\\\/#website\",\"url\":\"https:\\\/\\\/homolog.saopaulo.sp.leg.br\\\/apartes-anteriores\\\/\",\"name\":\"Revista Apartes (edi\u00e7\u00f5es anteriores)\",\"description\":\"Revista Apartes (edi\u00e7\u00f5es anteriores)\",\"potentialAction\":[{\"@type\":\"SearchAction\",\"target\":{\"@type\":\"EntryPoint\",\"urlTemplate\":\"https:\\\/\\\/homolog.saopaulo.sp.leg.br\\\/apartes-anteriores\\\/?s={search_term_string}\"},\"query-input\":{\"@type\":\"PropertyValueSpecification\",\"valueRequired\":true,\"valueName\":\"search_term_string\"}}],\"inLanguage\":\"pt-BR\"}]}<\/script>\r\n<!-- \/ Yoast SEO plugin. -->","yoast_head_json":{"title":"N\u00ba02 - Comunica\u00e7\u00e3o - Revista Apartes (edi\u00e7\u00f5es anteriores)","robots":{"index":"noindex","follow":"follow","max-snippet":"max-snippet:-1","max-image-preview":"max-image-preview:large","max-video-preview":"max-video-preview:-1"},"og_locale":"pt_BR","og_type":"article","og_title":"Web R\u00e1dio C\u00e2mara estreia grade ao vivo","og_description":"Cidad\u00e3o pode acompanhar na internet o que ocorre no Parlamento paulistano","og_url":"https:\/\/www.saopaulo.sp.leg.br\/apartes-anteriores\/revista-apartes\/numero-2-outubro2013\/no02-web-radio-camara-estreia-grade-ao-vivo\/","og_site_name":"Revista Apartes (edi\u00e7\u00f5es anteriores)","article_publisher":"https:\/\/www.facebook.com\/RevistaApartes\/","article_modified_time":"2021-10-06T19:58:37+00:00","og_image":[{"url":"http:\/\/www.saopaulo.sp.leg.br\/apartes-anteriores\/wp-content\/uploads\/sites\/9\/2016\/11\/apartes_n02_32-250x300.jpg","type":"","width":"","height":""}],"twitter_card":"summary_large_image","twitter_title":"Web R\u00e1dio C\u00e2mara estreia grade ao vivo","twitter_description":"Cidad\u00e3o pode acompanhar na internet o que ocorre no Parlamento paulistano","twitter_site":"@revistaapartes","twitter_misc":{"Est. tempo de leitura":"2 minutos"},"schema":{"@context":"https:\/\/schema.org","@graph":[{"@type":"WebPage","@id":"https:\/\/www.saopaulo.sp.leg.br\/apartes-anteriores\/revista-apartes\/numero-2-outubro2013\/no02-web-radio-camara-estreia-grade-ao-vivo\/","url":"https:\/\/www.saopaulo.sp.leg.br\/apartes-anteriores\/revista-apartes\/numero-2-outubro2013\/no02-web-radio-camara-estreia-grade-ao-vivo\/","name":"N\u00ba02 - Comunica\u00e7\u00e3o - Revista Apartes (edi\u00e7\u00f5es anteriores)","isPartOf":{"@id":"https:\/\/homolog.saopaulo.sp.leg.br\/apartes-anteriores\/#website"},"primaryImageOfPage":{"@id":"https:\/\/www.saopaulo.sp.leg.br\/apartes-anteriores\/revista-apartes\/numero-2-outubro2013\/no02-web-radio-camara-estreia-grade-ao-vivo\/#primaryimage"},"image":{"@id":"https:\/\/www.saopaulo.sp.leg.br\/apartes-anteriores\/revista-apartes\/numero-2-outubro2013\/no02-web-radio-camara-estreia-grade-ao-vivo\/#primaryimage"},"thumbnailUrl":"http:\/\/homolog.saopaulo.sp.leg.br\/apartes-anteriores\/wp-content\/uploads\/sites\/9\/2016\/11\/apartes_n02_32-250x300.jpg","datePublished":"2016-11-17T18:10:29+00:00","dateModified":"2021-10-06T19:58:37+00:00","breadcrumb":{"@id":"https:\/\/www.saopaulo.sp.leg.br\/apartes-anteriores\/revista-apartes\/numero-2-outubro2013\/no02-web-radio-camara-estreia-grade-ao-vivo\/#breadcrumb"},"inLanguage":"pt-BR","potentialAction":[{"@type":"ReadAction","target":["https:\/\/www.saopaulo.sp.leg.br\/apartes-anteriores\/revista-apartes\/numero-2-outubro2013\/no02-web-radio-camara-estreia-grade-ao-vivo\/"]}]},{"@type":"ImageObject","inLanguage":"pt-BR","@id":"https:\/\/www.saopaulo.sp.leg.br\/apartes-anteriores\/revista-apartes\/numero-2-outubro2013\/no02-web-radio-camara-estreia-grade-ao-vivo\/#primaryimage","url":"https:\/\/homolog.saopaulo.sp.leg.br\/apartes-anteriores\/wp-content\/uploads\/sites\/9\/2016\/11\/apartes_n02_32.jpg","contentUrl":"https:\/\/homolog.saopaulo.sp.leg.br\/apartes-anteriores\/wp-content\/uploads\/sites\/9\/2016\/11\/apartes_n02_32.jpg","width":1032,"height":1236},{"@type":"BreadcrumbList","@id":"https:\/\/www.saopaulo.sp.leg.br\/apartes-anteriores\/revista-apartes\/numero-2-outubro2013\/no02-web-radio-camara-estreia-grade-ao-vivo\/#breadcrumb","itemListElement":[{"@type":"ListItem","position":1,"name":"Home","item":"https:\/\/www.saopaulo.sp.leg.br\/apartes-anteriores\/"},{"@type":"ListItem","position":2,"name":"Revista Apartes","item":"https:\/\/www.saopaulo.sp.leg.br\/apartes-anteriores\/"},{"@type":"ListItem","position":3,"name":"N\u00famero 02 &#8211; out\/2013","item":"https:\/\/www.saopaulo.sp.leg.br\/apartes-anteriores\/revista-apartes\/numero-2-outubro2013\/"},{"@type":"ListItem","position":4,"name":"N\u00ba02 &#8211; Comunica\u00e7\u00e3o"}]},{"@type":"WebSite","@id":"https:\/\/homolog.saopaulo.sp.leg.br\/apartes-anteriores\/#website","url":"https:\/\/homolog.saopaulo.sp.leg.br\/apartes-anteriores\/","name":"Revista Apartes (edi\u00e7\u00f5es anteriores)","description":"Revista Apartes (edi\u00e7\u00f5es anteriores)","potentialAction":[{"@type":"SearchAction","target":{"@type":"EntryPoint","urlTemplate":"https:\/\/homolog.saopaulo.sp.leg.br\/apartes-anteriores\/?s={search_term_string}"},"query-input":{"@type":"PropertyValueSpecification","valueRequired":true,"valueName":"search_term_string"}}],"inLanguage":"pt-BR"}]}},"_links":{"self":[{"href":"https:\/\/homolog.saopaulo.sp.leg.br\/apartes-anteriores\/wp-json\/wp\/v2\/pages\/37545","targetHints":{"allow":["GET"]}}],"collection":[{"href":"https:\/\/homolog.saopaulo.sp.leg.br\/apartes-anteriores\/wp-json\/wp\/v2\/pages"}],"about":[{"href":"https:\/\/homolog.saopaulo.sp.leg.br\/apartes-anteriores\/wp-json\/wp\/v2\/types\/page"}],"author":[{"embeddable":true,"href":"https:\/\/homolog.saopaulo.sp.leg.br\/apartes-anteriores\/wp-json\/wp\/v2\/users\/109"}],"replies":[{"embeddable":true,"href":"https:\/\/homolog.saopaulo.sp.leg.br\/apartes-anteriores\/wp-json\/wp\/v2\/comments?post=37545"}],"version-history":[{"count":5,"href":"https:\/\/homolog.saopaulo.sp.leg.br\/apartes-anteriores\/wp-json\/wp\/v2\/pages\/37545\/revisions"}],"predecessor-version":[{"id":42123,"href":"https:\/\/homolog.saopaulo.sp.leg.br\/apartes-anteriores\/wp-json\/wp\/v2\/pages\/37545\/revisions\/42123"}],"up":[{"embeddable":true,"href":"https:\/\/homolog.saopaulo.sp.leg.br\/apartes-anteriores\/wp-json\/wp\/v2\/pages\/24341"}],"wp:attachment":[{"href":"https:\/\/homolog.saopaulo.sp.leg.br\/apartes-anteriores\/wp-json\/wp\/v2\/media?parent=37545"}],"curies":[{"name":"wp","href":"https:\/\/api.w.org\/{rel}","templated":true}]}}