{"id":37608,"date":"2016-11-17T19:28:23","date_gmt":"2016-11-17T21:28:23","guid":{"rendered":"http:\/\/homolog.saopaulo.sp.leg.br\/apartes-anteriores\/?page_id=37608"},"modified":"2016-11-30T17:44:27","modified_gmt":"2016-11-30T19:44:27","slug":"n02-profissionais-discutem-rumos-da-comunicacao","status":"publish","type":"page","link":"https:\/\/homolog.saopaulo.sp.leg.br\/apartes-anteriores\/revista-apartes\/numero-2-outubro2013\/n02-profissionais-discutem-rumos-da-comunicacao\/","title":{"rendered":"N\u00b002 &#8211; Evento"},"content":{"rendered":"<h1><strong><span style=\"color: #800000\">Profissionais discutem\u00a0rumos da comunica\u00e7\u00e3o<\/span><\/strong><\/h1>\n<h2>Debate ocorreu na cerim\u00f4nia de comemora\u00e7\u00e3o dos 18 anos do informativo <em>Jornalistas&amp;Cia<\/em><\/h2>\n<p><strong>S\u00e2ndor Vasconcelos<\/strong> | <a href=\"mailto:sandor@saopaulo.sp.leg.br\">sandor@saopaulo.sp.leg.br<\/a><\/p>\n<p><!-- imagem TOTAL - com legenda - CENTRALIZADA --><\/p>\n<div style=\"width: 100%;margin-right: 1.5em;margin-bottom: 1.5em\">\n<div style=\"padding: 5px;background-color: #eee !important\">\n<p><a href=\"http:\/\/homolog.saopaulo.sp.leg.br\/apartes-anteriores\/wp-content\/uploads\/sites\/9\/2016\/11\/apartes_n02_48.jpg\"><img loading=\"lazy\" decoding=\"async\" class=\"aligncenter wp-image-37425 size-full\" src=\"http:\/\/homolog.saopaulo.sp.leg.br\/apartes-anteriores\/wp-content\/uploads\/sites\/9\/2016\/11\/apartes_n02_48.jpg\" width=\"1830\" height=\"976\" srcset=\"https:\/\/homolog.saopaulo.sp.leg.br\/apartes-anteriores\/wp-content\/uploads\/sites\/9\/2016\/11\/apartes_n02_48.jpg 1830w, https:\/\/homolog.saopaulo.sp.leg.br\/apartes-anteriores\/wp-content\/uploads\/sites\/9\/2016\/11\/apartes_n02_48-300x160.jpg 300w, https:\/\/homolog.saopaulo.sp.leg.br\/apartes-anteriores\/wp-content\/uploads\/sites\/9\/2016\/11\/apartes_n02_48-768x410.jpg 768w, https:\/\/homolog.saopaulo.sp.leg.br\/apartes-anteriores\/wp-content\/uploads\/sites\/9\/2016\/11\/apartes_n02_48-1024x546.jpg 1024w\" sizes=\"auto, (max-width: 1830px) 100vw, 1830px\" \/><\/a><\/p>\n<p style=\"font-size: 0.8em;line-height: 1.1em;text-align: center;margin: -1.5em 0px 7px 0px;color: #333;!important;background-color: transparent !important\" align=\"center\">Futuro: Evento no Plen\u00e1rio 1\u00ba de Maio apontou tend\u00eancias da \u00e1rea<\/p>\n<\/div>\n<p style=\"font-size: 0.5em;line-height: 1.1em;text-align: right;margin: 4px 0px 7px 0px;background-color: transparent !important\">Marcelo Ximenez\/CMSP<\/p>\n<\/div>\n<p><!-- imagem TOTAL - com legenda - CENTRALIZADA --><\/p>\n<p>No dia 23 de setembro, o Plen\u00e1rio 1\u00ba de Maio da C\u00e2mara Municipal de S\u00e3o Paulo (CMSP) recebeu grandes profissionais da comunica\u00e7\u00e3o brasileira para celebrar os 18 anos do informativo <em>Jornalistas&amp;Cia<\/em>. Al\u00e9m da comemora\u00e7\u00e3o, ocorreu o debate <em>A Comunica\u00e7\u00e3o em Tempos de Mobilidade e Redes Sociais<\/em>.<\/p>\n<p>A sess\u00e3o solene foi comandada pelo presidente da C\u00e2mara, o vereador e jornalista Jos\u00e9 Am\u00e9rico (PT). Segundo ele, al\u00e9m de se preocupar com o futuro do jornalismo, o Brasil precisa democratizar os meios de comunica\u00e7\u00e3o, que hoje est\u00e3o \u201cnas m\u00e3os de apenas algumas fam\u00edlias e empresas\u201d. Am\u00e9rico ressaltou tamb\u00e9m que, mesmo com o crescimento das redes sociais e maior facilidade para se encontrar mais fontes de informa\u00e7\u00e3o, o p\u00fablico ainda procura as not\u00edcias nos ve\u00edculos tradicionais. \u201cSegundo pesquisas, nas \u00faltimas manifesta\u00e7\u00f5es o Twitter e o Facebook mais acessados foram os da Folha, do Estad\u00e3o e da Globo\u201d, disse o presidente.<\/p>\n<p>O diretor do <em>Jornalistas&amp;Cia,<\/em> Eduardo Ribeiro, enfatizou a notoriedade que o \u201cjornalismo de irrelev\u00e2ncia\u201d vem ganhando. J\u00e1 o jornalista Aud\u00e1lio Dantas, primeiro assinante do informativo, em 1995, acredita que as empresas de comunica\u00e7\u00e3o v\u00eam cometendo um grande erro ao dispensar profissionais experientes, com maior capacidade de apura\u00e7\u00e3o da informa\u00e7\u00e3o. Para Dantas, independentemente da plataforma utilizada, o importante \u00e9 a forma como se faz a not\u00edcia. \u201cA informa\u00e7\u00e3o prestada no calor dos acontecimentos n\u00e3o fica livre das paix\u00f5es do momento\u201d, opinou Aud\u00e1lio, sobre o jornalismo feito, principalmente, nos meios digitais.<\/p>\n<p>Em contrapartida \u00e0 opini\u00e3o de Aud\u00e1lio Dantas, o professor da Escola de Comunica\u00e7\u00e3o e Artes da Universidade de S\u00e3o Paulo (ECA-USP) Manoel Carlos Chaparro analisa positivamente a dissemina\u00e7\u00e3o instant\u00e2nea das not\u00edcias, \u201cespalhadas ao mundo por qualquer cidad\u00e3o\u201d. Para ele, desapareceu o intervalo entre o acontecimento e a not\u00edcia. \u201cQuando (o presidente norte-americano) Lincoln morreu, em 1865, a informa\u00e7\u00e3o demorou 13 dias para chegar \u00e0 Europa. A derrubada das torres g\u00eameas (em 2001, na cidade de Nova York) foi vista no momento e produziu mudan\u00e7as imediatas\u201d, exemplificou o professor. Chaparro acredita que esse avan\u00e7o da comunica\u00e7\u00e3o valoriza ainda mais a fun\u00e7\u00e3o dos jornalistas, que precisam estar presentes na origem dos acontecimentos.<\/p>\n<p><!-- imagem TOTAL - com legenda - CENTRALIZADA --><\/p>\n<div style=\"width: 100%;margin-right: 1.5em;margin-bottom: 1.5em\">\n<div style=\"padding: 5px;background-color: #eee !important\">\n<p><a href=\"http:\/\/homolog.saopaulo.sp.leg.br\/apartes-anteriores\/wp-content\/uploads\/sites\/9\/2016\/11\/apartes_n02_50.jpg\"><img loading=\"lazy\" decoding=\"async\" class=\"aligncenter wp-image-37427 size-full\" src=\"http:\/\/homolog.saopaulo.sp.leg.br\/apartes-anteriores\/wp-content\/uploads\/sites\/9\/2016\/11\/apartes_n02_50.jpg\" width=\"1572\" height=\"944\" srcset=\"https:\/\/homolog.saopaulo.sp.leg.br\/apartes-anteriores\/wp-content\/uploads\/sites\/9\/2016\/11\/apartes_n02_50.jpg 1572w, https:\/\/homolog.saopaulo.sp.leg.br\/apartes-anteriores\/wp-content\/uploads\/sites\/9\/2016\/11\/apartes_n02_50-300x180.jpg 300w, https:\/\/homolog.saopaulo.sp.leg.br\/apartes-anteriores\/wp-content\/uploads\/sites\/9\/2016\/11\/apartes_n02_50-768x461.jpg 768w, https:\/\/homolog.saopaulo.sp.leg.br\/apartes-anteriores\/wp-content\/uploads\/sites\/9\/2016\/11\/apartes_n02_50-1024x615.jpg 1024w\" sizes=\"auto, (max-width: 1572px) 100vw, 1572px\" \/><\/a><\/p>\n<p style=\"font-size: 0.8em;line-height: 1.1em;text-align: center;margin: -1.5em 0px 7px 0px;color: #333;!important;background-color: transparent !important\" align=\"center\">MESA: Da esquerda para direita, Marco Ant\u00f4nio Rossi, D\u00e9cio Manso, Manoel Chaparro, Eduardo Ribeiro, Jos\u00e9 Am\u00e9rico, Eliseu Gabriel, Aud\u00e1lio Dantas, Carlos Henrique Carvalho e Carlos Alberto di Franco<\/p>\n<\/div>\n<p style=\"font-size: 0.5em;line-height: 1.1em;text-align: right;margin: 4px 0px 7px 0px;background-color: transparent !important\">Marcelo Ximenez\/CMSP<\/p>\n<\/div>\n<p><!-- imagem TOTAL - com legenda - CENTRALIZADA --><\/p>\n<p>D\u00e9cio Paes Manso, s\u00f3cio do grupo de comunica\u00e7\u00e3o Maxpress, e o articulista Carlos Alberto di Franco, dos jornais <em>O Estado de S.Paulo<\/em> e <em>O Globo<\/em>, acreditam que, com a \u201conda avassaladora\u201d da tecnologia, a quest\u00e3o de ordem do jornalismo \u00e9 como atrair as pessoas. \u201cTemos de pensar na comunica\u00e7\u00e3o para uma gera\u00e7\u00e3o que escuta, digita e posta ao mesmo tempo\u201d, enfatizou Manso. J\u00e1 Franco aposta na antecipa\u00e7\u00e3o e na elabora\u00e7\u00e3o de um jornalismo de tend\u00eancias. \u201cNo fundo, \u00e9 contar boas hist\u00f3rias. O bom rep\u00f3rter ilumina a cena, o mau constr\u00f3i a hist\u00f3ria. Qualidade atrai, vende, \u00e9 para sempre\u201d, finalizou o articulista.<\/p>\n<p>Ainda compuseram a mesa do evento o vereador licenciado e atual secret\u00e1rio de Desenvolvimento Econ\u00f4mico e do Trabalho do Munic\u00edpio de S\u00e3o Paulo, Eliseu Gabriel (PSB), Carlos Henrique Carvalho, presidente da Associa\u00e7\u00e3o Brasileira das Ag\u00eancias de Comunica\u00e7\u00e3o (Abracom), e Marco Ant\u00f4nio Rossi, diretor da Mega Brasil Comunica\u00e7\u00e3o.<\/p>\n","protected":false},"excerpt":{"rendered":"<p>Profissionais discutem\u00a0rumos da comunica\u00e7\u00e3o Debate ocorreu na cerim\u00f4nia de comemora\u00e7\u00e3o dos 18 anos do informativo Jornalistas&amp;Cia S\u00e2ndor Vasconcelos | sandor@saopaulo.sp.leg.br Futuro: Evento no Plen\u00e1rio 1\u00ba de Maio apontou tend\u00eancias da \u00e1rea Marcelo Ximenez\/CMSP No dia 23 de setembro, o Plen\u00e1rio 1\u00ba de Maio da C\u00e2mara Municipal de S\u00e3o Paulo (CMSP) recebeu grandes profissionais da comunica\u00e7\u00e3o [&hellip;]<\/p>\n","protected":false},"author":109,"featured_media":0,"parent":24341,"menu_order":0,"comment_status":"closed","ping_status":"closed","template":"","meta":{"footnotes":""},"class_list":["post-37608","page","type-page","status-publish","hentry"],"meta_all":{"_edit_lock":["1480535073:109"],"_edit_last":["109"],"_wp_page_template":["default"],"_yoast_wpseo_content_score":["30"],"_cmsp_page_download-files":["a:1:{i:0;a:1:{s:4:\"type\";s:3:\"pdf\";}}"],"_yoast_wpseo_opengraph-title":["Profissionais discutem\u00a0rumos da comunica\u00e7\u00e3o"],"_yoast_wpseo_opengraph-description":["Debate ocorreu na cerim\u00f4nia de comemora\u00e7\u00e3o dos 18 anos do informativo Jornalistas&Cia"],"_yoast_wpseo_twitter-title":["Profissionais discutem\u00a0rumos da comunica\u00e7\u00e3o"],"_yoast_wpseo_twitter-description":["Debate ocorreu na cerim\u00f4nia de comemora\u00e7\u00e3o dos 18 anos do informativo Jornalistas&Cia"]},"meta_all_2":{"_edit_lock":["1480535073:109"],"_edit_last":["109"],"_wp_page_template":["default"],"_yoast_wpseo_content_score":["30"],"_cmsp_page_download-files":["a:1:{i:0;a:1:{s:4:\"type\";s:3:\"pdf\";}}"],"_yoast_wpseo_opengraph-title":["Profissionais discutem\u00a0rumos da comunica\u00e7\u00e3o"],"_yoast_wpseo_opengraph-description":["Debate ocorreu na cerim\u00f4nia de comemora\u00e7\u00e3o dos 18 anos do informativo Jornalistas&Cia"],"_yoast_wpseo_twitter-title":["Profissionais discutem\u00a0rumos da comunica\u00e7\u00e3o"],"_yoast_wpseo_twitter-description":["Debate ocorreu na cerim\u00f4nia de comemora\u00e7\u00e3o dos 18 anos do informativo Jornalistas&Cia"]},"yoast_head":"<!-- This site is optimized with the Yoast SEO plugin v27.4 - https:\/\/yoast.com\/product\/yoast-seo-wordpress\/ -->\r\n<title>N\u00b002 - Evento - Revista Apartes (edi\u00e7\u00f5es anteriores)<\/title>\r\n<meta name=\"robots\" content=\"noindex, follow, max-snippet:-1, max-image-preview:large, max-video-preview:-1\" \/>\r\n<meta property=\"og:locale\" content=\"pt_BR\" \/>\r\n<meta property=\"og:type\" content=\"article\" \/>\r\n<meta property=\"og:title\" content=\"Profissionais discutem\u00a0rumos da comunica\u00e7\u00e3o\" \/>\r\n<meta property=\"og:description\" content=\"Debate ocorreu na cerim\u00f4nia de comemora\u00e7\u00e3o dos 18 anos do informativo Jornalistas&amp;Cia\" \/>\r\n<meta property=\"og:url\" content=\"https:\/\/www.saopaulo.sp.leg.br\/apartes-anteriores\/revista-apartes\/numero-2-outubro2013\/n02-profissionais-discutem-rumos-da-comunicacao\/\" \/>\r\n<meta property=\"og:site_name\" content=\"Revista Apartes (edi\u00e7\u00f5es anteriores)\" \/>\r\n<meta property=\"article:publisher\" content=\"https:\/\/www.facebook.com\/RevistaApartes\/\" \/>\r\n<meta property=\"article:modified_time\" content=\"2016-11-30T19:44:27+00:00\" \/>\r\n<meta property=\"og:image\" content=\"http:\/\/www.saopaulo.sp.leg.br\/apartes-anteriores\/wp-content\/uploads\/sites\/9\/2016\/11\/apartes_n02_48.jpg\" \/>\r\n<meta name=\"twitter:card\" content=\"summary_large_image\" \/>\r\n<meta name=\"twitter:title\" content=\"Profissionais discutem\u00a0rumos da comunica\u00e7\u00e3o\" \/>\r\n<meta name=\"twitter:description\" content=\"Debate ocorreu na cerim\u00f4nia de comemora\u00e7\u00e3o dos 18 anos do informativo Jornalistas&amp;Cia\" \/>\r\n<meta name=\"twitter:site\" content=\"@revistaapartes\" \/>\r\n<meta name=\"twitter:label1\" content=\"Est. tempo de leitura\" \/>\n\t<meta name=\"twitter:data1\" content=\"3 minutos\" \/>\r\n<script type=\"application\/ld+json\" class=\"yoast-schema-graph\">{\"@context\":\"https:\\\/\\\/schema.org\",\"@graph\":[{\"@type\":\"WebPage\",\"@id\":\"https:\\\/\\\/www.saopaulo.sp.leg.br\\\/apartes-anteriores\\\/revista-apartes\\\/numero-2-outubro2013\\\/n02-profissionais-discutem-rumos-da-comunicacao\\\/\",\"url\":\"https:\\\/\\\/www.saopaulo.sp.leg.br\\\/apartes-anteriores\\\/revista-apartes\\\/numero-2-outubro2013\\\/n02-profissionais-discutem-rumos-da-comunicacao\\\/\",\"name\":\"N\u00b002 - Evento - Revista Apartes (edi\u00e7\u00f5es anteriores)\",\"isPartOf\":{\"@id\":\"https:\\\/\\\/homolog.saopaulo.sp.leg.br\\\/apartes-anteriores\\\/#website\"},\"primaryImageOfPage\":{\"@id\":\"https:\\\/\\\/www.saopaulo.sp.leg.br\\\/apartes-anteriores\\\/revista-apartes\\\/numero-2-outubro2013\\\/n02-profissionais-discutem-rumos-da-comunicacao\\\/#primaryimage\"},\"image\":{\"@id\":\"https:\\\/\\\/www.saopaulo.sp.leg.br\\\/apartes-anteriores\\\/revista-apartes\\\/numero-2-outubro2013\\\/n02-profissionais-discutem-rumos-da-comunicacao\\\/#primaryimage\"},\"thumbnailUrl\":\"http:\\\/\\\/homolog.saopaulo.sp.leg.br\\\/apartes-anteriores\\\/wp-content\\\/uploads\\\/sites\\\/9\\\/2016\\\/11\\\/apartes_n02_48.jpg\",\"datePublished\":\"2016-11-17T21:28:23+00:00\",\"dateModified\":\"2016-11-30T19:44:27+00:00\",\"breadcrumb\":{\"@id\":\"https:\\\/\\\/www.saopaulo.sp.leg.br\\\/apartes-anteriores\\\/revista-apartes\\\/numero-2-outubro2013\\\/n02-profissionais-discutem-rumos-da-comunicacao\\\/#breadcrumb\"},\"inLanguage\":\"pt-BR\",\"potentialAction\":[{\"@type\":\"ReadAction\",\"target\":[\"https:\\\/\\\/www.saopaulo.sp.leg.br\\\/apartes-anteriores\\\/revista-apartes\\\/numero-2-outubro2013\\\/n02-profissionais-discutem-rumos-da-comunicacao\\\/\"]}]},{\"@type\":\"ImageObject\",\"inLanguage\":\"pt-BR\",\"@id\":\"https:\\\/\\\/www.saopaulo.sp.leg.br\\\/apartes-anteriores\\\/revista-apartes\\\/numero-2-outubro2013\\\/n02-profissionais-discutem-rumos-da-comunicacao\\\/#primaryimage\",\"url\":\"https:\\\/\\\/homolog.saopaulo.sp.leg.br\\\/apartes-anteriores\\\/wp-content\\\/uploads\\\/sites\\\/9\\\/2016\\\/11\\\/apartes_n02_48.jpg\",\"contentUrl\":\"https:\\\/\\\/homolog.saopaulo.sp.leg.br\\\/apartes-anteriores\\\/wp-content\\\/uploads\\\/sites\\\/9\\\/2016\\\/11\\\/apartes_n02_48.jpg\",\"width\":1830,\"height\":976},{\"@type\":\"BreadcrumbList\",\"@id\":\"https:\\\/\\\/www.saopaulo.sp.leg.br\\\/apartes-anteriores\\\/revista-apartes\\\/numero-2-outubro2013\\\/n02-profissionais-discutem-rumos-da-comunicacao\\\/#breadcrumb\",\"itemListElement\":[{\"@type\":\"ListItem\",\"position\":1,\"name\":\"Home\",\"item\":\"https:\\\/\\\/www.saopaulo.sp.leg.br\\\/apartes-anteriores\\\/\"},{\"@type\":\"ListItem\",\"position\":2,\"name\":\"Revista Apartes\",\"item\":\"https:\\\/\\\/www.saopaulo.sp.leg.br\\\/apartes-anteriores\\\/\"},{\"@type\":\"ListItem\",\"position\":3,\"name\":\"N\u00famero 02 &#8211; out\\\/2013\",\"item\":\"https:\\\/\\\/www.saopaulo.sp.leg.br\\\/apartes-anteriores\\\/revista-apartes\\\/numero-2-outubro2013\\\/\"},{\"@type\":\"ListItem\",\"position\":4,\"name\":\"N\u00b002 &#8211; Evento\"}]},{\"@type\":\"WebSite\",\"@id\":\"https:\\\/\\\/homolog.saopaulo.sp.leg.br\\\/apartes-anteriores\\\/#website\",\"url\":\"https:\\\/\\\/homolog.saopaulo.sp.leg.br\\\/apartes-anteriores\\\/\",\"name\":\"Revista Apartes (edi\u00e7\u00f5es anteriores)\",\"description\":\"Revista Apartes (edi\u00e7\u00f5es anteriores)\",\"potentialAction\":[{\"@type\":\"SearchAction\",\"target\":{\"@type\":\"EntryPoint\",\"urlTemplate\":\"https:\\\/\\\/homolog.saopaulo.sp.leg.br\\\/apartes-anteriores\\\/?s={search_term_string}\"},\"query-input\":{\"@type\":\"PropertyValueSpecification\",\"valueRequired\":true,\"valueName\":\"search_term_string\"}}],\"inLanguage\":\"pt-BR\"}]}<\/script>\r\n<!-- \/ Yoast SEO plugin. -->","yoast_head_json":{"title":"N\u00b002 - Evento - Revista Apartes (edi\u00e7\u00f5es anteriores)","robots":{"index":"noindex","follow":"follow","max-snippet":"max-snippet:-1","max-image-preview":"max-image-preview:large","max-video-preview":"max-video-preview:-1"},"og_locale":"pt_BR","og_type":"article","og_title":"Profissionais discutem\u00a0rumos da comunica\u00e7\u00e3o","og_description":"Debate ocorreu na cerim\u00f4nia de comemora\u00e7\u00e3o dos 18 anos do informativo Jornalistas&Cia","og_url":"https:\/\/www.saopaulo.sp.leg.br\/apartes-anteriores\/revista-apartes\/numero-2-outubro2013\/n02-profissionais-discutem-rumos-da-comunicacao\/","og_site_name":"Revista Apartes (edi\u00e7\u00f5es anteriores)","article_publisher":"https:\/\/www.facebook.com\/RevistaApartes\/","article_modified_time":"2016-11-30T19:44:27+00:00","og_image":[{"url":"http:\/\/www.saopaulo.sp.leg.br\/apartes-anteriores\/wp-content\/uploads\/sites\/9\/2016\/11\/apartes_n02_48.jpg","type":"","width":"","height":""}],"twitter_card":"summary_large_image","twitter_title":"Profissionais discutem\u00a0rumos da comunica\u00e7\u00e3o","twitter_description":"Debate ocorreu na cerim\u00f4nia de comemora\u00e7\u00e3o dos 18 anos do informativo Jornalistas&Cia","twitter_site":"@revistaapartes","twitter_misc":{"Est. tempo de leitura":"3 minutos"},"schema":{"@context":"https:\/\/schema.org","@graph":[{"@type":"WebPage","@id":"https:\/\/www.saopaulo.sp.leg.br\/apartes-anteriores\/revista-apartes\/numero-2-outubro2013\/n02-profissionais-discutem-rumos-da-comunicacao\/","url":"https:\/\/www.saopaulo.sp.leg.br\/apartes-anteriores\/revista-apartes\/numero-2-outubro2013\/n02-profissionais-discutem-rumos-da-comunicacao\/","name":"N\u00b002 - Evento - Revista Apartes (edi\u00e7\u00f5es anteriores)","isPartOf":{"@id":"https:\/\/homolog.saopaulo.sp.leg.br\/apartes-anteriores\/#website"},"primaryImageOfPage":{"@id":"https:\/\/www.saopaulo.sp.leg.br\/apartes-anteriores\/revista-apartes\/numero-2-outubro2013\/n02-profissionais-discutem-rumos-da-comunicacao\/#primaryimage"},"image":{"@id":"https:\/\/www.saopaulo.sp.leg.br\/apartes-anteriores\/revista-apartes\/numero-2-outubro2013\/n02-profissionais-discutem-rumos-da-comunicacao\/#primaryimage"},"thumbnailUrl":"http:\/\/homolog.saopaulo.sp.leg.br\/apartes-anteriores\/wp-content\/uploads\/sites\/9\/2016\/11\/apartes_n02_48.jpg","datePublished":"2016-11-17T21:28:23+00:00","dateModified":"2016-11-30T19:44:27+00:00","breadcrumb":{"@id":"https:\/\/www.saopaulo.sp.leg.br\/apartes-anteriores\/revista-apartes\/numero-2-outubro2013\/n02-profissionais-discutem-rumos-da-comunicacao\/#breadcrumb"},"inLanguage":"pt-BR","potentialAction":[{"@type":"ReadAction","target":["https:\/\/www.saopaulo.sp.leg.br\/apartes-anteriores\/revista-apartes\/numero-2-outubro2013\/n02-profissionais-discutem-rumos-da-comunicacao\/"]}]},{"@type":"ImageObject","inLanguage":"pt-BR","@id":"https:\/\/www.saopaulo.sp.leg.br\/apartes-anteriores\/revista-apartes\/numero-2-outubro2013\/n02-profissionais-discutem-rumos-da-comunicacao\/#primaryimage","url":"https:\/\/homolog.saopaulo.sp.leg.br\/apartes-anteriores\/wp-content\/uploads\/sites\/9\/2016\/11\/apartes_n02_48.jpg","contentUrl":"https:\/\/homolog.saopaulo.sp.leg.br\/apartes-anteriores\/wp-content\/uploads\/sites\/9\/2016\/11\/apartes_n02_48.jpg","width":1830,"height":976},{"@type":"BreadcrumbList","@id":"https:\/\/www.saopaulo.sp.leg.br\/apartes-anteriores\/revista-apartes\/numero-2-outubro2013\/n02-profissionais-discutem-rumos-da-comunicacao\/#breadcrumb","itemListElement":[{"@type":"ListItem","position":1,"name":"Home","item":"https:\/\/www.saopaulo.sp.leg.br\/apartes-anteriores\/"},{"@type":"ListItem","position":2,"name":"Revista Apartes","item":"https:\/\/www.saopaulo.sp.leg.br\/apartes-anteriores\/"},{"@type":"ListItem","position":3,"name":"N\u00famero 02 &#8211; out\/2013","item":"https:\/\/www.saopaulo.sp.leg.br\/apartes-anteriores\/revista-apartes\/numero-2-outubro2013\/"},{"@type":"ListItem","position":4,"name":"N\u00b002 &#8211; Evento"}]},{"@type":"WebSite","@id":"https:\/\/homolog.saopaulo.sp.leg.br\/apartes-anteriores\/#website","url":"https:\/\/homolog.saopaulo.sp.leg.br\/apartes-anteriores\/","name":"Revista Apartes (edi\u00e7\u00f5es anteriores)","description":"Revista Apartes (edi\u00e7\u00f5es anteriores)","potentialAction":[{"@type":"SearchAction","target":{"@type":"EntryPoint","urlTemplate":"https:\/\/homolog.saopaulo.sp.leg.br\/apartes-anteriores\/?s={search_term_string}"},"query-input":{"@type":"PropertyValueSpecification","valueRequired":true,"valueName":"search_term_string"}}],"inLanguage":"pt-BR"}]}},"_links":{"self":[{"href":"https:\/\/homolog.saopaulo.sp.leg.br\/apartes-anteriores\/wp-json\/wp\/v2\/pages\/37608","targetHints":{"allow":["GET"]}}],"collection":[{"href":"https:\/\/homolog.saopaulo.sp.leg.br\/apartes-anteriores\/wp-json\/wp\/v2\/pages"}],"about":[{"href":"https:\/\/homolog.saopaulo.sp.leg.br\/apartes-anteriores\/wp-json\/wp\/v2\/types\/page"}],"author":[{"embeddable":true,"href":"https:\/\/homolog.saopaulo.sp.leg.br\/apartes-anteriores\/wp-json\/wp\/v2\/users\/109"}],"replies":[{"embeddable":true,"href":"https:\/\/homolog.saopaulo.sp.leg.br\/apartes-anteriores\/wp-json\/wp\/v2\/comments?post=37608"}],"version-history":[{"count":5,"href":"https:\/\/homolog.saopaulo.sp.leg.br\/apartes-anteriores\/wp-json\/wp\/v2\/pages\/37608\/revisions"}],"predecessor-version":[{"id":38467,"href":"https:\/\/homolog.saopaulo.sp.leg.br\/apartes-anteriores\/wp-json\/wp\/v2\/pages\/37608\/revisions\/38467"}],"up":[{"embeddable":true,"href":"https:\/\/homolog.saopaulo.sp.leg.br\/apartes-anteriores\/wp-json\/wp\/v2\/pages\/24341"}],"wp:attachment":[{"href":"https:\/\/homolog.saopaulo.sp.leg.br\/apartes-anteriores\/wp-json\/wp\/v2\/media?parent=37608"}],"curies":[{"name":"wp","href":"https:\/\/api.w.org\/{rel}","templated":true}]}}